{"id":4004,"date":"2025-10-17T23:01:56","date_gmt":"2025-10-17T23:01:56","guid":{"rendered":"https:\/\/tecplan.com.es\/product\/camaras-panoramica-in-ceiling\/"},"modified":"2025-10-20T22:41:15","modified_gmt":"2025-10-20T22:41:15","slug":"camaras-panoramica-in-ceiling","status":"publish","type":"product","link":"https:\/\/tecplan.com.es\/en\/product\/camaras-panoramica-in-ceiling\/","title":{"rendered":"C\u00e1maras panor\u00e1mica  IN-CEILING"},"content":{"rendered":"<p style=\"text-align: justify;\"><strong>C\u00e1maras panor\u00e1mica SARIX MULTI IN-CEILING<\/strong><\/p>\n<p style=\"text-align: justify;\">La Sarix Multi Enhanced ofrece una cobertura de 180, 270 o 360 grados desde un \u00fanico punto de observaci\u00f3n, ofreciendo un conocimiento excepcional de la situaci\u00f3n en \u00e1reas extensas utilizando menos c\u00e1maras. Esta c\u00e1mara con capacidad de an\u00e1lisis reduce los puntos ciegos y proporciona vistas panor\u00e1micas de alta calidad en las condiciones de iluminaci\u00f3n m\u00e1s dif\u00edciles.<\/p>\n<p style=\"text-align: justify;\">La c\u00e1mara Pelco Sarix Multi Pro In-Ceiling Mount (interior) proporciona un conocimiento completo de la situaci\u00f3n desde un \u00fanico punto de vista y al mismo tiempo se combina con la est\u00e9tica del espacio, ofreciendo un dise\u00f1o flexible para cubrir m\u00faltiples \u00e1reas desde una ubicaci\u00f3n. Cuenta con opciones de alta resoluci\u00f3n que van desde 9 MP a 32 MP y utiliza la tecnolog\u00eda SureVision para un excelente rendimiento con poca luz y un rango din\u00e1mico verdaderamente amplio, lo que garantiza una visibilidad clara en condiciones de iluminaci\u00f3n desafiantes.<br \/>\nLa c\u00e1mara admite opciones personalizables de campo de visi\u00f3n y distancia focal de lente para una cobertura flexible de amplios espacios interiores.<\/p>\n<p style=\"text-align: justify;\">Est\u00e1 dise\u00f1ado para una f\u00e1cil instalaci\u00f3n y reduce las necesidades de ancho de banda y almacenamiento a trav\u00e9s de la tecnolog\u00eda Pelco Smart Compression sin comprometer la calidad de la imagen, respaldada por una garant\u00eda de 5 a\u00f1os.<\/p>\n<p><!--more--><\/p>\n<h5 style=\"text-align: justify;\"><span style=\"text-decoration: underline;\"><strong>DOWNLOADS<\/strong><\/span><\/h5>\n<ul style=\"text-align: justify;\">\n<li><a href=\"https:\/\/drive.google.com\/file\/d\/1Zq5zTsLufg5OMaN2xGeZ4pbQJPLctteM\/view?usp=sharing\">\u2192 Technical specifications<\/a><\/li>\n<\/ul>","protected":false},"excerpt":{"rendered":"<p style=\"text-align: justify;\"><strong>Sarix Multi Enhanced Montaje en el techo<\/strong><\/p>\n<p style=\"text-align: justify;\">La opci\u00f3n de montaje en el techo ofrece una conciencia situacional superior en un dise\u00f1o de bajo perfil dise\u00f1ado para \u00e1reas interiores. \u00a0Se integra con el liderazgo VMS marcas a<br \/>\ntrav\u00e9s de ONVIF Perfil S, T, G y M. Gestiona el ancho de banda de maneraeficiente con H.264 y H.265 Tecnolog\u00eda de compresi\u00f3n inteligente<\/p>\n<p><!--more--><\/p>\n<p><img decoding=\"async\" class=\"aligncenter\" src=\"https:\/\/tecplan.com.es\/wp-content\/uploads\/2025\/10\/pelco_Mesa-de-trabajo-1.png\" width=\"118\" height=\"40\" \/><\/p>","protected":false},"featured_media":3995,"comment_status":"open","ping_status":"closed","template":"","meta":{"site-sidebar-layout":"default","site-content-layout":"","ast-site-content-layout":"default","site-content-style":"default","site-sidebar-style":"default","ast-global-header-display":"","ast-banner-title-visibility":"","ast-main-header-display":"","ast-hfb-above-header-display":"","ast-hfb-below-header-display":"","ast-hfb-mobile-header-display":"","site-post-title":"","ast-breadcrumbs-content":"","ast-featured-img":"","footer-sml-layout":"","ast-disable-related-posts":"","theme-transparent-header-meta":"default","adv-header-id-meta":"","stick-header-meta":"","header-above-stick-meta":"","header-main-stick-meta":"","header-below-stick-meta":"","astra-migrate-meta-layouts":"set","ast-page-background-enabled":"default","ast-page-background-meta":{"desktop":{"background-color":"var(--ast-global-color-5)","background-image":"","background-repeat":"repeat","background-position":"center center","background-size":"auto","background-attachment":"scroll","background-type":"","background-media":"","overlay-type":"","overlay-color":"","overlay-opacity":"","overlay-gradient":""},"tablet":{"background-color":"","background-image":"","background-repeat":"repeat","background-position":"center center","background-size":"auto","background-attachment":"scroll","background-type":"","background-media":"","overlay-type":"","overlay-color":"","overlay-opacity":"","overlay-gradient":""},"mobile":{"background-color":"","background-image":"","background-repeat":"repeat","background-position":"center center","background-size":"auto","background-attachment":"scroll","background-type":"","background-media":"","overlay-type":"","overlay-color":"","overlay-opacity":"","overlay-gradient":""}},"ast-content-background-meta":{"desktop":{"background-color":"var(--ast-global-color-4)","background-image":"","background-repeat":"repeat","background-position":"center center","background-size":"auto","background-attachment":"scroll","background-type":"","background-media":"","overlay-type":"","overlay-color":"","overlay-opacity":"","overlay-gradient":""},"tablet":{"background-color":"var(--ast-global-color-4)","background-image":"","background-repeat":"repeat","background-position":"center center","background-size":"auto","background-attachment":"scroll","background-type":"","background-media":"","overlay-type":"","overlay-color":"","overlay-opacity":"","overlay-gradient":""},"mobile":{"background-color":"var(--ast-global-color-4)","background-image":"","background-repeat":"repeat","background-position":"center center","background-size":"auto","background-attachment":"scroll","background-type":"","background-media":"","overlay-type":"","overlay-color":"","overlay-opacity":"","overlay-gradient":""}}},"product_brand":[300],"product_cat":[180,195,178],"product_tag":[301],"class_list":{"0":"post-4004","1":"product","2":"type-product","3":"status-publish","4":"has-post-thumbnail","6":"product_brand-pelco","7":"product_cat-cam-pano","8":"product_cat-seguridad","9":"product_cat-vigilancia-gps","10":"product_tag-pelco","11":"desktop-align-left","12":"tablet-align-left","13":"mobile-align-left","15":"first","16":"instock","17":"shipping-taxable","18":"product-type-simple"},"yoast_head":"<!-- This site is optimized with the Yoast SEO plugin v25.3 - https:\/\/yoast.com\/wordpress\/plugins\/seo\/ -->\n<title>C\u00e1maras panor\u00e1mica IN-CEILING - Tecplan<\/title>\n<meta name=\"robots\" content=\"index, follow, max-snippet:-1, max-image-preview:large, max-video-preview:-1\" \/>\n<link rel=\"canonical\" href=\"https:\/\/tecplan.com.es\/en\/product\/camaras-panoramica-in-ceiling\/\" \/>\n<meta property=\"og:locale\" content=\"en_US\" \/>\n<meta property=\"og:type\" content=\"article\" \/>\n<meta property=\"og:title\" content=\"C\u00e1maras panor\u00e1mica IN-CEILING - Tecplan\" \/>\n<meta property=\"og:description\" content=\"Sarix Multi Enhanced Montaje en el techo La opci\u00f3n de montaje en el techo ofrece una conciencia situacional superior en un dise\u00f1o de bajo perfil dise\u00f1ado para \u00e1reas interiores. \u00a0Se integra con el liderazgo VMS marcas a trav\u00e9s de ONVIF Perfil S, T, G y M. Gestiona el ancho de banda de maneraeficiente con H.264 y H.265 Tecnolog\u00eda de compresi\u00f3n inteligente\" \/>\n<meta property=\"og:url\" content=\"https:\/\/tecplan.com.es\/en\/product\/camaras-panoramica-in-ceiling\/\" \/>\n<meta property=\"og:site_name\" content=\"Tecplan\" \/>\n<meta property=\"article:modified_time\" content=\"2025-10-20T22:41:15+00:00\" \/>\n<meta name=\"twitter:card\" content=\"summary_large_image\" \/>\n<meta name=\"twitter:label1\" content=\"Est. reading time\" \/>\n\t<meta name=\"twitter:data1\" content=\"2 minutes\" \/>\n<script type=\"application\/ld+json\" class=\"yoast-schema-graph\">{\"@context\":\"https:\/\/schema.org\",\"@graph\":[{\"@type\":\"WebPage\",\"@id\":\"https:\/\/tecplan.com.es\/product\/camaras-panoramica-in-ceiling\/\",\"url\":\"https:\/\/tecplan.com.es\/product\/camaras-panoramica-in-ceiling\/\",\"name\":\"C\u00e1maras panor\u00e1mica IN-CEILING - Tecplan\",\"isPartOf\":{\"@id\":\"https:\/\/tecplan.com.es\/#website\"},\"primaryImageOfPage\":{\"@id\":\"https:\/\/tecplan.com.es\/product\/camaras-panoramica-in-ceiling\/#primaryimage\"},\"image\":{\"@id\":\"https:\/\/tecplan.com.es\/product\/camaras-panoramica-in-ceiling\/#primaryimage\"},\"thumbnailUrl\":\"https:\/\/tecplan.com.es\/wp-content\/uploads\/2025\/10\/Sarix_Multi_Enh_InCeiling_02.avif\",\"datePublished\":\"2025-10-17T23:01:56+00:00\",\"dateModified\":\"2025-10-20T22:41:15+00:00\",\"breadcrumb\":{\"@id\":\"https:\/\/tecplan.com.es\/product\/camaras-panoramica-in-ceiling\/#breadcrumb\"},\"inLanguage\":\"en-US\",\"potentialAction\":[{\"@type\":\"ReadAction\",\"target\":[\"https:\/\/tecplan.com.es\/product\/camaras-panoramica-in-ceiling\/\"]}]},{\"@type\":\"ImageObject\",\"inLanguage\":\"en-US\",\"@id\":\"https:\/\/tecplan.com.es\/product\/camaras-panoramica-in-ceiling\/#primaryimage\",\"url\":\"https:\/\/tecplan.com.es\/wp-content\/uploads\/2025\/10\/Sarix_Multi_Enh_InCeiling_02.avif\",\"contentUrl\":\"https:\/\/tecplan.com.es\/wp-content\/uploads\/2025\/10\/Sarix_Multi_Enh_InCeiling_02.avif\",\"width\":600,\"height\":600},{\"@type\":\"BreadcrumbList\",\"@id\":\"https:\/\/tecplan.com.es\/product\/camaras-panoramica-in-ceiling\/#breadcrumb\",\"itemListElement\":[{\"@type\":\"ListItem\",\"position\":1,\"name\":\"Home\",\"item\":\"https:\/\/tecplan.com.es\/\"},{\"@type\":\"ListItem\",\"position\":2,\"name\":\"Shop\",\"item\":\"https:\/\/tecplan.com.es\/shop\/\"},{\"@type\":\"ListItem\",\"position\":3,\"name\":\"C\u00e1maras panor\u00e1mica IN-CEILING\"}]},{\"@type\":\"WebSite\",\"@id\":\"https:\/\/tecplan.com.es\/#website\",\"url\":\"https:\/\/tecplan.com.es\/\",\"name\":\"Tecplan\",\"description\":\"\",\"potentialAction\":[{\"@type\":\"SearchAction\",\"target\":{\"@type\":\"EntryPoint\",\"urlTemplate\":\"https:\/\/tecplan.com.es\/?s={search_term_string}\"},\"query-input\":{\"@type\":\"PropertyValueSpecification\",\"valueRequired\":true,\"valueName\":\"search_term_string\"}}],\"inLanguage\":\"en-US\"}]}<\/script>\n<!-- \/ Yoast SEO plugin. -->","yoast_head_json":{"title":"C\u00e1maras panor\u00e1mica IN-CEILING - Tecplan","robots":{"index":"index","follow":"follow","max-snippet":"max-snippet:-1","max-image-preview":"max-image-preview:large","max-video-preview":"max-video-preview:-1"},"canonical":"https:\/\/tecplan.com.es\/en\/product\/camaras-panoramica-in-ceiling\/","og_locale":"en_US","og_type":"article","og_title":"C\u00e1maras panor\u00e1mica IN-CEILING - Tecplan","og_description":"Sarix Multi Enhanced Montaje en el techo La opci\u00f3n de montaje en el techo ofrece una conciencia situacional superior en un dise\u00f1o de bajo perfil dise\u00f1ado para \u00e1reas interiores. \u00a0Se integra con el liderazgo VMS marcas a trav\u00e9s de ONVIF Perfil S, T, G y M. Gestiona el ancho de banda de maneraeficiente con H.264 y H.265 Tecnolog\u00eda de compresi\u00f3n inteligente","og_url":"https:\/\/tecplan.com.es\/en\/product\/camaras-panoramica-in-ceiling\/","og_site_name":"Tecplan","article_modified_time":"2025-10-20T22:41:15+00:00","twitter_card":"summary_large_image","twitter_misc":{"Est. reading time":"2 minutes"},"schema":{"@context":"https:\/\/schema.org","@graph":[{"@type":"WebPage","@id":"https:\/\/tecplan.com.es\/product\/camaras-panoramica-in-ceiling\/","url":"https:\/\/tecplan.com.es\/product\/camaras-panoramica-in-ceiling\/","name":"C\u00e1maras panor\u00e1mica IN-CEILING - Tecplan","isPartOf":{"@id":"https:\/\/tecplan.com.es\/#website"},"primaryImageOfPage":{"@id":"https:\/\/tecplan.com.es\/product\/camaras-panoramica-in-ceiling\/#primaryimage"},"image":{"@id":"https:\/\/tecplan.com.es\/product\/camaras-panoramica-in-ceiling\/#primaryimage"},"thumbnailUrl":"https:\/\/tecplan.com.es\/wp-content\/uploads\/2025\/10\/Sarix_Multi_Enh_InCeiling_02.avif","datePublished":"2025-10-17T23:01:56+00:00","dateModified":"2025-10-20T22:41:15+00:00","breadcrumb":{"@id":"https:\/\/tecplan.com.es\/product\/camaras-panoramica-in-ceiling\/#breadcrumb"},"inLanguage":"en-US","potentialAction":[{"@type":"ReadAction","target":["https:\/\/tecplan.com.es\/product\/camaras-panoramica-in-ceiling\/"]}]},{"@type":"ImageObject","inLanguage":"en-US","@id":"https:\/\/tecplan.com.es\/product\/camaras-panoramica-in-ceiling\/#primaryimage","url":"https:\/\/tecplan.com.es\/wp-content\/uploads\/2025\/10\/Sarix_Multi_Enh_InCeiling_02.avif","contentUrl":"https:\/\/tecplan.com.es\/wp-content\/uploads\/2025\/10\/Sarix_Multi_Enh_InCeiling_02.avif","width":600,"height":600},{"@type":"BreadcrumbList","@id":"https:\/\/tecplan.com.es\/product\/camaras-panoramica-in-ceiling\/#breadcrumb","itemListElement":[{"@type":"ListItem","position":1,"name":"Home","item":"https:\/\/tecplan.com.es\/"},{"@type":"ListItem","position":2,"name":"Shop","item":"https:\/\/tecplan.com.es\/shop\/"},{"@type":"ListItem","position":3,"name":"C\u00e1maras panor\u00e1mica IN-CEILING"}]},{"@type":"WebSite","@id":"https:\/\/tecplan.com.es\/#website","url":"https:\/\/tecplan.com.es\/","name":"Tecplan","description":"","potentialAction":[{"@type":"SearchAction","target":{"@type":"EntryPoint","urlTemplate":"https:\/\/tecplan.com.es\/?s={search_term_string}"},"query-input":{"@type":"PropertyValueSpecification","valueRequired":true,"valueName":"search_term_string"}}],"inLanguage":"en-US"}]}},"_links":{"self":[{"href":"https:\/\/tecplan.com.es\/en\/wp-json\/wp\/v2\/product\/4004","targetHints":{"allow":["GET"]}}],"collection":[{"href":"https:\/\/tecplan.com.es\/en\/wp-json\/wp\/v2\/product"}],"about":[{"href":"https:\/\/tecplan.com.es\/en\/wp-json\/wp\/v2\/types\/product"}],"replies":[{"embeddable":true,"href":"https:\/\/tecplan.com.es\/en\/wp-json\/wp\/v2\/comments?post=4004"}],"version-history":[{"count":2,"href":"https:\/\/tecplan.com.es\/en\/wp-json\/wp\/v2\/product\/4004\/revisions"}],"predecessor-version":[{"id":4053,"href":"https:\/\/tecplan.com.es\/en\/wp-json\/wp\/v2\/product\/4004\/revisions\/4053"}],"wp:featuredmedia":[{"embeddable":true,"href":"https:\/\/tecplan.com.es\/en\/wp-json\/wp\/v2\/media\/3995"}],"wp:attachment":[{"href":"https:\/\/tecplan.com.es\/en\/wp-json\/wp\/v2\/media?parent=4004"}],"wp:term":[{"taxonomy":"product_brand","embeddable":true,"href":"https:\/\/tecplan.com.es\/en\/wp-json\/wp\/v2\/product_brand?post=4004"},{"taxonomy":"product_cat","embeddable":true,"href":"https:\/\/tecplan.com.es\/en\/wp-json\/wp\/v2\/product_cat?post=4004"},{"taxonomy":"product_tag","embeddable":true,"href":"https:\/\/tecplan.com.es\/en\/wp-json\/wp\/v2\/product_tag?post=4004"}],"curies":[{"name":"wp","href":"https:\/\/api.w.org\/{rel}","templated":true}]}}