{"id":4003,"date":"2025-10-17T23:01:56","date_gmt":"2025-10-17T23:01:56","guid":{"rendered":"https:\/\/tecplan.com.es\/product\/q1942-e-pt-mount-camara-termica\/"},"modified":"2025-10-21T15:26:10","modified_gmt":"2025-10-21T15:26:10","slug":"q1942-e-pt-mount-camara-termica","status":"publish","type":"product","link":"https:\/\/tecplan.com.es\/en\/product\/q1942-e-pt-mount-camara-termica\/","title":{"rendered":"Q1942-E PT MOUNT c\u00e1mara  t\u00e9rmica"},"content":{"rendered":"<p style=\"text-align: justify;\"><strong>Q1942-E PT MOUNT<\/strong><br \/>\nAmplia cobertura t\u00e9rmica VGA con flexibilidad de movimiento horizontal y vertical<\/p>\n<p style=\"text-align: justify;\">La c\u00e1mara AXIS Q1942-E PT Mount ofrece una amplia cobertura t\u00e9rmica VGA con flexibilidad de movimiento horizontal y vertical, permitiendo una instalaci\u00f3n adaptable gracias a su dise\u00f1o tipo bullet y la posibilidad de montarla en un motor de movimiento PT. Esta c\u00e1mara est\u00e1 equipada con un sensor microbol\u00f3metro no refrigerado de resoluci\u00f3n t\u00e9rmica 640&#215;480 y una variedad de objetivos con longitudes focales de 10 mm, 19 mm, 35 mm y 60 mm, lo que proporciona campos de visi\u00f3n horizontales que van desde 63\u00b0 hasta 10\u00b0.<\/p>\n<p style=\"text-align: justify;\">La c\u00e1mara para exteriores con dise\u00f1o tipo bullet, AXIS Q1942-E PT Mount, ofrece la posibilidad de montar la c\u00e1mara en un motor de movimiento horizontal y vertical para ampliar las opciones de instalaci\u00f3n. La resoluci\u00f3n t\u00e9rmica de 640&#215;480 y una amplia variedad de objetivos facilita la detecci\u00f3n y verificaci\u00f3n de personas, objetos e incidentes, en la m\u00e1s absoluta oscuridad o con un sol cegador. Un filtro de ruido proporciona un contraste de imagen t\u00e9rmica mejorado al tiempo que mantiene bajos los niveles de ruido sin a\u00f1adir efectos de desenfoque ni doble imagen. La AXIS Q1942-E PT Mount resiste condiciones meteorol\u00f3gicas adversas e integra un calefactor para la ventana. Adem\u00e1s, ofrece alimentaci\u00f3n a trav\u00e9s de Ethernet e incluye una ranura para tarjetas microSD.<\/p>\n<ul>\n<li><span style=\"font-size: 17.6px;\">Preparado para montaje\u00a0<\/span><\/li>\n<li><span style=\"font-size: 17.6px;\">Im\u00e1genes t\u00e9rmicas VGA<\/span><\/li>\n<li>Alto rendimiento para an\u00e1lisis de v\u00eddeo<\/li>\n<li>Estabilizaci\u00f3n de imagen electr\u00f3nica<\/li>\n<li>Axis Zipstream<\/li>\n<\/ul>\n<div class=\"ast-oembed-container\" style=\"height: 100%;\"><iframe title=\"Detection and verification with Axis thermal cameras\" width=\"500\" height=\"281\" src=\"https:\/\/www.youtube.com\/embed\/nAf-37b4Uh0?start=1&#038;feature=oembed\" frameborder=\"0\" allow=\"accelerometer; autoplay; clipboard-write; encrypted-media; gyroscope; picture-in-picture; web-share\" referrerpolicy=\"strict-origin-when-cross-origin\" allowfullscreen><\/iframe><\/div>\n<h5><\/h5>\n<h5 style=\"text-align: justify;\"><span style=\"text-decoration: underline;\"><strong>DOWNLOADS<\/strong><\/span><\/h5>\n<ul style=\"text-align: justify;\">\n<li><a href=\"https:\/\/drive.google.com\/file\/d\/1GnVRBv89Bo4OiKzsXdMVGv4zE-yWrkWE\/view?usp=sharing\">\u2192 Technical specifications<\/a><\/li>\n<\/ul>","protected":false},"excerpt":{"rendered":"<p style=\"text-align: justify;\"><strong>AXIS Q1942-E PT Mount Thermal Network Camera<\/strong><br \/>\nAmplia cobertura t\u00e9rmica VGA con flexibilidad de movimiento horizontal y vertical.<\/p>\n<p><img decoding=\"async\" class=\"wp-image-3987 aligncenter\" src=\"https:\/\/tecplan.com.es\/wp-content\/uploads\/2025\/10\/Axis_744e92e672d8787f19475450de24f761.png\" alt=\"\" width=\"147\" height=\"64\" \/><\/p>\n<p>&nbsp;<\/p>","protected":false},"featured_media":3992,"comment_status":"open","ping_status":"closed","template":"","meta":{"site-sidebar-layout":"default","site-content-layout":"","ast-site-content-layout":"default","site-content-style":"default","site-sidebar-style":"default","ast-global-header-display":"","ast-banner-title-visibility":"","ast-main-header-display":"","ast-hfb-above-header-display":"","ast-hfb-below-header-display":"","ast-hfb-mobile-header-display":"","site-post-title":"","ast-breadcrumbs-content":"","ast-featured-img":"","footer-sml-layout":"","ast-disable-related-posts":"","theme-transparent-header-meta":"default","adv-header-id-meta":"","stick-header-meta":"","header-above-stick-meta":"","header-main-stick-meta":"","header-below-stick-meta":"","astra-migrate-meta-layouts":"set","ast-page-background-enabled":"default","ast-page-background-meta":{"desktop":{"background-color":"var(--ast-global-color-5)","background-image":"","background-repeat":"repeat","background-position":"center center","background-size":"auto","background-attachment":"scroll","background-type":"","background-media":"","overlay-type":"","overlay-color":"","overlay-opacity":"","overlay-gradient":""},"tablet":{"background-color":"","background-image":"","background-repeat":"repeat","background-position":"center center","background-size":"auto","background-attachment":"scroll","background-type":"","background-media":"","overlay-type":"","overlay-color":"","overlay-opacity":"","overlay-gradient":""},"mobile":{"background-color":"","background-image":"","background-repeat":"repeat","background-position":"center center","background-size":"auto","background-attachment":"scroll","background-type":"","background-media":"","overlay-type":"","overlay-color":"","overlay-opacity":"","overlay-gradient":""}},"ast-content-background-meta":{"desktop":{"background-color":"var(--ast-global-color-4)","background-image":"","background-repeat":"repeat","background-position":"center center","background-size":"auto","background-attachment":"scroll","background-type":"","background-media":"","overlay-type":"","overlay-color":"","overlay-opacity":"","overlay-gradient":""},"tablet":{"background-color":"var(--ast-global-color-4)","background-image":"","background-repeat":"repeat","background-position":"center center","background-size":"auto","background-attachment":"scroll","background-type":"","background-media":"","overlay-type":"","overlay-color":"","overlay-opacity":"","overlay-gradient":""},"mobile":{"background-color":"var(--ast-global-color-4)","background-image":"","background-repeat":"repeat","background-position":"center center","background-size":"auto","background-attachment":"scroll","background-type":"","background-media":"","overlay-type":"","overlay-color":"","overlay-opacity":"","overlay-gradient":""}}},"product_brand":[302],"product_cat":[179,178],"product_tag":[303],"class_list":{"0":"post-4003","1":"product","2":"type-product","3":"status-publish","4":"has-post-thumbnail","6":"product_brand-axis","7":"product_cat-termicas-panoramicas","8":"product_cat-vigilancia-gps","9":"product_tag-axis","10":"desktop-align-left","11":"tablet-align-left","12":"mobile-align-left","14":"first","15":"instock","16":"shipping-taxable","17":"product-type-simple"},"yoast_head":"<!-- This site is optimized with the Yoast SEO plugin v25.3 - https:\/\/yoast.com\/wordpress\/plugins\/seo\/ -->\n<title>Q1942-E PT MOUNT c\u00e1mara t\u00e9rmica - Tecplan<\/title>\n<meta name=\"robots\" content=\"index, follow, max-snippet:-1, max-image-preview:large, max-video-preview:-1\" \/>\n<link rel=\"canonical\" href=\"https:\/\/tecplan.com.es\/en\/product\/q1942-e-pt-mount-camara-termica\/\" \/>\n<meta property=\"og:locale\" content=\"en_US\" \/>\n<meta property=\"og:type\" content=\"article\" \/>\n<meta property=\"og:title\" content=\"Q1942-E PT MOUNT c\u00e1mara t\u00e9rmica - Tecplan\" \/>\n<meta property=\"og:description\" content=\"AXIS Q1942-E PT Mount Thermal Network Camera Amplia cobertura t\u00e9rmica VGA con flexibilidad de movimiento horizontal y vertical.   &nbsp;\" \/>\n<meta property=\"og:url\" content=\"https:\/\/tecplan.com.es\/en\/product\/q1942-e-pt-mount-camara-termica\/\" \/>\n<meta property=\"og:site_name\" content=\"Tecplan\" \/>\n<meta property=\"article:modified_time\" content=\"2025-10-21T15:26:10+00:00\" \/>\n<meta property=\"og:image\" content=\"https:\/\/tecplan.com.es\/wp-content\/uploads\/2025\/10\/Q1942-E-PT_1.jpg\" \/>\n\t<meta property=\"og:image:width\" content=\"1667\" \/>\n\t<meta property=\"og:image:height\" content=\"1667\" \/>\n\t<meta property=\"og:image:type\" content=\"image\/jpeg\" \/>\n<meta name=\"twitter:card\" content=\"summary_large_image\" \/>\n<meta name=\"twitter:label1\" content=\"Est. reading time\" \/>\n\t<meta name=\"twitter:data1\" content=\"2 minutes\" \/>\n<script type=\"application\/ld+json\" class=\"yoast-schema-graph\">{\"@context\":\"https:\/\/schema.org\",\"@graph\":[{\"@type\":\"WebPage\",\"@id\":\"https:\/\/tecplan.com.es\/product\/q1942-e-pt-mount-camara-termica\/\",\"url\":\"https:\/\/tecplan.com.es\/product\/q1942-e-pt-mount-camara-termica\/\",\"name\":\"Q1942-E PT MOUNT c\u00e1mara t\u00e9rmica - Tecplan\",\"isPartOf\":{\"@id\":\"https:\/\/tecplan.com.es\/#website\"},\"primaryImageOfPage\":{\"@id\":\"https:\/\/tecplan.com.es\/product\/q1942-e-pt-mount-camara-termica\/#primaryimage\"},\"image\":{\"@id\":\"https:\/\/tecplan.com.es\/product\/q1942-e-pt-mount-camara-termica\/#primaryimage\"},\"thumbnailUrl\":\"https:\/\/tecplan.com.es\/wp-content\/uploads\/2025\/10\/Q1942-E-PT_1.jpg\",\"datePublished\":\"2025-10-17T23:01:56+00:00\",\"dateModified\":\"2025-10-21T15:26:10+00:00\",\"breadcrumb\":{\"@id\":\"https:\/\/tecplan.com.es\/product\/q1942-e-pt-mount-camara-termica\/#breadcrumb\"},\"inLanguage\":\"en-US\",\"potentialAction\":[{\"@type\":\"ReadAction\",\"target\":[\"https:\/\/tecplan.com.es\/product\/q1942-e-pt-mount-camara-termica\/\"]}]},{\"@type\":\"ImageObject\",\"inLanguage\":\"en-US\",\"@id\":\"https:\/\/tecplan.com.es\/product\/q1942-e-pt-mount-camara-termica\/#primaryimage\",\"url\":\"https:\/\/tecplan.com.es\/wp-content\/uploads\/2025\/10\/Q1942-E-PT_1.jpg\",\"contentUrl\":\"https:\/\/tecplan.com.es\/wp-content\/uploads\/2025\/10\/Q1942-E-PT_1.jpg\",\"width\":1667,\"height\":1667},{\"@type\":\"BreadcrumbList\",\"@id\":\"https:\/\/tecplan.com.es\/product\/q1942-e-pt-mount-camara-termica\/#breadcrumb\",\"itemListElement\":[{\"@type\":\"ListItem\",\"position\":1,\"name\":\"Home\",\"item\":\"https:\/\/tecplan.com.es\/\"},{\"@type\":\"ListItem\",\"position\":2,\"name\":\"Shop\",\"item\":\"https:\/\/tecplan.com.es\/shop\/\"},{\"@type\":\"ListItem\",\"position\":3,\"name\":\"Q1942-E PT MOUNT c\u00e1mara t\u00e9rmica\"}]},{\"@type\":\"WebSite\",\"@id\":\"https:\/\/tecplan.com.es\/#website\",\"url\":\"https:\/\/tecplan.com.es\/\",\"name\":\"Tecplan\",\"description\":\"\",\"potentialAction\":[{\"@type\":\"SearchAction\",\"target\":{\"@type\":\"EntryPoint\",\"urlTemplate\":\"https:\/\/tecplan.com.es\/?s={search_term_string}\"},\"query-input\":{\"@type\":\"PropertyValueSpecification\",\"valueRequired\":true,\"valueName\":\"search_term_string\"}}],\"inLanguage\":\"en-US\"}]}<\/script>\n<!-- \/ Yoast SEO plugin. -->","yoast_head_json":{"title":"Q1942-E PT MOUNT c\u00e1mara t\u00e9rmica - Tecplan","robots":{"index":"index","follow":"follow","max-snippet":"max-snippet:-1","max-image-preview":"max-image-preview:large","max-video-preview":"max-video-preview:-1"},"canonical":"https:\/\/tecplan.com.es\/en\/product\/q1942-e-pt-mount-camara-termica\/","og_locale":"en_US","og_type":"article","og_title":"Q1942-E PT MOUNT c\u00e1mara t\u00e9rmica - Tecplan","og_description":"AXIS Q1942-E PT Mount Thermal Network Camera Amplia cobertura t\u00e9rmica VGA con flexibilidad de movimiento horizontal y vertical.   &nbsp;","og_url":"https:\/\/tecplan.com.es\/en\/product\/q1942-e-pt-mount-camara-termica\/","og_site_name":"Tecplan","article_modified_time":"2025-10-21T15:26:10+00:00","og_image":[{"width":1667,"height":1667,"url":"https:\/\/tecplan.com.es\/wp-content\/uploads\/2025\/10\/Q1942-E-PT_1.jpg","type":"image\/jpeg"}],"twitter_card":"summary_large_image","twitter_misc":{"Est. reading time":"2 minutes"},"schema":{"@context":"https:\/\/schema.org","@graph":[{"@type":"WebPage","@id":"https:\/\/tecplan.com.es\/product\/q1942-e-pt-mount-camara-termica\/","url":"https:\/\/tecplan.com.es\/product\/q1942-e-pt-mount-camara-termica\/","name":"Q1942-E PT MOUNT c\u00e1mara t\u00e9rmica - Tecplan","isPartOf":{"@id":"https:\/\/tecplan.com.es\/#website"},"primaryImageOfPage":{"@id":"https:\/\/tecplan.com.es\/product\/q1942-e-pt-mount-camara-termica\/#primaryimage"},"image":{"@id":"https:\/\/tecplan.com.es\/product\/q1942-e-pt-mount-camara-termica\/#primaryimage"},"thumbnailUrl":"https:\/\/tecplan.com.es\/wp-content\/uploads\/2025\/10\/Q1942-E-PT_1.jpg","datePublished":"2025-10-17T23:01:56+00:00","dateModified":"2025-10-21T15:26:10+00:00","breadcrumb":{"@id":"https:\/\/tecplan.com.es\/product\/q1942-e-pt-mount-camara-termica\/#breadcrumb"},"inLanguage":"en-US","potentialAction":[{"@type":"ReadAction","target":["https:\/\/tecplan.com.es\/product\/q1942-e-pt-mount-camara-termica\/"]}]},{"@type":"ImageObject","inLanguage":"en-US","@id":"https:\/\/tecplan.com.es\/product\/q1942-e-pt-mount-camara-termica\/#primaryimage","url":"https:\/\/tecplan.com.es\/wp-content\/uploads\/2025\/10\/Q1942-E-PT_1.jpg","contentUrl":"https:\/\/tecplan.com.es\/wp-content\/uploads\/2025\/10\/Q1942-E-PT_1.jpg","width":1667,"height":1667},{"@type":"BreadcrumbList","@id":"https:\/\/tecplan.com.es\/product\/q1942-e-pt-mount-camara-termica\/#breadcrumb","itemListElement":[{"@type":"ListItem","position":1,"name":"Home","item":"https:\/\/tecplan.com.es\/"},{"@type":"ListItem","position":2,"name":"Shop","item":"https:\/\/tecplan.com.es\/shop\/"},{"@type":"ListItem","position":3,"name":"Q1942-E PT MOUNT c\u00e1mara t\u00e9rmica"}]},{"@type":"WebSite","@id":"https:\/\/tecplan.com.es\/#website","url":"https:\/\/tecplan.com.es\/","name":"Tecplan","description":"","potentialAction":[{"@type":"SearchAction","target":{"@type":"EntryPoint","urlTemplate":"https:\/\/tecplan.com.es\/?s={search_term_string}"},"query-input":{"@type":"PropertyValueSpecification","valueRequired":true,"valueName":"search_term_string"}}],"inLanguage":"en-US"}]}},"_links":{"self":[{"href":"https:\/\/tecplan.com.es\/en\/wp-json\/wp\/v2\/product\/4003","targetHints":{"allow":["GET"]}}],"collection":[{"href":"https:\/\/tecplan.com.es\/en\/wp-json\/wp\/v2\/product"}],"about":[{"href":"https:\/\/tecplan.com.es\/en\/wp-json\/wp\/v2\/types\/product"}],"replies":[{"embeddable":true,"href":"https:\/\/tecplan.com.es\/en\/wp-json\/wp\/v2\/comments?post=4003"}],"version-history":[{"count":2,"href":"https:\/\/tecplan.com.es\/en\/wp-json\/wp\/v2\/product\/4003\/revisions"}],"predecessor-version":[{"id":4055,"href":"https:\/\/tecplan.com.es\/en\/wp-json\/wp\/v2\/product\/4003\/revisions\/4055"}],"wp:featuredmedia":[{"embeddable":true,"href":"https:\/\/tecplan.com.es\/en\/wp-json\/wp\/v2\/media\/3992"}],"wp:attachment":[{"href":"https:\/\/tecplan.com.es\/en\/wp-json\/wp\/v2\/media?parent=4003"}],"wp:term":[{"taxonomy":"product_brand","embeddable":true,"href":"https:\/\/tecplan.com.es\/en\/wp-json\/wp\/v2\/product_brand?post=4003"},{"taxonomy":"product_cat","embeddable":true,"href":"https:\/\/tecplan.com.es\/en\/wp-json\/wp\/v2\/product_cat?post=4003"},{"taxonomy":"product_tag","embeddable":true,"href":"https:\/\/tecplan.com.es\/en\/wp-json\/wp\/v2\/product_tag?post=4003"}],"curies":[{"name":"wp","href":"https:\/\/api.w.org\/{rel}","templated":true}]}}