{"id":4001,"date":"2025-10-17T23:01:56","date_gmt":"2025-10-17T23:01:56","guid":{"rendered":"https:\/\/tecplan.com.es\/product\/m4328-p-camara-panoramica\/"},"modified":"2025-10-21T15:11:53","modified_gmt":"2025-10-21T15:11:53","slug":"m4328-p-camara-panoramica","status":"publish","type":"product","link":"https:\/\/tecplan.com.es\/en\/product\/m4328-p-camara-panoramica\/","title":{"rendered":"M4328-P C\u00e1mara panor\u00e1mica"},"content":{"rendered":"<p><strong>AXIS M4328-P C\u00e1mara panor\u00e1mica, ojo de pez para interior de 12 MP con aprendizaje profundo<\/strong><\/p>\n<p>La AXIS M4328-P es una c\u00e1mara panor\u00e1mica de ojo de pez para interiores con resoluci\u00f3n de 12 MP y tecnolog\u00eda de aprendizaje profundo, dise\u00f1ada para ofrecer una cobertura de 180\u00b0 o 360\u00b0 sin puntos ciegos. Esta c\u00e1mara utiliza un objetivo estereosc\u00f3pico con una distancia focal fija de 1,2 mm y un iris fijo F2,2, proporcionando una visi\u00f3n completa con alta nitidez y gran detalle, incluso en condiciones de poca luz gracias a la tecnolog\u00eda Axis Lightfinder y Axis Forensic WDR<\/p>\n<p><strong>Characteristics:<\/strong><\/p>\n<ul>\n<li>Sensor progresivo de 5 MP de 1\/2.7&#8243;.<\/li>\n<li>Lente fija de 2.8 mm, F2.0 \u00c1ngulo de visi\u00f3n: 108\u00b0 (H) \u2013 60\u00b0 (V),@4M, 103\u00b0 (H) \u2013 76\u00b0 (V) @ 5M<\/li>\n<li>Rango din\u00e1mico amplio (WDR) de 120 dB.<\/li>\n<li>Rendimiento con poca luz (0.02 luz en modo color).<\/li>\n<li>Distancia de IR de hasta 20 m (65 ft), dependiendo de la reflectancia de la escena.<\/li>\n<li>Compresi\u00f3n de video H.265 Smart Codec.<\/li>\n<li>Detecci\u00f3n de movimiento \/ Detecci\u00f3n de intrusos \/ Detecci\u00f3n de personas.<\/li>\n<\/ul>\n<h5 style=\"text-align: justify;\"><span style=\"text-decoration: underline;\"><strong>DOWNLOADS<\/strong><\/span><\/h5>\n<ul style=\"text-align: justify;\">\n<li><a href=\"https:\/\/drive.google.com\/file\/d\/1uBWJbOhDEKaijE2-Y5CmCRtILdTd1wi7\/view?usp=sharing\">\u2192 Technical specifications<\/a><\/li>\n<\/ul>","protected":false},"excerpt":{"rendered":"<p style=\"text-align: justify;\">C\u00e1mara de red de interior con ojo de pez, 12 MP y compatibilidad con vistas con correcci\u00f3n de aberraci\u00f3n esf\u00e9rica digitales. Vistas panor\u00e1micas de 360\u00b0 o 180\u00b0. Sensor RGB CMOS con procedimiento de imagen completa. Objetivo estereogr\u00e1fico, F2.2. Compatible con anal\u00edticas con aprendizaje profundo (DLPU).<\/p>\n<p><!--more--><\/p>\n<p><img decoding=\"async\" class=\"aligncenter\" src=\"https:\/\/tecplan.com.es\/wp-content\/uploads\/2025\/10\/Axis_744e92e672d8787f19475450de24f761.png\" width=\"112\" height=\"51\" \/><\/p>","protected":false},"featured_media":3984,"comment_status":"open","ping_status":"closed","template":"","meta":{"site-sidebar-layout":"default","site-content-layout":"","ast-site-content-layout":"default","site-content-style":"default","site-sidebar-style":"default","ast-global-header-display":"","ast-banner-title-visibility":"","ast-main-header-display":"","ast-hfb-above-header-display":"","ast-hfb-below-header-display":"","ast-hfb-mobile-header-display":"","site-post-title":"","ast-breadcrumbs-content":"","ast-featured-img":"","footer-sml-layout":"","ast-disable-related-posts":"","theme-transparent-header-meta":"default","adv-header-id-meta":"","stick-header-meta":"","header-above-stick-meta":"","header-main-stick-meta":"","header-below-stick-meta":"","astra-migrate-meta-layouts":"set","ast-page-background-enabled":"default","ast-page-background-meta":{"desktop":{"background-color":"var(--ast-global-color-5)","background-image":"","background-repeat":"repeat","background-position":"center center","background-size":"auto","background-attachment":"scroll","background-type":"","background-media":"","overlay-type":"","overlay-color":"","overlay-opacity":"","overlay-gradient":""},"tablet":{"background-color":"","background-image":"","background-repeat":"repeat","background-position":"center center","background-size":"auto","background-attachment":"scroll","background-type":"","background-media":"","overlay-type":"","overlay-color":"","overlay-opacity":"","overlay-gradient":""},"mobile":{"background-color":"","background-image":"","background-repeat":"repeat","background-position":"center center","background-size":"auto","background-attachment":"scroll","background-type":"","background-media":"","overlay-type":"","overlay-color":"","overlay-opacity":"","overlay-gradient":""}},"ast-content-background-meta":{"desktop":{"background-color":"var(--ast-global-color-4)","background-image":"","background-repeat":"repeat","background-position":"center center","background-size":"auto","background-attachment":"scroll","background-type":"","background-media":"","overlay-type":"","overlay-color":"","overlay-opacity":"","overlay-gradient":""},"tablet":{"background-color":"var(--ast-global-color-4)","background-image":"","background-repeat":"repeat","background-position":"center center","background-size":"auto","background-attachment":"scroll","background-type":"","background-media":"","overlay-type":"","overlay-color":"","overlay-opacity":"","overlay-gradient":""},"mobile":{"background-color":"var(--ast-global-color-4)","background-image":"","background-repeat":"repeat","background-position":"center center","background-size":"auto","background-attachment":"scroll","background-type":"","background-media":"","overlay-type":"","overlay-color":"","overlay-opacity":"","overlay-gradient":""}}},"product_brand":[297],"product_cat":[180,178],"product_tag":[230],"class_list":{"0":"post-4001","1":"product","2":"type-product","3":"status-publish","4":"has-post-thumbnail","6":"product_brand-zkteco","7":"product_cat-cam-pano","8":"product_cat-vigilancia-gps","9":"product_tag-zkteco","10":"desktop-align-left","11":"tablet-align-left","12":"mobile-align-left","14":"first","15":"instock","16":"shipping-taxable","17":"product-type-simple"},"yoast_head":"<!-- This site is optimized with the Yoast SEO plugin v25.3 - https:\/\/yoast.com\/wordpress\/plugins\/seo\/ -->\n<title>M4328-P C\u00e1mara panor\u00e1mica - Tecplan<\/title>\n<meta name=\"robots\" content=\"index, follow, max-snippet:-1, max-image-preview:large, max-video-preview:-1\" \/>\n<link rel=\"canonical\" href=\"https:\/\/tecplan.com.es\/en\/product\/m4328-p-camara-panoramica\/\" \/>\n<meta property=\"og:locale\" content=\"en_US\" \/>\n<meta property=\"og:type\" content=\"article\" \/>\n<meta property=\"og:title\" content=\"M4328-P C\u00e1mara panor\u00e1mica - Tecplan\" \/>\n<meta property=\"og:description\" content=\"C\u00e1mara de red de interior con ojo de pez, 12 MP y compatibilidad con vistas con correcci\u00f3n de aberraci\u00f3n esf\u00e9rica digitales. Vistas panor\u00e1micas de 360\u00b0 o 180\u00b0. Sensor RGB CMOS con procedimiento de imagen completa. Objetivo estereogr\u00e1fico, F2.2. Compatible con anal\u00edticas con aprendizaje profundo (DLPU).\" \/>\n<meta property=\"og:url\" content=\"https:\/\/tecplan.com.es\/en\/product\/m4328-p-camara-panoramica\/\" \/>\n<meta property=\"og:site_name\" content=\"Tecplan\" \/>\n<meta property=\"article:modified_time\" content=\"2025-10-21T15:11:53+00:00\" \/>\n<meta property=\"og:image\" content=\"https:\/\/tecplan.com.es\/wp-content\/uploads\/2025\/10\/AXIS-M4328-P-3.webp\" \/>\n\t<meta property=\"og:image:width\" content=\"1200\" \/>\n\t<meta property=\"og:image:height\" content=\"1200\" \/>\n\t<meta property=\"og:image:type\" content=\"image\/webp\" \/>\n<meta name=\"twitter:card\" content=\"summary_large_image\" \/>\n<meta name=\"twitter:label1\" content=\"Est. reading time\" \/>\n\t<meta name=\"twitter:data1\" content=\"2 minutes\" \/>\n<script type=\"application\/ld+json\" class=\"yoast-schema-graph\">{\"@context\":\"https:\/\/schema.org\",\"@graph\":[{\"@type\":\"WebPage\",\"@id\":\"https:\/\/tecplan.com.es\/product\/m4328-p-camara-panoramica\/\",\"url\":\"https:\/\/tecplan.com.es\/product\/m4328-p-camara-panoramica\/\",\"name\":\"M4328-P C\u00e1mara panor\u00e1mica - Tecplan\",\"isPartOf\":{\"@id\":\"https:\/\/tecplan.com.es\/#website\"},\"primaryImageOfPage\":{\"@id\":\"https:\/\/tecplan.com.es\/product\/m4328-p-camara-panoramica\/#primaryimage\"},\"image\":{\"@id\":\"https:\/\/tecplan.com.es\/product\/m4328-p-camara-panoramica\/#primaryimage\"},\"thumbnailUrl\":\"https:\/\/tecplan.com.es\/wp-content\/uploads\/2025\/10\/AXIS-M4328-P-3.webp\",\"datePublished\":\"2025-10-17T23:01:56+00:00\",\"dateModified\":\"2025-10-21T15:11:53+00:00\",\"breadcrumb\":{\"@id\":\"https:\/\/tecplan.com.es\/product\/m4328-p-camara-panoramica\/#breadcrumb\"},\"inLanguage\":\"en-US\",\"potentialAction\":[{\"@type\":\"ReadAction\",\"target\":[\"https:\/\/tecplan.com.es\/product\/m4328-p-camara-panoramica\/\"]}]},{\"@type\":\"ImageObject\",\"inLanguage\":\"en-US\",\"@id\":\"https:\/\/tecplan.com.es\/product\/m4328-p-camara-panoramica\/#primaryimage\",\"url\":\"https:\/\/tecplan.com.es\/wp-content\/uploads\/2025\/10\/AXIS-M4328-P-3.webp\",\"contentUrl\":\"https:\/\/tecplan.com.es\/wp-content\/uploads\/2025\/10\/AXIS-M4328-P-3.webp\",\"width\":1200,\"height\":1200},{\"@type\":\"BreadcrumbList\",\"@id\":\"https:\/\/tecplan.com.es\/product\/m4328-p-camara-panoramica\/#breadcrumb\",\"itemListElement\":[{\"@type\":\"ListItem\",\"position\":1,\"name\":\"Home\",\"item\":\"https:\/\/tecplan.com.es\/\"},{\"@type\":\"ListItem\",\"position\":2,\"name\":\"Shop\",\"item\":\"https:\/\/tecplan.com.es\/shop\/\"},{\"@type\":\"ListItem\",\"position\":3,\"name\":\"M4328-P C\u00e1mara panor\u00e1mica\"}]},{\"@type\":\"WebSite\",\"@id\":\"https:\/\/tecplan.com.es\/#website\",\"url\":\"https:\/\/tecplan.com.es\/\",\"name\":\"Tecplan\",\"description\":\"\",\"potentialAction\":[{\"@type\":\"SearchAction\",\"target\":{\"@type\":\"EntryPoint\",\"urlTemplate\":\"https:\/\/tecplan.com.es\/?s={search_term_string}\"},\"query-input\":{\"@type\":\"PropertyValueSpecification\",\"valueRequired\":true,\"valueName\":\"search_term_string\"}}],\"inLanguage\":\"en-US\"}]}<\/script>\n<!-- \/ Yoast SEO plugin. -->","yoast_head_json":{"title":"M4328-P C\u00e1mara panor\u00e1mica - Tecplan","robots":{"index":"index","follow":"follow","max-snippet":"max-snippet:-1","max-image-preview":"max-image-preview:large","max-video-preview":"max-video-preview:-1"},"canonical":"https:\/\/tecplan.com.es\/en\/product\/m4328-p-camara-panoramica\/","og_locale":"en_US","og_type":"article","og_title":"M4328-P C\u00e1mara panor\u00e1mica - Tecplan","og_description":"C\u00e1mara de red de interior con ojo de pez, 12 MP y compatibilidad con vistas con correcci\u00f3n de aberraci\u00f3n esf\u00e9rica digitales. Vistas panor\u00e1micas de 360\u00b0 o 180\u00b0. Sensor RGB CMOS con procedimiento de imagen completa. Objetivo estereogr\u00e1fico, F2.2. Compatible con anal\u00edticas con aprendizaje profundo (DLPU).","og_url":"https:\/\/tecplan.com.es\/en\/product\/m4328-p-camara-panoramica\/","og_site_name":"Tecplan","article_modified_time":"2025-10-21T15:11:53+00:00","og_image":[{"width":1200,"height":1200,"url":"https:\/\/tecplan.com.es\/wp-content\/uploads\/2025\/10\/AXIS-M4328-P-3.webp","type":"image\/webp"}],"twitter_card":"summary_large_image","twitter_misc":{"Est. reading time":"2 minutes"},"schema":{"@context":"https:\/\/schema.org","@graph":[{"@type":"WebPage","@id":"https:\/\/tecplan.com.es\/product\/m4328-p-camara-panoramica\/","url":"https:\/\/tecplan.com.es\/product\/m4328-p-camara-panoramica\/","name":"M4328-P C\u00e1mara panor\u00e1mica - Tecplan","isPartOf":{"@id":"https:\/\/tecplan.com.es\/#website"},"primaryImageOfPage":{"@id":"https:\/\/tecplan.com.es\/product\/m4328-p-camara-panoramica\/#primaryimage"},"image":{"@id":"https:\/\/tecplan.com.es\/product\/m4328-p-camara-panoramica\/#primaryimage"},"thumbnailUrl":"https:\/\/tecplan.com.es\/wp-content\/uploads\/2025\/10\/AXIS-M4328-P-3.webp","datePublished":"2025-10-17T23:01:56+00:00","dateModified":"2025-10-21T15:11:53+00:00","breadcrumb":{"@id":"https:\/\/tecplan.com.es\/product\/m4328-p-camara-panoramica\/#breadcrumb"},"inLanguage":"en-US","potentialAction":[{"@type":"ReadAction","target":["https:\/\/tecplan.com.es\/product\/m4328-p-camara-panoramica\/"]}]},{"@type":"ImageObject","inLanguage":"en-US","@id":"https:\/\/tecplan.com.es\/product\/m4328-p-camara-panoramica\/#primaryimage","url":"https:\/\/tecplan.com.es\/wp-content\/uploads\/2025\/10\/AXIS-M4328-P-3.webp","contentUrl":"https:\/\/tecplan.com.es\/wp-content\/uploads\/2025\/10\/AXIS-M4328-P-3.webp","width":1200,"height":1200},{"@type":"BreadcrumbList","@id":"https:\/\/tecplan.com.es\/product\/m4328-p-camara-panoramica\/#breadcrumb","itemListElement":[{"@type":"ListItem","position":1,"name":"Home","item":"https:\/\/tecplan.com.es\/"},{"@type":"ListItem","position":2,"name":"Shop","item":"https:\/\/tecplan.com.es\/shop\/"},{"@type":"ListItem","position":3,"name":"M4328-P C\u00e1mara panor\u00e1mica"}]},{"@type":"WebSite","@id":"https:\/\/tecplan.com.es\/#website","url":"https:\/\/tecplan.com.es\/","name":"Tecplan","description":"","potentialAction":[{"@type":"SearchAction","target":{"@type":"EntryPoint","urlTemplate":"https:\/\/tecplan.com.es\/?s={search_term_string}"},"query-input":{"@type":"PropertyValueSpecification","valueRequired":true,"valueName":"search_term_string"}}],"inLanguage":"en-US"}]}},"_links":{"self":[{"href":"https:\/\/tecplan.com.es\/en\/wp-json\/wp\/v2\/product\/4001","targetHints":{"allow":["GET"]}}],"collection":[{"href":"https:\/\/tecplan.com.es\/en\/wp-json\/wp\/v2\/product"}],"about":[{"href":"https:\/\/tecplan.com.es\/en\/wp-json\/wp\/v2\/types\/product"}],"replies":[{"embeddable":true,"href":"https:\/\/tecplan.com.es\/en\/wp-json\/wp\/v2\/comments?post=4001"}],"version-history":[{"count":2,"href":"https:\/\/tecplan.com.es\/en\/wp-json\/wp\/v2\/product\/4001\/revisions"}],"predecessor-version":[{"id":4081,"href":"https:\/\/tecplan.com.es\/en\/wp-json\/wp\/v2\/product\/4001\/revisions\/4081"}],"wp:featuredmedia":[{"embeddable":true,"href":"https:\/\/tecplan.com.es\/en\/wp-json\/wp\/v2\/media\/3984"}],"wp:attachment":[{"href":"https:\/\/tecplan.com.es\/en\/wp-json\/wp\/v2\/media?parent=4001"}],"wp:term":[{"taxonomy":"product_brand","embeddable":true,"href":"https:\/\/tecplan.com.es\/en\/wp-json\/wp\/v2\/product_brand?post=4001"},{"taxonomy":"product_cat","embeddable":true,"href":"https:\/\/tecplan.com.es\/en\/wp-json\/wp\/v2\/product_cat?post=4001"},{"taxonomy":"product_tag","embeddable":true,"href":"https:\/\/tecplan.com.es\/en\/wp-json\/wp\/v2\/product_tag?post=4001"}],"curies":[{"name":"wp","href":"https:\/\/api.w.org\/{rel}","templated":true}]}}