{"id":4000,"date":"2025-10-17T23:01:56","date_gmt":"2025-10-17T23:01:56","guid":{"rendered":"https:\/\/tecplan.com.es\/product\/p4705-plve-camara-panoramica\/"},"modified":"2025-10-21T15:31:39","modified_gmt":"2025-10-21T15:31:39","slug":"p4705-plve-camara-panoramica","status":"publish","type":"product","link":"https:\/\/tecplan.com.es\/en\/product\/p4705-plve-camara-panoramica\/","title":{"rendered":"P4705-PLVE C\u00e1mara panor\u00e1mica"},"content":{"rendered":"<p><strong>AXIS P4705-PLVE C\u00e1mara panor\u00e1mica Sensor dual con infrarrojos de 360\u00b0 y aprendizaje profundo<\/strong><\/p>\n<p style=\"text-align: justify;\">Desata todo el potencial de la vigilancia con la c\u00e1mara panor\u00e1mica AXIS P4705-PLVE. Dise\u00f1ada para un monitoreo de alta calidad, esta c\u00e1mara de primer nivel proporciona una conciencia panor\u00e1mica completa, sin puntos oscuros. Sus avanzadas tecnolog\u00edas de sensibilidad a la luz aseguran una excelente calidad de video, incluso en total oscuridad y en condiciones de luz desafiantes.<\/p>\n<p style=\"text-align: justify;\">Equipada con la \u00faltima y m\u00e1s avanzada tecnolog\u00eda de imagen, la AXIS P4705-PLVE captura vistas panor\u00e1micas de alta resoluci\u00f3n, lo que la hace ideal para la vigilancia de grandes \u00e1reas. Este dispositivo compacto y robusto captura im\u00e1genes de video de alta calidad que se pueden reajustar durante la vista en vivo y la reproducci\u00f3n. El micr\u00f3fono y el altavoz incorporados permiten la comunicaci\u00f3n de audio bidireccional, lo que permite la posible interacci\u00f3n o disuasi\u00f3n con las personas en vista de la c\u00e1mara.<\/p>\n<p style=\"text-align: justify;\">M\u00e1s que simplemente proporcionar vigilancia, esta c\u00e1mara ofrece an\u00e1lisis avanzados, ayud\u00e1ndote a monitorear y mejorar la eficiencia del sitio. Su interfaz abierta facilita la integraci\u00f3n con otros sistemas, asegurando que la c\u00e1mara se integre sin problemas a su configuraci\u00f3n existente.<\/p>","protected":false},"excerpt":{"rendered":"<p style=\"text-align: justify;\">\u2022 2*2 MP, c\u00e1mara multidireccional, con una direcci\u00f3n IP<br \/>\n\u2022 Soporte para an\u00e1lisis con aprendizaje profundo en ambos sensores<br \/>\n\u2022 360\u00b0 IR iluminaci\u00f3n<br \/>\n\u2022 zoom 2.5x<br \/>\n\u2022 Axis Lightfinder y Forensic WDR<br \/>\n\u2022 Tama\u00f1o del sensor de imagen 1\/2,8&#8243;<br \/>\n\u2022 Resoluci\u00f3n m\u00e1xima de video 1920&#215;1080<\/p>\n<p><img decoding=\"async\" class=\"wp-image-3987 aligncenter\" src=\"https:\/\/tecplan.com.es\/wp-content\/uploads\/2025\/10\/Axis_744e92e672d8787f19475450de24f761.png\" alt=\"\" width=\"147\" height=\"77\" \/><\/p>","protected":false},"featured_media":3981,"comment_status":"open","ping_status":"closed","template":"","meta":{"site-sidebar-layout":"default","site-content-layout":"","ast-site-content-layout":"default","site-content-style":"default","site-sidebar-style":"default","ast-global-header-display":"","ast-banner-title-visibility":"","ast-main-header-display":"","ast-hfb-above-header-display":"","ast-hfb-below-header-display":"","ast-hfb-mobile-header-display":"","site-post-title":"","ast-breadcrumbs-content":"","ast-featured-img":"","footer-sml-layout":"","ast-disable-related-posts":"","theme-transparent-header-meta":"default","adv-header-id-meta":"","stick-header-meta":"","header-above-stick-meta":"","header-main-stick-meta":"","header-below-stick-meta":"","astra-migrate-meta-layouts":"set","ast-page-background-enabled":"default","ast-page-background-meta":{"desktop":{"background-color":"var(--ast-global-color-5)","background-image":"","background-repeat":"repeat","background-position":"center center","background-size":"auto","background-attachment":"scroll","background-type":"","background-media":"","overlay-type":"","overlay-color":"","overlay-opacity":"","overlay-gradient":""},"tablet":{"background-color":"","background-image":"","background-repeat":"repeat","background-position":"center center","background-size":"auto","background-attachment":"scroll","background-type":"","background-media":"","overlay-type":"","overlay-color":"","overlay-opacity":"","overlay-gradient":""},"mobile":{"background-color":"","background-image":"","background-repeat":"repeat","background-position":"center center","background-size":"auto","background-attachment":"scroll","background-type":"","background-media":"","overlay-type":"","overlay-color":"","overlay-opacity":"","overlay-gradient":""}},"ast-content-background-meta":{"desktop":{"background-color":"var(--ast-global-color-4)","background-image":"","background-repeat":"repeat","background-position":"center center","background-size":"auto","background-attachment":"scroll","background-type":"","background-media":"","overlay-type":"","overlay-color":"","overlay-opacity":"","overlay-gradient":""},"tablet":{"background-color":"var(--ast-global-color-4)","background-image":"","background-repeat":"repeat","background-position":"center center","background-size":"auto","background-attachment":"scroll","background-type":"","background-media":"","overlay-type":"","overlay-color":"","overlay-opacity":"","overlay-gradient":""},"mobile":{"background-color":"var(--ast-global-color-4)","background-image":"","background-repeat":"repeat","background-position":"center center","background-size":"auto","background-attachment":"scroll","background-type":"","background-media":"","overlay-type":"","overlay-color":"","overlay-opacity":"","overlay-gradient":""}}},"product_brand":[302],"product_cat":[180,195,178],"product_tag":[303],"class_list":{"0":"post-4000","1":"product","2":"type-product","3":"status-publish","4":"has-post-thumbnail","6":"product_brand-axis","7":"product_cat-cam-pano","8":"product_cat-seguridad","9":"product_cat-vigilancia-gps","10":"product_tag-axis","11":"desktop-align-left","12":"tablet-align-left","13":"mobile-align-left","15":"first","16":"instock","17":"shipping-taxable","18":"product-type-simple"},"yoast_head":"<!-- This site is optimized with the Yoast SEO plugin v25.3 - https:\/\/yoast.com\/wordpress\/plugins\/seo\/ -->\n<title>P4705-PLVE C\u00e1mara panor\u00e1mica - Tecplan<\/title>\n<meta name=\"robots\" content=\"index, follow, max-snippet:-1, max-image-preview:large, max-video-preview:-1\" \/>\n<link rel=\"canonical\" href=\"https:\/\/tecplan.com.es\/en\/product\/p4705-plve-camara-panoramica\/\" \/>\n<meta property=\"og:locale\" content=\"en_US\" \/>\n<meta property=\"og:type\" content=\"article\" \/>\n<meta property=\"og:title\" content=\"P4705-PLVE C\u00e1mara panor\u00e1mica - Tecplan\" \/>\n<meta property=\"og:description\" content=\"\u2022 2*2 MP, c\u00e1mara multidireccional, con una direcci\u00f3n IP \u2022 Soporte para an\u00e1lisis con aprendizaje profundo en ambos sensores \u2022 360\u00b0 IR iluminaci\u00f3n \u2022 zoom 2.5x \u2022 Axis Lightfinder y Forensic WDR \u2022 Tama\u00f1o del sensor de imagen 1\/2,8&quot; \u2022 Resoluci\u00f3n m\u00e1xima de video 1920x1080\" \/>\n<meta property=\"og:url\" content=\"https:\/\/tecplan.com.es\/en\/product\/p4705-plve-camara-panoramica\/\" \/>\n<meta property=\"og:site_name\" content=\"Tecplan\" \/>\n<meta property=\"article:modified_time\" content=\"2025-10-21T15:31:39+00:00\" \/>\n<meta property=\"og:image\" content=\"https:\/\/tecplan.com.es\/wp-content\/uploads\/2025\/10\/axis_p4705_plve_02415_001.jpg\" \/>\n\t<meta property=\"og:image:width\" content=\"600\" \/>\n\t<meta property=\"og:image:height\" content=\"600\" \/>\n\t<meta property=\"og:image:type\" content=\"image\/jpeg\" \/>\n<meta name=\"twitter:card\" content=\"summary_large_image\" \/>\n<meta name=\"twitter:label1\" content=\"Est. reading time\" \/>\n\t<meta name=\"twitter:data1\" content=\"2 minutes\" \/>\n<script type=\"application\/ld+json\" class=\"yoast-schema-graph\">{\"@context\":\"https:\/\/schema.org\",\"@graph\":[{\"@type\":\"WebPage\",\"@id\":\"https:\/\/tecplan.com.es\/product\/p4705-plve-camara-panoramica\/\",\"url\":\"https:\/\/tecplan.com.es\/product\/p4705-plve-camara-panoramica\/\",\"name\":\"P4705-PLVE C\u00e1mara panor\u00e1mica - Tecplan\",\"isPartOf\":{\"@id\":\"https:\/\/tecplan.com.es\/#website\"},\"primaryImageOfPage\":{\"@id\":\"https:\/\/tecplan.com.es\/product\/p4705-plve-camara-panoramica\/#primaryimage\"},\"image\":{\"@id\":\"https:\/\/tecplan.com.es\/product\/p4705-plve-camara-panoramica\/#primaryimage\"},\"thumbnailUrl\":\"https:\/\/tecplan.com.es\/wp-content\/uploads\/2025\/10\/axis_p4705_plve_02415_001.jpg\",\"datePublished\":\"2025-10-17T23:01:56+00:00\",\"dateModified\":\"2025-10-21T15:31:39+00:00\",\"breadcrumb\":{\"@id\":\"https:\/\/tecplan.com.es\/product\/p4705-plve-camara-panoramica\/#breadcrumb\"},\"inLanguage\":\"en-US\",\"potentialAction\":[{\"@type\":\"ReadAction\",\"target\":[\"https:\/\/tecplan.com.es\/product\/p4705-plve-camara-panoramica\/\"]}]},{\"@type\":\"ImageObject\",\"inLanguage\":\"en-US\",\"@id\":\"https:\/\/tecplan.com.es\/product\/p4705-plve-camara-panoramica\/#primaryimage\",\"url\":\"https:\/\/tecplan.com.es\/wp-content\/uploads\/2025\/10\/axis_p4705_plve_02415_001.jpg\",\"contentUrl\":\"https:\/\/tecplan.com.es\/wp-content\/uploads\/2025\/10\/axis_p4705_plve_02415_001.jpg\",\"width\":600,\"height\":600},{\"@type\":\"BreadcrumbList\",\"@id\":\"https:\/\/tecplan.com.es\/product\/p4705-plve-camara-panoramica\/#breadcrumb\",\"itemListElement\":[{\"@type\":\"ListItem\",\"position\":1,\"name\":\"Home\",\"item\":\"https:\/\/tecplan.com.es\/\"},{\"@type\":\"ListItem\",\"position\":2,\"name\":\"Shop\",\"item\":\"https:\/\/tecplan.com.es\/shop\/\"},{\"@type\":\"ListItem\",\"position\":3,\"name\":\"P4705-PLVE C\u00e1mara panor\u00e1mica\"}]},{\"@type\":\"WebSite\",\"@id\":\"https:\/\/tecplan.com.es\/#website\",\"url\":\"https:\/\/tecplan.com.es\/\",\"name\":\"Tecplan\",\"description\":\"\",\"potentialAction\":[{\"@type\":\"SearchAction\",\"target\":{\"@type\":\"EntryPoint\",\"urlTemplate\":\"https:\/\/tecplan.com.es\/?s={search_term_string}\"},\"query-input\":{\"@type\":\"PropertyValueSpecification\",\"valueRequired\":true,\"valueName\":\"search_term_string\"}}],\"inLanguage\":\"en-US\"}]}<\/script>\n<!-- \/ Yoast SEO plugin. -->","yoast_head_json":{"title":"P4705-PLVE C\u00e1mara panor\u00e1mica - Tecplan","robots":{"index":"index","follow":"follow","max-snippet":"max-snippet:-1","max-image-preview":"max-image-preview:large","max-video-preview":"max-video-preview:-1"},"canonical":"https:\/\/tecplan.com.es\/en\/product\/p4705-plve-camara-panoramica\/","og_locale":"en_US","og_type":"article","og_title":"P4705-PLVE C\u00e1mara panor\u00e1mica - Tecplan","og_description":"\u2022 2*2 MP, c\u00e1mara multidireccional, con una direcci\u00f3n IP \u2022 Soporte para an\u00e1lisis con aprendizaje profundo en ambos sensores \u2022 360\u00b0 IR iluminaci\u00f3n \u2022 zoom 2.5x \u2022 Axis Lightfinder y Forensic WDR \u2022 Tama\u00f1o del sensor de imagen 1\/2,8\" \u2022 Resoluci\u00f3n m\u00e1xima de video 1920x1080","og_url":"https:\/\/tecplan.com.es\/en\/product\/p4705-plve-camara-panoramica\/","og_site_name":"Tecplan","article_modified_time":"2025-10-21T15:31:39+00:00","og_image":[{"width":600,"height":600,"url":"https:\/\/tecplan.com.es\/wp-content\/uploads\/2025\/10\/axis_p4705_plve_02415_001.jpg","type":"image\/jpeg"}],"twitter_card":"summary_large_image","twitter_misc":{"Est. reading time":"2 minutes"},"schema":{"@context":"https:\/\/schema.org","@graph":[{"@type":"WebPage","@id":"https:\/\/tecplan.com.es\/product\/p4705-plve-camara-panoramica\/","url":"https:\/\/tecplan.com.es\/product\/p4705-plve-camara-panoramica\/","name":"P4705-PLVE C\u00e1mara panor\u00e1mica - Tecplan","isPartOf":{"@id":"https:\/\/tecplan.com.es\/#website"},"primaryImageOfPage":{"@id":"https:\/\/tecplan.com.es\/product\/p4705-plve-camara-panoramica\/#primaryimage"},"image":{"@id":"https:\/\/tecplan.com.es\/product\/p4705-plve-camara-panoramica\/#primaryimage"},"thumbnailUrl":"https:\/\/tecplan.com.es\/wp-content\/uploads\/2025\/10\/axis_p4705_plve_02415_001.jpg","datePublished":"2025-10-17T23:01:56+00:00","dateModified":"2025-10-21T15:31:39+00:00","breadcrumb":{"@id":"https:\/\/tecplan.com.es\/product\/p4705-plve-camara-panoramica\/#breadcrumb"},"inLanguage":"en-US","potentialAction":[{"@type":"ReadAction","target":["https:\/\/tecplan.com.es\/product\/p4705-plve-camara-panoramica\/"]}]},{"@type":"ImageObject","inLanguage":"en-US","@id":"https:\/\/tecplan.com.es\/product\/p4705-plve-camara-panoramica\/#primaryimage","url":"https:\/\/tecplan.com.es\/wp-content\/uploads\/2025\/10\/axis_p4705_plve_02415_001.jpg","contentUrl":"https:\/\/tecplan.com.es\/wp-content\/uploads\/2025\/10\/axis_p4705_plve_02415_001.jpg","width":600,"height":600},{"@type":"BreadcrumbList","@id":"https:\/\/tecplan.com.es\/product\/p4705-plve-camara-panoramica\/#breadcrumb","itemListElement":[{"@type":"ListItem","position":1,"name":"Home","item":"https:\/\/tecplan.com.es\/"},{"@type":"ListItem","position":2,"name":"Shop","item":"https:\/\/tecplan.com.es\/shop\/"},{"@type":"ListItem","position":3,"name":"P4705-PLVE C\u00e1mara panor\u00e1mica"}]},{"@type":"WebSite","@id":"https:\/\/tecplan.com.es\/#website","url":"https:\/\/tecplan.com.es\/","name":"Tecplan","description":"","potentialAction":[{"@type":"SearchAction","target":{"@type":"EntryPoint","urlTemplate":"https:\/\/tecplan.com.es\/?s={search_term_string}"},"query-input":{"@type":"PropertyValueSpecification","valueRequired":true,"valueName":"search_term_string"}}],"inLanguage":"en-US"}]}},"_links":{"self":[{"href":"https:\/\/tecplan.com.es\/en\/wp-json\/wp\/v2\/product\/4000","targetHints":{"allow":["GET"]}}],"collection":[{"href":"https:\/\/tecplan.com.es\/en\/wp-json\/wp\/v2\/product"}],"about":[{"href":"https:\/\/tecplan.com.es\/en\/wp-json\/wp\/v2\/types\/product"}],"replies":[{"embeddable":true,"href":"https:\/\/tecplan.com.es\/en\/wp-json\/wp\/v2\/comments?post=4000"}],"version-history":[{"count":3,"href":"https:\/\/tecplan.com.es\/en\/wp-json\/wp\/v2\/product\/4000\/revisions"}],"predecessor-version":[{"id":4085,"href":"https:\/\/tecplan.com.es\/en\/wp-json\/wp\/v2\/product\/4000\/revisions\/4085"}],"wp:featuredmedia":[{"embeddable":true,"href":"https:\/\/tecplan.com.es\/en\/wp-json\/wp\/v2\/media\/3981"}],"wp:attachment":[{"href":"https:\/\/tecplan.com.es\/en\/wp-json\/wp\/v2\/media?parent=4000"}],"wp:term":[{"taxonomy":"product_brand","embeddable":true,"href":"https:\/\/tecplan.com.es\/en\/wp-json\/wp\/v2\/product_brand?post=4000"},{"taxonomy":"product_cat","embeddable":true,"href":"https:\/\/tecplan.com.es\/en\/wp-json\/wp\/v2\/product_cat?post=4000"},{"taxonomy":"product_tag","embeddable":true,"href":"https:\/\/tecplan.com.es\/en\/wp-json\/wp\/v2\/product_tag?post=4000"}],"curies":[{"name":"wp","href":"https:\/\/api.w.org\/{rel}","templated":true}]}}