{"id":3999,"date":"2025-10-17T23:01:55","date_gmt":"2025-10-17T23:01:55","guid":{"rendered":"https:\/\/tecplan.com.es\/product\/gds3710-sistema-de-videoportero\/"},"modified":"2025-10-20T22:03:51","modified_gmt":"2025-10-20T22:03:51","slug":"gds3710-sistema-de-videoportero","status":"publish","type":"product","link":"https:\/\/tecplan.com.es\/en\/product\/gds3710-sistema-de-videoportero\/","title":{"rendered":"GDS3710 Sistema de Videoportero"},"content":{"rendered":"<p style=\"text-align: justify;\"><strong>GDS3710 Sistema de Videoportero IP FULL HD<\/strong><\/p>\n<p style=\"text-align: justify;\">El GDS3710 es un Sistema de Videoportero IP que sirve tambi\u00e9n como una c\u00e1mara IP de vigilancia de alta definici\u00f3n e intercom IP para ofrecer control de acceso a instalaciones y monitoreo de seguridad para edificios de todos los tama\u00f1os. Este poderoso Sistema proporciona un \u00e1ngulo de visi\u00f3n de video de 180\u00ba para cobertura de pared a pared, tiene un lector RFID incorporado para acceso seguro sin llave, cuenta con micr\u00f3fono y altavoz integrados para soportar la funci\u00f3n de intercom y ofrece entrada y salida de alarma para integrarse con otros dispositivos de seguridad existentes.<\/p>\n<p style=\"text-align: justify;\">El sistema de videoportero IP Grandstream GDS3710 ofrece una resoluci\u00f3n de v\u00eddeo Full HD de 1080p con una c\u00e1mara hemisf\u00e9rica que proporciona un \u00e1ngulo de visi\u00f3n de 180 grados, ideal para cubrir grandes \u00e1reas de entrada. Dise\u00f1ado para entornos exteriores, cuenta con una clasificaci\u00f3n de protecci\u00f3n IP66 y IK09, lo que lo hace resistente a la intemperie y al vandalismo, con un rango de funcionamiento de temperaturas desde -30\u00b0C hasta 60\u00b0C.<\/p>\n<p style=\"text-align: justify;\">El dispositivo incluye un lector RFID 125KHz para acceso sin llave, micr\u00f3fono y altavoz integrados para comunicaci\u00f3n bidireccional, y soporta alimentaci\u00f3n PoE IEEE 802.3af Clase 3 o 12VDC\/1A, facilitando su instalaci\u00f3n. Adem\u00e1s, ofrece funciones avanzadas como detecci\u00f3n de movimiento, transmisi\u00f3n de video m\u00faltiple (1080p para grabaci\u00f3n, 720p para videollamadas y 320&#215;240 para m\u00f3viles), y compatibilidad con protocolos SIP\/VoIP, ONVIF y GDS Manager para una gesti\u00f3n centralizada.<\/p>\n<p><!--more--><\/p>\n<h5 style=\"text-align: justify;\"><span style=\"text-decoration: underline;\"><strong>DOWNLOADS<\/strong><\/span><\/h5>\n<ul style=\"text-align: justify;\">\n<li><a href=\"https:\/\/drive.google.com\/file\/d\/1UjVKAC5RdG3fjja7f9tPA2RTy1iiUL4T\/view?usp=sharing\">\u2192<\/a><a href=\"https:\/\/drive.google.com\/file\/d\/1UjVKAC5RdG3fjja7f9tPA2RTy1iiUL4T\/view?usp=sharing\">\u00a0 Technical sheet<\/a><\/li>\n<\/ul>","protected":false},"excerpt":{"rendered":"<p style=\"text-align: justify;\">El GDS3710 se integra con el GDS Manager, software gratuito de gesti\u00f3n de Grandstream, permitiendo que la informaci\u00f3n de tarjetas RFID, sean totalmente gestionados por este<br \/>\nsoftware avanzado con algoritmos de imagen de vanguardia.<\/p>\n<p><img decoding=\"async\" class=\"wp-image-2022 aligncenter\" src=\"https:\/\/tecplan.com.es\/wp-content\/uploads\/2025\/06\/Grandstream-logo-300x77.png\" alt=\"\" width=\"167\" height=\"42\" srcset=\"https:\/\/tecplan.com.es\/wp-content\/uploads\/2025\/06\/Grandstream-logo-300x77.png 300w, https:\/\/tecplan.com.es\/wp-content\/uploads\/2025\/06\/Grandstream-logo-1024x262.png 1024w, https:\/\/tecplan.com.es\/wp-content\/uploads\/2025\/06\/Grandstream-logo-768x197.png 768w, https:\/\/tecplan.com.es\/wp-content\/uploads\/2025\/06\/Grandstream-logo-18x5.png 18w, https:\/\/tecplan.com.es\/wp-content\/uploads\/2025\/06\/Grandstream-logo-600x154.png 600w, https:\/\/tecplan.com.es\/wp-content\/uploads\/2025\/06\/Grandstream-logo.png 1321w\" sizes=\"(max-width: 167px) 100vw, 167px\" \/><\/p>","protected":false},"featured_media":3978,"comment_status":"open","ping_status":"closed","template":"","meta":{"site-sidebar-layout":"default","site-content-layout":"","ast-site-content-layout":"default","site-content-style":"default","site-sidebar-style":"default","ast-global-header-display":"","ast-banner-title-visibility":"","ast-main-header-display":"","ast-hfb-above-header-display":"","ast-hfb-below-header-display":"","ast-hfb-mobile-header-display":"","site-post-title":"","ast-breadcrumbs-content":"","ast-featured-img":"","footer-sml-layout":"","ast-disable-related-posts":"","theme-transparent-header-meta":"default","adv-header-id-meta":"","stick-header-meta":"","header-above-stick-meta":"","header-main-stick-meta":"","header-below-stick-meta":"","astra-migrate-meta-layouts":"set","ast-page-background-enabled":"default","ast-page-background-meta":{"desktop":{"background-color":"var(--ast-global-color-5)","background-image":"","background-repeat":"repeat","background-position":"center center","background-size":"auto","background-attachment":"scroll","background-type":"","background-media":"","overlay-type":"","overlay-color":"","overlay-opacity":"","overlay-gradient":""},"tablet":{"background-color":"","background-image":"","background-repeat":"repeat","background-position":"center center","background-size":"auto","background-attachment":"scroll","background-type":"","background-media":"","overlay-type":"","overlay-color":"","overlay-opacity":"","overlay-gradient":""},"mobile":{"background-color":"","background-image":"","background-repeat":"repeat","background-position":"center center","background-size":"auto","background-attachment":"scroll","background-type":"","background-media":"","overlay-type":"","overlay-color":"","overlay-opacity":"","overlay-gradient":""}},"ast-content-background-meta":{"desktop":{"background-color":"var(--ast-global-color-4)","background-image":"","background-repeat":"repeat","background-position":"center center","background-size":"auto","background-attachment":"scroll","background-type":"","background-media":"","overlay-type":"","overlay-color":"","overlay-opacity":"","overlay-gradient":""},"tablet":{"background-color":"var(--ast-global-color-4)","background-image":"","background-repeat":"repeat","background-position":"center center","background-size":"auto","background-attachment":"scroll","background-type":"","background-media":"","overlay-type":"","overlay-color":"","overlay-opacity":"","overlay-gradient":""},"mobile":{"background-color":"var(--ast-global-color-4)","background-image":"","background-repeat":"repeat","background-position":"center center","background-size":"auto","background-attachment":"scroll","background-type":"","background-media":"","overlay-type":"","overlay-color":"","overlay-opacity":"","overlay-gradient":""}}},"product_brand":[297],"product_cat":[174,252,195],"product_tag":[230],"class_list":{"0":"post-3999","1":"product","2":"type-product","3":"status-publish","4":"has-post-thumbnail","6":"product_brand-zkteco","7":"product_cat-control-de-ingreso","8":"product_cat-seg-otros","9":"product_cat-seguridad","10":"product_tag-zkteco","11":"desktop-align-left","12":"tablet-align-left","13":"mobile-align-left","15":"first","16":"instock","17":"shipping-taxable","18":"product-type-simple"},"yoast_head":"<!-- This site is optimized with the Yoast SEO plugin v25.3 - https:\/\/yoast.com\/wordpress\/plugins\/seo\/ -->\n<title>GDS3710 Sistema de Videoportero - Tecplan<\/title>\n<meta name=\"robots\" content=\"index, follow, max-snippet:-1, max-image-preview:large, max-video-preview:-1\" \/>\n<link rel=\"canonical\" href=\"https:\/\/tecplan.com.es\/en\/product\/gds3710-sistema-de-videoportero\/\" \/>\n<meta property=\"og:locale\" content=\"en_US\" \/>\n<meta property=\"og:type\" content=\"article\" \/>\n<meta property=\"og:title\" content=\"GDS3710 Sistema de Videoportero - Tecplan\" \/>\n<meta property=\"og:description\" content=\"El GDS3710 se integra con el GDS Manager, software gratuito de gesti\u00f3n de Grandstream, permitiendo que la informaci\u00f3n de tarjetas RFID, sean totalmente gestionados por este software avanzado con algoritmos de imagen de vanguardia.\" \/>\n<meta property=\"og:url\" content=\"https:\/\/tecplan.com.es\/en\/product\/gds3710-sistema-de-videoportero\/\" \/>\n<meta property=\"og:site_name\" content=\"Tecplan\" \/>\n<meta property=\"article:modified_time\" content=\"2025-10-20T22:03:51+00:00\" \/>\n<meta property=\"og:image\" content=\"https:\/\/tecplan.com.es\/wp-content\/uploads\/2025\/10\/GRANDSTREAM-GDS3710-Hemispheric-HD-IP-Video-Door-System-Installation-Guide_2.webp\" \/>\n\t<meta property=\"og:image:width\" content=\"369\" \/>\n\t<meta property=\"og:image:height\" content=\"338\" \/>\n\t<meta property=\"og:image:type\" content=\"image\/webp\" \/>\n<meta name=\"twitter:card\" content=\"summary_large_image\" \/>\n<meta name=\"twitter:label1\" content=\"Est. reading time\" \/>\n\t<meta name=\"twitter:data1\" content=\"2 minutes\" \/>\n<script type=\"application\/ld+json\" class=\"yoast-schema-graph\">{\"@context\":\"https:\/\/schema.org\",\"@graph\":[{\"@type\":\"WebPage\",\"@id\":\"https:\/\/tecplan.com.es\/product\/gds3710-sistema-de-videoportero\/\",\"url\":\"https:\/\/tecplan.com.es\/product\/gds3710-sistema-de-videoportero\/\",\"name\":\"GDS3710 Sistema de Videoportero - Tecplan\",\"isPartOf\":{\"@id\":\"https:\/\/tecplan.com.es\/#website\"},\"primaryImageOfPage\":{\"@id\":\"https:\/\/tecplan.com.es\/product\/gds3710-sistema-de-videoportero\/#primaryimage\"},\"image\":{\"@id\":\"https:\/\/tecplan.com.es\/product\/gds3710-sistema-de-videoportero\/#primaryimage\"},\"thumbnailUrl\":\"https:\/\/tecplan.com.es\/wp-content\/uploads\/2025\/10\/GRANDSTREAM-GDS3710-Hemispheric-HD-IP-Video-Door-System-Installation-Guide_2.webp\",\"datePublished\":\"2025-10-17T23:01:55+00:00\",\"dateModified\":\"2025-10-20T22:03:51+00:00\",\"breadcrumb\":{\"@id\":\"https:\/\/tecplan.com.es\/product\/gds3710-sistema-de-videoportero\/#breadcrumb\"},\"inLanguage\":\"en-US\",\"potentialAction\":[{\"@type\":\"ReadAction\",\"target\":[\"https:\/\/tecplan.com.es\/product\/gds3710-sistema-de-videoportero\/\"]}]},{\"@type\":\"ImageObject\",\"inLanguage\":\"en-US\",\"@id\":\"https:\/\/tecplan.com.es\/product\/gds3710-sistema-de-videoportero\/#primaryimage\",\"url\":\"https:\/\/tecplan.com.es\/wp-content\/uploads\/2025\/10\/GRANDSTREAM-GDS3710-Hemispheric-HD-IP-Video-Door-System-Installation-Guide_2.webp\",\"contentUrl\":\"https:\/\/tecplan.com.es\/wp-content\/uploads\/2025\/10\/GRANDSTREAM-GDS3710-Hemispheric-HD-IP-Video-Door-System-Installation-Guide_2.webp\",\"width\":369,\"height\":338},{\"@type\":\"BreadcrumbList\",\"@id\":\"https:\/\/tecplan.com.es\/product\/gds3710-sistema-de-videoportero\/#breadcrumb\",\"itemListElement\":[{\"@type\":\"ListItem\",\"position\":1,\"name\":\"Home\",\"item\":\"https:\/\/tecplan.com.es\/\"},{\"@type\":\"ListItem\",\"position\":2,\"name\":\"Shop\",\"item\":\"https:\/\/tecplan.com.es\/shop\/\"},{\"@type\":\"ListItem\",\"position\":3,\"name\":\"GDS3710 Sistema de Videoportero\"}]},{\"@type\":\"WebSite\",\"@id\":\"https:\/\/tecplan.com.es\/#website\",\"url\":\"https:\/\/tecplan.com.es\/\",\"name\":\"Tecplan\",\"description\":\"\",\"potentialAction\":[{\"@type\":\"SearchAction\",\"target\":{\"@type\":\"EntryPoint\",\"urlTemplate\":\"https:\/\/tecplan.com.es\/?s={search_term_string}\"},\"query-input\":{\"@type\":\"PropertyValueSpecification\",\"valueRequired\":true,\"valueName\":\"search_term_string\"}}],\"inLanguage\":\"en-US\"}]}<\/script>\n<!-- \/ Yoast SEO plugin. -->","yoast_head_json":{"title":"GDS3710 Sistema de Videoportero - Tecplan","robots":{"index":"index","follow":"follow","max-snippet":"max-snippet:-1","max-image-preview":"max-image-preview:large","max-video-preview":"max-video-preview:-1"},"canonical":"https:\/\/tecplan.com.es\/en\/product\/gds3710-sistema-de-videoportero\/","og_locale":"en_US","og_type":"article","og_title":"GDS3710 Sistema de Videoportero - Tecplan","og_description":"El GDS3710 se integra con el GDS Manager, software gratuito de gesti\u00f3n de Grandstream, permitiendo que la informaci\u00f3n de tarjetas RFID, sean totalmente gestionados por este software avanzado con algoritmos de imagen de vanguardia.","og_url":"https:\/\/tecplan.com.es\/en\/product\/gds3710-sistema-de-videoportero\/","og_site_name":"Tecplan","article_modified_time":"2025-10-20T22:03:51+00:00","og_image":[{"width":369,"height":338,"url":"https:\/\/tecplan.com.es\/wp-content\/uploads\/2025\/10\/GRANDSTREAM-GDS3710-Hemispheric-HD-IP-Video-Door-System-Installation-Guide_2.webp","type":"image\/webp"}],"twitter_card":"summary_large_image","twitter_misc":{"Est. reading time":"2 minutes"},"schema":{"@context":"https:\/\/schema.org","@graph":[{"@type":"WebPage","@id":"https:\/\/tecplan.com.es\/product\/gds3710-sistema-de-videoportero\/","url":"https:\/\/tecplan.com.es\/product\/gds3710-sistema-de-videoportero\/","name":"GDS3710 Sistema de Videoportero - Tecplan","isPartOf":{"@id":"https:\/\/tecplan.com.es\/#website"},"primaryImageOfPage":{"@id":"https:\/\/tecplan.com.es\/product\/gds3710-sistema-de-videoportero\/#primaryimage"},"image":{"@id":"https:\/\/tecplan.com.es\/product\/gds3710-sistema-de-videoportero\/#primaryimage"},"thumbnailUrl":"https:\/\/tecplan.com.es\/wp-content\/uploads\/2025\/10\/GRANDSTREAM-GDS3710-Hemispheric-HD-IP-Video-Door-System-Installation-Guide_2.webp","datePublished":"2025-10-17T23:01:55+00:00","dateModified":"2025-10-20T22:03:51+00:00","breadcrumb":{"@id":"https:\/\/tecplan.com.es\/product\/gds3710-sistema-de-videoportero\/#breadcrumb"},"inLanguage":"en-US","potentialAction":[{"@type":"ReadAction","target":["https:\/\/tecplan.com.es\/product\/gds3710-sistema-de-videoportero\/"]}]},{"@type":"ImageObject","inLanguage":"en-US","@id":"https:\/\/tecplan.com.es\/product\/gds3710-sistema-de-videoportero\/#primaryimage","url":"https:\/\/tecplan.com.es\/wp-content\/uploads\/2025\/10\/GRANDSTREAM-GDS3710-Hemispheric-HD-IP-Video-Door-System-Installation-Guide_2.webp","contentUrl":"https:\/\/tecplan.com.es\/wp-content\/uploads\/2025\/10\/GRANDSTREAM-GDS3710-Hemispheric-HD-IP-Video-Door-System-Installation-Guide_2.webp","width":369,"height":338},{"@type":"BreadcrumbList","@id":"https:\/\/tecplan.com.es\/product\/gds3710-sistema-de-videoportero\/#breadcrumb","itemListElement":[{"@type":"ListItem","position":1,"name":"Home","item":"https:\/\/tecplan.com.es\/"},{"@type":"ListItem","position":2,"name":"Shop","item":"https:\/\/tecplan.com.es\/shop\/"},{"@type":"ListItem","position":3,"name":"GDS3710 Sistema de Videoportero"}]},{"@type":"WebSite","@id":"https:\/\/tecplan.com.es\/#website","url":"https:\/\/tecplan.com.es\/","name":"Tecplan","description":"","potentialAction":[{"@type":"SearchAction","target":{"@type":"EntryPoint","urlTemplate":"https:\/\/tecplan.com.es\/?s={search_term_string}"},"query-input":{"@type":"PropertyValueSpecification","valueRequired":true,"valueName":"search_term_string"}}],"inLanguage":"en-US"}]}},"_links":{"self":[{"href":"https:\/\/tecplan.com.es\/en\/wp-json\/wp\/v2\/product\/3999","targetHints":{"allow":["GET"]}}],"collection":[{"href":"https:\/\/tecplan.com.es\/en\/wp-json\/wp\/v2\/product"}],"about":[{"href":"https:\/\/tecplan.com.es\/en\/wp-json\/wp\/v2\/types\/product"}],"replies":[{"embeddable":true,"href":"https:\/\/tecplan.com.es\/en\/wp-json\/wp\/v2\/comments?post=3999"}],"version-history":[{"count":2,"href":"https:\/\/tecplan.com.es\/en\/wp-json\/wp\/v2\/product\/3999\/revisions"}],"predecessor-version":[{"id":4049,"href":"https:\/\/tecplan.com.es\/en\/wp-json\/wp\/v2\/product\/3999\/revisions\/4049"}],"wp:featuredmedia":[{"embeddable":true,"href":"https:\/\/tecplan.com.es\/en\/wp-json\/wp\/v2\/media\/3978"}],"wp:attachment":[{"href":"https:\/\/tecplan.com.es\/en\/wp-json\/wp\/v2\/media?parent=3999"}],"wp:term":[{"taxonomy":"product_brand","embeddable":true,"href":"https:\/\/tecplan.com.es\/en\/wp-json\/wp\/v2\/product_brand?post=3999"},{"taxonomy":"product_cat","embeddable":true,"href":"https:\/\/tecplan.com.es\/en\/wp-json\/wp\/v2\/product_cat?post=3999"},{"taxonomy":"product_tag","embeddable":true,"href":"https:\/\/tecplan.com.es\/en\/wp-json\/wp\/v2\/product_tag?post=3999"}],"curies":[{"name":"wp","href":"https:\/\/api.w.org\/{rel}","templated":true}]}}