{"id":3998,"date":"2025-10-17T23:01:55","date_gmt":"2025-10-17T23:01:55","guid":{"rendered":"https:\/\/tecplan.com.es\/product\/video-i62-por-telefono\/"},"modified":"2025-10-20T22:11:21","modified_gmt":"2025-10-20T22:11:21","slug":"video-i62-por-telefono","status":"publish","type":"product","link":"https:\/\/tecplan.com.es\/en\/product\/video-i62-por-telefono\/","title":{"rendered":"V\u00eddeo i62 por tel\u00e9fono"},"content":{"rendered":"<p><strong>i62 Video Door Phone<\/strong><\/p>\n<p style=\"text-align: justify;\">Basado en los protocolos SIP y ONVIF, i62 es un tel\u00e9fono con puerta de v\u00eddeo que integra potentes funcionalidades de control de acceso, intercomunicador y protecci\u00f3n de seguridad. Con un dise\u00f1o de aleaci\u00f3n de aluminio y un solo bot\u00f3n de marcaci\u00f3n r\u00e1pida, el i62 ofrece una apariencia elegante de alta calidad. Con alto nivel de protecci\u00f3n IP66 e IK07, es resistente al agua, al polvo y anticolisi\u00f3n en la mayor\u00eda de los entornos exteriores. i62 permite a los usuarios realizar llamadas de audio\/video a trav\u00e9s de un bot\u00f3n de marcaci\u00f3n r\u00e1pida y una c\u00e1mara de 2 megap\u00edxeles y lograr control de acceso mediante diferentes modos. Con ricas interfaces de entrada y salida, i62 es f\u00e1cil de vincular con otros dispositivos de seguridad y personalizar en diversas soluciones en apartamentos, edificios comerciales, comunidades y parques industriales.<\/p>\n<ul>\n<li style=\"text-align: justify;\">Incorpora una ranura para tarjeta TF de capacidad m\u00e1xima de 128 GB para almacenamiento de im\u00e1genes y calidad de voz HD.<\/li>\n<li style=\"text-align: justify;\">Tiene control de puerta dentro y fuera con registros abiertos de puerta (soporte 200,000).<\/li>\n<li style=\"text-align: justify;\">Permite a los usuarios realizar llamadas de audio\/video a trav\u00e9s de un bot\u00f3n de marcaci\u00f3n r\u00e1pida y una c\u00e1mara de 2 megap\u00edxeles.<\/li>\n<li style=\"text-align: justify;\">Fanvil i62 es f\u00e1cil de conectar con otros dispositivos de seguridad.<\/li>\n<li style=\"text-align: justify;\">3 puertos de detecci\u00f3n cortos incorporados y 2 puertos de control de cortocircuito, se pueden integrar con la antena de bucle de inducci\u00f3n.<\/li>\n<\/ul>\n<p><!--more--><\/p>\n<h5 style=\"text-align: justify;\"><span style=\"text-decoration: underline;\"><strong>DOWNLOADS<\/strong><\/span><\/h5>\n<ul style=\"text-align: justify;\">\n<li><a href=\"https:\/\/drive.google.com\/file\/d\/1q-kQcIJpMu2kOY7OvTd0GQuht0KZp8bN\/view?usp=sharing\">\u2192 Technical specifications<\/a><\/li>\n<\/ul>","protected":false},"excerpt":{"rendered":"<p style=\"text-align: justify;\"><strong>FANVIL i62<\/strong><br \/>\nVideo puerta tel\u00e9fono PoE con c\u00e1mara de 2MP visi\u00f3n nocturna impermeable<\/p>\n<p><img decoding=\"async\" class=\"size-medium aligncenter\" src=\"https:\/\/tecplan.com.es\/wp-content\/uploads\/2025\/10\/logo-1-1.png\" width=\"76\" height=\"40\" \/><\/p>","protected":false},"featured_media":3976,"comment_status":"open","ping_status":"closed","template":"","meta":{"site-sidebar-layout":"default","site-content-layout":"","ast-site-content-layout":"default","site-content-style":"default","site-sidebar-style":"default","ast-global-header-display":"","ast-banner-title-visibility":"","ast-main-header-display":"","ast-hfb-above-header-display":"","ast-hfb-below-header-display":"","ast-hfb-mobile-header-display":"","site-post-title":"","ast-breadcrumbs-content":"","ast-featured-img":"","footer-sml-layout":"","ast-disable-related-posts":"","theme-transparent-header-meta":"default","adv-header-id-meta":"","stick-header-meta":"","header-above-stick-meta":"","header-main-stick-meta":"","header-below-stick-meta":"","astra-migrate-meta-layouts":"set","ast-page-background-enabled":"default","ast-page-background-meta":{"desktop":{"background-color":"var(--ast-global-color-5)","background-image":"","background-repeat":"repeat","background-position":"center center","background-size":"auto","background-attachment":"scroll","background-type":"","background-media":"","overlay-type":"","overlay-color":"","overlay-opacity":"","overlay-gradient":""},"tablet":{"background-color":"","background-image":"","background-repeat":"repeat","background-position":"center center","background-size":"auto","background-attachment":"scroll","background-type":"","background-media":"","overlay-type":"","overlay-color":"","overlay-opacity":"","overlay-gradient":""},"mobile":{"background-color":"","background-image":"","background-repeat":"repeat","background-position":"center center","background-size":"auto","background-attachment":"scroll","background-type":"","background-media":"","overlay-type":"","overlay-color":"","overlay-opacity":"","overlay-gradient":""}},"ast-content-background-meta":{"desktop":{"background-color":"var(--ast-global-color-4)","background-image":"","background-repeat":"repeat","background-position":"center center","background-size":"auto","background-attachment":"scroll","background-type":"","background-media":"","overlay-type":"","overlay-color":"","overlay-opacity":"","overlay-gradient":""},"tablet":{"background-color":"var(--ast-global-color-4)","background-image":"","background-repeat":"repeat","background-position":"center center","background-size":"auto","background-attachment":"scroll","background-type":"","background-media":"","overlay-type":"","overlay-color":"","overlay-opacity":"","overlay-gradient":""},"mobile":{"background-color":"var(--ast-global-color-4)","background-image":"","background-repeat":"repeat","background-position":"center center","background-size":"auto","background-attachment":"scroll","background-type":"","background-media":"","overlay-type":"","overlay-color":"","overlay-opacity":"","overlay-gradient":""}}},"product_brand":[298],"product_cat":[195,173,176],"product_tag":[299],"class_list":{"0":"post-3998","1":"product","2":"type-product","3":"status-publish","4":"has-post-thumbnail","6":"product_brand-fanvil","7":"product_cat-seguridad","8":"product_cat-seguridad-fisica","9":"product_cat-video-portero","10":"product_tag-fanvil","11":"desktop-align-left","12":"tablet-align-left","13":"mobile-align-left","15":"first","16":"instock","17":"shipping-taxable","18":"product-type-simple"},"yoast_head":"<!-- This site is optimized with the Yoast SEO plugin v25.3 - https:\/\/yoast.com\/wordpress\/plugins\/seo\/ -->\n<title>V\u00eddeo i62 por tel\u00e9fono - Tecplan<\/title>\n<meta name=\"robots\" content=\"index, follow, max-snippet:-1, max-image-preview:large, max-video-preview:-1\" \/>\n<link rel=\"canonical\" href=\"https:\/\/tecplan.com.es\/en\/product\/video-i62-por-telefono\/\" \/>\n<meta property=\"og:locale\" content=\"en_US\" \/>\n<meta property=\"og:type\" content=\"article\" \/>\n<meta property=\"og:title\" content=\"V\u00eddeo i62 por tel\u00e9fono - Tecplan\" \/>\n<meta property=\"og:description\" content=\"FANVIL i62 Video puerta tel\u00e9fono PoE con c\u00e1mara de 2MP visi\u00f3n nocturna impermeable\" \/>\n<meta property=\"og:url\" content=\"https:\/\/tecplan.com.es\/en\/product\/video-i62-por-telefono\/\" \/>\n<meta property=\"og:site_name\" content=\"Tecplan\" \/>\n<meta property=\"article:modified_time\" content=\"2025-10-20T22:11:21+00:00\" \/>\n<meta property=\"og:image\" content=\"https:\/\/tecplan.com.es\/wp-content\/uploads\/2025\/10\/163162062x.png\" \/>\n\t<meta property=\"og:image:width\" content=\"1000\" \/>\n\t<meta property=\"og:image:height\" content=\"759\" \/>\n\t<meta property=\"og:image:type\" content=\"image\/png\" \/>\n<meta name=\"twitter:card\" content=\"summary_large_image\" \/>\n<meta name=\"twitter:label1\" content=\"Est. reading time\" \/>\n\t<meta name=\"twitter:data1\" content=\"2 minutes\" \/>\n<script type=\"application\/ld+json\" class=\"yoast-schema-graph\">{\"@context\":\"https:\/\/schema.org\",\"@graph\":[{\"@type\":\"WebPage\",\"@id\":\"https:\/\/tecplan.com.es\/product\/video-i62-por-telefono\/\",\"url\":\"https:\/\/tecplan.com.es\/product\/video-i62-por-telefono\/\",\"name\":\"V\u00eddeo i62 por tel\u00e9fono - Tecplan\",\"isPartOf\":{\"@id\":\"https:\/\/tecplan.com.es\/#website\"},\"primaryImageOfPage\":{\"@id\":\"https:\/\/tecplan.com.es\/product\/video-i62-por-telefono\/#primaryimage\"},\"image\":{\"@id\":\"https:\/\/tecplan.com.es\/product\/video-i62-por-telefono\/#primaryimage\"},\"thumbnailUrl\":\"https:\/\/tecplan.com.es\/wp-content\/uploads\/2025\/10\/163162062x.png\",\"datePublished\":\"2025-10-17T23:01:55+00:00\",\"dateModified\":\"2025-10-20T22:11:21+00:00\",\"breadcrumb\":{\"@id\":\"https:\/\/tecplan.com.es\/product\/video-i62-por-telefono\/#breadcrumb\"},\"inLanguage\":\"en-US\",\"potentialAction\":[{\"@type\":\"ReadAction\",\"target\":[\"https:\/\/tecplan.com.es\/product\/video-i62-por-telefono\/\"]}]},{\"@type\":\"ImageObject\",\"inLanguage\":\"en-US\",\"@id\":\"https:\/\/tecplan.com.es\/product\/video-i62-por-telefono\/#primaryimage\",\"url\":\"https:\/\/tecplan.com.es\/wp-content\/uploads\/2025\/10\/163162062x.png\",\"contentUrl\":\"https:\/\/tecplan.com.es\/wp-content\/uploads\/2025\/10\/163162062x.png\",\"width\":1000,\"height\":759},{\"@type\":\"BreadcrumbList\",\"@id\":\"https:\/\/tecplan.com.es\/product\/video-i62-por-telefono\/#breadcrumb\",\"itemListElement\":[{\"@type\":\"ListItem\",\"position\":1,\"name\":\"Home\",\"item\":\"https:\/\/tecplan.com.es\/\"},{\"@type\":\"ListItem\",\"position\":2,\"name\":\"Shop\",\"item\":\"https:\/\/tecplan.com.es\/shop\/\"},{\"@type\":\"ListItem\",\"position\":3,\"name\":\"V\u00eddeo i62 por tel\u00e9fono\"}]},{\"@type\":\"WebSite\",\"@id\":\"https:\/\/tecplan.com.es\/#website\",\"url\":\"https:\/\/tecplan.com.es\/\",\"name\":\"Tecplan\",\"description\":\"\",\"potentialAction\":[{\"@type\":\"SearchAction\",\"target\":{\"@type\":\"EntryPoint\",\"urlTemplate\":\"https:\/\/tecplan.com.es\/?s={search_term_string}\"},\"query-input\":{\"@type\":\"PropertyValueSpecification\",\"valueRequired\":true,\"valueName\":\"search_term_string\"}}],\"inLanguage\":\"en-US\"}]}<\/script>\n<!-- \/ Yoast SEO plugin. -->","yoast_head_json":{"title":"V\u00eddeo i62 por tel\u00e9fono - Tecplan","robots":{"index":"index","follow":"follow","max-snippet":"max-snippet:-1","max-image-preview":"max-image-preview:large","max-video-preview":"max-video-preview:-1"},"canonical":"https:\/\/tecplan.com.es\/en\/product\/video-i62-por-telefono\/","og_locale":"en_US","og_type":"article","og_title":"V\u00eddeo i62 por tel\u00e9fono - Tecplan","og_description":"FANVIL i62 Video puerta tel\u00e9fono PoE con c\u00e1mara de 2MP visi\u00f3n nocturna impermeable","og_url":"https:\/\/tecplan.com.es\/en\/product\/video-i62-por-telefono\/","og_site_name":"Tecplan","article_modified_time":"2025-10-20T22:11:21+00:00","og_image":[{"width":1000,"height":759,"url":"https:\/\/tecplan.com.es\/wp-content\/uploads\/2025\/10\/163162062x.png","type":"image\/png"}],"twitter_card":"summary_large_image","twitter_misc":{"Est. reading time":"2 minutes"},"schema":{"@context":"https:\/\/schema.org","@graph":[{"@type":"WebPage","@id":"https:\/\/tecplan.com.es\/product\/video-i62-por-telefono\/","url":"https:\/\/tecplan.com.es\/product\/video-i62-por-telefono\/","name":"V\u00eddeo i62 por tel\u00e9fono - Tecplan","isPartOf":{"@id":"https:\/\/tecplan.com.es\/#website"},"primaryImageOfPage":{"@id":"https:\/\/tecplan.com.es\/product\/video-i62-por-telefono\/#primaryimage"},"image":{"@id":"https:\/\/tecplan.com.es\/product\/video-i62-por-telefono\/#primaryimage"},"thumbnailUrl":"https:\/\/tecplan.com.es\/wp-content\/uploads\/2025\/10\/163162062x.png","datePublished":"2025-10-17T23:01:55+00:00","dateModified":"2025-10-20T22:11:21+00:00","breadcrumb":{"@id":"https:\/\/tecplan.com.es\/product\/video-i62-por-telefono\/#breadcrumb"},"inLanguage":"en-US","potentialAction":[{"@type":"ReadAction","target":["https:\/\/tecplan.com.es\/product\/video-i62-por-telefono\/"]}]},{"@type":"ImageObject","inLanguage":"en-US","@id":"https:\/\/tecplan.com.es\/product\/video-i62-por-telefono\/#primaryimage","url":"https:\/\/tecplan.com.es\/wp-content\/uploads\/2025\/10\/163162062x.png","contentUrl":"https:\/\/tecplan.com.es\/wp-content\/uploads\/2025\/10\/163162062x.png","width":1000,"height":759},{"@type":"BreadcrumbList","@id":"https:\/\/tecplan.com.es\/product\/video-i62-por-telefono\/#breadcrumb","itemListElement":[{"@type":"ListItem","position":1,"name":"Home","item":"https:\/\/tecplan.com.es\/"},{"@type":"ListItem","position":2,"name":"Shop","item":"https:\/\/tecplan.com.es\/shop\/"},{"@type":"ListItem","position":3,"name":"V\u00eddeo i62 por tel\u00e9fono"}]},{"@type":"WebSite","@id":"https:\/\/tecplan.com.es\/#website","url":"https:\/\/tecplan.com.es\/","name":"Tecplan","description":"","potentialAction":[{"@type":"SearchAction","target":{"@type":"EntryPoint","urlTemplate":"https:\/\/tecplan.com.es\/?s={search_term_string}"},"query-input":{"@type":"PropertyValueSpecification","valueRequired":true,"valueName":"search_term_string"}}],"inLanguage":"en-US"}]}},"_links":{"self":[{"href":"https:\/\/tecplan.com.es\/en\/wp-json\/wp\/v2\/product\/3998","targetHints":{"allow":["GET"]}}],"collection":[{"href":"https:\/\/tecplan.com.es\/en\/wp-json\/wp\/v2\/product"}],"about":[{"href":"https:\/\/tecplan.com.es\/en\/wp-json\/wp\/v2\/types\/product"}],"replies":[{"embeddable":true,"href":"https:\/\/tecplan.com.es\/en\/wp-json\/wp\/v2\/comments?post=3998"}],"version-history":[{"count":2,"href":"https:\/\/tecplan.com.es\/en\/wp-json\/wp\/v2\/product\/3998\/revisions"}],"predecessor-version":[{"id":4051,"href":"https:\/\/tecplan.com.es\/en\/wp-json\/wp\/v2\/product\/3998\/revisions\/4051"}],"wp:featuredmedia":[{"embeddable":true,"href":"https:\/\/tecplan.com.es\/en\/wp-json\/wp\/v2\/media\/3976"}],"wp:attachment":[{"href":"https:\/\/tecplan.com.es\/en\/wp-json\/wp\/v2\/media?parent=3998"}],"wp:term":[{"taxonomy":"product_brand","embeddable":true,"href":"https:\/\/tecplan.com.es\/en\/wp-json\/wp\/v2\/product_brand?post=3998"},{"taxonomy":"product_cat","embeddable":true,"href":"https:\/\/tecplan.com.es\/en\/wp-json\/wp\/v2\/product_cat?post=3998"},{"taxonomy":"product_tag","embeddable":true,"href":"https:\/\/tecplan.com.es\/en\/wp-json\/wp\/v2\/product_tag?post=3998"}],"curies":[{"name":"wp","href":"https:\/\/api.w.org\/{rel}","templated":true}]}}