{"id":3973,"date":"2025-10-16T23:20:07","date_gmt":"2025-10-16T23:20:07","guid":{"rendered":"https:\/\/tecplan.com.es\/product\/keyless-padlock\/"},"modified":"2025-10-20T17:55:47","modified_gmt":"2025-10-20T17:55:47","slug":"keyless-padlock","status":"publish","type":"product","link":"https:\/\/tecplan.com.es\/en\/product\/keyless-padlock\/","title":{"rendered":"Keyless padlock"},"content":{"rendered":"<p style=\"text-align: justify;\"><strong>Keyless padlock HIZIMA<\/strong><\/p>\n<p style=\"text-align: justify;\"><span class=\"svelte-1h0qgmu\" style=\"font-size: 16px;\">Hizima se especializa en <\/span><span style=\"font-size: 16px;\"><strong class=\"svelte-1h0qgmu\"><span class=\"svelte-1h0qgmu\">candados inteligentes sin llave<\/span><\/strong><span class=\"svelte-1h0qgmu\"> Dise\u00f1ado para uso industrial y exterior, ofreciendo control de acceso avanzado sin llaves f\u00edsicas. Estos candados son parte de una soluci\u00f3n de acceso inteligente m\u00e1s amplia dirigida a los sectores de telecomunicaciones, energ\u00eda, log\u00edstica y transporte. Estas cerraduras son ideales para asegurar gabinetes, puertas de cercas, pozos de registro y otras infraestructuras cr\u00edticas donde la confiabilidad y el acceso remoto son esenciales.<\/span><\/span><\/p>\n<div class=\"message assistant llm-output svelte-1ra6bzi\">\n<ul>\n<li class=\"svelte-1h0qgmu\"><span class=\"svelte-1h0qgmu\">Las caracter\u00edsticas principales de los candados sin llave Hizima incluyen:<\/span><\/li>\n<li>Desbloqueo habilitado por Bluetooth\u00a0a trav\u00e9s de una aplicaci\u00f3n m\u00f3vil<\/li>\n<li>Funcionamiento sin bater\u00eda\u00a0\u2013 alimentado por una llave inteligente o un sistema electr\u00f3nico pasivo<\/li>\n<li>Clasificaci\u00f3n IP65 a IP68\u00a0\u2013 impermeable, a prueba de polvo y resistente a la corrosi\u00f3n para entornos hostiles<\/li>\n<li>Seguridad incorporada\u00a0con cifrado AES de 128 bits y autenticaci\u00f3n bidireccional<\/li>\n<li>Gesti\u00f3n remota\u00a0a trav\u00e9s de una plataforma centralizada para control de acceso en tiempo real y registros de auditor\u00eda<\/li>\n<li>Construcci\u00f3n duradera utilizando cuerpos de acero inoxidable y grilletes de aleaci\u00f3n endurecida.<\/li>\n<li>Cerradura para todo tipo de clima con certicaci\u00f3n IP68.<\/li>\n<li>Funcionamiento sin llave, desbloqueo mediante conexi\u00f3n Bluetooth o sistema de c\u00f3digo de seguridad.<\/li>\n<li>Bater\u00eda reemplazable, duraci\u00f3n de 3 a 5 a\u00f1os, con un desbloqueo diario.<\/li>\n<li>Alimentaci\u00f3n de emergencia.<\/li>\n<li>Compartimento de aislamiento met\u00e1lico para mayor resistencia a da\u00f1os violentos.<\/li>\n<li>Excelente resistencia a la corrosi\u00f3n, adaptable a condiciones de funcionamiento adversas causadas por la corrosi\u00f3n atmosf\u00e9rica marina.<\/li>\n<li>Temperatura de funcionamiento: -35 ~ 70 \u00b0C.<\/li>\n<\/ul>\n<\/div>\n<p style=\"text-align: justify;\"><strong>Specs<\/strong><br \/>\n\u2022 Modelo: ZMP-40\/40K<br \/>\n\u2022 Bluetooth: BLE 5.0<br \/>\n\u2022 Bater\u00eda: Bater\u00eda de litio desechable CR-2<br \/>\n\u2022 Alimentaci\u00f3n de emergencia: CC 5 V<br \/>\n\u2022 Peso: 610 g<br \/>\n\u2022 Dimensiones: 119 x 65 x 30 mm<br \/>\n\u2022 Materiales del cuerpo de la cerradura: SUS304, ABS\/PC<br \/>\n\u2022 Dimensiones del arco: Di\u00e1metro 11 mm,<br \/>\n\u2022 longitud 44 mm<br \/>\n\u2022 Materiales del arco: Acero de aleaci\u00f3n endurecido<br \/>\n\u2022 (HRC 40-50) con cromado (965HV0.1)<br \/>\n\u2022 Prueba de niebla salina \u00e1cida AASS: &gt;96 h<\/p>\n<p>&nbsp;<\/p>","protected":false},"excerpt":{"rendered":"<p style=\"text-align: justify;\">Desbloqueo mediante conexi\u00f3n Bluetooth o sistema de c\u00f3digo de respaldo.<\/p>\n<p><!--more--><\/p>\n<p><img decoding=\"async\" class=\"aligncenter\" src=\"https:\/\/tecplan.com.es\/wp-content\/uploads\/2025\/10\/logo-hizima-scaled.jpg\" width=\"160\" height=\"255\" \/><\/p>","protected":false},"featured_media":3965,"comment_status":"open","ping_status":"closed","template":"","meta":{"site-sidebar-layout":"default","site-content-layout":"","ast-site-content-layout":"default","site-content-style":"default","site-sidebar-style":"default","ast-global-header-display":"","ast-banner-title-visibility":"","ast-main-header-display":"","ast-hfb-above-header-display":"","ast-hfb-below-header-display":"","ast-hfb-mobile-header-display":"","site-post-title":"","ast-breadcrumbs-content":"","ast-featured-img":"","footer-sml-layout":"","ast-disable-related-posts":"","theme-transparent-header-meta":"default","adv-header-id-meta":"","stick-header-meta":"","header-above-stick-meta":"","header-main-stick-meta":"","header-below-stick-meta":"","astra-migrate-meta-layouts":"set","ast-page-background-enabled":"default","ast-page-background-meta":{"desktop":{"background-color":"var(--ast-global-color-5)","background-image":"","background-repeat":"repeat","background-position":"center center","background-size":"auto","background-attachment":"scroll","background-type":"","background-media":"","overlay-type":"","overlay-color":"","overlay-opacity":"","overlay-gradient":""},"tablet":{"background-color":"","background-image":"","background-repeat":"repeat","background-position":"center center","background-size":"auto","background-attachment":"scroll","background-type":"","background-media":"","overlay-type":"","overlay-color":"","overlay-opacity":"","overlay-gradient":""},"mobile":{"background-color":"","background-image":"","background-repeat":"repeat","background-position":"center center","background-size":"auto","background-attachment":"scroll","background-type":"","background-media":"","overlay-type":"","overlay-color":"","overlay-opacity":"","overlay-gradient":""}},"ast-content-background-meta":{"desktop":{"background-color":"var(--ast-global-color-4)","background-image":"","background-repeat":"repeat","background-position":"center center","background-size":"auto","background-attachment":"scroll","background-type":"","background-media":"","overlay-type":"","overlay-color":"","overlay-opacity":"","overlay-gradient":""},"tablet":{"background-color":"var(--ast-global-color-4)","background-image":"","background-repeat":"repeat","background-position":"center center","background-size":"auto","background-attachment":"scroll","background-type":"","background-media":"","overlay-type":"","overlay-color":"","overlay-opacity":"","overlay-gradient":""},"mobile":{"background-color":"var(--ast-global-color-4)","background-image":"","background-repeat":"repeat","background-position":"center center","background-size":"auto","background-attachment":"scroll","background-type":"","background-media":"","overlay-type":"","overlay-color":"","overlay-opacity":"","overlay-gradient":""}}},"product_brand":[297],"product_cat":[174,195,173],"product_tag":[230],"class_list":{"0":"post-3973","1":"product","2":"type-product","3":"status-publish","4":"has-post-thumbnail","6":"product_brand-zkteco","7":"product_cat-control-de-ingreso","8":"product_cat-seguridad","9":"product_cat-seguridad-fisica","10":"product_tag-zkteco","11":"desktop-align-left","12":"tablet-align-left","13":"mobile-align-left","15":"first","16":"instock","17":"shipping-taxable","18":"product-type-simple"},"yoast_head":"<!-- This site is optimized with the Yoast SEO plugin v25.3 - https:\/\/yoast.com\/wordpress\/plugins\/seo\/ -->\n<title>Keyless padlock - Tecplan<\/title>\n<meta name=\"robots\" content=\"index, follow, max-snippet:-1, max-image-preview:large, max-video-preview:-1\" \/>\n<link rel=\"canonical\" href=\"https:\/\/tecplan.com.es\/en\/product\/keyless-padlock\/\" \/>\n<meta property=\"og:locale\" content=\"en_US\" \/>\n<meta property=\"og:type\" content=\"article\" \/>\n<meta property=\"og:title\" content=\"Keyless padlock - Tecplan\" \/>\n<meta property=\"og:description\" content=\"Desbloqueo mediante conexi\u00f3n Bluetooth o sistema de c\u00f3digo de respaldo.\" \/>\n<meta property=\"og:url\" content=\"https:\/\/tecplan.com.es\/en\/product\/keyless-padlock\/\" \/>\n<meta property=\"og:site_name\" content=\"Tecplan\" \/>\n<meta property=\"article:modified_time\" content=\"2025-10-20T17:55:47+00:00\" \/>\n<meta property=\"og:image\" content=\"https:\/\/tecplan.com.es\/wp-content\/uploads\/2025\/10\/Keyless_01-scaled.jpg\" \/>\n\t<meta property=\"og:image:width\" content=\"2560\" \/>\n\t<meta property=\"og:image:height\" content=\"2560\" \/>\n\t<meta property=\"og:image:type\" content=\"image\/jpeg\" \/>\n<meta name=\"twitter:card\" content=\"summary_large_image\" \/>\n<meta name=\"twitter:label1\" content=\"Est. reading time\" \/>\n\t<meta name=\"twitter:data1\" content=\"2 minutes\" \/>\n<script type=\"application\/ld+json\" class=\"yoast-schema-graph\">{\"@context\":\"https:\/\/schema.org\",\"@graph\":[{\"@type\":\"WebPage\",\"@id\":\"https:\/\/tecplan.com.es\/product\/keyless-padlock\/\",\"url\":\"https:\/\/tecplan.com.es\/product\/keyless-padlock\/\",\"name\":\"Keyless padlock - Tecplan\",\"isPartOf\":{\"@id\":\"https:\/\/tecplan.com.es\/#website\"},\"primaryImageOfPage\":{\"@id\":\"https:\/\/tecplan.com.es\/product\/keyless-padlock\/#primaryimage\"},\"image\":{\"@id\":\"https:\/\/tecplan.com.es\/product\/keyless-padlock\/#primaryimage\"},\"thumbnailUrl\":\"https:\/\/tecplan.com.es\/wp-content\/uploads\/2025\/10\/Keyless_01-scaled.jpg\",\"datePublished\":\"2025-10-16T23:20:07+00:00\",\"dateModified\":\"2025-10-20T17:55:47+00:00\",\"breadcrumb\":{\"@id\":\"https:\/\/tecplan.com.es\/product\/keyless-padlock\/#breadcrumb\"},\"inLanguage\":\"en-US\",\"potentialAction\":[{\"@type\":\"ReadAction\",\"target\":[\"https:\/\/tecplan.com.es\/product\/keyless-padlock\/\"]}]},{\"@type\":\"ImageObject\",\"inLanguage\":\"en-US\",\"@id\":\"https:\/\/tecplan.com.es\/product\/keyless-padlock\/#primaryimage\",\"url\":\"https:\/\/tecplan.com.es\/wp-content\/uploads\/2025\/10\/Keyless_01-scaled.jpg\",\"contentUrl\":\"https:\/\/tecplan.com.es\/wp-content\/uploads\/2025\/10\/Keyless_01-scaled.jpg\",\"width\":2560,\"height\":2560},{\"@type\":\"BreadcrumbList\",\"@id\":\"https:\/\/tecplan.com.es\/product\/keyless-padlock\/#breadcrumb\",\"itemListElement\":[{\"@type\":\"ListItem\",\"position\":1,\"name\":\"Home\",\"item\":\"https:\/\/tecplan.com.es\/\"},{\"@type\":\"ListItem\",\"position\":2,\"name\":\"Shop\",\"item\":\"https:\/\/tecplan.com.es\/shop\/\"},{\"@type\":\"ListItem\",\"position\":3,\"name\":\"Keyless padlock\"}]},{\"@type\":\"WebSite\",\"@id\":\"https:\/\/tecplan.com.es\/#website\",\"url\":\"https:\/\/tecplan.com.es\/\",\"name\":\"Tecplan\",\"description\":\"\",\"potentialAction\":[{\"@type\":\"SearchAction\",\"target\":{\"@type\":\"EntryPoint\",\"urlTemplate\":\"https:\/\/tecplan.com.es\/?s={search_term_string}\"},\"query-input\":{\"@type\":\"PropertyValueSpecification\",\"valueRequired\":true,\"valueName\":\"search_term_string\"}}],\"inLanguage\":\"en-US\"}]}<\/script>\n<!-- \/ Yoast SEO plugin. -->","yoast_head_json":{"title":"Keyless padlock - Tecplan","robots":{"index":"index","follow":"follow","max-snippet":"max-snippet:-1","max-image-preview":"max-image-preview:large","max-video-preview":"max-video-preview:-1"},"canonical":"https:\/\/tecplan.com.es\/en\/product\/keyless-padlock\/","og_locale":"en_US","og_type":"article","og_title":"Keyless padlock - Tecplan","og_description":"Desbloqueo mediante conexi\u00f3n Bluetooth o sistema de c\u00f3digo de respaldo.","og_url":"https:\/\/tecplan.com.es\/en\/product\/keyless-padlock\/","og_site_name":"Tecplan","article_modified_time":"2025-10-20T17:55:47+00:00","og_image":[{"width":2560,"height":2560,"url":"https:\/\/tecplan.com.es\/wp-content\/uploads\/2025\/10\/Keyless_01-scaled.jpg","type":"image\/jpeg"}],"twitter_card":"summary_large_image","twitter_misc":{"Est. reading time":"2 minutes"},"schema":{"@context":"https:\/\/schema.org","@graph":[{"@type":"WebPage","@id":"https:\/\/tecplan.com.es\/product\/keyless-padlock\/","url":"https:\/\/tecplan.com.es\/product\/keyless-padlock\/","name":"Keyless padlock - Tecplan","isPartOf":{"@id":"https:\/\/tecplan.com.es\/#website"},"primaryImageOfPage":{"@id":"https:\/\/tecplan.com.es\/product\/keyless-padlock\/#primaryimage"},"image":{"@id":"https:\/\/tecplan.com.es\/product\/keyless-padlock\/#primaryimage"},"thumbnailUrl":"https:\/\/tecplan.com.es\/wp-content\/uploads\/2025\/10\/Keyless_01-scaled.jpg","datePublished":"2025-10-16T23:20:07+00:00","dateModified":"2025-10-20T17:55:47+00:00","breadcrumb":{"@id":"https:\/\/tecplan.com.es\/product\/keyless-padlock\/#breadcrumb"},"inLanguage":"en-US","potentialAction":[{"@type":"ReadAction","target":["https:\/\/tecplan.com.es\/product\/keyless-padlock\/"]}]},{"@type":"ImageObject","inLanguage":"en-US","@id":"https:\/\/tecplan.com.es\/product\/keyless-padlock\/#primaryimage","url":"https:\/\/tecplan.com.es\/wp-content\/uploads\/2025\/10\/Keyless_01-scaled.jpg","contentUrl":"https:\/\/tecplan.com.es\/wp-content\/uploads\/2025\/10\/Keyless_01-scaled.jpg","width":2560,"height":2560},{"@type":"BreadcrumbList","@id":"https:\/\/tecplan.com.es\/product\/keyless-padlock\/#breadcrumb","itemListElement":[{"@type":"ListItem","position":1,"name":"Home","item":"https:\/\/tecplan.com.es\/"},{"@type":"ListItem","position":2,"name":"Shop","item":"https:\/\/tecplan.com.es\/shop\/"},{"@type":"ListItem","position":3,"name":"Keyless padlock"}]},{"@type":"WebSite","@id":"https:\/\/tecplan.com.es\/#website","url":"https:\/\/tecplan.com.es\/","name":"Tecplan","description":"","potentialAction":[{"@type":"SearchAction","target":{"@type":"EntryPoint","urlTemplate":"https:\/\/tecplan.com.es\/?s={search_term_string}"},"query-input":{"@type":"PropertyValueSpecification","valueRequired":true,"valueName":"search_term_string"}}],"inLanguage":"en-US"}]}},"_links":{"self":[{"href":"https:\/\/tecplan.com.es\/en\/wp-json\/wp\/v2\/product\/3973","targetHints":{"allow":["GET"]}}],"collection":[{"href":"https:\/\/tecplan.com.es\/en\/wp-json\/wp\/v2\/product"}],"about":[{"href":"https:\/\/tecplan.com.es\/en\/wp-json\/wp\/v2\/types\/product"}],"replies":[{"embeddable":true,"href":"https:\/\/tecplan.com.es\/en\/wp-json\/wp\/v2\/comments?post=3973"}],"version-history":[{"count":3,"href":"https:\/\/tecplan.com.es\/en\/wp-json\/wp\/v2\/product\/3973\/revisions"}],"predecessor-version":[{"id":4042,"href":"https:\/\/tecplan.com.es\/en\/wp-json\/wp\/v2\/product\/3973\/revisions\/4042"}],"wp:featuredmedia":[{"embeddable":true,"href":"https:\/\/tecplan.com.es\/en\/wp-json\/wp\/v2\/media\/3965"}],"wp:attachment":[{"href":"https:\/\/tecplan.com.es\/en\/wp-json\/wp\/v2\/media?parent=3973"}],"wp:term":[{"taxonomy":"product_brand","embeddable":true,"href":"https:\/\/tecplan.com.es\/en\/wp-json\/wp\/v2\/product_brand?post=3973"},{"taxonomy":"product_cat","embeddable":true,"href":"https:\/\/tecplan.com.es\/en\/wp-json\/wp\/v2\/product_cat?post=3973"},{"taxonomy":"product_tag","embeddable":true,"href":"https:\/\/tecplan.com.es\/en\/wp-json\/wp\/v2\/product_tag?post=3973"}],"curies":[{"name":"wp","href":"https:\/\/api.w.org\/{rel}","templated":true}]}}