{"id":3972,"date":"2025-10-16T23:20:07","date_gmt":"2025-10-16T23:20:07","guid":{"rendered":"https:\/\/tecplan.com.es\/product\/controlador-de-terminal-aheb-0808\/"},"modified":"2025-10-20T21:52:27","modified_gmt":"2025-10-20T21:52:27","slug":"controlador-de-terminal-aheb-0808","status":"publish","type":"product","link":"https:\/\/tecplan.com.es\/en\/product\/controlador-de-terminal-aheb-0808\/","title":{"rendered":"Controlador de Terminal AHEB-0808"},"content":{"rendered":"<p><strong>AHEB-0808 Controlador de Terminal Inteligente<\/strong><\/p>\n<p style=\"text-align: justify;\">Este dispositivo permite una escalabilidad significativa, soportando hasta 384 entradas y 385 salidas cuando se utiliza con un solo controlador AHDU. La comunicaci\u00f3n se realiza mediante el protocolo OSDP V2.2 sobre RS-485, garantizando una transmisi\u00f3n de datos cifrada y segura con cifrado AES-128.<\/p>\n<p style=\"text-align: justify;\">El AHEB-0808 cuenta con 8 entradas supervisadas con estado (4 estados: Inactivo, Activo, Cortocircuito y Abierto), lo que mejora la seguridad al mitigar ataques de cortocircuito. Incluye 8 salidas de rel\u00e9 con contactos Form-C (seco), adecuadas para controlar dispositivos externos. Su rango de voltaje de alimentaci\u00f3n es de 12 a 24 VDC \u00b1 20%, con una corriente m\u00e1xima de 550 mA. El dispositivo tambi\u00e9n incorpora funciones de detecci\u00f3n de fallo de alimentaci\u00f3n AC, detecci\u00f3n de bater\u00eda de respaldo y entrada de tamper, lo que permite una supervisi\u00f3n completa del sistema.<\/p>\n<ul>\n<li style=\"text-align: justify;\">Entradas supervisadas<\/li>\n<li style=\"text-align: justify;\">Rel\u00e9 de E\/S disponible. 2\/ 8\/ 16\/ etc.<\/li>\n<li style=\"text-align: justify;\">Numero de puertos: 1*RS-485 8*entrada supervisada (AUX IN) 8*salida de rel\u00e9 (AUX OUT) 1*entrada de alimentaci\u00f3n (PWR IN)<\/li>\n<li style=\"text-align: justify;\">1*salida de alimentaci\u00f3n (PWR OUT)<\/li>\n<li style=\"text-align: justify;\">\u00a01*detecci\u00f3n de alimentaci\u00f3n (AC Fail)<\/li>\n<li style=\"text-align: justify;\">1*detecci\u00f3n de bater\u00eda de reserva (BAT Fail)<\/li>\n<li style=\"text-align: justify;\">1*entrada de sabotaje (TMPR)<\/li>\n<li style=\"text-align: justify;\">\u00a0Entradas: Supervisi\u00f3n de 4 estados, valores de resistencia (tolerancia del 5%).<\/li>\n<\/ul>","protected":false},"excerpt":{"rendered":"<p style=\"text-align: justify;\">El controlador de terminal inteligente AHEB-0808 es una placa de expansi\u00f3n de entrada\/salida dise\u00f1ada para sistemas de seguridad de la serie ARMATURA de ZKTeco, compatible con controladores AHSC-1000 y AHDU.<\/p>\n<p>&nbsp;<\/p>\n<p><img decoding=\"async\" class=\"wp-image-3915 aligncenter\" src=\"https:\/\/tecplan.com.es\/wp-content\/uploads\/2025\/10\/ZKTeco_-300x91.png\" alt=\"\" width=\"138\" height=\"41\" srcset=\"https:\/\/tecplan.com.es\/wp-content\/uploads\/2025\/10\/ZKTeco_-300x91.png 300w, https:\/\/tecplan.com.es\/wp-content\/uploads\/2025\/10\/ZKTeco_-18x5.png 18w, https:\/\/tecplan.com.es\/wp-content\/uploads\/2025\/10\/ZKTeco_.png 373w\" sizes=\"(max-width: 138px) 100vw, 138px\" \/><\/p>","protected":false},"featured_media":3962,"comment_status":"open","ping_status":"closed","template":"","meta":{"site-sidebar-layout":"default","site-content-layout":"","ast-site-content-layout":"default","site-content-style":"default","site-sidebar-style":"default","ast-global-header-display":"","ast-banner-title-visibility":"","ast-main-header-display":"","ast-hfb-above-header-display":"","ast-hfb-below-header-display":"","ast-hfb-mobile-header-display":"","site-post-title":"","ast-breadcrumbs-content":"","ast-featured-img":"","footer-sml-layout":"","ast-disable-related-posts":"","theme-transparent-header-meta":"default","adv-header-id-meta":"","stick-header-meta":"","header-above-stick-meta":"","header-main-stick-meta":"","header-below-stick-meta":"","astra-migrate-meta-layouts":"set","ast-page-background-enabled":"default","ast-page-background-meta":{"desktop":{"background-color":"var(--ast-global-color-5)","background-image":"","background-repeat":"repeat","background-position":"center center","background-size":"auto","background-attachment":"scroll","background-type":"","background-media":"","overlay-type":"","overlay-color":"","overlay-opacity":"","overlay-gradient":""},"tablet":{"background-color":"","background-image":"","background-repeat":"repeat","background-position":"center center","background-size":"auto","background-attachment":"scroll","background-type":"","background-media":"","overlay-type":"","overlay-color":"","overlay-opacity":"","overlay-gradient":""},"mobile":{"background-color":"","background-image":"","background-repeat":"repeat","background-position":"center center","background-size":"auto","background-attachment":"scroll","background-type":"","background-media":"","overlay-type":"","overlay-color":"","overlay-opacity":"","overlay-gradient":""}},"ast-content-background-meta":{"desktop":{"background-color":"var(--ast-global-color-4)","background-image":"","background-repeat":"repeat","background-position":"center center","background-size":"auto","background-attachment":"scroll","background-type":"","background-media":"","overlay-type":"","overlay-color":"","overlay-opacity":"","overlay-gradient":""},"tablet":{"background-color":"var(--ast-global-color-4)","background-image":"","background-repeat":"repeat","background-position":"center center","background-size":"auto","background-attachment":"scroll","background-type":"","background-media":"","overlay-type":"","overlay-color":"","overlay-opacity":"","overlay-gradient":""},"mobile":{"background-color":"var(--ast-global-color-4)","background-image":"","background-repeat":"repeat","background-position":"center center","background-size":"auto","background-attachment":"scroll","background-type":"","background-media":"","overlay-type":"","overlay-color":"","overlay-opacity":"","overlay-gradient":""}}},"product_brand":[297],"product_cat":[174,252,195,173],"product_tag":[230],"class_list":{"0":"post-3972","1":"product","2":"type-product","3":"status-publish","4":"has-post-thumbnail","6":"product_brand-zkteco","7":"product_cat-control-de-ingreso","8":"product_cat-seg-otros","9":"product_cat-seguridad","10":"product_cat-seguridad-fisica","11":"product_tag-zkteco","12":"desktop-align-left","13":"tablet-align-left","14":"mobile-align-left","16":"first","17":"instock","18":"shipping-taxable","19":"product-type-simple"},"yoast_head":"<!-- This site is optimized with the Yoast SEO plugin v25.3 - https:\/\/yoast.com\/wordpress\/plugins\/seo\/ -->\n<title>Controlador de Terminal AHEB-0808 - Tecplan<\/title>\n<meta name=\"robots\" content=\"index, follow, max-snippet:-1, max-image-preview:large, max-video-preview:-1\" \/>\n<link rel=\"canonical\" href=\"https:\/\/tecplan.com.es\/en\/product\/controlador-de-terminal-aheb-0808\/\" \/>\n<meta property=\"og:locale\" content=\"en_US\" \/>\n<meta property=\"og:type\" content=\"article\" \/>\n<meta property=\"og:title\" content=\"Controlador de Terminal AHEB-0808 - Tecplan\" \/>\n<meta property=\"og:description\" content=\"El controlador de terminal inteligente AHEB-0808 es una placa de expansi\u00f3n de entrada\/salida dise\u00f1ada para sistemas de seguridad de la serie ARMATURA de ZKTeco, compatible con controladores AHSC-1000 y AHDU. &nbsp;\" \/>\n<meta property=\"og:url\" content=\"https:\/\/tecplan.com.es\/en\/product\/controlador-de-terminal-aheb-0808\/\" \/>\n<meta property=\"og:site_name\" content=\"Tecplan\" \/>\n<meta property=\"article:modified_time\" content=\"2025-10-20T21:52:27+00:00\" \/>\n<meta property=\"og:image\" content=\"https:\/\/tecplan.com.es\/wp-content\/uploads\/2025\/10\/AHEB-0808_-scaled.jpg\" \/>\n\t<meta property=\"og:image:width\" content=\"2560\" \/>\n\t<meta property=\"og:image:height\" content=\"2560\" \/>\n\t<meta property=\"og:image:type\" content=\"image\/jpeg\" \/>\n<meta name=\"twitter:card\" content=\"summary_large_image\" \/>\n<meta name=\"twitter:label1\" content=\"Est. reading time\" \/>\n\t<meta name=\"twitter:data1\" content=\"2 minutes\" \/>\n<script type=\"application\/ld+json\" class=\"yoast-schema-graph\">{\"@context\":\"https:\/\/schema.org\",\"@graph\":[{\"@type\":\"WebPage\",\"@id\":\"https:\/\/tecplan.com.es\/product\/controlador-de-terminal-aheb-0808\/\",\"url\":\"https:\/\/tecplan.com.es\/product\/controlador-de-terminal-aheb-0808\/\",\"name\":\"Controlador de Terminal AHEB-0808 - Tecplan\",\"isPartOf\":{\"@id\":\"https:\/\/tecplan.com.es\/#website\"},\"primaryImageOfPage\":{\"@id\":\"https:\/\/tecplan.com.es\/product\/controlador-de-terminal-aheb-0808\/#primaryimage\"},\"image\":{\"@id\":\"https:\/\/tecplan.com.es\/product\/controlador-de-terminal-aheb-0808\/#primaryimage\"},\"thumbnailUrl\":\"https:\/\/tecplan.com.es\/wp-content\/uploads\/2025\/10\/AHEB-0808_-scaled.jpg\",\"datePublished\":\"2025-10-16T23:20:07+00:00\",\"dateModified\":\"2025-10-20T21:52:27+00:00\",\"breadcrumb\":{\"@id\":\"https:\/\/tecplan.com.es\/product\/controlador-de-terminal-aheb-0808\/#breadcrumb\"},\"inLanguage\":\"en-US\",\"potentialAction\":[{\"@type\":\"ReadAction\",\"target\":[\"https:\/\/tecplan.com.es\/product\/controlador-de-terminal-aheb-0808\/\"]}]},{\"@type\":\"ImageObject\",\"inLanguage\":\"en-US\",\"@id\":\"https:\/\/tecplan.com.es\/product\/controlador-de-terminal-aheb-0808\/#primaryimage\",\"url\":\"https:\/\/tecplan.com.es\/wp-content\/uploads\/2025\/10\/AHEB-0808_-scaled.jpg\",\"contentUrl\":\"https:\/\/tecplan.com.es\/wp-content\/uploads\/2025\/10\/AHEB-0808_-scaled.jpg\",\"width\":2560,\"height\":2560},{\"@type\":\"BreadcrumbList\",\"@id\":\"https:\/\/tecplan.com.es\/product\/controlador-de-terminal-aheb-0808\/#breadcrumb\",\"itemListElement\":[{\"@type\":\"ListItem\",\"position\":1,\"name\":\"Home\",\"item\":\"https:\/\/tecplan.com.es\/\"},{\"@type\":\"ListItem\",\"position\":2,\"name\":\"Shop\",\"item\":\"https:\/\/tecplan.com.es\/shop\/\"},{\"@type\":\"ListItem\",\"position\":3,\"name\":\"Controlador de Terminal AHEB-0808\"}]},{\"@type\":\"WebSite\",\"@id\":\"https:\/\/tecplan.com.es\/#website\",\"url\":\"https:\/\/tecplan.com.es\/\",\"name\":\"Tecplan\",\"description\":\"\",\"potentialAction\":[{\"@type\":\"SearchAction\",\"target\":{\"@type\":\"EntryPoint\",\"urlTemplate\":\"https:\/\/tecplan.com.es\/?s={search_term_string}\"},\"query-input\":{\"@type\":\"PropertyValueSpecification\",\"valueRequired\":true,\"valueName\":\"search_term_string\"}}],\"inLanguage\":\"en-US\"}]}<\/script>\n<!-- \/ Yoast SEO plugin. -->","yoast_head_json":{"title":"Controlador de Terminal AHEB-0808 - Tecplan","robots":{"index":"index","follow":"follow","max-snippet":"max-snippet:-1","max-image-preview":"max-image-preview:large","max-video-preview":"max-video-preview:-1"},"canonical":"https:\/\/tecplan.com.es\/en\/product\/controlador-de-terminal-aheb-0808\/","og_locale":"en_US","og_type":"article","og_title":"Controlador de Terminal AHEB-0808 - Tecplan","og_description":"El controlador de terminal inteligente AHEB-0808 es una placa de expansi\u00f3n de entrada\/salida dise\u00f1ada para sistemas de seguridad de la serie ARMATURA de ZKTeco, compatible con controladores AHSC-1000 y AHDU. &nbsp;","og_url":"https:\/\/tecplan.com.es\/en\/product\/controlador-de-terminal-aheb-0808\/","og_site_name":"Tecplan","article_modified_time":"2025-10-20T21:52:27+00:00","og_image":[{"width":2560,"height":2560,"url":"https:\/\/tecplan.com.es\/wp-content\/uploads\/2025\/10\/AHEB-0808_-scaled.jpg","type":"image\/jpeg"}],"twitter_card":"summary_large_image","twitter_misc":{"Est. reading time":"2 minutes"},"schema":{"@context":"https:\/\/schema.org","@graph":[{"@type":"WebPage","@id":"https:\/\/tecplan.com.es\/product\/controlador-de-terminal-aheb-0808\/","url":"https:\/\/tecplan.com.es\/product\/controlador-de-terminal-aheb-0808\/","name":"Controlador de Terminal AHEB-0808 - Tecplan","isPartOf":{"@id":"https:\/\/tecplan.com.es\/#website"},"primaryImageOfPage":{"@id":"https:\/\/tecplan.com.es\/product\/controlador-de-terminal-aheb-0808\/#primaryimage"},"image":{"@id":"https:\/\/tecplan.com.es\/product\/controlador-de-terminal-aheb-0808\/#primaryimage"},"thumbnailUrl":"https:\/\/tecplan.com.es\/wp-content\/uploads\/2025\/10\/AHEB-0808_-scaled.jpg","datePublished":"2025-10-16T23:20:07+00:00","dateModified":"2025-10-20T21:52:27+00:00","breadcrumb":{"@id":"https:\/\/tecplan.com.es\/product\/controlador-de-terminal-aheb-0808\/#breadcrumb"},"inLanguage":"en-US","potentialAction":[{"@type":"ReadAction","target":["https:\/\/tecplan.com.es\/product\/controlador-de-terminal-aheb-0808\/"]}]},{"@type":"ImageObject","inLanguage":"en-US","@id":"https:\/\/tecplan.com.es\/product\/controlador-de-terminal-aheb-0808\/#primaryimage","url":"https:\/\/tecplan.com.es\/wp-content\/uploads\/2025\/10\/AHEB-0808_-scaled.jpg","contentUrl":"https:\/\/tecplan.com.es\/wp-content\/uploads\/2025\/10\/AHEB-0808_-scaled.jpg","width":2560,"height":2560},{"@type":"BreadcrumbList","@id":"https:\/\/tecplan.com.es\/product\/controlador-de-terminal-aheb-0808\/#breadcrumb","itemListElement":[{"@type":"ListItem","position":1,"name":"Home","item":"https:\/\/tecplan.com.es\/"},{"@type":"ListItem","position":2,"name":"Shop","item":"https:\/\/tecplan.com.es\/shop\/"},{"@type":"ListItem","position":3,"name":"Controlador de Terminal AHEB-0808"}]},{"@type":"WebSite","@id":"https:\/\/tecplan.com.es\/#website","url":"https:\/\/tecplan.com.es\/","name":"Tecplan","description":"","potentialAction":[{"@type":"SearchAction","target":{"@type":"EntryPoint","urlTemplate":"https:\/\/tecplan.com.es\/?s={search_term_string}"},"query-input":{"@type":"PropertyValueSpecification","valueRequired":true,"valueName":"search_term_string"}}],"inLanguage":"en-US"}]}},"_links":{"self":[{"href":"https:\/\/tecplan.com.es\/en\/wp-json\/wp\/v2\/product\/3972","targetHints":{"allow":["GET"]}}],"collection":[{"href":"https:\/\/tecplan.com.es\/en\/wp-json\/wp\/v2\/product"}],"about":[{"href":"https:\/\/tecplan.com.es\/en\/wp-json\/wp\/v2\/types\/product"}],"replies":[{"embeddable":true,"href":"https:\/\/tecplan.com.es\/en\/wp-json\/wp\/v2\/comments?post=3972"}],"version-history":[{"count":4,"href":"https:\/\/tecplan.com.es\/en\/wp-json\/wp\/v2\/product\/3972\/revisions"}],"predecessor-version":[{"id":4046,"href":"https:\/\/tecplan.com.es\/en\/wp-json\/wp\/v2\/product\/3972\/revisions\/4046"}],"wp:featuredmedia":[{"embeddable":true,"href":"https:\/\/tecplan.com.es\/en\/wp-json\/wp\/v2\/media\/3962"}],"wp:attachment":[{"href":"https:\/\/tecplan.com.es\/en\/wp-json\/wp\/v2\/media?parent=3972"}],"wp:term":[{"taxonomy":"product_brand","embeddable":true,"href":"https:\/\/tecplan.com.es\/en\/wp-json\/wp\/v2\/product_brand?post=3972"},{"taxonomy":"product_cat","embeddable":true,"href":"https:\/\/tecplan.com.es\/en\/wp-json\/wp\/v2\/product_cat?post=3972"},{"taxonomy":"product_tag","embeddable":true,"href":"https:\/\/tecplan.com.es\/en\/wp-json\/wp\/v2\/product_tag?post=3972"}],"curies":[{"name":"wp","href":"https:\/\/api.w.org\/{rel}","templated":true}]}}