{"id":3971,"date":"2025-10-16T23:20:07","date_gmt":"2025-10-16T23:20:07","guid":{"rendered":"https:\/\/tecplan.com.es\/product\/netaxs-123-panel-de-control-d\/"},"modified":"2025-12-01T21:40:37","modified_gmt":"2025-12-01T21:40:37","slug":"netaxs-123-panel-de-control-d","status":"publish","type":"product","link":"https:\/\/tecplan.com.es\/en\/product\/netaxs-123-panel-de-control-d\/","title":{"rendered":"NETAXS-123 Panel de Control"},"content":{"rendered":"<p style=\"text-align: justify;\"><strong>NETAXS-123 Panel de Control de Acceso H\u00edbrido<\/strong><\/p>\n<p style=\"text-align: justify;\">El controlador NetAXS basado en web de Honeywell ofrece soluciones para instalaciones de cualquier tama\u00f1o. AHEB-0808. Permite a los usuarios gestionar su sistema de<br \/>\nforma segura en cualquier lugar donde haya una conexi\u00f3n a Internet, sin necesidad de un PC dedicado ni costes de software.<\/p>\n<p style=\"text-align: justify;\"><strong>Controlador de Terminal Inteligente<\/strong><br \/>\n\u2022 Entradas supervisadas<br \/>\n\u2022 Rel\u00e9 de E\/S disponible. 2\/ 8\/ 16\/ etc.<\/p>","protected":false},"excerpt":{"rendered":"<p style=\"text-align: justify;\">Su dise\u00f1o f\u00e1cil de usar hace que sea sencillo de instalar y f\u00e1cil de manejar y mantener.<\/p>\n<p><img decoding=\"async\" class=\"aligncenter\" src=\"https:\/\/tecplan.com.es\/wp-content\/uploads\/2025\/10\/Honeyway.png\" width=\"159\" height=\"233\" \/><\/p>","protected":false},"featured_media":3961,"comment_status":"open","ping_status":"closed","template":"","meta":{"site-sidebar-layout":"default","site-content-layout":"","ast-site-content-layout":"default","site-content-style":"default","site-sidebar-style":"default","ast-global-header-display":"","ast-banner-title-visibility":"","ast-main-header-display":"","ast-hfb-above-header-display":"","ast-hfb-below-header-display":"","ast-hfb-mobile-header-display":"","site-post-title":"","ast-breadcrumbs-content":"","ast-featured-img":"","footer-sml-layout":"","ast-disable-related-posts":"","theme-transparent-header-meta":"default","adv-header-id-meta":"","stick-header-meta":"","header-above-stick-meta":"","header-main-stick-meta":"","header-below-stick-meta":"","astra-migrate-meta-layouts":"set","ast-page-background-enabled":"default","ast-page-background-meta":{"desktop":{"background-color":"var(--ast-global-color-5)","background-image":"","background-repeat":"repeat","background-position":"center center","background-size":"auto","background-attachment":"scroll","background-type":"","background-media":"","overlay-type":"","overlay-color":"","overlay-opacity":"","overlay-gradient":""},"tablet":{"background-color":"","background-image":"","background-repeat":"repeat","background-position":"center center","background-size":"auto","background-attachment":"scroll","background-type":"","background-media":"","overlay-type":"","overlay-color":"","overlay-opacity":"","overlay-gradient":""},"mobile":{"background-color":"","background-image":"","background-repeat":"repeat","background-position":"center center","background-size":"auto","background-attachment":"scroll","background-type":"","background-media":"","overlay-type":"","overlay-color":"","overlay-opacity":"","overlay-gradient":""}},"ast-content-background-meta":{"desktop":{"background-color":"var(--ast-global-color-4)","background-image":"","background-repeat":"repeat","background-position":"center center","background-size":"auto","background-attachment":"scroll","background-type":"","background-media":"","overlay-type":"","overlay-color":"","overlay-opacity":"","overlay-gradient":""},"tablet":{"background-color":"var(--ast-global-color-4)","background-image":"","background-repeat":"repeat","background-position":"center center","background-size":"auto","background-attachment":"scroll","background-type":"","background-media":"","overlay-type":"","overlay-color":"","overlay-opacity":"","overlay-gradient":""},"mobile":{"background-color":"var(--ast-global-color-4)","background-image":"","background-repeat":"repeat","background-position":"center center","background-size":"auto","background-attachment":"scroll","background-type":"","background-media":"","overlay-type":"","overlay-color":"","overlay-opacity":"","overlay-gradient":""}}},"product_brand":[308,297],"product_cat":[174,252,195,173],"product_tag":[309],"class_list":{"0":"post-3971","1":"product","2":"type-product","3":"status-publish","4":"has-post-thumbnail","6":"product_brand-honeywell","7":"product_brand-zkteco","8":"product_cat-control-de-ingreso","9":"product_cat-seg-otros","10":"product_cat-seguridad","11":"product_cat-seguridad-fisica","12":"product_tag-honeywell","13":"desktop-align-left","14":"tablet-align-left","15":"mobile-align-left","17":"first","18":"instock","19":"shipping-taxable","20":"product-type-simple"},"yoast_head":"<!-- This site is optimized with the Yoast SEO plugin v25.3 - https:\/\/yoast.com\/wordpress\/plugins\/seo\/ -->\n<title>NETAXS-123 Panel de Control - Tecplan<\/title>\n<meta name=\"robots\" content=\"index, follow, max-snippet:-1, max-image-preview:large, max-video-preview:-1\" \/>\n<link rel=\"canonical\" href=\"https:\/\/tecplan.com.es\/en\/product\/netaxs-123-panel-de-control-d\/\" \/>\n<meta property=\"og:locale\" content=\"en_US\" \/>\n<meta property=\"og:type\" content=\"article\" \/>\n<meta property=\"og:title\" content=\"NETAXS-123 Panel de Control - Tecplan\" \/>\n<meta property=\"og:description\" content=\"Su dise\u00f1o f\u00e1cil de usar hace que sea sencillo de instalar y f\u00e1cil de manejar y mantener.\" \/>\n<meta property=\"og:url\" content=\"https:\/\/tecplan.com.es\/en\/product\/netaxs-123-panel-de-control-d\/\" \/>\n<meta property=\"og:site_name\" content=\"Tecplan\" \/>\n<meta property=\"article:modified_time\" content=\"2025-12-01T21:40:37+00:00\" \/>\n<meta property=\"og:image\" content=\"https:\/\/tecplan.com.es\/wp-content\/uploads\/2025\/10\/NETAXS-123-scaled.jpg\" \/>\n\t<meta property=\"og:image:width\" content=\"2560\" \/>\n\t<meta property=\"og:image:height\" content=\"2560\" \/>\n\t<meta property=\"og:image:type\" content=\"image\/jpeg\" \/>\n<meta name=\"twitter:card\" content=\"summary_large_image\" \/>\n<meta name=\"twitter:label1\" content=\"Est. reading time\" \/>\n\t<meta name=\"twitter:data1\" content=\"1 minute\" \/>\n<script type=\"application\/ld+json\" class=\"yoast-schema-graph\">{\"@context\":\"https:\/\/schema.org\",\"@graph\":[{\"@type\":\"WebPage\",\"@id\":\"https:\/\/tecplan.com.es\/product\/netaxs-123-panel-de-control-d\/\",\"url\":\"https:\/\/tecplan.com.es\/product\/netaxs-123-panel-de-control-d\/\",\"name\":\"NETAXS-123 Panel de Control - Tecplan\",\"isPartOf\":{\"@id\":\"https:\/\/tecplan.com.es\/#website\"},\"primaryImageOfPage\":{\"@id\":\"https:\/\/tecplan.com.es\/product\/netaxs-123-panel-de-control-d\/#primaryimage\"},\"image\":{\"@id\":\"https:\/\/tecplan.com.es\/product\/netaxs-123-panel-de-control-d\/#primaryimage\"},\"thumbnailUrl\":\"https:\/\/tecplan.com.es\/wp-content\/uploads\/2025\/10\/NETAXS-123-scaled.jpg\",\"datePublished\":\"2025-10-16T23:20:07+00:00\",\"dateModified\":\"2025-12-01T21:40:37+00:00\",\"breadcrumb\":{\"@id\":\"https:\/\/tecplan.com.es\/product\/netaxs-123-panel-de-control-d\/#breadcrumb\"},\"inLanguage\":\"en-US\",\"potentialAction\":[{\"@type\":\"ReadAction\",\"target\":[\"https:\/\/tecplan.com.es\/product\/netaxs-123-panel-de-control-d\/\"]}]},{\"@type\":\"ImageObject\",\"inLanguage\":\"en-US\",\"@id\":\"https:\/\/tecplan.com.es\/product\/netaxs-123-panel-de-control-d\/#primaryimage\",\"url\":\"https:\/\/tecplan.com.es\/wp-content\/uploads\/2025\/10\/NETAXS-123-scaled.jpg\",\"contentUrl\":\"https:\/\/tecplan.com.es\/wp-content\/uploads\/2025\/10\/NETAXS-123-scaled.jpg\",\"width\":2560,\"height\":2560},{\"@type\":\"BreadcrumbList\",\"@id\":\"https:\/\/tecplan.com.es\/product\/netaxs-123-panel-de-control-d\/#breadcrumb\",\"itemListElement\":[{\"@type\":\"ListItem\",\"position\":1,\"name\":\"Home\",\"item\":\"https:\/\/tecplan.com.es\/\"},{\"@type\":\"ListItem\",\"position\":2,\"name\":\"Shop\",\"item\":\"https:\/\/tecplan.com.es\/shop\/\"},{\"@type\":\"ListItem\",\"position\":3,\"name\":\"NETAXS-123 Panel de Control\"}]},{\"@type\":\"WebSite\",\"@id\":\"https:\/\/tecplan.com.es\/#website\",\"url\":\"https:\/\/tecplan.com.es\/\",\"name\":\"Tecplan\",\"description\":\"\",\"potentialAction\":[{\"@type\":\"SearchAction\",\"target\":{\"@type\":\"EntryPoint\",\"urlTemplate\":\"https:\/\/tecplan.com.es\/?s={search_term_string}\"},\"query-input\":{\"@type\":\"PropertyValueSpecification\",\"valueRequired\":true,\"valueName\":\"search_term_string\"}}],\"inLanguage\":\"en-US\"}]}<\/script>\n<!-- \/ Yoast SEO plugin. -->","yoast_head_json":{"title":"NETAXS-123 Panel de Control - Tecplan","robots":{"index":"index","follow":"follow","max-snippet":"max-snippet:-1","max-image-preview":"max-image-preview:large","max-video-preview":"max-video-preview:-1"},"canonical":"https:\/\/tecplan.com.es\/en\/product\/netaxs-123-panel-de-control-d\/","og_locale":"en_US","og_type":"article","og_title":"NETAXS-123 Panel de Control - Tecplan","og_description":"Su dise\u00f1o f\u00e1cil de usar hace que sea sencillo de instalar y f\u00e1cil de manejar y mantener.","og_url":"https:\/\/tecplan.com.es\/en\/product\/netaxs-123-panel-de-control-d\/","og_site_name":"Tecplan","article_modified_time":"2025-12-01T21:40:37+00:00","og_image":[{"width":2560,"height":2560,"url":"https:\/\/tecplan.com.es\/wp-content\/uploads\/2025\/10\/NETAXS-123-scaled.jpg","type":"image\/jpeg"}],"twitter_card":"summary_large_image","twitter_misc":{"Est. reading time":"1 minute"},"schema":{"@context":"https:\/\/schema.org","@graph":[{"@type":"WebPage","@id":"https:\/\/tecplan.com.es\/product\/netaxs-123-panel-de-control-d\/","url":"https:\/\/tecplan.com.es\/product\/netaxs-123-panel-de-control-d\/","name":"NETAXS-123 Panel de Control - Tecplan","isPartOf":{"@id":"https:\/\/tecplan.com.es\/#website"},"primaryImageOfPage":{"@id":"https:\/\/tecplan.com.es\/product\/netaxs-123-panel-de-control-d\/#primaryimage"},"image":{"@id":"https:\/\/tecplan.com.es\/product\/netaxs-123-panel-de-control-d\/#primaryimage"},"thumbnailUrl":"https:\/\/tecplan.com.es\/wp-content\/uploads\/2025\/10\/NETAXS-123-scaled.jpg","datePublished":"2025-10-16T23:20:07+00:00","dateModified":"2025-12-01T21:40:37+00:00","breadcrumb":{"@id":"https:\/\/tecplan.com.es\/product\/netaxs-123-panel-de-control-d\/#breadcrumb"},"inLanguage":"en-US","potentialAction":[{"@type":"ReadAction","target":["https:\/\/tecplan.com.es\/product\/netaxs-123-panel-de-control-d\/"]}]},{"@type":"ImageObject","inLanguage":"en-US","@id":"https:\/\/tecplan.com.es\/product\/netaxs-123-panel-de-control-d\/#primaryimage","url":"https:\/\/tecplan.com.es\/wp-content\/uploads\/2025\/10\/NETAXS-123-scaled.jpg","contentUrl":"https:\/\/tecplan.com.es\/wp-content\/uploads\/2025\/10\/NETAXS-123-scaled.jpg","width":2560,"height":2560},{"@type":"BreadcrumbList","@id":"https:\/\/tecplan.com.es\/product\/netaxs-123-panel-de-control-d\/#breadcrumb","itemListElement":[{"@type":"ListItem","position":1,"name":"Home","item":"https:\/\/tecplan.com.es\/"},{"@type":"ListItem","position":2,"name":"Shop","item":"https:\/\/tecplan.com.es\/shop\/"},{"@type":"ListItem","position":3,"name":"NETAXS-123 Panel de Control"}]},{"@type":"WebSite","@id":"https:\/\/tecplan.com.es\/#website","url":"https:\/\/tecplan.com.es\/","name":"Tecplan","description":"","potentialAction":[{"@type":"SearchAction","target":{"@type":"EntryPoint","urlTemplate":"https:\/\/tecplan.com.es\/?s={search_term_string}"},"query-input":{"@type":"PropertyValueSpecification","valueRequired":true,"valueName":"search_term_string"}}],"inLanguage":"en-US"}]}},"_links":{"self":[{"href":"https:\/\/tecplan.com.es\/en\/wp-json\/wp\/v2\/product\/3971","targetHints":{"allow":["GET"]}}],"collection":[{"href":"https:\/\/tecplan.com.es\/en\/wp-json\/wp\/v2\/product"}],"about":[{"href":"https:\/\/tecplan.com.es\/en\/wp-json\/wp\/v2\/types\/product"}],"replies":[{"embeddable":true,"href":"https:\/\/tecplan.com.es\/en\/wp-json\/wp\/v2\/comments?post=3971"}],"version-history":[{"count":3,"href":"https:\/\/tecplan.com.es\/en\/wp-json\/wp\/v2\/product\/3971\/revisions"}],"predecessor-version":[{"id":4651,"href":"https:\/\/tecplan.com.es\/en\/wp-json\/wp\/v2\/product\/3971\/revisions\/4651"}],"wp:featuredmedia":[{"embeddable":true,"href":"https:\/\/tecplan.com.es\/en\/wp-json\/wp\/v2\/media\/3961"}],"wp:attachment":[{"href":"https:\/\/tecplan.com.es\/en\/wp-json\/wp\/v2\/media?parent=3971"}],"wp:term":[{"taxonomy":"product_brand","embeddable":true,"href":"https:\/\/tecplan.com.es\/en\/wp-json\/wp\/v2\/product_brand?post=3971"},{"taxonomy":"product_cat","embeddable":true,"href":"https:\/\/tecplan.com.es\/en\/wp-json\/wp\/v2\/product_cat?post=3971"},{"taxonomy":"product_tag","embeddable":true,"href":"https:\/\/tecplan.com.es\/en\/wp-json\/wp\/v2\/product_tag?post=3971"}],"curies":[{"name":"wp","href":"https:\/\/api.w.org\/{rel}","templated":true}]}}