{"id":3969,"date":"2025-10-16T23:20:06","date_gmt":"2025-10-16T23:20:06","guid":{"rendered":"https:\/\/tecplan.com.es\/product\/boton-de-presion-eb104\/"},"modified":"2025-10-20T17:16:07","modified_gmt":"2025-10-20T17:16:07","slug":"boton-de-presion-eb104","status":"publish","type":"product","link":"https:\/\/tecplan.com.es\/en\/product\/boton-de-presion-eb104\/","title":{"rendered":"Bot\u00f3n de Presi\u00f3n EB104"},"content":{"rendered":"<p><strong>EB104-G | Bot\u00f3n de apertura tipo hongo contacto no\/com<\/strong><\/p>\n<p style=\"text-align: justify;\">El EB104 es un nuevo interruptor pulsador mec\u00e1nico fabricado en aluminio. Se caracteriza por su peque\u00f1o tama\u00f1o, apariencia elegante, aplicaci\u00f3n econ\u00f3mica y alta relaci\u00f3n calidad-precio. Se utiliza en el campo de la seguridad del control de acceso, sistemas de control de acceso electr\u00f3nico, etc.<\/p>\n<ul>\n<li style=\"text-align: justify;\">Par\u00e1metros Voltaje de conmutaci\u00f3n CC 12 ~ 24 V<\/li>\n<li style=\"text-align: justify;\">Corriente nominal 5A<\/li>\n<li style=\"text-align: justify;\">Temperatura de funcionamiento -20\u00b0C ~ +50\u00b0C<\/li>\n<li style=\"text-align: justify;\">Temperatura de almacenamiento -20\u00b0C ~ +65\u00b0C<\/li>\n<li style=\"text-align: justify;\">Humedad de trabajo 10% \u2013 90%<\/li>\n<li style=\"text-align: justify;\">Modo Buck Convertidores reductores incorporados<\/li>\n<li style=\"text-align: justify;\">M\u00e9todo de operaci\u00f3n Autorreplicaci\u00f3n<\/li>\n<li style=\"text-align: justify;\">A prueba de explosiones IK10<\/li>\n<li style=\"text-align: justify;\">Material de la carcasa placa de aluminio de 4 mm<\/li>\n<li style=\"text-align: justify;\">Tratamiento de superficies<\/li>\n<li style=\"text-align: justify;\">Caracteres negros impresos + dibujo vertical<\/li>\n<li style=\"text-align: justify;\">Dimensi\u00f3n 86 mm x 86 mm x 38,5 mm (largo x ancho x alto)<\/li>\n<\/ul>\n<p><!--more--><\/p>\n<h5 style=\"text-align: justify;\"><span style=\"text-decoration: underline;\"><strong>DOWNLOADS<\/strong><\/span><\/h5>\n<ul style=\"text-align: justify;\">\n<li><a href=\"https:\/\/drive.google.com\/file\/d\/16h0Jrjo5RZ4hdrUO4bOMs3OnXT4XHGmg\/view?usp=sharing\">\u2192 Technical specifications<\/a><\/li>\n<\/ul>\n<p>&nbsp;<\/p>","protected":false},"excerpt":{"rendered":"<p style=\"text-align: justify;\">EB104 es un nuevo interruptor de bot\u00f3n mec\u00e1nico que est\u00e1 hecho de aluminio. Tiene las caracter\u00edsticas de tama\u00f1o peque\u00f1o, apariencia exquisita, aplicaci\u00f3n econ\u00f3mica, rendimiento de alto costo, etc. Se utiliza en el campo de la seguridad de control de acceso Soluci\u00f3n de Credencial \u00danica para Acceso F\u00edsico Seguro.<\/p>\n<p style=\"text-align: justify;\"><!--more--><\/p>\n<p><img decoding=\"async\" class=\"wp-image-3915 aligncenter\" src=\"https:\/\/tecplan.com.es\/wp-content\/uploads\/2025\/10\/ZKTeco_-300x91.png\" alt=\"\" width=\"144\" height=\"47\" \/><\/p>","protected":false},"featured_media":3956,"comment_status":"open","ping_status":"closed","template":"","meta":{"site-sidebar-layout":"default","site-content-layout":"","ast-site-content-layout":"default","site-content-style":"default","site-sidebar-style":"default","ast-global-header-display":"","ast-banner-title-visibility":"","ast-main-header-display":"","ast-hfb-above-header-display":"","ast-hfb-below-header-display":"","ast-hfb-mobile-header-display":"","site-post-title":"","ast-breadcrumbs-content":"","ast-featured-img":"","footer-sml-layout":"","ast-disable-related-posts":"","theme-transparent-header-meta":"default","adv-header-id-meta":"","stick-header-meta":"","header-above-stick-meta":"","header-main-stick-meta":"","header-below-stick-meta":"","astra-migrate-meta-layouts":"set","ast-page-background-enabled":"default","ast-page-background-meta":{"desktop":{"background-color":"var(--ast-global-color-5)","background-image":"","background-repeat":"repeat","background-position":"center center","background-size":"auto","background-attachment":"scroll","background-type":"","background-media":"","overlay-type":"","overlay-color":"","overlay-opacity":"","overlay-gradient":""},"tablet":{"background-color":"","background-image":"","background-repeat":"repeat","background-position":"center center","background-size":"auto","background-attachment":"scroll","background-type":"","background-media":"","overlay-type":"","overlay-color":"","overlay-opacity":"","overlay-gradient":""},"mobile":{"background-color":"","background-image":"","background-repeat":"repeat","background-position":"center center","background-size":"auto","background-attachment":"scroll","background-type":"","background-media":"","overlay-type":"","overlay-color":"","overlay-opacity":"","overlay-gradient":""}},"ast-content-background-meta":{"desktop":{"background-color":"var(--ast-global-color-4)","background-image":"","background-repeat":"repeat","background-position":"center center","background-size":"auto","background-attachment":"scroll","background-type":"","background-media":"","overlay-type":"","overlay-color":"","overlay-opacity":"","overlay-gradient":""},"tablet":{"background-color":"var(--ast-global-color-4)","background-image":"","background-repeat":"repeat","background-position":"center center","background-size":"auto","background-attachment":"scroll","background-type":"","background-media":"","overlay-type":"","overlay-color":"","overlay-opacity":"","overlay-gradient":""},"mobile":{"background-color":"var(--ast-global-color-4)","background-image":"","background-repeat":"repeat","background-position":"center center","background-size":"auto","background-attachment":"scroll","background-type":"","background-media":"","overlay-type":"","overlay-color":"","overlay-opacity":"","overlay-gradient":""}}},"product_brand":[297],"product_cat":[35,175,195,173],"product_tag":[230],"class_list":{"0":"post-3969","1":"product","2":"type-product","3":"status-publish","4":"has-post-thumbnail","6":"product_brand-zkteco","7":"product_cat-uncategorized","8":"product_cat-control-de-asistencia","9":"product_cat-seguridad","10":"product_cat-seguridad-fisica","11":"product_tag-zkteco","12":"desktop-align-left","13":"tablet-align-left","14":"mobile-align-left","16":"first","17":"instock","18":"shipping-taxable","19":"product-type-simple"},"yoast_head":"<!-- This site is optimized with the Yoast SEO plugin v25.3 - https:\/\/yoast.com\/wordpress\/plugins\/seo\/ -->\n<title>Bot\u00f3n de Presi\u00f3n EB104 - Tecplan<\/title>\n<meta name=\"robots\" content=\"index, follow, max-snippet:-1, max-image-preview:large, max-video-preview:-1\" \/>\n<link rel=\"canonical\" href=\"https:\/\/tecplan.com.es\/en\/product\/boton-de-presion-eb104\/\" \/>\n<meta property=\"og:locale\" content=\"en_US\" \/>\n<meta property=\"og:type\" content=\"article\" \/>\n<meta property=\"og:title\" content=\"Bot\u00f3n de Presi\u00f3n EB104 - Tecplan\" \/>\n<meta property=\"og:description\" content=\"EB104 es un nuevo interruptor de bot\u00f3n mec\u00e1nico que est\u00e1 hecho de aluminio. Tiene las caracter\u00edsticas de tama\u00f1o peque\u00f1o, apariencia exquisita, aplicaci\u00f3n econ\u00f3mica, rendimiento de alto costo, etc. Se utiliza en el campo de la seguridad de control de acceso Soluci\u00f3n de Credencial \u00danica para Acceso F\u00edsico Seguro.\" \/>\n<meta property=\"og:url\" content=\"https:\/\/tecplan.com.es\/en\/product\/boton-de-presion-eb104\/\" \/>\n<meta property=\"og:site_name\" content=\"Tecplan\" \/>\n<meta property=\"article:modified_time\" content=\"2025-10-20T17:16:07+00:00\" \/>\n<meta property=\"og:image\" content=\"https:\/\/tecplan.com.es\/wp-content\/uploads\/2025\/10\/EB104G-image-1-15-8-57.webp\" \/>\n\t<meta property=\"og:image:width\" content=\"600\" \/>\n\t<meta property=\"og:image:height\" content=\"600\" \/>\n\t<meta property=\"og:image:type\" content=\"image\/webp\" \/>\n<meta name=\"twitter:card\" content=\"summary_large_image\" \/>\n<meta name=\"twitter:label1\" content=\"Est. reading time\" \/>\n\t<meta name=\"twitter:data1\" content=\"1 minute\" \/>\n<script type=\"application\/ld+json\" class=\"yoast-schema-graph\">{\"@context\":\"https:\/\/schema.org\",\"@graph\":[{\"@type\":\"WebPage\",\"@id\":\"https:\/\/tecplan.com.es\/product\/boton-de-presion-eb104\/\",\"url\":\"https:\/\/tecplan.com.es\/product\/boton-de-presion-eb104\/\",\"name\":\"Bot\u00f3n de Presi\u00f3n EB104 - Tecplan\",\"isPartOf\":{\"@id\":\"https:\/\/tecplan.com.es\/#website\"},\"primaryImageOfPage\":{\"@id\":\"https:\/\/tecplan.com.es\/product\/boton-de-presion-eb104\/#primaryimage\"},\"image\":{\"@id\":\"https:\/\/tecplan.com.es\/product\/boton-de-presion-eb104\/#primaryimage\"},\"thumbnailUrl\":\"https:\/\/tecplan.com.es\/wp-content\/uploads\/2025\/10\/EB104G-image-1-15-8-57.webp\",\"datePublished\":\"2025-10-16T23:20:06+00:00\",\"dateModified\":\"2025-10-20T17:16:07+00:00\",\"breadcrumb\":{\"@id\":\"https:\/\/tecplan.com.es\/product\/boton-de-presion-eb104\/#breadcrumb\"},\"inLanguage\":\"en-US\",\"potentialAction\":[{\"@type\":\"ReadAction\",\"target\":[\"https:\/\/tecplan.com.es\/product\/boton-de-presion-eb104\/\"]}]},{\"@type\":\"ImageObject\",\"inLanguage\":\"en-US\",\"@id\":\"https:\/\/tecplan.com.es\/product\/boton-de-presion-eb104\/#primaryimage\",\"url\":\"https:\/\/tecplan.com.es\/wp-content\/uploads\/2025\/10\/EB104G-image-1-15-8-57.webp\",\"contentUrl\":\"https:\/\/tecplan.com.es\/wp-content\/uploads\/2025\/10\/EB104G-image-1-15-8-57.webp\",\"width\":600,\"height\":600},{\"@type\":\"BreadcrumbList\",\"@id\":\"https:\/\/tecplan.com.es\/product\/boton-de-presion-eb104\/#breadcrumb\",\"itemListElement\":[{\"@type\":\"ListItem\",\"position\":1,\"name\":\"Home\",\"item\":\"https:\/\/tecplan.com.es\/\"},{\"@type\":\"ListItem\",\"position\":2,\"name\":\"Shop\",\"item\":\"https:\/\/tecplan.com.es\/shop\/\"},{\"@type\":\"ListItem\",\"position\":3,\"name\":\"Bot\u00f3n de Presi\u00f3n EB104\"}]},{\"@type\":\"WebSite\",\"@id\":\"https:\/\/tecplan.com.es\/#website\",\"url\":\"https:\/\/tecplan.com.es\/\",\"name\":\"Tecplan\",\"description\":\"\",\"potentialAction\":[{\"@type\":\"SearchAction\",\"target\":{\"@type\":\"EntryPoint\",\"urlTemplate\":\"https:\/\/tecplan.com.es\/?s={search_term_string}\"},\"query-input\":{\"@type\":\"PropertyValueSpecification\",\"valueRequired\":true,\"valueName\":\"search_term_string\"}}],\"inLanguage\":\"en-US\"}]}<\/script>\n<!-- \/ Yoast SEO plugin. -->","yoast_head_json":{"title":"Bot\u00f3n de Presi\u00f3n EB104 - Tecplan","robots":{"index":"index","follow":"follow","max-snippet":"max-snippet:-1","max-image-preview":"max-image-preview:large","max-video-preview":"max-video-preview:-1"},"canonical":"https:\/\/tecplan.com.es\/en\/product\/boton-de-presion-eb104\/","og_locale":"en_US","og_type":"article","og_title":"Bot\u00f3n de Presi\u00f3n EB104 - Tecplan","og_description":"EB104 es un nuevo interruptor de bot\u00f3n mec\u00e1nico que est\u00e1 hecho de aluminio. Tiene las caracter\u00edsticas de tama\u00f1o peque\u00f1o, apariencia exquisita, aplicaci\u00f3n econ\u00f3mica, rendimiento de alto costo, etc. Se utiliza en el campo de la seguridad de control de acceso Soluci\u00f3n de Credencial \u00danica para Acceso F\u00edsico Seguro.","og_url":"https:\/\/tecplan.com.es\/en\/product\/boton-de-presion-eb104\/","og_site_name":"Tecplan","article_modified_time":"2025-10-20T17:16:07+00:00","og_image":[{"width":600,"height":600,"url":"https:\/\/tecplan.com.es\/wp-content\/uploads\/2025\/10\/EB104G-image-1-15-8-57.webp","type":"image\/webp"}],"twitter_card":"summary_large_image","twitter_misc":{"Est. reading time":"1 minute"},"schema":{"@context":"https:\/\/schema.org","@graph":[{"@type":"WebPage","@id":"https:\/\/tecplan.com.es\/product\/boton-de-presion-eb104\/","url":"https:\/\/tecplan.com.es\/product\/boton-de-presion-eb104\/","name":"Bot\u00f3n de Presi\u00f3n EB104 - Tecplan","isPartOf":{"@id":"https:\/\/tecplan.com.es\/#website"},"primaryImageOfPage":{"@id":"https:\/\/tecplan.com.es\/product\/boton-de-presion-eb104\/#primaryimage"},"image":{"@id":"https:\/\/tecplan.com.es\/product\/boton-de-presion-eb104\/#primaryimage"},"thumbnailUrl":"https:\/\/tecplan.com.es\/wp-content\/uploads\/2025\/10\/EB104G-image-1-15-8-57.webp","datePublished":"2025-10-16T23:20:06+00:00","dateModified":"2025-10-20T17:16:07+00:00","breadcrumb":{"@id":"https:\/\/tecplan.com.es\/product\/boton-de-presion-eb104\/#breadcrumb"},"inLanguage":"en-US","potentialAction":[{"@type":"ReadAction","target":["https:\/\/tecplan.com.es\/product\/boton-de-presion-eb104\/"]}]},{"@type":"ImageObject","inLanguage":"en-US","@id":"https:\/\/tecplan.com.es\/product\/boton-de-presion-eb104\/#primaryimage","url":"https:\/\/tecplan.com.es\/wp-content\/uploads\/2025\/10\/EB104G-image-1-15-8-57.webp","contentUrl":"https:\/\/tecplan.com.es\/wp-content\/uploads\/2025\/10\/EB104G-image-1-15-8-57.webp","width":600,"height":600},{"@type":"BreadcrumbList","@id":"https:\/\/tecplan.com.es\/product\/boton-de-presion-eb104\/#breadcrumb","itemListElement":[{"@type":"ListItem","position":1,"name":"Home","item":"https:\/\/tecplan.com.es\/"},{"@type":"ListItem","position":2,"name":"Shop","item":"https:\/\/tecplan.com.es\/shop\/"},{"@type":"ListItem","position":3,"name":"Bot\u00f3n de Presi\u00f3n EB104"}]},{"@type":"WebSite","@id":"https:\/\/tecplan.com.es\/#website","url":"https:\/\/tecplan.com.es\/","name":"Tecplan","description":"","potentialAction":[{"@type":"SearchAction","target":{"@type":"EntryPoint","urlTemplate":"https:\/\/tecplan.com.es\/?s={search_term_string}"},"query-input":{"@type":"PropertyValueSpecification","valueRequired":true,"valueName":"search_term_string"}}],"inLanguage":"en-US"}]}},"_links":{"self":[{"href":"https:\/\/tecplan.com.es\/en\/wp-json\/wp\/v2\/product\/3969","targetHints":{"allow":["GET"]}}],"collection":[{"href":"https:\/\/tecplan.com.es\/en\/wp-json\/wp\/v2\/product"}],"about":[{"href":"https:\/\/tecplan.com.es\/en\/wp-json\/wp\/v2\/types\/product"}],"replies":[{"embeddable":true,"href":"https:\/\/tecplan.com.es\/en\/wp-json\/wp\/v2\/comments?post=3969"}],"version-history":[{"count":2,"href":"https:\/\/tecplan.com.es\/en\/wp-json\/wp\/v2\/product\/3969\/revisions"}],"predecessor-version":[{"id":4034,"href":"https:\/\/tecplan.com.es\/en\/wp-json\/wp\/v2\/product\/3969\/revisions\/4034"}],"wp:featuredmedia":[{"embeddable":true,"href":"https:\/\/tecplan.com.es\/en\/wp-json\/wp\/v2\/media\/3956"}],"wp:attachment":[{"href":"https:\/\/tecplan.com.es\/en\/wp-json\/wp\/v2\/media?parent=3969"}],"wp:term":[{"taxonomy":"product_brand","embeddable":true,"href":"https:\/\/tecplan.com.es\/en\/wp-json\/wp\/v2\/product_brand?post=3969"},{"taxonomy":"product_cat","embeddable":true,"href":"https:\/\/tecplan.com.es\/en\/wp-json\/wp\/v2\/product_cat?post=3969"},{"taxonomy":"product_tag","embeddable":true,"href":"https:\/\/tecplan.com.es\/en\/wp-json\/wp\/v2\/product_tag?post=3969"}],"curies":[{"name":"wp","href":"https:\/\/api.w.org\/{rel}","templated":true}]}}