{"id":3947,"date":"2025-10-15T22:21:14","date_gmt":"2025-10-15T22:21:14","guid":{"rendered":"https:\/\/tecplan.com.es\/product\/lectora-rfid-kr702e-kr702m\/"},"modified":"2025-10-20T16:07:59","modified_gmt":"2025-10-20T16:07:59","slug":"lectora-rfid-kr702e-kr702m","status":"publish","type":"product","link":"https:\/\/tecplan.com.es\/en\/product\/lectora-rfid-kr702e-kr702m\/","title":{"rendered":"Lectora RFID KR702E \/ KR702M"},"content":{"rendered":"<p><strong>GPSMAP 86SCI HANDHELD<\/strong><\/p>\n<p style=\"text-align: justify;\">El lector de enriquecer a\u00fan m\u00e1s la diversidad de productos ZK lector. Mientras tanto, el producto est\u00e1 hecho de acr\u00edlico apariencia completa, llave t\u00e1ctil completa, dise\u00f1o de moda de gama alta, y adecuado para la aplicaci\u00f3n de los lugares de gama alta.<\/p>\n<ul>\n<li style=\"text-align: justify;\">Se\u00f1al Wiegand: KR702E: Wiegand 26.<\/li>\n<li style=\"text-align: justify;\">Fuente de alimentaci\u00f3n: 12V DC, &lt; 90mA.<\/li>\n<li style=\"text-align: justify;\">La lectora RFID KR702E\/M de ZKTeco es un lector de control de acceso resistente al agua (IP65) con un dise\u00f1o de teclado t\u00e1ctil y elegante, ideal para exteriores y lugares de alta gama.<\/li>\n<\/ul>\n<p style=\"text-align: justify;\"><strong>Caracter\u00edsticas principales Dise\u00f1o: <\/strong><\/p>\n<ul>\n<li style=\"text-align: justify;\">Teclado t\u00e1ctil completo con dise\u00f1o de alta gama, hecho de acr\u00edlico para una apariencia moderna y elegante.<\/li>\n<li style=\"text-align: justify;\">Resistencia: Clasificaci\u00f3n IP65, lo que significa que es a prueba de agua y polvo, ideal para uso en exteriores.<\/li>\n<li style=\"text-align: justify;\">Versiones: KR702E: Opera a (125text{ KHz}) y utiliza salida Wiegand 26.\u00a0 KR702M: Opera a (13.56text{ MHz}) y utiliza salida Wiegand 34.<\/li>\n<li style=\"text-align: justify;\">Salida de comunicaci\u00f3n: Ambas versiones son compatibles con el protocolo Wiegand para integrarse f\u00e1cilmente con sistemas de control de acceso existentes.<\/li>\n<li style=\"text-align: justify;\">Distancia de lectura: Hasta 8 cm, dependiendo del tipo de tarjeta y las condiciones de trabajo.<\/li>\n<li style=\"text-align: justify;\">Aplicaciones: Adecuado para lugares donde la est\u00e9tica es importante, como oficinas corporativas, instituciones educativas y sitios industriales.<\/li>\n<\/ul>\n<p style=\"text-align: justify;\"><strong>KR702E\/M<\/strong><br \/>\nEl lector KR702 es un lector resistente al agua con llave t\u00e1ctil completa\u060cel producto es resistente al agua IP65 y se puede utilizar para exteriores. El lector enriquece a\u00fan m\u00e1s la diversidad del producto lector ZK. Mientras tanto, el producto est\u00e1 hecho de apariencia acr\u00edlica completa, tecla t\u00e1ctil completa, dise\u00f1o de moda de alta gama y es adecuado para la aplicaci\u00f3n de lugares de alta gama.<\/p>\n<p><!--more--><\/p>\n<h5 style=\"text-align: justify;\"><span style=\"text-decoration: underline;\"><strong>DOWNLOADS<\/strong><\/span><\/h5>\n<ul style=\"text-align: justify;\">\n<li><a href=\"https:\/\/drive.google.com\/file\/d\/1HYH7aBGeaTlkPBUBwgi2VGx0tub2eF02\/view?usp=sharing\">\u2192 Technical specifications<\/a><\/li>\n<\/ul>","protected":false},"excerpt":{"rendered":"<p style=\"text-align: justify;\">Lector KR702 es un lector a prueba de agua, el producto es IP65 resistente al agua, y puede ser utilizado para el exterior.<\/p>\n<p><img decoding=\"async\" class=\"wp-image-3915 aligncenter\" src=\"https:\/\/tecplan.com.es\/wp-content\/uploads\/2025\/10\/ZKTeco_-300x91.png\" alt=\"\" width=\"126\" height=\"42\" \/><\/p>","protected":false},"featured_media":3937,"comment_status":"open","ping_status":"closed","template":"","meta":{"site-sidebar-layout":"default","site-content-layout":"","ast-site-content-layout":"default","site-content-style":"default","site-sidebar-style":"default","ast-global-header-display":"","ast-banner-title-visibility":"","ast-main-header-display":"","ast-hfb-above-header-display":"","ast-hfb-below-header-display":"","ast-hfb-mobile-header-display":"","site-post-title":"","ast-breadcrumbs-content":"","ast-featured-img":"","footer-sml-layout":"","ast-disable-related-posts":"","theme-transparent-header-meta":"default","adv-header-id-meta":"","stick-header-meta":"","header-above-stick-meta":"","header-main-stick-meta":"","header-below-stick-meta":"","astra-migrate-meta-layouts":"set","ast-page-background-enabled":"default","ast-page-background-meta":{"desktop":{"background-color":"var(--ast-global-color-5)","background-image":"","background-repeat":"repeat","background-position":"center center","background-size":"auto","background-attachment":"scroll","background-type":"","background-media":"","overlay-type":"","overlay-color":"","overlay-opacity":"","overlay-gradient":""},"tablet":{"background-color":"","background-image":"","background-repeat":"repeat","background-position":"center center","background-size":"auto","background-attachment":"scroll","background-type":"","background-media":"","overlay-type":"","overlay-color":"","overlay-opacity":"","overlay-gradient":""},"mobile":{"background-color":"","background-image":"","background-repeat":"repeat","background-position":"center center","background-size":"auto","background-attachment":"scroll","background-type":"","background-media":"","overlay-type":"","overlay-color":"","overlay-opacity":"","overlay-gradient":""}},"ast-content-background-meta":{"desktop":{"background-color":"var(--ast-global-color-4)","background-image":"","background-repeat":"repeat","background-position":"center center","background-size":"auto","background-attachment":"scroll","background-type":"","background-media":"","overlay-type":"","overlay-color":"","overlay-opacity":"","overlay-gradient":""},"tablet":{"background-color":"var(--ast-global-color-4)","background-image":"","background-repeat":"repeat","background-position":"center center","background-size":"auto","background-attachment":"scroll","background-type":"","background-media":"","overlay-type":"","overlay-color":"","overlay-opacity":"","overlay-gradient":""},"mobile":{"background-color":"var(--ast-global-color-4)","background-image":"","background-repeat":"repeat","background-position":"center center","background-size":"auto","background-attachment":"scroll","background-type":"","background-media":"","overlay-type":"","overlay-color":"","overlay-opacity":"","overlay-gradient":""}}},"product_brand":[297],"product_cat":[174,195,173],"product_tag":[230],"class_list":{"0":"post-3947","1":"product","2":"type-product","3":"status-publish","4":"has-post-thumbnail","6":"product_brand-zkteco","7":"product_cat-control-de-ingreso","8":"product_cat-seguridad","9":"product_cat-seguridad-fisica","10":"product_tag-zkteco","11":"desktop-align-left","12":"tablet-align-left","13":"mobile-align-left","15":"first","16":"instock","17":"shipping-taxable","18":"product-type-simple"},"yoast_head":"<!-- This site is optimized with the Yoast SEO plugin v25.3 - https:\/\/yoast.com\/wordpress\/plugins\/seo\/ -->\n<title>Lectora RFID KR702E \/ KR702M - Tecplan<\/title>\n<meta name=\"robots\" content=\"index, follow, max-snippet:-1, max-image-preview:large, max-video-preview:-1\" \/>\n<link rel=\"canonical\" href=\"https:\/\/tecplan.com.es\/en\/product\/lectora-rfid-kr702e-kr702m\/\" \/>\n<meta property=\"og:locale\" content=\"en_US\" \/>\n<meta property=\"og:type\" content=\"article\" \/>\n<meta property=\"og:title\" content=\"Lectora RFID KR702E \/ KR702M - Tecplan\" \/>\n<meta property=\"og:description\" content=\"Lector KR702 es un lector a prueba de agua, el producto es IP65 resistente al agua, y puede ser utilizado para el exterior.\" \/>\n<meta property=\"og:url\" content=\"https:\/\/tecplan.com.es\/en\/product\/lectora-rfid-kr702e-kr702m\/\" \/>\n<meta property=\"og:site_name\" content=\"Tecplan\" \/>\n<meta property=\"article:modified_time\" content=\"2025-10-20T16:07:59+00:00\" \/>\n<meta property=\"og:image\" content=\"https:\/\/tecplan.com.es\/wp-content\/uploads\/2025\/10\/KR702E-KR702M.png\" \/>\n\t<meta property=\"og:image:width\" content=\"500\" \/>\n\t<meta property=\"og:image:height\" content=\"500\" \/>\n\t<meta property=\"og:image:type\" content=\"image\/png\" \/>\n<meta name=\"twitter:card\" content=\"summary_large_image\" \/>\n<meta name=\"twitter:label1\" content=\"Est. reading time\" \/>\n\t<meta name=\"twitter:data1\" content=\"2 minutes\" \/>\n<script type=\"application\/ld+json\" class=\"yoast-schema-graph\">{\"@context\":\"https:\/\/schema.org\",\"@graph\":[{\"@type\":\"WebPage\",\"@id\":\"https:\/\/tecplan.com.es\/product\/lectora-rfid-kr702e-kr702m\/\",\"url\":\"https:\/\/tecplan.com.es\/product\/lectora-rfid-kr702e-kr702m\/\",\"name\":\"Lectora RFID KR702E \/ KR702M - Tecplan\",\"isPartOf\":{\"@id\":\"https:\/\/tecplan.com.es\/#website\"},\"primaryImageOfPage\":{\"@id\":\"https:\/\/tecplan.com.es\/product\/lectora-rfid-kr702e-kr702m\/#primaryimage\"},\"image\":{\"@id\":\"https:\/\/tecplan.com.es\/product\/lectora-rfid-kr702e-kr702m\/#primaryimage\"},\"thumbnailUrl\":\"https:\/\/tecplan.com.es\/wp-content\/uploads\/2025\/10\/KR702E-KR702M.png\",\"datePublished\":\"2025-10-15T22:21:14+00:00\",\"dateModified\":\"2025-10-20T16:07:59+00:00\",\"breadcrumb\":{\"@id\":\"https:\/\/tecplan.com.es\/product\/lectora-rfid-kr702e-kr702m\/#breadcrumb\"},\"inLanguage\":\"en-US\",\"potentialAction\":[{\"@type\":\"ReadAction\",\"target\":[\"https:\/\/tecplan.com.es\/product\/lectora-rfid-kr702e-kr702m\/\"]}]},{\"@type\":\"ImageObject\",\"inLanguage\":\"en-US\",\"@id\":\"https:\/\/tecplan.com.es\/product\/lectora-rfid-kr702e-kr702m\/#primaryimage\",\"url\":\"https:\/\/tecplan.com.es\/wp-content\/uploads\/2025\/10\/KR702E-KR702M.png\",\"contentUrl\":\"https:\/\/tecplan.com.es\/wp-content\/uploads\/2025\/10\/KR702E-KR702M.png\",\"width\":500,\"height\":500},{\"@type\":\"BreadcrumbList\",\"@id\":\"https:\/\/tecplan.com.es\/product\/lectora-rfid-kr702e-kr702m\/#breadcrumb\",\"itemListElement\":[{\"@type\":\"ListItem\",\"position\":1,\"name\":\"Home\",\"item\":\"https:\/\/tecplan.com.es\/\"},{\"@type\":\"ListItem\",\"position\":2,\"name\":\"Shop\",\"item\":\"https:\/\/tecplan.com.es\/shop\/\"},{\"@type\":\"ListItem\",\"position\":3,\"name\":\"Lectora RFID KR702E \/ KR702M\"}]},{\"@type\":\"WebSite\",\"@id\":\"https:\/\/tecplan.com.es\/#website\",\"url\":\"https:\/\/tecplan.com.es\/\",\"name\":\"Tecplan\",\"description\":\"\",\"potentialAction\":[{\"@type\":\"SearchAction\",\"target\":{\"@type\":\"EntryPoint\",\"urlTemplate\":\"https:\/\/tecplan.com.es\/?s={search_term_string}\"},\"query-input\":{\"@type\":\"PropertyValueSpecification\",\"valueRequired\":true,\"valueName\":\"search_term_string\"}}],\"inLanguage\":\"en-US\"}]}<\/script>\n<!-- \/ Yoast SEO plugin. -->","yoast_head_json":{"title":"Lectora RFID KR702E \/ KR702M - Tecplan","robots":{"index":"index","follow":"follow","max-snippet":"max-snippet:-1","max-image-preview":"max-image-preview:large","max-video-preview":"max-video-preview:-1"},"canonical":"https:\/\/tecplan.com.es\/en\/product\/lectora-rfid-kr702e-kr702m\/","og_locale":"en_US","og_type":"article","og_title":"Lectora RFID KR702E \/ KR702M - Tecplan","og_description":"Lector KR702 es un lector a prueba de agua, el producto es IP65 resistente al agua, y puede ser utilizado para el exterior.","og_url":"https:\/\/tecplan.com.es\/en\/product\/lectora-rfid-kr702e-kr702m\/","og_site_name":"Tecplan","article_modified_time":"2025-10-20T16:07:59+00:00","og_image":[{"width":500,"height":500,"url":"https:\/\/tecplan.com.es\/wp-content\/uploads\/2025\/10\/KR702E-KR702M.png","type":"image\/png"}],"twitter_card":"summary_large_image","twitter_misc":{"Est. reading time":"2 minutes"},"schema":{"@context":"https:\/\/schema.org","@graph":[{"@type":"WebPage","@id":"https:\/\/tecplan.com.es\/product\/lectora-rfid-kr702e-kr702m\/","url":"https:\/\/tecplan.com.es\/product\/lectora-rfid-kr702e-kr702m\/","name":"Lectora RFID KR702E \/ KR702M - Tecplan","isPartOf":{"@id":"https:\/\/tecplan.com.es\/#website"},"primaryImageOfPage":{"@id":"https:\/\/tecplan.com.es\/product\/lectora-rfid-kr702e-kr702m\/#primaryimage"},"image":{"@id":"https:\/\/tecplan.com.es\/product\/lectora-rfid-kr702e-kr702m\/#primaryimage"},"thumbnailUrl":"https:\/\/tecplan.com.es\/wp-content\/uploads\/2025\/10\/KR702E-KR702M.png","datePublished":"2025-10-15T22:21:14+00:00","dateModified":"2025-10-20T16:07:59+00:00","breadcrumb":{"@id":"https:\/\/tecplan.com.es\/product\/lectora-rfid-kr702e-kr702m\/#breadcrumb"},"inLanguage":"en-US","potentialAction":[{"@type":"ReadAction","target":["https:\/\/tecplan.com.es\/product\/lectora-rfid-kr702e-kr702m\/"]}]},{"@type":"ImageObject","inLanguage":"en-US","@id":"https:\/\/tecplan.com.es\/product\/lectora-rfid-kr702e-kr702m\/#primaryimage","url":"https:\/\/tecplan.com.es\/wp-content\/uploads\/2025\/10\/KR702E-KR702M.png","contentUrl":"https:\/\/tecplan.com.es\/wp-content\/uploads\/2025\/10\/KR702E-KR702M.png","width":500,"height":500},{"@type":"BreadcrumbList","@id":"https:\/\/tecplan.com.es\/product\/lectora-rfid-kr702e-kr702m\/#breadcrumb","itemListElement":[{"@type":"ListItem","position":1,"name":"Home","item":"https:\/\/tecplan.com.es\/"},{"@type":"ListItem","position":2,"name":"Shop","item":"https:\/\/tecplan.com.es\/shop\/"},{"@type":"ListItem","position":3,"name":"Lectora RFID KR702E \/ KR702M"}]},{"@type":"WebSite","@id":"https:\/\/tecplan.com.es\/#website","url":"https:\/\/tecplan.com.es\/","name":"Tecplan","description":"","potentialAction":[{"@type":"SearchAction","target":{"@type":"EntryPoint","urlTemplate":"https:\/\/tecplan.com.es\/?s={search_term_string}"},"query-input":{"@type":"PropertyValueSpecification","valueRequired":true,"valueName":"search_term_string"}}],"inLanguage":"en-US"}]}},"_links":{"self":[{"href":"https:\/\/tecplan.com.es\/en\/wp-json\/wp\/v2\/product\/3947","targetHints":{"allow":["GET"]}}],"collection":[{"href":"https:\/\/tecplan.com.es\/en\/wp-json\/wp\/v2\/product"}],"about":[{"href":"https:\/\/tecplan.com.es\/en\/wp-json\/wp\/v2\/types\/product"}],"replies":[{"embeddable":true,"href":"https:\/\/tecplan.com.es\/en\/wp-json\/wp\/v2\/comments?post=3947"}],"version-history":[{"count":2,"href":"https:\/\/tecplan.com.es\/en\/wp-json\/wp\/v2\/product\/3947\/revisions"}],"predecessor-version":[{"id":4021,"href":"https:\/\/tecplan.com.es\/en\/wp-json\/wp\/v2\/product\/3947\/revisions\/4021"}],"wp:featuredmedia":[{"embeddable":true,"href":"https:\/\/tecplan.com.es\/en\/wp-json\/wp\/v2\/media\/3937"}],"wp:attachment":[{"href":"https:\/\/tecplan.com.es\/en\/wp-json\/wp\/v2\/media?parent=3947"}],"wp:term":[{"taxonomy":"product_brand","embeddable":true,"href":"https:\/\/tecplan.com.es\/en\/wp-json\/wp\/v2\/product_brand?post=3947"},{"taxonomy":"product_cat","embeddable":true,"href":"https:\/\/tecplan.com.es\/en\/wp-json\/wp\/v2\/product_cat?post=3947"},{"taxonomy":"product_tag","embeddable":true,"href":"https:\/\/tecplan.com.es\/en\/wp-json\/wp\/v2\/product_tag?post=3947"}],"curies":[{"name":"wp","href":"https:\/\/api.w.org\/{rel}","templated":true}]}}