{"id":3946,"date":"2025-10-15T22:21:14","date_gmt":"2025-10-15T22:21:14","guid":{"rendered":"https:\/\/tecplan.com.es\/product\/lectora-proid-rs485-series-l\/"},"modified":"2025-10-21T15:12:59","modified_gmt":"2025-10-21T15:12:59","slug":"lectora-proid-rs485-series-l","status":"publish","type":"product","link":"https:\/\/tecplan.com.es\/en\/product\/lectora-proid-rs485-series-l\/","title":{"rendered":"Lectora PROID RS485 SERIES L"},"content":{"rendered":"<p><strong>Serie ProID RS485<\/strong><\/p>\n<p style=\"text-align: justify;\">La familia de lectores de tarjetas ProID-RS est\u00e1 dise\u00f1ada para ofrecer opciones de tecnolog\u00edas de tarjetas a clientes como 125 KHz EM, 13,56 MHz IC, DESFire. Con una robusta protecci\u00f3n contra todo clima y un hermoso dise\u00f1o moderno, la familia ProID-RS es la mejor opci\u00f3n para aplicaciones interiores o exteriores.<\/p>\n<p><!--more--><\/p>\n<h5 style=\"text-align: justify;\"><span style=\"text-decoration: underline;\"><strong>DOWNLOADS<\/strong><\/span><\/h5>\n<ul style=\"text-align: justify;\">\n<li><a href=\"https:\/\/drive.google.com\/file\/d\/1jml57ITLuekBli9HM5kZ2F_fVaNxhG1m\/view?usp=sharing\">\u2192 Technical specifications<\/a><\/li>\n<\/ul>","protected":false},"excerpt":{"rendered":"<p style=\"text-align: justify;\">La familia de lectores de tarjetas ProID-RS est\u00e1 dise\u00f1ada para ofrecer opciones de tecnolog\u00edas de tarjetas a los clientes, como 125KHz EM, 13.56MHz IC, DESFire. Con una robusta protecci\u00f3n para todo tipo de clima y un bonito y moderno dise\u00f1o, la familia ProID-RS es la mejor opci\u00f3n para aplicaci\u00f3n KR702E \/ KR702M Lectora RFID Lector KR702 es un lector a prueba de agua, el producto es IP65 resistente al agua, y puede ser utilizado para el exterior\u00a0 o exterior.<\/p>\n<p style=\"text-align: justify;\"><!--more--><\/p>\n<p><img decoding=\"async\" class=\"wp-image-3915 aligncenter\" src=\"https:\/\/tecplan.com.es\/wp-content\/uploads\/2025\/10\/ZKTeco_-300x91.png\" alt=\"\" width=\"189\" height=\"50\" \/><\/p>","protected":false},"featured_media":3935,"comment_status":"open","ping_status":"closed","template":"","meta":{"site-sidebar-layout":"default","site-content-layout":"","ast-site-content-layout":"default","site-content-style":"default","site-sidebar-style":"default","ast-global-header-display":"","ast-banner-title-visibility":"","ast-main-header-display":"","ast-hfb-above-header-display":"","ast-hfb-below-header-display":"","ast-hfb-mobile-header-display":"","site-post-title":"","ast-breadcrumbs-content":"","ast-featured-img":"","footer-sml-layout":"","ast-disable-related-posts":"","theme-transparent-header-meta":"default","adv-header-id-meta":"","stick-header-meta":"","header-above-stick-meta":"","header-main-stick-meta":"","header-below-stick-meta":"","astra-migrate-meta-layouts":"set","ast-page-background-enabled":"default","ast-page-background-meta":{"desktop":{"background-color":"var(--ast-global-color-5)","background-image":"","background-repeat":"repeat","background-position":"center center","background-size":"auto","background-attachment":"scroll","background-type":"","background-media":"","overlay-type":"","overlay-color":"","overlay-opacity":"","overlay-gradient":""},"tablet":{"background-color":"","background-image":"","background-repeat":"repeat","background-position":"center center","background-size":"auto","background-attachment":"scroll","background-type":"","background-media":"","overlay-type":"","overlay-color":"","overlay-opacity":"","overlay-gradient":""},"mobile":{"background-color":"","background-image":"","background-repeat":"repeat","background-position":"center center","background-size":"auto","background-attachment":"scroll","background-type":"","background-media":"","overlay-type":"","overlay-color":"","overlay-opacity":"","overlay-gradient":""}},"ast-content-background-meta":{"desktop":{"background-color":"var(--ast-global-color-4)","background-image":"","background-repeat":"repeat","background-position":"center center","background-size":"auto","background-attachment":"scroll","background-type":"","background-media":"","overlay-type":"","overlay-color":"","overlay-opacity":"","overlay-gradient":""},"tablet":{"background-color":"var(--ast-global-color-4)","background-image":"","background-repeat":"repeat","background-position":"center center","background-size":"auto","background-attachment":"scroll","background-type":"","background-media":"","overlay-type":"","overlay-color":"","overlay-opacity":"","overlay-gradient":""},"mobile":{"background-color":"var(--ast-global-color-4)","background-image":"","background-repeat":"repeat","background-position":"center center","background-size":"auto","background-attachment":"scroll","background-type":"","background-media":"","overlay-type":"","overlay-color":"","overlay-opacity":"","overlay-gradient":""}}},"product_brand":[297],"product_cat":[174,195,173],"product_tag":[230],"class_list":{"0":"post-3946","1":"product","2":"type-product","3":"status-publish","4":"has-post-thumbnail","6":"product_brand-zkteco","7":"product_cat-control-de-ingreso","8":"product_cat-seguridad","9":"product_cat-seguridad-fisica","10":"product_tag-zkteco","11":"desktop-align-left","12":"tablet-align-left","13":"mobile-align-left","15":"first","16":"instock","17":"shipping-taxable","18":"product-type-simple"},"yoast_head":"<!-- This site is optimized with the Yoast SEO plugin v25.3 - https:\/\/yoast.com\/wordpress\/plugins\/seo\/ -->\n<title>Lectora PROID RS485 SERIES L - Tecplan<\/title>\n<meta name=\"robots\" content=\"index, follow, max-snippet:-1, max-image-preview:large, max-video-preview:-1\" \/>\n<link rel=\"canonical\" href=\"https:\/\/tecplan.com.es\/en\/product\/lectora-proid-rs485-series-l\/\" \/>\n<meta property=\"og:locale\" content=\"en_US\" \/>\n<meta property=\"og:type\" content=\"article\" \/>\n<meta property=\"og:title\" content=\"Lectora PROID RS485 SERIES L - Tecplan\" \/>\n<meta property=\"og:description\" content=\"La familia de lectores de tarjetas ProID-RS est\u00e1 dise\u00f1ada para ofrecer opciones de tecnolog\u00edas de tarjetas a los clientes, como 125KHz EM, 13.56MHz IC, DESFire. Con una robusta protecci\u00f3n para todo tipo de clima y un bonito y moderno dise\u00f1o, la familia ProID-RS es la mejor opci\u00f3n para aplicaci\u00f3n KR702E \/ KR702M Lectora RFID Lector KR702 es un lector a prueba de agua, el producto es IP65 resistente al agua, y puede ser utilizado para el exterior\u00a0 o exterior.\" \/>\n<meta property=\"og:url\" content=\"https:\/\/tecplan.com.es\/en\/product\/lectora-proid-rs485-series-l\/\" \/>\n<meta property=\"og:site_name\" content=\"Tecplan\" \/>\n<meta property=\"article:modified_time\" content=\"2025-10-21T15:12:59+00:00\" \/>\n<meta property=\"og:image\" content=\"https:\/\/tecplan.com.es\/wp-content\/uploads\/2025\/10\/ProID-RS485-1.png\" \/>\n\t<meta property=\"og:image:width\" content=\"500\" \/>\n\t<meta property=\"og:image:height\" content=\"500\" \/>\n\t<meta property=\"og:image:type\" content=\"image\/png\" \/>\n<meta name=\"twitter:card\" content=\"summary_large_image\" \/>\n<meta name=\"twitter:label1\" content=\"Est. reading time\" \/>\n\t<meta name=\"twitter:data1\" content=\"1 minute\" \/>\n<script type=\"application\/ld+json\" class=\"yoast-schema-graph\">{\"@context\":\"https:\/\/schema.org\",\"@graph\":[{\"@type\":\"WebPage\",\"@id\":\"https:\/\/tecplan.com.es\/product\/lectora-proid-rs485-series-l\/\",\"url\":\"https:\/\/tecplan.com.es\/product\/lectora-proid-rs485-series-l\/\",\"name\":\"Lectora PROID RS485 SERIES L - Tecplan\",\"isPartOf\":{\"@id\":\"https:\/\/tecplan.com.es\/#website\"},\"primaryImageOfPage\":{\"@id\":\"https:\/\/tecplan.com.es\/product\/lectora-proid-rs485-series-l\/#primaryimage\"},\"image\":{\"@id\":\"https:\/\/tecplan.com.es\/product\/lectora-proid-rs485-series-l\/#primaryimage\"},\"thumbnailUrl\":\"https:\/\/tecplan.com.es\/wp-content\/uploads\/2025\/10\/ProID-RS485-1.png\",\"datePublished\":\"2025-10-15T22:21:14+00:00\",\"dateModified\":\"2025-10-21T15:12:59+00:00\",\"breadcrumb\":{\"@id\":\"https:\/\/tecplan.com.es\/product\/lectora-proid-rs485-series-l\/#breadcrumb\"},\"inLanguage\":\"en-US\",\"potentialAction\":[{\"@type\":\"ReadAction\",\"target\":[\"https:\/\/tecplan.com.es\/product\/lectora-proid-rs485-series-l\/\"]}]},{\"@type\":\"ImageObject\",\"inLanguage\":\"en-US\",\"@id\":\"https:\/\/tecplan.com.es\/product\/lectora-proid-rs485-series-l\/#primaryimage\",\"url\":\"https:\/\/tecplan.com.es\/wp-content\/uploads\/2025\/10\/ProID-RS485-1.png\",\"contentUrl\":\"https:\/\/tecplan.com.es\/wp-content\/uploads\/2025\/10\/ProID-RS485-1.png\",\"width\":500,\"height\":500},{\"@type\":\"BreadcrumbList\",\"@id\":\"https:\/\/tecplan.com.es\/product\/lectora-proid-rs485-series-l\/#breadcrumb\",\"itemListElement\":[{\"@type\":\"ListItem\",\"position\":1,\"name\":\"Home\",\"item\":\"https:\/\/tecplan.com.es\/\"},{\"@type\":\"ListItem\",\"position\":2,\"name\":\"Shop\",\"item\":\"https:\/\/tecplan.com.es\/shop\/\"},{\"@type\":\"ListItem\",\"position\":3,\"name\":\"Lectora PROID RS485 SERIES L\"}]},{\"@type\":\"WebSite\",\"@id\":\"https:\/\/tecplan.com.es\/#website\",\"url\":\"https:\/\/tecplan.com.es\/\",\"name\":\"Tecplan\",\"description\":\"\",\"potentialAction\":[{\"@type\":\"SearchAction\",\"target\":{\"@type\":\"EntryPoint\",\"urlTemplate\":\"https:\/\/tecplan.com.es\/?s={search_term_string}\"},\"query-input\":{\"@type\":\"PropertyValueSpecification\",\"valueRequired\":true,\"valueName\":\"search_term_string\"}}],\"inLanguage\":\"en-US\"}]}<\/script>\n<!-- \/ Yoast SEO plugin. -->","yoast_head_json":{"title":"Lectora PROID RS485 SERIES L - Tecplan","robots":{"index":"index","follow":"follow","max-snippet":"max-snippet:-1","max-image-preview":"max-image-preview:large","max-video-preview":"max-video-preview:-1"},"canonical":"https:\/\/tecplan.com.es\/en\/product\/lectora-proid-rs485-series-l\/","og_locale":"en_US","og_type":"article","og_title":"Lectora PROID RS485 SERIES L - Tecplan","og_description":"La familia de lectores de tarjetas ProID-RS est\u00e1 dise\u00f1ada para ofrecer opciones de tecnolog\u00edas de tarjetas a los clientes, como 125KHz EM, 13.56MHz IC, DESFire. Con una robusta protecci\u00f3n para todo tipo de clima y un bonito y moderno dise\u00f1o, la familia ProID-RS es la mejor opci\u00f3n para aplicaci\u00f3n KR702E \/ KR702M Lectora RFID Lector KR702 es un lector a prueba de agua, el producto es IP65 resistente al agua, y puede ser utilizado para el exterior\u00a0 o exterior.","og_url":"https:\/\/tecplan.com.es\/en\/product\/lectora-proid-rs485-series-l\/","og_site_name":"Tecplan","article_modified_time":"2025-10-21T15:12:59+00:00","og_image":[{"width":500,"height":500,"url":"https:\/\/tecplan.com.es\/wp-content\/uploads\/2025\/10\/ProID-RS485-1.png","type":"image\/png"}],"twitter_card":"summary_large_image","twitter_misc":{"Est. reading time":"1 minute"},"schema":{"@context":"https:\/\/schema.org","@graph":[{"@type":"WebPage","@id":"https:\/\/tecplan.com.es\/product\/lectora-proid-rs485-series-l\/","url":"https:\/\/tecplan.com.es\/product\/lectora-proid-rs485-series-l\/","name":"Lectora PROID RS485 SERIES L - Tecplan","isPartOf":{"@id":"https:\/\/tecplan.com.es\/#website"},"primaryImageOfPage":{"@id":"https:\/\/tecplan.com.es\/product\/lectora-proid-rs485-series-l\/#primaryimage"},"image":{"@id":"https:\/\/tecplan.com.es\/product\/lectora-proid-rs485-series-l\/#primaryimage"},"thumbnailUrl":"https:\/\/tecplan.com.es\/wp-content\/uploads\/2025\/10\/ProID-RS485-1.png","datePublished":"2025-10-15T22:21:14+00:00","dateModified":"2025-10-21T15:12:59+00:00","breadcrumb":{"@id":"https:\/\/tecplan.com.es\/product\/lectora-proid-rs485-series-l\/#breadcrumb"},"inLanguage":"en-US","potentialAction":[{"@type":"ReadAction","target":["https:\/\/tecplan.com.es\/product\/lectora-proid-rs485-series-l\/"]}]},{"@type":"ImageObject","inLanguage":"en-US","@id":"https:\/\/tecplan.com.es\/product\/lectora-proid-rs485-series-l\/#primaryimage","url":"https:\/\/tecplan.com.es\/wp-content\/uploads\/2025\/10\/ProID-RS485-1.png","contentUrl":"https:\/\/tecplan.com.es\/wp-content\/uploads\/2025\/10\/ProID-RS485-1.png","width":500,"height":500},{"@type":"BreadcrumbList","@id":"https:\/\/tecplan.com.es\/product\/lectora-proid-rs485-series-l\/#breadcrumb","itemListElement":[{"@type":"ListItem","position":1,"name":"Home","item":"https:\/\/tecplan.com.es\/"},{"@type":"ListItem","position":2,"name":"Shop","item":"https:\/\/tecplan.com.es\/shop\/"},{"@type":"ListItem","position":3,"name":"Lectora PROID RS485 SERIES L"}]},{"@type":"WebSite","@id":"https:\/\/tecplan.com.es\/#website","url":"https:\/\/tecplan.com.es\/","name":"Tecplan","description":"","potentialAction":[{"@type":"SearchAction","target":{"@type":"EntryPoint","urlTemplate":"https:\/\/tecplan.com.es\/?s={search_term_string}"},"query-input":{"@type":"PropertyValueSpecification","valueRequired":true,"valueName":"search_term_string"}}],"inLanguage":"en-US"}]}},"_links":{"self":[{"href":"https:\/\/tecplan.com.es\/en\/wp-json\/wp\/v2\/product\/3946","targetHints":{"allow":["GET"]}}],"collection":[{"href":"https:\/\/tecplan.com.es\/en\/wp-json\/wp\/v2\/product"}],"about":[{"href":"https:\/\/tecplan.com.es\/en\/wp-json\/wp\/v2\/types\/product"}],"replies":[{"embeddable":true,"href":"https:\/\/tecplan.com.es\/en\/wp-json\/wp\/v2\/comments?post=3946"}],"version-history":[{"count":2,"href":"https:\/\/tecplan.com.es\/en\/wp-json\/wp\/v2\/product\/3946\/revisions"}],"predecessor-version":[{"id":4022,"href":"https:\/\/tecplan.com.es\/en\/wp-json\/wp\/v2\/product\/3946\/revisions\/4022"}],"wp:featuredmedia":[{"embeddable":true,"href":"https:\/\/tecplan.com.es\/en\/wp-json\/wp\/v2\/media\/3935"}],"wp:attachment":[{"href":"https:\/\/tecplan.com.es\/en\/wp-json\/wp\/v2\/media?parent=3946"}],"wp:term":[{"taxonomy":"product_brand","embeddable":true,"href":"https:\/\/tecplan.com.es\/en\/wp-json\/wp\/v2\/product_brand?post=3946"},{"taxonomy":"product_cat","embeddable":true,"href":"https:\/\/tecplan.com.es\/en\/wp-json\/wp\/v2\/product_cat?post=3946"},{"taxonomy":"product_tag","embeddable":true,"href":"https:\/\/tecplan.com.es\/en\/wp-json\/wp\/v2\/product_tag?post=3946"}],"curies":[{"name":"wp","href":"https:\/\/api.w.org\/{rel}","templated":true}]}}