{"id":3942,"date":"2025-10-15T22:21:14","date_gmt":"2025-10-15T22:21:14","guid":{"rendered":"https:\/\/tecplan.com.es\/product\/kf1100-pro-kf1200-pro-terminal-inteligente\/"},"modified":"2025-10-20T16:54:55","modified_gmt":"2025-10-20T16:54:55","slug":"kf1100-pro-kf1200-pro-terminal-inteligente","status":"publish","type":"product","link":"https:\/\/tecplan.com.es\/en\/product\/kf1100-pro-kf1200-pro-terminal-inteligente\/","title":{"rendered":"KF1100 Pro &#038; KF1200 Pro Terminal  Inteligente"},"content":{"rendered":"<p style=\"text-align: justify;\"><strong>KF1100 Pro y KF1200 Pro<\/strong><\/p>\n<p style=\"text-align: justify;\">KF1100 Pro y KF1200 Pro de ZKTeco son un sofisticado lector RFID y de autenticaci\u00f3n facial con luz visible. Esta serie puede funcionar como lectores biom\u00e9tricos o como dispositivos de control de acceso independientes, ofreci\u00e9ndole la flexibilidad de elegir el modo que mejor se adapte a sus necesidades.<\/p>\n<p style=\"text-align: justify;\">Dise\u00f1ados para integrarse perfectamente con los controladores inBio Pro Plus, el KF1100 Pro y el KF1200 Pro pueden capturar y convertir im\u00e1genes faciales en plantillas faciales de hasta 512 bytes. Luego, las plantillas faciales se transmitir\u00e1n a los controladores inBio Pro Plus a trav\u00e9s de RS-485 para su autenticaci\u00f3n. Los KF1100 Pro y KF1200 Pro est\u00e1n equipados con puerto TCP\/IP, lo que permite una r\u00e1pida sincronizaci\u00f3n de datos con los controladores, elevando el nivel de capacidades de autenticaci\u00f3n facial estables y precisas.<\/p>\n<p style=\"text-align: justify;\">Adem\u00e1s, KF1100 Pro y 1200 Pro muestran su versatilidad cuando se implementan como un dispositivo de control de acceso independiente de autenticaci\u00f3n facial con luz visible con un DM10 (panel de extensi\u00f3n de cerradura de puerta). KF1100 Pro y 1200 Pro son compatibles con ZKBio CVSecurity a trav\u00e9s del protocolo ZKTeco A&amp;C PUSH.<\/p>\n<p style=\"text-align: justify;\">Innovador lector de reconocimiento facial de luz visible dedicado al controlador biom\u00e9trico de la serie InBio para adoptar la tecnolog\u00eda de reconocimiento facial, ofreciendo una de las<br \/>\nexperiencias de reconocimiento facial m\u00e1s r\u00e1pidas, estables y precisas de la industria.<\/p>\n<p style=\"text-align: justify;\">\u2022 M\u00e9todo biom\u00e9trico: Luz visible facial.<br \/>\n\u2022 RFID: tarjeta de identificaci\u00f3n est\u00e1ndar y tarjeta IC (opcional).<br \/>\n\u2022 Capacidad de usuarios: 30.000.<br \/>\n\u2022 Capacidad de tarjetas: 30.000.<br \/>\n\u2022 Capacidad facial: 1.500.<br \/>\n\u2022 Capacidad de registros: 100.000.<br \/>\n\u2022 Algoritmo de reconocimiento facial: ZKLiveface 3.5.<br \/>\n\u2022 Distancia de reconocimiento facial: 30cm ~ 50cm.<\/p>\n<p><!--more--><\/p>\n<h5 style=\"text-align: justify;\"><span style=\"text-decoration: underline;\"><strong>DOWNLOADS<\/strong><\/span><\/h5>\n<ul style=\"text-align: justify;\">\n<li><a href=\"https:\/\/drive.google.com\/file\/d\/1RAC7EzGfzQVo1MUFVjooB0lKgEwJLsU5\/view?usp=sharing\">\u2192 Technical specifications<\/a><\/li>\n<\/ul>","protected":false},"excerpt":{"rendered":"<p style=\"text-align: justify;\">Terminal Inteligente de Lectura Biom\u00e9trica.<\/p>\n<p><!--more--><\/p>\n<p><img decoding=\"async\" class=\"wp-image-3915 aligncenter\" src=\"https:\/\/tecplan.com.es\/wp-content\/uploads\/2025\/10\/ZKTeco_-300x91.png\" alt=\"\" width=\"152\" height=\"47\" srcset=\"https:\/\/tecplan.com.es\/wp-content\/uploads\/2025\/10\/ZKTeco_-300x91.png 300w, https:\/\/tecplan.com.es\/wp-content\/uploads\/2025\/10\/ZKTeco_-18x5.png 18w, https:\/\/tecplan.com.es\/wp-content\/uploads\/2025\/10\/ZKTeco_.png 373w\" sizes=\"(max-width: 152px) 100vw, 152px\" \/><\/p>\n<p>&nbsp;<\/p>","protected":false},"featured_media":3923,"comment_status":"open","ping_status":"closed","template":"","meta":{"site-sidebar-layout":"default","site-content-layout":"","ast-site-content-layout":"default","site-content-style":"default","site-sidebar-style":"default","ast-global-header-display":"","ast-banner-title-visibility":"","ast-main-header-display":"","ast-hfb-above-header-display":"","ast-hfb-below-header-display":"","ast-hfb-mobile-header-display":"","site-post-title":"","ast-breadcrumbs-content":"","ast-featured-img":"","footer-sml-layout":"","ast-disable-related-posts":"","theme-transparent-header-meta":"default","adv-header-id-meta":"","stick-header-meta":"","header-above-stick-meta":"","header-main-stick-meta":"","header-below-stick-meta":"","astra-migrate-meta-layouts":"set","ast-page-background-enabled":"default","ast-page-background-meta":{"desktop":{"background-color":"var(--ast-global-color-5)","background-image":"","background-repeat":"repeat","background-position":"center center","background-size":"auto","background-attachment":"scroll","background-type":"","background-media":"","overlay-type":"","overlay-color":"","overlay-opacity":"","overlay-gradient":""},"tablet":{"background-color":"","background-image":"","background-repeat":"repeat","background-position":"center center","background-size":"auto","background-attachment":"scroll","background-type":"","background-media":"","overlay-type":"","overlay-color":"","overlay-opacity":"","overlay-gradient":""},"mobile":{"background-color":"","background-image":"","background-repeat":"repeat","background-position":"center center","background-size":"auto","background-attachment":"scroll","background-type":"","background-media":"","overlay-type":"","overlay-color":"","overlay-opacity":"","overlay-gradient":""}},"ast-content-background-meta":{"desktop":{"background-color":"var(--ast-global-color-4)","background-image":"","background-repeat":"repeat","background-position":"center center","background-size":"auto","background-attachment":"scroll","background-type":"","background-media":"","overlay-type":"","overlay-color":"","overlay-opacity":"","overlay-gradient":""},"tablet":{"background-color":"var(--ast-global-color-4)","background-image":"","background-repeat":"repeat","background-position":"center center","background-size":"auto","background-attachment":"scroll","background-type":"","background-media":"","overlay-type":"","overlay-color":"","overlay-opacity":"","overlay-gradient":""},"mobile":{"background-color":"var(--ast-global-color-4)","background-image":"","background-repeat":"repeat","background-position":"center center","background-size":"auto","background-attachment":"scroll","background-type":"","background-media":"","overlay-type":"","overlay-color":"","overlay-opacity":"","overlay-gradient":""}}},"product_brand":[297],"product_cat":[174,195,173],"product_tag":[230],"class_list":{"0":"post-3942","1":"product","2":"type-product","3":"status-publish","4":"has-post-thumbnail","6":"product_brand-zkteco","7":"product_cat-control-de-ingreso","8":"product_cat-seguridad","9":"product_cat-seguridad-fisica","10":"product_tag-zkteco","11":"desktop-align-left","12":"tablet-align-left","13":"mobile-align-left","15":"first","16":"instock","17":"shipping-taxable","18":"product-type-simple"},"yoast_head":"<!-- This site is optimized with the Yoast SEO plugin v25.3 - https:\/\/yoast.com\/wordpress\/plugins\/seo\/ -->\n<title>KF1100 Pro &amp; KF1200 Pro Terminal Inteligente - Tecplan<\/title>\n<meta name=\"robots\" content=\"index, follow, max-snippet:-1, max-image-preview:large, max-video-preview:-1\" \/>\n<link rel=\"canonical\" href=\"https:\/\/tecplan.com.es\/en\/product\/kf1100-pro-kf1200-pro-terminal-inteligente\/\" \/>\n<meta property=\"og:locale\" content=\"en_US\" \/>\n<meta property=\"og:type\" content=\"article\" \/>\n<meta property=\"og:title\" content=\"KF1100 Pro &amp; KF1200 Pro Terminal Inteligente - Tecplan\" \/>\n<meta property=\"og:description\" content=\"Terminal Inteligente de Lectura Biom\u00e9trica.     &nbsp;\" \/>\n<meta property=\"og:url\" content=\"https:\/\/tecplan.com.es\/en\/product\/kf1100-pro-kf1200-pro-terminal-inteligente\/\" \/>\n<meta property=\"og:site_name\" content=\"Tecplan\" \/>\n<meta property=\"article:modified_time\" content=\"2025-10-20T16:54:55+00:00\" \/>\n<meta property=\"og:image\" content=\"https:\/\/tecplan.com.es\/wp-content\/uploads\/2025\/10\/KF1000-Pro-Series-02.jpg\" \/>\n\t<meta property=\"og:image:width\" content=\"500\" \/>\n\t<meta property=\"og:image:height\" content=\"500\" \/>\n\t<meta property=\"og:image:type\" content=\"image\/jpeg\" \/>\n<meta name=\"twitter:card\" content=\"summary_large_image\" \/>\n<meta name=\"twitter:label1\" content=\"Est. reading time\" \/>\n\t<meta name=\"twitter:data1\" content=\"2 minutes\" \/>\n<script type=\"application\/ld+json\" class=\"yoast-schema-graph\">{\"@context\":\"https:\/\/schema.org\",\"@graph\":[{\"@type\":\"WebPage\",\"@id\":\"https:\/\/tecplan.com.es\/product\/kf1100-pro-kf1200-pro-terminal-inteligente\/\",\"url\":\"https:\/\/tecplan.com.es\/product\/kf1100-pro-kf1200-pro-terminal-inteligente\/\",\"name\":\"KF1100 Pro & KF1200 Pro Terminal Inteligente - Tecplan\",\"isPartOf\":{\"@id\":\"https:\/\/tecplan.com.es\/#website\"},\"primaryImageOfPage\":{\"@id\":\"https:\/\/tecplan.com.es\/product\/kf1100-pro-kf1200-pro-terminal-inteligente\/#primaryimage\"},\"image\":{\"@id\":\"https:\/\/tecplan.com.es\/product\/kf1100-pro-kf1200-pro-terminal-inteligente\/#primaryimage\"},\"thumbnailUrl\":\"https:\/\/tecplan.com.es\/wp-content\/uploads\/2025\/10\/KF1000-Pro-Series-02.jpg\",\"datePublished\":\"2025-10-15T22:21:14+00:00\",\"dateModified\":\"2025-10-20T16:54:55+00:00\",\"breadcrumb\":{\"@id\":\"https:\/\/tecplan.com.es\/product\/kf1100-pro-kf1200-pro-terminal-inteligente\/#breadcrumb\"},\"inLanguage\":\"en-US\",\"potentialAction\":[{\"@type\":\"ReadAction\",\"target\":[\"https:\/\/tecplan.com.es\/product\/kf1100-pro-kf1200-pro-terminal-inteligente\/\"]}]},{\"@type\":\"ImageObject\",\"inLanguage\":\"en-US\",\"@id\":\"https:\/\/tecplan.com.es\/product\/kf1100-pro-kf1200-pro-terminal-inteligente\/#primaryimage\",\"url\":\"https:\/\/tecplan.com.es\/wp-content\/uploads\/2025\/10\/KF1000-Pro-Series-02.jpg\",\"contentUrl\":\"https:\/\/tecplan.com.es\/wp-content\/uploads\/2025\/10\/KF1000-Pro-Series-02.jpg\",\"width\":500,\"height\":500},{\"@type\":\"BreadcrumbList\",\"@id\":\"https:\/\/tecplan.com.es\/product\/kf1100-pro-kf1200-pro-terminal-inteligente\/#breadcrumb\",\"itemListElement\":[{\"@type\":\"ListItem\",\"position\":1,\"name\":\"Home\",\"item\":\"https:\/\/tecplan.com.es\/\"},{\"@type\":\"ListItem\",\"position\":2,\"name\":\"Shop\",\"item\":\"https:\/\/tecplan.com.es\/shop\/\"},{\"@type\":\"ListItem\",\"position\":3,\"name\":\"KF1100 Pro &#038; KF1200 Pro Terminal Inteligente\"}]},{\"@type\":\"WebSite\",\"@id\":\"https:\/\/tecplan.com.es\/#website\",\"url\":\"https:\/\/tecplan.com.es\/\",\"name\":\"Tecplan\",\"description\":\"\",\"potentialAction\":[{\"@type\":\"SearchAction\",\"target\":{\"@type\":\"EntryPoint\",\"urlTemplate\":\"https:\/\/tecplan.com.es\/?s={search_term_string}\"},\"query-input\":{\"@type\":\"PropertyValueSpecification\",\"valueRequired\":true,\"valueName\":\"search_term_string\"}}],\"inLanguage\":\"en-US\"}]}<\/script>\n<!-- \/ Yoast SEO plugin. -->","yoast_head_json":{"title":"KF1100 Pro & KF1200 Pro Terminal Inteligente - Tecplan","robots":{"index":"index","follow":"follow","max-snippet":"max-snippet:-1","max-image-preview":"max-image-preview:large","max-video-preview":"max-video-preview:-1"},"canonical":"https:\/\/tecplan.com.es\/en\/product\/kf1100-pro-kf1200-pro-terminal-inteligente\/","og_locale":"en_US","og_type":"article","og_title":"KF1100 Pro & KF1200 Pro Terminal Inteligente - Tecplan","og_description":"Terminal Inteligente de Lectura Biom\u00e9trica.     &nbsp;","og_url":"https:\/\/tecplan.com.es\/en\/product\/kf1100-pro-kf1200-pro-terminal-inteligente\/","og_site_name":"Tecplan","article_modified_time":"2025-10-20T16:54:55+00:00","og_image":[{"width":500,"height":500,"url":"https:\/\/tecplan.com.es\/wp-content\/uploads\/2025\/10\/KF1000-Pro-Series-02.jpg","type":"image\/jpeg"}],"twitter_card":"summary_large_image","twitter_misc":{"Est. reading time":"2 minutes"},"schema":{"@context":"https:\/\/schema.org","@graph":[{"@type":"WebPage","@id":"https:\/\/tecplan.com.es\/product\/kf1100-pro-kf1200-pro-terminal-inteligente\/","url":"https:\/\/tecplan.com.es\/product\/kf1100-pro-kf1200-pro-terminal-inteligente\/","name":"KF1100 Pro & KF1200 Pro Terminal Inteligente - Tecplan","isPartOf":{"@id":"https:\/\/tecplan.com.es\/#website"},"primaryImageOfPage":{"@id":"https:\/\/tecplan.com.es\/product\/kf1100-pro-kf1200-pro-terminal-inteligente\/#primaryimage"},"image":{"@id":"https:\/\/tecplan.com.es\/product\/kf1100-pro-kf1200-pro-terminal-inteligente\/#primaryimage"},"thumbnailUrl":"https:\/\/tecplan.com.es\/wp-content\/uploads\/2025\/10\/KF1000-Pro-Series-02.jpg","datePublished":"2025-10-15T22:21:14+00:00","dateModified":"2025-10-20T16:54:55+00:00","breadcrumb":{"@id":"https:\/\/tecplan.com.es\/product\/kf1100-pro-kf1200-pro-terminal-inteligente\/#breadcrumb"},"inLanguage":"en-US","potentialAction":[{"@type":"ReadAction","target":["https:\/\/tecplan.com.es\/product\/kf1100-pro-kf1200-pro-terminal-inteligente\/"]}]},{"@type":"ImageObject","inLanguage":"en-US","@id":"https:\/\/tecplan.com.es\/product\/kf1100-pro-kf1200-pro-terminal-inteligente\/#primaryimage","url":"https:\/\/tecplan.com.es\/wp-content\/uploads\/2025\/10\/KF1000-Pro-Series-02.jpg","contentUrl":"https:\/\/tecplan.com.es\/wp-content\/uploads\/2025\/10\/KF1000-Pro-Series-02.jpg","width":500,"height":500},{"@type":"BreadcrumbList","@id":"https:\/\/tecplan.com.es\/product\/kf1100-pro-kf1200-pro-terminal-inteligente\/#breadcrumb","itemListElement":[{"@type":"ListItem","position":1,"name":"Home","item":"https:\/\/tecplan.com.es\/"},{"@type":"ListItem","position":2,"name":"Shop","item":"https:\/\/tecplan.com.es\/shop\/"},{"@type":"ListItem","position":3,"name":"KF1100 Pro &#038; KF1200 Pro Terminal Inteligente"}]},{"@type":"WebSite","@id":"https:\/\/tecplan.com.es\/#website","url":"https:\/\/tecplan.com.es\/","name":"Tecplan","description":"","potentialAction":[{"@type":"SearchAction","target":{"@type":"EntryPoint","urlTemplate":"https:\/\/tecplan.com.es\/?s={search_term_string}"},"query-input":{"@type":"PropertyValueSpecification","valueRequired":true,"valueName":"search_term_string"}}],"inLanguage":"en-US"}]}},"_links":{"self":[{"href":"https:\/\/tecplan.com.es\/en\/wp-json\/wp\/v2\/product\/3942","targetHints":{"allow":["GET"]}}],"collection":[{"href":"https:\/\/tecplan.com.es\/en\/wp-json\/wp\/v2\/product"}],"about":[{"href":"https:\/\/tecplan.com.es\/en\/wp-json\/wp\/v2\/types\/product"}],"replies":[{"embeddable":true,"href":"https:\/\/tecplan.com.es\/en\/wp-json\/wp\/v2\/comments?post=3942"}],"version-history":[{"count":2,"href":"https:\/\/tecplan.com.es\/en\/wp-json\/wp\/v2\/product\/3942\/revisions"}],"predecessor-version":[{"id":4030,"href":"https:\/\/tecplan.com.es\/en\/wp-json\/wp\/v2\/product\/3942\/revisions\/4030"}],"wp:featuredmedia":[{"embeddable":true,"href":"https:\/\/tecplan.com.es\/en\/wp-json\/wp\/v2\/media\/3923"}],"wp:attachment":[{"href":"https:\/\/tecplan.com.es\/en\/wp-json\/wp\/v2\/media?parent=3942"}],"wp:term":[{"taxonomy":"product_brand","embeddable":true,"href":"https:\/\/tecplan.com.es\/en\/wp-json\/wp\/v2\/product_brand?post=3942"},{"taxonomy":"product_cat","embeddable":true,"href":"https:\/\/tecplan.com.es\/en\/wp-json\/wp\/v2\/product_cat?post=3942"},{"taxonomy":"product_tag","embeddable":true,"href":"https:\/\/tecplan.com.es\/en\/wp-json\/wp\/v2\/product_tag?post=3942"}],"curies":[{"name":"wp","href":"https:\/\/api.w.org\/{rel}","templated":true}]}}