{"id":3941,"date":"2025-10-15T22:21:14","date_gmt":"2025-10-15T22:21:14","guid":{"rendered":"https:\/\/tecplan.com.es\/product\/inbio-460-panel-ip-biometrico\/"},"modified":"2025-10-21T15:14:01","modified_gmt":"2025-10-21T15:14:01","slug":"inbio-460-panel-ip-biometrico","status":"publish","type":"product","link":"https:\/\/tecplan.com.es\/en\/product\/inbio-460-panel-ip-biometrico\/","title":{"rendered":"InBio 460 Panel IP Biom\u00e9trico"},"content":{"rendered":"<p><strong>InBio 460 Panel IP Biom\u00e9trico para Conttol de Acceso<\/strong><\/p>\n<p style=\"text-align: justify;\">La serie de lectores FR transmiten las plantillas de las huellas al panel v\u00eda RS485 para identificar r\u00e1pidamente las plantillas almacenadas en la base de datos. Las entradas Wiegand permiten utilizar lectores ID tradicionales.<\/p>\n<p style=\"text-align: justify;\">Este lector transmite plantillas de huellas digitales a inBio a trav\u00e9s de RS485. Tambi\u00e9n se proporcionan entradas de Wiegand para lectores RFID tradicionales. M\u00e1s el Control de Puertas. Acceda al control adicional y la interfaz con rel\u00e9s auxiliares. Se puede instalar f\u00e1cilmente en su red y admitir la comunicaci\u00f3n TCP\/IP y RS485. Admite hasta 3000 plantillas de huellas digitales, 30,000 tarjetas y almacena hasta 100,000 eventos y transacciones.<\/p>\n<p><!--more--><\/p>\n<h5 style=\"text-align: justify;\"><span style=\"text-decoration: underline;\"><strong>DOWNLOADS<\/strong><\/span><\/h5>\n<ul style=\"text-align: justify;\">\n<li><a href=\"https:\/\/drive.google.com\/file\/d\/18riZb3nz7hcV4jyqOkM3-z-h6j7G1elD\/view?usp=sharing\">\u2192 Technical specifications<\/a><\/li>\n<\/ul>","protected":false},"excerpt":{"rendered":"<p style=\"text-align: justify;\">Panel de Control de Acceso Biom\u00e9trico a Puertas basado en IP de 2 Puertas.<\/p>\n<p><!--more--><\/p>\n<p><img decoding=\"async\" class=\"wp-image-3915 aligncenter\" src=\"https:\/\/tecplan.com.es\/wp-content\/uploads\/2025\/10\/ZKTeco_-300x91.png\" alt=\"\" width=\"117\" height=\"37\" \/><\/p>\n<p>&nbsp;<\/p>\n<p>&nbsp;<\/p>","protected":false},"featured_media":3918,"comment_status":"open","ping_status":"closed","template":"","meta":{"site-sidebar-layout":"default","site-content-layout":"","ast-site-content-layout":"default","site-content-style":"default","site-sidebar-style":"default","ast-global-header-display":"","ast-banner-title-visibility":"","ast-main-header-display":"","ast-hfb-above-header-display":"","ast-hfb-below-header-display":"","ast-hfb-mobile-header-display":"","site-post-title":"","ast-breadcrumbs-content":"","ast-featured-img":"","footer-sml-layout":"","ast-disable-related-posts":"","theme-transparent-header-meta":"default","adv-header-id-meta":"","stick-header-meta":"","header-above-stick-meta":"","header-main-stick-meta":"","header-below-stick-meta":"","astra-migrate-meta-layouts":"set","ast-page-background-enabled":"default","ast-page-background-meta":{"desktop":{"background-color":"var(--ast-global-color-5)","background-image":"","background-repeat":"repeat","background-position":"center center","background-size":"auto","background-attachment":"scroll","background-type":"","background-media":"","overlay-type":"","overlay-color":"","overlay-opacity":"","overlay-gradient":""},"tablet":{"background-color":"","background-image":"","background-repeat":"repeat","background-position":"center center","background-size":"auto","background-attachment":"scroll","background-type":"","background-media":"","overlay-type":"","overlay-color":"","overlay-opacity":"","overlay-gradient":""},"mobile":{"background-color":"","background-image":"","background-repeat":"repeat","background-position":"center center","background-size":"auto","background-attachment":"scroll","background-type":"","background-media":"","overlay-type":"","overlay-color":"","overlay-opacity":"","overlay-gradient":""}},"ast-content-background-meta":{"desktop":{"background-color":"var(--ast-global-color-4)","background-image":"","background-repeat":"repeat","background-position":"center center","background-size":"auto","background-attachment":"scroll","background-type":"","background-media":"","overlay-type":"","overlay-color":"","overlay-opacity":"","overlay-gradient":""},"tablet":{"background-color":"var(--ast-global-color-4)","background-image":"","background-repeat":"repeat","background-position":"center center","background-size":"auto","background-attachment":"scroll","background-type":"","background-media":"","overlay-type":"","overlay-color":"","overlay-opacity":"","overlay-gradient":""},"mobile":{"background-color":"var(--ast-global-color-4)","background-image":"","background-repeat":"repeat","background-position":"center center","background-size":"auto","background-attachment":"scroll","background-type":"","background-media":"","overlay-type":"","overlay-color":"","overlay-opacity":"","overlay-gradient":""}}},"product_brand":[297],"product_cat":[175,195,173],"product_tag":[230],"class_list":{"0":"post-3941","1":"product","2":"type-product","3":"status-publish","4":"has-post-thumbnail","6":"product_brand-zkteco","7":"product_cat-control-de-asistencia","8":"product_cat-seguridad","9":"product_cat-seguridad-fisica","10":"product_tag-zkteco","11":"desktop-align-left","12":"tablet-align-left","13":"mobile-align-left","15":"first","16":"instock","17":"shipping-taxable","18":"product-type-simple"},"yoast_head":"<!-- This site is optimized with the Yoast SEO plugin v25.3 - https:\/\/yoast.com\/wordpress\/plugins\/seo\/ -->\n<title>InBio 460 Panel IP Biom\u00e9trico - Tecplan<\/title>\n<meta name=\"robots\" content=\"index, follow, max-snippet:-1, max-image-preview:large, max-video-preview:-1\" \/>\n<link rel=\"canonical\" href=\"https:\/\/tecplan.com.es\/en\/product\/inbio-460-panel-ip-biometrico\/\" \/>\n<meta property=\"og:locale\" content=\"en_US\" \/>\n<meta property=\"og:type\" content=\"article\" \/>\n<meta property=\"og:title\" content=\"InBio 460 Panel IP Biom\u00e9trico - Tecplan\" \/>\n<meta property=\"og:description\" content=\"Panel de Control de Acceso Biom\u00e9trico a Puertas basado en IP de 2 Puertas.     &nbsp;  &nbsp;\" \/>\n<meta property=\"og:url\" content=\"https:\/\/tecplan.com.es\/en\/product\/inbio-460-panel-ip-biometrico\/\" \/>\n<meta property=\"og:site_name\" content=\"Tecplan\" \/>\n<meta property=\"article:modified_time\" content=\"2025-10-21T15:14:01+00:00\" \/>\n<meta property=\"og:image\" content=\"https:\/\/tecplan.com.es\/wp-content\/uploads\/2025\/10\/INBIO-460-1.jpg\" \/>\n\t<meta property=\"og:image:width\" content=\"768\" \/>\n\t<meta property=\"og:image:height\" content=\"752\" \/>\n\t<meta property=\"og:image:type\" content=\"image\/jpeg\" \/>\n<meta name=\"twitter:card\" content=\"summary_large_image\" \/>\n<meta name=\"twitter:label1\" content=\"Est. reading time\" \/>\n\t<meta name=\"twitter:data1\" content=\"1 minute\" \/>\n<script type=\"application\/ld+json\" class=\"yoast-schema-graph\">{\"@context\":\"https:\/\/schema.org\",\"@graph\":[{\"@type\":\"WebPage\",\"@id\":\"https:\/\/tecplan.com.es\/product\/inbio-460-panel-ip-biometrico\/\",\"url\":\"https:\/\/tecplan.com.es\/product\/inbio-460-panel-ip-biometrico\/\",\"name\":\"InBio 460 Panel IP Biom\u00e9trico - Tecplan\",\"isPartOf\":{\"@id\":\"https:\/\/tecplan.com.es\/#website\"},\"primaryImageOfPage\":{\"@id\":\"https:\/\/tecplan.com.es\/product\/inbio-460-panel-ip-biometrico\/#primaryimage\"},\"image\":{\"@id\":\"https:\/\/tecplan.com.es\/product\/inbio-460-panel-ip-biometrico\/#primaryimage\"},\"thumbnailUrl\":\"https:\/\/tecplan.com.es\/wp-content\/uploads\/2025\/10\/INBIO-460-1.jpg\",\"datePublished\":\"2025-10-15T22:21:14+00:00\",\"dateModified\":\"2025-10-21T15:14:01+00:00\",\"breadcrumb\":{\"@id\":\"https:\/\/tecplan.com.es\/product\/inbio-460-panel-ip-biometrico\/#breadcrumb\"},\"inLanguage\":\"en-US\",\"potentialAction\":[{\"@type\":\"ReadAction\",\"target\":[\"https:\/\/tecplan.com.es\/product\/inbio-460-panel-ip-biometrico\/\"]}]},{\"@type\":\"ImageObject\",\"inLanguage\":\"en-US\",\"@id\":\"https:\/\/tecplan.com.es\/product\/inbio-460-panel-ip-biometrico\/#primaryimage\",\"url\":\"https:\/\/tecplan.com.es\/wp-content\/uploads\/2025\/10\/INBIO-460-1.jpg\",\"contentUrl\":\"https:\/\/tecplan.com.es\/wp-content\/uploads\/2025\/10\/INBIO-460-1.jpg\",\"width\":768,\"height\":752},{\"@type\":\"BreadcrumbList\",\"@id\":\"https:\/\/tecplan.com.es\/product\/inbio-460-panel-ip-biometrico\/#breadcrumb\",\"itemListElement\":[{\"@type\":\"ListItem\",\"position\":1,\"name\":\"Home\",\"item\":\"https:\/\/tecplan.com.es\/\"},{\"@type\":\"ListItem\",\"position\":2,\"name\":\"Shop\",\"item\":\"https:\/\/tecplan.com.es\/shop\/\"},{\"@type\":\"ListItem\",\"position\":3,\"name\":\"InBio 460 Panel IP Biom\u00e9trico\"}]},{\"@type\":\"WebSite\",\"@id\":\"https:\/\/tecplan.com.es\/#website\",\"url\":\"https:\/\/tecplan.com.es\/\",\"name\":\"Tecplan\",\"description\":\"\",\"potentialAction\":[{\"@type\":\"SearchAction\",\"target\":{\"@type\":\"EntryPoint\",\"urlTemplate\":\"https:\/\/tecplan.com.es\/?s={search_term_string}\"},\"query-input\":{\"@type\":\"PropertyValueSpecification\",\"valueRequired\":true,\"valueName\":\"search_term_string\"}}],\"inLanguage\":\"en-US\"}]}<\/script>\n<!-- \/ Yoast SEO plugin. -->","yoast_head_json":{"title":"InBio 460 Panel IP Biom\u00e9trico - Tecplan","robots":{"index":"index","follow":"follow","max-snippet":"max-snippet:-1","max-image-preview":"max-image-preview:large","max-video-preview":"max-video-preview:-1"},"canonical":"https:\/\/tecplan.com.es\/en\/product\/inbio-460-panel-ip-biometrico\/","og_locale":"en_US","og_type":"article","og_title":"InBio 460 Panel IP Biom\u00e9trico - Tecplan","og_description":"Panel de Control de Acceso Biom\u00e9trico a Puertas basado en IP de 2 Puertas.     &nbsp;  &nbsp;","og_url":"https:\/\/tecplan.com.es\/en\/product\/inbio-460-panel-ip-biometrico\/","og_site_name":"Tecplan","article_modified_time":"2025-10-21T15:14:01+00:00","og_image":[{"width":768,"height":752,"url":"https:\/\/tecplan.com.es\/wp-content\/uploads\/2025\/10\/INBIO-460-1.jpg","type":"image\/jpeg"}],"twitter_card":"summary_large_image","twitter_misc":{"Est. reading time":"1 minute"},"schema":{"@context":"https:\/\/schema.org","@graph":[{"@type":"WebPage","@id":"https:\/\/tecplan.com.es\/product\/inbio-460-panel-ip-biometrico\/","url":"https:\/\/tecplan.com.es\/product\/inbio-460-panel-ip-biometrico\/","name":"InBio 460 Panel IP Biom\u00e9trico - Tecplan","isPartOf":{"@id":"https:\/\/tecplan.com.es\/#website"},"primaryImageOfPage":{"@id":"https:\/\/tecplan.com.es\/product\/inbio-460-panel-ip-biometrico\/#primaryimage"},"image":{"@id":"https:\/\/tecplan.com.es\/product\/inbio-460-panel-ip-biometrico\/#primaryimage"},"thumbnailUrl":"https:\/\/tecplan.com.es\/wp-content\/uploads\/2025\/10\/INBIO-460-1.jpg","datePublished":"2025-10-15T22:21:14+00:00","dateModified":"2025-10-21T15:14:01+00:00","breadcrumb":{"@id":"https:\/\/tecplan.com.es\/product\/inbio-460-panel-ip-biometrico\/#breadcrumb"},"inLanguage":"en-US","potentialAction":[{"@type":"ReadAction","target":["https:\/\/tecplan.com.es\/product\/inbio-460-panel-ip-biometrico\/"]}]},{"@type":"ImageObject","inLanguage":"en-US","@id":"https:\/\/tecplan.com.es\/product\/inbio-460-panel-ip-biometrico\/#primaryimage","url":"https:\/\/tecplan.com.es\/wp-content\/uploads\/2025\/10\/INBIO-460-1.jpg","contentUrl":"https:\/\/tecplan.com.es\/wp-content\/uploads\/2025\/10\/INBIO-460-1.jpg","width":768,"height":752},{"@type":"BreadcrumbList","@id":"https:\/\/tecplan.com.es\/product\/inbio-460-panel-ip-biometrico\/#breadcrumb","itemListElement":[{"@type":"ListItem","position":1,"name":"Home","item":"https:\/\/tecplan.com.es\/"},{"@type":"ListItem","position":2,"name":"Shop","item":"https:\/\/tecplan.com.es\/shop\/"},{"@type":"ListItem","position":3,"name":"InBio 460 Panel IP Biom\u00e9trico"}]},{"@type":"WebSite","@id":"https:\/\/tecplan.com.es\/#website","url":"https:\/\/tecplan.com.es\/","name":"Tecplan","description":"","potentialAction":[{"@type":"SearchAction","target":{"@type":"EntryPoint","urlTemplate":"https:\/\/tecplan.com.es\/?s={search_term_string}"},"query-input":{"@type":"PropertyValueSpecification","valueRequired":true,"valueName":"search_term_string"}}],"inLanguage":"en-US"}]}},"_links":{"self":[{"href":"https:\/\/tecplan.com.es\/en\/wp-json\/wp\/v2\/product\/3941","targetHints":{"allow":["GET"]}}],"collection":[{"href":"https:\/\/tecplan.com.es\/en\/wp-json\/wp\/v2\/product"}],"about":[{"href":"https:\/\/tecplan.com.es\/en\/wp-json\/wp\/v2\/types\/product"}],"replies":[{"embeddable":true,"href":"https:\/\/tecplan.com.es\/en\/wp-json\/wp\/v2\/comments?post=3941"}],"version-history":[{"count":2,"href":"https:\/\/tecplan.com.es\/en\/wp-json\/wp\/v2\/product\/3941\/revisions"}],"predecessor-version":[{"id":4032,"href":"https:\/\/tecplan.com.es\/en\/wp-json\/wp\/v2\/product\/3941\/revisions\/4032"}],"wp:featuredmedia":[{"embeddable":true,"href":"https:\/\/tecplan.com.es\/en\/wp-json\/wp\/v2\/media\/3918"}],"wp:attachment":[{"href":"https:\/\/tecplan.com.es\/en\/wp-json\/wp\/v2\/media?parent=3941"}],"wp:term":[{"taxonomy":"product_brand","embeddable":true,"href":"https:\/\/tecplan.com.es\/en\/wp-json\/wp\/v2\/product_brand?post=3941"},{"taxonomy":"product_cat","embeddable":true,"href":"https:\/\/tecplan.com.es\/en\/wp-json\/wp\/v2\/product_cat?post=3941"},{"taxonomy":"product_tag","embeddable":true,"href":"https:\/\/tecplan.com.es\/en\/wp-json\/wp\/v2\/product_tag?post=3941"}],"curies":[{"name":"wp","href":"https:\/\/api.w.org\/{rel}","templated":true}]}}