{"id":3873,"date":"2025-10-10T22:05:14","date_gmt":"2025-10-10T22:05:14","guid":{"rendered":"https:\/\/tecplan.com.es\/product\/gpsmap-86sci-handheld\/"},"modified":"2025-11-03T21:36:30","modified_gmt":"2025-11-03T21:36:30","slug":"gpsmap-86sci-handheld","status":"publish","type":"product","link":"https:\/\/tecplan.com.es\/en\/product\/gpsmap-86sci-handheld\/","title":{"rendered":"GPSMAP 86SCI  HANDHELD"},"content":{"rendered":"<h3 style=\"text-align: justify;\">GPS MAP 86SCI HANDHELD<\/h3>\n<ul>\n<li style=\"text-align: justify;\"><strong>Two-way messaging<\/strong><br \/>\nIntercambie mensajes de texto con sus seres queridos, publ\u00edquelos en las redes sociales o comun\u00edquese con inReach en el campo<\/li>\n<li style=\"text-align: justify;\"><strong>Interactive SOS alerts<\/strong><br \/>\nEn caso de emergencia, active un mensaje SOS al Centro Internacional de Coordinaci\u00f3n de Respuesta a Emergencias (IERCC) de Garmin, un centro de coordinaci\u00f3n de respuesta a emergencias profesional con personal disponible las 24 horas, los 7 d\u00edas de la semana<\/li>\n<li style=\"text-align: justify;\"><strong>Red de sat\u00e9lites Iridium\u00ae verdaderamente global<\/strong><br \/>\nEn lugar de depender de la cobertura del tel\u00e9fono celular, sus mensajes, alertas SOS y seguimiento se transfieren a trav\u00e9s de la red satelital global Iridium<\/li>\n<li style=\"text-align: justify;\"><strong>Servicio de pron\u00f3stico del tiempo de InReach<\/strong><br \/>\nObtenga actualizaciones del clima marino en GPSMAP 86sci o un dispositivo compatible. Incluso puedes solicitar previsiones para tu ubicaci\u00f3n actual u otros puntos de referencia o destinos en tu itinerario<\/li>\n<li style=\"text-align: justify;\"><strong>Seguimiento de viajes<\/strong><br \/>\nComparte tus aventuras con tu p\u00e1gina web para compartir viajes MapShare\u2122 para que tus seres queridos puedan ver tu progreso o hacer ping a tu dispositivo para ver tu ubicaci\u00f3n GPS<\/li>\n<li style=\"text-align: justify;\"><strong>Flexible satellite broadcast time plans<\/strong><br \/>\nPara acceder a la red Iridium y comunicarse con su GPSMAP 86sci, se requiere una suscripci\u00f3n satelital activa. Puedes optar por un paquete anual o un plan mes a mes<\/li>\n<li style=\"text-align: justify;\"><strong>Datos del barco<\/strong><br \/>\nSincronice con trazadores de cartas e instrumentos Garmin compatibles para ver los datos del barco en tiempo real que se muestran directamente en su dispositivo port\u00e1til<\/li>\n<li style=\"text-align: justify;\"><strong>Navegaci\u00f3n de respaldo<\/strong><br \/>\nYa sea que salga a pescar, navegar o navegar, obtenga la tranquilidad que le brinda tener un navegante de respaldo<\/li>\n<li style=\"text-align: justify;\"><strong>Mapa base mundial<\/strong><br \/>\nVea la cobertura mundial de relieve sombreado, incluidos oc\u00e9anos, mares, lagos y r\u00edos importantes. Y consulte las fronteras pol\u00edticas internacionales y estatales y la informaci\u00f3n sobre zonas horarias<\/li>\n<li style=\"text-align: justify;\"><strong>Cobertura de Bluechart<\/strong><br \/>\nLas cartas costeras BlueChart g3 precargadas le brindan cobertura, claridad y detalle de vanguardia con datos integrados de Garmin y Navionics<\/li>\n<\/ul>\n<p><!--more--><\/p>\n<h5 style=\"text-align: justify;\"><span style=\"text-decoration: underline;\"><strong>DOWNLOADS<\/strong><\/span><\/h5>\n<ul style=\"text-align: justify;\">\n<li><a href=\"https:\/\/drive.google.com\/file\/d\/1fxgKQGYY8GSIEg3mwU3iR60TWqv2dhdF\/view?usp=sharing\">\u2192 Technical specifications<\/a><\/li>\n<\/ul>\n<p>&nbsp;<\/p>","protected":false},"excerpt":{"rendered":"<p style=\"text-align: justify;\">Marine Handheld With BlueChart\u00ae. Mant\u00e9n el rumbo con el dispositivo de mano GPSMAP 86sci. Proporciona todas las funciones de exteriores y comunicaciones globales de la serie GPSMAP\u00ae 66 , adem\u00e1s de funciones para navegaci\u00f3n, como cartas BlueChart g3 y conectividad inal\u00e1mbrica en tu sistema n\u00e1utico incorporado.<\/p>\n<p><!--more--><\/p>\n<p><img decoding=\"async\" class=\"wp-image-2118 aligncenter\" src=\"https:\/\/tecplan.com.es\/wp-content\/uploads\/2025\/07\/garmin-2-logo-e1751925774362-300x117.png\" alt=\"\" width=\"141\" height=\"53\" \/><\/p>","protected":false},"featured_media":3856,"comment_status":"open","ping_status":"closed","template":"","meta":{"site-sidebar-layout":"default","site-content-layout":"","ast-site-content-layout":"default","site-content-style":"default","site-sidebar-style":"default","ast-global-header-display":"","ast-banner-title-visibility":"","ast-main-header-display":"","ast-hfb-above-header-display":"","ast-hfb-below-header-display":"","ast-hfb-mobile-header-display":"","site-post-title":"","ast-breadcrumbs-content":"","ast-featured-img":"","footer-sml-layout":"","ast-disable-related-posts":"","theme-transparent-header-meta":"default","adv-header-id-meta":"","stick-header-meta":"","header-above-stick-meta":"","header-main-stick-meta":"","header-below-stick-meta":"","astra-migrate-meta-layouts":"set","ast-page-background-enabled":"default","ast-page-background-meta":{"desktop":{"background-color":"var(--ast-global-color-5)","background-image":"","background-repeat":"repeat","background-position":"center center","background-size":"auto","background-attachment":"scroll","background-type":"","background-media":"","overlay-type":"","overlay-color":"","overlay-opacity":"","overlay-gradient":""},"tablet":{"background-color":"","background-image":"","background-repeat":"repeat","background-position":"center center","background-size":"auto","background-attachment":"scroll","background-type":"","background-media":"","overlay-type":"","overlay-color":"","overlay-opacity":"","overlay-gradient":""},"mobile":{"background-color":"","background-image":"","background-repeat":"repeat","background-position":"center center","background-size":"auto","background-attachment":"scroll","background-type":"","background-media":"","overlay-type":"","overlay-color":"","overlay-opacity":"","overlay-gradient":""}},"ast-content-background-meta":{"desktop":{"background-color":"var(--ast-global-color-4)","background-image":"","background-repeat":"repeat","background-position":"center center","background-size":"auto","background-attachment":"scroll","background-type":"","background-media":"","overlay-type":"","overlay-color":"","overlay-opacity":"","overlay-gradient":""},"tablet":{"background-color":"var(--ast-global-color-4)","background-image":"","background-repeat":"repeat","background-position":"center center","background-size":"auto","background-attachment":"scroll","background-type":"","background-media":"","overlay-type":"","overlay-color":"","overlay-opacity":"","overlay-gradient":""},"mobile":{"background-color":"var(--ast-global-color-4)","background-image":"","background-repeat":"repeat","background-position":"center center","background-size":"auto","background-attachment":"scroll","background-type":"","background-media":"","overlay-type":"","overlay-color":"","overlay-opacity":"","overlay-gradient":""}}},"product_brand":[241],"product_cat":[36,53,56],"product_tag":[198],"class_list":{"0":"post-3873","1":"product","2":"type-product","3":"status-publish","4":"has-post-thumbnail","6":"product_brand-garmin","7":"product_cat-comunicacion-satelital","8":"product_cat-garmin","9":"product_cat-gps-portatil","10":"product_tag-garmin","11":"desktop-align-left","12":"tablet-align-left","13":"mobile-align-left","15":"first","16":"instock","17":"shipping-taxable","18":"product-type-simple"},"yoast_head":"<!-- This site is optimized with the Yoast SEO plugin v25.3 - https:\/\/yoast.com\/wordpress\/plugins\/seo\/ -->\n<title>GPSMAP 86SCI HANDHELD - Tecplan<\/title>\n<meta name=\"robots\" content=\"index, follow, max-snippet:-1, max-image-preview:large, max-video-preview:-1\" \/>\n<link rel=\"canonical\" href=\"https:\/\/tecplan.com.es\/en\/product\/gpsmap-86sci-handheld\/\" \/>\n<meta property=\"og:locale\" content=\"en_US\" \/>\n<meta property=\"og:type\" content=\"article\" \/>\n<meta property=\"og:title\" content=\"GPSMAP 86SCI HANDHELD - Tecplan\" \/>\n<meta property=\"og:description\" content=\"Marine Handheld With BlueChart\u00ae. Mant\u00e9n el rumbo con el dispositivo de mano GPSMAP 86sci. Proporciona todas las funciones de exteriores y comunicaciones globales de la serie GPSMAP\u00ae 66 , adem\u00e1s de funciones para navegaci\u00f3n, como cartas BlueChart g3 y conectividad inal\u00e1mbrica en tu sistema n\u00e1utico incorporado.\" \/>\n<meta property=\"og:url\" content=\"https:\/\/tecplan.com.es\/en\/product\/gpsmap-86sci-handheld\/\" \/>\n<meta property=\"og:site_name\" content=\"Tecplan\" \/>\n<meta property=\"article:modified_time\" content=\"2025-11-03T21:36:30+00:00\" \/>\n<meta property=\"og:image\" content=\"https:\/\/tecplan.com.es\/wp-content\/uploads\/2025\/10\/GPSMAP-86SCI-1.webp\" \/>\n\t<meta property=\"og:image:width\" content=\"600\" \/>\n\t<meta property=\"og:image:height\" content=\"600\" \/>\n\t<meta property=\"og:image:type\" content=\"image\/webp\" \/>\n<meta name=\"twitter:card\" content=\"summary_large_image\" \/>\n<meta name=\"twitter:label1\" content=\"Est. reading time\" \/>\n\t<meta name=\"twitter:data1\" content=\"2 minutes\" \/>\n<script type=\"application\/ld+json\" class=\"yoast-schema-graph\">{\"@context\":\"https:\/\/schema.org\",\"@graph\":[{\"@type\":\"WebPage\",\"@id\":\"https:\/\/tecplan.com.es\/product\/gpsmap-86sci-handheld\/\",\"url\":\"https:\/\/tecplan.com.es\/product\/gpsmap-86sci-handheld\/\",\"name\":\"GPSMAP 86SCI HANDHELD - Tecplan\",\"isPartOf\":{\"@id\":\"https:\/\/tecplan.com.es\/#website\"},\"primaryImageOfPage\":{\"@id\":\"https:\/\/tecplan.com.es\/product\/gpsmap-86sci-handheld\/#primaryimage\"},\"image\":{\"@id\":\"https:\/\/tecplan.com.es\/product\/gpsmap-86sci-handheld\/#primaryimage\"},\"thumbnailUrl\":\"https:\/\/tecplan.com.es\/wp-content\/uploads\/2025\/10\/GPSMAP-86SCI-1.webp\",\"datePublished\":\"2025-10-10T22:05:14+00:00\",\"dateModified\":\"2025-11-03T21:36:30+00:00\",\"breadcrumb\":{\"@id\":\"https:\/\/tecplan.com.es\/product\/gpsmap-86sci-handheld\/#breadcrumb\"},\"inLanguage\":\"en-US\",\"potentialAction\":[{\"@type\":\"ReadAction\",\"target\":[\"https:\/\/tecplan.com.es\/product\/gpsmap-86sci-handheld\/\"]}]},{\"@type\":\"ImageObject\",\"inLanguage\":\"en-US\",\"@id\":\"https:\/\/tecplan.com.es\/product\/gpsmap-86sci-handheld\/#primaryimage\",\"url\":\"https:\/\/tecplan.com.es\/wp-content\/uploads\/2025\/10\/GPSMAP-86SCI-1.webp\",\"contentUrl\":\"https:\/\/tecplan.com.es\/wp-content\/uploads\/2025\/10\/GPSMAP-86SCI-1.webp\",\"width\":600,\"height\":600},{\"@type\":\"BreadcrumbList\",\"@id\":\"https:\/\/tecplan.com.es\/product\/gpsmap-86sci-handheld\/#breadcrumb\",\"itemListElement\":[{\"@type\":\"ListItem\",\"position\":1,\"name\":\"Home\",\"item\":\"https:\/\/tecplan.com.es\/\"},{\"@type\":\"ListItem\",\"position\":2,\"name\":\"Shop\",\"item\":\"https:\/\/tecplan.com.es\/shop\/\"},{\"@type\":\"ListItem\",\"position\":3,\"name\":\"GPSMAP 86SCI HANDHELD\"}]},{\"@type\":\"WebSite\",\"@id\":\"https:\/\/tecplan.com.es\/#website\",\"url\":\"https:\/\/tecplan.com.es\/\",\"name\":\"Tecplan\",\"description\":\"\",\"potentialAction\":[{\"@type\":\"SearchAction\",\"target\":{\"@type\":\"EntryPoint\",\"urlTemplate\":\"https:\/\/tecplan.com.es\/?s={search_term_string}\"},\"query-input\":{\"@type\":\"PropertyValueSpecification\",\"valueRequired\":true,\"valueName\":\"search_term_string\"}}],\"inLanguage\":\"en-US\"}]}<\/script>\n<!-- \/ Yoast SEO plugin. -->","yoast_head_json":{"title":"GPSMAP 86SCI HANDHELD - Tecplan","robots":{"index":"index","follow":"follow","max-snippet":"max-snippet:-1","max-image-preview":"max-image-preview:large","max-video-preview":"max-video-preview:-1"},"canonical":"https:\/\/tecplan.com.es\/en\/product\/gpsmap-86sci-handheld\/","og_locale":"en_US","og_type":"article","og_title":"GPSMAP 86SCI HANDHELD - Tecplan","og_description":"Marine Handheld With BlueChart\u00ae. Mant\u00e9n el rumbo con el dispositivo de mano GPSMAP 86sci. Proporciona todas las funciones de exteriores y comunicaciones globales de la serie GPSMAP\u00ae 66 , adem\u00e1s de funciones para navegaci\u00f3n, como cartas BlueChart g3 y conectividad inal\u00e1mbrica en tu sistema n\u00e1utico incorporado.","og_url":"https:\/\/tecplan.com.es\/en\/product\/gpsmap-86sci-handheld\/","og_site_name":"Tecplan","article_modified_time":"2025-11-03T21:36:30+00:00","og_image":[{"width":600,"height":600,"url":"https:\/\/tecplan.com.es\/wp-content\/uploads\/2025\/10\/GPSMAP-86SCI-1.webp","type":"image\/webp"}],"twitter_card":"summary_large_image","twitter_misc":{"Est. reading time":"2 minutes"},"schema":{"@context":"https:\/\/schema.org","@graph":[{"@type":"WebPage","@id":"https:\/\/tecplan.com.es\/product\/gpsmap-86sci-handheld\/","url":"https:\/\/tecplan.com.es\/product\/gpsmap-86sci-handheld\/","name":"GPSMAP 86SCI HANDHELD - Tecplan","isPartOf":{"@id":"https:\/\/tecplan.com.es\/#website"},"primaryImageOfPage":{"@id":"https:\/\/tecplan.com.es\/product\/gpsmap-86sci-handheld\/#primaryimage"},"image":{"@id":"https:\/\/tecplan.com.es\/product\/gpsmap-86sci-handheld\/#primaryimage"},"thumbnailUrl":"https:\/\/tecplan.com.es\/wp-content\/uploads\/2025\/10\/GPSMAP-86SCI-1.webp","datePublished":"2025-10-10T22:05:14+00:00","dateModified":"2025-11-03T21:36:30+00:00","breadcrumb":{"@id":"https:\/\/tecplan.com.es\/product\/gpsmap-86sci-handheld\/#breadcrumb"},"inLanguage":"en-US","potentialAction":[{"@type":"ReadAction","target":["https:\/\/tecplan.com.es\/product\/gpsmap-86sci-handheld\/"]}]},{"@type":"ImageObject","inLanguage":"en-US","@id":"https:\/\/tecplan.com.es\/product\/gpsmap-86sci-handheld\/#primaryimage","url":"https:\/\/tecplan.com.es\/wp-content\/uploads\/2025\/10\/GPSMAP-86SCI-1.webp","contentUrl":"https:\/\/tecplan.com.es\/wp-content\/uploads\/2025\/10\/GPSMAP-86SCI-1.webp","width":600,"height":600},{"@type":"BreadcrumbList","@id":"https:\/\/tecplan.com.es\/product\/gpsmap-86sci-handheld\/#breadcrumb","itemListElement":[{"@type":"ListItem","position":1,"name":"Home","item":"https:\/\/tecplan.com.es\/"},{"@type":"ListItem","position":2,"name":"Shop","item":"https:\/\/tecplan.com.es\/shop\/"},{"@type":"ListItem","position":3,"name":"GPSMAP 86SCI HANDHELD"}]},{"@type":"WebSite","@id":"https:\/\/tecplan.com.es\/#website","url":"https:\/\/tecplan.com.es\/","name":"Tecplan","description":"","potentialAction":[{"@type":"SearchAction","target":{"@type":"EntryPoint","urlTemplate":"https:\/\/tecplan.com.es\/?s={search_term_string}"},"query-input":{"@type":"PropertyValueSpecification","valueRequired":true,"valueName":"search_term_string"}}],"inLanguage":"en-US"}]}},"_links":{"self":[{"href":"https:\/\/tecplan.com.es\/en\/wp-json\/wp\/v2\/product\/3873","targetHints":{"allow":["GET"]}}],"collection":[{"href":"https:\/\/tecplan.com.es\/en\/wp-json\/wp\/v2\/product"}],"about":[{"href":"https:\/\/tecplan.com.es\/en\/wp-json\/wp\/v2\/types\/product"}],"replies":[{"embeddable":true,"href":"https:\/\/tecplan.com.es\/en\/wp-json\/wp\/v2\/comments?post=3873"}],"version-history":[{"count":2,"href":"https:\/\/tecplan.com.es\/en\/wp-json\/wp\/v2\/product\/3873\/revisions"}],"predecessor-version":[{"id":3892,"href":"https:\/\/tecplan.com.es\/en\/wp-json\/wp\/v2\/product\/3873\/revisions\/3892"}],"wp:featuredmedia":[{"embeddable":true,"href":"https:\/\/tecplan.com.es\/en\/wp-json\/wp\/v2\/media\/3856"}],"wp:attachment":[{"href":"https:\/\/tecplan.com.es\/en\/wp-json\/wp\/v2\/media?parent=3873"}],"wp:term":[{"taxonomy":"product_brand","embeddable":true,"href":"https:\/\/tecplan.com.es\/en\/wp-json\/wp\/v2\/product_brand?post=3873"},{"taxonomy":"product_cat","embeddable":true,"href":"https:\/\/tecplan.com.es\/en\/wp-json\/wp\/v2\/product_cat?post=3873"},{"taxonomy":"product_tag","embeddable":true,"href":"https:\/\/tecplan.com.es\/en\/wp-json\/wp\/v2\/product_tag?post=3873"}],"curies":[{"name":"wp","href":"https:\/\/api.w.org\/{rel}","templated":true}]}}