{"id":3870,"date":"2025-10-10T22:05:12","date_gmt":"2025-10-10T22:05:12","guid":{"rendered":"https:\/\/tecplan.com.es\/product\/potsdock-extreme\/"},"modified":"2025-10-13T14:22:13","modified_gmt":"2025-10-13T14:22:13","slug":"potsdock-extreme","status":"publish","type":"product","link":"https:\/\/tecplan.com.es\/en\/product\/potsdock-extreme\/","title":{"rendered":"POTSDOCK EXTREME"},"content":{"rendered":"<h3 style=\"text-align: justify;\"><strong>POTSDOCK EXTREME (EXTRMPD)<\/strong><\/h3>\n<p style=\"text-align: justify;\">El Beam PotsDOCK Extreme, un muelle Iridium 9575, es una estaci\u00f3n de acoplamiento muy destacada para el tel\u00e9fono Iridium 9575 que se puede utilizar en diversas aplicaciones mar\u00edtimas, de transporte o de sitio fijo y ampl\u00eda considerablemente la funcionalidad del tel\u00e9fono 9575.<\/p>\n<p style=\"text-align: justify;\"><strong>Beneficios y caracter\u00edsticas clave<\/strong><br \/>\n\u2022 Instalaci\u00f3n compacta de l\u00ednea delgada<br \/>\n\u2022 Conectividad Bluetooth integrada<br \/>\n\u2022 Interfaz RJ11\/POTS, el cable llega hasta 600 m\/2000 pies<br \/>\n\u2022 Capacidad para datos conmutados por voz, SMS, SBD y circuitos<br \/>\n\u2022 Seguimiento y SOS (a trav\u00e9s del tel\u00e9fono 9575)<br \/>\n\u2022 Interfaz de datos USB<br \/>\n\u2022 Accesorio \/ Sentido de encendido<br \/>\n\u2022 Entrada de alimentaci\u00f3n CC de 9-32 V<br \/>\n\u2022 El paquete de enchufes de CA incluye entrada 110\/240<br \/>\n\u2022 TNC y SMA para GPS<br \/>\n\u2022 Certificado completo, Iridium, RoHS, CE, IEC60945, AS\/EN60950<br \/>\n\u2022 Garant\u00eda de reparaci\u00f3n o reemplazo de 2 a\u00f1os<\/p>\n<p><!--more--><\/p>\n<div class=\"ast-oembed-container\" style=\"height: 100%;\"><iframe title=\"Beam PotsDock Extreme Docking Station for Iridium Extreme Handset\" width=\"500\" height=\"281\" src=\"https:\/\/www.youtube.com\/embed\/1p1F0IcPfDI?feature=oembed\" frameborder=\"0\" allow=\"accelerometer; autoplay; clipboard-write; encrypted-media; gyroscope; picture-in-picture; web-share\" referrerpolicy=\"strict-origin-when-cross-origin\" allowfullscreen><\/iframe><\/div>","protected":false},"excerpt":{"rendered":"<p style=\"text-align: justify;\">El Beam PotsDOCK Extreme, un muelle Iridium 9575, es una estaci\u00f3n de acoplamiento altamente destacada para el tel\u00e9fono Iridium 9575 que se puede utilizar en diversas aplicaciones mar\u00edtimas, de transporte o de sitio fijo que ampl\u00eda considerablemente la funcionalidad del tel\u00e9fono 9575.<\/p>\n<p style=\"text-align: justify;\">Interfaz RJ11\/POTS Inteligente.<\/p>\n<p><!--more--><\/p>\n<p><img decoding=\"async\" class=\"aligncenter\" src=\"https:\/\/tecplan.com.es\/wp-content\/uploads\/2025\/10\/logo-1.png\" width=\"245\" height=\"65\" \/><\/p>","protected":false},"featured_media":3847,"comment_status":"open","ping_status":"closed","template":"","meta":{"site-sidebar-layout":"default","site-content-layout":"","ast-site-content-layout":"default","site-content-style":"default","site-sidebar-style":"default","ast-global-header-display":"","ast-banner-title-visibility":"","ast-main-header-display":"","ast-hfb-above-header-display":"","ast-hfb-below-header-display":"","ast-hfb-mobile-header-display":"","site-post-title":"","ast-breadcrumbs-content":"","ast-featured-img":"","footer-sml-layout":"","ast-disable-related-posts":"","theme-transparent-header-meta":"default","adv-header-id-meta":"","stick-header-meta":"","header-above-stick-meta":"","header-main-stick-meta":"","header-below-stick-meta":"","astra-migrate-meta-layouts":"set","ast-page-background-enabled":"default","ast-page-background-meta":{"desktop":{"background-color":"var(--ast-global-color-5)","background-image":"","background-repeat":"repeat","background-position":"center center","background-size":"auto","background-attachment":"scroll","background-type":"","background-media":"","overlay-type":"","overlay-color":"","overlay-opacity":"","overlay-gradient":""},"tablet":{"background-color":"","background-image":"","background-repeat":"repeat","background-position":"center center","background-size":"auto","background-attachment":"scroll","background-type":"","background-media":"","overlay-type":"","overlay-color":"","overlay-opacity":"","overlay-gradient":""},"mobile":{"background-color":"","background-image":"","background-repeat":"repeat","background-position":"center center","background-size":"auto","background-attachment":"scroll","background-type":"","background-media":"","overlay-type":"","overlay-color":"","overlay-opacity":"","overlay-gradient":""}},"ast-content-background-meta":{"desktop":{"background-color":"var(--ast-global-color-4)","background-image":"","background-repeat":"repeat","background-position":"center center","background-size":"auto","background-attachment":"scroll","background-type":"","background-media":"","overlay-type":"","overlay-color":"","overlay-opacity":"","overlay-gradient":""},"tablet":{"background-color":"var(--ast-global-color-4)","background-image":"","background-repeat":"repeat","background-position":"center center","background-size":"auto","background-attachment":"scroll","background-type":"","background-media":"","overlay-type":"","overlay-color":"","overlay-opacity":"","overlay-gradient":""},"mobile":{"background-color":"var(--ast-global-color-4)","background-image":"","background-repeat":"repeat","background-position":"center center","background-size":"auto","background-attachment":"scroll","background-type":"","background-media":"","overlay-type":"","overlay-color":"","overlay-opacity":"","overlay-gradient":""}}},"product_brand":[294],"product_cat":[292,36,37,38,293],"product_tag":[295],"class_list":{"0":"post-3870","1":"product","2":"type-product","3":"status-publish","4":"has-post-thumbnail","6":"product_brand-beam","7":"product_cat-beam-c","8":"product_cat-comunicacion-satelital","9":"product_cat-iridium","10":"product_cat-telefonos-satelitales","11":"product_cat-telefonos-satelitales-beam-c","12":"product_tag-beam","13":"desktop-align-left","14":"tablet-align-left","15":"mobile-align-left","17":"first","18":"instock","19":"shipping-taxable","20":"product-type-simple"},"yoast_head":"<!-- This site is optimized with the Yoast SEO plugin v25.3 - https:\/\/yoast.com\/wordpress\/plugins\/seo\/ -->\n<title>POTSDOCK EXTREME - Tecplan<\/title>\n<meta name=\"robots\" content=\"index, follow, max-snippet:-1, max-image-preview:large, max-video-preview:-1\" \/>\n<link rel=\"canonical\" href=\"https:\/\/tecplan.com.es\/en\/product\/potsdock-extreme\/\" \/>\n<meta property=\"og:locale\" content=\"en_US\" \/>\n<meta property=\"og:type\" content=\"article\" \/>\n<meta property=\"og:title\" content=\"POTSDOCK EXTREME - Tecplan\" \/>\n<meta property=\"og:description\" content=\"El Beam PotsDOCK Extreme, un muelle Iridium 9575, es una estaci\u00f3n de acoplamiento altamente destacada para el tel\u00e9fono Iridium 9575 que se puede utilizar en diversas aplicaciones mar\u00edtimas, de transporte o de sitio fijo que ampl\u00eda considerablemente la funcionalidad del tel\u00e9fono 9575. Interfaz RJ11\/POTS Inteligente.\" \/>\n<meta property=\"og:url\" content=\"https:\/\/tecplan.com.es\/en\/product\/potsdock-extreme\/\" \/>\n<meta property=\"og:site_name\" content=\"Tecplan\" \/>\n<meta property=\"article:modified_time\" content=\"2025-10-13T14:22:13+00:00\" \/>\n<meta property=\"og:image\" content=\"https:\/\/tecplan.com.es\/wp-content\/uploads\/2025\/10\/potsdock-1.png\" \/>\n\t<meta property=\"og:image:width\" content=\"480\" \/>\n\t<meta property=\"og:image:height\" content=\"480\" \/>\n\t<meta property=\"og:image:type\" content=\"image\/png\" \/>\n<meta name=\"twitter:card\" content=\"summary_large_image\" \/>\n<meta name=\"twitter:label1\" content=\"Est. reading time\" \/>\n\t<meta name=\"twitter:data1\" content=\"1 minute\" \/>\n<script type=\"application\/ld+json\" class=\"yoast-schema-graph\">{\"@context\":\"https:\/\/schema.org\",\"@graph\":[{\"@type\":\"WebPage\",\"@id\":\"https:\/\/tecplan.com.es\/product\/potsdock-extreme\/\",\"url\":\"https:\/\/tecplan.com.es\/product\/potsdock-extreme\/\",\"name\":\"POTSDOCK EXTREME - Tecplan\",\"isPartOf\":{\"@id\":\"https:\/\/tecplan.com.es\/#website\"},\"primaryImageOfPage\":{\"@id\":\"https:\/\/tecplan.com.es\/product\/potsdock-extreme\/#primaryimage\"},\"image\":{\"@id\":\"https:\/\/tecplan.com.es\/product\/potsdock-extreme\/#primaryimage\"},\"thumbnailUrl\":\"https:\/\/tecplan.com.es\/wp-content\/uploads\/2025\/10\/potsdock-1.png\",\"datePublished\":\"2025-10-10T22:05:12+00:00\",\"dateModified\":\"2025-10-13T14:22:13+00:00\",\"breadcrumb\":{\"@id\":\"https:\/\/tecplan.com.es\/product\/potsdock-extreme\/#breadcrumb\"},\"inLanguage\":\"en-US\",\"potentialAction\":[{\"@type\":\"ReadAction\",\"target\":[\"https:\/\/tecplan.com.es\/product\/potsdock-extreme\/\"]}]},{\"@type\":\"ImageObject\",\"inLanguage\":\"en-US\",\"@id\":\"https:\/\/tecplan.com.es\/product\/potsdock-extreme\/#primaryimage\",\"url\":\"https:\/\/tecplan.com.es\/wp-content\/uploads\/2025\/10\/potsdock-1.png\",\"contentUrl\":\"https:\/\/tecplan.com.es\/wp-content\/uploads\/2025\/10\/potsdock-1.png\",\"width\":480,\"height\":480},{\"@type\":\"BreadcrumbList\",\"@id\":\"https:\/\/tecplan.com.es\/product\/potsdock-extreme\/#breadcrumb\",\"itemListElement\":[{\"@type\":\"ListItem\",\"position\":1,\"name\":\"Home\",\"item\":\"https:\/\/tecplan.com.es\/\"},{\"@type\":\"ListItem\",\"position\":2,\"name\":\"Shop\",\"item\":\"https:\/\/tecplan.com.es\/shop\/\"},{\"@type\":\"ListItem\",\"position\":3,\"name\":\"POTSDOCK EXTREME\"}]},{\"@type\":\"WebSite\",\"@id\":\"https:\/\/tecplan.com.es\/#website\",\"url\":\"https:\/\/tecplan.com.es\/\",\"name\":\"Tecplan\",\"description\":\"\",\"potentialAction\":[{\"@type\":\"SearchAction\",\"target\":{\"@type\":\"EntryPoint\",\"urlTemplate\":\"https:\/\/tecplan.com.es\/?s={search_term_string}\"},\"query-input\":{\"@type\":\"PropertyValueSpecification\",\"valueRequired\":true,\"valueName\":\"search_term_string\"}}],\"inLanguage\":\"en-US\"}]}<\/script>\n<!-- \/ Yoast SEO plugin. -->","yoast_head_json":{"title":"POTSDOCK EXTREME - Tecplan","robots":{"index":"index","follow":"follow","max-snippet":"max-snippet:-1","max-image-preview":"max-image-preview:large","max-video-preview":"max-video-preview:-1"},"canonical":"https:\/\/tecplan.com.es\/en\/product\/potsdock-extreme\/","og_locale":"en_US","og_type":"article","og_title":"POTSDOCK EXTREME - Tecplan","og_description":"El Beam PotsDOCK Extreme, un muelle Iridium 9575, es una estaci\u00f3n de acoplamiento altamente destacada para el tel\u00e9fono Iridium 9575 que se puede utilizar en diversas aplicaciones mar\u00edtimas, de transporte o de sitio fijo que ampl\u00eda considerablemente la funcionalidad del tel\u00e9fono 9575. Interfaz RJ11\/POTS Inteligente.","og_url":"https:\/\/tecplan.com.es\/en\/product\/potsdock-extreme\/","og_site_name":"Tecplan","article_modified_time":"2025-10-13T14:22:13+00:00","og_image":[{"width":480,"height":480,"url":"https:\/\/tecplan.com.es\/wp-content\/uploads\/2025\/10\/potsdock-1.png","type":"image\/png"}],"twitter_card":"summary_large_image","twitter_misc":{"Est. reading time":"1 minute"},"schema":{"@context":"https:\/\/schema.org","@graph":[{"@type":"WebPage","@id":"https:\/\/tecplan.com.es\/product\/potsdock-extreme\/","url":"https:\/\/tecplan.com.es\/product\/potsdock-extreme\/","name":"POTSDOCK EXTREME - Tecplan","isPartOf":{"@id":"https:\/\/tecplan.com.es\/#website"},"primaryImageOfPage":{"@id":"https:\/\/tecplan.com.es\/product\/potsdock-extreme\/#primaryimage"},"image":{"@id":"https:\/\/tecplan.com.es\/product\/potsdock-extreme\/#primaryimage"},"thumbnailUrl":"https:\/\/tecplan.com.es\/wp-content\/uploads\/2025\/10\/potsdock-1.png","datePublished":"2025-10-10T22:05:12+00:00","dateModified":"2025-10-13T14:22:13+00:00","breadcrumb":{"@id":"https:\/\/tecplan.com.es\/product\/potsdock-extreme\/#breadcrumb"},"inLanguage":"en-US","potentialAction":[{"@type":"ReadAction","target":["https:\/\/tecplan.com.es\/product\/potsdock-extreme\/"]}]},{"@type":"ImageObject","inLanguage":"en-US","@id":"https:\/\/tecplan.com.es\/product\/potsdock-extreme\/#primaryimage","url":"https:\/\/tecplan.com.es\/wp-content\/uploads\/2025\/10\/potsdock-1.png","contentUrl":"https:\/\/tecplan.com.es\/wp-content\/uploads\/2025\/10\/potsdock-1.png","width":480,"height":480},{"@type":"BreadcrumbList","@id":"https:\/\/tecplan.com.es\/product\/potsdock-extreme\/#breadcrumb","itemListElement":[{"@type":"ListItem","position":1,"name":"Home","item":"https:\/\/tecplan.com.es\/"},{"@type":"ListItem","position":2,"name":"Shop","item":"https:\/\/tecplan.com.es\/shop\/"},{"@type":"ListItem","position":3,"name":"POTSDOCK EXTREME"}]},{"@type":"WebSite","@id":"https:\/\/tecplan.com.es\/#website","url":"https:\/\/tecplan.com.es\/","name":"Tecplan","description":"","potentialAction":[{"@type":"SearchAction","target":{"@type":"EntryPoint","urlTemplate":"https:\/\/tecplan.com.es\/?s={search_term_string}"},"query-input":{"@type":"PropertyValueSpecification","valueRequired":true,"valueName":"search_term_string"}}],"inLanguage":"en-US"}]}},"_links":{"self":[{"href":"https:\/\/tecplan.com.es\/en\/wp-json\/wp\/v2\/product\/3870","targetHints":{"allow":["GET"]}}],"collection":[{"href":"https:\/\/tecplan.com.es\/en\/wp-json\/wp\/v2\/product"}],"about":[{"href":"https:\/\/tecplan.com.es\/en\/wp-json\/wp\/v2\/types\/product"}],"replies":[{"embeddable":true,"href":"https:\/\/tecplan.com.es\/en\/wp-json\/wp\/v2\/comments?post=3870"}],"version-history":[{"count":2,"href":"https:\/\/tecplan.com.es\/en\/wp-json\/wp\/v2\/product\/3870\/revisions"}],"predecessor-version":[{"id":3879,"href":"https:\/\/tecplan.com.es\/en\/wp-json\/wp\/v2\/product\/3870\/revisions\/3879"}],"wp:featuredmedia":[{"embeddable":true,"href":"https:\/\/tecplan.com.es\/en\/wp-json\/wp\/v2\/media\/3847"}],"wp:attachment":[{"href":"https:\/\/tecplan.com.es\/en\/wp-json\/wp\/v2\/media?parent=3870"}],"wp:term":[{"taxonomy":"product_brand","embeddable":true,"href":"https:\/\/tecplan.com.es\/en\/wp-json\/wp\/v2\/product_brand?post=3870"},{"taxonomy":"product_cat","embeddable":true,"href":"https:\/\/tecplan.com.es\/en\/wp-json\/wp\/v2\/product_cat?post=3870"},{"taxonomy":"product_tag","embeddable":true,"href":"https:\/\/tecplan.com.es\/en\/wp-json\/wp\/v2\/product_tag?post=3870"}],"curies":[{"name":"wp","href":"https:\/\/api.w.org\/{rel}","templated":true}]}}