{"id":3869,"date":"2025-10-10T22:05:12","date_gmt":"2025-10-10T22:05:12","guid":{"rendered":"https:\/\/tecplan.com.es\/product\/isatdock2-lite-isd2-lite\/"},"modified":"2025-10-13T14:30:07","modified_gmt":"2025-10-13T14:30:07","slug":"isatdock2-lite-isd2-lite","status":"publish","type":"product","link":"https:\/\/tecplan.com.es\/en\/product\/isatdock2-lite-isd2-lite\/","title":{"rendered":"ISATDOCK2 LITE (ISD2 LITE)"},"content":{"rendered":"<h3 style=\"text-align: justify;\">IsatDock2 LITE (ISD2 LITE)<\/h3>\n<p style=\"text-align: justify;\">El Beam IsatDock2 LITE, el \u00fanico muelle certificado de Inmarsat para el IsatPhone 2, es una estaci\u00f3n de acoplamiento de nivel b\u00e1sico para el tel\u00e9fono satelital Inmarsat que se puede utilizar en diversas aplicaciones mar\u00edtimas y de transporte ampliando la funcionalidad del tel\u00e9fono.<\/p>\n<p style=\"text-align: justify;\"><strong>Beneficios y caracter\u00edsticas clave<\/strong><br \/>\n\u2022 Instalaci\u00f3n compacta de l\u00ednea delgada<br \/>\n\u2022 Opci\u00f3n de tel\u00e9fono de privacidad (ISD955)<br \/>\n\u2022 Capacidad para datos conmutados por voz, SMS y circuitos<br \/>\n\u2022 Seguimiento y SOS (a trav\u00e9s del ISatPhone 2)<br \/>\n\u2022 Interfaz de datos USB<br \/>\n\u2022 Accesorio \/ Sentido de encendido<br \/>\n\u2022 Entrada de alimentaci\u00f3n CC de 10-32 V<br \/>\n\u2022 Enchufe de CA con entrada 110\/240 (opcional)<br \/>\n\u2022 Conectores SMA \u2013 Antena Inmarsat \/ Antena GPS<br \/>\n\u2022 Certificado completo, FCC, Industry Canada, Inmarsat, RoHS, CE, IEC60945, AS\/EN60950<br \/>\n\u2022 Garant\u00eda de reparaci\u00f3n o reemplazo de 2 a\u00f1os<br \/>\n\u2022 100% probado en f\u00e1brica<\/p>\n<p><!--more--><\/p>\n<h5 style=\"text-align: justify;\"><span style=\"text-decoration: underline;\"><strong>DOWNLOADS<\/strong><\/span><\/h5>\n<ul style=\"text-align: justify;\">\n<li><a href=\"https:\/\/drive.google.com\/file\/d\/1lzjxMRZABx7m1bIHJJpiwH3b8RnERlb-\/view?usp=sharing\">\u2192 Technical specifications<\/a><\/li>\n<\/ul>","protected":false},"excerpt":{"rendered":"<p style=\"text-align: justify;\">El Beam IsatDock2 LITE, el \u00fanico Inmarsat Certified Dock para el IsatPhone 2, es una estaci\u00f3n de acoplamiento de nivel de entrada para el tel\u00e9fono satelital Inmarsat que se puede usar en varias aplicaciones mar\u00edtimas y de transporte que ampl\u00edan la funcionalidad del tel\u00e9fono. El IsatDock2 LITE permite capacidades de llamadas de voz a trav\u00e9s del Bluetooth.<\/p>\n<p><!--more--><\/p>\n<p><img decoding=\"async\" class=\"aligncenter\" src=\"https:\/\/tecplan.com.es\/wp-content\/uploads\/2025\/10\/logo-1.png\" width=\"271\" height=\"70\" \/><\/p>\n<p>&nbsp;<\/p>","protected":false},"featured_media":3844,"comment_status":"open","ping_status":"closed","template":"","meta":{"site-sidebar-layout":"default","site-content-layout":"","ast-site-content-layout":"default","site-content-style":"default","site-sidebar-style":"default","ast-global-header-display":"","ast-banner-title-visibility":"","ast-main-header-display":"","ast-hfb-above-header-display":"","ast-hfb-below-header-display":"","ast-hfb-mobile-header-display":"","site-post-title":"","ast-breadcrumbs-content":"","ast-featured-img":"","footer-sml-layout":"","ast-disable-related-posts":"","theme-transparent-header-meta":"default","adv-header-id-meta":"","stick-header-meta":"","header-above-stick-meta":"","header-main-stick-meta":"","header-below-stick-meta":"","astra-migrate-meta-layouts":"set","ast-page-background-enabled":"default","ast-page-background-meta":{"desktop":{"background-color":"var(--ast-global-color-5)","background-image":"","background-repeat":"repeat","background-position":"center center","background-size":"auto","background-attachment":"scroll","background-type":"","background-media":"","overlay-type":"","overlay-color":"","overlay-opacity":"","overlay-gradient":""},"tablet":{"background-color":"","background-image":"","background-repeat":"repeat","background-position":"center center","background-size":"auto","background-attachment":"scroll","background-type":"","background-media":"","overlay-type":"","overlay-color":"","overlay-opacity":"","overlay-gradient":""},"mobile":{"background-color":"","background-image":"","background-repeat":"repeat","background-position":"center center","background-size":"auto","background-attachment":"scroll","background-type":"","background-media":"","overlay-type":"","overlay-color":"","overlay-opacity":"","overlay-gradient":""}},"ast-content-background-meta":{"desktop":{"background-color":"var(--ast-global-color-4)","background-image":"","background-repeat":"repeat","background-position":"center center","background-size":"auto","background-attachment":"scroll","background-type":"","background-media":"","overlay-type":"","overlay-color":"","overlay-opacity":"","overlay-gradient":""},"tablet":{"background-color":"var(--ast-global-color-4)","background-image":"","background-repeat":"repeat","background-position":"center center","background-size":"auto","background-attachment":"scroll","background-type":"","background-media":"","overlay-type":"","overlay-color":"","overlay-opacity":"","overlay-gradient":""},"mobile":{"background-color":"var(--ast-global-color-4)","background-image":"","background-repeat":"repeat","background-position":"center center","background-size":"auto","background-attachment":"scroll","background-type":"","background-media":"","overlay-type":"","overlay-color":"","overlay-opacity":"","overlay-gradient":""}}},"product_brand":[294],"product_cat":[292,36,293],"product_tag":[295],"class_list":{"0":"post-3869","1":"product","2":"type-product","3":"status-publish","4":"has-post-thumbnail","6":"product_brand-beam","7":"product_cat-beam-c","8":"product_cat-comunicacion-satelital","9":"product_cat-telefonos-satelitales-beam-c","10":"product_tag-beam","11":"desktop-align-left","12":"tablet-align-left","13":"mobile-align-left","15":"first","16":"instock","17":"shipping-taxable","18":"product-type-simple"},"yoast_head":"<!-- This site is optimized with the Yoast SEO plugin v25.3 - https:\/\/yoast.com\/wordpress\/plugins\/seo\/ -->\n<title>ISATDOCK2 LITE (ISD2 LITE) - Tecplan<\/title>\n<meta name=\"robots\" content=\"index, follow, max-snippet:-1, max-image-preview:large, max-video-preview:-1\" \/>\n<link rel=\"canonical\" href=\"https:\/\/tecplan.com.es\/en\/product\/isatdock2-lite-isd2-lite\/\" \/>\n<meta property=\"og:locale\" content=\"en_US\" \/>\n<meta property=\"og:type\" content=\"article\" \/>\n<meta property=\"og:title\" content=\"ISATDOCK2 LITE (ISD2 LITE) - Tecplan\" \/>\n<meta property=\"og:description\" content=\"El Beam IsatDock2 LITE, el \u00fanico Inmarsat Certified Dock para el IsatPhone 2, es una estaci\u00f3n de acoplamiento de nivel de entrada para el tel\u00e9fono satelital Inmarsat que se puede usar en varias aplicaciones mar\u00edtimas y de transporte que ampl\u00edan la funcionalidad del tel\u00e9fono. El IsatDock2 LITE permite capacidades de llamadas de voz a trav\u00e9s del Bluetooth.     &nbsp;\" \/>\n<meta property=\"og:url\" content=\"https:\/\/tecplan.com.es\/en\/product\/isatdock2-lite-isd2-lite\/\" \/>\n<meta property=\"og:site_name\" content=\"Tecplan\" \/>\n<meta property=\"article:modified_time\" content=\"2025-10-13T14:30:07+00:00\" \/>\n<meta property=\"og:image\" content=\"https:\/\/tecplan.com.es\/wp-content\/uploads\/2025\/10\/isatdock2-lite.1_l.png\" \/>\n\t<meta property=\"og:image:width\" content=\"480\" \/>\n\t<meta property=\"og:image:height\" content=\"480\" \/>\n\t<meta property=\"og:image:type\" content=\"image\/png\" \/>\n<meta name=\"twitter:card\" content=\"summary_large_image\" \/>\n<meta name=\"twitter:label1\" content=\"Est. reading time\" \/>\n\t<meta name=\"twitter:data1\" content=\"1 minute\" \/>\n<script type=\"application\/ld+json\" class=\"yoast-schema-graph\">{\"@context\":\"https:\/\/schema.org\",\"@graph\":[{\"@type\":\"WebPage\",\"@id\":\"https:\/\/tecplan.com.es\/product\/isatdock2-lite-isd2-lite\/\",\"url\":\"https:\/\/tecplan.com.es\/product\/isatdock2-lite-isd2-lite\/\",\"name\":\"ISATDOCK2 LITE (ISD2 LITE) - Tecplan\",\"isPartOf\":{\"@id\":\"https:\/\/tecplan.com.es\/#website\"},\"primaryImageOfPage\":{\"@id\":\"https:\/\/tecplan.com.es\/product\/isatdock2-lite-isd2-lite\/#primaryimage\"},\"image\":{\"@id\":\"https:\/\/tecplan.com.es\/product\/isatdock2-lite-isd2-lite\/#primaryimage\"},\"thumbnailUrl\":\"https:\/\/tecplan.com.es\/wp-content\/uploads\/2025\/10\/isatdock2-lite.1_l.png\",\"datePublished\":\"2025-10-10T22:05:12+00:00\",\"dateModified\":\"2025-10-13T14:30:07+00:00\",\"breadcrumb\":{\"@id\":\"https:\/\/tecplan.com.es\/product\/isatdock2-lite-isd2-lite\/#breadcrumb\"},\"inLanguage\":\"en-US\",\"potentialAction\":[{\"@type\":\"ReadAction\",\"target\":[\"https:\/\/tecplan.com.es\/product\/isatdock2-lite-isd2-lite\/\"]}]},{\"@type\":\"ImageObject\",\"inLanguage\":\"en-US\",\"@id\":\"https:\/\/tecplan.com.es\/product\/isatdock2-lite-isd2-lite\/#primaryimage\",\"url\":\"https:\/\/tecplan.com.es\/wp-content\/uploads\/2025\/10\/isatdock2-lite.1_l.png\",\"contentUrl\":\"https:\/\/tecplan.com.es\/wp-content\/uploads\/2025\/10\/isatdock2-lite.1_l.png\",\"width\":480,\"height\":480},{\"@type\":\"BreadcrumbList\",\"@id\":\"https:\/\/tecplan.com.es\/product\/isatdock2-lite-isd2-lite\/#breadcrumb\",\"itemListElement\":[{\"@type\":\"ListItem\",\"position\":1,\"name\":\"Home\",\"item\":\"https:\/\/tecplan.com.es\/\"},{\"@type\":\"ListItem\",\"position\":2,\"name\":\"Shop\",\"item\":\"https:\/\/tecplan.com.es\/shop\/\"},{\"@type\":\"ListItem\",\"position\":3,\"name\":\"ISATDOCK2 LITE (ISD2 LITE)\"}]},{\"@type\":\"WebSite\",\"@id\":\"https:\/\/tecplan.com.es\/#website\",\"url\":\"https:\/\/tecplan.com.es\/\",\"name\":\"Tecplan\",\"description\":\"\",\"potentialAction\":[{\"@type\":\"SearchAction\",\"target\":{\"@type\":\"EntryPoint\",\"urlTemplate\":\"https:\/\/tecplan.com.es\/?s={search_term_string}\"},\"query-input\":{\"@type\":\"PropertyValueSpecification\",\"valueRequired\":true,\"valueName\":\"search_term_string\"}}],\"inLanguage\":\"en-US\"}]}<\/script>\n<!-- \/ Yoast SEO plugin. -->","yoast_head_json":{"title":"ISATDOCK2 LITE (ISD2 LITE) - Tecplan","robots":{"index":"index","follow":"follow","max-snippet":"max-snippet:-1","max-image-preview":"max-image-preview:large","max-video-preview":"max-video-preview:-1"},"canonical":"https:\/\/tecplan.com.es\/en\/product\/isatdock2-lite-isd2-lite\/","og_locale":"en_US","og_type":"article","og_title":"ISATDOCK2 LITE (ISD2 LITE) - Tecplan","og_description":"El Beam IsatDock2 LITE, el \u00fanico Inmarsat Certified Dock para el IsatPhone 2, es una estaci\u00f3n de acoplamiento de nivel de entrada para el tel\u00e9fono satelital Inmarsat que se puede usar en varias aplicaciones mar\u00edtimas y de transporte que ampl\u00edan la funcionalidad del tel\u00e9fono. El IsatDock2 LITE permite capacidades de llamadas de voz a trav\u00e9s del Bluetooth.     &nbsp;","og_url":"https:\/\/tecplan.com.es\/en\/product\/isatdock2-lite-isd2-lite\/","og_site_name":"Tecplan","article_modified_time":"2025-10-13T14:30:07+00:00","og_image":[{"width":480,"height":480,"url":"https:\/\/tecplan.com.es\/wp-content\/uploads\/2025\/10\/isatdock2-lite.1_l.png","type":"image\/png"}],"twitter_card":"summary_large_image","twitter_misc":{"Est. reading time":"1 minute"},"schema":{"@context":"https:\/\/schema.org","@graph":[{"@type":"WebPage","@id":"https:\/\/tecplan.com.es\/product\/isatdock2-lite-isd2-lite\/","url":"https:\/\/tecplan.com.es\/product\/isatdock2-lite-isd2-lite\/","name":"ISATDOCK2 LITE (ISD2 LITE) - Tecplan","isPartOf":{"@id":"https:\/\/tecplan.com.es\/#website"},"primaryImageOfPage":{"@id":"https:\/\/tecplan.com.es\/product\/isatdock2-lite-isd2-lite\/#primaryimage"},"image":{"@id":"https:\/\/tecplan.com.es\/product\/isatdock2-lite-isd2-lite\/#primaryimage"},"thumbnailUrl":"https:\/\/tecplan.com.es\/wp-content\/uploads\/2025\/10\/isatdock2-lite.1_l.png","datePublished":"2025-10-10T22:05:12+00:00","dateModified":"2025-10-13T14:30:07+00:00","breadcrumb":{"@id":"https:\/\/tecplan.com.es\/product\/isatdock2-lite-isd2-lite\/#breadcrumb"},"inLanguage":"en-US","potentialAction":[{"@type":"ReadAction","target":["https:\/\/tecplan.com.es\/product\/isatdock2-lite-isd2-lite\/"]}]},{"@type":"ImageObject","inLanguage":"en-US","@id":"https:\/\/tecplan.com.es\/product\/isatdock2-lite-isd2-lite\/#primaryimage","url":"https:\/\/tecplan.com.es\/wp-content\/uploads\/2025\/10\/isatdock2-lite.1_l.png","contentUrl":"https:\/\/tecplan.com.es\/wp-content\/uploads\/2025\/10\/isatdock2-lite.1_l.png","width":480,"height":480},{"@type":"BreadcrumbList","@id":"https:\/\/tecplan.com.es\/product\/isatdock2-lite-isd2-lite\/#breadcrumb","itemListElement":[{"@type":"ListItem","position":1,"name":"Home","item":"https:\/\/tecplan.com.es\/"},{"@type":"ListItem","position":2,"name":"Shop","item":"https:\/\/tecplan.com.es\/shop\/"},{"@type":"ListItem","position":3,"name":"ISATDOCK2 LITE (ISD2 LITE)"}]},{"@type":"WebSite","@id":"https:\/\/tecplan.com.es\/#website","url":"https:\/\/tecplan.com.es\/","name":"Tecplan","description":"","potentialAction":[{"@type":"SearchAction","target":{"@type":"EntryPoint","urlTemplate":"https:\/\/tecplan.com.es\/?s={search_term_string}"},"query-input":{"@type":"PropertyValueSpecification","valueRequired":true,"valueName":"search_term_string"}}],"inLanguage":"en-US"}]}},"_links":{"self":[{"href":"https:\/\/tecplan.com.es\/en\/wp-json\/wp\/v2\/product\/3869","targetHints":{"allow":["GET"]}}],"collection":[{"href":"https:\/\/tecplan.com.es\/en\/wp-json\/wp\/v2\/product"}],"about":[{"href":"https:\/\/tecplan.com.es\/en\/wp-json\/wp\/v2\/types\/product"}],"replies":[{"embeddable":true,"href":"https:\/\/tecplan.com.es\/en\/wp-json\/wp\/v2\/comments?post=3869"}],"version-history":[{"count":2,"href":"https:\/\/tecplan.com.es\/en\/wp-json\/wp\/v2\/product\/3869\/revisions"}],"predecessor-version":[{"id":3881,"href":"https:\/\/tecplan.com.es\/en\/wp-json\/wp\/v2\/product\/3869\/revisions\/3881"}],"wp:featuredmedia":[{"embeddable":true,"href":"https:\/\/tecplan.com.es\/en\/wp-json\/wp\/v2\/media\/3844"}],"wp:attachment":[{"href":"https:\/\/tecplan.com.es\/en\/wp-json\/wp\/v2\/media?parent=3869"}],"wp:term":[{"taxonomy":"product_brand","embeddable":true,"href":"https:\/\/tecplan.com.es\/en\/wp-json\/wp\/v2\/product_brand?post=3869"},{"taxonomy":"product_cat","embeddable":true,"href":"https:\/\/tecplan.com.es\/en\/wp-json\/wp\/v2\/product_cat?post=3869"},{"taxonomy":"product_tag","embeddable":true,"href":"https:\/\/tecplan.com.es\/en\/wp-json\/wp\/v2\/product_tag?post=3869"}],"curies":[{"name":"wp","href":"https:\/\/api.w.org\/{rel}","templated":true}]}}