{"id":3868,"date":"2025-10-10T22:05:12","date_gmt":"2025-10-10T22:05:12","guid":{"rendered":"https:\/\/tecplan.com.es\/product\/marine-isatdock2\/"},"modified":"2025-10-13T14:37:51","modified_gmt":"2025-10-13T14:37:51","slug":"marine-isatdock2","status":"publish","type":"product","link":"https:\/\/tecplan.com.es\/en\/product\/marine-isatdock2\/","title":{"rendered":"MARINE ISATDOCK2"},"content":{"rendered":"<h3>MARINE ISATDOCK2 (ISD2 MARINE)<\/h3>\n<p style=\"text-align: justify;\">El ISD2 MARINE es una estaci\u00f3n de acoplamiento certificada por Inmarsat de Beam Communications dise\u00f1ada para albergar el tel\u00e9fono satelital IsatPhone 2 para su uso en entornos mar\u00edtimos. Tiene clasificaci\u00f3n IP54 por su resistencia al polvo y al agua, cuenta con carga, un altavoz y m\u00faltiples opciones de conectividad de voz y datos, incluido un tel\u00e9fono de privacidad, Bluetooth y una interfaz RJ11\/POTS para conectarse a tel\u00e9fonos externos o sistemas PBX. La base tambi\u00e9n admite funciones de seguimiento y alerta de emergencia a trav\u00e9s del tel\u00e9fono IsatPhone 2.<\/p>\n<p style=\"text-align: justify;\"><strong>Key Features<\/strong><\/p>\n<ul>\n<li style=\"text-align: justify;\"><strong>Durabilidad:<\/strong> Una carcasa resistente con clasificaci\u00f3n IP54 dise\u00f1ada para proteger el tel\u00e9fono del polvo y las salpicaduras de agua, lo que lo hace adecuado para duras condiciones marinas.<\/li>\n<li style=\"text-align: justify;\"><strong>Conectividad:<\/strong> Admite varios m\u00e9todos de conexi\u00f3n de voz: Bluetooth. Altavoz manos libres. Tel\u00e9fono de privacidad activo<\/li>\n<li style=\"text-align: justify;\">Interfaz RJ11\/POTS que permite conectar tel\u00e9fonos est\u00e1ndar a hasta 600 metros de distancia o integrarlos con un sistema PBX.<\/li>\n<li style=\"text-align: justify;\"><strong>Funcionalidad: <\/strong>Carga el tel\u00e9fono IsatPhone 2.<\/li>\n<li style=\"text-align: justify;\">Incluye un puerto de datos USB para servicios de datos.<\/li>\n<li style=\"text-align: justify;\">Cuenta con un timbre incorporado. Admite las funciones de seguimiento y alerta de emergencia de IsatPhone 2.<\/li>\n<li style=\"text-align: justify;\"><strong>Instalaci\u00f3n<\/strong>: Permite conexiones permanentes de energ\u00eda y antena externa a la base, por lo que el tel\u00e9fono est\u00e1 listo para su uso inmediato cuando est\u00e1 acoplado.<\/li>\n<li style=\"text-align: justify;\"><strong>Seguridad:<\/strong> El muelle admite una soluci\u00f3n antipirater\u00eda que se puede activar presionando un solo bot\u00f3n en la estaci\u00f3n de acoplamiento.<\/li>\n<\/ul>\n<p><!--more--><\/p>\n<h5 style=\"text-align: justify;\"><span style=\"text-decoration: underline;\"><strong>DOWNLOADS<\/strong><\/span><\/h5>\n<ul style=\"text-align: justify;\">\n<li><a href=\"https:\/\/drive.google.com\/file\/d\/1QbI0DIGa494L3C2tR2FRr_HtMBf8YZYK\/view?usp=sharing\">\u2192 Technical specifications<\/a><\/li>\n<\/ul>","protected":false},"excerpt":{"rendered":"<p style=\"text-align: justify;\">Beam IsatDock2 MARINE, el \u00fanico Inmarsat Certified Dock para el IsatPhone 2, es una estaci\u00f3n de acoplamiento inteligente con clasificaci\u00f3n IP54 dise\u00f1ada espec\u00edficamente<br \/>\npara aplicaciones mar\u00edtimas.<\/p>\n<ul>\n<li style=\"text-align: justify;\">RJ11\/POTS \/ Integraci\u00f3n PABX \/<\/li>\n<li style=\"text-align: justify;\">Altavoz\/Tel\u00e9fono de Privacidad\/<\/li>\n<li style=\"text-align: justify;\">Seguimiento\/Acoplamiento\/<\/li>\n<li style=\"text-align: justify;\">Carga\/ Ringer \/Silencio \/<\/li>\n<li style=\"text-align: justify;\">USB\/IO Externo\/ Alerta.<\/li>\n<\/ul>\n<p style=\"text-align: justify;\"><!--more--><\/p>\n<p><img decoding=\"async\" class=\"aligncenter\" src=\"https:\/\/tecplan.com.es\/wp-content\/uploads\/2025\/10\/logo-1.png\" width=\"199\" height=\"45\" \/><\/p>","protected":false},"featured_media":3838,"comment_status":"open","ping_status":"closed","template":"","meta":{"site-sidebar-layout":"default","site-content-layout":"","ast-site-content-layout":"default","site-content-style":"default","site-sidebar-style":"default","ast-global-header-display":"","ast-banner-title-visibility":"","ast-main-header-display":"","ast-hfb-above-header-display":"","ast-hfb-below-header-display":"","ast-hfb-mobile-header-display":"","site-post-title":"","ast-breadcrumbs-content":"","ast-featured-img":"","footer-sml-layout":"","ast-disable-related-posts":"","theme-transparent-header-meta":"default","adv-header-id-meta":"","stick-header-meta":"","header-above-stick-meta":"","header-main-stick-meta":"","header-below-stick-meta":"","astra-migrate-meta-layouts":"set","ast-page-background-enabled":"default","ast-page-background-meta":{"desktop":{"background-color":"var(--ast-global-color-5)","background-image":"","background-repeat":"repeat","background-position":"center center","background-size":"auto","background-attachment":"scroll","background-type":"","background-media":"","overlay-type":"","overlay-color":"","overlay-opacity":"","overlay-gradient":""},"tablet":{"background-color":"","background-image":"","background-repeat":"repeat","background-position":"center center","background-size":"auto","background-attachment":"scroll","background-type":"","background-media":"","overlay-type":"","overlay-color":"","overlay-opacity":"","overlay-gradient":""},"mobile":{"background-color":"","background-image":"","background-repeat":"repeat","background-position":"center center","background-size":"auto","background-attachment":"scroll","background-type":"","background-media":"","overlay-type":"","overlay-color":"","overlay-opacity":"","overlay-gradient":""}},"ast-content-background-meta":{"desktop":{"background-color":"var(--ast-global-color-4)","background-image":"","background-repeat":"repeat","background-position":"center center","background-size":"auto","background-attachment":"scroll","background-type":"","background-media":"","overlay-type":"","overlay-color":"","overlay-opacity":"","overlay-gradient":""},"tablet":{"background-color":"var(--ast-global-color-4)","background-image":"","background-repeat":"repeat","background-position":"center center","background-size":"auto","background-attachment":"scroll","background-type":"","background-media":"","overlay-type":"","overlay-color":"","overlay-opacity":"","overlay-gradient":""},"mobile":{"background-color":"var(--ast-global-color-4)","background-image":"","background-repeat":"repeat","background-position":"center center","background-size":"auto","background-attachment":"scroll","background-type":"","background-media":"","overlay-type":"","overlay-color":"","overlay-opacity":"","overlay-gradient":""}}},"product_brand":[294],"product_cat":[292,36,293],"product_tag":[295],"class_list":{"0":"post-3868","1":"product","2":"type-product","3":"status-publish","4":"has-post-thumbnail","6":"product_brand-beam","7":"product_cat-beam-c","8":"product_cat-comunicacion-satelital","9":"product_cat-telefonos-satelitales-beam-c","10":"product_tag-beam","11":"desktop-align-left","12":"tablet-align-left","13":"mobile-align-left","15":"first","16":"instock","17":"shipping-taxable","18":"product-type-simple"},"yoast_head":"<!-- This site is optimized with the Yoast SEO plugin v25.3 - https:\/\/yoast.com\/wordpress\/plugins\/seo\/ -->\n<title>MARINE ISATDOCK2 - Tecplan<\/title>\n<meta name=\"robots\" content=\"index, follow, max-snippet:-1, max-image-preview:large, max-video-preview:-1\" \/>\n<link rel=\"canonical\" href=\"https:\/\/tecplan.com.es\/en\/product\/marine-isatdock2\/\" \/>\n<meta property=\"og:locale\" content=\"en_US\" \/>\n<meta property=\"og:type\" content=\"article\" \/>\n<meta property=\"og:title\" content=\"MARINE ISATDOCK2 - Tecplan\" \/>\n<meta property=\"og:description\" content=\"Beam IsatDock2 MARINE, el \u00fanico Inmarsat Certified Dock para el IsatPhone 2, es una estaci\u00f3n de acoplamiento inteligente con clasificaci\u00f3n IP54 dise\u00f1ada espec\u00edficamente para aplicaciones mar\u00edtimas.    RJ11\/POTS \/ Integraci\u00f3n PABX \/  Altavoz\/Tel\u00e9fono de Privacidad\/  Seguimiento\/Acoplamiento\/  Carga\/ Ringer \/Silencio \/  USB\/IO Externo\/ Alerta.\" \/>\n<meta property=\"og:url\" content=\"https:\/\/tecplan.com.es\/en\/product\/marine-isatdock2\/\" \/>\n<meta property=\"og:site_name\" content=\"Tecplan\" \/>\n<meta property=\"article:modified_time\" content=\"2025-10-13T14:37:51+00:00\" \/>\n<meta property=\"og:image\" content=\"https:\/\/tecplan.com.es\/wp-content\/uploads\/2025\/10\/inmarsat_isd2_marine_1.jpg\" \/>\n\t<meta property=\"og:image:width\" content=\"560\" \/>\n\t<meta property=\"og:image:height\" content=\"560\" \/>\n\t<meta property=\"og:image:type\" content=\"image\/jpeg\" \/>\n<meta name=\"twitter:card\" content=\"summary_large_image\" \/>\n<meta name=\"twitter:label1\" content=\"Est. reading time\" \/>\n\t<meta name=\"twitter:data1\" content=\"2 minutes\" \/>\n<script type=\"application\/ld+json\" class=\"yoast-schema-graph\">{\"@context\":\"https:\/\/schema.org\",\"@graph\":[{\"@type\":\"WebPage\",\"@id\":\"https:\/\/tecplan.com.es\/product\/marine-isatdock2\/\",\"url\":\"https:\/\/tecplan.com.es\/product\/marine-isatdock2\/\",\"name\":\"MARINE ISATDOCK2 - Tecplan\",\"isPartOf\":{\"@id\":\"https:\/\/tecplan.com.es\/#website\"},\"primaryImageOfPage\":{\"@id\":\"https:\/\/tecplan.com.es\/product\/marine-isatdock2\/#primaryimage\"},\"image\":{\"@id\":\"https:\/\/tecplan.com.es\/product\/marine-isatdock2\/#primaryimage\"},\"thumbnailUrl\":\"https:\/\/tecplan.com.es\/wp-content\/uploads\/2025\/10\/inmarsat_isd2_marine_1.jpg\",\"datePublished\":\"2025-10-10T22:05:12+00:00\",\"dateModified\":\"2025-10-13T14:37:51+00:00\",\"breadcrumb\":{\"@id\":\"https:\/\/tecplan.com.es\/product\/marine-isatdock2\/#breadcrumb\"},\"inLanguage\":\"en-US\",\"potentialAction\":[{\"@type\":\"ReadAction\",\"target\":[\"https:\/\/tecplan.com.es\/product\/marine-isatdock2\/\"]}]},{\"@type\":\"ImageObject\",\"inLanguage\":\"en-US\",\"@id\":\"https:\/\/tecplan.com.es\/product\/marine-isatdock2\/#primaryimage\",\"url\":\"https:\/\/tecplan.com.es\/wp-content\/uploads\/2025\/10\/inmarsat_isd2_marine_1.jpg\",\"contentUrl\":\"https:\/\/tecplan.com.es\/wp-content\/uploads\/2025\/10\/inmarsat_isd2_marine_1.jpg\",\"width\":560,\"height\":560},{\"@type\":\"BreadcrumbList\",\"@id\":\"https:\/\/tecplan.com.es\/product\/marine-isatdock2\/#breadcrumb\",\"itemListElement\":[{\"@type\":\"ListItem\",\"position\":1,\"name\":\"Home\",\"item\":\"https:\/\/tecplan.com.es\/\"},{\"@type\":\"ListItem\",\"position\":2,\"name\":\"Shop\",\"item\":\"https:\/\/tecplan.com.es\/shop\/\"},{\"@type\":\"ListItem\",\"position\":3,\"name\":\"MARINE ISATDOCK2\"}]},{\"@type\":\"WebSite\",\"@id\":\"https:\/\/tecplan.com.es\/#website\",\"url\":\"https:\/\/tecplan.com.es\/\",\"name\":\"Tecplan\",\"description\":\"\",\"potentialAction\":[{\"@type\":\"SearchAction\",\"target\":{\"@type\":\"EntryPoint\",\"urlTemplate\":\"https:\/\/tecplan.com.es\/?s={search_term_string}\"},\"query-input\":{\"@type\":\"PropertyValueSpecification\",\"valueRequired\":true,\"valueName\":\"search_term_string\"}}],\"inLanguage\":\"en-US\"}]}<\/script>\n<!-- \/ Yoast SEO plugin. -->","yoast_head_json":{"title":"MARINE ISATDOCK2 - Tecplan","robots":{"index":"index","follow":"follow","max-snippet":"max-snippet:-1","max-image-preview":"max-image-preview:large","max-video-preview":"max-video-preview:-1"},"canonical":"https:\/\/tecplan.com.es\/en\/product\/marine-isatdock2\/","og_locale":"en_US","og_type":"article","og_title":"MARINE ISATDOCK2 - Tecplan","og_description":"Beam IsatDock2 MARINE, el \u00fanico Inmarsat Certified Dock para el IsatPhone 2, es una estaci\u00f3n de acoplamiento inteligente con clasificaci\u00f3n IP54 dise\u00f1ada espec\u00edficamente para aplicaciones mar\u00edtimas.    RJ11\/POTS \/ Integraci\u00f3n PABX \/  Altavoz\/Tel\u00e9fono de Privacidad\/  Seguimiento\/Acoplamiento\/  Carga\/ Ringer \/Silencio \/  USB\/IO Externo\/ Alerta.","og_url":"https:\/\/tecplan.com.es\/en\/product\/marine-isatdock2\/","og_site_name":"Tecplan","article_modified_time":"2025-10-13T14:37:51+00:00","og_image":[{"width":560,"height":560,"url":"https:\/\/tecplan.com.es\/wp-content\/uploads\/2025\/10\/inmarsat_isd2_marine_1.jpg","type":"image\/jpeg"}],"twitter_card":"summary_large_image","twitter_misc":{"Est. reading time":"2 minutes"},"schema":{"@context":"https:\/\/schema.org","@graph":[{"@type":"WebPage","@id":"https:\/\/tecplan.com.es\/product\/marine-isatdock2\/","url":"https:\/\/tecplan.com.es\/product\/marine-isatdock2\/","name":"MARINE ISATDOCK2 - Tecplan","isPartOf":{"@id":"https:\/\/tecplan.com.es\/#website"},"primaryImageOfPage":{"@id":"https:\/\/tecplan.com.es\/product\/marine-isatdock2\/#primaryimage"},"image":{"@id":"https:\/\/tecplan.com.es\/product\/marine-isatdock2\/#primaryimage"},"thumbnailUrl":"https:\/\/tecplan.com.es\/wp-content\/uploads\/2025\/10\/inmarsat_isd2_marine_1.jpg","datePublished":"2025-10-10T22:05:12+00:00","dateModified":"2025-10-13T14:37:51+00:00","breadcrumb":{"@id":"https:\/\/tecplan.com.es\/product\/marine-isatdock2\/#breadcrumb"},"inLanguage":"en-US","potentialAction":[{"@type":"ReadAction","target":["https:\/\/tecplan.com.es\/product\/marine-isatdock2\/"]}]},{"@type":"ImageObject","inLanguage":"en-US","@id":"https:\/\/tecplan.com.es\/product\/marine-isatdock2\/#primaryimage","url":"https:\/\/tecplan.com.es\/wp-content\/uploads\/2025\/10\/inmarsat_isd2_marine_1.jpg","contentUrl":"https:\/\/tecplan.com.es\/wp-content\/uploads\/2025\/10\/inmarsat_isd2_marine_1.jpg","width":560,"height":560},{"@type":"BreadcrumbList","@id":"https:\/\/tecplan.com.es\/product\/marine-isatdock2\/#breadcrumb","itemListElement":[{"@type":"ListItem","position":1,"name":"Home","item":"https:\/\/tecplan.com.es\/"},{"@type":"ListItem","position":2,"name":"Shop","item":"https:\/\/tecplan.com.es\/shop\/"},{"@type":"ListItem","position":3,"name":"MARINE ISATDOCK2"}]},{"@type":"WebSite","@id":"https:\/\/tecplan.com.es\/#website","url":"https:\/\/tecplan.com.es\/","name":"Tecplan","description":"","potentialAction":[{"@type":"SearchAction","target":{"@type":"EntryPoint","urlTemplate":"https:\/\/tecplan.com.es\/?s={search_term_string}"},"query-input":{"@type":"PropertyValueSpecification","valueRequired":true,"valueName":"search_term_string"}}],"inLanguage":"en-US"}]}},"_links":{"self":[{"href":"https:\/\/tecplan.com.es\/en\/wp-json\/wp\/v2\/product\/3868","targetHints":{"allow":["GET"]}}],"collection":[{"href":"https:\/\/tecplan.com.es\/en\/wp-json\/wp\/v2\/product"}],"about":[{"href":"https:\/\/tecplan.com.es\/en\/wp-json\/wp\/v2\/types\/product"}],"replies":[{"embeddable":true,"href":"https:\/\/tecplan.com.es\/en\/wp-json\/wp\/v2\/comments?post=3868"}],"version-history":[{"count":3,"href":"https:\/\/tecplan.com.es\/en\/wp-json\/wp\/v2\/product\/3868\/revisions"}],"predecessor-version":[{"id":3882,"href":"https:\/\/tecplan.com.es\/en\/wp-json\/wp\/v2\/product\/3868\/revisions\/3882"}],"wp:featuredmedia":[{"embeddable":true,"href":"https:\/\/tecplan.com.es\/en\/wp-json\/wp\/v2\/media\/3838"}],"wp:attachment":[{"href":"https:\/\/tecplan.com.es\/en\/wp-json\/wp\/v2\/media?parent=3868"}],"wp:term":[{"taxonomy":"product_brand","embeddable":true,"href":"https:\/\/tecplan.com.es\/en\/wp-json\/wp\/v2\/product_brand?post=3868"},{"taxonomy":"product_cat","embeddable":true,"href":"https:\/\/tecplan.com.es\/en\/wp-json\/wp\/v2\/product_cat?post=3868"},{"taxonomy":"product_tag","embeddable":true,"href":"https:\/\/tecplan.com.es\/en\/wp-json\/wp\/v2\/product_tag?post=3868"}],"curies":[{"name":"wp","href":"https:\/\/api.w.org\/{rel}","templated":true}]}}