{"id":3867,"date":"2025-10-10T22:05:12","date_gmt":"2025-10-10T22:05:12","guid":{"rendered":"https:\/\/tecplan.com.es\/product\/inmarsat-tarjeta-prepagada\/"},"modified":"2025-10-13T14:41:51","modified_gmt":"2025-10-13T14:41:51","slug":"inmarsat-tarjeta-prepagada","status":"publish","type":"product","link":"https:\/\/tecplan.com.es\/en\/product\/inmarsat-tarjeta-prepagada\/","title":{"rendered":"INMARSAT TARJETA  PREPAGADA"},"content":{"rendered":"<p style=\"text-align: justify;\"><strong>INMARSAT ISATPHONE TARJETA SIM PREPAGADA<\/strong><\/p>\n<p style=\"text-align: justify;\">Tarjeta SIM prepago y pospago. Funciona con los tel\u00e9fonos Inmarsat IsatPhone e IsatPhone 2. Tel\u00e9fono no incluido. SIM NO funciona con tel\u00e9fonos Iridium, GlobalStar o Thuraya. Activaci\u00f3n en l\u00ednea 24\/7 y gesti\u00f3n de cuentas (recargas de autoservicio, recarga autom\u00e1tica, verificaci\u00f3n de saldo y alertas). Sin tarifa de activaci\u00f3n ni tarifas mensuales. Servicio \u00fatil en cualquier momento que lo necesite. La cobertura de IsatPhone es mundial, excepto en las regiones polares extremas. Las llamadas se realizan a trav\u00e9s de una \u00fanica red global, por lo que no hay cargos de roaming.<\/p>\n<p style=\"text-align: justify;\">La tarjeta SIM se puede activar en una fecha futura, simplemente seleccione su fecha de activaci\u00f3n utilizando nuestro formulario de solicitud de activaci\u00f3n en l\u00ednea.<\/p>","protected":false},"excerpt":{"rendered":"<p style=\"text-align: justify;\">Tarjeta SIM prepago y pospago. Funciona con los tel\u00e9fonos Inmarsat IsatPhone e IsatPhone 2. Tel\u00e9fono no incluido. SIM NO funciona con tel\u00e9fonos Iridium, GlobalStar o Thuraya.<\/p>\n<p><img decoding=\"async\" class=\"wp-image-979 aligncenter\" role=\"img\" src=\"https:\/\/tecplan.com.es\/wp-content\/uploads\/2025\/05\/ParthersA_CS_pag-02.svg\" alt=\"\" width=\"171\" height=\"122\" \/><\/p>","protected":false},"featured_media":3837,"comment_status":"open","ping_status":"closed","template":"","meta":{"site-sidebar-layout":"default","site-content-layout":"","ast-site-content-layout":"default","site-content-style":"default","site-sidebar-style":"default","ast-global-header-display":"","ast-banner-title-visibility":"","ast-main-header-display":"","ast-hfb-above-header-display":"","ast-hfb-below-header-display":"","ast-hfb-mobile-header-display":"","site-post-title":"","ast-breadcrumbs-content":"","ast-featured-img":"","footer-sml-layout":"","ast-disable-related-posts":"","theme-transparent-header-meta":"default","adv-header-id-meta":"","stick-header-meta":"","header-above-stick-meta":"","header-main-stick-meta":"","header-below-stick-meta":"","astra-migrate-meta-layouts":"set","ast-page-background-enabled":"default","ast-page-background-meta":{"desktop":{"background-color":"var(--ast-global-color-5)","background-image":"","background-repeat":"repeat","background-position":"center center","background-size":"auto","background-attachment":"scroll","background-type":"","background-media":"","overlay-type":"","overlay-color":"","overlay-opacity":"","overlay-gradient":""},"tablet":{"background-color":"","background-image":"","background-repeat":"repeat","background-position":"center center","background-size":"auto","background-attachment":"scroll","background-type":"","background-media":"","overlay-type":"","overlay-color":"","overlay-opacity":"","overlay-gradient":""},"mobile":{"background-color":"","background-image":"","background-repeat":"repeat","background-position":"center center","background-size":"auto","background-attachment":"scroll","background-type":"","background-media":"","overlay-type":"","overlay-color":"","overlay-opacity":"","overlay-gradient":""}},"ast-content-background-meta":{"desktop":{"background-color":"var(--ast-global-color-4)","background-image":"","background-repeat":"repeat","background-position":"center center","background-size":"auto","background-attachment":"scroll","background-type":"","background-media":"","overlay-type":"","overlay-color":"","overlay-opacity":"","overlay-gradient":""},"tablet":{"background-color":"var(--ast-global-color-4)","background-image":"","background-repeat":"repeat","background-position":"center center","background-size":"auto","background-attachment":"scroll","background-type":"","background-media":"","overlay-type":"","overlay-color":"","overlay-opacity":"","overlay-gradient":""},"mobile":{"background-color":"var(--ast-global-color-4)","background-image":"","background-repeat":"repeat","background-position":"center center","background-size":"auto","background-attachment":"scroll","background-type":"","background-media":"","overlay-type":"","overlay-color":"","overlay-opacity":"","overlay-gradient":""}}},"product_brand":[255],"product_cat":[36,43,57],"product_tag":[200],"class_list":{"0":"post-3867","1":"product","2":"type-product","3":"status-publish","4":"has-post-thumbnail","6":"product_brand-inmarsat","7":"product_cat-comunicacion-satelital","8":"product_cat-inmarsat","9":"product_cat-planes-satelitales-inmarsat","10":"product_tag-inmarsat","11":"desktop-align-left","12":"tablet-align-left","13":"mobile-align-left","15":"first","16":"instock","17":"shipping-taxable","18":"product-type-simple"},"yoast_head":"<!-- This site is optimized with the Yoast SEO plugin v25.3 - https:\/\/yoast.com\/wordpress\/plugins\/seo\/ -->\n<title>INMARSAT TARJETA PREPAGADA - Tecplan<\/title>\n<meta name=\"robots\" content=\"index, follow, max-snippet:-1, max-image-preview:large, max-video-preview:-1\" \/>\n<link rel=\"canonical\" href=\"https:\/\/tecplan.com.es\/en\/product\/inmarsat-tarjeta-prepagada\/\" \/>\n<meta property=\"og:locale\" content=\"en_US\" \/>\n<meta property=\"og:type\" content=\"article\" \/>\n<meta property=\"og:title\" content=\"INMARSAT TARJETA PREPAGADA - Tecplan\" \/>\n<meta property=\"og:description\" content=\"Tarjeta SIM prepago y pospago. Funciona con los tel\u00e9fonos Inmarsat IsatPhone e IsatPhone 2. Tel\u00e9fono no incluido. SIM NO funciona con tel\u00e9fonos Iridium, GlobalStar o Thuraya.\" \/>\n<meta property=\"og:url\" content=\"https:\/\/tecplan.com.es\/en\/product\/inmarsat-tarjeta-prepagada\/\" \/>\n<meta property=\"og:site_name\" content=\"Tecplan\" \/>\n<meta property=\"article:modified_time\" content=\"2025-10-13T14:41:51+00:00\" \/>\n<meta property=\"og:image\" content=\"https:\/\/tecplan.com.es\/wp-content\/uploads\/2025\/10\/INMARSAT-ISATPHONE.jpg\" \/>\n\t<meta property=\"og:image:width\" content=\"1667\" \/>\n\t<meta property=\"og:image:height\" content=\"1667\" \/>\n\t<meta property=\"og:image:type\" content=\"image\/jpeg\" \/>\n<meta name=\"twitter:card\" content=\"summary_large_image\" \/>\n<meta name=\"twitter:label1\" content=\"Est. reading time\" \/>\n\t<meta name=\"twitter:data1\" content=\"1 minute\" \/>\n<script type=\"application\/ld+json\" class=\"yoast-schema-graph\">{\"@context\":\"https:\/\/schema.org\",\"@graph\":[{\"@type\":\"WebPage\",\"@id\":\"https:\/\/tecplan.com.es\/product\/inmarsat-tarjeta-prepagada\/\",\"url\":\"https:\/\/tecplan.com.es\/product\/inmarsat-tarjeta-prepagada\/\",\"name\":\"INMARSAT TARJETA PREPAGADA - Tecplan\",\"isPartOf\":{\"@id\":\"https:\/\/tecplan.com.es\/#website\"},\"primaryImageOfPage\":{\"@id\":\"https:\/\/tecplan.com.es\/product\/inmarsat-tarjeta-prepagada\/#primaryimage\"},\"image\":{\"@id\":\"https:\/\/tecplan.com.es\/product\/inmarsat-tarjeta-prepagada\/#primaryimage\"},\"thumbnailUrl\":\"https:\/\/tecplan.com.es\/wp-content\/uploads\/2025\/10\/INMARSAT-ISATPHONE.jpg\",\"datePublished\":\"2025-10-10T22:05:12+00:00\",\"dateModified\":\"2025-10-13T14:41:51+00:00\",\"breadcrumb\":{\"@id\":\"https:\/\/tecplan.com.es\/product\/inmarsat-tarjeta-prepagada\/#breadcrumb\"},\"inLanguage\":\"en-US\",\"potentialAction\":[{\"@type\":\"ReadAction\",\"target\":[\"https:\/\/tecplan.com.es\/product\/inmarsat-tarjeta-prepagada\/\"]}]},{\"@type\":\"ImageObject\",\"inLanguage\":\"en-US\",\"@id\":\"https:\/\/tecplan.com.es\/product\/inmarsat-tarjeta-prepagada\/#primaryimage\",\"url\":\"https:\/\/tecplan.com.es\/wp-content\/uploads\/2025\/10\/INMARSAT-ISATPHONE.jpg\",\"contentUrl\":\"https:\/\/tecplan.com.es\/wp-content\/uploads\/2025\/10\/INMARSAT-ISATPHONE.jpg\",\"width\":1667,\"height\":1667},{\"@type\":\"BreadcrumbList\",\"@id\":\"https:\/\/tecplan.com.es\/product\/inmarsat-tarjeta-prepagada\/#breadcrumb\",\"itemListElement\":[{\"@type\":\"ListItem\",\"position\":1,\"name\":\"Home\",\"item\":\"https:\/\/tecplan.com.es\/\"},{\"@type\":\"ListItem\",\"position\":2,\"name\":\"Shop\",\"item\":\"https:\/\/tecplan.com.es\/shop\/\"},{\"@type\":\"ListItem\",\"position\":3,\"name\":\"INMARSAT TARJETA PREPAGADA\"}]},{\"@type\":\"WebSite\",\"@id\":\"https:\/\/tecplan.com.es\/#website\",\"url\":\"https:\/\/tecplan.com.es\/\",\"name\":\"Tecplan\",\"description\":\"\",\"potentialAction\":[{\"@type\":\"SearchAction\",\"target\":{\"@type\":\"EntryPoint\",\"urlTemplate\":\"https:\/\/tecplan.com.es\/?s={search_term_string}\"},\"query-input\":{\"@type\":\"PropertyValueSpecification\",\"valueRequired\":true,\"valueName\":\"search_term_string\"}}],\"inLanguage\":\"en-US\"}]}<\/script>\n<!-- \/ Yoast SEO plugin. -->","yoast_head_json":{"title":"INMARSAT TARJETA PREPAGADA - Tecplan","robots":{"index":"index","follow":"follow","max-snippet":"max-snippet:-1","max-image-preview":"max-image-preview:large","max-video-preview":"max-video-preview:-1"},"canonical":"https:\/\/tecplan.com.es\/en\/product\/inmarsat-tarjeta-prepagada\/","og_locale":"en_US","og_type":"article","og_title":"INMARSAT TARJETA PREPAGADA - Tecplan","og_description":"Tarjeta SIM prepago y pospago. Funciona con los tel\u00e9fonos Inmarsat IsatPhone e IsatPhone 2. Tel\u00e9fono no incluido. SIM NO funciona con tel\u00e9fonos Iridium, GlobalStar o Thuraya.","og_url":"https:\/\/tecplan.com.es\/en\/product\/inmarsat-tarjeta-prepagada\/","og_site_name":"Tecplan","article_modified_time":"2025-10-13T14:41:51+00:00","og_image":[{"width":1667,"height":1667,"url":"https:\/\/tecplan.com.es\/wp-content\/uploads\/2025\/10\/INMARSAT-ISATPHONE.jpg","type":"image\/jpeg"}],"twitter_card":"summary_large_image","twitter_misc":{"Est. reading time":"1 minute"},"schema":{"@context":"https:\/\/schema.org","@graph":[{"@type":"WebPage","@id":"https:\/\/tecplan.com.es\/product\/inmarsat-tarjeta-prepagada\/","url":"https:\/\/tecplan.com.es\/product\/inmarsat-tarjeta-prepagada\/","name":"INMARSAT TARJETA PREPAGADA - Tecplan","isPartOf":{"@id":"https:\/\/tecplan.com.es\/#website"},"primaryImageOfPage":{"@id":"https:\/\/tecplan.com.es\/product\/inmarsat-tarjeta-prepagada\/#primaryimage"},"image":{"@id":"https:\/\/tecplan.com.es\/product\/inmarsat-tarjeta-prepagada\/#primaryimage"},"thumbnailUrl":"https:\/\/tecplan.com.es\/wp-content\/uploads\/2025\/10\/INMARSAT-ISATPHONE.jpg","datePublished":"2025-10-10T22:05:12+00:00","dateModified":"2025-10-13T14:41:51+00:00","breadcrumb":{"@id":"https:\/\/tecplan.com.es\/product\/inmarsat-tarjeta-prepagada\/#breadcrumb"},"inLanguage":"en-US","potentialAction":[{"@type":"ReadAction","target":["https:\/\/tecplan.com.es\/product\/inmarsat-tarjeta-prepagada\/"]}]},{"@type":"ImageObject","inLanguage":"en-US","@id":"https:\/\/tecplan.com.es\/product\/inmarsat-tarjeta-prepagada\/#primaryimage","url":"https:\/\/tecplan.com.es\/wp-content\/uploads\/2025\/10\/INMARSAT-ISATPHONE.jpg","contentUrl":"https:\/\/tecplan.com.es\/wp-content\/uploads\/2025\/10\/INMARSAT-ISATPHONE.jpg","width":1667,"height":1667},{"@type":"BreadcrumbList","@id":"https:\/\/tecplan.com.es\/product\/inmarsat-tarjeta-prepagada\/#breadcrumb","itemListElement":[{"@type":"ListItem","position":1,"name":"Home","item":"https:\/\/tecplan.com.es\/"},{"@type":"ListItem","position":2,"name":"Shop","item":"https:\/\/tecplan.com.es\/shop\/"},{"@type":"ListItem","position":3,"name":"INMARSAT TARJETA PREPAGADA"}]},{"@type":"WebSite","@id":"https:\/\/tecplan.com.es\/#website","url":"https:\/\/tecplan.com.es\/","name":"Tecplan","description":"","potentialAction":[{"@type":"SearchAction","target":{"@type":"EntryPoint","urlTemplate":"https:\/\/tecplan.com.es\/?s={search_term_string}"},"query-input":{"@type":"PropertyValueSpecification","valueRequired":true,"valueName":"search_term_string"}}],"inLanguage":"en-US"}]}},"_links":{"self":[{"href":"https:\/\/tecplan.com.es\/en\/wp-json\/wp\/v2\/product\/3867","targetHints":{"allow":["GET"]}}],"collection":[{"href":"https:\/\/tecplan.com.es\/en\/wp-json\/wp\/v2\/product"}],"about":[{"href":"https:\/\/tecplan.com.es\/en\/wp-json\/wp\/v2\/types\/product"}],"replies":[{"embeddable":true,"href":"https:\/\/tecplan.com.es\/en\/wp-json\/wp\/v2\/comments?post=3867"}],"version-history":[{"count":2,"href":"https:\/\/tecplan.com.es\/en\/wp-json\/wp\/v2\/product\/3867\/revisions"}],"predecessor-version":[{"id":3886,"href":"https:\/\/tecplan.com.es\/en\/wp-json\/wp\/v2\/product\/3867\/revisions\/3886"}],"wp:featuredmedia":[{"embeddable":true,"href":"https:\/\/tecplan.com.es\/en\/wp-json\/wp\/v2\/media\/3837"}],"wp:attachment":[{"href":"https:\/\/tecplan.com.es\/en\/wp-json\/wp\/v2\/media?parent=3867"}],"wp:term":[{"taxonomy":"product_brand","embeddable":true,"href":"https:\/\/tecplan.com.es\/en\/wp-json\/wp\/v2\/product_brand?post=3867"},{"taxonomy":"product_cat","embeddable":true,"href":"https:\/\/tecplan.com.es\/en\/wp-json\/wp\/v2\/product_cat?post=3867"},{"taxonomy":"product_tag","embeddable":true,"href":"https:\/\/tecplan.com.es\/en\/wp-json\/wp\/v2\/product_tag?post=3867"}],"curies":[{"name":"wp","href":"https:\/\/api.w.org\/{rel}","templated":true}]}}