{"id":3817,"date":"2025-10-09T23:22:51","date_gmt":"2025-10-09T23:22:51","guid":{"rendered":"https:\/\/tecplan.com.es\/product\/rockair-satellite-tracking-device\/"},"modified":"2025-10-10T17:30:33","modified_gmt":"2025-10-10T17:30:33","slug":"rockair-satellite-tracking-device","status":"publish","type":"product","link":"https:\/\/tecplan.com.es\/en\/product\/rockair-satellite-tracking-device\/","title":{"rendered":"ROCKAIR  Satellite Tracking Device"},"content":{"rendered":"<h3><strong>Dispositivo de seguimiento satelital ROCKAIR<\/strong><\/h3>\n<p style=\"text-align: justify;\">RockAIR es el dispositivo m\u00e1s completo de categor\u00eda port\u00e1til que proporciona rastreo y comunicaci\u00f3n global para aeronaves. Totalmente probado para los est\u00e1ndares DO160G, el RockAIR ofrece seguimiento aut\u00f3nomo de alta resoluci\u00f3n, mensajes bidireccionales y formularios definidos por el usuario a trav\u00e9s de redes satelitales y celulares.<\/p>\n<h5 style=\"text-align: justify;\">Las caracter\u00edsticas clave incluyen:<\/h5>\n<ul>\n<li style=\"text-align: justify;\">Seguimiento GPS global con informes personalizables en<\/li>\n<li style=\"text-align: justify;\">Mensajer\u00eda bidireccional v\u00eda Aplicaci\u00f3n Rock CONNECT en tel\u00e9fonos inteligentes Bluetooth emparejados (SM<\/li>\n<li style=\"text-align: justify;\">Alerta de emergencia con panel frontal qui<\/li>\n<li style=\"text-align: justify;\">Comunicaci\u00f3n de modo dual: Utiliza GSM cuando est\u00e1 disponible, oto\u00f1o<\/li>\n<li style=\"text-align: justify;\">Bater\u00eda de respaldo incorporada (hasta 2 semanas en espera)<\/li>\n<li style=\"text-align: justify;\">Compatibilidad con M2M\/IoT a trav\u00e9s del puerto RS-232<\/li>\n<li style=\"text-align: justify;\">Soporte de liberaci\u00f3n r\u00e1pida para equipaje de mano insta<\/li>\n<\/ul>\n<p><!--more--><\/p>\n<h5 style=\"text-align: justify;\"><span style=\"text-decoration: underline;\"><strong>DOWNLOADS<\/strong><\/span><\/h5>\n<ul style=\"text-align: justify;\">\n<li><a href=\"https:\/\/drive.google.com\/file\/d\/1FPuppuUD9qdyI7aEkATDJRSr-O_UX-bf\/view?usp=sharing\">\u2192 Technical specifications<\/a><\/li>\n<\/ul>","protected":false},"excerpt":{"rendered":"<p style=\"text-align: justify;\">El RockAIR es un Dispositivo port\u00e1til de seguimiento global y mensajer\u00eda bidireccional dise\u00f1ado principalmente para su uso en Aviones ligeros, helic\u00f3pteros y veh\u00edculos terrestres.<\/p>\n<p><img decoding=\"async\" class=\"wp-image-978 aligncenter\" role=\"img\" src=\"https:\/\/tecplan.com.es\/wp-content\/uploads\/2025\/05\/ParthersA_CS_pag.svg\" alt=\"\" width=\"138\" height=\"77\" \/><\/p>","protected":false},"featured_media":3803,"comment_status":"open","ping_status":"closed","template":"","meta":{"site-sidebar-layout":"default","site-content-layout":"","ast-site-content-layout":"default","site-content-style":"default","site-sidebar-style":"default","ast-global-header-display":"","ast-banner-title-visibility":"","ast-main-header-display":"","ast-hfb-above-header-display":"","ast-hfb-below-header-display":"","ast-hfb-mobile-header-display":"","site-post-title":"","ast-breadcrumbs-content":"","ast-featured-img":"","footer-sml-layout":"","ast-disable-related-posts":"","theme-transparent-header-meta":"default","adv-header-id-meta":"","stick-header-meta":"","header-above-stick-meta":"","header-main-stick-meta":"","header-below-stick-meta":"","astra-migrate-meta-layouts":"set","ast-page-background-enabled":"default","ast-page-background-meta":{"desktop":{"background-color":"var(--ast-global-color-5)","background-image":"","background-repeat":"repeat","background-position":"center center","background-size":"auto","background-attachment":"scroll","background-type":"","background-media":"","overlay-type":"","overlay-color":"","overlay-opacity":"","overlay-gradient":""},"tablet":{"background-color":"","background-image":"","background-repeat":"repeat","background-position":"center center","background-size":"auto","background-attachment":"scroll","background-type":"","background-media":"","overlay-type":"","overlay-color":"","overlay-opacity":"","overlay-gradient":""},"mobile":{"background-color":"","background-image":"","background-repeat":"repeat","background-position":"center center","background-size":"auto","background-attachment":"scroll","background-type":"","background-media":"","overlay-type":"","overlay-color":"","overlay-opacity":"","overlay-gradient":""}},"ast-content-background-meta":{"desktop":{"background-color":"var(--ast-global-color-4)","background-image":"","background-repeat":"repeat","background-position":"center center","background-size":"auto","background-attachment":"scroll","background-type":"","background-media":"","overlay-type":"","overlay-color":"","overlay-opacity":"","overlay-gradient":""},"tablet":{"background-color":"var(--ast-global-color-4)","background-image":"","background-repeat":"repeat","background-position":"center center","background-size":"auto","background-attachment":"scroll","background-type":"","background-media":"","overlay-type":"","overlay-color":"","overlay-opacity":"","overlay-gradient":""},"mobile":{"background-color":"var(--ast-global-color-4)","background-image":"","background-repeat":"repeat","background-position":"center center","background-size":"auto","background-attachment":"scroll","background-type":"","background-media":"","overlay-type":"","overlay-color":"","overlay-opacity":"","overlay-gradient":""}}},"product_brand":[42],"product_cat":[36,41,37],"product_tag":[199],"class_list":{"0":"post-3817","1":"product","2":"type-product","3":"status-publish","4":"has-post-thumbnail","6":"product_brand-iridium","7":"product_cat-comunicacion-satelital","8":"product_cat-docking-station","9":"product_cat-iridium","10":"product_tag-iridium","11":"desktop-align-left","12":"tablet-align-left","13":"mobile-align-left","15":"first","16":"instock","17":"shipping-taxable","18":"product-type-simple"},"yoast_head":"<!-- This site is optimized with the Yoast SEO plugin v25.3 - https:\/\/yoast.com\/wordpress\/plugins\/seo\/ -->\n<title>ROCKAIR Satellite Tracking Device - Tecplan<\/title>\n<meta name=\"robots\" content=\"index, follow, max-snippet:-1, max-image-preview:large, max-video-preview:-1\" \/>\n<link rel=\"canonical\" href=\"https:\/\/tecplan.com.es\/en\/product\/rockair-satellite-tracking-device\/\" \/>\n<meta property=\"og:locale\" content=\"en_US\" \/>\n<meta property=\"og:type\" content=\"article\" \/>\n<meta property=\"og:title\" content=\"ROCKAIR Satellite Tracking Device - Tecplan\" \/>\n<meta property=\"og:description\" content=\"El RockAIR es un Dispositivo port\u00e1til de seguimiento global y mensajer\u00eda bidireccional dise\u00f1ado principalmente para su uso en Aviones ligeros, helic\u00f3pteros y veh\u00edculos terrestres.\" \/>\n<meta property=\"og:url\" content=\"https:\/\/tecplan.com.es\/en\/product\/rockair-satellite-tracking-device\/\" \/>\n<meta property=\"og:site_name\" content=\"Tecplan\" \/>\n<meta property=\"article:modified_time\" content=\"2025-10-10T17:30:33+00:00\" \/>\n<meta property=\"og:image\" content=\"https:\/\/tecplan.com.es\/wp-content\/uploads\/2025\/10\/ROCKAIR_-1.jpg\" \/>\n\t<meta property=\"og:image:width\" content=\"1250\" \/>\n\t<meta property=\"og:image:height\" content=\"1250\" \/>\n\t<meta property=\"og:image:type\" content=\"image\/jpeg\" \/>\n<meta name=\"twitter:card\" content=\"summary_large_image\" \/>\n<meta name=\"twitter:label1\" content=\"Est. reading time\" \/>\n\t<meta name=\"twitter:data1\" content=\"1 minute\" \/>\n<script type=\"application\/ld+json\" class=\"yoast-schema-graph\">{\"@context\":\"https:\/\/schema.org\",\"@graph\":[{\"@type\":\"WebPage\",\"@id\":\"https:\/\/tecplan.com.es\/product\/rockair-satellite-tracking-device\/\",\"url\":\"https:\/\/tecplan.com.es\/product\/rockair-satellite-tracking-device\/\",\"name\":\"ROCKAIR Satellite Tracking Device - Tecplan\",\"isPartOf\":{\"@id\":\"https:\/\/tecplan.com.es\/#website\"},\"primaryImageOfPage\":{\"@id\":\"https:\/\/tecplan.com.es\/product\/rockair-satellite-tracking-device\/#primaryimage\"},\"image\":{\"@id\":\"https:\/\/tecplan.com.es\/product\/rockair-satellite-tracking-device\/#primaryimage\"},\"thumbnailUrl\":\"https:\/\/tecplan.com.es\/wp-content\/uploads\/2025\/10\/ROCKAIR_-1.jpg\",\"datePublished\":\"2025-10-09T23:22:51+00:00\",\"dateModified\":\"2025-10-10T17:30:33+00:00\",\"breadcrumb\":{\"@id\":\"https:\/\/tecplan.com.es\/product\/rockair-satellite-tracking-device\/#breadcrumb\"},\"inLanguage\":\"en-US\",\"potentialAction\":[{\"@type\":\"ReadAction\",\"target\":[\"https:\/\/tecplan.com.es\/product\/rockair-satellite-tracking-device\/\"]}]},{\"@type\":\"ImageObject\",\"inLanguage\":\"en-US\",\"@id\":\"https:\/\/tecplan.com.es\/product\/rockair-satellite-tracking-device\/#primaryimage\",\"url\":\"https:\/\/tecplan.com.es\/wp-content\/uploads\/2025\/10\/ROCKAIR_-1.jpg\",\"contentUrl\":\"https:\/\/tecplan.com.es\/wp-content\/uploads\/2025\/10\/ROCKAIR_-1.jpg\",\"width\":1250,\"height\":1250},{\"@type\":\"BreadcrumbList\",\"@id\":\"https:\/\/tecplan.com.es\/product\/rockair-satellite-tracking-device\/#breadcrumb\",\"itemListElement\":[{\"@type\":\"ListItem\",\"position\":1,\"name\":\"Home\",\"item\":\"https:\/\/tecplan.com.es\/\"},{\"@type\":\"ListItem\",\"position\":2,\"name\":\"Shop\",\"item\":\"https:\/\/tecplan.com.es\/shop\/\"},{\"@type\":\"ListItem\",\"position\":3,\"name\":\"ROCKAIR Satellite Tracking Device\"}]},{\"@type\":\"WebSite\",\"@id\":\"https:\/\/tecplan.com.es\/#website\",\"url\":\"https:\/\/tecplan.com.es\/\",\"name\":\"Tecplan\",\"description\":\"\",\"potentialAction\":[{\"@type\":\"SearchAction\",\"target\":{\"@type\":\"EntryPoint\",\"urlTemplate\":\"https:\/\/tecplan.com.es\/?s={search_term_string}\"},\"query-input\":{\"@type\":\"PropertyValueSpecification\",\"valueRequired\":true,\"valueName\":\"search_term_string\"}}],\"inLanguage\":\"en-US\"}]}<\/script>\n<!-- \/ Yoast SEO plugin. -->","yoast_head_json":{"title":"ROCKAIR Satellite Tracking Device - Tecplan","robots":{"index":"index","follow":"follow","max-snippet":"max-snippet:-1","max-image-preview":"max-image-preview:large","max-video-preview":"max-video-preview:-1"},"canonical":"https:\/\/tecplan.com.es\/en\/product\/rockair-satellite-tracking-device\/","og_locale":"en_US","og_type":"article","og_title":"ROCKAIR Satellite Tracking Device - Tecplan","og_description":"El RockAIR es un Dispositivo port\u00e1til de seguimiento global y mensajer\u00eda bidireccional dise\u00f1ado principalmente para su uso en Aviones ligeros, helic\u00f3pteros y veh\u00edculos terrestres.","og_url":"https:\/\/tecplan.com.es\/en\/product\/rockair-satellite-tracking-device\/","og_site_name":"Tecplan","article_modified_time":"2025-10-10T17:30:33+00:00","og_image":[{"width":1250,"height":1250,"url":"https:\/\/tecplan.com.es\/wp-content\/uploads\/2025\/10\/ROCKAIR_-1.jpg","type":"image\/jpeg"}],"twitter_card":"summary_large_image","twitter_misc":{"Est. reading time":"1 minute"},"schema":{"@context":"https:\/\/schema.org","@graph":[{"@type":"WebPage","@id":"https:\/\/tecplan.com.es\/product\/rockair-satellite-tracking-device\/","url":"https:\/\/tecplan.com.es\/product\/rockair-satellite-tracking-device\/","name":"ROCKAIR Satellite Tracking Device - Tecplan","isPartOf":{"@id":"https:\/\/tecplan.com.es\/#website"},"primaryImageOfPage":{"@id":"https:\/\/tecplan.com.es\/product\/rockair-satellite-tracking-device\/#primaryimage"},"image":{"@id":"https:\/\/tecplan.com.es\/product\/rockair-satellite-tracking-device\/#primaryimage"},"thumbnailUrl":"https:\/\/tecplan.com.es\/wp-content\/uploads\/2025\/10\/ROCKAIR_-1.jpg","datePublished":"2025-10-09T23:22:51+00:00","dateModified":"2025-10-10T17:30:33+00:00","breadcrumb":{"@id":"https:\/\/tecplan.com.es\/product\/rockair-satellite-tracking-device\/#breadcrumb"},"inLanguage":"en-US","potentialAction":[{"@type":"ReadAction","target":["https:\/\/tecplan.com.es\/product\/rockair-satellite-tracking-device\/"]}]},{"@type":"ImageObject","inLanguage":"en-US","@id":"https:\/\/tecplan.com.es\/product\/rockair-satellite-tracking-device\/#primaryimage","url":"https:\/\/tecplan.com.es\/wp-content\/uploads\/2025\/10\/ROCKAIR_-1.jpg","contentUrl":"https:\/\/tecplan.com.es\/wp-content\/uploads\/2025\/10\/ROCKAIR_-1.jpg","width":1250,"height":1250},{"@type":"BreadcrumbList","@id":"https:\/\/tecplan.com.es\/product\/rockair-satellite-tracking-device\/#breadcrumb","itemListElement":[{"@type":"ListItem","position":1,"name":"Home","item":"https:\/\/tecplan.com.es\/"},{"@type":"ListItem","position":2,"name":"Shop","item":"https:\/\/tecplan.com.es\/shop\/"},{"@type":"ListItem","position":3,"name":"ROCKAIR Satellite Tracking Device"}]},{"@type":"WebSite","@id":"https:\/\/tecplan.com.es\/#website","url":"https:\/\/tecplan.com.es\/","name":"Tecplan","description":"","potentialAction":[{"@type":"SearchAction","target":{"@type":"EntryPoint","urlTemplate":"https:\/\/tecplan.com.es\/?s={search_term_string}"},"query-input":{"@type":"PropertyValueSpecification","valueRequired":true,"valueName":"search_term_string"}}],"inLanguage":"en-US"}]}},"_links":{"self":[{"href":"https:\/\/tecplan.com.es\/en\/wp-json\/wp\/v2\/product\/3817","targetHints":{"allow":["GET"]}}],"collection":[{"href":"https:\/\/tecplan.com.es\/en\/wp-json\/wp\/v2\/product"}],"about":[{"href":"https:\/\/tecplan.com.es\/en\/wp-json\/wp\/v2\/types\/product"}],"replies":[{"embeddable":true,"href":"https:\/\/tecplan.com.es\/en\/wp-json\/wp\/v2\/comments?post=3817"}],"version-history":[{"count":2,"href":"https:\/\/tecplan.com.es\/en\/wp-json\/wp\/v2\/product\/3817\/revisions"}],"predecessor-version":[{"id":3832,"href":"https:\/\/tecplan.com.es\/en\/wp-json\/wp\/v2\/product\/3817\/revisions\/3832"}],"wp:featuredmedia":[{"embeddable":true,"href":"https:\/\/tecplan.com.es\/en\/wp-json\/wp\/v2\/media\/3803"}],"wp:attachment":[{"href":"https:\/\/tecplan.com.es\/en\/wp-json\/wp\/v2\/media?parent=3817"}],"wp:term":[{"taxonomy":"product_brand","embeddable":true,"href":"https:\/\/tecplan.com.es\/en\/wp-json\/wp\/v2\/product_brand?post=3817"},{"taxonomy":"product_cat","embeddable":true,"href":"https:\/\/tecplan.com.es\/en\/wp-json\/wp\/v2\/product_cat?post=3817"},{"taxonomy":"product_tag","embeddable":true,"href":"https:\/\/tecplan.com.es\/en\/wp-json\/wp\/v2\/product_tag?post=3817"}],"curies":[{"name":"wp","href":"https:\/\/api.w.org\/{rel}","templated":true}]}}