{"id":3816,"date":"2025-10-09T23:22:51","date_gmt":"2025-10-09T23:22:51","guid":{"rendered":"https:\/\/tecplan.com.es\/product\/iridium-go-exec\/"},"modified":"2025-10-10T17:39:14","modified_gmt":"2025-10-10T17:39:14","slug":"iridium-go-exec","status":"publish","type":"product","link":"https:\/\/tecplan.com.es\/en\/product\/iridium-go-exec\/","title":{"rendered":"IRIDIUM GO! EXEC"},"content":{"rendered":"<p style=\"text-align: justify;\"><strong>\u00a1IRIDIUM GO! EJECUTIVO\u00a0 <\/strong><\/p>\n<p style=\"text-align: justify;\"><strong>Dispositivo port\u00e1til de acceso inal\u00e1mbrico<\/strong><\/p>\n<p style=\"text-align: justify;\">Dispositivo de acceso inal\u00e1mbrico port\u00e1til para tel\u00e9fonos inteligentes y computadoras port\u00e1tiles. Permite la conectividad Wi-Fi para mensajes seleccionados, correo electr\u00f3nico, redes sociales, clima e Internet. Liviano con aplicaciones de navegaci\u00f3n, acceso simult\u00e1neo, dos l\u00edneas de voz de alta calidad para llamadas a todos lados.<\/p>\n<p style=\"text-align: justify;\"><strong>Llamadas de voz de alta calidad<\/strong><br \/>\n\u00a1Realiza llamadas desde tu tel\u00e9fono inteligente usando Iridium GO! aplicaci\u00f3n ejecutiva o \u00a1Directamente en el Iridium GO! ejecutar a trav\u00e9s del altavoz y micr\u00f3fono incorporados.<\/p>\n<p style=\"text-align: justify;\"><strong>Velocidades<\/strong><br \/>\nTransmisi\u00f3n de hasta 22 Kbps | Recepci\u00f3n de hasta 88 Kbps<\/p>\n<p style=\"text-align: justify;\"><strong>Tome el control del uso de sus datos<\/strong><br \/>\nUtilice el Administrador de conexi\u00f3n integrado para conectarse r\u00e1pidamente a Internet y administrar el uso del tiempo de emisi\u00f3n<\/p>\n<p style=\"text-align: justify;\"><strong>SOS<\/strong><br \/>\nReg\u00edstrese para recibir monitoreo y soporte SOS las 24 horas, los 7 d\u00edas de la semana por parte de terceros Centro Internacional de Coordinaci\u00f3n de Respuesta a Emergencias (IERCC)<\/p>\n<p style=\"text-align: justify;\"><strong>Characteristics:<\/strong><\/p>\n<ul style=\"text-align: justify;\">\n<li>Dise\u00f1o port\u00e1til con pantalla t\u00e1ctil a color<\/li>\n<li>Conectividad Wi-Fi segura<\/li>\n<li>Doble puerto USB-C, Ethernet y antena externa \/ GPS<\/li>\n<li>Operar desde ubicaci\u00f3n fija o m\u00f3vil con conectividad omnidireccional<\/li>\n<\/ul>\n<p><!--more--><\/p>\n<h5 style=\"text-align: justify;\"><span style=\"text-decoration: underline;\"><strong>DOWNLOADS<\/strong><\/span><\/h5>\n<ul style=\"text-align: justify;\">\n<li><a href=\"https:\/\/drive.google.com\/file\/d\/1-fUznwzWf2tOXjugKv9JLIikYgg9z5yz\/view?usp=sharing\">\u2192 Technical specifications<\/a><\/li>\n<\/ul>","protected":false},"excerpt":{"rendered":"<p style=\"text-align: justify;\">El Iridio \u00a1GO! exec es un punto de acceso Wi-Fi satelital compacto, resistente y port\u00e1til dise\u00f1ado para brindar conectividad global confiable para voz, mensajer\u00eda, correo electr\u00f3nico, redes sociales y navegaci\u00f3n web ligera \u2014 incluso en las ubicaciones m\u00e1s remotas de la Tierra.<\/p>\n<p><img decoding=\"async\" class=\"wp-image-978 aligncenter\" role=\"img\" src=\"https:\/\/tecplan.com.es\/wp-content\/uploads\/2025\/05\/ParthersA_CS_pag.svg\" alt=\"\" width=\"182\" height=\"102\" \/><\/p>","protected":false},"featured_media":3800,"comment_status":"open","ping_status":"closed","template":"","meta":{"site-sidebar-layout":"default","site-content-layout":"","ast-site-content-layout":"default","site-content-style":"default","site-sidebar-style":"default","ast-global-header-display":"","ast-banner-title-visibility":"","ast-main-header-display":"","ast-hfb-above-header-display":"","ast-hfb-below-header-display":"","ast-hfb-mobile-header-display":"","site-post-title":"","ast-breadcrumbs-content":"","ast-featured-img":"","footer-sml-layout":"","ast-disable-related-posts":"","theme-transparent-header-meta":"default","adv-header-id-meta":"","stick-header-meta":"","header-above-stick-meta":"","header-main-stick-meta":"","header-below-stick-meta":"","astra-migrate-meta-layouts":"set","ast-page-background-enabled":"default","ast-page-background-meta":{"desktop":{"background-color":"var(--ast-global-color-5)","background-image":"","background-repeat":"repeat","background-position":"center center","background-size":"auto","background-attachment":"scroll","background-type":"","background-media":"","overlay-type":"","overlay-color":"","overlay-opacity":"","overlay-gradient":""},"tablet":{"background-color":"","background-image":"","background-repeat":"repeat","background-position":"center center","background-size":"auto","background-attachment":"scroll","background-type":"","background-media":"","overlay-type":"","overlay-color":"","overlay-opacity":"","overlay-gradient":""},"mobile":{"background-color":"","background-image":"","background-repeat":"repeat","background-position":"center center","background-size":"auto","background-attachment":"scroll","background-type":"","background-media":"","overlay-type":"","overlay-color":"","overlay-opacity":"","overlay-gradient":""}},"ast-content-background-meta":{"desktop":{"background-color":"var(--ast-global-color-4)","background-image":"","background-repeat":"repeat","background-position":"center center","background-size":"auto","background-attachment":"scroll","background-type":"","background-media":"","overlay-type":"","overlay-color":"","overlay-opacity":"","overlay-gradient":""},"tablet":{"background-color":"var(--ast-global-color-4)","background-image":"","background-repeat":"repeat","background-position":"center center","background-size":"auto","background-attachment":"scroll","background-type":"","background-media":"","overlay-type":"","overlay-color":"","overlay-opacity":"","overlay-gradient":""},"mobile":{"background-color":"var(--ast-global-color-4)","background-image":"","background-repeat":"repeat","background-position":"center center","background-size":"auto","background-attachment":"scroll","background-type":"","background-media":"","overlay-type":"","overlay-color":"","overlay-opacity":"","overlay-gradient":""}}},"product_brand":[42],"product_cat":[36,41,37],"product_tag":[199],"class_list":{"0":"post-3816","1":"product","2":"type-product","3":"status-publish","4":"has-post-thumbnail","6":"product_brand-iridium","7":"product_cat-comunicacion-satelital","8":"product_cat-docking-station","9":"product_cat-iridium","10":"product_tag-iridium","11":"desktop-align-left","12":"tablet-align-left","13":"mobile-align-left","15":"first","16":"instock","17":"shipping-taxable","18":"product-type-simple"},"yoast_head":"<!-- This site is optimized with the Yoast SEO plugin v25.3 - https:\/\/yoast.com\/wordpress\/plugins\/seo\/ -->\n<title>IRIDIUM GO! EXEC - Tecplan<\/title>\n<meta name=\"robots\" content=\"index, follow, max-snippet:-1, max-image-preview:large, max-video-preview:-1\" \/>\n<link rel=\"canonical\" href=\"https:\/\/tecplan.com.es\/en\/product\/iridium-go-exec\/\" \/>\n<meta property=\"og:locale\" content=\"en_US\" \/>\n<meta property=\"og:type\" content=\"article\" \/>\n<meta property=\"og:title\" content=\"IRIDIUM GO! EXEC - Tecplan\" \/>\n<meta property=\"og:description\" content=\"El Iridio \u00a1GO! exec es un punto de acceso Wi-Fi satelital compacto, resistente y port\u00e1til dise\u00f1ado para brindar conectividad global confiable para voz, mensajer\u00eda, correo electr\u00f3nico, redes sociales y navegaci\u00f3n web ligera \u2014 incluso en las ubicaciones m\u00e1s remotas de la Tierra.\" \/>\n<meta property=\"og:url\" content=\"https:\/\/tecplan.com.es\/en\/product\/iridium-go-exec\/\" \/>\n<meta property=\"og:site_name\" content=\"Tecplan\" \/>\n<meta property=\"article:modified_time\" content=\"2025-10-10T17:39:14+00:00\" \/>\n<meta property=\"og:image\" content=\"https:\/\/tecplan.com.es\/wp-content\/uploads\/2025\/10\/IRIDIUM-GO-EXEC-1.jpg\" \/>\n\t<meta property=\"og:image:width\" content=\"1250\" \/>\n\t<meta property=\"og:image:height\" content=\"1250\" \/>\n\t<meta property=\"og:image:type\" content=\"image\/jpeg\" \/>\n<meta name=\"twitter:card\" content=\"summary_large_image\" \/>\n<meta name=\"twitter:label1\" content=\"Est. reading time\" \/>\n\t<meta name=\"twitter:data1\" content=\"2 minutes\" \/>\n<script type=\"application\/ld+json\" class=\"yoast-schema-graph\">{\"@context\":\"https:\/\/schema.org\",\"@graph\":[{\"@type\":\"WebPage\",\"@id\":\"https:\/\/tecplan.com.es\/product\/iridium-go-exec\/\",\"url\":\"https:\/\/tecplan.com.es\/product\/iridium-go-exec\/\",\"name\":\"IRIDIUM GO! EXEC - Tecplan\",\"isPartOf\":{\"@id\":\"https:\/\/tecplan.com.es\/#website\"},\"primaryImageOfPage\":{\"@id\":\"https:\/\/tecplan.com.es\/product\/iridium-go-exec\/#primaryimage\"},\"image\":{\"@id\":\"https:\/\/tecplan.com.es\/product\/iridium-go-exec\/#primaryimage\"},\"thumbnailUrl\":\"https:\/\/tecplan.com.es\/wp-content\/uploads\/2025\/10\/IRIDIUM-GO-EXEC-1.jpg\",\"datePublished\":\"2025-10-09T23:22:51+00:00\",\"dateModified\":\"2025-10-10T17:39:14+00:00\",\"breadcrumb\":{\"@id\":\"https:\/\/tecplan.com.es\/product\/iridium-go-exec\/#breadcrumb\"},\"inLanguage\":\"en-US\",\"potentialAction\":[{\"@type\":\"ReadAction\",\"target\":[\"https:\/\/tecplan.com.es\/product\/iridium-go-exec\/\"]}]},{\"@type\":\"ImageObject\",\"inLanguage\":\"en-US\",\"@id\":\"https:\/\/tecplan.com.es\/product\/iridium-go-exec\/#primaryimage\",\"url\":\"https:\/\/tecplan.com.es\/wp-content\/uploads\/2025\/10\/IRIDIUM-GO-EXEC-1.jpg\",\"contentUrl\":\"https:\/\/tecplan.com.es\/wp-content\/uploads\/2025\/10\/IRIDIUM-GO-EXEC-1.jpg\",\"width\":1250,\"height\":1250},{\"@type\":\"BreadcrumbList\",\"@id\":\"https:\/\/tecplan.com.es\/product\/iridium-go-exec\/#breadcrumb\",\"itemListElement\":[{\"@type\":\"ListItem\",\"position\":1,\"name\":\"Home\",\"item\":\"https:\/\/tecplan.com.es\/\"},{\"@type\":\"ListItem\",\"position\":2,\"name\":\"Shop\",\"item\":\"https:\/\/tecplan.com.es\/shop\/\"},{\"@type\":\"ListItem\",\"position\":3,\"name\":\"IRIDIUM GO! EXEC\"}]},{\"@type\":\"WebSite\",\"@id\":\"https:\/\/tecplan.com.es\/#website\",\"url\":\"https:\/\/tecplan.com.es\/\",\"name\":\"Tecplan\",\"description\":\"\",\"potentialAction\":[{\"@type\":\"SearchAction\",\"target\":{\"@type\":\"EntryPoint\",\"urlTemplate\":\"https:\/\/tecplan.com.es\/?s={search_term_string}\"},\"query-input\":{\"@type\":\"PropertyValueSpecification\",\"valueRequired\":true,\"valueName\":\"search_term_string\"}}],\"inLanguage\":\"en-US\"}]}<\/script>\n<!-- \/ Yoast SEO plugin. -->","yoast_head_json":{"title":"IRIDIUM GO! EXEC - Tecplan","robots":{"index":"index","follow":"follow","max-snippet":"max-snippet:-1","max-image-preview":"max-image-preview:large","max-video-preview":"max-video-preview:-1"},"canonical":"https:\/\/tecplan.com.es\/en\/product\/iridium-go-exec\/","og_locale":"en_US","og_type":"article","og_title":"IRIDIUM GO! EXEC - Tecplan","og_description":"El Iridio \u00a1GO! exec es un punto de acceso Wi-Fi satelital compacto, resistente y port\u00e1til dise\u00f1ado para brindar conectividad global confiable para voz, mensajer\u00eda, correo electr\u00f3nico, redes sociales y navegaci\u00f3n web ligera \u2014 incluso en las ubicaciones m\u00e1s remotas de la Tierra.","og_url":"https:\/\/tecplan.com.es\/en\/product\/iridium-go-exec\/","og_site_name":"Tecplan","article_modified_time":"2025-10-10T17:39:14+00:00","og_image":[{"width":1250,"height":1250,"url":"https:\/\/tecplan.com.es\/wp-content\/uploads\/2025\/10\/IRIDIUM-GO-EXEC-1.jpg","type":"image\/jpeg"}],"twitter_card":"summary_large_image","twitter_misc":{"Est. reading time":"2 minutes"},"schema":{"@context":"https:\/\/schema.org","@graph":[{"@type":"WebPage","@id":"https:\/\/tecplan.com.es\/product\/iridium-go-exec\/","url":"https:\/\/tecplan.com.es\/product\/iridium-go-exec\/","name":"IRIDIUM GO! EXEC - Tecplan","isPartOf":{"@id":"https:\/\/tecplan.com.es\/#website"},"primaryImageOfPage":{"@id":"https:\/\/tecplan.com.es\/product\/iridium-go-exec\/#primaryimage"},"image":{"@id":"https:\/\/tecplan.com.es\/product\/iridium-go-exec\/#primaryimage"},"thumbnailUrl":"https:\/\/tecplan.com.es\/wp-content\/uploads\/2025\/10\/IRIDIUM-GO-EXEC-1.jpg","datePublished":"2025-10-09T23:22:51+00:00","dateModified":"2025-10-10T17:39:14+00:00","breadcrumb":{"@id":"https:\/\/tecplan.com.es\/product\/iridium-go-exec\/#breadcrumb"},"inLanguage":"en-US","potentialAction":[{"@type":"ReadAction","target":["https:\/\/tecplan.com.es\/product\/iridium-go-exec\/"]}]},{"@type":"ImageObject","inLanguage":"en-US","@id":"https:\/\/tecplan.com.es\/product\/iridium-go-exec\/#primaryimage","url":"https:\/\/tecplan.com.es\/wp-content\/uploads\/2025\/10\/IRIDIUM-GO-EXEC-1.jpg","contentUrl":"https:\/\/tecplan.com.es\/wp-content\/uploads\/2025\/10\/IRIDIUM-GO-EXEC-1.jpg","width":1250,"height":1250},{"@type":"BreadcrumbList","@id":"https:\/\/tecplan.com.es\/product\/iridium-go-exec\/#breadcrumb","itemListElement":[{"@type":"ListItem","position":1,"name":"Home","item":"https:\/\/tecplan.com.es\/"},{"@type":"ListItem","position":2,"name":"Shop","item":"https:\/\/tecplan.com.es\/shop\/"},{"@type":"ListItem","position":3,"name":"IRIDIUM GO! EXEC"}]},{"@type":"WebSite","@id":"https:\/\/tecplan.com.es\/#website","url":"https:\/\/tecplan.com.es\/","name":"Tecplan","description":"","potentialAction":[{"@type":"SearchAction","target":{"@type":"EntryPoint","urlTemplate":"https:\/\/tecplan.com.es\/?s={search_term_string}"},"query-input":{"@type":"PropertyValueSpecification","valueRequired":true,"valueName":"search_term_string"}}],"inLanguage":"en-US"}]}},"_links":{"self":[{"href":"https:\/\/tecplan.com.es\/en\/wp-json\/wp\/v2\/product\/3816","targetHints":{"allow":["GET"]}}],"collection":[{"href":"https:\/\/tecplan.com.es\/en\/wp-json\/wp\/v2\/product"}],"about":[{"href":"https:\/\/tecplan.com.es\/en\/wp-json\/wp\/v2\/types\/product"}],"replies":[{"embeddable":true,"href":"https:\/\/tecplan.com.es\/en\/wp-json\/wp\/v2\/comments?post=3816"}],"version-history":[{"count":2,"href":"https:\/\/tecplan.com.es\/en\/wp-json\/wp\/v2\/product\/3816\/revisions"}],"predecessor-version":[{"id":3833,"href":"https:\/\/tecplan.com.es\/en\/wp-json\/wp\/v2\/product\/3816\/revisions\/3833"}],"wp:featuredmedia":[{"embeddable":true,"href":"https:\/\/tecplan.com.es\/en\/wp-json\/wp\/v2\/media\/3800"}],"wp:attachment":[{"href":"https:\/\/tecplan.com.es\/en\/wp-json\/wp\/v2\/media?parent=3816"}],"wp:term":[{"taxonomy":"product_brand","embeddable":true,"href":"https:\/\/tecplan.com.es\/en\/wp-json\/wp\/v2\/product_brand?post=3816"},{"taxonomy":"product_cat","embeddable":true,"href":"https:\/\/tecplan.com.es\/en\/wp-json\/wp\/v2\/product_cat?post=3816"},{"taxonomy":"product_tag","embeddable":true,"href":"https:\/\/tecplan.com.es\/en\/wp-json\/wp\/v2\/product_tag?post=3816"}],"curies":[{"name":"wp","href":"https:\/\/api.w.org\/{rel}","templated":true}]}}