{"id":3815,"date":"2025-10-09T23:22:51","date_gmt":"2025-10-09T23:22:51","guid":{"rendered":"https:\/\/tecplan.com.es\/product\/producto\/"},"modified":"2025-10-10T17:46:53","modified_gmt":"2025-10-10T17:46:53","slug":"producto","status":"publish","type":"product","link":"https:\/\/tecplan.com.es\/en\/product\/producto\/","title":{"rendered":"ICOM IC-SAT100 ICOM &amp; IRIDIUM"},"content":{"rendered":"<p style=\"text-align: justify;\"><strong>ICOM IC-SAT100 ICOM &amp; IRIDIUM<\/strong><\/p>\n<p style=\"text-align: justify;\">ICOM IC-SAT100 Push-To-Talk (PTT) utiliza la red Iridium para brindar cobertura a los usuarios en cualquier parte del mundo. Este sistema de radio bidireccional se puede utilizar como una herramienta de comunicaci\u00f3n en \u00e1reas remotas y aisladas sin infraestructura de tel\u00e9fono m\u00f3vil o red fija. Tenga en cuenta que este dispositivo requiere un plan de servicio mensual para habilitar el servicio.<\/p>\n<p style=\"text-align: justify;\">La red satelital Iridium cubre toda la Tierra, incluidos ambos polos, y puede proporcionar comunicaciones globales de \u00e1rea amplia en cualquier parte del planeta. Utilizando 66 sat\u00e9lites Iridium de \u00f3rbita terrestre baja (LEO), el IC-SAT100 proporciona comunicaci\u00f3n de baja latencia y una cobertura de red m\u00e1s amplia y confiable<\/p>\n<p style=\"text-align: justify;\">La tecla \u00abNaranja\u00bb en la parte superior de la radio es un bot\u00f3n de emergencia. Puede transmitir una llamada de emergencia a trav\u00e9s de un grupo de conversaci\u00f3n espec\u00edfico presionando<br \/>\ny manteniendo presionado el bot\u00f3n, al igual que un sistema de radio PMR\/LMR.<\/p>\n<ul>\n<li>Push-To-Talk verdaderamente global a trav\u00e9s de la red satelital Iridium\u00ae<\/li>\n<li>Compatible con el tel\u00e9fono PTT Iridium Extreme\u00ae<\/li>\n<li>Clasificaci\u00f3n IP67<\/li>\n<li>Acceso a la cartera de accesorios LMR de Icom<\/li>\n<li>Incluye paquete de bater\u00eda, clip para cintur\u00f3n, antena, cargador de escritorio y adaptador de CA<\/li>\n<\/ul>\n<h5 style=\"text-align: justify;\"><span style=\"text-decoration: underline;\"><strong>DOWNLOADS<\/strong><\/span><\/h5>\n<ul style=\"text-align: justify;\">\n<li><a href=\"https:\/\/drive.google.com\/file\/d\/1TQrhdEembq8D4cM_txQJI79qEg3cFXbX\/view?usp=sharing\">\u2192 Technical specifications<\/a><\/li>\n<\/ul>","protected":false},"excerpt":{"rendered":"<p style=\"text-align: justify;\">El ICOM IC-SAT100 es una radio port\u00e1til resistente de tipo push-to-talk (PTT) que funciona en el Red de sat\u00e9lites Iridium, proporcionando Cobertura verdaderamente global, incluidas las regiones polares.<\/p>\n<p><img decoding=\"async\" class=\"wp-image-978 aligncenter\" role=\"img\" src=\"https:\/\/tecplan.com.es\/wp-content\/uploads\/2025\/05\/ParthersA_CS_pag.svg\" alt=\"\" width=\"154\" height=\"86\" \/><\/p>","protected":false},"featured_media":3798,"comment_status":"open","ping_status":"closed","template":"","meta":{"site-sidebar-layout":"default","site-content-layout":"","ast-site-content-layout":"default","site-content-style":"default","site-sidebar-style":"default","ast-global-header-display":"","ast-banner-title-visibility":"","ast-main-header-display":"","ast-hfb-above-header-display":"","ast-hfb-below-header-display":"","ast-hfb-mobile-header-display":"","site-post-title":"","ast-breadcrumbs-content":"","ast-featured-img":"","footer-sml-layout":"","ast-disable-related-posts":"","theme-transparent-header-meta":"default","adv-header-id-meta":"","stick-header-meta":"","header-above-stick-meta":"","header-main-stick-meta":"","header-below-stick-meta":"","astra-migrate-meta-layouts":"set","ast-page-background-enabled":"default","ast-page-background-meta":{"desktop":{"background-color":"var(--ast-global-color-5)","background-image":"","background-repeat":"repeat","background-position":"center center","background-size":"auto","background-attachment":"scroll","background-type":"","background-media":"","overlay-type":"","overlay-color":"","overlay-opacity":"","overlay-gradient":""},"tablet":{"background-color":"","background-image":"","background-repeat":"repeat","background-position":"center center","background-size":"auto","background-attachment":"scroll","background-type":"","background-media":"","overlay-type":"","overlay-color":"","overlay-opacity":"","overlay-gradient":""},"mobile":{"background-color":"","background-image":"","background-repeat":"repeat","background-position":"center center","background-size":"auto","background-attachment":"scroll","background-type":"","background-media":"","overlay-type":"","overlay-color":"","overlay-opacity":"","overlay-gradient":""}},"ast-content-background-meta":{"desktop":{"background-color":"var(--ast-global-color-4)","background-image":"","background-repeat":"repeat","background-position":"center center","background-size":"auto","background-attachment":"scroll","background-type":"","background-media":"","overlay-type":"","overlay-color":"","overlay-opacity":"","overlay-gradient":""},"tablet":{"background-color":"var(--ast-global-color-4)","background-image":"","background-repeat":"repeat","background-position":"center center","background-size":"auto","background-attachment":"scroll","background-type":"","background-media":"","overlay-type":"","overlay-color":"","overlay-opacity":"","overlay-gradient":""},"mobile":{"background-color":"var(--ast-global-color-4)","background-image":"","background-repeat":"repeat","background-position":"center center","background-size":"auto","background-attachment":"scroll","background-type":"","background-media":"","overlay-type":"","overlay-color":"","overlay-opacity":"","overlay-gradient":""}}},"product_brand":[42],"product_cat":[36,41,37],"product_tag":[200],"class_list":{"0":"post-3815","1":"product","2":"type-product","3":"status-publish","4":"has-post-thumbnail","6":"product_brand-iridium","7":"product_cat-comunicacion-satelital","8":"product_cat-docking-station","9":"product_cat-iridium","10":"product_tag-inmarsat","11":"desktop-align-left","12":"tablet-align-left","13":"mobile-align-left","15":"first","16":"instock","17":"shipping-taxable","18":"product-type-simple"},"yoast_head":"<!-- This site is optimized with the Yoast SEO plugin v25.3 - https:\/\/yoast.com\/wordpress\/plugins\/seo\/ -->\n<title>ICOM IC-SAT100 ICOM &amp; IRIDIUM - Tecplan<\/title>\n<meta name=\"robots\" content=\"index, follow, max-snippet:-1, max-image-preview:large, max-video-preview:-1\" \/>\n<link rel=\"canonical\" href=\"https:\/\/tecplan.com.es\/en\/product\/producto\/\" \/>\n<meta property=\"og:locale\" content=\"en_US\" \/>\n<meta property=\"og:type\" content=\"article\" \/>\n<meta property=\"og:title\" content=\"ICOM IC-SAT100 ICOM &amp; IRIDIUM - Tecplan\" \/>\n<meta property=\"og:description\" content=\"El ICOM IC-SAT100 es una radio port\u00e1til resistente de tipo push-to-talk (PTT) que funciona en el Red de sat\u00e9lites Iridium, proporcionando Cobertura verdaderamente global, incluidas las regiones polares.\" \/>\n<meta property=\"og:url\" content=\"https:\/\/tecplan.com.es\/en\/product\/producto\/\" \/>\n<meta property=\"og:site_name\" content=\"Tecplan\" \/>\n<meta property=\"article:modified_time\" content=\"2025-10-10T17:46:53+00:00\" \/>\n<meta property=\"og:image\" content=\"https:\/\/tecplan.com.es\/wp-content\/uploads\/2025\/10\/icom_-2.webp\" \/>\n\t<meta property=\"og:image:width\" content=\"860\" \/>\n\t<meta property=\"og:image:height\" content=\"860\" \/>\n\t<meta property=\"og:image:type\" content=\"image\/webp\" \/>\n<meta name=\"twitter:card\" content=\"summary_large_image\" \/>\n<meta name=\"twitter:label1\" content=\"Est. reading time\" \/>\n\t<meta name=\"twitter:data1\" content=\"2 minutes\" \/>\n<script type=\"application\/ld+json\" class=\"yoast-schema-graph\">{\"@context\":\"https:\/\/schema.org\",\"@graph\":[{\"@type\":\"WebPage\",\"@id\":\"https:\/\/tecplan.com.es\/product\/producto\/\",\"url\":\"https:\/\/tecplan.com.es\/product\/producto\/\",\"name\":\"ICOM IC-SAT100 ICOM & IRIDIUM - Tecplan\",\"isPartOf\":{\"@id\":\"https:\/\/tecplan.com.es\/#website\"},\"primaryImageOfPage\":{\"@id\":\"https:\/\/tecplan.com.es\/product\/producto\/#primaryimage\"},\"image\":{\"@id\":\"https:\/\/tecplan.com.es\/product\/producto\/#primaryimage\"},\"thumbnailUrl\":\"https:\/\/tecplan.com.es\/wp-content\/uploads\/2025\/10\/icom_-2.webp\",\"datePublished\":\"2025-10-09T23:22:51+00:00\",\"dateModified\":\"2025-10-10T17:46:53+00:00\",\"breadcrumb\":{\"@id\":\"https:\/\/tecplan.com.es\/product\/producto\/#breadcrumb\"},\"inLanguage\":\"en-US\",\"potentialAction\":[{\"@type\":\"ReadAction\",\"target\":[\"https:\/\/tecplan.com.es\/product\/producto\/\"]}]},{\"@type\":\"ImageObject\",\"inLanguage\":\"en-US\",\"@id\":\"https:\/\/tecplan.com.es\/product\/producto\/#primaryimage\",\"url\":\"https:\/\/tecplan.com.es\/wp-content\/uploads\/2025\/10\/icom_-2.webp\",\"contentUrl\":\"https:\/\/tecplan.com.es\/wp-content\/uploads\/2025\/10\/icom_-2.webp\",\"width\":860,\"height\":860},{\"@type\":\"BreadcrumbList\",\"@id\":\"https:\/\/tecplan.com.es\/product\/producto\/#breadcrumb\",\"itemListElement\":[{\"@type\":\"ListItem\",\"position\":1,\"name\":\"Home\",\"item\":\"https:\/\/tecplan.com.es\/\"},{\"@type\":\"ListItem\",\"position\":2,\"name\":\"Shop\",\"item\":\"https:\/\/tecplan.com.es\/shop\/\"},{\"@type\":\"ListItem\",\"position\":3,\"name\":\"ICOM IC-SAT100 ICOM &#038; IRIDIUM\"}]},{\"@type\":\"WebSite\",\"@id\":\"https:\/\/tecplan.com.es\/#website\",\"url\":\"https:\/\/tecplan.com.es\/\",\"name\":\"Tecplan\",\"description\":\"\",\"potentialAction\":[{\"@type\":\"SearchAction\",\"target\":{\"@type\":\"EntryPoint\",\"urlTemplate\":\"https:\/\/tecplan.com.es\/?s={search_term_string}\"},\"query-input\":{\"@type\":\"PropertyValueSpecification\",\"valueRequired\":true,\"valueName\":\"search_term_string\"}}],\"inLanguage\":\"en-US\"}]}<\/script>\n<!-- \/ Yoast SEO plugin. -->","yoast_head_json":{"title":"ICOM IC-SAT100 ICOM & IRIDIUM - Tecplan","robots":{"index":"index","follow":"follow","max-snippet":"max-snippet:-1","max-image-preview":"max-image-preview:large","max-video-preview":"max-video-preview:-1"},"canonical":"https:\/\/tecplan.com.es\/en\/product\/producto\/","og_locale":"en_US","og_type":"article","og_title":"ICOM IC-SAT100 ICOM & IRIDIUM - Tecplan","og_description":"El ICOM IC-SAT100 es una radio port\u00e1til resistente de tipo push-to-talk (PTT) que funciona en el Red de sat\u00e9lites Iridium, proporcionando Cobertura verdaderamente global, incluidas las regiones polares.","og_url":"https:\/\/tecplan.com.es\/en\/product\/producto\/","og_site_name":"Tecplan","article_modified_time":"2025-10-10T17:46:53+00:00","og_image":[{"width":860,"height":860,"url":"https:\/\/tecplan.com.es\/wp-content\/uploads\/2025\/10\/icom_-2.webp","type":"image\/webp"}],"twitter_card":"summary_large_image","twitter_misc":{"Est. reading time":"2 minutes"},"schema":{"@context":"https:\/\/schema.org","@graph":[{"@type":"WebPage","@id":"https:\/\/tecplan.com.es\/product\/producto\/","url":"https:\/\/tecplan.com.es\/product\/producto\/","name":"ICOM IC-SAT100 ICOM & IRIDIUM - Tecplan","isPartOf":{"@id":"https:\/\/tecplan.com.es\/#website"},"primaryImageOfPage":{"@id":"https:\/\/tecplan.com.es\/product\/producto\/#primaryimage"},"image":{"@id":"https:\/\/tecplan.com.es\/product\/producto\/#primaryimage"},"thumbnailUrl":"https:\/\/tecplan.com.es\/wp-content\/uploads\/2025\/10\/icom_-2.webp","datePublished":"2025-10-09T23:22:51+00:00","dateModified":"2025-10-10T17:46:53+00:00","breadcrumb":{"@id":"https:\/\/tecplan.com.es\/product\/producto\/#breadcrumb"},"inLanguage":"en-US","potentialAction":[{"@type":"ReadAction","target":["https:\/\/tecplan.com.es\/product\/producto\/"]}]},{"@type":"ImageObject","inLanguage":"en-US","@id":"https:\/\/tecplan.com.es\/product\/producto\/#primaryimage","url":"https:\/\/tecplan.com.es\/wp-content\/uploads\/2025\/10\/icom_-2.webp","contentUrl":"https:\/\/tecplan.com.es\/wp-content\/uploads\/2025\/10\/icom_-2.webp","width":860,"height":860},{"@type":"BreadcrumbList","@id":"https:\/\/tecplan.com.es\/product\/producto\/#breadcrumb","itemListElement":[{"@type":"ListItem","position":1,"name":"Home","item":"https:\/\/tecplan.com.es\/"},{"@type":"ListItem","position":2,"name":"Shop","item":"https:\/\/tecplan.com.es\/shop\/"},{"@type":"ListItem","position":3,"name":"ICOM IC-SAT100 ICOM &#038; IRIDIUM"}]},{"@type":"WebSite","@id":"https:\/\/tecplan.com.es\/#website","url":"https:\/\/tecplan.com.es\/","name":"Tecplan","description":"","potentialAction":[{"@type":"SearchAction","target":{"@type":"EntryPoint","urlTemplate":"https:\/\/tecplan.com.es\/?s={search_term_string}"},"query-input":{"@type":"PropertyValueSpecification","valueRequired":true,"valueName":"search_term_string"}}],"inLanguage":"en-US"}]}},"_links":{"self":[{"href":"https:\/\/tecplan.com.es\/en\/wp-json\/wp\/v2\/product\/3815","targetHints":{"allow":["GET"]}}],"collection":[{"href":"https:\/\/tecplan.com.es\/en\/wp-json\/wp\/v2\/product"}],"about":[{"href":"https:\/\/tecplan.com.es\/en\/wp-json\/wp\/v2\/types\/product"}],"replies":[{"embeddable":true,"href":"https:\/\/tecplan.com.es\/en\/wp-json\/wp\/v2\/comments?post=3815"}],"version-history":[{"count":2,"href":"https:\/\/tecplan.com.es\/en\/wp-json\/wp\/v2\/product\/3815\/revisions"}],"predecessor-version":[{"id":3835,"href":"https:\/\/tecplan.com.es\/en\/wp-json\/wp\/v2\/product\/3815\/revisions\/3835"}],"wp:featuredmedia":[{"embeddable":true,"href":"https:\/\/tecplan.com.es\/en\/wp-json\/wp\/v2\/media\/3798"}],"wp:attachment":[{"href":"https:\/\/tecplan.com.es\/en\/wp-json\/wp\/v2\/media?parent=3815"}],"wp:term":[{"taxonomy":"product_brand","embeddable":true,"href":"https:\/\/tecplan.com.es\/en\/wp-json\/wp\/v2\/product_brand?post=3815"},{"taxonomy":"product_cat","embeddable":true,"href":"https:\/\/tecplan.com.es\/en\/wp-json\/wp\/v2\/product_cat?post=3815"},{"taxonomy":"product_tag","embeddable":true,"href":"https:\/\/tecplan.com.es\/en\/wp-json\/wp\/v2\/product_tag?post=3815"}],"curies":[{"name":"wp","href":"https:\/\/api.w.org\/{rel}","templated":true}]}}