{"id":3809,"date":"2025-10-09T23:22:50","date_gmt":"2025-10-09T23:22:50","guid":{"rendered":"https:\/\/tecplan.com.es\/product\/bateria-iridium-9555\/"},"modified":"2025-11-14T16:45:16","modified_gmt":"2025-11-14T16:45:16","slug":"bateria-iridium-9555","status":"publish","type":"product","link":"https:\/\/tecplan.com.es\/en\/product\/bateria-iridium-9555\/","title":{"rendered":"IRIDIUM BATTERY 9555"},"content":{"rendered":"<p style=\"text-align: justify;\"><strong>BATER\u00cdA RECARGABLE 9555 (BAT21601)<\/strong><\/p>\n<p style=\"text-align: justify;\">La Bater\u00eda de Iones de Litio Iridium 9555 es recargable y ofrece hasta 30 horas de tiempo de espera y 4 horas de tiempo de conversaci\u00f3n. Funciona con el nuevo tel\u00e9fono satelital Iridium 9555. La bateria es de 3.7V y 2200 MAh. Para instalar una bater\u00eda como reemplazo , retire la bater\u00eda actual levantando el pestillo superior y tire la bater\u00eda hacia arriba.<\/p>","protected":false},"excerpt":{"rendered":"<p style=\"text-align: justify;\">La Bater\u00eda Iridium 9555 recargable y ofrece hasta 30 horas de carga.<\/p>\n<p><img decoding=\"async\" class=\"wp-image-978 aligncenter\" role=\"img\" src=\"https:\/\/tecplan.com.es\/wp-content\/uploads\/2025\/05\/ParthersA_CS_pag.svg\" alt=\"\" width=\"140\" height=\"109\" \/><\/p>","protected":false},"featured_media":3790,"comment_status":"open","ping_status":"closed","template":"","meta":{"site-sidebar-layout":"default","site-content-layout":"","ast-site-content-layout":"default","site-content-style":"default","site-sidebar-style":"default","ast-global-header-display":"","ast-banner-title-visibility":"","ast-main-header-display":"","ast-hfb-above-header-display":"","ast-hfb-below-header-display":"","ast-hfb-mobile-header-display":"","site-post-title":"","ast-breadcrumbs-content":"","ast-featured-img":"","footer-sml-layout":"","ast-disable-related-posts":"","theme-transparent-header-meta":"default","adv-header-id-meta":"","stick-header-meta":"","header-above-stick-meta":"","header-main-stick-meta":"","header-below-stick-meta":"","astra-migrate-meta-layouts":"set","ast-page-background-enabled":"default","ast-page-background-meta":{"desktop":{"background-color":"var(--ast-global-color-5)","background-image":"","background-repeat":"repeat","background-position":"center center","background-size":"auto","background-attachment":"scroll","background-type":"","background-media":"","overlay-type":"","overlay-color":"","overlay-opacity":"","overlay-gradient":""},"tablet":{"background-color":"","background-image":"","background-repeat":"repeat","background-position":"center center","background-size":"auto","background-attachment":"scroll","background-type":"","background-media":"","overlay-type":"","overlay-color":"","overlay-opacity":"","overlay-gradient":""},"mobile":{"background-color":"","background-image":"","background-repeat":"repeat","background-position":"center center","background-size":"auto","background-attachment":"scroll","background-type":"","background-media":"","overlay-type":"","overlay-color":"","overlay-opacity":"","overlay-gradient":""}},"ast-content-background-meta":{"desktop":{"background-color":"var(--ast-global-color-4)","background-image":"","background-repeat":"repeat","background-position":"center center","background-size":"auto","background-attachment":"scroll","background-type":"","background-media":"","overlay-type":"","overlay-color":"","overlay-opacity":"","overlay-gradient":""},"tablet":{"background-color":"var(--ast-global-color-4)","background-image":"","background-repeat":"repeat","background-position":"center center","background-size":"auto","background-attachment":"scroll","background-type":"","background-media":"","overlay-type":"","overlay-color":"","overlay-opacity":"","overlay-gradient":""},"mobile":{"background-color":"var(--ast-global-color-4)","background-image":"","background-repeat":"repeat","background-position":"center center","background-size":"auto","background-attachment":"scroll","background-type":"","background-media":"","overlay-type":"","overlay-color":"","overlay-opacity":"","overlay-gradient":""}}},"product_brand":[42],"product_cat":[36,43,58],"product_tag":[199],"class_list":{"0":"post-3809","1":"product","2":"type-product","3":"status-publish","4":"has-post-thumbnail","6":"product_brand-iridium","7":"product_cat-comunicacion-satelital","8":"product_cat-inmarsat","9":"product_cat-telefonos-satelitales-inmarsat","10":"product_tag-iridium","11":"desktop-align-left","12":"tablet-align-left","13":"mobile-align-left","15":"first","16":"instock","17":"shipping-taxable","18":"product-type-simple"},"yoast_head":"<!-- This site is optimized with the Yoast SEO plugin v25.3 - https:\/\/yoast.com\/wordpress\/plugins\/seo\/ -->\n<title>BATER\u00cdA IRIDIUM 9555 - Tecplan<\/title>\n<meta name=\"robots\" content=\"index, follow, max-snippet:-1, max-image-preview:large, max-video-preview:-1\" \/>\n<link rel=\"canonical\" href=\"https:\/\/tecplan.com.es\/en\/product\/bateria-iridium-9555\/\" \/>\n<meta property=\"og:locale\" content=\"en_US\" \/>\n<meta property=\"og:type\" content=\"article\" \/>\n<meta property=\"og:title\" content=\"BATER\u00cdA IRIDIUM 9555 - Tecplan\" \/>\n<meta property=\"og:description\" content=\"La Bater\u00eda Iridium 9555 recargable y ofrece hasta 30 horas de carga.\" \/>\n<meta property=\"og:url\" content=\"https:\/\/tecplan.com.es\/en\/product\/bateria-iridium-9555\/\" \/>\n<meta property=\"og:site_name\" content=\"Tecplan\" \/>\n<meta property=\"article:modified_time\" content=\"2025-11-14T16:45:16+00:00\" \/>\n<meta property=\"og:image\" content=\"https:\/\/tecplan.com.es\/wp-content\/uploads\/2025\/10\/iridium-BAT21601.webp\" \/>\n\t<meta property=\"og:image:width\" content=\"800\" \/>\n\t<meta property=\"og:image:height\" content=\"600\" \/>\n\t<meta property=\"og:image:type\" content=\"image\/webp\" \/>\n<meta name=\"twitter:card\" content=\"summary_large_image\" \/>\n<meta name=\"twitter:label1\" content=\"Est. reading time\" \/>\n\t<meta name=\"twitter:data1\" content=\"1 minute\" \/>\n<script type=\"application\/ld+json\" class=\"yoast-schema-graph\">{\"@context\":\"https:\/\/schema.org\",\"@graph\":[{\"@type\":\"WebPage\",\"@id\":\"https:\/\/tecplan.com.es\/product\/bateria-iridium-9555\/\",\"url\":\"https:\/\/tecplan.com.es\/product\/bateria-iridium-9555\/\",\"name\":\"BATER\u00cdA IRIDIUM 9555 - Tecplan\",\"isPartOf\":{\"@id\":\"https:\/\/tecplan.com.es\/#website\"},\"primaryImageOfPage\":{\"@id\":\"https:\/\/tecplan.com.es\/product\/bateria-iridium-9555\/#primaryimage\"},\"image\":{\"@id\":\"https:\/\/tecplan.com.es\/product\/bateria-iridium-9555\/#primaryimage\"},\"thumbnailUrl\":\"https:\/\/tecplan.com.es\/wp-content\/uploads\/2025\/10\/iridium-BAT21601.webp\",\"datePublished\":\"2025-10-09T23:22:50+00:00\",\"dateModified\":\"2025-11-14T16:45:16+00:00\",\"breadcrumb\":{\"@id\":\"https:\/\/tecplan.com.es\/product\/bateria-iridium-9555\/#breadcrumb\"},\"inLanguage\":\"en-US\",\"potentialAction\":[{\"@type\":\"ReadAction\",\"target\":[\"https:\/\/tecplan.com.es\/product\/bateria-iridium-9555\/\"]}]},{\"@type\":\"ImageObject\",\"inLanguage\":\"en-US\",\"@id\":\"https:\/\/tecplan.com.es\/product\/bateria-iridium-9555\/#primaryimage\",\"url\":\"https:\/\/tecplan.com.es\/wp-content\/uploads\/2025\/10\/iridium-BAT21601.webp\",\"contentUrl\":\"https:\/\/tecplan.com.es\/wp-content\/uploads\/2025\/10\/iridium-BAT21601.webp\",\"width\":800,\"height\":600},{\"@type\":\"BreadcrumbList\",\"@id\":\"https:\/\/tecplan.com.es\/product\/bateria-iridium-9555\/#breadcrumb\",\"itemListElement\":[{\"@type\":\"ListItem\",\"position\":1,\"name\":\"Home\",\"item\":\"https:\/\/tecplan.com.es\/\"},{\"@type\":\"ListItem\",\"position\":2,\"name\":\"Shop\",\"item\":\"https:\/\/tecplan.com.es\/shop\/\"},{\"@type\":\"ListItem\",\"position\":3,\"name\":\"BATER\u00cdA IRIDIUM 9555\"}]},{\"@type\":\"WebSite\",\"@id\":\"https:\/\/tecplan.com.es\/#website\",\"url\":\"https:\/\/tecplan.com.es\/\",\"name\":\"Tecplan\",\"description\":\"\",\"potentialAction\":[{\"@type\":\"SearchAction\",\"target\":{\"@type\":\"EntryPoint\",\"urlTemplate\":\"https:\/\/tecplan.com.es\/?s={search_term_string}\"},\"query-input\":{\"@type\":\"PropertyValueSpecification\",\"valueRequired\":true,\"valueName\":\"search_term_string\"}}],\"inLanguage\":\"en-US\"}]}<\/script>\n<!-- \/ Yoast SEO plugin. -->","yoast_head_json":{"title":"BATER\u00cdA IRIDIUM 9555 - Tecplan","robots":{"index":"index","follow":"follow","max-snippet":"max-snippet:-1","max-image-preview":"max-image-preview:large","max-video-preview":"max-video-preview:-1"},"canonical":"https:\/\/tecplan.com.es\/en\/product\/bateria-iridium-9555\/","og_locale":"en_US","og_type":"article","og_title":"BATER\u00cdA IRIDIUM 9555 - Tecplan","og_description":"La Bater\u00eda Iridium 9555 recargable y ofrece hasta 30 horas de carga.","og_url":"https:\/\/tecplan.com.es\/en\/product\/bateria-iridium-9555\/","og_site_name":"Tecplan","article_modified_time":"2025-11-14T16:45:16+00:00","og_image":[{"width":800,"height":600,"url":"https:\/\/tecplan.com.es\/wp-content\/uploads\/2025\/10\/iridium-BAT21601.webp","type":"image\/webp"}],"twitter_card":"summary_large_image","twitter_misc":{"Est. reading time":"1 minute"},"schema":{"@context":"https:\/\/schema.org","@graph":[{"@type":"WebPage","@id":"https:\/\/tecplan.com.es\/product\/bateria-iridium-9555\/","url":"https:\/\/tecplan.com.es\/product\/bateria-iridium-9555\/","name":"BATER\u00cdA IRIDIUM 9555 - Tecplan","isPartOf":{"@id":"https:\/\/tecplan.com.es\/#website"},"primaryImageOfPage":{"@id":"https:\/\/tecplan.com.es\/product\/bateria-iridium-9555\/#primaryimage"},"image":{"@id":"https:\/\/tecplan.com.es\/product\/bateria-iridium-9555\/#primaryimage"},"thumbnailUrl":"https:\/\/tecplan.com.es\/wp-content\/uploads\/2025\/10\/iridium-BAT21601.webp","datePublished":"2025-10-09T23:22:50+00:00","dateModified":"2025-11-14T16:45:16+00:00","breadcrumb":{"@id":"https:\/\/tecplan.com.es\/product\/bateria-iridium-9555\/#breadcrumb"},"inLanguage":"en-US","potentialAction":[{"@type":"ReadAction","target":["https:\/\/tecplan.com.es\/product\/bateria-iridium-9555\/"]}]},{"@type":"ImageObject","inLanguage":"en-US","@id":"https:\/\/tecplan.com.es\/product\/bateria-iridium-9555\/#primaryimage","url":"https:\/\/tecplan.com.es\/wp-content\/uploads\/2025\/10\/iridium-BAT21601.webp","contentUrl":"https:\/\/tecplan.com.es\/wp-content\/uploads\/2025\/10\/iridium-BAT21601.webp","width":800,"height":600},{"@type":"BreadcrumbList","@id":"https:\/\/tecplan.com.es\/product\/bateria-iridium-9555\/#breadcrumb","itemListElement":[{"@type":"ListItem","position":1,"name":"Home","item":"https:\/\/tecplan.com.es\/"},{"@type":"ListItem","position":2,"name":"Shop","item":"https:\/\/tecplan.com.es\/shop\/"},{"@type":"ListItem","position":3,"name":"BATER\u00cdA IRIDIUM 9555"}]},{"@type":"WebSite","@id":"https:\/\/tecplan.com.es\/#website","url":"https:\/\/tecplan.com.es\/","name":"Tecplan","description":"","potentialAction":[{"@type":"SearchAction","target":{"@type":"EntryPoint","urlTemplate":"https:\/\/tecplan.com.es\/?s={search_term_string}"},"query-input":{"@type":"PropertyValueSpecification","valueRequired":true,"valueName":"search_term_string"}}],"inLanguage":"en-US"}]}},"_links":{"self":[{"href":"https:\/\/tecplan.com.es\/en\/wp-json\/wp\/v2\/product\/3809","targetHints":{"allow":["GET"]}}],"collection":[{"href":"https:\/\/tecplan.com.es\/en\/wp-json\/wp\/v2\/product"}],"about":[{"href":"https:\/\/tecplan.com.es\/en\/wp-json\/wp\/v2\/types\/product"}],"replies":[{"embeddable":true,"href":"https:\/\/tecplan.com.es\/en\/wp-json\/wp\/v2\/comments?post=3809"}],"version-history":[{"count":2,"href":"https:\/\/tecplan.com.es\/en\/wp-json\/wp\/v2\/product\/3809\/revisions"}],"predecessor-version":[{"id":3830,"href":"https:\/\/tecplan.com.es\/en\/wp-json\/wp\/v2\/product\/3809\/revisions\/3830"}],"wp:featuredmedia":[{"embeddable":true,"href":"https:\/\/tecplan.com.es\/en\/wp-json\/wp\/v2\/media\/3790"}],"wp:attachment":[{"href":"https:\/\/tecplan.com.es\/en\/wp-json\/wp\/v2\/media?parent=3809"}],"wp:term":[{"taxonomy":"product_brand","embeddable":true,"href":"https:\/\/tecplan.com.es\/en\/wp-json\/wp\/v2\/product_brand?post=3809"},{"taxonomy":"product_cat","embeddable":true,"href":"https:\/\/tecplan.com.es\/en\/wp-json\/wp\/v2\/product_cat?post=3809"},{"taxonomy":"product_tag","embeddable":true,"href":"https:\/\/tecplan.com.es\/en\/wp-json\/wp\/v2\/product_tag?post=3809"}],"curies":[{"name":"wp","href":"https:\/\/api.w.org\/{rel}","templated":true}]}}