{"id":3695,"date":"2025-10-03T22:35:07","date_gmt":"2025-10-03T22:35:07","guid":{"rendered":"https:\/\/tecplan.com.es\/product\/omni-antenna-800-2500mhz\/"},"modified":"2025-11-14T17:30:08","modified_gmt":"2025-11-14T17:30:08","slug":"omni-antenna-800-2500mhz","status":"publish","type":"product","link":"https:\/\/tecplan.com.es\/en\/product\/omni-antenna-800-2500mhz\/","title":{"rendered":"Omni Antenna 800-2500Mhz"},"content":{"rendered":"<p><strong>Omni Antenna 800-2500Mhz<\/strong><\/p>\n<p style=\"text-align: justify;\">La serie SummIT Omni Antennas est\u00e1 dise\u00f1ada para cubrir todas las frecuencias inal\u00e1mbricas de 800 a 2500 MHz. Disponible en versi\u00f3n de aluminio para brindar una mayor durabilidad, utilizado para soluciones de interior \/ exterior, uso (IP65). PIM bajo, elimina el tiempo de inactividad del sistema, proporciona una excelente calidad de llamada y reduce el n\u00famero de llamadas perdidas.<\/p>\n<ul>\n<li>Item Name: Omni Ceiling Antenna<\/li>\n<li>Model: O825DBNHS<\/li>\n<li>Frequency: 806-960,1710-2500MHz<\/li>\n<li>Power: 50W<\/li>\n<li>Gain: 2\/5 dB<\/li>\n<li>VSWR: &lt; 1.5 (PIM = -150dBc)<\/li>\n<li>Beamwidth H: 360\u00b0<\/li>\n<li>Beamwidth V: 75\u00b0<\/li>\n<li>Impedance: 50 \u03a9 , N\/F<\/li>\n<li>Size: 186X85mm<\/li>\n<li>Weight: 0.50kg<\/li>\n<li>Remark: Aluminum Plate<\/li>\n<\/ul>","protected":false},"excerpt":{"rendered":"<p style=\"text-align: justify;\">Una antena de techo omnidireccional que funciona en el rango de frecuencia de 800-2500 MHz es Dise\u00f1ado para aplicaciones de refuerzo de se\u00f1ales celulares en interiores, compatible con redes GSM 900\/1800 MHz, 2G, WCDMA, 3G y 4G\/LTE<\/p>\n<p><!--more--><\/p>\n<p><img decoding=\"async\" class=\"wp-image-1038 aligncenter\" src=\"https:\/\/tecplan.com.es\/wp-content\/uploads\/2025\/05\/summit-300x138.webp\" alt=\"\" width=\"183\" height=\"84\" srcset=\"https:\/\/tecplan.com.es\/wp-content\/uploads\/2025\/05\/summit-300x138.webp 300w, https:\/\/tecplan.com.es\/wp-content\/uploads\/2025\/05\/summit-600x275.webp 600w, https:\/\/tecplan.com.es\/wp-content\/uploads\/2025\/05\/summit-768x353.webp 768w, https:\/\/tecplan.com.es\/wp-content\/uploads\/2025\/05\/summit-18x8.webp 18w, https:\/\/tecplan.com.es\/wp-content\/uploads\/2025\/05\/summit.webp 1013w\" sizes=\"(max-width: 183px) 100vw, 183px\" \/><\/p>","protected":false},"featured_media":3676,"comment_status":"open","ping_status":"closed","template":"","meta":{"site-sidebar-layout":"default","site-content-layout":"","ast-site-content-layout":"default","site-content-style":"default","site-sidebar-style":"default","ast-global-header-display":"","ast-banner-title-visibility":"","ast-main-header-display":"","ast-hfb-above-header-display":"","ast-hfb-below-header-display":"","ast-hfb-mobile-header-display":"","site-post-title":"","ast-breadcrumbs-content":"","ast-featured-img":"","footer-sml-layout":"","ast-disable-related-posts":"","theme-transparent-header-meta":"default","adv-header-id-meta":"","stick-header-meta":"","header-above-stick-meta":"","header-main-stick-meta":"","header-below-stick-meta":"","astra-migrate-meta-layouts":"set","ast-page-background-enabled":"default","ast-page-background-meta":{"desktop":{"background-color":"var(--ast-global-color-5)","background-image":"","background-repeat":"repeat","background-position":"center center","background-size":"auto","background-attachment":"scroll","background-type":"","background-media":"","overlay-type":"","overlay-color":"","overlay-opacity":"","overlay-gradient":""},"tablet":{"background-color":"","background-image":"","background-repeat":"repeat","background-position":"center center","background-size":"auto","background-attachment":"scroll","background-type":"","background-media":"","overlay-type":"","overlay-color":"","overlay-opacity":"","overlay-gradient":""},"mobile":{"background-color":"","background-image":"","background-repeat":"repeat","background-position":"center center","background-size":"auto","background-attachment":"scroll","background-type":"","background-media":"","overlay-type":"","overlay-color":"","overlay-opacity":"","overlay-gradient":""}},"ast-content-background-meta":{"desktop":{"background-color":"var(--ast-global-color-4)","background-image":"","background-repeat":"repeat","background-position":"center center","background-size":"auto","background-attachment":"scroll","background-type":"","background-media":"","overlay-type":"","overlay-color":"","overlay-opacity":"","overlay-gradient":""},"tablet":{"background-color":"var(--ast-global-color-4)","background-image":"","background-repeat":"repeat","background-position":"center center","background-size":"auto","background-attachment":"scroll","background-type":"","background-media":"","overlay-type":"","overlay-color":"","overlay-opacity":"","overlay-gradient":""},"mobile":{"background-color":"var(--ast-global-color-4)","background-image":"","background-repeat":"repeat","background-position":"center center","background-size":"auto","background-attachment":"scroll","background-type":"","background-media":"","overlay-type":"","overlay-color":"","overlay-opacity":"","overlay-gradient":""}}},"product_brand":[234],"product_cat":[61,92,82,59,60,90],"product_tag":[207],"class_list":{"0":"post-3695","1":"product","2":"type-product","3":"status-publish","4":"has-post-thumbnail","6":"product_brand-summit","7":"product_cat-antenas","8":"product_cat-antenas-summit","9":"product_cat-cobertura-celular","10":"product_cat-radio-comunicacion","11":"product_cat-summit","12":"product_cat-summit-cobertura-celular","13":"product_tag-summit","14":"desktop-align-left","15":"tablet-align-left","16":"mobile-align-left","18":"first","19":"instock","20":"shipping-taxable","21":"product-type-simple"},"yoast_head":"<!-- This site is optimized with the Yoast SEO plugin v25.3 - https:\/\/yoast.com\/wordpress\/plugins\/seo\/ -->\n<title>Omni Antenna 800-2500Mhz - Tecplan<\/title>\n<meta name=\"robots\" content=\"index, follow, max-snippet:-1, max-image-preview:large, max-video-preview:-1\" \/>\n<link rel=\"canonical\" href=\"https:\/\/tecplan.com.es\/en\/product\/omni-antenna-800-2500mhz\/\" \/>\n<meta property=\"og:locale\" content=\"en_US\" \/>\n<meta property=\"og:type\" content=\"article\" \/>\n<meta property=\"og:title\" content=\"Omni Antenna 800-2500Mhz - Tecplan\" \/>\n<meta property=\"og:description\" content=\"Una antena de techo omnidireccional que funciona en el rango de frecuencia de 800-2500 MHz es Dise\u00f1ado para aplicaciones de refuerzo de se\u00f1ales celulares en interiores, compatible con redes GSM 900\/1800 MHz, 2G, WCDMA, 3G y 4G\/LTE\" \/>\n<meta property=\"og:url\" content=\"https:\/\/tecplan.com.es\/en\/product\/omni-antenna-800-2500mhz\/\" \/>\n<meta property=\"og:site_name\" content=\"Tecplan\" \/>\n<meta property=\"article:modified_time\" content=\"2025-11-14T17:30:08+00:00\" \/>\n<meta property=\"og:image\" content=\"https:\/\/tecplan.com.es\/wp-content\/uploads\/2025\/10\/Omni-Antenna-800-01.jpg\" \/>\n\t<meta property=\"og:image:width\" content=\"2000\" \/>\n\t<meta property=\"og:image:height\" content=\"2000\" \/>\n\t<meta property=\"og:image:type\" content=\"image\/jpeg\" \/>\n<meta name=\"twitter:card\" content=\"summary_large_image\" \/>\n<meta name=\"twitter:label1\" content=\"Est. reading time\" \/>\n\t<meta name=\"twitter:data1\" content=\"1 minute\" \/>\n<script type=\"application\/ld+json\" class=\"yoast-schema-graph\">{\"@context\":\"https:\/\/schema.org\",\"@graph\":[{\"@type\":\"WebPage\",\"@id\":\"https:\/\/tecplan.com.es\/product\/omni-antenna-800-2500mhz\/\",\"url\":\"https:\/\/tecplan.com.es\/product\/omni-antenna-800-2500mhz\/\",\"name\":\"Omni Antenna 800-2500Mhz - Tecplan\",\"isPartOf\":{\"@id\":\"https:\/\/tecplan.com.es\/#website\"},\"primaryImageOfPage\":{\"@id\":\"https:\/\/tecplan.com.es\/product\/omni-antenna-800-2500mhz\/#primaryimage\"},\"image\":{\"@id\":\"https:\/\/tecplan.com.es\/product\/omni-antenna-800-2500mhz\/#primaryimage\"},\"thumbnailUrl\":\"https:\/\/tecplan.com.es\/wp-content\/uploads\/2025\/10\/Omni-Antenna-800-01.jpg\",\"datePublished\":\"2025-10-03T22:35:07+00:00\",\"dateModified\":\"2025-11-14T17:30:08+00:00\",\"breadcrumb\":{\"@id\":\"https:\/\/tecplan.com.es\/product\/omni-antenna-800-2500mhz\/#breadcrumb\"},\"inLanguage\":\"en-US\",\"potentialAction\":[{\"@type\":\"ReadAction\",\"target\":[\"https:\/\/tecplan.com.es\/product\/omni-antenna-800-2500mhz\/\"]}]},{\"@type\":\"ImageObject\",\"inLanguage\":\"en-US\",\"@id\":\"https:\/\/tecplan.com.es\/product\/omni-antenna-800-2500mhz\/#primaryimage\",\"url\":\"https:\/\/tecplan.com.es\/wp-content\/uploads\/2025\/10\/Omni-Antenna-800-01.jpg\",\"contentUrl\":\"https:\/\/tecplan.com.es\/wp-content\/uploads\/2025\/10\/Omni-Antenna-800-01.jpg\",\"width\":2000,\"height\":2000},{\"@type\":\"BreadcrumbList\",\"@id\":\"https:\/\/tecplan.com.es\/product\/omni-antenna-800-2500mhz\/#breadcrumb\",\"itemListElement\":[{\"@type\":\"ListItem\",\"position\":1,\"name\":\"Home\",\"item\":\"https:\/\/tecplan.com.es\/\"},{\"@type\":\"ListItem\",\"position\":2,\"name\":\"Shop\",\"item\":\"https:\/\/tecplan.com.es\/shop\/\"},{\"@type\":\"ListItem\",\"position\":3,\"name\":\"Omni Antenna 800-2500Mhz\"}]},{\"@type\":\"WebSite\",\"@id\":\"https:\/\/tecplan.com.es\/#website\",\"url\":\"https:\/\/tecplan.com.es\/\",\"name\":\"Tecplan\",\"description\":\"\",\"potentialAction\":[{\"@type\":\"SearchAction\",\"target\":{\"@type\":\"EntryPoint\",\"urlTemplate\":\"https:\/\/tecplan.com.es\/?s={search_term_string}\"},\"query-input\":{\"@type\":\"PropertyValueSpecification\",\"valueRequired\":true,\"valueName\":\"search_term_string\"}}],\"inLanguage\":\"en-US\"}]}<\/script>\n<!-- \/ Yoast SEO plugin. -->","yoast_head_json":{"title":"Omni Antenna 800-2500Mhz - Tecplan","robots":{"index":"index","follow":"follow","max-snippet":"max-snippet:-1","max-image-preview":"max-image-preview:large","max-video-preview":"max-video-preview:-1"},"canonical":"https:\/\/tecplan.com.es\/en\/product\/omni-antenna-800-2500mhz\/","og_locale":"en_US","og_type":"article","og_title":"Omni Antenna 800-2500Mhz - Tecplan","og_description":"Una antena de techo omnidireccional que funciona en el rango de frecuencia de 800-2500 MHz es Dise\u00f1ado para aplicaciones de refuerzo de se\u00f1ales celulares en interiores, compatible con redes GSM 900\/1800 MHz, 2G, WCDMA, 3G y 4G\/LTE","og_url":"https:\/\/tecplan.com.es\/en\/product\/omni-antenna-800-2500mhz\/","og_site_name":"Tecplan","article_modified_time":"2025-11-14T17:30:08+00:00","og_image":[{"width":2000,"height":2000,"url":"https:\/\/tecplan.com.es\/wp-content\/uploads\/2025\/10\/Omni-Antenna-800-01.jpg","type":"image\/jpeg"}],"twitter_card":"summary_large_image","twitter_misc":{"Est. reading time":"1 minute"},"schema":{"@context":"https:\/\/schema.org","@graph":[{"@type":"WebPage","@id":"https:\/\/tecplan.com.es\/product\/omni-antenna-800-2500mhz\/","url":"https:\/\/tecplan.com.es\/product\/omni-antenna-800-2500mhz\/","name":"Omni Antenna 800-2500Mhz - Tecplan","isPartOf":{"@id":"https:\/\/tecplan.com.es\/#website"},"primaryImageOfPage":{"@id":"https:\/\/tecplan.com.es\/product\/omni-antenna-800-2500mhz\/#primaryimage"},"image":{"@id":"https:\/\/tecplan.com.es\/product\/omni-antenna-800-2500mhz\/#primaryimage"},"thumbnailUrl":"https:\/\/tecplan.com.es\/wp-content\/uploads\/2025\/10\/Omni-Antenna-800-01.jpg","datePublished":"2025-10-03T22:35:07+00:00","dateModified":"2025-11-14T17:30:08+00:00","breadcrumb":{"@id":"https:\/\/tecplan.com.es\/product\/omni-antenna-800-2500mhz\/#breadcrumb"},"inLanguage":"en-US","potentialAction":[{"@type":"ReadAction","target":["https:\/\/tecplan.com.es\/product\/omni-antenna-800-2500mhz\/"]}]},{"@type":"ImageObject","inLanguage":"en-US","@id":"https:\/\/tecplan.com.es\/product\/omni-antenna-800-2500mhz\/#primaryimage","url":"https:\/\/tecplan.com.es\/wp-content\/uploads\/2025\/10\/Omni-Antenna-800-01.jpg","contentUrl":"https:\/\/tecplan.com.es\/wp-content\/uploads\/2025\/10\/Omni-Antenna-800-01.jpg","width":2000,"height":2000},{"@type":"BreadcrumbList","@id":"https:\/\/tecplan.com.es\/product\/omni-antenna-800-2500mhz\/#breadcrumb","itemListElement":[{"@type":"ListItem","position":1,"name":"Home","item":"https:\/\/tecplan.com.es\/"},{"@type":"ListItem","position":2,"name":"Shop","item":"https:\/\/tecplan.com.es\/shop\/"},{"@type":"ListItem","position":3,"name":"Omni Antenna 800-2500Mhz"}]},{"@type":"WebSite","@id":"https:\/\/tecplan.com.es\/#website","url":"https:\/\/tecplan.com.es\/","name":"Tecplan","description":"","potentialAction":[{"@type":"SearchAction","target":{"@type":"EntryPoint","urlTemplate":"https:\/\/tecplan.com.es\/?s={search_term_string}"},"query-input":{"@type":"PropertyValueSpecification","valueRequired":true,"valueName":"search_term_string"}}],"inLanguage":"en-US"}]}},"_links":{"self":[{"href":"https:\/\/tecplan.com.es\/en\/wp-json\/wp\/v2\/product\/3695","targetHints":{"allow":["GET"]}}],"collection":[{"href":"https:\/\/tecplan.com.es\/en\/wp-json\/wp\/v2\/product"}],"about":[{"href":"https:\/\/tecplan.com.es\/en\/wp-json\/wp\/v2\/types\/product"}],"replies":[{"embeddable":true,"href":"https:\/\/tecplan.com.es\/en\/wp-json\/wp\/v2\/comments?post=3695"}],"version-history":[{"count":2,"href":"https:\/\/tecplan.com.es\/en\/wp-json\/wp\/v2\/product\/3695\/revisions"}],"predecessor-version":[{"id":3752,"href":"https:\/\/tecplan.com.es\/en\/wp-json\/wp\/v2\/product\/3695\/revisions\/3752"}],"wp:featuredmedia":[{"embeddable":true,"href":"https:\/\/tecplan.com.es\/en\/wp-json\/wp\/v2\/media\/3676"}],"wp:attachment":[{"href":"https:\/\/tecplan.com.es\/en\/wp-json\/wp\/v2\/media?parent=3695"}],"wp:term":[{"taxonomy":"product_brand","embeddable":true,"href":"https:\/\/tecplan.com.es\/en\/wp-json\/wp\/v2\/product_brand?post=3695"},{"taxonomy":"product_cat","embeddable":true,"href":"https:\/\/tecplan.com.es\/en\/wp-json\/wp\/v2\/product_cat?post=3695"},{"taxonomy":"product_tag","embeddable":true,"href":"https:\/\/tecplan.com.es\/en\/wp-json\/wp\/v2\/product_tag?post=3695"}],"curies":[{"name":"wp","href":"https:\/\/api.w.org\/{rel}","templated":true}]}}