{"id":3691,"date":"2025-10-03T22:35:06","date_gmt":"2025-10-03T22:35:06","guid":{"rendered":"https:\/\/tecplan.com.es\/product\/cable-coaxial-de-1%e2%80%b35-8\/"},"modified":"2025-10-08T20:09:06","modified_gmt":"2025-10-08T20:09:06","slug":"cable-coaxial-de-1%e2%80%b35-8","status":"publish","type":"product","link":"https:\/\/tecplan.com.es\/en\/product\/cable-coaxial-de-1%e2%80%b35-8\/","title":{"rendered":"Cable Coaxial de 1\u20335\/8"},"content":{"rendered":"<p><strong>Cable Coaxial Feeder 1\u20335\/8<\/strong><\/p>\n<p style=\"text-align: justify;\">El cable alimentador de 1-5\/8\u2033 de alta calidad incorpora tecnolog\u00eda de aislamiento de polietileno de alta espuma para minimizar la p\u00e9rdida de se\u00f1al y tiene excelentes caracter\u00edsticas el\u00e9ctricas, como bajo coeficiente de amortiguaci\u00f3n y reflexi\u00f3n.<\/p>\n<p><img fetchpriority=\"high\" decoding=\"async\" class=\"alignnone size-medium\" src=\"https:\/\/tecplan.com.es\/wp-content\/uploads\/2025\/10\/Cable-Coax-1-58-2.png\" width=\"719\" height=\"601\" \/><\/p>\n<p><!--more--><\/p>\n<h5 style=\"text-align: justify;\"><span style=\"text-decoration: underline;\"><strong>DOWNLOADS<\/strong><\/span><\/h5>\n<ul style=\"text-align: justify;\">\n<li><a href=\"https:\/\/drive.google.com\/file\/d\/1zBJF5Kp5jlOcwbmT-EQMuIa_oQCpEHqy\/view\">\u2192 Technical specifications<\/a><\/li>\n<\/ul>","protected":false},"excerpt":{"rendered":"<p style=\"text-align: justify;\">Como TECPLAN podemos ofrecerle diferentes soluciones a traves del suministro de equipos avanzados para las telecomunicaiones, garantizandole efectividad en todos sus proyectos empresariales.<\/p>\n<p><!--more--><\/p>\n<p><img decoding=\"async\" class=\"wp-image-1038 aligncenter\" src=\"https:\/\/tecplan.com.es\/wp-content\/uploads\/2025\/05\/summit-300x138.webp\" alt=\"\" width=\"193\" height=\"89\" srcset=\"https:\/\/tecplan.com.es\/wp-content\/uploads\/2025\/05\/summit-300x138.webp 300w, https:\/\/tecplan.com.es\/wp-content\/uploads\/2025\/05\/summit-600x275.webp 600w, https:\/\/tecplan.com.es\/wp-content\/uploads\/2025\/05\/summit-768x353.webp 768w, https:\/\/tecplan.com.es\/wp-content\/uploads\/2025\/05\/summit-18x8.webp 18w, https:\/\/tecplan.com.es\/wp-content\/uploads\/2025\/05\/summit.webp 1013w\" sizes=\"(max-width: 193px) 100vw, 193px\" \/><\/p>","protected":false},"featured_media":3664,"comment_status":"open","ping_status":"closed","template":"","meta":{"site-sidebar-layout":"default","site-content-layout":"","ast-site-content-layout":"default","site-content-style":"default","site-sidebar-style":"default","ast-global-header-display":"","ast-banner-title-visibility":"","ast-main-header-display":"","ast-hfb-above-header-display":"","ast-hfb-below-header-display":"","ast-hfb-mobile-header-display":"","site-post-title":"","ast-breadcrumbs-content":"","ast-featured-img":"","footer-sml-layout":"","ast-disable-related-posts":"","theme-transparent-header-meta":"default","adv-header-id-meta":"","stick-header-meta":"","header-above-stick-meta":"","header-main-stick-meta":"","header-below-stick-meta":"","astra-migrate-meta-layouts":"set","ast-page-background-enabled":"default","ast-page-background-meta":{"desktop":{"background-color":"var(--ast-global-color-5)","background-image":"","background-repeat":"repeat","background-position":"center center","background-size":"auto","background-attachment":"scroll","background-type":"","background-media":"","overlay-type":"","overlay-color":"","overlay-opacity":"","overlay-gradient":""},"tablet":{"background-color":"","background-image":"","background-repeat":"repeat","background-position":"center center","background-size":"auto","background-attachment":"scroll","background-type":"","background-media":"","overlay-type":"","overlay-color":"","overlay-opacity":"","overlay-gradient":""},"mobile":{"background-color":"","background-image":"","background-repeat":"repeat","background-position":"center center","background-size":"auto","background-attachment":"scroll","background-type":"","background-media":"","overlay-type":"","overlay-color":"","overlay-opacity":"","overlay-gradient":""}},"ast-content-background-meta":{"desktop":{"background-color":"var(--ast-global-color-4)","background-image":"","background-repeat":"repeat","background-position":"center center","background-size":"auto","background-attachment":"scroll","background-type":"","background-media":"","overlay-type":"","overlay-color":"","overlay-opacity":"","overlay-gradient":""},"tablet":{"background-color":"var(--ast-global-color-4)","background-image":"","background-repeat":"repeat","background-position":"center center","background-size":"auto","background-attachment":"scroll","background-type":"","background-media":"","overlay-type":"","overlay-color":"","overlay-opacity":"","overlay-gradient":""},"mobile":{"background-color":"var(--ast-global-color-4)","background-image":"","background-repeat":"repeat","background-position":"center center","background-size":"auto","background-attachment":"scroll","background-type":"","background-media":"","overlay-type":"","overlay-color":"","overlay-opacity":"","overlay-gradient":""}}},"product_brand":[234],"product_cat":[94,82,90],"product_tag":[207],"class_list":{"0":"post-3691","1":"product","2":"type-product","3":"status-publish","4":"has-post-thumbnail","6":"product_brand-summit","7":"product_cat-cable-coaxial-summit","8":"product_cat-cobertura-celular","9":"product_cat-summit-cobertura-celular","10":"product_tag-summit","11":"desktop-align-left","12":"tablet-align-left","13":"mobile-align-left","15":"first","16":"instock","17":"shipping-taxable","18":"product-type-simple"},"yoast_head":"<!-- This site is optimized with the Yoast SEO plugin v25.3 - https:\/\/yoast.com\/wordpress\/plugins\/seo\/ -->\n<title>Cable Coaxial de 1\u20335\/8 - Tecplan<\/title>\n<meta name=\"robots\" content=\"index, follow, max-snippet:-1, max-image-preview:large, max-video-preview:-1\" \/>\n<link rel=\"canonical\" href=\"https:\/\/tecplan.com.es\/en\/product\/cable-coaxial-de-1\u20335-8\/\" \/>\n<meta property=\"og:locale\" content=\"en_US\" \/>\n<meta property=\"og:type\" content=\"article\" \/>\n<meta property=\"og:title\" content=\"Cable Coaxial de 1\u20335\/8 - Tecplan\" \/>\n<meta property=\"og:description\" content=\"Como TECPLAN podemos ofrecerle diferentes soluciones a traves del suministro de equipos avanzados para las telecomunicaiones, garantizandole efectividad en todos sus proyectos empresariales.\" \/>\n<meta property=\"og:url\" content=\"https:\/\/tecplan.com.es\/en\/product\/cable-coaxial-de-1\u20335-8\/\" \/>\n<meta property=\"og:site_name\" content=\"Tecplan\" \/>\n<meta property=\"article:modified_time\" content=\"2025-10-08T20:09:06+00:00\" \/>\n<meta property=\"og:image\" content=\"https:\/\/tecplan.com.es\/wp-content\/uploads\/2025\/10\/Cable-Coax-1-58-1.jpg\" \/>\n\t<meta property=\"og:image:width\" content=\"600\" \/>\n\t<meta property=\"og:image:height\" content=\"562\" \/>\n\t<meta property=\"og:image:type\" content=\"image\/jpeg\" \/>\n<meta name=\"twitter:card\" content=\"summary_large_image\" \/>\n<meta name=\"twitter:label1\" content=\"Est. reading time\" \/>\n\t<meta name=\"twitter:data1\" content=\"1 minute\" \/>\n<script type=\"application\/ld+json\" class=\"yoast-schema-graph\">{\"@context\":\"https:\/\/schema.org\",\"@graph\":[{\"@type\":\"WebPage\",\"@id\":\"https:\/\/tecplan.com.es\/product\/cable-coaxial-de-1%e2%80%b35-8\/\",\"url\":\"https:\/\/tecplan.com.es\/product\/cable-coaxial-de-1%e2%80%b35-8\/\",\"name\":\"Cable Coaxial de 1\u20335\/8 - Tecplan\",\"isPartOf\":{\"@id\":\"https:\/\/tecplan.com.es\/#website\"},\"primaryImageOfPage\":{\"@id\":\"https:\/\/tecplan.com.es\/product\/cable-coaxial-de-1%e2%80%b35-8\/#primaryimage\"},\"image\":{\"@id\":\"https:\/\/tecplan.com.es\/product\/cable-coaxial-de-1%e2%80%b35-8\/#primaryimage\"},\"thumbnailUrl\":\"https:\/\/tecplan.com.es\/wp-content\/uploads\/2025\/10\/Cable-Coax-1-58-1.jpg\",\"datePublished\":\"2025-10-03T22:35:06+00:00\",\"dateModified\":\"2025-10-08T20:09:06+00:00\",\"breadcrumb\":{\"@id\":\"https:\/\/tecplan.com.es\/product\/cable-coaxial-de-1%e2%80%b35-8\/#breadcrumb\"},\"inLanguage\":\"en-US\",\"potentialAction\":[{\"@type\":\"ReadAction\",\"target\":[\"https:\/\/tecplan.com.es\/product\/cable-coaxial-de-1%e2%80%b35-8\/\"]}]},{\"@type\":\"ImageObject\",\"inLanguage\":\"en-US\",\"@id\":\"https:\/\/tecplan.com.es\/product\/cable-coaxial-de-1%e2%80%b35-8\/#primaryimage\",\"url\":\"https:\/\/tecplan.com.es\/wp-content\/uploads\/2025\/10\/Cable-Coax-1-58-1.jpg\",\"contentUrl\":\"https:\/\/tecplan.com.es\/wp-content\/uploads\/2025\/10\/Cable-Coax-1-58-1.jpg\",\"width\":600,\"height\":562},{\"@type\":\"BreadcrumbList\",\"@id\":\"https:\/\/tecplan.com.es\/product\/cable-coaxial-de-1%e2%80%b35-8\/#breadcrumb\",\"itemListElement\":[{\"@type\":\"ListItem\",\"position\":1,\"name\":\"Home\",\"item\":\"https:\/\/tecplan.com.es\/\"},{\"@type\":\"ListItem\",\"position\":2,\"name\":\"Shop\",\"item\":\"https:\/\/tecplan.com.es\/shop\/\"},{\"@type\":\"ListItem\",\"position\":3,\"name\":\"Cable Coaxial de 1\u20335\/8\"}]},{\"@type\":\"WebSite\",\"@id\":\"https:\/\/tecplan.com.es\/#website\",\"url\":\"https:\/\/tecplan.com.es\/\",\"name\":\"Tecplan\",\"description\":\"\",\"potentialAction\":[{\"@type\":\"SearchAction\",\"target\":{\"@type\":\"EntryPoint\",\"urlTemplate\":\"https:\/\/tecplan.com.es\/?s={search_term_string}\"},\"query-input\":{\"@type\":\"PropertyValueSpecification\",\"valueRequired\":true,\"valueName\":\"search_term_string\"}}],\"inLanguage\":\"en-US\"}]}<\/script>\n<!-- \/ Yoast SEO plugin. -->","yoast_head_json":{"title":"Cable Coaxial de 1\u20335\/8 - Tecplan","robots":{"index":"index","follow":"follow","max-snippet":"max-snippet:-1","max-image-preview":"max-image-preview:large","max-video-preview":"max-video-preview:-1"},"canonical":"https:\/\/tecplan.com.es\/en\/product\/cable-coaxial-de-1\u20335-8\/","og_locale":"en_US","og_type":"article","og_title":"Cable Coaxial de 1\u20335\/8 - Tecplan","og_description":"Como TECPLAN podemos ofrecerle diferentes soluciones a traves del suministro de equipos avanzados para las telecomunicaiones, garantizandole efectividad en todos sus proyectos empresariales.","og_url":"https:\/\/tecplan.com.es\/en\/product\/cable-coaxial-de-1\u20335-8\/","og_site_name":"Tecplan","article_modified_time":"2025-10-08T20:09:06+00:00","og_image":[{"width":600,"height":562,"url":"https:\/\/tecplan.com.es\/wp-content\/uploads\/2025\/10\/Cable-Coax-1-58-1.jpg","type":"image\/jpeg"}],"twitter_card":"summary_large_image","twitter_misc":{"Est. reading time":"1 minute"},"schema":{"@context":"https:\/\/schema.org","@graph":[{"@type":"WebPage","@id":"https:\/\/tecplan.com.es\/product\/cable-coaxial-de-1%e2%80%b35-8\/","url":"https:\/\/tecplan.com.es\/product\/cable-coaxial-de-1%e2%80%b35-8\/","name":"Cable Coaxial de 1\u20335\/8 - Tecplan","isPartOf":{"@id":"https:\/\/tecplan.com.es\/#website"},"primaryImageOfPage":{"@id":"https:\/\/tecplan.com.es\/product\/cable-coaxial-de-1%e2%80%b35-8\/#primaryimage"},"image":{"@id":"https:\/\/tecplan.com.es\/product\/cable-coaxial-de-1%e2%80%b35-8\/#primaryimage"},"thumbnailUrl":"https:\/\/tecplan.com.es\/wp-content\/uploads\/2025\/10\/Cable-Coax-1-58-1.jpg","datePublished":"2025-10-03T22:35:06+00:00","dateModified":"2025-10-08T20:09:06+00:00","breadcrumb":{"@id":"https:\/\/tecplan.com.es\/product\/cable-coaxial-de-1%e2%80%b35-8\/#breadcrumb"},"inLanguage":"en-US","potentialAction":[{"@type":"ReadAction","target":["https:\/\/tecplan.com.es\/product\/cable-coaxial-de-1%e2%80%b35-8\/"]}]},{"@type":"ImageObject","inLanguage":"en-US","@id":"https:\/\/tecplan.com.es\/product\/cable-coaxial-de-1%e2%80%b35-8\/#primaryimage","url":"https:\/\/tecplan.com.es\/wp-content\/uploads\/2025\/10\/Cable-Coax-1-58-1.jpg","contentUrl":"https:\/\/tecplan.com.es\/wp-content\/uploads\/2025\/10\/Cable-Coax-1-58-1.jpg","width":600,"height":562},{"@type":"BreadcrumbList","@id":"https:\/\/tecplan.com.es\/product\/cable-coaxial-de-1%e2%80%b35-8\/#breadcrumb","itemListElement":[{"@type":"ListItem","position":1,"name":"Home","item":"https:\/\/tecplan.com.es\/"},{"@type":"ListItem","position":2,"name":"Shop","item":"https:\/\/tecplan.com.es\/shop\/"},{"@type":"ListItem","position":3,"name":"Cable Coaxial de 1\u20335\/8"}]},{"@type":"WebSite","@id":"https:\/\/tecplan.com.es\/#website","url":"https:\/\/tecplan.com.es\/","name":"Tecplan","description":"","potentialAction":[{"@type":"SearchAction","target":{"@type":"EntryPoint","urlTemplate":"https:\/\/tecplan.com.es\/?s={search_term_string}"},"query-input":{"@type":"PropertyValueSpecification","valueRequired":true,"valueName":"search_term_string"}}],"inLanguage":"en-US"}]}},"_links":{"self":[{"href":"https:\/\/tecplan.com.es\/en\/wp-json\/wp\/v2\/product\/3691","targetHints":{"allow":["GET"]}}],"collection":[{"href":"https:\/\/tecplan.com.es\/en\/wp-json\/wp\/v2\/product"}],"about":[{"href":"https:\/\/tecplan.com.es\/en\/wp-json\/wp\/v2\/types\/product"}],"replies":[{"embeddable":true,"href":"https:\/\/tecplan.com.es\/en\/wp-json\/wp\/v2\/comments?post=3691"}],"version-history":[{"count":3,"href":"https:\/\/tecplan.com.es\/en\/wp-json\/wp\/v2\/product\/3691\/revisions"}],"predecessor-version":[{"id":3753,"href":"https:\/\/tecplan.com.es\/en\/wp-json\/wp\/v2\/product\/3691\/revisions\/3753"}],"wp:featuredmedia":[{"embeddable":true,"href":"https:\/\/tecplan.com.es\/en\/wp-json\/wp\/v2\/media\/3664"}],"wp:attachment":[{"href":"https:\/\/tecplan.com.es\/en\/wp-json\/wp\/v2\/media?parent=3691"}],"wp:term":[{"taxonomy":"product_brand","embeddable":true,"href":"https:\/\/tecplan.com.es\/en\/wp-json\/wp\/v2\/product_brand?post=3691"},{"taxonomy":"product_cat","embeddable":true,"href":"https:\/\/tecplan.com.es\/en\/wp-json\/wp\/v2\/product_cat?post=3691"},{"taxonomy":"product_tag","embeddable":true,"href":"https:\/\/tecplan.com.es\/en\/wp-json\/wp\/v2\/product_tag?post=3691"}],"curies":[{"name":"wp","href":"https:\/\/api.w.org\/{rel}","templated":true}]}}