{"id":3688,"date":"2025-10-03T22:35:03","date_gmt":"2025-10-03T22:35:03","guid":{"rendered":"https:\/\/tecplan.com.es\/product\/din-7-16-hembra-de-15-8\/"},"modified":"2025-10-08T20:43:24","modified_gmt":"2025-10-08T20:43:24","slug":"din-7-16-hembra-de-15-8","status":"publish","type":"product","link":"https:\/\/tecplan.com.es\/en\/product\/din-7-16-hembra-de-15-8\/","title":{"rendered":"DIN 7\/16 Hembra de 1\u201d5\/8"},"content":{"rendered":"<p style=\"text-align: justify;\"><strong>DIN 7\/16 Hembra para cable feeder de 1\u201d5\/8<\/strong><\/p>\n<p style=\"text-align: justify;\">Conector de f\u00e1cil y r\u00e1pida instalaci\u00f3n, no requiere de herramientas sofisticadas ni soldaduras utilizando s\u00f3lo herramientas b\u00e1sicas de mano.<\/p>\n<p style=\"text-align: justify;\">El conector DIN 7\/16 hembra para cable feeder de 1-5\/8&#8243; es un componente de alta frecuencia utilizado principalmente en sistemas de radiofrecuencia (RF), como redes de telecomunicaciones m\u00f3viles, antenas de transmisi\u00f3n y estaciones base. Este tipo de conector destaca por su excelente rendimiento el\u00e9ctrico, baja intermodulaci\u00f3n pasiva (PIM), alta resistencia a la intemperie y estabilidad mec\u00e1nica, lo que lo hace ideal para instalaciones exteriores exigentes.<\/p>\n<p style=\"text-align: justify;\">Est\u00e1 dise\u00f1ado para impedancia de 50 ohmios, cumple con est\u00e1ndares internacionales como IEC 60169-4, y soporta frecuencias de hasta 7.5 GHz. Ofrece una relaci\u00f3n de onda estacionaria (VSWR) muy baja (\u22641.10), lo que minimiza las p\u00e9rdidas de se\u00f1al.<\/p>\n<h5 style=\"text-align: justify;\"><span style=\"text-decoration: underline;\"><strong>DOWNLOADS<\/strong><\/span><\/h5>\n<ul style=\"text-align: justify;\">\n<li><a href=\"https:\/\/drive.google.com\/file\/d\/1ZT_k_gpSokooZZRuAB6qrpNXEQlu5k73\/view\">\u2192 Technical specifications<\/a><\/li>\n<\/ul>\n<p><img fetchpriority=\"high\" decoding=\"async\" class=\"alignnone size-medium\" src=\"https:\/\/tecplan.com.es\/wp-content\/uploads\/2025\/10\/DIN-7-16-1.webp\" width=\"834\" height=\"731\" \/><\/p>","protected":false},"excerpt":{"rendered":"<p style=\"text-align: justify;\">Conector de alta calidad con durabilidad extensa, resistente a la intemperie y corrosi\u00f3n. Proporciona mayor resistencia de contacto y baja intermodulaci\u00f3n y VSWR.<\/p>\n<p><!--more--><\/p>\n<p><img decoding=\"async\" class=\"wp-image-1038 aligncenter\" src=\"https:\/\/tecplan.com.es\/wp-content\/uploads\/2025\/05\/summit-300x138.webp\" alt=\"\" width=\"261\" height=\"120\" srcset=\"https:\/\/tecplan.com.es\/wp-content\/uploads\/2025\/05\/summit-300x138.webp 300w, https:\/\/tecplan.com.es\/wp-content\/uploads\/2025\/05\/summit-600x275.webp 600w, https:\/\/tecplan.com.es\/wp-content\/uploads\/2025\/05\/summit-768x353.webp 768w, https:\/\/tecplan.com.es\/wp-content\/uploads\/2025\/05\/summit-18x8.webp 18w, https:\/\/tecplan.com.es\/wp-content\/uploads\/2025\/05\/summit.webp 1013w\" sizes=\"(max-width: 261px) 100vw, 261px\" \/><\/p>","protected":false},"featured_media":3657,"comment_status":"open","ping_status":"closed","template":"","meta":{"site-sidebar-layout":"default","site-content-layout":"","ast-site-content-layout":"default","site-content-style":"default","site-sidebar-style":"default","ast-global-header-display":"","ast-banner-title-visibility":"","ast-main-header-display":"","ast-hfb-above-header-display":"","ast-hfb-below-header-display":"","ast-hfb-mobile-header-display":"","site-post-title":"","ast-breadcrumbs-content":"","ast-featured-img":"","footer-sml-layout":"","ast-disable-related-posts":"","theme-transparent-header-meta":"default","adv-header-id-meta":"","stick-header-meta":"","header-above-stick-meta":"","header-main-stick-meta":"","header-below-stick-meta":"","astra-migrate-meta-layouts":"set","ast-page-background-enabled":"default","ast-page-background-meta":{"desktop":{"background-color":"var(--ast-global-color-5)","background-image":"","background-repeat":"repeat","background-position":"center center","background-size":"auto","background-attachment":"scroll","background-type":"","background-media":"","overlay-type":"","overlay-color":"","overlay-opacity":"","overlay-gradient":""},"tablet":{"background-color":"","background-image":"","background-repeat":"repeat","background-position":"center center","background-size":"auto","background-attachment":"scroll","background-type":"","background-media":"","overlay-type":"","overlay-color":"","overlay-opacity":"","overlay-gradient":""},"mobile":{"background-color":"","background-image":"","background-repeat":"repeat","background-position":"center center","background-size":"auto","background-attachment":"scroll","background-type":"","background-media":"","overlay-type":"","overlay-color":"","overlay-opacity":"","overlay-gradient":""}},"ast-content-background-meta":{"desktop":{"background-color":"var(--ast-global-color-4)","background-image":"","background-repeat":"repeat","background-position":"center center","background-size":"auto","background-attachment":"scroll","background-type":"","background-media":"","overlay-type":"","overlay-color":"","overlay-opacity":"","overlay-gradient":""},"tablet":{"background-color":"var(--ast-global-color-4)","background-image":"","background-repeat":"repeat","background-position":"center center","background-size":"auto","background-attachment":"scroll","background-type":"","background-media":"","overlay-type":"","overlay-color":"","overlay-opacity":"","overlay-gradient":""},"mobile":{"background-color":"var(--ast-global-color-4)","background-image":"","background-repeat":"repeat","background-position":"center center","background-size":"auto","background-attachment":"scroll","background-type":"","background-media":"","overlay-type":"","overlay-color":"","overlay-opacity":"","overlay-gradient":""}}},"product_brand":[234],"product_cat":[93,90],"product_tag":[207],"class_list":{"0":"post-3688","1":"product","2":"type-product","3":"status-publish","4":"has-post-thumbnail","6":"product_brand-summit","7":"product_cat-conectores-summit","8":"product_cat-summit-cobertura-celular","9":"product_tag-summit","10":"desktop-align-left","11":"tablet-align-left","12":"mobile-align-left","14":"first","15":"instock","16":"shipping-taxable","17":"product-type-simple"},"yoast_head":"<!-- This site is optimized with the Yoast SEO plugin v25.3 - https:\/\/yoast.com\/wordpress\/plugins\/seo\/ -->\n<title>DIN 7\/16 Hembra de 1\u201d5\/8 - Tecplan<\/title>\n<meta name=\"robots\" content=\"index, follow, max-snippet:-1, max-image-preview:large, max-video-preview:-1\" \/>\n<link rel=\"canonical\" href=\"https:\/\/tecplan.com.es\/en\/product\/din-7-16-hembra-de-15-8\/\" \/>\n<meta property=\"og:locale\" content=\"en_US\" \/>\n<meta property=\"og:type\" content=\"article\" \/>\n<meta property=\"og:title\" content=\"DIN 7\/16 Hembra de 1\u201d5\/8 - Tecplan\" \/>\n<meta property=\"og:description\" content=\"Conector de alta calidad con durabilidad extensa, resistente a la intemperie y corrosi\u00f3n. Proporciona mayor resistencia de contacto y baja intermodulaci\u00f3n y VSWR.\" \/>\n<meta property=\"og:url\" content=\"https:\/\/tecplan.com.es\/en\/product\/din-7-16-hembra-de-15-8\/\" \/>\n<meta property=\"og:site_name\" content=\"Tecplan\" \/>\n<meta property=\"article:modified_time\" content=\"2025-10-08T20:43:24+00:00\" \/>\n<meta property=\"og:image\" content=\"https:\/\/tecplan.com.es\/wp-content\/uploads\/2025\/10\/DIN-7-16-3.jpg\" \/>\n\t<meta property=\"og:image:width\" content=\"600\" \/>\n\t<meta property=\"og:image:height\" content=\"600\" \/>\n\t<meta property=\"og:image:type\" content=\"image\/jpeg\" \/>\n<meta name=\"twitter:card\" content=\"summary_large_image\" \/>\n<meta name=\"twitter:label1\" content=\"Est. reading time\" \/>\n\t<meta name=\"twitter:data1\" content=\"2 minutes\" \/>\n<script type=\"application\/ld+json\" class=\"yoast-schema-graph\">{\"@context\":\"https:\/\/schema.org\",\"@graph\":[{\"@type\":\"WebPage\",\"@id\":\"https:\/\/tecplan.com.es\/product\/din-7-16-hembra-de-15-8\/\",\"url\":\"https:\/\/tecplan.com.es\/product\/din-7-16-hembra-de-15-8\/\",\"name\":\"DIN 7\/16 Hembra de 1\u201d5\/8 - Tecplan\",\"isPartOf\":{\"@id\":\"https:\/\/tecplan.com.es\/#website\"},\"primaryImageOfPage\":{\"@id\":\"https:\/\/tecplan.com.es\/product\/din-7-16-hembra-de-15-8\/#primaryimage\"},\"image\":{\"@id\":\"https:\/\/tecplan.com.es\/product\/din-7-16-hembra-de-15-8\/#primaryimage\"},\"thumbnailUrl\":\"https:\/\/tecplan.com.es\/wp-content\/uploads\/2025\/10\/DIN-7-16-3.jpg\",\"datePublished\":\"2025-10-03T22:35:03+00:00\",\"dateModified\":\"2025-10-08T20:43:24+00:00\",\"breadcrumb\":{\"@id\":\"https:\/\/tecplan.com.es\/product\/din-7-16-hembra-de-15-8\/#breadcrumb\"},\"inLanguage\":\"en-US\",\"potentialAction\":[{\"@type\":\"ReadAction\",\"target\":[\"https:\/\/tecplan.com.es\/product\/din-7-16-hembra-de-15-8\/\"]}]},{\"@type\":\"ImageObject\",\"inLanguage\":\"en-US\",\"@id\":\"https:\/\/tecplan.com.es\/product\/din-7-16-hembra-de-15-8\/#primaryimage\",\"url\":\"https:\/\/tecplan.com.es\/wp-content\/uploads\/2025\/10\/DIN-7-16-3.jpg\",\"contentUrl\":\"https:\/\/tecplan.com.es\/wp-content\/uploads\/2025\/10\/DIN-7-16-3.jpg\",\"width\":600,\"height\":600},{\"@type\":\"BreadcrumbList\",\"@id\":\"https:\/\/tecplan.com.es\/product\/din-7-16-hembra-de-15-8\/#breadcrumb\",\"itemListElement\":[{\"@type\":\"ListItem\",\"position\":1,\"name\":\"Home\",\"item\":\"https:\/\/tecplan.com.es\/\"},{\"@type\":\"ListItem\",\"position\":2,\"name\":\"Shop\",\"item\":\"https:\/\/tecplan.com.es\/shop\/\"},{\"@type\":\"ListItem\",\"position\":3,\"name\":\"DIN 7\/16 Hembra de 1\u201d5\/8\"}]},{\"@type\":\"WebSite\",\"@id\":\"https:\/\/tecplan.com.es\/#website\",\"url\":\"https:\/\/tecplan.com.es\/\",\"name\":\"Tecplan\",\"description\":\"\",\"potentialAction\":[{\"@type\":\"SearchAction\",\"target\":{\"@type\":\"EntryPoint\",\"urlTemplate\":\"https:\/\/tecplan.com.es\/?s={search_term_string}\"},\"query-input\":{\"@type\":\"PropertyValueSpecification\",\"valueRequired\":true,\"valueName\":\"search_term_string\"}}],\"inLanguage\":\"en-US\"}]}<\/script>\n<!-- \/ Yoast SEO plugin. -->","yoast_head_json":{"title":"DIN 7\/16 Hembra de 1\u201d5\/8 - Tecplan","robots":{"index":"index","follow":"follow","max-snippet":"max-snippet:-1","max-image-preview":"max-image-preview:large","max-video-preview":"max-video-preview:-1"},"canonical":"https:\/\/tecplan.com.es\/en\/product\/din-7-16-hembra-de-15-8\/","og_locale":"en_US","og_type":"article","og_title":"DIN 7\/16 Hembra de 1\u201d5\/8 - Tecplan","og_description":"Conector de alta calidad con durabilidad extensa, resistente a la intemperie y corrosi\u00f3n. Proporciona mayor resistencia de contacto y baja intermodulaci\u00f3n y VSWR.","og_url":"https:\/\/tecplan.com.es\/en\/product\/din-7-16-hembra-de-15-8\/","og_site_name":"Tecplan","article_modified_time":"2025-10-08T20:43:24+00:00","og_image":[{"width":600,"height":600,"url":"https:\/\/tecplan.com.es\/wp-content\/uploads\/2025\/10\/DIN-7-16-3.jpg","type":"image\/jpeg"}],"twitter_card":"summary_large_image","twitter_misc":{"Est. reading time":"2 minutes"},"schema":{"@context":"https:\/\/schema.org","@graph":[{"@type":"WebPage","@id":"https:\/\/tecplan.com.es\/product\/din-7-16-hembra-de-15-8\/","url":"https:\/\/tecplan.com.es\/product\/din-7-16-hembra-de-15-8\/","name":"DIN 7\/16 Hembra de 1\u201d5\/8 - Tecplan","isPartOf":{"@id":"https:\/\/tecplan.com.es\/#website"},"primaryImageOfPage":{"@id":"https:\/\/tecplan.com.es\/product\/din-7-16-hembra-de-15-8\/#primaryimage"},"image":{"@id":"https:\/\/tecplan.com.es\/product\/din-7-16-hembra-de-15-8\/#primaryimage"},"thumbnailUrl":"https:\/\/tecplan.com.es\/wp-content\/uploads\/2025\/10\/DIN-7-16-3.jpg","datePublished":"2025-10-03T22:35:03+00:00","dateModified":"2025-10-08T20:43:24+00:00","breadcrumb":{"@id":"https:\/\/tecplan.com.es\/product\/din-7-16-hembra-de-15-8\/#breadcrumb"},"inLanguage":"en-US","potentialAction":[{"@type":"ReadAction","target":["https:\/\/tecplan.com.es\/product\/din-7-16-hembra-de-15-8\/"]}]},{"@type":"ImageObject","inLanguage":"en-US","@id":"https:\/\/tecplan.com.es\/product\/din-7-16-hembra-de-15-8\/#primaryimage","url":"https:\/\/tecplan.com.es\/wp-content\/uploads\/2025\/10\/DIN-7-16-3.jpg","contentUrl":"https:\/\/tecplan.com.es\/wp-content\/uploads\/2025\/10\/DIN-7-16-3.jpg","width":600,"height":600},{"@type":"BreadcrumbList","@id":"https:\/\/tecplan.com.es\/product\/din-7-16-hembra-de-15-8\/#breadcrumb","itemListElement":[{"@type":"ListItem","position":1,"name":"Home","item":"https:\/\/tecplan.com.es\/"},{"@type":"ListItem","position":2,"name":"Shop","item":"https:\/\/tecplan.com.es\/shop\/"},{"@type":"ListItem","position":3,"name":"DIN 7\/16 Hembra de 1\u201d5\/8"}]},{"@type":"WebSite","@id":"https:\/\/tecplan.com.es\/#website","url":"https:\/\/tecplan.com.es\/","name":"Tecplan","description":"","potentialAction":[{"@type":"SearchAction","target":{"@type":"EntryPoint","urlTemplate":"https:\/\/tecplan.com.es\/?s={search_term_string}"},"query-input":{"@type":"PropertyValueSpecification","valueRequired":true,"valueName":"search_term_string"}}],"inLanguage":"en-US"}]}},"_links":{"self":[{"href":"https:\/\/tecplan.com.es\/en\/wp-json\/wp\/v2\/product\/3688","targetHints":{"allow":["GET"]}}],"collection":[{"href":"https:\/\/tecplan.com.es\/en\/wp-json\/wp\/v2\/product"}],"about":[{"href":"https:\/\/tecplan.com.es\/en\/wp-json\/wp\/v2\/types\/product"}],"replies":[{"embeddable":true,"href":"https:\/\/tecplan.com.es\/en\/wp-json\/wp\/v2\/comments?post=3688"}],"version-history":[{"count":2,"href":"https:\/\/tecplan.com.es\/en\/wp-json\/wp\/v2\/product\/3688\/revisions"}],"predecessor-version":[{"id":3764,"href":"https:\/\/tecplan.com.es\/en\/wp-json\/wp\/v2\/product\/3688\/revisions\/3764"}],"wp:featuredmedia":[{"embeddable":true,"href":"https:\/\/tecplan.com.es\/en\/wp-json\/wp\/v2\/media\/3657"}],"wp:attachment":[{"href":"https:\/\/tecplan.com.es\/en\/wp-json\/wp\/v2\/media?parent=3688"}],"wp:term":[{"taxonomy":"product_brand","embeddable":true,"href":"https:\/\/tecplan.com.es\/en\/wp-json\/wp\/v2\/product_brand?post=3688"},{"taxonomy":"product_cat","embeddable":true,"href":"https:\/\/tecplan.com.es\/en\/wp-json\/wp\/v2\/product_cat?post=3688"},{"taxonomy":"product_tag","embeddable":true,"href":"https:\/\/tecplan.com.es\/en\/wp-json\/wp\/v2\/product_tag?post=3688"}],"curies":[{"name":"wp","href":"https:\/\/api.w.org\/{rel}","templated":true}]}}