{"id":3679,"date":"2025-10-03T22:34:55","date_gmt":"2025-10-03T22:34:55","guid":{"rendered":"https:\/\/tecplan.com.es\/product\/clamp-fibra-optica-dc\/"},"modified":"2025-10-08T22:01:38","modified_gmt":"2025-10-08T22:01:38","slug":"clamp-fibra-optica-dc","status":"publish","type":"product","link":"https:\/\/tecplan.com.es\/en\/product\/clamp-fibra-optica-dc\/","title":{"rendered":"Clamp Fibra Optica + DC"},"content":{"rendered":"<p><strong>Clamp Fibra Optica + DC<\/strong><\/p>\n<p style=\"text-align: justify;\">La Grapa Clamp est\u00e1 dise\u00f1ada para instalar sistemas de m\u00faltiples tramos de cables en torres de telecomunicaciones, torres y postes ferroviarios y otros elementos verticales donde el espacio es limitado.<\/p>\n<p style=\"text-align: justify;\">Abrazadera de cable de alimentaci\u00f3n y fibra \u00f3ptica combinada, est\u00e1 dise\u00f1ada para sostener cables de alimentaci\u00f3n. Cada unidad de colgador tiene capacidad para un tramo de cable de 7 mm y un tramo de cable de 14 mm. El inserto de goma en el interior est\u00e1 preinstalado en la propia percha, lo que resulta m\u00e1s conveniente para que los instaladores operen durante la instalaci\u00f3n.<\/p>\n<p style=\"text-align: justify;\">Las partes met\u00e1licas de la abrazadera de cable est\u00e1n hechas de acero inoxidable y las partes de pl\u00e1stico est\u00e1n hechas de polipropileno mejorado (PP). El PP mejorado es para mejorar las propiedades de retardo de llama, resistencia al calor, resistencia a la temperatura, estabilidad dimensional y rigidez.<\/p>\n<p><!--more--><\/p>\n<h5><img fetchpriority=\"high\" decoding=\"async\" class=\"alignnone size-medium\" src=\"https:\/\/tecplan.com.es\/wp-content\/uploads\/2025\/10\/Clamp-Fibra-1.webp\" width=\"842\" height=\"706\" \/><\/h5>\n<h5 style=\"text-align: justify;\"><span style=\"text-decoration: underline;\"><strong>DOWNLOADS<\/strong><\/span><\/h5>\n<ul style=\"text-align: justify;\">\n<li><a href=\"https:\/\/drive.google.com\/file\/d\/1lDJjFokCt5kuVG59TtlXuegAf7YHyrwd\/view\">\u2192 Technical specifications<\/a><\/li>\n<\/ul>\n<p>&nbsp;<\/p>\n<p>&nbsp;<\/p>","protected":false},"excerpt":{"rendered":"<p style=\"text-align: justify;\">SummIT Double Clamp ayudar\u00e1 a instalar varios tendidos de cables en torres donde el espacio es limitado, sin adaptadores adicionales, estas abrazaderas pueden proporcionar un soporte resistente, confiable y de largo plazo a los sistemas de antenas.<\/p>\n<p><!--more--><\/p>\n<p><img decoding=\"async\" class=\"wp-image-1038 aligncenter\" src=\"https:\/\/tecplan.com.es\/wp-content\/uploads\/2025\/05\/summit-300x138.webp\" alt=\"\" width=\"200\" height=\"92\" srcset=\"https:\/\/tecplan.com.es\/wp-content\/uploads\/2025\/05\/summit-300x138.webp 300w, https:\/\/tecplan.com.es\/wp-content\/uploads\/2025\/05\/summit-600x275.webp 600w, https:\/\/tecplan.com.es\/wp-content\/uploads\/2025\/05\/summit-768x353.webp 768w, https:\/\/tecplan.com.es\/wp-content\/uploads\/2025\/05\/summit-18x8.webp 18w, https:\/\/tecplan.com.es\/wp-content\/uploads\/2025\/05\/summit.webp 1013w\" sizes=\"(max-width: 200px) 100vw, 200px\" \/><\/p>","protected":false},"featured_media":3623,"comment_status":"open","ping_status":"closed","template":"","meta":{"site-sidebar-layout":"default","site-content-layout":"","ast-site-content-layout":"default","site-content-style":"default","site-sidebar-style":"default","ast-global-header-display":"","ast-banner-title-visibility":"","ast-main-header-display":"","ast-hfb-above-header-display":"","ast-hfb-below-header-display":"","ast-hfb-mobile-header-display":"","site-post-title":"","ast-breadcrumbs-content":"","ast-featured-img":"","footer-sml-layout":"","ast-disable-related-posts":"","theme-transparent-header-meta":"default","adv-header-id-meta":"","stick-header-meta":"","header-above-stick-meta":"","header-main-stick-meta":"","header-below-stick-meta":"","astra-migrate-meta-layouts":"set","ast-page-background-enabled":"default","ast-page-background-meta":{"desktop":{"background-color":"var(--ast-global-color-5)","background-image":"","background-repeat":"repeat","background-position":"center center","background-size":"auto","background-attachment":"scroll","background-type":"","background-media":"","overlay-type":"","overlay-color":"","overlay-opacity":"","overlay-gradient":""},"tablet":{"background-color":"","background-image":"","background-repeat":"repeat","background-position":"center center","background-size":"auto","background-attachment":"scroll","background-type":"","background-media":"","overlay-type":"","overlay-color":"","overlay-opacity":"","overlay-gradient":""},"mobile":{"background-color":"","background-image":"","background-repeat":"repeat","background-position":"center center","background-size":"auto","background-attachment":"scroll","background-type":"","background-media":"","overlay-type":"","overlay-color":"","overlay-opacity":"","overlay-gradient":""}},"ast-content-background-meta":{"desktop":{"background-color":"var(--ast-global-color-4)","background-image":"","background-repeat":"repeat","background-position":"center center","background-size":"auto","background-attachment":"scroll","background-type":"","background-media":"","overlay-type":"","overlay-color":"","overlay-opacity":"","overlay-gradient":""},"tablet":{"background-color":"var(--ast-global-color-4)","background-image":"","background-repeat":"repeat","background-position":"center center","background-size":"auto","background-attachment":"scroll","background-type":"","background-media":"","overlay-type":"","overlay-color":"","overlay-opacity":"","overlay-gradient":""},"mobile":{"background-color":"var(--ast-global-color-4)","background-image":"","background-repeat":"repeat","background-position":"center center","background-size":"auto","background-attachment":"scroll","background-type":"","background-media":"","overlay-type":"","overlay-color":"","overlay-opacity":"","overlay-gradient":""}}},"product_brand":[234],"product_cat":[82,93,90],"product_tag":[207],"class_list":{"0":"post-3679","1":"product","2":"type-product","3":"status-publish","4":"has-post-thumbnail","6":"product_brand-summit","7":"product_cat-cobertura-celular","8":"product_cat-conectores-summit","9":"product_cat-summit-cobertura-celular","10":"product_tag-summit","11":"desktop-align-left","12":"tablet-align-left","13":"mobile-align-left","15":"first","16":"instock","17":"shipping-taxable","18":"product-type-simple"},"yoast_head":"<!-- This site is optimized with the Yoast SEO plugin v25.3 - https:\/\/yoast.com\/wordpress\/plugins\/seo\/ -->\n<title>Clamp Fibra Optica + DC - Tecplan<\/title>\n<meta name=\"robots\" content=\"index, follow, max-snippet:-1, max-image-preview:large, max-video-preview:-1\" \/>\n<link rel=\"canonical\" href=\"https:\/\/tecplan.com.es\/en\/product\/clamp-fibra-optica-dc\/\" \/>\n<meta property=\"og:locale\" content=\"en_US\" \/>\n<meta property=\"og:type\" content=\"article\" \/>\n<meta property=\"og:title\" content=\"Clamp Fibra Optica + DC - Tecplan\" \/>\n<meta property=\"og:description\" content=\"SummIT Double Clamp ayudar\u00e1 a instalar varios tendidos de cables en torres donde el espacio es limitado, sin adaptadores adicionales, estas abrazaderas pueden proporcionar un soporte resistente, confiable y de largo plazo a los sistemas de antenas.\" \/>\n<meta property=\"og:url\" content=\"https:\/\/tecplan.com.es\/en\/product\/clamp-fibra-optica-dc\/\" \/>\n<meta property=\"og:site_name\" content=\"Tecplan\" \/>\n<meta property=\"article:modified_time\" content=\"2025-10-08T22:01:38+00:00\" \/>\n<meta property=\"og:image\" content=\"https:\/\/tecplan.com.es\/wp-content\/uploads\/2025\/10\/Clamp-Fibra-1.jpg\" \/>\n\t<meta property=\"og:image:width\" content=\"600\" \/>\n\t<meta property=\"og:image:height\" content=\"600\" \/>\n\t<meta property=\"og:image:type\" content=\"image\/jpeg\" \/>\n<meta name=\"twitter:card\" content=\"summary_large_image\" \/>\n<meta name=\"twitter:label1\" content=\"Est. reading time\" \/>\n\t<meta name=\"twitter:data1\" content=\"2 minutes\" \/>\n<script type=\"application\/ld+json\" class=\"yoast-schema-graph\">{\"@context\":\"https:\/\/schema.org\",\"@graph\":[{\"@type\":\"WebPage\",\"@id\":\"https:\/\/tecplan.com.es\/product\/clamp-fibra-optica-dc\/\",\"url\":\"https:\/\/tecplan.com.es\/product\/clamp-fibra-optica-dc\/\",\"name\":\"Clamp Fibra Optica + DC - Tecplan\",\"isPartOf\":{\"@id\":\"https:\/\/tecplan.com.es\/#website\"},\"primaryImageOfPage\":{\"@id\":\"https:\/\/tecplan.com.es\/product\/clamp-fibra-optica-dc\/#primaryimage\"},\"image\":{\"@id\":\"https:\/\/tecplan.com.es\/product\/clamp-fibra-optica-dc\/#primaryimage\"},\"thumbnailUrl\":\"https:\/\/tecplan.com.es\/wp-content\/uploads\/2025\/10\/Clamp-Fibra-1.jpg\",\"datePublished\":\"2025-10-03T22:34:55+00:00\",\"dateModified\":\"2025-10-08T22:01:38+00:00\",\"breadcrumb\":{\"@id\":\"https:\/\/tecplan.com.es\/product\/clamp-fibra-optica-dc\/#breadcrumb\"},\"inLanguage\":\"en-US\",\"potentialAction\":[{\"@type\":\"ReadAction\",\"target\":[\"https:\/\/tecplan.com.es\/product\/clamp-fibra-optica-dc\/\"]}]},{\"@type\":\"ImageObject\",\"inLanguage\":\"en-US\",\"@id\":\"https:\/\/tecplan.com.es\/product\/clamp-fibra-optica-dc\/#primaryimage\",\"url\":\"https:\/\/tecplan.com.es\/wp-content\/uploads\/2025\/10\/Clamp-Fibra-1.jpg\",\"contentUrl\":\"https:\/\/tecplan.com.es\/wp-content\/uploads\/2025\/10\/Clamp-Fibra-1.jpg\",\"width\":600,\"height\":600},{\"@type\":\"BreadcrumbList\",\"@id\":\"https:\/\/tecplan.com.es\/product\/clamp-fibra-optica-dc\/#breadcrumb\",\"itemListElement\":[{\"@type\":\"ListItem\",\"position\":1,\"name\":\"Home\",\"item\":\"https:\/\/tecplan.com.es\/\"},{\"@type\":\"ListItem\",\"position\":2,\"name\":\"Shop\",\"item\":\"https:\/\/tecplan.com.es\/shop\/\"},{\"@type\":\"ListItem\",\"position\":3,\"name\":\"Clamp Fibra Optica + DC\"}]},{\"@type\":\"WebSite\",\"@id\":\"https:\/\/tecplan.com.es\/#website\",\"url\":\"https:\/\/tecplan.com.es\/\",\"name\":\"Tecplan\",\"description\":\"\",\"potentialAction\":[{\"@type\":\"SearchAction\",\"target\":{\"@type\":\"EntryPoint\",\"urlTemplate\":\"https:\/\/tecplan.com.es\/?s={search_term_string}\"},\"query-input\":{\"@type\":\"PropertyValueSpecification\",\"valueRequired\":true,\"valueName\":\"search_term_string\"}}],\"inLanguage\":\"en-US\"}]}<\/script>\n<!-- \/ Yoast SEO plugin. -->","yoast_head_json":{"title":"Clamp Fibra Optica + DC - Tecplan","robots":{"index":"index","follow":"follow","max-snippet":"max-snippet:-1","max-image-preview":"max-image-preview:large","max-video-preview":"max-video-preview:-1"},"canonical":"https:\/\/tecplan.com.es\/en\/product\/clamp-fibra-optica-dc\/","og_locale":"en_US","og_type":"article","og_title":"Clamp Fibra Optica + DC - Tecplan","og_description":"SummIT Double Clamp ayudar\u00e1 a instalar varios tendidos de cables en torres donde el espacio es limitado, sin adaptadores adicionales, estas abrazaderas pueden proporcionar un soporte resistente, confiable y de largo plazo a los sistemas de antenas.","og_url":"https:\/\/tecplan.com.es\/en\/product\/clamp-fibra-optica-dc\/","og_site_name":"Tecplan","article_modified_time":"2025-10-08T22:01:38+00:00","og_image":[{"width":600,"height":600,"url":"https:\/\/tecplan.com.es\/wp-content\/uploads\/2025\/10\/Clamp-Fibra-1.jpg","type":"image\/jpeg"}],"twitter_card":"summary_large_image","twitter_misc":{"Est. reading time":"2 minutes"},"schema":{"@context":"https:\/\/schema.org","@graph":[{"@type":"WebPage","@id":"https:\/\/tecplan.com.es\/product\/clamp-fibra-optica-dc\/","url":"https:\/\/tecplan.com.es\/product\/clamp-fibra-optica-dc\/","name":"Clamp Fibra Optica + DC - Tecplan","isPartOf":{"@id":"https:\/\/tecplan.com.es\/#website"},"primaryImageOfPage":{"@id":"https:\/\/tecplan.com.es\/product\/clamp-fibra-optica-dc\/#primaryimage"},"image":{"@id":"https:\/\/tecplan.com.es\/product\/clamp-fibra-optica-dc\/#primaryimage"},"thumbnailUrl":"https:\/\/tecplan.com.es\/wp-content\/uploads\/2025\/10\/Clamp-Fibra-1.jpg","datePublished":"2025-10-03T22:34:55+00:00","dateModified":"2025-10-08T22:01:38+00:00","breadcrumb":{"@id":"https:\/\/tecplan.com.es\/product\/clamp-fibra-optica-dc\/#breadcrumb"},"inLanguage":"en-US","potentialAction":[{"@type":"ReadAction","target":["https:\/\/tecplan.com.es\/product\/clamp-fibra-optica-dc\/"]}]},{"@type":"ImageObject","inLanguage":"en-US","@id":"https:\/\/tecplan.com.es\/product\/clamp-fibra-optica-dc\/#primaryimage","url":"https:\/\/tecplan.com.es\/wp-content\/uploads\/2025\/10\/Clamp-Fibra-1.jpg","contentUrl":"https:\/\/tecplan.com.es\/wp-content\/uploads\/2025\/10\/Clamp-Fibra-1.jpg","width":600,"height":600},{"@type":"BreadcrumbList","@id":"https:\/\/tecplan.com.es\/product\/clamp-fibra-optica-dc\/#breadcrumb","itemListElement":[{"@type":"ListItem","position":1,"name":"Home","item":"https:\/\/tecplan.com.es\/"},{"@type":"ListItem","position":2,"name":"Shop","item":"https:\/\/tecplan.com.es\/shop\/"},{"@type":"ListItem","position":3,"name":"Clamp Fibra Optica + DC"}]},{"@type":"WebSite","@id":"https:\/\/tecplan.com.es\/#website","url":"https:\/\/tecplan.com.es\/","name":"Tecplan","description":"","potentialAction":[{"@type":"SearchAction","target":{"@type":"EntryPoint","urlTemplate":"https:\/\/tecplan.com.es\/?s={search_term_string}"},"query-input":{"@type":"PropertyValueSpecification","valueRequired":true,"valueName":"search_term_string"}}],"inLanguage":"en-US"}]}},"_links":{"self":[{"href":"https:\/\/tecplan.com.es\/en\/wp-json\/wp\/v2\/product\/3679","targetHints":{"allow":["GET"]}}],"collection":[{"href":"https:\/\/tecplan.com.es\/en\/wp-json\/wp\/v2\/product"}],"about":[{"href":"https:\/\/tecplan.com.es\/en\/wp-json\/wp\/v2\/types\/product"}],"replies":[{"embeddable":true,"href":"https:\/\/tecplan.com.es\/en\/wp-json\/wp\/v2\/comments?post=3679"}],"version-history":[{"count":1,"href":"https:\/\/tecplan.com.es\/en\/wp-json\/wp\/v2\/product\/3679\/revisions"}],"predecessor-version":[{"id":3782,"href":"https:\/\/tecplan.com.es\/en\/wp-json\/wp\/v2\/product\/3679\/revisions\/3782"}],"wp:featuredmedia":[{"embeddable":true,"href":"https:\/\/tecplan.com.es\/en\/wp-json\/wp\/v2\/media\/3623"}],"wp:attachment":[{"href":"https:\/\/tecplan.com.es\/en\/wp-json\/wp\/v2\/media?parent=3679"}],"wp:term":[{"taxonomy":"product_brand","embeddable":true,"href":"https:\/\/tecplan.com.es\/en\/wp-json\/wp\/v2\/product_brand?post=3679"},{"taxonomy":"product_cat","embeddable":true,"href":"https:\/\/tecplan.com.es\/en\/wp-json\/wp\/v2\/product_cat?post=3679"},{"taxonomy":"product_tag","embeddable":true,"href":"https:\/\/tecplan.com.es\/en\/wp-json\/wp\/v2\/product_tag?post=3679"}],"curies":[{"name":"wp","href":"https:\/\/api.w.org\/{rel}","templated":true}]}}