{"id":3617,"date":"2025-10-01T22:32:59","date_gmt":"2025-10-01T22:32:59","guid":{"rendered":"https:\/\/tecplan.com.es\/product\/analizadores-de-pim-anritsu\/"},"modified":"2025-10-06T17:49:06","modified_gmt":"2025-10-06T17:49:06","slug":"analizadores-de-pim-anritsu","status":"publish","type":"product","link":"https:\/\/tecplan.com.es\/en\/product\/analizadores-de-pim-anritsu\/","title":{"rendered":"Analizadores de PIM Anritsu"},"content":{"rendered":"<p style=\"text-align: justify;\"><strong>Analizadores de intermodulaci\u00f3n pasiva<\/strong><\/p>\n<p style=\"text-align: justify;\">Anritsu Company presenta la primera alta potencia a bater\u00eda soluci\u00f3n de prueba de intermodulaci\u00f3n pasiva (PIM) para las principales redes inal\u00e1mbricas est\u00e1ndares en uso en todo el mundo. PIM es una forma de interferencia generado por componentes pasivos que normalmente se consideran como lineales como conectores, conjuntos de cables, filtros y antenas. Sin embargo, cuando se somete a altos niveles de potencia de RF que se encuentran en sistemas, estos dispositivos pueden generar se\u00f1ales espurias que aumentan el suelo de ruido del receptor y reducir el rendimiento del sitio.<\/p>\n<p style=\"text-align: justify;\">El PIM Master mide con precisi\u00f3n el rendimiento de PIM inyectando dos tonos de prueba de CW en la red de alimentaci\u00f3n de la antena y registrando la magnitud de los productos de intermodulaci\u00f3n de tercer, quinto o s\u00e9ptimo orden que caen en la banda de recepci\u00f3n del sistema. El MW82119A puede realizar las siguientes mediciones, lo que permite a los t\u00e9cnicos de pruebas encontrar y eliminar r\u00e1pidamente los problemas de PIM encontrados en el sitio de la celda:<\/p>\n<ul>\n<li>PIM versus Time<\/li>\n<li>Noise Floor<\/li>\n<li>Swept PIM<\/li>\n<li>Distance-to-PIM\u2122 (DTP)<\/li>\n<\/ul>\n<p><!--more--><\/p>\n<p><img fetchpriority=\"high\" decoding=\"async\" class=\"alignnone size-medium\" src=\"https:\/\/tecplan.com.es\/wp-content\/uploads\/2025\/10\/Analizadores-1.png\" width=\"705\" height=\"797\" \/><\/p>\n<p>&nbsp;<\/p>\n<h5 style=\"text-align: justify;\"><span style=\"text-decoration: underline;\"><strong>DOWNLOADS<\/strong><\/span><\/h5>\n<ul style=\"text-align: justify;\">\n<li><a href=\"https:\/\/drive.google.com\/file\/d\/1eUPqBqY7-Xvwwru0UK0LOzODPCmx2Qej\/view?usp=sharing\">\u2192 Technical specifications<\/a><\/li>\n<\/ul>","protected":false},"excerpt":{"rendered":"<p style=\"text-align: justify;\">La soluci\u00f3n PIM Master es capaz de certificar completamente el rendimiento de los sistemas de cables y antenas, midiendo PIM, distancia a PIM, p\u00e9rdida de retorno, VSWR, p\u00e9rdida de cable y distancia a falla con un solo instrumento. Las aplicaciones t\u00edpicas incluyen: componentes de RF, antena, sistema de cable de sitio macro, sitio principal de radio remoto y pruebas de sistemas de antena distribuida.<\/p>\n<p><img decoding=\"async\" class=\"wp-image-3701 aligncenter\" src=\"https:\/\/tecplan.com.es\/wp-content\/uploads\/2025\/10\/Anritsu-300x106.png\" alt=\"\" width=\"156\" height=\"56\" srcset=\"https:\/\/tecplan.com.es\/wp-content\/uploads\/2025\/10\/Anritsu-300x106.png 300w, https:\/\/tecplan.com.es\/wp-content\/uploads\/2025\/10\/Anritsu-1024x362.png 1024w, https:\/\/tecplan.com.es\/wp-content\/uploads\/2025\/10\/Anritsu-768x272.png 768w, https:\/\/tecplan.com.es\/wp-content\/uploads\/2025\/10\/Anritsu-1536x544.png 1536w, https:\/\/tecplan.com.es\/wp-content\/uploads\/2025\/10\/Anritsu-2048x725.png 2048w, https:\/\/tecplan.com.es\/wp-content\/uploads\/2025\/10\/Anritsu-18x6.png 18w, https:\/\/tecplan.com.es\/wp-content\/uploads\/2025\/10\/Anritsu-600x212.png 600w\" sizes=\"(max-width: 156px) 100vw, 156px\" \/><\/p>","protected":false},"featured_media":3586,"comment_status":"open","ping_status":"closed","template":"","meta":{"site-sidebar-layout":"default","site-content-layout":"","ast-site-content-layout":"default","site-content-style":"default","site-sidebar-style":"default","ast-global-header-display":"","ast-banner-title-visibility":"","ast-main-header-display":"","ast-hfb-above-header-display":"","ast-hfb-below-header-display":"","ast-hfb-mobile-header-display":"","site-post-title":"","ast-breadcrumbs-content":"","ast-featured-img":"","footer-sml-layout":"","ast-disable-related-posts":"","theme-transparent-header-meta":"default","adv-header-id-meta":"","stick-header-meta":"","header-above-stick-meta":"","header-main-stick-meta":"","header-below-stick-meta":"","astra-migrate-meta-layouts":"set","ast-page-background-enabled":"default","ast-page-background-meta":{"desktop":{"background-color":"var(--ast-global-color-5)","background-image":"","background-repeat":"repeat","background-position":"center center","background-size":"auto","background-attachment":"scroll","background-type":"","background-media":"","overlay-type":"","overlay-color":"","overlay-opacity":"","overlay-gradient":""},"tablet":{"background-color":"","background-image":"","background-repeat":"repeat","background-position":"center center","background-size":"auto","background-attachment":"scroll","background-type":"","background-media":"","overlay-type":"","overlay-color":"","overlay-opacity":"","overlay-gradient":""},"mobile":{"background-color":"","background-image":"","background-repeat":"repeat","background-position":"center center","background-size":"auto","background-attachment":"scroll","background-type":"","background-media":"","overlay-type":"","overlay-color":"","overlay-opacity":"","overlay-gradient":""}},"ast-content-background-meta":{"desktop":{"background-color":"var(--ast-global-color-4)","background-image":"","background-repeat":"repeat","background-position":"center center","background-size":"auto","background-attachment":"scroll","background-type":"","background-media":"","overlay-type":"","overlay-color":"","overlay-opacity":"","overlay-gradient":""},"tablet":{"background-color":"var(--ast-global-color-4)","background-image":"","background-repeat":"repeat","background-position":"center center","background-size":"auto","background-attachment":"scroll","background-type":"","background-media":"","overlay-type":"","overlay-color":"","overlay-opacity":"","overlay-gradient":""},"mobile":{"background-color":"var(--ast-global-color-4)","background-image":"","background-repeat":"repeat","background-position":"center center","background-size":"auto","background-attachment":"scroll","background-type":"","background-media":"","overlay-type":"","overlay-color":"","overlay-opacity":"","overlay-gradient":""}}},"product_brand":[284],"product_cat":[286,285,96],"product_tag":[287],"class_list":{"0":"post-3617","1":"product","2":"type-product","3":"status-publish","4":"has-post-thumbnail","6":"product_brand-anritsu","7":"product_cat-analizadores","8":"product_cat-anritsu","9":"product_cat-networking","10":"product_tag-anritsu","11":"desktop-align-left","12":"tablet-align-left","13":"mobile-align-left","15":"first","16":"instock","17":"shipping-taxable","18":"product-type-simple"},"yoast_head":"<!-- This site is optimized with the Yoast SEO plugin v25.3 - https:\/\/yoast.com\/wordpress\/plugins\/seo\/ -->\n<title>Analizadores de PIM Anritsu - Tecplan<\/title>\n<meta name=\"robots\" content=\"index, follow, max-snippet:-1, max-image-preview:large, max-video-preview:-1\" \/>\n<link rel=\"canonical\" href=\"https:\/\/tecplan.com.es\/en\/product\/analizadores-de-pim-anritsu\/\" \/>\n<meta property=\"og:locale\" content=\"en_US\" \/>\n<meta property=\"og:type\" content=\"article\" \/>\n<meta property=\"og:title\" content=\"Analizadores de PIM Anritsu - Tecplan\" \/>\n<meta property=\"og:description\" content=\"La soluci\u00f3n PIM Master es capaz de certificar completamente el rendimiento de los sistemas de cables y antenas, midiendo PIM, distancia a PIM, p\u00e9rdida de retorno, VSWR, p\u00e9rdida de cable y distancia a falla con un solo instrumento. Las aplicaciones t\u00edpicas incluyen: componentes de RF, antena, sistema de cable de sitio macro, sitio principal de radio remoto y pruebas de sistemas de antena distribuida.\" \/>\n<meta property=\"og:url\" content=\"https:\/\/tecplan.com.es\/en\/product\/analizadores-de-pim-anritsu\/\" \/>\n<meta property=\"og:site_name\" content=\"Tecplan\" \/>\n<meta property=\"article:modified_time\" content=\"2025-10-06T17:49:06+00:00\" \/>\n<meta property=\"og:image\" content=\"https:\/\/tecplan.com.es\/wp-content\/uploads\/2025\/10\/Analizadores-1.jpg\" \/>\n\t<meta property=\"og:image:width\" content=\"600\" \/>\n\t<meta property=\"og:image:height\" content=\"600\" \/>\n\t<meta property=\"og:image:type\" content=\"image\/jpeg\" \/>\n<meta name=\"twitter:card\" content=\"summary_large_image\" \/>\n<meta name=\"twitter:label1\" content=\"Est. reading time\" \/>\n\t<meta name=\"twitter:data1\" content=\"2 minutes\" \/>\n<script type=\"application\/ld+json\" class=\"yoast-schema-graph\">{\"@context\":\"https:\/\/schema.org\",\"@graph\":[{\"@type\":\"WebPage\",\"@id\":\"https:\/\/tecplan.com.es\/product\/analizadores-de-pim-anritsu\/\",\"url\":\"https:\/\/tecplan.com.es\/product\/analizadores-de-pim-anritsu\/\",\"name\":\"Analizadores de PIM Anritsu - Tecplan\",\"isPartOf\":{\"@id\":\"https:\/\/tecplan.com.es\/#website\"},\"primaryImageOfPage\":{\"@id\":\"https:\/\/tecplan.com.es\/product\/analizadores-de-pim-anritsu\/#primaryimage\"},\"image\":{\"@id\":\"https:\/\/tecplan.com.es\/product\/analizadores-de-pim-anritsu\/#primaryimage\"},\"thumbnailUrl\":\"https:\/\/tecplan.com.es\/wp-content\/uploads\/2025\/10\/Analizadores-1.jpg\",\"datePublished\":\"2025-10-01T22:32:59+00:00\",\"dateModified\":\"2025-10-06T17:49:06+00:00\",\"breadcrumb\":{\"@id\":\"https:\/\/tecplan.com.es\/product\/analizadores-de-pim-anritsu\/#breadcrumb\"},\"inLanguage\":\"en-US\",\"potentialAction\":[{\"@type\":\"ReadAction\",\"target\":[\"https:\/\/tecplan.com.es\/product\/analizadores-de-pim-anritsu\/\"]}]},{\"@type\":\"ImageObject\",\"inLanguage\":\"en-US\",\"@id\":\"https:\/\/tecplan.com.es\/product\/analizadores-de-pim-anritsu\/#primaryimage\",\"url\":\"https:\/\/tecplan.com.es\/wp-content\/uploads\/2025\/10\/Analizadores-1.jpg\",\"contentUrl\":\"https:\/\/tecplan.com.es\/wp-content\/uploads\/2025\/10\/Analizadores-1.jpg\",\"width\":600,\"height\":600},{\"@type\":\"BreadcrumbList\",\"@id\":\"https:\/\/tecplan.com.es\/product\/analizadores-de-pim-anritsu\/#breadcrumb\",\"itemListElement\":[{\"@type\":\"ListItem\",\"position\":1,\"name\":\"Home\",\"item\":\"https:\/\/tecplan.com.es\/\"},{\"@type\":\"ListItem\",\"position\":2,\"name\":\"Shop\",\"item\":\"https:\/\/tecplan.com.es\/shop\/\"},{\"@type\":\"ListItem\",\"position\":3,\"name\":\"Analizadores de PIM Anritsu\"}]},{\"@type\":\"WebSite\",\"@id\":\"https:\/\/tecplan.com.es\/#website\",\"url\":\"https:\/\/tecplan.com.es\/\",\"name\":\"Tecplan\",\"description\":\"\",\"potentialAction\":[{\"@type\":\"SearchAction\",\"target\":{\"@type\":\"EntryPoint\",\"urlTemplate\":\"https:\/\/tecplan.com.es\/?s={search_term_string}\"},\"query-input\":{\"@type\":\"PropertyValueSpecification\",\"valueRequired\":true,\"valueName\":\"search_term_string\"}}],\"inLanguage\":\"en-US\"}]}<\/script>\n<!-- \/ Yoast SEO plugin. -->","yoast_head_json":{"title":"Analizadores de PIM Anritsu - Tecplan","robots":{"index":"index","follow":"follow","max-snippet":"max-snippet:-1","max-image-preview":"max-image-preview:large","max-video-preview":"max-video-preview:-1"},"canonical":"https:\/\/tecplan.com.es\/en\/product\/analizadores-de-pim-anritsu\/","og_locale":"en_US","og_type":"article","og_title":"Analizadores de PIM Anritsu - Tecplan","og_description":"La soluci\u00f3n PIM Master es capaz de certificar completamente el rendimiento de los sistemas de cables y antenas, midiendo PIM, distancia a PIM, p\u00e9rdida de retorno, VSWR, p\u00e9rdida de cable y distancia a falla con un solo instrumento. Las aplicaciones t\u00edpicas incluyen: componentes de RF, antena, sistema de cable de sitio macro, sitio principal de radio remoto y pruebas de sistemas de antena distribuida.","og_url":"https:\/\/tecplan.com.es\/en\/product\/analizadores-de-pim-anritsu\/","og_site_name":"Tecplan","article_modified_time":"2025-10-06T17:49:06+00:00","og_image":[{"width":600,"height":600,"url":"https:\/\/tecplan.com.es\/wp-content\/uploads\/2025\/10\/Analizadores-1.jpg","type":"image\/jpeg"}],"twitter_card":"summary_large_image","twitter_misc":{"Est. reading time":"2 minutes"},"schema":{"@context":"https:\/\/schema.org","@graph":[{"@type":"WebPage","@id":"https:\/\/tecplan.com.es\/product\/analizadores-de-pim-anritsu\/","url":"https:\/\/tecplan.com.es\/product\/analizadores-de-pim-anritsu\/","name":"Analizadores de PIM Anritsu - Tecplan","isPartOf":{"@id":"https:\/\/tecplan.com.es\/#website"},"primaryImageOfPage":{"@id":"https:\/\/tecplan.com.es\/product\/analizadores-de-pim-anritsu\/#primaryimage"},"image":{"@id":"https:\/\/tecplan.com.es\/product\/analizadores-de-pim-anritsu\/#primaryimage"},"thumbnailUrl":"https:\/\/tecplan.com.es\/wp-content\/uploads\/2025\/10\/Analizadores-1.jpg","datePublished":"2025-10-01T22:32:59+00:00","dateModified":"2025-10-06T17:49:06+00:00","breadcrumb":{"@id":"https:\/\/tecplan.com.es\/product\/analizadores-de-pim-anritsu\/#breadcrumb"},"inLanguage":"en-US","potentialAction":[{"@type":"ReadAction","target":["https:\/\/tecplan.com.es\/product\/analizadores-de-pim-anritsu\/"]}]},{"@type":"ImageObject","inLanguage":"en-US","@id":"https:\/\/tecplan.com.es\/product\/analizadores-de-pim-anritsu\/#primaryimage","url":"https:\/\/tecplan.com.es\/wp-content\/uploads\/2025\/10\/Analizadores-1.jpg","contentUrl":"https:\/\/tecplan.com.es\/wp-content\/uploads\/2025\/10\/Analizadores-1.jpg","width":600,"height":600},{"@type":"BreadcrumbList","@id":"https:\/\/tecplan.com.es\/product\/analizadores-de-pim-anritsu\/#breadcrumb","itemListElement":[{"@type":"ListItem","position":1,"name":"Home","item":"https:\/\/tecplan.com.es\/"},{"@type":"ListItem","position":2,"name":"Shop","item":"https:\/\/tecplan.com.es\/shop\/"},{"@type":"ListItem","position":3,"name":"Analizadores de PIM Anritsu"}]},{"@type":"WebSite","@id":"https:\/\/tecplan.com.es\/#website","url":"https:\/\/tecplan.com.es\/","name":"Tecplan","description":"","potentialAction":[{"@type":"SearchAction","target":{"@type":"EntryPoint","urlTemplate":"https:\/\/tecplan.com.es\/?s={search_term_string}"},"query-input":{"@type":"PropertyValueSpecification","valueRequired":true,"valueName":"search_term_string"}}],"inLanguage":"en-US"}]}},"_links":{"self":[{"href":"https:\/\/tecplan.com.es\/en\/wp-json\/wp\/v2\/product\/3617","targetHints":{"allow":["GET"]}}],"collection":[{"href":"https:\/\/tecplan.com.es\/en\/wp-json\/wp\/v2\/product"}],"about":[{"href":"https:\/\/tecplan.com.es\/en\/wp-json\/wp\/v2\/types\/product"}],"replies":[{"embeddable":true,"href":"https:\/\/tecplan.com.es\/en\/wp-json\/wp\/v2\/comments?post=3617"}],"version-history":[{"count":2,"href":"https:\/\/tecplan.com.es\/en\/wp-json\/wp\/v2\/product\/3617\/revisions"}],"predecessor-version":[{"id":3702,"href":"https:\/\/tecplan.com.es\/en\/wp-json\/wp\/v2\/product\/3617\/revisions\/3702"}],"wp:featuredmedia":[{"embeddable":true,"href":"https:\/\/tecplan.com.es\/en\/wp-json\/wp\/v2\/media\/3586"}],"wp:attachment":[{"href":"https:\/\/tecplan.com.es\/en\/wp-json\/wp\/v2\/media?parent=3617"}],"wp:term":[{"taxonomy":"product_brand","embeddable":true,"href":"https:\/\/tecplan.com.es\/en\/wp-json\/wp\/v2\/product_brand?post=3617"},{"taxonomy":"product_cat","embeddable":true,"href":"https:\/\/tecplan.com.es\/en\/wp-json\/wp\/v2\/product_cat?post=3617"},{"taxonomy":"product_tag","embeddable":true,"href":"https:\/\/tecplan.com.es\/en\/wp-json\/wp\/v2\/product_tag?post=3617"}],"curies":[{"name":"wp","href":"https:\/\/api.w.org\/{rel}","templated":true}]}}