{"id":3616,"date":"2025-10-01T22:32:58","date_gmt":"2025-10-01T22:32:58","guid":{"rendered":"https:\/\/tecplan.com.es\/product\/inclinometros-eclipse-8099\/"},"modified":"2025-10-06T19:57:57","modified_gmt":"2025-10-06T19:57:57","slug":"inclinometros-eclipse-8099","status":"publish","type":"product","link":"https:\/\/tecplan.com.es\/en\/product\/inclinometros-eclipse-8099\/","title":{"rendered":"Eclipse 8099 Inclinometers"},"content":{"rendered":"<p><strong>Br\u00fajula de observaci\u00f3n de eclipses Brunton 8099<\/strong><\/p>\n<p style=\"text-align: justify;\">La br\u00fajula Eclipse 8099 es un instrumento de observaci\u00f3n que utiliza el campo magn\u00e9tico de la Tierra para mostrar un rumbo (direcci\u00f3n) en grados. El Eclipse 8099 tambi\u00e9n contiene tres escalas de clin\u00f3metro para medir \u00e1ngulos desde la horizontal (0 \u00b0). La secci\u00f3n de orientaci\u00f3n proporciona una descripci\u00f3n de las piezas importantes de Eclipse 8099. Se proporciona una descripci\u00f3n detallada del funcionamiento del Eclipse 8099 a lo largo del manual de instrucciones.<\/p>\n<p style=\"text-align: justify;\">Estos sistemas permiten una medici\u00f3n precisa de \u00e1ngulos desde la horizontal, y las escalas de 5\u00b0 proporcionan una precisi\u00f3n legible de 2,5\u00b0.El clin\u00f3metro de bisagra 5\u00b0 se considera el m\u00e9todo m\u00e1s r\u00e1pido para medir la inclinaci\u00f3n, mientras que el clin\u00f3metro de tarjeta 5\u00b0 se utiliza para observar la inclinaci\u00f3n hacia arriba o hacia abajo desde el horizonte.<\/p>\n<p style=\"text-align: justify;\">El dial graduado 1\u00b0 proporciona mayor precisi\u00f3n para mediciones detalladas. La br\u00fajula tambi\u00e9n incluye un nivel de burbuja redondo, que mejora la precisi\u00f3n de las mediciones de impacto y ca\u00edda.<\/p>","protected":false},"excerpt":{"rendered":"<p style=\"text-align: justify;\">El Brunton Eclipse 8099 cuenta con tres sistemas de clin\u00f3metro distintos para medir la inclinaci\u00f3n, que incluyen: un clin\u00f3metro de bisagra de 5\u00b0, un clin\u00f3metro de tarjeta de 5\u00b0 y un clin\u00f3metro de esfera graduada de 1\u00b0<\/p>","protected":false},"featured_media":3581,"comment_status":"open","ping_status":"closed","template":"","meta":{"site-sidebar-layout":"default","site-content-layout":"","ast-site-content-layout":"default","site-content-style":"default","site-sidebar-style":"default","ast-global-header-display":"","ast-banner-title-visibility":"","ast-main-header-display":"","ast-hfb-above-header-display":"","ast-hfb-below-header-display":"","ast-hfb-mobile-header-display":"","site-post-title":"","ast-breadcrumbs-content":"","ast-featured-img":"","footer-sml-layout":"","ast-disable-related-posts":"","theme-transparent-header-meta":"default","adv-header-id-meta":"","stick-header-meta":"","header-above-stick-meta":"","header-main-stick-meta":"","header-below-stick-meta":"","astra-migrate-meta-layouts":"set","ast-page-background-enabled":"default","ast-page-background-meta":{"desktop":{"background-color":"var(--ast-global-color-5)","background-image":"","background-repeat":"repeat","background-position":"center center","background-size":"auto","background-attachment":"scroll","background-type":"","background-media":"","overlay-type":"","overlay-color":"","overlay-opacity":"","overlay-gradient":""},"tablet":{"background-color":"","background-image":"","background-repeat":"repeat","background-position":"center center","background-size":"auto","background-attachment":"scroll","background-type":"","background-media":"","overlay-type":"","overlay-color":"","overlay-opacity":"","overlay-gradient":""},"mobile":{"background-color":"","background-image":"","background-repeat":"repeat","background-position":"center center","background-size":"auto","background-attachment":"scroll","background-type":"","background-media":"","overlay-type":"","overlay-color":"","overlay-opacity":"","overlay-gradient":""}},"ast-content-background-meta":{"desktop":{"background-color":"var(--ast-global-color-4)","background-image":"","background-repeat":"repeat","background-position":"center center","background-size":"auto","background-attachment":"scroll","background-type":"","background-media":"","overlay-type":"","overlay-color":"","overlay-opacity":"","overlay-gradient":""},"tablet":{"background-color":"var(--ast-global-color-4)","background-image":"","background-repeat":"repeat","background-position":"center center","background-size":"auto","background-attachment":"scroll","background-type":"","background-media":"","overlay-type":"","overlay-color":"","overlay-opacity":"","overlay-gradient":""},"mobile":{"background-color":"var(--ast-global-color-4)","background-image":"","background-repeat":"repeat","background-position":"center center","background-size":"auto","background-attachment":"scroll","background-type":"","background-media":"","overlay-type":"","overlay-color":"","overlay-opacity":"","overlay-gradient":""}}},"product_brand":[],"product_cat":[36],"product_tag":[],"class_list":{"0":"post-3616","1":"product","2":"type-product","3":"status-publish","4":"has-post-thumbnail","6":"product_cat-comunicacion-satelital","7":"desktop-align-left","8":"tablet-align-left","9":"mobile-align-left","11":"first","12":"instock","13":"shipping-taxable","14":"product-type-simple"},"yoast_head":"<!-- This site is optimized with the Yoast SEO plugin v25.3 - https:\/\/yoast.com\/wordpress\/plugins\/seo\/ -->\n<title>Inclin\u00f3metros Eclipse 8099 - Tecplan<\/title>\n<meta name=\"robots\" content=\"index, follow, max-snippet:-1, max-image-preview:large, max-video-preview:-1\" \/>\n<link rel=\"canonical\" href=\"https:\/\/tecplan.com.es\/en\/product\/inclinometros-eclipse-8099\/\" \/>\n<meta property=\"og:locale\" content=\"en_US\" \/>\n<meta property=\"og:type\" content=\"article\" \/>\n<meta property=\"og:title\" content=\"Inclin\u00f3metros Eclipse 8099 - Tecplan\" \/>\n<meta property=\"og:description\" content=\"El Brunton Eclipse 8099 cuenta con tres sistemas de clin\u00f3metro distintos para medir la inclinaci\u00f3n, que incluyen: un clin\u00f3metro de bisagra de 5\u00b0, un clin\u00f3metro de tarjeta de 5\u00b0 y un clin\u00f3metro de esfera graduada de 1\u00b0\" \/>\n<meta property=\"og:url\" content=\"https:\/\/tecplan.com.es\/en\/product\/inclinometros-eclipse-8099\/\" \/>\n<meta property=\"og:site_name\" content=\"Tecplan\" \/>\n<meta property=\"article:modified_time\" content=\"2025-10-06T19:57:57+00:00\" \/>\n<meta property=\"og:image\" content=\"https:\/\/tecplan.com.es\/wp-content\/uploads\/2025\/10\/Inclinometros-4.jpg\" \/>\n\t<meta property=\"og:image:width\" content=\"615\" \/>\n\t<meta property=\"og:image:height\" content=\"639\" \/>\n\t<meta property=\"og:image:type\" content=\"image\/jpeg\" \/>\n<meta name=\"twitter:card\" content=\"summary_large_image\" \/>\n<meta name=\"twitter:label1\" content=\"Est. reading time\" \/>\n\t<meta name=\"twitter:data1\" content=\"1 minute\" \/>\n<script type=\"application\/ld+json\" class=\"yoast-schema-graph\">{\"@context\":\"https:\/\/schema.org\",\"@graph\":[{\"@type\":\"WebPage\",\"@id\":\"https:\/\/tecplan.com.es\/product\/inclinometros-eclipse-8099\/\",\"url\":\"https:\/\/tecplan.com.es\/product\/inclinometros-eclipse-8099\/\",\"name\":\"Inclin\u00f3metros Eclipse 8099 - Tecplan\",\"isPartOf\":{\"@id\":\"https:\/\/tecplan.com.es\/#website\"},\"primaryImageOfPage\":{\"@id\":\"https:\/\/tecplan.com.es\/product\/inclinometros-eclipse-8099\/#primaryimage\"},\"image\":{\"@id\":\"https:\/\/tecplan.com.es\/product\/inclinometros-eclipse-8099\/#primaryimage\"},\"thumbnailUrl\":\"https:\/\/tecplan.com.es\/wp-content\/uploads\/2025\/10\/Inclinometros-4.jpg\",\"datePublished\":\"2025-10-01T22:32:58+00:00\",\"dateModified\":\"2025-10-06T19:57:57+00:00\",\"breadcrumb\":{\"@id\":\"https:\/\/tecplan.com.es\/product\/inclinometros-eclipse-8099\/#breadcrumb\"},\"inLanguage\":\"en-US\",\"potentialAction\":[{\"@type\":\"ReadAction\",\"target\":[\"https:\/\/tecplan.com.es\/product\/inclinometros-eclipse-8099\/\"]}]},{\"@type\":\"ImageObject\",\"inLanguage\":\"en-US\",\"@id\":\"https:\/\/tecplan.com.es\/product\/inclinometros-eclipse-8099\/#primaryimage\",\"url\":\"https:\/\/tecplan.com.es\/wp-content\/uploads\/2025\/10\/Inclinometros-4.jpg\",\"contentUrl\":\"https:\/\/tecplan.com.es\/wp-content\/uploads\/2025\/10\/Inclinometros-4.jpg\",\"width\":615,\"height\":639},{\"@type\":\"BreadcrumbList\",\"@id\":\"https:\/\/tecplan.com.es\/product\/inclinometros-eclipse-8099\/#breadcrumb\",\"itemListElement\":[{\"@type\":\"ListItem\",\"position\":1,\"name\":\"Home\",\"item\":\"https:\/\/tecplan.com.es\/\"},{\"@type\":\"ListItem\",\"position\":2,\"name\":\"Shop\",\"item\":\"https:\/\/tecplan.com.es\/shop\/\"},{\"@type\":\"ListItem\",\"position\":3,\"name\":\"Inclin\u00f3metros Eclipse 8099\"}]},{\"@type\":\"WebSite\",\"@id\":\"https:\/\/tecplan.com.es\/#website\",\"url\":\"https:\/\/tecplan.com.es\/\",\"name\":\"Tecplan\",\"description\":\"\",\"potentialAction\":[{\"@type\":\"SearchAction\",\"target\":{\"@type\":\"EntryPoint\",\"urlTemplate\":\"https:\/\/tecplan.com.es\/?s={search_term_string}\"},\"query-input\":{\"@type\":\"PropertyValueSpecification\",\"valueRequired\":true,\"valueName\":\"search_term_string\"}}],\"inLanguage\":\"en-US\"}]}<\/script>\n<!-- \/ Yoast SEO plugin. -->","yoast_head_json":{"title":"Inclin\u00f3metros Eclipse 8099 - Tecplan","robots":{"index":"index","follow":"follow","max-snippet":"max-snippet:-1","max-image-preview":"max-image-preview:large","max-video-preview":"max-video-preview:-1"},"canonical":"https:\/\/tecplan.com.es\/en\/product\/inclinometros-eclipse-8099\/","og_locale":"en_US","og_type":"article","og_title":"Inclin\u00f3metros Eclipse 8099 - Tecplan","og_description":"El Brunton Eclipse 8099 cuenta con tres sistemas de clin\u00f3metro distintos para medir la inclinaci\u00f3n, que incluyen: un clin\u00f3metro de bisagra de 5\u00b0, un clin\u00f3metro de tarjeta de 5\u00b0 y un clin\u00f3metro de esfera graduada de 1\u00b0","og_url":"https:\/\/tecplan.com.es\/en\/product\/inclinometros-eclipse-8099\/","og_site_name":"Tecplan","article_modified_time":"2025-10-06T19:57:57+00:00","og_image":[{"width":615,"height":639,"url":"https:\/\/tecplan.com.es\/wp-content\/uploads\/2025\/10\/Inclinometros-4.jpg","type":"image\/jpeg"}],"twitter_card":"summary_large_image","twitter_misc":{"Est. reading time":"1 minute"},"schema":{"@context":"https:\/\/schema.org","@graph":[{"@type":"WebPage","@id":"https:\/\/tecplan.com.es\/product\/inclinometros-eclipse-8099\/","url":"https:\/\/tecplan.com.es\/product\/inclinometros-eclipse-8099\/","name":"Inclin\u00f3metros Eclipse 8099 - Tecplan","isPartOf":{"@id":"https:\/\/tecplan.com.es\/#website"},"primaryImageOfPage":{"@id":"https:\/\/tecplan.com.es\/product\/inclinometros-eclipse-8099\/#primaryimage"},"image":{"@id":"https:\/\/tecplan.com.es\/product\/inclinometros-eclipse-8099\/#primaryimage"},"thumbnailUrl":"https:\/\/tecplan.com.es\/wp-content\/uploads\/2025\/10\/Inclinometros-4.jpg","datePublished":"2025-10-01T22:32:58+00:00","dateModified":"2025-10-06T19:57:57+00:00","breadcrumb":{"@id":"https:\/\/tecplan.com.es\/product\/inclinometros-eclipse-8099\/#breadcrumb"},"inLanguage":"en-US","potentialAction":[{"@type":"ReadAction","target":["https:\/\/tecplan.com.es\/product\/inclinometros-eclipse-8099\/"]}]},{"@type":"ImageObject","inLanguage":"en-US","@id":"https:\/\/tecplan.com.es\/product\/inclinometros-eclipse-8099\/#primaryimage","url":"https:\/\/tecplan.com.es\/wp-content\/uploads\/2025\/10\/Inclinometros-4.jpg","contentUrl":"https:\/\/tecplan.com.es\/wp-content\/uploads\/2025\/10\/Inclinometros-4.jpg","width":615,"height":639},{"@type":"BreadcrumbList","@id":"https:\/\/tecplan.com.es\/product\/inclinometros-eclipse-8099\/#breadcrumb","itemListElement":[{"@type":"ListItem","position":1,"name":"Home","item":"https:\/\/tecplan.com.es\/"},{"@type":"ListItem","position":2,"name":"Shop","item":"https:\/\/tecplan.com.es\/shop\/"},{"@type":"ListItem","position":3,"name":"Inclin\u00f3metros Eclipse 8099"}]},{"@type":"WebSite","@id":"https:\/\/tecplan.com.es\/#website","url":"https:\/\/tecplan.com.es\/","name":"Tecplan","description":"","potentialAction":[{"@type":"SearchAction","target":{"@type":"EntryPoint","urlTemplate":"https:\/\/tecplan.com.es\/?s={search_term_string}"},"query-input":{"@type":"PropertyValueSpecification","valueRequired":true,"valueName":"search_term_string"}}],"inLanguage":"en-US"}]}},"_links":{"self":[{"href":"https:\/\/tecplan.com.es\/en\/wp-json\/wp\/v2\/product\/3616","targetHints":{"allow":["GET"]}}],"collection":[{"href":"https:\/\/tecplan.com.es\/en\/wp-json\/wp\/v2\/product"}],"about":[{"href":"https:\/\/tecplan.com.es\/en\/wp-json\/wp\/v2\/types\/product"}],"replies":[{"embeddable":true,"href":"https:\/\/tecplan.com.es\/en\/wp-json\/wp\/v2\/comments?post=3616"}],"version-history":[{"count":2,"href":"https:\/\/tecplan.com.es\/en\/wp-json\/wp\/v2\/product\/3616\/revisions"}],"predecessor-version":[{"id":3711,"href":"https:\/\/tecplan.com.es\/en\/wp-json\/wp\/v2\/product\/3616\/revisions\/3711"}],"wp:featuredmedia":[{"embeddable":true,"href":"https:\/\/tecplan.com.es\/en\/wp-json\/wp\/v2\/media\/3581"}],"wp:attachment":[{"href":"https:\/\/tecplan.com.es\/en\/wp-json\/wp\/v2\/media?parent=3616"}],"wp:term":[{"taxonomy":"product_brand","embeddable":true,"href":"https:\/\/tecplan.com.es\/en\/wp-json\/wp\/v2\/product_brand?post=3616"},{"taxonomy":"product_cat","embeddable":true,"href":"https:\/\/tecplan.com.es\/en\/wp-json\/wp\/v2\/product_cat?post=3616"},{"taxonomy":"product_tag","embeddable":true,"href":"https:\/\/tecplan.com.es\/en\/wp-json\/wp\/v2\/product_tag?post=3616"}],"curies":[{"name":"wp","href":"https:\/\/api.w.org\/{rel}","templated":true}]}}