{"id":3615,"date":"2025-10-01T22:32:58","date_gmt":"2025-10-01T22:32:58","guid":{"rendered":"https:\/\/tecplan.com.es\/product\/gps-garmin-62s\/"},"modified":"2025-10-06T19:48:23","modified_gmt":"2025-10-06T19:48:23","slug":"gps-garmin-62s","status":"publish","type":"product","link":"https:\/\/tecplan.com.es\/en\/product\/gps-garmin-62s\/","title":{"rendered":"GPS Garmin 62s"},"content":{"rendered":"<p><strong>El Garmin GPSMAP 62s es un Navegador GPS port\u00e1til<\/strong><\/p>\n<p style=\"text-align: justify;\">El navegador de mano con nuevo dise\u00f1o GPSMAP 62s cuenta con un comp\u00e1s de tres ejes con inclinaci\u00f3n compensada, un alt\u00edmetro barom\u00e9trico, mapas topogr\u00e1ficos de 100 K preinstalados y compatibilidad con mapas personalizados, im\u00e1genes por sat\u00e9lite de BirdsEye\u2122 (es necesaria una suscripci\u00f3n) y navegaci\u00f3n por fotos. La unidad GPSMAP 62st es compacta y resistente al agua, utiliza una antena Quadrifilar Helix para una recepci\u00f3n incomparable, cuenta con conexi\u00f3n USB de alta velocidad, un dise\u00f1o novedoso y elegante, y conexi\u00f3n inal\u00e1mbrica con dispositivos de mano de Garmin compatibles.<\/p>\n<ul>\n<li style=\"text-align: justify;\"><strong>Explora el terreno<\/strong><br \/>\nLa unidad GPSMAP 62s se proporciona con mapas de datos topogr\u00e1ficos de 100 K integrados para los estados continentales de Estados Unidos y un mapa base mundial con relieves sombreados, que aportan todas las herramientas necesarias para aquellos que se toman la escalada o el monta\u00f1ismo en serio. El nivel de detalle de los mapas incluye parques naturales y bosques nacionales, estatales y locales, as\u00ed como informaci\u00f3n sobre la altura y contorno del terreno, senderos, r\u00edos, lagos y puntos de inter\u00e9s.<\/li>\n<li style=\"text-align: justify;\"><strong>No pierdas el rumbo<\/strong><br \/>\nLa unidad GPSMAP 62st dispone de un comp\u00e1s electr\u00f3nico de tres ejes con inclinaci\u00f3n compensada, que muestra el rumbo incluso si est\u00e1s parado y sosteni\u00e9ndolo de forma inclinada. Su alt\u00edmetro barom\u00e9trico registra los cambios en la presi\u00f3n para determinar tu altitud precisa e incluso puedes utilizarlo para representar gr\u00e1ficamente la presi\u00f3n barom\u00e9trica en el tiempo, lo que puede ayudarte a vigilar los cambios de las condiciones meteorol\u00f3gicas.<\/li>\n<li style=\"text-align: justify;\"><strong>Comparte de forma inal\u00e1mbrica<\/strong><br \/>\nCon la unidad GPSMAP 62s puedes compartir tus waypoints, tracks, rutas y geocach\u00e9s de forma inal\u00e1mbrica con otros usuarios de dispositivos de Garmin compatibles. Ahora, tus amigos tambi\u00e9n podr\u00e1n disfrutar de tus excursiones o actividades de geocaching favoritas; s\u00f3lo tienes que pulsar la opci\u00f3n de env\u00edo para transferir la informaci\u00f3n.<\/li>\n<\/ul>","protected":false},"excerpt":{"rendered":"<p style=\"text-align: justify;\">El Garmin GPSMAP 62s es un Navegador GPS port\u00e1til y resistente dise\u00f1ado para entusiastas de las actividades al aire libre, como excursionistas, cazadores, pescadores y marineros.<\/p>\n<p><img decoding=\"async\" class=\"wp-image-980 aligncenter\" role=\"img\" src=\"https:\/\/tecplan.com.es\/wp-content\/uploads\/2025\/05\/ParthersA_CS_pag-03.svg\" alt=\"\" width=\"203\" height=\"114\" \/><\/p>","protected":false},"featured_media":3575,"comment_status":"open","ping_status":"closed","template":"","meta":{"site-sidebar-layout":"default","site-content-layout":"","ast-site-content-layout":"default","site-content-style":"default","site-sidebar-style":"default","ast-global-header-display":"","ast-banner-title-visibility":"","ast-main-header-display":"","ast-hfb-above-header-display":"","ast-hfb-below-header-display":"","ast-hfb-mobile-header-display":"","site-post-title":"","ast-breadcrumbs-content":"","ast-featured-img":"","footer-sml-layout":"","ast-disable-related-posts":"","theme-transparent-header-meta":"default","adv-header-id-meta":"","stick-header-meta":"","header-above-stick-meta":"","header-main-stick-meta":"","header-below-stick-meta":"","astra-migrate-meta-layouts":"set","ast-page-background-enabled":"default","ast-page-background-meta":{"desktop":{"background-color":"var(--ast-global-color-5)","background-image":"","background-repeat":"repeat","background-position":"center center","background-size":"auto","background-attachment":"scroll","background-type":"","background-media":"","overlay-type":"","overlay-color":"","overlay-opacity":"","overlay-gradient":""},"tablet":{"background-color":"","background-image":"","background-repeat":"repeat","background-position":"center center","background-size":"auto","background-attachment":"scroll","background-type":"","background-media":"","overlay-type":"","overlay-color":"","overlay-opacity":"","overlay-gradient":""},"mobile":{"background-color":"","background-image":"","background-repeat":"repeat","background-position":"center center","background-size":"auto","background-attachment":"scroll","background-type":"","background-media":"","overlay-type":"","overlay-color":"","overlay-opacity":"","overlay-gradient":""}},"ast-content-background-meta":{"desktop":{"background-color":"var(--ast-global-color-4)","background-image":"","background-repeat":"repeat","background-position":"center center","background-size":"auto","background-attachment":"scroll","background-type":"","background-media":"","overlay-type":"","overlay-color":"","overlay-opacity":"","overlay-gradient":""},"tablet":{"background-color":"var(--ast-global-color-4)","background-image":"","background-repeat":"repeat","background-position":"center center","background-size":"auto","background-attachment":"scroll","background-type":"","background-media":"","overlay-type":"","overlay-color":"","overlay-opacity":"","overlay-gradient":""},"mobile":{"background-color":"var(--ast-global-color-4)","background-image":"","background-repeat":"repeat","background-position":"center center","background-size":"auto","background-attachment":"scroll","background-type":"","background-media":"","overlay-type":"","overlay-color":"","overlay-opacity":"","overlay-gradient":""}}},"product_brand":[241],"product_cat":[36,53,56],"product_tag":[198],"class_list":{"0":"post-3615","1":"product","2":"type-product","3":"status-publish","4":"has-post-thumbnail","6":"product_brand-garmin","7":"product_cat-comunicacion-satelital","8":"product_cat-garmin","9":"product_cat-gps-portatil","10":"product_tag-garmin","11":"desktop-align-left","12":"tablet-align-left","13":"mobile-align-left","15":"first","16":"instock","17":"shipping-taxable","18":"product-type-simple"},"yoast_head":"<!-- This site is optimized with the Yoast SEO plugin v25.3 - https:\/\/yoast.com\/wordpress\/plugins\/seo\/ -->\n<title>GPS Garmin 62s - Tecplan<\/title>\n<meta name=\"robots\" content=\"index, follow, max-snippet:-1, max-image-preview:large, max-video-preview:-1\" \/>\n<link rel=\"canonical\" href=\"https:\/\/tecplan.com.es\/en\/product\/gps-garmin-62s\/\" \/>\n<meta property=\"og:locale\" content=\"en_US\" \/>\n<meta property=\"og:type\" content=\"article\" \/>\n<meta property=\"og:title\" content=\"GPS Garmin 62s - Tecplan\" \/>\n<meta property=\"og:description\" content=\"El Garmin GPSMAP 62s es un Navegador GPS port\u00e1til y resistente dise\u00f1ado para entusiastas de las actividades al aire libre, como excursionistas, cazadores, pescadores y marineros.\" \/>\n<meta property=\"og:url\" content=\"https:\/\/tecplan.com.es\/en\/product\/gps-garmin-62s\/\" \/>\n<meta property=\"og:site_name\" content=\"Tecplan\" \/>\n<meta property=\"article:modified_time\" content=\"2025-10-06T19:48:23+00:00\" \/>\n<meta property=\"og:image\" content=\"https:\/\/tecplan.com.es\/wp-content\/uploads\/2025\/10\/GPS-Garmin-62s-01.jpg\" \/>\n\t<meta property=\"og:image:width\" content=\"2000\" \/>\n\t<meta property=\"og:image:height\" content=\"2000\" \/>\n\t<meta property=\"og:image:type\" content=\"image\/jpeg\" \/>\n<meta name=\"twitter:card\" content=\"summary_large_image\" \/>\n<meta name=\"twitter:label1\" content=\"Est. reading time\" \/>\n\t<meta name=\"twitter:data1\" content=\"2 minutes\" \/>\n<script type=\"application\/ld+json\" class=\"yoast-schema-graph\">{\"@context\":\"https:\/\/schema.org\",\"@graph\":[{\"@type\":\"WebPage\",\"@id\":\"https:\/\/tecplan.com.es\/product\/gps-garmin-62s\/\",\"url\":\"https:\/\/tecplan.com.es\/product\/gps-garmin-62s\/\",\"name\":\"GPS Garmin 62s - Tecplan\",\"isPartOf\":{\"@id\":\"https:\/\/tecplan.com.es\/#website\"},\"primaryImageOfPage\":{\"@id\":\"https:\/\/tecplan.com.es\/product\/gps-garmin-62s\/#primaryimage\"},\"image\":{\"@id\":\"https:\/\/tecplan.com.es\/product\/gps-garmin-62s\/#primaryimage\"},\"thumbnailUrl\":\"https:\/\/tecplan.com.es\/wp-content\/uploads\/2025\/10\/GPS-Garmin-62s-01.jpg\",\"datePublished\":\"2025-10-01T22:32:58+00:00\",\"dateModified\":\"2025-10-06T19:48:23+00:00\",\"breadcrumb\":{\"@id\":\"https:\/\/tecplan.com.es\/product\/gps-garmin-62s\/#breadcrumb\"},\"inLanguage\":\"en-US\",\"potentialAction\":[{\"@type\":\"ReadAction\",\"target\":[\"https:\/\/tecplan.com.es\/product\/gps-garmin-62s\/\"]}]},{\"@type\":\"ImageObject\",\"inLanguage\":\"en-US\",\"@id\":\"https:\/\/tecplan.com.es\/product\/gps-garmin-62s\/#primaryimage\",\"url\":\"https:\/\/tecplan.com.es\/wp-content\/uploads\/2025\/10\/GPS-Garmin-62s-01.jpg\",\"contentUrl\":\"https:\/\/tecplan.com.es\/wp-content\/uploads\/2025\/10\/GPS-Garmin-62s-01.jpg\",\"width\":2000,\"height\":2000},{\"@type\":\"BreadcrumbList\",\"@id\":\"https:\/\/tecplan.com.es\/product\/gps-garmin-62s\/#breadcrumb\",\"itemListElement\":[{\"@type\":\"ListItem\",\"position\":1,\"name\":\"Home\",\"item\":\"https:\/\/tecplan.com.es\/\"},{\"@type\":\"ListItem\",\"position\":2,\"name\":\"Shop\",\"item\":\"https:\/\/tecplan.com.es\/shop\/\"},{\"@type\":\"ListItem\",\"position\":3,\"name\":\"GPS Garmin 62s\"}]},{\"@type\":\"WebSite\",\"@id\":\"https:\/\/tecplan.com.es\/#website\",\"url\":\"https:\/\/tecplan.com.es\/\",\"name\":\"Tecplan\",\"description\":\"\",\"potentialAction\":[{\"@type\":\"SearchAction\",\"target\":{\"@type\":\"EntryPoint\",\"urlTemplate\":\"https:\/\/tecplan.com.es\/?s={search_term_string}\"},\"query-input\":{\"@type\":\"PropertyValueSpecification\",\"valueRequired\":true,\"valueName\":\"search_term_string\"}}],\"inLanguage\":\"en-US\"}]}<\/script>\n<!-- \/ Yoast SEO plugin. -->","yoast_head_json":{"title":"GPS Garmin 62s - Tecplan","robots":{"index":"index","follow":"follow","max-snippet":"max-snippet:-1","max-image-preview":"max-image-preview:large","max-video-preview":"max-video-preview:-1"},"canonical":"https:\/\/tecplan.com.es\/en\/product\/gps-garmin-62s\/","og_locale":"en_US","og_type":"article","og_title":"GPS Garmin 62s - Tecplan","og_description":"El Garmin GPSMAP 62s es un Navegador GPS port\u00e1til y resistente dise\u00f1ado para entusiastas de las actividades al aire libre, como excursionistas, cazadores, pescadores y marineros.","og_url":"https:\/\/tecplan.com.es\/en\/product\/gps-garmin-62s\/","og_site_name":"Tecplan","article_modified_time":"2025-10-06T19:48:23+00:00","og_image":[{"width":2000,"height":2000,"url":"https:\/\/tecplan.com.es\/wp-content\/uploads\/2025\/10\/GPS-Garmin-62s-01.jpg","type":"image\/jpeg"}],"twitter_card":"summary_large_image","twitter_misc":{"Est. reading time":"2 minutes"},"schema":{"@context":"https:\/\/schema.org","@graph":[{"@type":"WebPage","@id":"https:\/\/tecplan.com.es\/product\/gps-garmin-62s\/","url":"https:\/\/tecplan.com.es\/product\/gps-garmin-62s\/","name":"GPS Garmin 62s - Tecplan","isPartOf":{"@id":"https:\/\/tecplan.com.es\/#website"},"primaryImageOfPage":{"@id":"https:\/\/tecplan.com.es\/product\/gps-garmin-62s\/#primaryimage"},"image":{"@id":"https:\/\/tecplan.com.es\/product\/gps-garmin-62s\/#primaryimage"},"thumbnailUrl":"https:\/\/tecplan.com.es\/wp-content\/uploads\/2025\/10\/GPS-Garmin-62s-01.jpg","datePublished":"2025-10-01T22:32:58+00:00","dateModified":"2025-10-06T19:48:23+00:00","breadcrumb":{"@id":"https:\/\/tecplan.com.es\/product\/gps-garmin-62s\/#breadcrumb"},"inLanguage":"en-US","potentialAction":[{"@type":"ReadAction","target":["https:\/\/tecplan.com.es\/product\/gps-garmin-62s\/"]}]},{"@type":"ImageObject","inLanguage":"en-US","@id":"https:\/\/tecplan.com.es\/product\/gps-garmin-62s\/#primaryimage","url":"https:\/\/tecplan.com.es\/wp-content\/uploads\/2025\/10\/GPS-Garmin-62s-01.jpg","contentUrl":"https:\/\/tecplan.com.es\/wp-content\/uploads\/2025\/10\/GPS-Garmin-62s-01.jpg","width":2000,"height":2000},{"@type":"BreadcrumbList","@id":"https:\/\/tecplan.com.es\/product\/gps-garmin-62s\/#breadcrumb","itemListElement":[{"@type":"ListItem","position":1,"name":"Home","item":"https:\/\/tecplan.com.es\/"},{"@type":"ListItem","position":2,"name":"Shop","item":"https:\/\/tecplan.com.es\/shop\/"},{"@type":"ListItem","position":3,"name":"GPS Garmin 62s"}]},{"@type":"WebSite","@id":"https:\/\/tecplan.com.es\/#website","url":"https:\/\/tecplan.com.es\/","name":"Tecplan","description":"","potentialAction":[{"@type":"SearchAction","target":{"@type":"EntryPoint","urlTemplate":"https:\/\/tecplan.com.es\/?s={search_term_string}"},"query-input":{"@type":"PropertyValueSpecification","valueRequired":true,"valueName":"search_term_string"}}],"inLanguage":"en-US"}]}},"_links":{"self":[{"href":"https:\/\/tecplan.com.es\/en\/wp-json\/wp\/v2\/product\/3615","targetHints":{"allow":["GET"]}}],"collection":[{"href":"https:\/\/tecplan.com.es\/en\/wp-json\/wp\/v2\/product"}],"about":[{"href":"https:\/\/tecplan.com.es\/en\/wp-json\/wp\/v2\/types\/product"}],"replies":[{"embeddable":true,"href":"https:\/\/tecplan.com.es\/en\/wp-json\/wp\/v2\/comments?post=3615"}],"version-history":[{"count":2,"href":"https:\/\/tecplan.com.es\/en\/wp-json\/wp\/v2\/product\/3615\/revisions"}],"predecessor-version":[{"id":3710,"href":"https:\/\/tecplan.com.es\/en\/wp-json\/wp\/v2\/product\/3615\/revisions\/3710"}],"wp:featuredmedia":[{"embeddable":true,"href":"https:\/\/tecplan.com.es\/en\/wp-json\/wp\/v2\/media\/3575"}],"wp:attachment":[{"href":"https:\/\/tecplan.com.es\/en\/wp-json\/wp\/v2\/media?parent=3615"}],"wp:term":[{"taxonomy":"product_brand","embeddable":true,"href":"https:\/\/tecplan.com.es\/en\/wp-json\/wp\/v2\/product_brand?post=3615"},{"taxonomy":"product_cat","embeddable":true,"href":"https:\/\/tecplan.com.es\/en\/wp-json\/wp\/v2\/product_cat?post=3615"},{"taxonomy":"product_tag","embeddable":true,"href":"https:\/\/tecplan.com.es\/en\/wp-json\/wp\/v2\/product_tag?post=3615"}],"curies":[{"name":"wp","href":"https:\/\/api.w.org\/{rel}","templated":true}]}}