{"id":3508,"date":"2025-09-26T19:58:26","date_gmt":"2025-09-26T19:58:26","guid":{"rendered":"https:\/\/tecplan.com.es\/product\/arnes-de-cuerpo-completo\/"},"modified":"2025-12-01T21:43:51","modified_gmt":"2025-12-01T21:43:51","slug":"arnes-de-cuerpo-completo","status":"publish","type":"product","link":"https:\/\/tecplan.com.es\/en\/product\/arnes-de-cuerpo-completo\/","title":{"rendered":"Arn\u00e9s de Cuerpo Completo"},"content":{"rendered":"<p style=\"text-align: justify;\"><strong>Arn\u00e9s de Cuerpo Completo de 5 Puntos Aluminio<\/strong><\/p>\n<p style=\"text-align: justify;\">Arn\u00e9s de cuerpo completo de 5 puntos fabricado con aluminio se caracteriza por su ligereza y resistencia, siendo adecuado para trabajos en altura como escalada, torres, rescate o construcci\u00f3n. Estos arneses suelen incluir componentes de aluminio de aviaci\u00f3n, como el elevador de pecho, que ofrece una fuerza de tracci\u00f3n de 4KN y permite una operaci\u00f3n con una sola mano, con rebote autom\u00e1tico al liberarse.<\/p>\n<p style=\"text-align: justify;\">Adem\u00e1s, el aluminio se utiliza en anillos en D y otras partes met\u00e1licas para garantizar una alta resistencia sin aumentar excesivamente el peso del equipo. El arn\u00e9s de la marca BossSafe tambi\u00e9n cumple con normativas internacionales como CE EN361, CE EN358 y CE EN813, y tiene una capacidad de carga m\u00e1xima de 150 kg.<\/p>\n<p style=\"text-align: justify;\">Estos arneses est\u00e1n dise\u00f1ados para distribuir la carga de impacto en todo el cuerpo mediante correas en hombros, cintura y piernas, ofreciendo comodidad y seguridad durante largas jornadas de trabajo. Este modelo incluye correas acolchadas y ventiladas para mejorar la transpirabilidad y reducir la fatiga del usuario. El tiempo m\u00e1ximo de vida \u00fatil de estos arneses puede llegar hasta 10 a\u00f1os desde la fecha de fabricaci\u00f3n, especialmente para componentes textiles y pl\u00e1sticos, mientras que los met\u00e1licos tienen una vida \u00fatil indefinida.<\/p>\n<h5 style=\"text-align: justify;\"><span style=\"text-decoration: underline;\"><strong>DOWNLOADS<\/strong><\/span><\/h5>\n<ul style=\"text-align: justify;\">\n<li>\u2192\u00a0 <a href=\"https:\/\/drive.google.com\/file\/d\/1D5sHwrxNoQUP74OLqhCK7oy7b9PMEf5F\/view?usp=sharing\">Technical sheet<\/a><\/li>\n<\/ul>","protected":false},"excerpt":{"rendered":"<p style=\"text-align: justify;\">El arn\u00e9s de seguridad de cuerpo completo tiene un amplio uso en telecomunicaciones y sistemas de energ\u00eda el\u00e9ctrica para bloquear a los trabajadores ca\u00eddos desde la altura y es adecuado para un peso de trabajo inferior a 100 kg, especialmente dise\u00f1ado para un trabajo seguro y c\u00f3modo en torres.<\/p>\n<p><img decoding=\"async\" class=\"wp-image-3719 aligncenter\" src=\"https:\/\/tecplan.com.es\/wp-content\/uploads\/2025\/09\/logo-bosafe7-03-300x122.jpg\" alt=\"\" width=\"160\" height=\"65\" srcset=\"https:\/\/tecplan.com.es\/wp-content\/uploads\/2025\/09\/logo-bosafe7-03-300x122.jpg 300w, https:\/\/tecplan.com.es\/wp-content\/uploads\/2025\/09\/logo-bosafe7-03-1024x417.jpg 1024w, https:\/\/tecplan.com.es\/wp-content\/uploads\/2025\/09\/logo-bosafe7-03-768x313.jpg 768w, https:\/\/tecplan.com.es\/wp-content\/uploads\/2025\/09\/logo-bosafe7-03-18x7.jpg 18w, https:\/\/tecplan.com.es\/wp-content\/uploads\/2025\/09\/logo-bosafe7-03-600x245.jpg 600w, https:\/\/tecplan.com.es\/wp-content\/uploads\/2025\/09\/logo-bosafe7-03.jpg 1190w\" sizes=\"(max-width: 160px) 100vw, 160px\" \/><\/p>","protected":false},"featured_media":3492,"comment_status":"open","ping_status":"closed","template":"","meta":{"site-sidebar-layout":"default","site-content-layout":"","ast-site-content-layout":"default","site-content-style":"default","site-sidebar-style":"default","ast-global-header-display":"","ast-banner-title-visibility":"","ast-main-header-display":"","ast-hfb-above-header-display":"","ast-hfb-below-header-display":"","ast-hfb-mobile-header-display":"","site-post-title":"","ast-breadcrumbs-content":"","ast-featured-img":"","footer-sml-layout":"","ast-disable-related-posts":"","theme-transparent-header-meta":"default","adv-header-id-meta":"","stick-header-meta":"","header-above-stick-meta":"","header-main-stick-meta":"","header-below-stick-meta":"","astra-migrate-meta-layouts":"set","ast-page-background-enabled":"default","ast-page-background-meta":{"desktop":{"background-color":"var(--ast-global-color-5)","background-image":"","background-repeat":"repeat","background-position":"center center","background-size":"auto","background-attachment":"scroll","background-type":"","background-media":"","overlay-type":"","overlay-color":"","overlay-opacity":"","overlay-gradient":""},"tablet":{"background-color":"","background-image":"","background-repeat":"repeat","background-position":"center center","background-size":"auto","background-attachment":"scroll","background-type":"","background-media":"","overlay-type":"","overlay-color":"","overlay-opacity":"","overlay-gradient":""},"mobile":{"background-color":"","background-image":"","background-repeat":"repeat","background-position":"center center","background-size":"auto","background-attachment":"scroll","background-type":"","background-media":"","overlay-type":"","overlay-color":"","overlay-opacity":"","overlay-gradient":""}},"ast-content-background-meta":{"desktop":{"background-color":"var(--ast-global-color-4)","background-image":"","background-repeat":"repeat","background-position":"center center","background-size":"auto","background-attachment":"scroll","background-type":"","background-media":"","overlay-type":"","overlay-color":"","overlay-opacity":"","overlay-gradient":""},"tablet":{"background-color":"var(--ast-global-color-4)","background-image":"","background-repeat":"repeat","background-position":"center center","background-size":"auto","background-attachment":"scroll","background-type":"","background-media":"","overlay-type":"","overlay-color":"","overlay-opacity":"","overlay-gradient":""},"mobile":{"background-color":"var(--ast-global-color-4)","background-image":"","background-repeat":"repeat","background-position":"center center","background-size":"auto","background-attachment":"scroll","background-type":"","background-media":"","overlay-type":"","overlay-color":"","overlay-opacity":"","overlay-gradient":""}}},"product_brand":[289],"product_cat":[190,185],"product_tag":[229],"class_list":{"0":"post-3508","1":"product","2":"type-product","3":"status-publish","4":"has-post-thumbnail","6":"product_brand-bosssafe","7":"product_cat-bossafe","8":"product_cat-infraestructura","9":"product_tag-bossafe","10":"desktop-align-left","11":"tablet-align-left","12":"mobile-align-left","14":"first","15":"instock","16":"shipping-taxable","17":"product-type-simple"},"yoast_head":"<!-- This site is optimized with the Yoast SEO plugin v25.3 - https:\/\/yoast.com\/wordpress\/plugins\/seo\/ -->\n<title>Arn\u00e9s de Cuerpo Completo - Tecplan<\/title>\n<meta name=\"robots\" content=\"index, follow, max-snippet:-1, max-image-preview:large, max-video-preview:-1\" \/>\n<link rel=\"canonical\" href=\"https:\/\/tecplan.com.es\/en\/product\/arnes-de-cuerpo-completo\/\" \/>\n<meta property=\"og:locale\" content=\"en_US\" \/>\n<meta property=\"og:type\" content=\"article\" \/>\n<meta property=\"og:title\" content=\"Arn\u00e9s de Cuerpo Completo - Tecplan\" \/>\n<meta property=\"og:description\" content=\"El arn\u00e9s de seguridad de cuerpo completo tiene un amplio uso en telecomunicaciones y sistemas de energ\u00eda el\u00e9ctrica para bloquear a los trabajadores ca\u00eddos desde la altura y es adecuado para un peso de trabajo inferior a 100 kg, especialmente dise\u00f1ado para un trabajo seguro y c\u00f3modo en torres.\" \/>\n<meta property=\"og:url\" content=\"https:\/\/tecplan.com.es\/en\/product\/arnes-de-cuerpo-completo\/\" \/>\n<meta property=\"og:site_name\" content=\"Tecplan\" \/>\n<meta property=\"article:modified_time\" content=\"2025-12-01T21:43:51+00:00\" \/>\n<meta property=\"og:image\" content=\"https:\/\/tecplan.com.es\/wp-content\/uploads\/2025\/09\/Arnes-2.jpg\" \/>\n\t<meta property=\"og:image:width\" content=\"2000\" \/>\n\t<meta property=\"og:image:height\" content=\"2000\" \/>\n\t<meta property=\"og:image:type\" content=\"image\/jpeg\" \/>\n<meta name=\"twitter:card\" content=\"summary_large_image\" \/>\n<meta name=\"twitter:label1\" content=\"Est. reading time\" \/>\n\t<meta name=\"twitter:data1\" content=\"2 minutes\" \/>\n<script type=\"application\/ld+json\" class=\"yoast-schema-graph\">{\"@context\":\"https:\/\/schema.org\",\"@graph\":[{\"@type\":\"WebPage\",\"@id\":\"https:\/\/tecplan.com.es\/product\/arnes-de-cuerpo-completo\/\",\"url\":\"https:\/\/tecplan.com.es\/product\/arnes-de-cuerpo-completo\/\",\"name\":\"Arn\u00e9s de Cuerpo Completo - Tecplan\",\"isPartOf\":{\"@id\":\"https:\/\/tecplan.com.es\/#website\"},\"primaryImageOfPage\":{\"@id\":\"https:\/\/tecplan.com.es\/product\/arnes-de-cuerpo-completo\/#primaryimage\"},\"image\":{\"@id\":\"https:\/\/tecplan.com.es\/product\/arnes-de-cuerpo-completo\/#primaryimage\"},\"thumbnailUrl\":\"https:\/\/tecplan.com.es\/wp-content\/uploads\/2025\/09\/Arnes-2.jpg\",\"datePublished\":\"2025-09-26T19:58:26+00:00\",\"dateModified\":\"2025-12-01T21:43:51+00:00\",\"breadcrumb\":{\"@id\":\"https:\/\/tecplan.com.es\/product\/arnes-de-cuerpo-completo\/#breadcrumb\"},\"inLanguage\":\"en-US\",\"potentialAction\":[{\"@type\":\"ReadAction\",\"target\":[\"https:\/\/tecplan.com.es\/product\/arnes-de-cuerpo-completo\/\"]}]},{\"@type\":\"ImageObject\",\"inLanguage\":\"en-US\",\"@id\":\"https:\/\/tecplan.com.es\/product\/arnes-de-cuerpo-completo\/#primaryimage\",\"url\":\"https:\/\/tecplan.com.es\/wp-content\/uploads\/2025\/09\/Arnes-2.jpg\",\"contentUrl\":\"https:\/\/tecplan.com.es\/wp-content\/uploads\/2025\/09\/Arnes-2.jpg\",\"width\":2000,\"height\":2000},{\"@type\":\"BreadcrumbList\",\"@id\":\"https:\/\/tecplan.com.es\/product\/arnes-de-cuerpo-completo\/#breadcrumb\",\"itemListElement\":[{\"@type\":\"ListItem\",\"position\":1,\"name\":\"Home\",\"item\":\"https:\/\/tecplan.com.es\/\"},{\"@type\":\"ListItem\",\"position\":2,\"name\":\"Shop\",\"item\":\"https:\/\/tecplan.com.es\/shop\/\"},{\"@type\":\"ListItem\",\"position\":3,\"name\":\"Arn\u00e9s de Cuerpo Completo\"}]},{\"@type\":\"WebSite\",\"@id\":\"https:\/\/tecplan.com.es\/#website\",\"url\":\"https:\/\/tecplan.com.es\/\",\"name\":\"Tecplan\",\"description\":\"\",\"potentialAction\":[{\"@type\":\"SearchAction\",\"target\":{\"@type\":\"EntryPoint\",\"urlTemplate\":\"https:\/\/tecplan.com.es\/?s={search_term_string}\"},\"query-input\":{\"@type\":\"PropertyValueSpecification\",\"valueRequired\":true,\"valueName\":\"search_term_string\"}}],\"inLanguage\":\"en-US\"}]}<\/script>\n<!-- \/ Yoast SEO plugin. -->","yoast_head_json":{"title":"Arn\u00e9s de Cuerpo Completo - Tecplan","robots":{"index":"index","follow":"follow","max-snippet":"max-snippet:-1","max-image-preview":"max-image-preview:large","max-video-preview":"max-video-preview:-1"},"canonical":"https:\/\/tecplan.com.es\/en\/product\/arnes-de-cuerpo-completo\/","og_locale":"en_US","og_type":"article","og_title":"Arn\u00e9s de Cuerpo Completo - Tecplan","og_description":"El arn\u00e9s de seguridad de cuerpo completo tiene un amplio uso en telecomunicaciones y sistemas de energ\u00eda el\u00e9ctrica para bloquear a los trabajadores ca\u00eddos desde la altura y es adecuado para un peso de trabajo inferior a 100 kg, especialmente dise\u00f1ado para un trabajo seguro y c\u00f3modo en torres.","og_url":"https:\/\/tecplan.com.es\/en\/product\/arnes-de-cuerpo-completo\/","og_site_name":"Tecplan","article_modified_time":"2025-12-01T21:43:51+00:00","og_image":[{"width":2000,"height":2000,"url":"https:\/\/tecplan.com.es\/wp-content\/uploads\/2025\/09\/Arnes-2.jpg","type":"image\/jpeg"}],"twitter_card":"summary_large_image","twitter_misc":{"Est. reading time":"2 minutes"},"schema":{"@context":"https:\/\/schema.org","@graph":[{"@type":"WebPage","@id":"https:\/\/tecplan.com.es\/product\/arnes-de-cuerpo-completo\/","url":"https:\/\/tecplan.com.es\/product\/arnes-de-cuerpo-completo\/","name":"Arn\u00e9s de Cuerpo Completo - Tecplan","isPartOf":{"@id":"https:\/\/tecplan.com.es\/#website"},"primaryImageOfPage":{"@id":"https:\/\/tecplan.com.es\/product\/arnes-de-cuerpo-completo\/#primaryimage"},"image":{"@id":"https:\/\/tecplan.com.es\/product\/arnes-de-cuerpo-completo\/#primaryimage"},"thumbnailUrl":"https:\/\/tecplan.com.es\/wp-content\/uploads\/2025\/09\/Arnes-2.jpg","datePublished":"2025-09-26T19:58:26+00:00","dateModified":"2025-12-01T21:43:51+00:00","breadcrumb":{"@id":"https:\/\/tecplan.com.es\/product\/arnes-de-cuerpo-completo\/#breadcrumb"},"inLanguage":"en-US","potentialAction":[{"@type":"ReadAction","target":["https:\/\/tecplan.com.es\/product\/arnes-de-cuerpo-completo\/"]}]},{"@type":"ImageObject","inLanguage":"en-US","@id":"https:\/\/tecplan.com.es\/product\/arnes-de-cuerpo-completo\/#primaryimage","url":"https:\/\/tecplan.com.es\/wp-content\/uploads\/2025\/09\/Arnes-2.jpg","contentUrl":"https:\/\/tecplan.com.es\/wp-content\/uploads\/2025\/09\/Arnes-2.jpg","width":2000,"height":2000},{"@type":"BreadcrumbList","@id":"https:\/\/tecplan.com.es\/product\/arnes-de-cuerpo-completo\/#breadcrumb","itemListElement":[{"@type":"ListItem","position":1,"name":"Home","item":"https:\/\/tecplan.com.es\/"},{"@type":"ListItem","position":2,"name":"Shop","item":"https:\/\/tecplan.com.es\/shop\/"},{"@type":"ListItem","position":3,"name":"Arn\u00e9s de Cuerpo Completo"}]},{"@type":"WebSite","@id":"https:\/\/tecplan.com.es\/#website","url":"https:\/\/tecplan.com.es\/","name":"Tecplan","description":"","potentialAction":[{"@type":"SearchAction","target":{"@type":"EntryPoint","urlTemplate":"https:\/\/tecplan.com.es\/?s={search_term_string}"},"query-input":{"@type":"PropertyValueSpecification","valueRequired":true,"valueName":"search_term_string"}}],"inLanguage":"en-US"}]}},"_links":{"self":[{"href":"https:\/\/tecplan.com.es\/en\/wp-json\/wp\/v2\/product\/3508","targetHints":{"allow":["GET"]}}],"collection":[{"href":"https:\/\/tecplan.com.es\/en\/wp-json\/wp\/v2\/product"}],"about":[{"href":"https:\/\/tecplan.com.es\/en\/wp-json\/wp\/v2\/types\/product"}],"replies":[{"embeddable":true,"href":"https:\/\/tecplan.com.es\/en\/wp-json\/wp\/v2\/comments?post=3508"}],"version-history":[{"count":2,"href":"https:\/\/tecplan.com.es\/en\/wp-json\/wp\/v2\/product\/3508\/revisions"}],"predecessor-version":[{"id":3718,"href":"https:\/\/tecplan.com.es\/en\/wp-json\/wp\/v2\/product\/3508\/revisions\/3718"}],"wp:featuredmedia":[{"embeddable":true,"href":"https:\/\/tecplan.com.es\/en\/wp-json\/wp\/v2\/media\/3492"}],"wp:attachment":[{"href":"https:\/\/tecplan.com.es\/en\/wp-json\/wp\/v2\/media?parent=3508"}],"wp:term":[{"taxonomy":"product_brand","embeddable":true,"href":"https:\/\/tecplan.com.es\/en\/wp-json\/wp\/v2\/product_brand?post=3508"},{"taxonomy":"product_cat","embeddable":true,"href":"https:\/\/tecplan.com.es\/en\/wp-json\/wp\/v2\/product_cat?post=3508"},{"taxonomy":"product_tag","embeddable":true,"href":"https:\/\/tecplan.com.es\/en\/wp-json\/wp\/v2\/product_tag?post=3508"}],"curies":[{"name":"wp","href":"https:\/\/api.w.org\/{rel}","templated":true}]}}