{"id":3507,"date":"2025-09-26T19:58:26","date_gmt":"2025-09-26T19:58:26","guid":{"rendered":"https:\/\/tecplan.com.es\/product\/baliza-beacom-led-para-torres\/"},"modified":"2025-10-06T20:23:24","modified_gmt":"2025-10-06T20:23:24","slug":"baliza-beacom-led-para-torres","status":"publish","type":"product","link":"https:\/\/tecplan.com.es\/en\/product\/baliza-beacom-led-para-torres\/","title":{"rendered":"Baliza Beacom LED para torres"},"content":{"rendered":"<p style=\"text-align: justify;\"><strong>Baliza Beacom Luz LED para torres 45-70 mts.<\/strong><\/p>\n<p style=\"text-align: justify;\">Ampliamente utilizado en varios campos de la Fuerza A\u00e9rea, aeropuertos civiles y espacio a\u00e9reo libre de obst\u00e1culos, helipuertos, torres de hierro, chimeneas, puertos, plantas de energ\u00eda e\u00f3lica, puentes y edificios de gran altura de la ciudad donde requieren advertencia de aviaci\u00f3n.<\/p>\n<p style=\"text-align: justify;\"><strong>Caracter\u00edsticas destacadas<\/strong><\/p>\n<p style=\"text-align: justify;\">La pantalla de la l\u00e1mpara de la luz aopta una PC con anti-UV que es una transmisi\u00f3n de luz de alta eficiencia de hasta el 95%, una resistencia al impacto bastante alta y se adapta muy bien al mal ambiente. Casa de la luz est\u00e1 hecha de aleaci\u00f3n de aluminio y pintada mediante pulverizaci\u00f3n de pl\u00e1sticos, la estructura es de alta resistencia, resistencia a la corrosi\u00f3n. Usando el dise\u00f1o \u00f3ptico del reflector parab\u00f3lico, alcance m\u00e1s lejos. La fuente de luz adopta LED de alta calidad, bajo consumo de energ\u00eda, larga vida \u00fatil, alto brillo.<\/p>\n<p style=\"text-align: justify;\">Basado en el control de la computadora de un solo chip, la se\u00f1al de sincronizaci\u00f3n de identificaci\u00f3n autom\u00e1tica, no distingue la luz principal y la luz auxiliar, y tambi\u00e9n podr\u00eda ser controlado por el controlador. El mismo voltaje de la fuente de alimentaci\u00f3n con la se\u00f1al s\u00edncrona, se integra en el cable de la fuente de alimentaci\u00f3n, elimina el da\u00f1o causado por la instalaci\u00f3n del error. Se utiliz\u00f3 la sonda fotosensible para la curva del espectro de luz natural, nivel de intensidad de luz de control autom\u00e1tico. El circuito de la luz tiene protecci\u00f3n contra sobretensiones cuya capacidad a prueba de rayos es de 7.5KA \/ 5 veces, Imax 15KA para que la luz sea adecuada para entornos hostiles.<\/p>\n<ul>\n<li style=\"text-align: justify;\">Estructura integral, palanca de protecci\u00f3n de IP65.<\/li>\n<li style=\"text-align: justify;\">Tasa de inflamabilidad UL-94V0, apta para todo tipo de situaci\u00f3n industrial.<\/li>\n<\/ul>","protected":false},"excerpt":{"rendered":"<p>Balizas Dobles LED utilizadas en aeropuertos, espacios a\u00e9reos, torres , puentes y edificios de gran altura de la ciudad donde requieren.<\/p>\n<p><img decoding=\"async\" class=\"wp-image-1076 aligncenter\" src=\"https:\/\/tecplan.com.es\/wp-content\/uploads\/2025\/05\/baner_infraestructura-01-300x101.png\" alt=\"\" width=\"187\" height=\"63\" srcset=\"https:\/\/tecplan.com.es\/wp-content\/uploads\/2025\/05\/baner_infraestructura-01-300x101.png 300w, https:\/\/tecplan.com.es\/wp-content\/uploads\/2025\/05\/baner_infraestructura-01-600x202.png 600w, https:\/\/tecplan.com.es\/wp-content\/uploads\/2025\/05\/baner_infraestructura-01-1024x345.png 1024w, https:\/\/tecplan.com.es\/wp-content\/uploads\/2025\/05\/baner_infraestructura-01-768x259.png 768w, https:\/\/tecplan.com.es\/wp-content\/uploads\/2025\/05\/baner_infraestructura-01-18x6.png 18w, https:\/\/tecplan.com.es\/wp-content\/uploads\/2025\/05\/baner_infraestructura-01.png 1379w\" sizes=\"(max-width: 187px) 100vw, 187px\" \/><\/p>","protected":false},"featured_media":3490,"comment_status":"open","ping_status":"closed","template":"","meta":{"site-sidebar-layout":"default","site-content-layout":"","ast-site-content-layout":"default","site-content-style":"default","site-sidebar-style":"default","ast-global-header-display":"","ast-banner-title-visibility":"","ast-main-header-display":"","ast-hfb-above-header-display":"","ast-hfb-below-header-display":"","ast-hfb-mobile-header-display":"","site-post-title":"","ast-breadcrumbs-content":"","ast-featured-img":"","footer-sml-layout":"","ast-disable-related-posts":"","theme-transparent-header-meta":"default","adv-header-id-meta":"","stick-header-meta":"","header-above-stick-meta":"","header-main-stick-meta":"","header-below-stick-meta":"","astra-migrate-meta-layouts":"set","ast-page-background-enabled":"default","ast-page-background-meta":{"desktop":{"background-color":"var(--ast-global-color-5)","background-image":"","background-repeat":"repeat","background-position":"center center","background-size":"auto","background-attachment":"scroll","background-type":"","background-media":"","overlay-type":"","overlay-color":"","overlay-opacity":"","overlay-gradient":""},"tablet":{"background-color":"","background-image":"","background-repeat":"repeat","background-position":"center center","background-size":"auto","background-attachment":"scroll","background-type":"","background-media":"","overlay-type":"","overlay-color":"","overlay-opacity":"","overlay-gradient":""},"mobile":{"background-color":"","background-image":"","background-repeat":"repeat","background-position":"center center","background-size":"auto","background-attachment":"scroll","background-type":"","background-media":"","overlay-type":"","overlay-color":"","overlay-opacity":"","overlay-gradient":""}},"ast-content-background-meta":{"desktop":{"background-color":"var(--ast-global-color-4)","background-image":"","background-repeat":"repeat","background-position":"center center","background-size":"auto","background-attachment":"scroll","background-type":"","background-media":"","overlay-type":"","overlay-color":"","overlay-opacity":"","overlay-gradient":""},"tablet":{"background-color":"var(--ast-global-color-4)","background-image":"","background-repeat":"repeat","background-position":"center center","background-size":"auto","background-attachment":"scroll","background-type":"","background-media":"","overlay-type":"","overlay-color":"","overlay-opacity":"","overlay-gradient":""},"mobile":{"background-color":"var(--ast-global-color-4)","background-image":"","background-repeat":"repeat","background-position":"center center","background-size":"auto","background-attachment":"scroll","background-type":"","background-media":"","overlay-type":"","overlay-color":"","overlay-opacity":"","overlay-gradient":""}}},"product_brand":[288],"product_cat":[185,186],"product_tag":[227],"class_list":{"0":"post-3507","1":"product","2":"type-product","3":"status-publish","4":"has-post-thumbnail","6":"product_brand-ledtop","7":"product_cat-infraestructura","8":"product_cat-ledtop","9":"product_tag-ledtop","10":"desktop-align-left","11":"tablet-align-left","12":"mobile-align-left","14":"first","15":"instock","16":"shipping-taxable","17":"product-type-simple"},"yoast_head":"<!-- This site is optimized with the Yoast SEO plugin v25.3 - https:\/\/yoast.com\/wordpress\/plugins\/seo\/ -->\n<title>Baliza Beacom LED para torres - Tecplan<\/title>\n<meta name=\"robots\" content=\"index, follow, max-snippet:-1, max-image-preview:large, max-video-preview:-1\" \/>\n<link rel=\"canonical\" href=\"https:\/\/tecplan.com.es\/en\/product\/baliza-beacom-led-para-torres\/\" \/>\n<meta property=\"og:locale\" content=\"en_US\" \/>\n<meta property=\"og:type\" content=\"article\" \/>\n<meta property=\"og:title\" content=\"Baliza Beacom LED para torres - Tecplan\" \/>\n<meta property=\"og:description\" content=\"Balizas Dobles LED utilizadas en aeropuertos, espacios a\u00e9reos, torres , puentes y edificios de gran altura de la ciudad donde requieren.\" \/>\n<meta property=\"og:url\" content=\"https:\/\/tecplan.com.es\/en\/product\/baliza-beacom-led-para-torres\/\" \/>\n<meta property=\"og:site_name\" content=\"Tecplan\" \/>\n<meta property=\"article:modified_time\" content=\"2025-10-06T20:23:24+00:00\" \/>\n<meta property=\"og:image\" content=\"https:\/\/tecplan.com.es\/wp-content\/uploads\/2025\/09\/Baliza-Beacom-01.jpg\" \/>\n\t<meta property=\"og:image:width\" content=\"2000\" \/>\n\t<meta property=\"og:image:height\" content=\"2000\" \/>\n\t<meta property=\"og:image:type\" content=\"image\/jpeg\" \/>\n<meta name=\"twitter:card\" content=\"summary_large_image\" \/>\n<meta name=\"twitter:label1\" content=\"Est. reading time\" \/>\n\t<meta name=\"twitter:data1\" content=\"2 minutes\" \/>\n<script type=\"application\/ld+json\" class=\"yoast-schema-graph\">{\"@context\":\"https:\/\/schema.org\",\"@graph\":[{\"@type\":\"WebPage\",\"@id\":\"https:\/\/tecplan.com.es\/product\/baliza-beacom-led-para-torres\/\",\"url\":\"https:\/\/tecplan.com.es\/product\/baliza-beacom-led-para-torres\/\",\"name\":\"Baliza Beacom LED para torres - Tecplan\",\"isPartOf\":{\"@id\":\"https:\/\/tecplan.com.es\/#website\"},\"primaryImageOfPage\":{\"@id\":\"https:\/\/tecplan.com.es\/product\/baliza-beacom-led-para-torres\/#primaryimage\"},\"image\":{\"@id\":\"https:\/\/tecplan.com.es\/product\/baliza-beacom-led-para-torres\/#primaryimage\"},\"thumbnailUrl\":\"https:\/\/tecplan.com.es\/wp-content\/uploads\/2025\/09\/Baliza-Beacom-01.jpg\",\"datePublished\":\"2025-09-26T19:58:26+00:00\",\"dateModified\":\"2025-10-06T20:23:24+00:00\",\"breadcrumb\":{\"@id\":\"https:\/\/tecplan.com.es\/product\/baliza-beacom-led-para-torres\/#breadcrumb\"},\"inLanguage\":\"en-US\",\"potentialAction\":[{\"@type\":\"ReadAction\",\"target\":[\"https:\/\/tecplan.com.es\/product\/baliza-beacom-led-para-torres\/\"]}]},{\"@type\":\"ImageObject\",\"inLanguage\":\"en-US\",\"@id\":\"https:\/\/tecplan.com.es\/product\/baliza-beacom-led-para-torres\/#primaryimage\",\"url\":\"https:\/\/tecplan.com.es\/wp-content\/uploads\/2025\/09\/Baliza-Beacom-01.jpg\",\"contentUrl\":\"https:\/\/tecplan.com.es\/wp-content\/uploads\/2025\/09\/Baliza-Beacom-01.jpg\",\"width\":2000,\"height\":2000},{\"@type\":\"BreadcrumbList\",\"@id\":\"https:\/\/tecplan.com.es\/product\/baliza-beacom-led-para-torres\/#breadcrumb\",\"itemListElement\":[{\"@type\":\"ListItem\",\"position\":1,\"name\":\"Home\",\"item\":\"https:\/\/tecplan.com.es\/\"},{\"@type\":\"ListItem\",\"position\":2,\"name\":\"Shop\",\"item\":\"https:\/\/tecplan.com.es\/shop\/\"},{\"@type\":\"ListItem\",\"position\":3,\"name\":\"Baliza Beacom LED para torres\"}]},{\"@type\":\"WebSite\",\"@id\":\"https:\/\/tecplan.com.es\/#website\",\"url\":\"https:\/\/tecplan.com.es\/\",\"name\":\"Tecplan\",\"description\":\"\",\"potentialAction\":[{\"@type\":\"SearchAction\",\"target\":{\"@type\":\"EntryPoint\",\"urlTemplate\":\"https:\/\/tecplan.com.es\/?s={search_term_string}\"},\"query-input\":{\"@type\":\"PropertyValueSpecification\",\"valueRequired\":true,\"valueName\":\"search_term_string\"}}],\"inLanguage\":\"en-US\"}]}<\/script>\n<!-- \/ Yoast SEO plugin. -->","yoast_head_json":{"title":"Baliza Beacom LED para torres - Tecplan","robots":{"index":"index","follow":"follow","max-snippet":"max-snippet:-1","max-image-preview":"max-image-preview:large","max-video-preview":"max-video-preview:-1"},"canonical":"https:\/\/tecplan.com.es\/en\/product\/baliza-beacom-led-para-torres\/","og_locale":"en_US","og_type":"article","og_title":"Baliza Beacom LED para torres - Tecplan","og_description":"Balizas Dobles LED utilizadas en aeropuertos, espacios a\u00e9reos, torres , puentes y edificios de gran altura de la ciudad donde requieren.","og_url":"https:\/\/tecplan.com.es\/en\/product\/baliza-beacom-led-para-torres\/","og_site_name":"Tecplan","article_modified_time":"2025-10-06T20:23:24+00:00","og_image":[{"width":2000,"height":2000,"url":"https:\/\/tecplan.com.es\/wp-content\/uploads\/2025\/09\/Baliza-Beacom-01.jpg","type":"image\/jpeg"}],"twitter_card":"summary_large_image","twitter_misc":{"Est. reading time":"2 minutes"},"schema":{"@context":"https:\/\/schema.org","@graph":[{"@type":"WebPage","@id":"https:\/\/tecplan.com.es\/product\/baliza-beacom-led-para-torres\/","url":"https:\/\/tecplan.com.es\/product\/baliza-beacom-led-para-torres\/","name":"Baliza Beacom LED para torres - Tecplan","isPartOf":{"@id":"https:\/\/tecplan.com.es\/#website"},"primaryImageOfPage":{"@id":"https:\/\/tecplan.com.es\/product\/baliza-beacom-led-para-torres\/#primaryimage"},"image":{"@id":"https:\/\/tecplan.com.es\/product\/baliza-beacom-led-para-torres\/#primaryimage"},"thumbnailUrl":"https:\/\/tecplan.com.es\/wp-content\/uploads\/2025\/09\/Baliza-Beacom-01.jpg","datePublished":"2025-09-26T19:58:26+00:00","dateModified":"2025-10-06T20:23:24+00:00","breadcrumb":{"@id":"https:\/\/tecplan.com.es\/product\/baliza-beacom-led-para-torres\/#breadcrumb"},"inLanguage":"en-US","potentialAction":[{"@type":"ReadAction","target":["https:\/\/tecplan.com.es\/product\/baliza-beacom-led-para-torres\/"]}]},{"@type":"ImageObject","inLanguage":"en-US","@id":"https:\/\/tecplan.com.es\/product\/baliza-beacom-led-para-torres\/#primaryimage","url":"https:\/\/tecplan.com.es\/wp-content\/uploads\/2025\/09\/Baliza-Beacom-01.jpg","contentUrl":"https:\/\/tecplan.com.es\/wp-content\/uploads\/2025\/09\/Baliza-Beacom-01.jpg","width":2000,"height":2000},{"@type":"BreadcrumbList","@id":"https:\/\/tecplan.com.es\/product\/baliza-beacom-led-para-torres\/#breadcrumb","itemListElement":[{"@type":"ListItem","position":1,"name":"Home","item":"https:\/\/tecplan.com.es\/"},{"@type":"ListItem","position":2,"name":"Shop","item":"https:\/\/tecplan.com.es\/shop\/"},{"@type":"ListItem","position":3,"name":"Baliza Beacom LED para torres"}]},{"@type":"WebSite","@id":"https:\/\/tecplan.com.es\/#website","url":"https:\/\/tecplan.com.es\/","name":"Tecplan","description":"","potentialAction":[{"@type":"SearchAction","target":{"@type":"EntryPoint","urlTemplate":"https:\/\/tecplan.com.es\/?s={search_term_string}"},"query-input":{"@type":"PropertyValueSpecification","valueRequired":true,"valueName":"search_term_string"}}],"inLanguage":"en-US"}]}},"_links":{"self":[{"href":"https:\/\/tecplan.com.es\/en\/wp-json\/wp\/v2\/product\/3507","targetHints":{"allow":["GET"]}}],"collection":[{"href":"https:\/\/tecplan.com.es\/en\/wp-json\/wp\/v2\/product"}],"about":[{"href":"https:\/\/tecplan.com.es\/en\/wp-json\/wp\/v2\/types\/product"}],"replies":[{"embeddable":true,"href":"https:\/\/tecplan.com.es\/en\/wp-json\/wp\/v2\/comments?post=3507"}],"version-history":[{"count":3,"href":"https:\/\/tecplan.com.es\/en\/wp-json\/wp\/v2\/product\/3507\/revisions"}],"predecessor-version":[{"id":3717,"href":"https:\/\/tecplan.com.es\/en\/wp-json\/wp\/v2\/product\/3507\/revisions\/3717"}],"wp:featuredmedia":[{"embeddable":true,"href":"https:\/\/tecplan.com.es\/en\/wp-json\/wp\/v2\/media\/3490"}],"wp:attachment":[{"href":"https:\/\/tecplan.com.es\/en\/wp-json\/wp\/v2\/media?parent=3507"}],"wp:term":[{"taxonomy":"product_brand","embeddable":true,"href":"https:\/\/tecplan.com.es\/en\/wp-json\/wp\/v2\/product_brand?post=3507"},{"taxonomy":"product_cat","embeddable":true,"href":"https:\/\/tecplan.com.es\/en\/wp-json\/wp\/v2\/product_cat?post=3507"},{"taxonomy":"product_tag","embeddable":true,"href":"https:\/\/tecplan.com.es\/en\/wp-json\/wp\/v2\/product_tag?post=3507"}],"curies":[{"name":"wp","href":"https:\/\/api.w.org\/{rel}","templated":true}]}}