{"id":3505,"date":"2025-09-26T19:58:26","date_gmt":"2025-09-26T19:58:26","guid":{"rendered":"https:\/\/tecplan.com.es\/product\/balizas-para-torres-20-45-mts\/"},"modified":"2026-02-03T22:54:59","modified_gmt":"2026-02-03T22:54:59","slug":"balizas-para-torres-20-45-mts","status":"publish","type":"product","link":"https:\/\/tecplan.com.es\/en\/product\/balizas-para-torres-20-45-mts\/","title":{"rendered":"Balizas para torres 20-45 mts"},"content":{"rendered":"<p style=\"text-align: justify;\"><strong>Balizas Dobles LED para torres 20-45 mts.<\/strong><\/p>\n<p style=\"text-align: justify;\">Ampliamente utilizado en varios campos de la Fuerza A\u00e9rea, aeropuertos civiles y espacio a\u00e9reo libre de obst\u00e1culos, helipuertos, torres de hierro, chimeneas, puertos, plantas de energ\u00eda e\u00f3lica, puentes y edificios de gran altura de la ciudad donde requieren advertencia de aviaci\u00f3n.<\/p>\n<p style=\"text-align: justify;\"><strong>Caracter\u00edsticas destacadas<\/strong><\/p>\n<p style=\"text-align: justify;\">La cubierta de la l\u00e1mpara de la luz adopta una PC con anti-UV que es una transmisi\u00f3n de luz de alta eficiencia de hasta el 90%, una resistencia al impacto bastante alta y se adapta muy bien al mal ambiente. House of the light est\u00e1 hecha de aleaci\u00f3n de aluminio y pintada mediante pulverizaci\u00f3n de pl\u00e1sticos, la estructura es de alta resistencia, resistencia a la corrosi\u00f3n. Utilizando el dise\u00f1o \u00f3ptico de la lente de Fresnel, ampl\u00ede el alcance. La fuente de luz adopta LED con una vida \u00fatil prolongada de hasta 100,000 horas, menor consumo de energ\u00eda y alta eficiencia.<\/p>\n<p style=\"text-align: justify;\">Basado en el control de computadora de un solo chip, la se\u00f1al de sincronizaci\u00f3n de identificaci\u00f3n autom\u00e1tica, no distingue la luz principal y la luz auxiliar, y tambi\u00e9n podr\u00eda ser controlado por el controlador. El mismo voltaje de fuente de alimentaci\u00f3n con se\u00f1al s\u00edncrona, se integra en el cable de alimentaci\u00f3n, elimina el da\u00f1o causado por la instalaci\u00f3n de error.<\/p>\n<p style=\"text-align: justify;\">Us\u00f3 la sonda fotosensible ajustada para la curva del espectro de luz natural, nivel de intensidad de luz de control autom\u00e1tico. 8. El circuito de la luz tiene protecci\u00f3n contra sobretensiones para que la luz sea adecuada para entornos hostiles.<\/p>\n<ul>\n<li style=\"text-align: justify;\">Estructura integral, palanca de protecci\u00f3n de IP65.<\/li>\n<li style=\"text-align: justify;\">Tasa de inflamabilidad UL-94V0, apta para todo tipo de situaci\u00f3n industrial.<\/li>\n<li style=\"text-align: justify;\">La funci\u00f3n de sincronizaci\u00f3n GPS est\u00e1 disponible.<\/li>\n<\/ul>","protected":false},"excerpt":{"rendered":"<p style=\"text-align: justify;\">Balizas Dobles LED utilizadas en aeropuertos, espacios a\u00e9reos, torres , puentes y edificios de gran altura de la ciudad donde requieren.<\/p>\n<p><img decoding=\"async\" class=\"wp-image-1076 aligncenter\" src=\"https:\/\/tecplan.com.es\/wp-content\/uploads\/2025\/05\/baner_infraestructura-01-300x101.png\" alt=\"\" width=\"184\" height=\"62\" srcset=\"https:\/\/tecplan.com.es\/wp-content\/uploads\/2025\/05\/baner_infraestructura-01-300x101.png 300w, https:\/\/tecplan.com.es\/wp-content\/uploads\/2025\/05\/baner_infraestructura-01-600x202.png 600w, https:\/\/tecplan.com.es\/wp-content\/uploads\/2025\/05\/baner_infraestructura-01-1024x345.png 1024w, https:\/\/tecplan.com.es\/wp-content\/uploads\/2025\/05\/baner_infraestructura-01-768x259.png 768w, https:\/\/tecplan.com.es\/wp-content\/uploads\/2025\/05\/baner_infraestructura-01-18x6.png 18w, https:\/\/tecplan.com.es\/wp-content\/uploads\/2025\/05\/baner_infraestructura-01.png 1379w\" sizes=\"(max-width: 184px) 100vw, 184px\" \/><\/p>","protected":false},"featured_media":3486,"comment_status":"open","ping_status":"closed","template":"","meta":{"site-sidebar-layout":"default","site-content-layout":"","ast-site-content-layout":"default","site-content-style":"default","site-sidebar-style":"default","ast-global-header-display":"","ast-banner-title-visibility":"","ast-main-header-display":"","ast-hfb-above-header-display":"","ast-hfb-below-header-display":"","ast-hfb-mobile-header-display":"","site-post-title":"","ast-breadcrumbs-content":"","ast-featured-img":"","footer-sml-layout":"","ast-disable-related-posts":"","theme-transparent-header-meta":"default","adv-header-id-meta":"","stick-header-meta":"","header-above-stick-meta":"","header-main-stick-meta":"","header-below-stick-meta":"","astra-migrate-meta-layouts":"set","ast-page-background-enabled":"default","ast-page-background-meta":{"desktop":{"background-color":"var(--ast-global-color-5)","background-image":"","background-repeat":"repeat","background-position":"center center","background-size":"auto","background-attachment":"scroll","background-type":"","background-media":"","overlay-type":"","overlay-color":"","overlay-opacity":"","overlay-gradient":""},"tablet":{"background-color":"","background-image":"","background-repeat":"repeat","background-position":"center center","background-size":"auto","background-attachment":"scroll","background-type":"","background-media":"","overlay-type":"","overlay-color":"","overlay-opacity":"","overlay-gradient":""},"mobile":{"background-color":"","background-image":"","background-repeat":"repeat","background-position":"center center","background-size":"auto","background-attachment":"scroll","background-type":"","background-media":"","overlay-type":"","overlay-color":"","overlay-opacity":"","overlay-gradient":""}},"ast-content-background-meta":{"desktop":{"background-color":"var(--ast-global-color-4)","background-image":"","background-repeat":"repeat","background-position":"center center","background-size":"auto","background-attachment":"scroll","background-type":"","background-media":"","overlay-type":"","overlay-color":"","overlay-opacity":"","overlay-gradient":""},"tablet":{"background-color":"var(--ast-global-color-4)","background-image":"","background-repeat":"repeat","background-position":"center center","background-size":"auto","background-attachment":"scroll","background-type":"","background-media":"","overlay-type":"","overlay-color":"","overlay-opacity":"","overlay-gradient":""},"mobile":{"background-color":"var(--ast-global-color-4)","background-image":"","background-repeat":"repeat","background-position":"center center","background-size":"auto","background-attachment":"scroll","background-type":"","background-media":"","overlay-type":"","overlay-color":"","overlay-opacity":"","overlay-gradient":""}}},"product_brand":[288],"product_cat":[185,186],"product_tag":[227],"class_list":{"0":"post-3505","1":"product","2":"type-product","3":"status-publish","4":"has-post-thumbnail","6":"product_brand-ledtop","7":"product_cat-infraestructura","8":"product_cat-ledtop","9":"product_tag-ledtop","10":"desktop-align-left","11":"tablet-align-left","12":"mobile-align-left","14":"first","15":"instock","16":"shipping-taxable","17":"product-type-simple"},"yoast_head":"<!-- This site is optimized with the Yoast SEO plugin v25.3 - https:\/\/yoast.com\/wordpress\/plugins\/seo\/ -->\n<title>Balizas para torres 20-45 mts - Tecplan<\/title>\n<meta name=\"robots\" content=\"index, follow, max-snippet:-1, max-image-preview:large, max-video-preview:-1\" \/>\n<link rel=\"canonical\" href=\"https:\/\/tecplan.com.es\/en\/product\/balizas-para-torres-20-45-mts\/\" \/>\n<meta property=\"og:locale\" content=\"en_US\" \/>\n<meta property=\"og:type\" content=\"article\" \/>\n<meta property=\"og:title\" content=\"Balizas para torres 20-45 mts - Tecplan\" \/>\n<meta property=\"og:description\" content=\"Balizas Dobles LED utilizadas en aeropuertos, espacios a\u00e9reos, torres , puentes y edificios de gran altura de la ciudad donde requieren.\" \/>\n<meta property=\"og:url\" content=\"https:\/\/tecplan.com.es\/en\/product\/balizas-para-torres-20-45-mts\/\" \/>\n<meta property=\"og:site_name\" content=\"Tecplan\" \/>\n<meta property=\"article:modified_time\" content=\"2026-02-03T22:54:59+00:00\" \/>\n<meta property=\"og:image\" content=\"https:\/\/tecplan.com.es\/wp-content\/uploads\/2025\/09\/Balizas-Dobles-01.jpg\" \/>\n\t<meta property=\"og:image:width\" content=\"2000\" \/>\n\t<meta property=\"og:image:height\" content=\"2000\" \/>\n\t<meta property=\"og:image:type\" content=\"image\/jpeg\" \/>\n<meta name=\"twitter:card\" content=\"summary_large_image\" \/>\n<meta name=\"twitter:label1\" content=\"Est. reading time\" \/>\n\t<meta name=\"twitter:data1\" content=\"2 minutes\" \/>\n<script type=\"application\/ld+json\" class=\"yoast-schema-graph\">{\"@context\":\"https:\/\/schema.org\",\"@graph\":[{\"@type\":\"WebPage\",\"@id\":\"https:\/\/tecplan.com.es\/product\/balizas-para-torres-20-45-mts\/\",\"url\":\"https:\/\/tecplan.com.es\/product\/balizas-para-torres-20-45-mts\/\",\"name\":\"Balizas para torres 20-45 mts - Tecplan\",\"isPartOf\":{\"@id\":\"https:\/\/tecplan.com.es\/#website\"},\"primaryImageOfPage\":{\"@id\":\"https:\/\/tecplan.com.es\/product\/balizas-para-torres-20-45-mts\/#primaryimage\"},\"image\":{\"@id\":\"https:\/\/tecplan.com.es\/product\/balizas-para-torres-20-45-mts\/#primaryimage\"},\"thumbnailUrl\":\"https:\/\/tecplan.com.es\/wp-content\/uploads\/2025\/09\/Balizas-Dobles-01.jpg\",\"datePublished\":\"2025-09-26T19:58:26+00:00\",\"dateModified\":\"2026-02-03T22:54:59+00:00\",\"breadcrumb\":{\"@id\":\"https:\/\/tecplan.com.es\/product\/balizas-para-torres-20-45-mts\/#breadcrumb\"},\"inLanguage\":\"en-US\",\"potentialAction\":[{\"@type\":\"ReadAction\",\"target\":[\"https:\/\/tecplan.com.es\/product\/balizas-para-torres-20-45-mts\/\"]}]},{\"@type\":\"ImageObject\",\"inLanguage\":\"en-US\",\"@id\":\"https:\/\/tecplan.com.es\/product\/balizas-para-torres-20-45-mts\/#primaryimage\",\"url\":\"https:\/\/tecplan.com.es\/wp-content\/uploads\/2025\/09\/Balizas-Dobles-01.jpg\",\"contentUrl\":\"https:\/\/tecplan.com.es\/wp-content\/uploads\/2025\/09\/Balizas-Dobles-01.jpg\",\"width\":2000,\"height\":2000},{\"@type\":\"BreadcrumbList\",\"@id\":\"https:\/\/tecplan.com.es\/product\/balizas-para-torres-20-45-mts\/#breadcrumb\",\"itemListElement\":[{\"@type\":\"ListItem\",\"position\":1,\"name\":\"Home\",\"item\":\"https:\/\/tecplan.com.es\/\"},{\"@type\":\"ListItem\",\"position\":2,\"name\":\"Shop\",\"item\":\"https:\/\/tecplan.com.es\/shop\/\"},{\"@type\":\"ListItem\",\"position\":3,\"name\":\"Balizas para torres 20-45 mts\"}]},{\"@type\":\"WebSite\",\"@id\":\"https:\/\/tecplan.com.es\/#website\",\"url\":\"https:\/\/tecplan.com.es\/\",\"name\":\"Tecplan\",\"description\":\"\",\"potentialAction\":[{\"@type\":\"SearchAction\",\"target\":{\"@type\":\"EntryPoint\",\"urlTemplate\":\"https:\/\/tecplan.com.es\/?s={search_term_string}\"},\"query-input\":{\"@type\":\"PropertyValueSpecification\",\"valueRequired\":true,\"valueName\":\"search_term_string\"}}],\"inLanguage\":\"en-US\"}]}<\/script>\n<!-- \/ Yoast SEO plugin. -->","yoast_head_json":{"title":"Balizas para torres 20-45 mts - Tecplan","robots":{"index":"index","follow":"follow","max-snippet":"max-snippet:-1","max-image-preview":"max-image-preview:large","max-video-preview":"max-video-preview:-1"},"canonical":"https:\/\/tecplan.com.es\/en\/product\/balizas-para-torres-20-45-mts\/","og_locale":"en_US","og_type":"article","og_title":"Balizas para torres 20-45 mts - Tecplan","og_description":"Balizas Dobles LED utilizadas en aeropuertos, espacios a\u00e9reos, torres , puentes y edificios de gran altura de la ciudad donde requieren.","og_url":"https:\/\/tecplan.com.es\/en\/product\/balizas-para-torres-20-45-mts\/","og_site_name":"Tecplan","article_modified_time":"2026-02-03T22:54:59+00:00","og_image":[{"width":2000,"height":2000,"url":"https:\/\/tecplan.com.es\/wp-content\/uploads\/2025\/09\/Balizas-Dobles-01.jpg","type":"image\/jpeg"}],"twitter_card":"summary_large_image","twitter_misc":{"Est. reading time":"2 minutes"},"schema":{"@context":"https:\/\/schema.org","@graph":[{"@type":"WebPage","@id":"https:\/\/tecplan.com.es\/product\/balizas-para-torres-20-45-mts\/","url":"https:\/\/tecplan.com.es\/product\/balizas-para-torres-20-45-mts\/","name":"Balizas para torres 20-45 mts - Tecplan","isPartOf":{"@id":"https:\/\/tecplan.com.es\/#website"},"primaryImageOfPage":{"@id":"https:\/\/tecplan.com.es\/product\/balizas-para-torres-20-45-mts\/#primaryimage"},"image":{"@id":"https:\/\/tecplan.com.es\/product\/balizas-para-torres-20-45-mts\/#primaryimage"},"thumbnailUrl":"https:\/\/tecplan.com.es\/wp-content\/uploads\/2025\/09\/Balizas-Dobles-01.jpg","datePublished":"2025-09-26T19:58:26+00:00","dateModified":"2026-02-03T22:54:59+00:00","breadcrumb":{"@id":"https:\/\/tecplan.com.es\/product\/balizas-para-torres-20-45-mts\/#breadcrumb"},"inLanguage":"en-US","potentialAction":[{"@type":"ReadAction","target":["https:\/\/tecplan.com.es\/product\/balizas-para-torres-20-45-mts\/"]}]},{"@type":"ImageObject","inLanguage":"en-US","@id":"https:\/\/tecplan.com.es\/product\/balizas-para-torres-20-45-mts\/#primaryimage","url":"https:\/\/tecplan.com.es\/wp-content\/uploads\/2025\/09\/Balizas-Dobles-01.jpg","contentUrl":"https:\/\/tecplan.com.es\/wp-content\/uploads\/2025\/09\/Balizas-Dobles-01.jpg","width":2000,"height":2000},{"@type":"BreadcrumbList","@id":"https:\/\/tecplan.com.es\/product\/balizas-para-torres-20-45-mts\/#breadcrumb","itemListElement":[{"@type":"ListItem","position":1,"name":"Home","item":"https:\/\/tecplan.com.es\/"},{"@type":"ListItem","position":2,"name":"Shop","item":"https:\/\/tecplan.com.es\/shop\/"},{"@type":"ListItem","position":3,"name":"Balizas para torres 20-45 mts"}]},{"@type":"WebSite","@id":"https:\/\/tecplan.com.es\/#website","url":"https:\/\/tecplan.com.es\/","name":"Tecplan","description":"","potentialAction":[{"@type":"SearchAction","target":{"@type":"EntryPoint","urlTemplate":"https:\/\/tecplan.com.es\/?s={search_term_string}"},"query-input":{"@type":"PropertyValueSpecification","valueRequired":true,"valueName":"search_term_string"}}],"inLanguage":"en-US"}]}},"_links":{"self":[{"href":"https:\/\/tecplan.com.es\/en\/wp-json\/wp\/v2\/product\/3505","targetHints":{"allow":["GET"]}}],"collection":[{"href":"https:\/\/tecplan.com.es\/en\/wp-json\/wp\/v2\/product"}],"about":[{"href":"https:\/\/tecplan.com.es\/en\/wp-json\/wp\/v2\/types\/product"}],"replies":[{"embeddable":true,"href":"https:\/\/tecplan.com.es\/en\/wp-json\/wp\/v2\/comments?post=3505"}],"version-history":[{"count":2,"href":"https:\/\/tecplan.com.es\/en\/wp-json\/wp\/v2\/product\/3505\/revisions"}],"predecessor-version":[{"id":3713,"href":"https:\/\/tecplan.com.es\/en\/wp-json\/wp\/v2\/product\/3505\/revisions\/3713"}],"wp:featuredmedia":[{"embeddable":true,"href":"https:\/\/tecplan.com.es\/en\/wp-json\/wp\/v2\/media\/3486"}],"wp:attachment":[{"href":"https:\/\/tecplan.com.es\/en\/wp-json\/wp\/v2\/media?parent=3505"}],"wp:term":[{"taxonomy":"product_brand","embeddable":true,"href":"https:\/\/tecplan.com.es\/en\/wp-json\/wp\/v2\/product_brand?post=3505"},{"taxonomy":"product_cat","embeddable":true,"href":"https:\/\/tecplan.com.es\/en\/wp-json\/wp\/v2\/product_cat?post=3505"},{"taxonomy":"product_tag","embeddable":true,"href":"https:\/\/tecplan.com.es\/en\/wp-json\/wp\/v2\/product_tag?post=3505"}],"curies":[{"name":"wp","href":"https:\/\/api.w.org\/{rel}","templated":true}]}}