{"id":3504,"date":"2025-09-26T19:58:25","date_gmt":"2025-09-26T19:58:25","guid":{"rendered":"https:\/\/tecplan.com.es\/product\/radio-motorola-dep550e\/"},"modified":"2025-10-06T22:16:24","modified_gmt":"2025-10-06T22:16:24","slug":"radio-motorola-dep550e","status":"publish","type":"product","link":"https:\/\/tecplan.com.es\/en\/product\/radio-motorola-dep550e\/","title":{"rendered":"Radio Motorola DEP550e"},"content":{"rendered":"<div class=\"short-description-product\">\n<p><strong>Radio Motorola\u00a0DEP550e\u00a0<\/strong><\/p>\n<p style=\"text-align: justify;\">Digital LAH02RDC8UA1AN UHF 403-527 MHz con buen alcance, con sus accesorios, software de programaci\u00f3n, instrucciones, ficha t\u00e9cnica en PDF y manual, encu\u00e9ntralo a buen precio en nuestro mercado.\u00a0 Desempe\u00f1o \u00f3ptimo en las siguientes \u00e1reas: construcciones, seguridad, centros comerciales, hoteles, fincas, empresas de transporte, ensambladoras de veh\u00edculos, industrias medias, estadios, entre otro.<\/p>\n<p><span style=\"font-size: 1.2em; font-weight: bold; text-align: justify;\">Caracter\u00edsticas t\u00e9cnicas<\/span><\/p>\n<ul style=\"text-align: justify;\">\n<li>Cumple con los est\u00e1ndares de Radio M\u00f3vil Digital (DMR).<\/li>\n<li>16 canales.<\/li>\n<li>Alcance promedio UHF en ambiente urbano hasta 1km dependiendo de la estructura urbana (cantidad y altura de las edificaciones).<\/li>\n<li>Alcance promedio VHF en ambiente rural m\u00e1s de 1km dependiendo de la vegetaci\u00f3n y la topograf\u00eda.<\/li>\n<li><strong>Banda:<\/strong>\u00a0<span class=\"text-blue-caract\">UHF<\/span><\/li>\n<li><strong>Clasificaci\u00f3n IP:<\/strong>\u00a0<span class=\"text-blue-caract\">IP67 (Protecci\u00f3n total contra la penetraci\u00f3n de cualquier cuerpo s\u00f3lido y contra agua inmersi\u00f3n temporal)<\/span><\/li>\n<li><strong>Frecuencia:<\/strong>\u00a0<span class=\"text-blue-caract\">403-527 MHz<\/span><\/li>\n<li><strong>Potencia:<\/strong>\u00a0<span class=\"text-blue-caract\">4W<\/span><\/li>\n<li><strong>Pantalla:<\/strong>\u00a0<span class=\"text-blue-caract\">No<\/span><\/li>\n<li><strong>Canales de Operaci\u00f3n:<\/strong>\u00a0<span class=\"text-blue-caract\">16<\/span><\/li>\n<li><strong>Dimensiones (alto x ancho x profundidad):<\/strong>\u00a0<span class=\"text-blue-caract\">12.2 x 5.6 x 3.6 cm<\/span><\/li>\n<li><strong>Peso:<\/strong>\u00a0<span class=\"text-blue-caract\">264 gr<\/span><\/li>\n<li><strong>Rango de Temperatura:<\/strong>\u00a0<span class=\"text-blue-caract\">De -30 C a 60 C<\/span><\/li>\n<li><strong>GPS:<\/strong>\u00a0<span class=\"text-blue-caract\">Si<\/span><\/li>\n<li><strong>Botones programable:<\/strong>\u00a0<span class=\"text-blue-caract\">Si<\/span><\/li>\n<li><strong>Accesorio Bluetooh:<\/strong><\/li>\n<li><strong>Bluetooh:<\/strong>\u00a0<span class=\"text-blue-caract\">\u00a0No<\/span><\/li>\n<li><strong>Teclado:<\/strong>\u00a0<span class=\"text-blue-caract\">No<\/span><\/li>\n<\/ul>\n<\/div>\n<div class=\"row\">\n<div class=\"col-md-12\">\n<div class=\"large-descrition-product\">\n<p style=\"text-align: justify;\">Compatible con la familia de radios MOTOTRBO\u2122, el DEP550e tiene calidad de audio superior, cobertura sobresaliente, bater\u00eda de larga duraci\u00f3n, operan en sistemas IP Site Connect y Capacity Plus. Conectividad Wi-Fi y Bluetooth 4.0 (10 mts). Ofrece una excelente cobertura con bater\u00eda de larga duraci\u00f3n. El radio admite tanto modo anal\u00f3gico como digital y se complementa con una amplia gama de accesorios innovadores.<\/p>\n<ul>\n<li style=\"text-align: justify;\">Recordatorio de canal principal.<\/li>\n<li style=\"text-align: justify;\">Audio inteligente.<\/li>\n<li style=\"text-align: justify;\">Audio IMPRES.<\/li>\n<li style=\"text-align: justify;\">Cancelaci\u00f3n de ruido SINC (opcional).<\/li>\n<li style=\"text-align: justify;\">Supresor de realimentaci\u00f3n ac\u00fastica.<\/li>\n<li style=\"text-align: justify;\">Perfiles de audio seleccionables por usuario.<\/li>\n<li style=\"text-align: justify;\">Potencia IMPRES.<\/li>\n<li style=\"text-align: justify;\">El software de cancelaci\u00f3n de ruido digital.<\/li>\n<li style=\"text-align: justify;\">Compatible con repetidor.<\/li>\n<li style=\"text-align: justify;\">Anal\u00f3gico \/ Digital.<\/li>\n<li style=\"text-align: justify;\">Wi-Fi incorporado. IEEE 802.11b, 802.11g, 802.11n. WPA, WPA-2, WEP. SSID 64.<\/li>\n<li style=\"text-align: justify;\">Audio y datos Bluetooth 4.0, clase 2 (10 mts),conexiones simultaneas: 1 accesorio de audio y 1 dispositivo de datos.<\/li>\n<li style=\"text-align: justify;\">Duraci\u00f3n de la carga de la bater\u00eda (basada en un ciclo de trabajo de 5% transmisi\u00f3n, 5% recepci\u00f3n, 90% Stand By 5\/5\/90) con Bluetooth y Wifi inhabilitado, para una bater\u00eda de 1600 mAh: 11 hrs en Anal\u00f3gico \/ 14.5 hrs en Digital.<\/li>\n<li style=\"text-align: justify;\">Espaciado de canal 12.5 KHz, 20 KHz y 25 KHz.<\/li>\n<li style=\"text-align: justify;\">Certificaci\u00f3n HAZLOC TIA-4950.<\/li>\n<li style=\"text-align: justify;\">Especificaciones militares; 810 C, 810 D, 810 E, 810 F, 810 G.<\/li>\n<li style=\"text-align: justify;\">2 botones programables.<\/li>\n<li style=\"text-align: justify;\">Carga eficiente.<\/li>\n<li style=\"text-align: justify;\">programaci\u00f3n por PC.<\/li>\n<\/ul>\n<\/div>\n<\/div>\n<\/div>\n<p><!--more--><\/p>\n<h5 style=\"text-align: justify;\"><span style=\"text-decoration: underline;\"><strong>DOWNLOADS<\/strong><\/span><\/h5>\n<ul style=\"text-align: justify;\">\n<li><a href=\"https:\/\/drive.google.com\/file\/d\/1SOTNzVVNuxSlkbchfAXMOkuPYET-l0Zz\/view?usp=sharing\">\u2192 Technical specifications<\/a><\/li>\n<\/ul>\n<p><!--more--><\/p>\n<p><iframe title=\"YouTube video player\" src=\"https:\/\/www.youtube.com\/embed\/Yb0l3N8eIj8\" width=\"544\" height=\"326\" frameborder=\"0\" allowfullscreen=\"allowfullscreen\"><\/iframe><\/p>","protected":false},"excerpt":{"rendered":"<p style=\"text-align: justify;\">Radio Motorola DEP550e Digital LAH02RDC8UA1AN UHF 403-527 MHz con buen alcance, con sus accesorios, software de programaci\u00f3n, instrucciones, ficha t\u00e9cnica en PDF y manual, encu\u00e9ntralo a buen precio en nuestro mercado.<\/p>\n<p><img decoding=\"async\" class=\"wp-image-1035 aligncenter\" src=\"https:\/\/tecplan.com.es\/wp-content\/uploads\/2025\/05\/descarga-300x90.png\" alt=\"\" width=\"220\" height=\"66\" srcset=\"https:\/\/tecplan.com.es\/wp-content\/uploads\/2025\/05\/descarga-300x90.png 300w, https:\/\/tecplan.com.es\/wp-content\/uploads\/2025\/05\/descarga-18x5.png 18w, https:\/\/tecplan.com.es\/wp-content\/uploads\/2025\/05\/descarga.png 596w\" sizes=\"(max-width: 220px) 100vw, 220px\" \/><\/p>\n<p>&nbsp;<\/p>","protected":false},"featured_media":3476,"comment_status":"open","ping_status":"closed","template":"","meta":{"site-sidebar-layout":"default","site-content-layout":"","ast-site-content-layout":"default","site-content-style":"default","site-sidebar-style":"default","ast-global-header-display":"","ast-banner-title-visibility":"","ast-main-header-display":"","ast-hfb-above-header-display":"","ast-hfb-below-header-display":"","ast-hfb-mobile-header-display":"","site-post-title":"","ast-breadcrumbs-content":"","ast-featured-img":"","footer-sml-layout":"","ast-disable-related-posts":"","theme-transparent-header-meta":"default","adv-header-id-meta":"","stick-header-meta":"","header-above-stick-meta":"","header-main-stick-meta":"","header-below-stick-meta":"","astra-migrate-meta-layouts":"set","ast-page-background-enabled":"default","ast-page-background-meta":{"desktop":{"background-color":"var(--ast-global-color-5)","background-image":"","background-repeat":"repeat","background-position":"center center","background-size":"auto","background-attachment":"scroll","background-type":"","background-media":"","overlay-type":"","overlay-color":"","overlay-opacity":"","overlay-gradient":""},"tablet":{"background-color":"","background-image":"","background-repeat":"repeat","background-position":"center center","background-size":"auto","background-attachment":"scroll","background-type":"","background-media":"","overlay-type":"","overlay-color":"","overlay-opacity":"","overlay-gradient":""},"mobile":{"background-color":"","background-image":"","background-repeat":"repeat","background-position":"center center","background-size":"auto","background-attachment":"scroll","background-type":"","background-media":"","overlay-type":"","overlay-color":"","overlay-opacity":"","overlay-gradient":""}},"ast-content-background-meta":{"desktop":{"background-color":"var(--ast-global-color-4)","background-image":"","background-repeat":"repeat","background-position":"center center","background-size":"auto","background-attachment":"scroll","background-type":"","background-media":"","overlay-type":"","overlay-color":"","overlay-opacity":"","overlay-gradient":""},"tablet":{"background-color":"var(--ast-global-color-4)","background-image":"","background-repeat":"repeat","background-position":"center center","background-size":"auto","background-attachment":"scroll","background-type":"","background-media":"","overlay-type":"","overlay-color":"","overlay-opacity":"","overlay-gradient":""},"mobile":{"background-color":"var(--ast-global-color-4)","background-image":"","background-repeat":"repeat","background-position":"center center","background-size":"auto","background-attachment":"scroll","background-type":"","background-media":"","overlay-type":"","overlay-color":"","overlay-opacity":"","overlay-gradient":""}}},"product_brand":[235],"product_cat":[68,59,72],"product_tag":[205],"class_list":{"0":"post-3504","1":"product","2":"type-product","3":"status-publish","4":"has-post-thumbnail","6":"product_brand-motorola","7":"product_cat-motorola","8":"product_cat-radio-comunicacion","9":"product_cat-radios-portatiles","10":"product_tag-motorola","11":"desktop-align-left","12":"tablet-align-left","13":"mobile-align-left","15":"first","16":"instock","17":"shipping-taxable","18":"product-type-simple"},"yoast_head":"<!-- This site is optimized with the Yoast SEO plugin v25.3 - https:\/\/yoast.com\/wordpress\/plugins\/seo\/ -->\n<title>Radio Motorola DEP550e - Tecplan<\/title>\n<meta name=\"robots\" content=\"index, follow, max-snippet:-1, max-image-preview:large, max-video-preview:-1\" \/>\n<link rel=\"canonical\" href=\"https:\/\/tecplan.com.es\/en\/product\/radio-motorola-dep550e\/\" \/>\n<meta property=\"og:locale\" content=\"en_US\" \/>\n<meta property=\"og:type\" content=\"article\" \/>\n<meta property=\"og:title\" content=\"Radio Motorola DEP550e - Tecplan\" \/>\n<meta property=\"og:description\" content=\"Radio Motorola DEP550e Digital LAH02RDC8UA1AN UHF 403-527 MHz con buen alcance, con sus accesorios, software de programaci\u00f3n, instrucciones, ficha t\u00e9cnica en PDF y manual, encu\u00e9ntralo a buen precio en nuestro mercado.   &nbsp;\" \/>\n<meta property=\"og:url\" content=\"https:\/\/tecplan.com.es\/en\/product\/radio-motorola-dep550e\/\" \/>\n<meta property=\"og:site_name\" content=\"Tecplan\" \/>\n<meta property=\"article:modified_time\" content=\"2025-10-06T22:16:24+00:00\" \/>\n<meta property=\"og:image\" content=\"https:\/\/tecplan.com.es\/wp-content\/uploads\/2025\/09\/radio-550-e-1.jpg\" \/>\n\t<meta property=\"og:image:width\" content=\"1200\" \/>\n\t<meta property=\"og:image:height\" content=\"1200\" \/>\n\t<meta property=\"og:image:type\" content=\"image\/jpeg\" \/>\n<meta name=\"twitter:card\" content=\"summary_large_image\" \/>\n<meta name=\"twitter:label1\" content=\"Est. reading time\" \/>\n\t<meta name=\"twitter:data1\" content=\"2 minutes\" \/>\n<script type=\"application\/ld+json\" class=\"yoast-schema-graph\">{\"@context\":\"https:\/\/schema.org\",\"@graph\":[{\"@type\":\"WebPage\",\"@id\":\"https:\/\/tecplan.com.es\/product\/radio-motorola-dep550e\/\",\"url\":\"https:\/\/tecplan.com.es\/product\/radio-motorola-dep550e\/\",\"name\":\"Radio Motorola DEP550e - Tecplan\",\"isPartOf\":{\"@id\":\"https:\/\/tecplan.com.es\/#website\"},\"primaryImageOfPage\":{\"@id\":\"https:\/\/tecplan.com.es\/product\/radio-motorola-dep550e\/#primaryimage\"},\"image\":{\"@id\":\"https:\/\/tecplan.com.es\/product\/radio-motorola-dep550e\/#primaryimage\"},\"thumbnailUrl\":\"https:\/\/tecplan.com.es\/wp-content\/uploads\/2025\/09\/radio-550-e-1.jpg\",\"datePublished\":\"2025-09-26T19:58:25+00:00\",\"dateModified\":\"2025-10-06T22:16:24+00:00\",\"breadcrumb\":{\"@id\":\"https:\/\/tecplan.com.es\/product\/radio-motorola-dep550e\/#breadcrumb\"},\"inLanguage\":\"en-US\",\"potentialAction\":[{\"@type\":\"ReadAction\",\"target\":[\"https:\/\/tecplan.com.es\/product\/radio-motorola-dep550e\/\"]}]},{\"@type\":\"ImageObject\",\"inLanguage\":\"en-US\",\"@id\":\"https:\/\/tecplan.com.es\/product\/radio-motorola-dep550e\/#primaryimage\",\"url\":\"https:\/\/tecplan.com.es\/wp-content\/uploads\/2025\/09\/radio-550-e-1.jpg\",\"contentUrl\":\"https:\/\/tecplan.com.es\/wp-content\/uploads\/2025\/09\/radio-550-e-1.jpg\",\"width\":1200,\"height\":1200},{\"@type\":\"BreadcrumbList\",\"@id\":\"https:\/\/tecplan.com.es\/product\/radio-motorola-dep550e\/#breadcrumb\",\"itemListElement\":[{\"@type\":\"ListItem\",\"position\":1,\"name\":\"Home\",\"item\":\"https:\/\/tecplan.com.es\/\"},{\"@type\":\"ListItem\",\"position\":2,\"name\":\"Shop\",\"item\":\"https:\/\/tecplan.com.es\/shop\/\"},{\"@type\":\"ListItem\",\"position\":3,\"name\":\"Radio Motorola DEP550e\"}]},{\"@type\":\"WebSite\",\"@id\":\"https:\/\/tecplan.com.es\/#website\",\"url\":\"https:\/\/tecplan.com.es\/\",\"name\":\"Tecplan\",\"description\":\"\",\"potentialAction\":[{\"@type\":\"SearchAction\",\"target\":{\"@type\":\"EntryPoint\",\"urlTemplate\":\"https:\/\/tecplan.com.es\/?s={search_term_string}\"},\"query-input\":{\"@type\":\"PropertyValueSpecification\",\"valueRequired\":true,\"valueName\":\"search_term_string\"}}],\"inLanguage\":\"en-US\"}]}<\/script>\n<!-- \/ Yoast SEO plugin. -->","yoast_head_json":{"title":"Radio Motorola DEP550e - Tecplan","robots":{"index":"index","follow":"follow","max-snippet":"max-snippet:-1","max-image-preview":"max-image-preview:large","max-video-preview":"max-video-preview:-1"},"canonical":"https:\/\/tecplan.com.es\/en\/product\/radio-motorola-dep550e\/","og_locale":"en_US","og_type":"article","og_title":"Radio Motorola DEP550e - Tecplan","og_description":"Radio Motorola DEP550e Digital LAH02RDC8UA1AN UHF 403-527 MHz con buen alcance, con sus accesorios, software de programaci\u00f3n, instrucciones, ficha t\u00e9cnica en PDF y manual, encu\u00e9ntralo a buen precio en nuestro mercado.   &nbsp;","og_url":"https:\/\/tecplan.com.es\/en\/product\/radio-motorola-dep550e\/","og_site_name":"Tecplan","article_modified_time":"2025-10-06T22:16:24+00:00","og_image":[{"width":1200,"height":1200,"url":"https:\/\/tecplan.com.es\/wp-content\/uploads\/2025\/09\/radio-550-e-1.jpg","type":"image\/jpeg"}],"twitter_card":"summary_large_image","twitter_misc":{"Est. reading time":"2 minutes"},"schema":{"@context":"https:\/\/schema.org","@graph":[{"@type":"WebPage","@id":"https:\/\/tecplan.com.es\/product\/radio-motorola-dep550e\/","url":"https:\/\/tecplan.com.es\/product\/radio-motorola-dep550e\/","name":"Radio Motorola DEP550e - Tecplan","isPartOf":{"@id":"https:\/\/tecplan.com.es\/#website"},"primaryImageOfPage":{"@id":"https:\/\/tecplan.com.es\/product\/radio-motorola-dep550e\/#primaryimage"},"image":{"@id":"https:\/\/tecplan.com.es\/product\/radio-motorola-dep550e\/#primaryimage"},"thumbnailUrl":"https:\/\/tecplan.com.es\/wp-content\/uploads\/2025\/09\/radio-550-e-1.jpg","datePublished":"2025-09-26T19:58:25+00:00","dateModified":"2025-10-06T22:16:24+00:00","breadcrumb":{"@id":"https:\/\/tecplan.com.es\/product\/radio-motorola-dep550e\/#breadcrumb"},"inLanguage":"en-US","potentialAction":[{"@type":"ReadAction","target":["https:\/\/tecplan.com.es\/product\/radio-motorola-dep550e\/"]}]},{"@type":"ImageObject","inLanguage":"en-US","@id":"https:\/\/tecplan.com.es\/product\/radio-motorola-dep550e\/#primaryimage","url":"https:\/\/tecplan.com.es\/wp-content\/uploads\/2025\/09\/radio-550-e-1.jpg","contentUrl":"https:\/\/tecplan.com.es\/wp-content\/uploads\/2025\/09\/radio-550-e-1.jpg","width":1200,"height":1200},{"@type":"BreadcrumbList","@id":"https:\/\/tecplan.com.es\/product\/radio-motorola-dep550e\/#breadcrumb","itemListElement":[{"@type":"ListItem","position":1,"name":"Home","item":"https:\/\/tecplan.com.es\/"},{"@type":"ListItem","position":2,"name":"Shop","item":"https:\/\/tecplan.com.es\/shop\/"},{"@type":"ListItem","position":3,"name":"Radio Motorola DEP550e"}]},{"@type":"WebSite","@id":"https:\/\/tecplan.com.es\/#website","url":"https:\/\/tecplan.com.es\/","name":"Tecplan","description":"","potentialAction":[{"@type":"SearchAction","target":{"@type":"EntryPoint","urlTemplate":"https:\/\/tecplan.com.es\/?s={search_term_string}"},"query-input":{"@type":"PropertyValueSpecification","valueRequired":true,"valueName":"search_term_string"}}],"inLanguage":"en-US"}]}},"_links":{"self":[{"href":"https:\/\/tecplan.com.es\/en\/wp-json\/wp\/v2\/product\/3504","targetHints":{"allow":["GET"]}}],"collection":[{"href":"https:\/\/tecplan.com.es\/en\/wp-json\/wp\/v2\/product"}],"about":[{"href":"https:\/\/tecplan.com.es\/en\/wp-json\/wp\/v2\/types\/product"}],"replies":[{"embeddable":true,"href":"https:\/\/tecplan.com.es\/en\/wp-json\/wp\/v2\/comments?post=3504"}],"version-history":[{"count":5,"href":"https:\/\/tecplan.com.es\/en\/wp-json\/wp\/v2\/product\/3504\/revisions"}],"predecessor-version":[{"id":3727,"href":"https:\/\/tecplan.com.es\/en\/wp-json\/wp\/v2\/product\/3504\/revisions\/3727"}],"wp:featuredmedia":[{"embeddable":true,"href":"https:\/\/tecplan.com.es\/en\/wp-json\/wp\/v2\/media\/3476"}],"wp:attachment":[{"href":"https:\/\/tecplan.com.es\/en\/wp-json\/wp\/v2\/media?parent=3504"}],"wp:term":[{"taxonomy":"product_brand","embeddable":true,"href":"https:\/\/tecplan.com.es\/en\/wp-json\/wp\/v2\/product_brand?post=3504"},{"taxonomy":"product_cat","embeddable":true,"href":"https:\/\/tecplan.com.es\/en\/wp-json\/wp\/v2\/product_cat?post=3504"},{"taxonomy":"product_tag","embeddable":true,"href":"https:\/\/tecplan.com.es\/en\/wp-json\/wp\/v2\/product_tag?post=3504"}],"curies":[{"name":"wp","href":"https:\/\/api.w.org\/{rel}","templated":true}]}}