{"id":3503,"date":"2025-09-26T19:58:25","date_gmt":"2025-09-26T19:58:25","guid":{"rendered":"https:\/\/tecplan.com.es\/product\/enrutador-rb2011uias-in\/"},"modified":"2025-10-06T21:59:02","modified_gmt":"2025-10-06T21:59:02","slug":"enrutador-rb2011uias-in","status":"publish","type":"product","link":"https:\/\/tecplan.com.es\/en\/product\/enrutador-rb2011uias-in\/","title":{"rendered":"Enrutador  RB2011UiAS-IN"},"content":{"rendered":"<p><strong>Enrutador RB2011UiAS-IN<\/strong><\/p>\n<p style=\"text-align: justify;\">El RB2011 es un dispositivo multi puerto de bajo costo. Dise\u00f1ado para uso en interiores, y disponible en diferentes presentaciones, con amplia variedad de opciones.<\/p>\n<p style=\"text-align: justify;\">El RB2011 est\u00e1 equipado con RouterOS, un sistema operativo completamente desarrollado el cual ha sido constantemente mejorado durante 15 a\u00f1os. Ruteador din\u00e1mico, hostpot, firewall, MPLS, VPN, servicio avanzado de calidad, cargado de balance y vinculaci\u00f3n, configuraci\u00f3n y monitoreo en tiempo real, son algunos de nuestras varias ventajas que incluye RouterOS.<\/p>\n<p style=\"text-align: justify;\">RouterBOARD 2011UiAS-IN, en comparaci\u00f3n con las series RB2011L, nosolo tiene cinco puertos LAN Gigabit y cinco puertos Fast Ethernet LAN, sino que, tambi\u00e9n tiene puertos seriales RJ45, puertos microUSB y m\u00e1s memoria RAM (128MB en lugar de 64MB). Tambi\u00e9n, tiene licencia RouterOS nivel 5 (en lugar de nivel 4), un fino touchscreen LCD para configuraci\u00f3n.<\/p>\n<p style=\"text-align: justify;\">Hay funci\u00f3n para salida PoE en su puerto #10 \u2013 es capaz de alimentar otros dispositivos PoE que maneje los mismos voltajes que esta unidad. M\u00e1xima capacidad de carga de 500mA. Testeado y recomendado para usar con los m\u00f3dulos SFP de Mikrotik: S-85DLC05D, S-31DLC20D y S-35\/53LC20D (no incluidos).<\/p>\n<h3>Especificaciones del producto<\/h3>\n<p>&nbsp;<\/p>\n<table class=\"table product-table\">\n<thead>\n<tr>\n<th colspan=\"2\">DETAILS<\/th>\n<\/tr>\n<\/thead>\n<tbody>\n<tr>\n<td>Product code<\/td>\n<td>RB2011UiAS-2HnD-IN<\/td>\n<\/tr>\n<tr>\n<td>10\/100 Ethernet ports<\/td>\n<td>5<\/td>\n<\/tr>\n<tr>\n<td>10\/100\/1000 Ethernet ports<\/td>\n<td>5<\/td>\n<\/tr>\n<tr>\n<td>802.11a<\/td>\n<td>Yes<\/td>\n<\/tr>\n<tr>\n<td>802.11b<\/td>\n<td>Yes<\/td>\n<\/tr>\n<tr>\n<td>802.11g<\/td>\n<td>Yes<\/td>\n<\/tr>\n<tr>\n<td>802.11n<\/td>\n<td>Yes<\/td>\n<\/tr>\n<tr>\n<td>Antenna gain<\/td>\n<td>4<\/td>\n<\/tr>\n<tr>\n<td>CPU<\/td>\n<td>AR9344<\/td>\n<\/tr>\n<tr>\n<td>CPU core count<\/td>\n<td>1<\/td>\n<\/tr>\n<tr>\n<td>CPU nominal frequency<\/td>\n<td>600 MHz<\/td>\n<\/tr>\n<tr>\n<td>Dimensions<\/td>\n<td>214mm x 86mm for PCB<\/td>\n<\/tr>\n<tr>\n<td>License level<\/td>\n<td>5<\/td>\n<\/tr>\n<tr>\n<td>Max Power consumption<\/td>\n<td>11W<\/td>\n<\/tr>\n<tr>\n<td>Number of USB ports<\/td>\n<td>1<\/td>\n<\/tr>\n<tr>\n<td>Number of chains<\/td>\n<td>2<\/td>\n<\/tr>\n<tr>\n<td>Operating System<\/td>\n<td>RouterOS<\/td>\n<\/tr>\n<tr>\n<td>PCB temperature monitor<\/td>\n<td>Yes<\/td>\n<\/tr>\n<tr>\n<td>PoE in<\/td>\n<td>Yes<\/td>\n<\/tr>\n<tr>\n<td>PoE out<\/td>\n<td>Yes<\/td>\n<\/tr>\n<tr>\n<td>Power Jack<\/td>\n<td>1<\/td>\n<\/tr>\n<tr>\n<td>SFP DDMI<\/td>\n<td>Yes<\/td>\n<\/tr>\n<tr>\n<td>SFP ports<\/td>\n<td>1<\/td>\n<\/tr>\n<tr>\n<td>Serial port<\/td>\n<td>RJ45<\/td>\n<\/tr>\n<tr>\n<td>Size of RAM<\/td>\n<td>128 MB<\/td>\n<\/tr>\n<tr>\n<td>Storage size<\/td>\n<td>128 MB<\/td>\n<\/tr>\n<tr>\n<td>Storage type<\/td>\n<td>NAND<\/td>\n<\/tr>\n<tr>\n<td>Supported input voltage<\/td>\n<td>8 V \u2013 30 V<\/td>\n<\/tr>\n<tr>\n<td>Tested ambient temperature<\/td>\n<td>-35C to 65C<\/td>\n<\/tr>\n<tr>\n<td>USB Power Reset<\/td>\n<td>Yes<\/td>\n<\/tr>\n<tr>\n<td>USB slot type<\/td>\n<td>microUSB type AB<\/td>\n<\/tr>\n<tr>\n<td>Voltage Monitor<\/td>\n<td>Yes<\/td>\n<\/tr>\n<tr>\n<td>Wireless chip model<\/td>\n<td>AR9344<\/td>\n<\/tr>\n<tr>\n<td>Wireless standards<\/td>\n<td>802.11b\/g\/n<\/td>\n<\/tr>\n<\/tbody>\n<\/table>","protected":false},"excerpt":{"rendered":"<p style=\"text-align: justify;\">El RB2011 est\u00e1 equipado con RouterOS, un sistema operativo completamente desarrollado el cual ha sido constantemente mejorado durante 15 a\u00f1os. Ruteador din\u00e1mico, hostpot, firewall, MPLS, VPN, servicio avanzado de calidad, cargado de balance y vinculaci\u00f3n, configuraci\u00f3n y monitoreo en tiempo real, son algunos de nuestras varias ventajas que incluye RouterOS.<\/p>\n<p><img decoding=\"async\" class=\"wp-image-2211 aligncenter\" src=\"https:\/\/tecplan.com.es\/wp-content\/uploads\/2025\/07\/2560px-MikroTik_logo-300x73.png\" alt=\"\" width=\"132\" height=\"32\" srcset=\"https:\/\/tecplan.com.es\/wp-content\/uploads\/2025\/07\/2560px-MikroTik_logo-300x73.png 300w, https:\/\/tecplan.com.es\/wp-content\/uploads\/2025\/07\/2560px-MikroTik_logo-1024x250.png 1024w, https:\/\/tecplan.com.es\/wp-content\/uploads\/2025\/07\/2560px-MikroTik_logo-768x187.png 768w, https:\/\/tecplan.com.es\/wp-content\/uploads\/2025\/07\/2560px-MikroTik_logo-1536x374.png 1536w, https:\/\/tecplan.com.es\/wp-content\/uploads\/2025\/07\/2560px-MikroTik_logo-2048x499.png 2048w, https:\/\/tecplan.com.es\/wp-content\/uploads\/2025\/07\/2560px-MikroTik_logo-18x4.png 18w, https:\/\/tecplan.com.es\/wp-content\/uploads\/2025\/07\/2560px-MikroTik_logo-600x146.png 600w\" sizes=\"(max-width: 132px) 100vw, 132px\" \/><\/p>","protected":false},"featured_media":3474,"comment_status":"open","ping_status":"closed","template":"","meta":{"site-sidebar-layout":"default","site-content-layout":"","ast-site-content-layout":"default","site-content-style":"default","site-sidebar-style":"default","ast-global-header-display":"","ast-banner-title-visibility":"","ast-main-header-display":"","ast-hfb-above-header-display":"","ast-hfb-below-header-display":"","ast-hfb-mobile-header-display":"","site-post-title":"","ast-breadcrumbs-content":"","ast-featured-img":"","footer-sml-layout":"","ast-disable-related-posts":"","theme-transparent-header-meta":"default","adv-header-id-meta":"","stick-header-meta":"","header-above-stick-meta":"","header-main-stick-meta":"","header-below-stick-meta":"","astra-migrate-meta-layouts":"set","ast-page-background-enabled":"default","ast-page-background-meta":{"desktop":{"background-color":"var(--ast-global-color-5)","background-image":"","background-repeat":"repeat","background-position":"center center","background-size":"auto","background-attachment":"scroll","background-type":"","background-media":"","overlay-type":"","overlay-color":"","overlay-opacity":"","overlay-gradient":""},"tablet":{"background-color":"","background-image":"","background-repeat":"repeat","background-position":"center center","background-size":"auto","background-attachment":"scroll","background-type":"","background-media":"","overlay-type":"","overlay-color":"","overlay-opacity":"","overlay-gradient":""},"mobile":{"background-color":"","background-image":"","background-repeat":"repeat","background-position":"center center","background-size":"auto","background-attachment":"scroll","background-type":"","background-media":"","overlay-type":"","overlay-color":"","overlay-opacity":"","overlay-gradient":""}},"ast-content-background-meta":{"desktop":{"background-color":"var(--ast-global-color-4)","background-image":"","background-repeat":"repeat","background-position":"center center","background-size":"auto","background-attachment":"scroll","background-type":"","background-media":"","overlay-type":"","overlay-color":"","overlay-opacity":"","overlay-gradient":""},"tablet":{"background-color":"var(--ast-global-color-4)","background-image":"","background-repeat":"repeat","background-position":"center center","background-size":"auto","background-attachment":"scroll","background-type":"","background-media":"","overlay-type":"","overlay-color":"","overlay-opacity":"","overlay-gradient":""},"mobile":{"background-color":"var(--ast-global-color-4)","background-image":"","background-repeat":"repeat","background-position":"center center","background-size":"auto","background-attachment":"scroll","background-type":"","background-media":"","overlay-type":"","overlay-color":"","overlay-opacity":"","overlay-gradient":""}}},"product_brand":[243],"product_cat":[125,96,129],"product_tag":[212],"class_list":{"0":"post-3503","1":"product","2":"type-product","3":"status-publish","4":"has-post-thumbnail","6":"product_brand-mikrotik","7":"product_cat-mikrotik","8":"product_cat-networking","9":"product_cat-router","10":"product_tag-mikrotik","11":"desktop-align-left","12":"tablet-align-left","13":"mobile-align-left","15":"first","16":"instock","17":"shipping-taxable","18":"product-type-simple"},"yoast_head":"<!-- This site is optimized with the Yoast SEO plugin v25.3 - https:\/\/yoast.com\/wordpress\/plugins\/seo\/ -->\n<title>Enrutador RB2011UiAS-IN - Tecplan<\/title>\n<meta name=\"robots\" content=\"index, follow, max-snippet:-1, max-image-preview:large, max-video-preview:-1\" \/>\n<link rel=\"canonical\" href=\"https:\/\/tecplan.com.es\/en\/product\/enrutador-rb2011uias-in\/\" \/>\n<meta property=\"og:locale\" content=\"en_US\" \/>\n<meta property=\"og:type\" content=\"article\" \/>\n<meta property=\"og:title\" content=\"Enrutador RB2011UiAS-IN - Tecplan\" \/>\n<meta property=\"og:description\" content=\"El RB2011 est\u00e1 equipado con RouterOS, un sistema operativo completamente desarrollado el cual ha sido constantemente mejorado durante 15 a\u00f1os. Ruteador din\u00e1mico, hostpot, firewall, MPLS, VPN, servicio avanzado de calidad, cargado de balance y vinculaci\u00f3n, configuraci\u00f3n y monitoreo en tiempo real, son algunos de nuestras varias ventajas que incluye RouterOS.\" \/>\n<meta property=\"og:url\" content=\"https:\/\/tecplan.com.es\/en\/product\/enrutador-rb2011uias-in\/\" \/>\n<meta property=\"og:site_name\" content=\"Tecplan\" \/>\n<meta property=\"article:modified_time\" content=\"2025-10-06T21:59:02+00:00\" \/>\n<meta property=\"og:image\" content=\"https:\/\/tecplan.com.es\/wp-content\/uploads\/2025\/09\/RB2011UiAS-IN.jpg\" \/>\n\t<meta property=\"og:image:width\" content=\"960\" \/>\n\t<meta property=\"og:image:height\" content=\"960\" \/>\n\t<meta property=\"og:image:type\" content=\"image\/jpeg\" \/>\n<meta name=\"twitter:card\" content=\"summary_large_image\" \/>\n<meta name=\"twitter:label1\" content=\"Est. reading time\" \/>\n\t<meta name=\"twitter:data1\" content=\"2 minutes\" \/>\n<script type=\"application\/ld+json\" class=\"yoast-schema-graph\">{\"@context\":\"https:\/\/schema.org\",\"@graph\":[{\"@type\":\"WebPage\",\"@id\":\"https:\/\/tecplan.com.es\/product\/enrutador-rb2011uias-in\/\",\"url\":\"https:\/\/tecplan.com.es\/product\/enrutador-rb2011uias-in\/\",\"name\":\"Enrutador RB2011UiAS-IN - Tecplan\",\"isPartOf\":{\"@id\":\"https:\/\/tecplan.com.es\/#website\"},\"primaryImageOfPage\":{\"@id\":\"https:\/\/tecplan.com.es\/product\/enrutador-rb2011uias-in\/#primaryimage\"},\"image\":{\"@id\":\"https:\/\/tecplan.com.es\/product\/enrutador-rb2011uias-in\/#primaryimage\"},\"thumbnailUrl\":\"https:\/\/tecplan.com.es\/wp-content\/uploads\/2025\/09\/RB2011UiAS-IN.jpg\",\"datePublished\":\"2025-09-26T19:58:25+00:00\",\"dateModified\":\"2025-10-06T21:59:02+00:00\",\"breadcrumb\":{\"@id\":\"https:\/\/tecplan.com.es\/product\/enrutador-rb2011uias-in\/#breadcrumb\"},\"inLanguage\":\"en-US\",\"potentialAction\":[{\"@type\":\"ReadAction\",\"target\":[\"https:\/\/tecplan.com.es\/product\/enrutador-rb2011uias-in\/\"]}]},{\"@type\":\"ImageObject\",\"inLanguage\":\"en-US\",\"@id\":\"https:\/\/tecplan.com.es\/product\/enrutador-rb2011uias-in\/#primaryimage\",\"url\":\"https:\/\/tecplan.com.es\/wp-content\/uploads\/2025\/09\/RB2011UiAS-IN.jpg\",\"contentUrl\":\"https:\/\/tecplan.com.es\/wp-content\/uploads\/2025\/09\/RB2011UiAS-IN.jpg\",\"width\":960,\"height\":960},{\"@type\":\"BreadcrumbList\",\"@id\":\"https:\/\/tecplan.com.es\/product\/enrutador-rb2011uias-in\/#breadcrumb\",\"itemListElement\":[{\"@type\":\"ListItem\",\"position\":1,\"name\":\"Home\",\"item\":\"https:\/\/tecplan.com.es\/\"},{\"@type\":\"ListItem\",\"position\":2,\"name\":\"Shop\",\"item\":\"https:\/\/tecplan.com.es\/shop\/\"},{\"@type\":\"ListItem\",\"position\":3,\"name\":\"Enrutador RB2011UiAS-IN\"}]},{\"@type\":\"WebSite\",\"@id\":\"https:\/\/tecplan.com.es\/#website\",\"url\":\"https:\/\/tecplan.com.es\/\",\"name\":\"Tecplan\",\"description\":\"\",\"potentialAction\":[{\"@type\":\"SearchAction\",\"target\":{\"@type\":\"EntryPoint\",\"urlTemplate\":\"https:\/\/tecplan.com.es\/?s={search_term_string}\"},\"query-input\":{\"@type\":\"PropertyValueSpecification\",\"valueRequired\":true,\"valueName\":\"search_term_string\"}}],\"inLanguage\":\"en-US\"}]}<\/script>\n<!-- \/ Yoast SEO plugin. -->","yoast_head_json":{"title":"Enrutador RB2011UiAS-IN - Tecplan","robots":{"index":"index","follow":"follow","max-snippet":"max-snippet:-1","max-image-preview":"max-image-preview:large","max-video-preview":"max-video-preview:-1"},"canonical":"https:\/\/tecplan.com.es\/en\/product\/enrutador-rb2011uias-in\/","og_locale":"en_US","og_type":"article","og_title":"Enrutador RB2011UiAS-IN - Tecplan","og_description":"El RB2011 est\u00e1 equipado con RouterOS, un sistema operativo completamente desarrollado el cual ha sido constantemente mejorado durante 15 a\u00f1os. Ruteador din\u00e1mico, hostpot, firewall, MPLS, VPN, servicio avanzado de calidad, cargado de balance y vinculaci\u00f3n, configuraci\u00f3n y monitoreo en tiempo real, son algunos de nuestras varias ventajas que incluye RouterOS.","og_url":"https:\/\/tecplan.com.es\/en\/product\/enrutador-rb2011uias-in\/","og_site_name":"Tecplan","article_modified_time":"2025-10-06T21:59:02+00:00","og_image":[{"width":960,"height":960,"url":"https:\/\/tecplan.com.es\/wp-content\/uploads\/2025\/09\/RB2011UiAS-IN.jpg","type":"image\/jpeg"}],"twitter_card":"summary_large_image","twitter_misc":{"Est. reading time":"2 minutes"},"schema":{"@context":"https:\/\/schema.org","@graph":[{"@type":"WebPage","@id":"https:\/\/tecplan.com.es\/product\/enrutador-rb2011uias-in\/","url":"https:\/\/tecplan.com.es\/product\/enrutador-rb2011uias-in\/","name":"Enrutador RB2011UiAS-IN - Tecplan","isPartOf":{"@id":"https:\/\/tecplan.com.es\/#website"},"primaryImageOfPage":{"@id":"https:\/\/tecplan.com.es\/product\/enrutador-rb2011uias-in\/#primaryimage"},"image":{"@id":"https:\/\/tecplan.com.es\/product\/enrutador-rb2011uias-in\/#primaryimage"},"thumbnailUrl":"https:\/\/tecplan.com.es\/wp-content\/uploads\/2025\/09\/RB2011UiAS-IN.jpg","datePublished":"2025-09-26T19:58:25+00:00","dateModified":"2025-10-06T21:59:02+00:00","breadcrumb":{"@id":"https:\/\/tecplan.com.es\/product\/enrutador-rb2011uias-in\/#breadcrumb"},"inLanguage":"en-US","potentialAction":[{"@type":"ReadAction","target":["https:\/\/tecplan.com.es\/product\/enrutador-rb2011uias-in\/"]}]},{"@type":"ImageObject","inLanguage":"en-US","@id":"https:\/\/tecplan.com.es\/product\/enrutador-rb2011uias-in\/#primaryimage","url":"https:\/\/tecplan.com.es\/wp-content\/uploads\/2025\/09\/RB2011UiAS-IN.jpg","contentUrl":"https:\/\/tecplan.com.es\/wp-content\/uploads\/2025\/09\/RB2011UiAS-IN.jpg","width":960,"height":960},{"@type":"BreadcrumbList","@id":"https:\/\/tecplan.com.es\/product\/enrutador-rb2011uias-in\/#breadcrumb","itemListElement":[{"@type":"ListItem","position":1,"name":"Home","item":"https:\/\/tecplan.com.es\/"},{"@type":"ListItem","position":2,"name":"Shop","item":"https:\/\/tecplan.com.es\/shop\/"},{"@type":"ListItem","position":3,"name":"Enrutador RB2011UiAS-IN"}]},{"@type":"WebSite","@id":"https:\/\/tecplan.com.es\/#website","url":"https:\/\/tecplan.com.es\/","name":"Tecplan","description":"","potentialAction":[{"@type":"SearchAction","target":{"@type":"EntryPoint","urlTemplate":"https:\/\/tecplan.com.es\/?s={search_term_string}"},"query-input":{"@type":"PropertyValueSpecification","valueRequired":true,"valueName":"search_term_string"}}],"inLanguage":"en-US"}]}},"_links":{"self":[{"href":"https:\/\/tecplan.com.es\/en\/wp-json\/wp\/v2\/product\/3503","targetHints":{"allow":["GET"]}}],"collection":[{"href":"https:\/\/tecplan.com.es\/en\/wp-json\/wp\/v2\/product"}],"about":[{"href":"https:\/\/tecplan.com.es\/en\/wp-json\/wp\/v2\/types\/product"}],"replies":[{"embeddable":true,"href":"https:\/\/tecplan.com.es\/en\/wp-json\/wp\/v2\/comments?post=3503"}],"version-history":[{"count":2,"href":"https:\/\/tecplan.com.es\/en\/wp-json\/wp\/v2\/product\/3503\/revisions"}],"predecessor-version":[{"id":3725,"href":"https:\/\/tecplan.com.es\/en\/wp-json\/wp\/v2\/product\/3503\/revisions\/3725"}],"wp:featuredmedia":[{"embeddable":true,"href":"https:\/\/tecplan.com.es\/en\/wp-json\/wp\/v2\/media\/3474"}],"wp:attachment":[{"href":"https:\/\/tecplan.com.es\/en\/wp-json\/wp\/v2\/media?parent=3503"}],"wp:term":[{"taxonomy":"product_brand","embeddable":true,"href":"https:\/\/tecplan.com.es\/en\/wp-json\/wp\/v2\/product_brand?post=3503"},{"taxonomy":"product_cat","embeddable":true,"href":"https:\/\/tecplan.com.es\/en\/wp-json\/wp\/v2\/product_cat?post=3503"},{"taxonomy":"product_tag","embeddable":true,"href":"https:\/\/tecplan.com.es\/en\/wp-json\/wp\/v2\/product_tag?post=3503"}],"curies":[{"name":"wp","href":"https:\/\/api.w.org\/{rel}","templated":true}]}}