{"id":3502,"date":"2025-09-26T19:58:25","date_gmt":"2025-09-26T19:58:25","guid":{"rendered":"https:\/\/tecplan.com.es\/product\/enrutador-hap-ac%c2%b3-lte6-kit\/"},"modified":"2025-10-06T21:46:26","modified_gmt":"2025-10-06T21:46:26","slug":"enrutador-hap-ac%c2%b3-lte6-kit","status":"publish","type":"product","link":"https:\/\/tecplan.com.es\/en\/product\/enrutador-hap-ac%c2%b3-lte6-kit\/","title":{"rendered":"Enrutador  hAP ac\u00b3 LTE6 kit"},"content":{"rendered":"<p><strong>Enrutador hAP ac\u00b3 LTE6 kit<\/strong><\/p>\n<p style=\"text-align: justify;\">Olv\u00eddese de la b\u00fasqueda interminable del enrutador perfecto y de deslizarse por una eternidad de revisiones y especificaciones, hemos creado un simple y asequible punto de acceso casero que cuenta con todas las caracter\u00edsticas que tal vez necesite para los pr\u00f3ximos a\u00f1os.<\/p>\n<p style=\"text-align: justify;\">El hAP ac\u00b3 LTE6 kit cuenta con nuestro m\u00f3dem m\u00e1s nuevo CAT6LTE. Este le permite agregaci\u00f3n de carriers, permiti\u00e9ndole usar la conexi\u00f3n LTE con velocidades de hasta 300 Mbps. Funciona utilizando m\u00faltiples bandas LTE al mismo tiempo. Una enorme ventaja cuando hay muchos usuarios LTE en el \u00e1rea. Dependiendo del proveedor de servicio, hemos visto la velocidad de internet duplicarse despu\u00e9s de cambiar a CAT6.<\/p>\n<p style=\"text-align: justify;\">Con 5 puertos Gigabit Ethernet, 256 MB de RAM y CPU quadcore, el hAPac\u00b3 LTE6 kit puede satisfacer incluso a los m\u00e1s grandes y demandantes escenarios. Cuenta con un puerto USB de tama\u00f1o completo que puede usar para expandir el almacenaje. La nueva carcasa le permite montarlo de manera vertical u horizontal. Incluye set de montaje en pared.<\/p>\n<p style=\"text-align: justify;\">Basta de compartir la frecuencia con todos sus vecinos, una fuerte doble banda de 2.4\/5GHz de doble cadena para una cobertura concurrente resolver\u00e1 casi cualquier situaci\u00f3n de interferencia en ambientes concurridos. Este equipo es un \u201cdebes de tener\u201d hoy en d\u00eda. Puede usar la frecuencia 2.4 GHz para equipos antiguos y la banda 5 GHz para todo lo dem\u00e1s, ya que esta frecuencia est\u00e1 menos desordenada.<\/p>\n<h3><strong>Especificaciones del producto<\/strong><\/h3>\n<table class=\"table product-table\">\n<thead>\n<tr>\n<th colspan=\"2\">DETAILS<\/th>\n<\/tr>\n<\/thead>\n<tbody>\n<tr>\n<td>Product code<\/td>\n<td>RBD53GR-5HacD2HnD&amp;R11e-LTE6<\/td>\n<\/tr>\n<tr>\n<td>Architecture<\/td>\n<td>ARM 32bit<\/td>\n<\/tr>\n<tr>\n<td>CPU<\/td>\n<td>IPQ-4019<\/td>\n<\/tr>\n<tr>\n<td>CPU core count<\/td>\n<td>4<\/td>\n<\/tr>\n<tr>\n<td>CPU nominal frequency<\/td>\n<td>716 MHz<\/td>\n<\/tr>\n<tr>\n<td>Dimensions<\/td>\n<td>251 x 129 x 39 mm<\/td>\n<\/tr>\n<tr>\n<td>RouterOS license<\/td>\n<td>4<\/td>\n<\/tr>\n<tr>\n<td>Operating System<\/td>\n<td><a href=\"https:\/\/wiki.mikrotik.com\/wiki\/Manual:TOC\" target=\"_blank\" rel=\"noopener\">RouterOS<\/a><\/td>\n<\/tr>\n<tr>\n<td>Size of RAM<\/td>\n<td>256 MB<\/td>\n<\/tr>\n<tr>\n<td>Storage size<\/td>\n<td>16 MB<\/td>\n<\/tr>\n<tr>\n<td>Storage type<\/td>\n<td>FLASH<\/td>\n<\/tr>\n<tr>\n<td>MTBF<\/td>\n<td>Approximately 200\u2019000 hours at 25C<\/td>\n<\/tr>\n<tr>\n<td>Tested ambient temperature<\/td>\n<td>-30\u00b0C to 60\u00b0C<\/td>\n<\/tr>\n<tr>\n<td>IPsec hardware acceleration<\/td>\n<td>Yes<\/td>\n<\/tr>\n<\/tbody>\n<\/table>\n<h3 id=\"spec\">Alimentaci\u00f3n<\/h3>\n<table class=\"table product-table\">\n<thead>\n<tr>\n<th colspan=\"2\">DETAILS<\/th>\n<\/tr>\n<\/thead>\n<tbody>\n<tr>\n<td>Number of DC inputs<\/td>\n<td>1 (DC jack)<\/td>\n<\/tr>\n<tr>\n<td>DC jack input Voltage<\/td>\n<td>12-28 V<\/td>\n<\/tr>\n<tr>\n<td>Max power consumption<\/td>\n<td>20 W<\/td>\n<\/tr>\n<tr>\n<td>Max power consumption without attachments<\/td>\n<td>16 W<\/td>\n<\/tr>\n<tr>\n<td>FAN count<\/td>\n<td>Passive<\/td>\n<\/tr>\n<\/tbody>\n<\/table>\n<h3 id=\"spec\">M\u00f3vil<\/h3>\n<table class=\"table product-table\">\n<thead>\n<tr>\n<th colspan=\"2\">DETAILS<\/th>\n<\/tr>\n<\/thead>\n<tbody>\n<tr>\n<td>2G Category<\/td>\n<td>Class12<\/td>\n<\/tr>\n<tr>\n<td>2G bands<\/td>\n<td>2 (1900MHz) \/ 3 (1800MHz) \/ 5 (850MHz) \/ 8 (900MHz)<\/td>\n<\/tr>\n<tr>\n<td>3G Category<\/td>\n<td>R7 (21Mbps Downlinks, 5.76Mbps Uplink) \/ R8 (42.2Mbps Downlink, 5.76Mbps Uplink)<\/td>\n<\/tr>\n<tr>\n<td>3G bands<\/td>\n<td>1 (2100MHz) \/ 2 (1900MHz) \/ 5 (850MHz) \/ 8 (900MHz)<\/td>\n<\/tr>\n<tr>\n<td>LTE Category<\/td>\n<td>6 (300Mbit\/s Downlink, 50Mbit\/s Uplink)<\/td>\n<\/tr>\n<tr>\n<td>LTE FDD bands<\/td>\n<td>1 (2100MHz) \/ 2 (1900MHz) \/ 3 (1800MHz) \/ 7 (2600MHz) \/ 8 (900 MHz) \/ 20 (800MHz) \/ 5 (850MHz) \/ 12 (700MHz) \/ 17 (700MHz) \/ 25 (1900MHz) \/ 26 (850MHz)<\/td>\n<\/tr>\n<tr>\n<td>LTE TDD bands<\/td>\n<td>38 (2600MHz) \/ 40 (2300MHz) \/ 39 (1900MHz) \/ 41n (2500MHz)<\/td>\n<\/tr>\n<\/tbody>\n<\/table>\n<h3 id=\"spec\">Especificaciones Inal\u00e1mbricas<\/h3>\n<table class=\"table product-table\">\n<thead>\n<tr>\n<th colspan=\"2\">DETAILS<\/th>\n<\/tr>\n<\/thead>\n<tbody>\n<tr>\n<td>Wireless 2.4 GHz Max data rate<\/td>\n<td>300 Mbit\/s<\/td>\n<\/tr>\n<tr>\n<td>Wireless 2.4 GHz number of chains<\/td>\n<td>2<\/td>\n<\/tr>\n<tr>\n<td>Wireless 2.4 GHz standards<\/td>\n<td>802.11b\/g\/n<\/td>\n<\/tr>\n<tr>\n<td>Antenna gain dBi for 2.4 GHz<\/td>\n<td>3<\/td>\n<\/tr>\n<tr>\n<td>Wireless 2.4 GHz chip model<\/td>\n<td>IPQ-4019<\/td>\n<\/tr>\n<tr>\n<td>Wireless 2.4 GHz generation<\/td>\n<td>Wi-Fi 4<\/td>\n<\/tr>\n<tr>\n<td>Wireless 5 GHz Max data rate<\/td>\n<td>867 Mbit\/s<\/td>\n<\/tr>\n<tr>\n<td>Wireless 5 GHz number of chains<\/td>\n<td>2<\/td>\n<\/tr>\n<tr>\n<td>Wireless 5 GHz standards<\/td>\n<td>802.11a\/n\/ac<\/td>\n<\/tr>\n<tr>\n<td>Antenna gain dBi for 5 GHz<\/td>\n<td>5.5<\/td>\n<\/tr>\n<tr>\n<td>Wireless 5 GHz chip model<\/td>\n<td>IPQ-4019<\/td>\n<\/tr>\n<tr>\n<td>Wireless 5 GHz generation<\/td>\n<td>Wi-Fi 5<\/td>\n<\/tr>\n<\/tbody>\n<\/table>\n<h3 id=\"spec\">Ethernet<\/h3>\n<table class=\"table product-table\">\n<thead>\n<tr>\n<th colspan=\"2\">DETAILS<\/th>\n<\/tr>\n<\/thead>\n<tbody>\n<tr>\n<td>10\/100\/1000 Ethernet ports<\/td>\n<td>5<\/td>\n<\/tr>\n<\/tbody>\n<\/table>\n<h3 id=\"spec\">Perif\u00e9ricos<\/h3>\n<table class=\"table product-table\">\n<thead>\n<tr>\n<th colspan=\"2\">DETAILS<\/th>\n<\/tr>\n<\/thead>\n<tbody>\n<tr>\n<td>Number of SIM slots<\/td>\n<td>1 Modem (Micro SIM)<\/td>\n<\/tr>\n<tr>\n<td>MiniPCI-e slots<\/td>\n<td>1<\/td>\n<\/tr>\n<tr>\n<td>Number of USB ports<\/td>\n<td>1<\/td>\n<\/tr>\n<tr>\n<td>USB Power Reset<\/td>\n<td>Yes<\/td>\n<\/tr>\n<tr>\n<td>USB slot type<\/td>\n<td>USB type A<\/td>\n<\/tr>\n<tr>\n<td>Max USB current (A)<\/td>\n<td>1<\/td>\n<\/tr>\n<\/tbody>\n<\/table>\n<h3 id=\"spec\">Others<\/h3>\n<table class=\"table product-table\">\n<thead>\n<tr>\n<th colspan=\"2\">DETAILS<\/th>\n<\/tr>\n<\/thead>\n<tbody>\n<tr>\n<td>Mode button<\/td>\n<td>Yes<\/td>\n<\/tr>\n<\/tbody>\n<\/table>\n<h3 id=\"spec\">Certificaciones y aprobaciones<\/h3>\n<table class=\"table product-table\">\n<thead>\n<tr>\n<th colspan=\"2\">DETAILS<\/th>\n<\/tr>\n<\/thead>\n<tbody>\n<tr>\n<td>Certification<\/td>\n<td>CE, FCC, IC, EAC, ROHS<\/td>\n<\/tr>\n<tr>\n<td>IP<\/td>\n<td>IP20<\/td>\n<\/tr>\n<\/tbody>\n<\/table>","protected":false},"excerpt":{"rendered":"<p style=\"text-align: justify;\">Un enrutador wireless de doble banda con soporte para LTE y 5 puertos Ethernet Gigabit. La elecci\u00f3n correcta para la mayor\u00eda de hogares.<\/p>\n<p><img decoding=\"async\" class=\"wp-image-2211 aligncenter\" src=\"https:\/\/tecplan.com.es\/wp-content\/uploads\/2025\/07\/2560px-MikroTik_logo-300x73.png\" alt=\"\" width=\"193\" height=\"47\" srcset=\"https:\/\/tecplan.com.es\/wp-content\/uploads\/2025\/07\/2560px-MikroTik_logo-300x73.png 300w, https:\/\/tecplan.com.es\/wp-content\/uploads\/2025\/07\/2560px-MikroTik_logo-1024x250.png 1024w, https:\/\/tecplan.com.es\/wp-content\/uploads\/2025\/07\/2560px-MikroTik_logo-768x187.png 768w, https:\/\/tecplan.com.es\/wp-content\/uploads\/2025\/07\/2560px-MikroTik_logo-1536x374.png 1536w, https:\/\/tecplan.com.es\/wp-content\/uploads\/2025\/07\/2560px-MikroTik_logo-2048x499.png 2048w, https:\/\/tecplan.com.es\/wp-content\/uploads\/2025\/07\/2560px-MikroTik_logo-18x4.png 18w, https:\/\/tecplan.com.es\/wp-content\/uploads\/2025\/07\/2560px-MikroTik_logo-600x146.png 600w\" sizes=\"(max-width: 193px) 100vw, 193px\" \/><\/p>","protected":false},"featured_media":3472,"comment_status":"open","ping_status":"closed","template":"","meta":{"site-sidebar-layout":"default","site-content-layout":"","ast-site-content-layout":"default","site-content-style":"default","site-sidebar-style":"default","ast-global-header-display":"","ast-banner-title-visibility":"","ast-main-header-display":"","ast-hfb-above-header-display":"","ast-hfb-below-header-display":"","ast-hfb-mobile-header-display":"","site-post-title":"","ast-breadcrumbs-content":"","ast-featured-img":"","footer-sml-layout":"","ast-disable-related-posts":"","theme-transparent-header-meta":"default","adv-header-id-meta":"","stick-header-meta":"","header-above-stick-meta":"","header-main-stick-meta":"","header-below-stick-meta":"","astra-migrate-meta-layouts":"set","ast-page-background-enabled":"default","ast-page-background-meta":{"desktop":{"background-color":"var(--ast-global-color-5)","background-image":"","background-repeat":"repeat","background-position":"center center","background-size":"auto","background-attachment":"scroll","background-type":"","background-media":"","overlay-type":"","overlay-color":"","overlay-opacity":"","overlay-gradient":""},"tablet":{"background-color":"","background-image":"","background-repeat":"repeat","background-position":"center center","background-size":"auto","background-attachment":"scroll","background-type":"","background-media":"","overlay-type":"","overlay-color":"","overlay-opacity":"","overlay-gradient":""},"mobile":{"background-color":"","background-image":"","background-repeat":"repeat","background-position":"center center","background-size":"auto","background-attachment":"scroll","background-type":"","background-media":"","overlay-type":"","overlay-color":"","overlay-opacity":"","overlay-gradient":""}},"ast-content-background-meta":{"desktop":{"background-color":"var(--ast-global-color-4)","background-image":"","background-repeat":"repeat","background-position":"center center","background-size":"auto","background-attachment":"scroll","background-type":"","background-media":"","overlay-type":"","overlay-color":"","overlay-opacity":"","overlay-gradient":""},"tablet":{"background-color":"var(--ast-global-color-4)","background-image":"","background-repeat":"repeat","background-position":"center center","background-size":"auto","background-attachment":"scroll","background-type":"","background-media":"","overlay-type":"","overlay-color":"","overlay-opacity":"","overlay-gradient":""},"mobile":{"background-color":"var(--ast-global-color-4)","background-image":"","background-repeat":"repeat","background-position":"center center","background-size":"auto","background-attachment":"scroll","background-type":"","background-media":"","overlay-type":"","overlay-color":"","overlay-opacity":"","overlay-gradient":""}}},"product_brand":[243],"product_cat":[125,96,129],"product_tag":[212],"class_list":{"0":"post-3502","1":"product","2":"type-product","3":"status-publish","4":"has-post-thumbnail","6":"product_brand-mikrotik","7":"product_cat-mikrotik","8":"product_cat-networking","9":"product_cat-router","10":"product_tag-mikrotik","11":"desktop-align-left","12":"tablet-align-left","13":"mobile-align-left","15":"first","16":"instock","17":"shipping-taxable","18":"product-type-simple"},"yoast_head":"<!-- This site is optimized with the Yoast SEO plugin v25.3 - https:\/\/yoast.com\/wordpress\/plugins\/seo\/ -->\n<title>Enrutador hAP ac\u00b3 LTE6 kit - Tecplan<\/title>\n<meta name=\"robots\" content=\"index, follow, max-snippet:-1, max-image-preview:large, max-video-preview:-1\" \/>\n<link rel=\"canonical\" href=\"https:\/\/tecplan.com.es\/en\/product\/enrutador-hap-ac\u00b3-lte6-kit\/\" \/>\n<meta property=\"og:locale\" content=\"en_US\" \/>\n<meta property=\"og:type\" content=\"article\" \/>\n<meta property=\"og:title\" content=\"Enrutador hAP ac\u00b3 LTE6 kit - Tecplan\" \/>\n<meta property=\"og:description\" content=\"Un enrutador wireless de doble banda con soporte para LTE y 5 puertos Ethernet Gigabit. La elecci\u00f3n correcta para la mayor\u00eda de hogares.\" \/>\n<meta property=\"og:url\" content=\"https:\/\/tecplan.com.es\/en\/product\/enrutador-hap-ac\u00b3-lte6-kit\/\" \/>\n<meta property=\"og:site_name\" content=\"Tecplan\" \/>\n<meta property=\"article:modified_time\" content=\"2025-10-06T21:46:26+00:00\" \/>\n<meta property=\"og:image\" content=\"https:\/\/tecplan.com.es\/wp-content\/uploads\/2025\/09\/hAP-ac-4.jpg\" \/>\n\t<meta property=\"og:image:width\" content=\"960\" \/>\n\t<meta property=\"og:image:height\" content=\"960\" \/>\n\t<meta property=\"og:image:type\" content=\"image\/jpeg\" \/>\n<meta name=\"twitter:card\" content=\"summary_large_image\" \/>\n<meta name=\"twitter:label1\" content=\"Est. reading time\" \/>\n\t<meta name=\"twitter:data1\" content=\"3 minutes\" \/>\n<script type=\"application\/ld+json\" class=\"yoast-schema-graph\">{\"@context\":\"https:\/\/schema.org\",\"@graph\":[{\"@type\":\"WebPage\",\"@id\":\"https:\/\/tecplan.com.es\/product\/enrutador-hap-ac%c2%b3-lte6-kit\/\",\"url\":\"https:\/\/tecplan.com.es\/product\/enrutador-hap-ac%c2%b3-lte6-kit\/\",\"name\":\"Enrutador hAP ac\u00b3 LTE6 kit - Tecplan\",\"isPartOf\":{\"@id\":\"https:\/\/tecplan.com.es\/#website\"},\"primaryImageOfPage\":{\"@id\":\"https:\/\/tecplan.com.es\/product\/enrutador-hap-ac%c2%b3-lte6-kit\/#primaryimage\"},\"image\":{\"@id\":\"https:\/\/tecplan.com.es\/product\/enrutador-hap-ac%c2%b3-lte6-kit\/#primaryimage\"},\"thumbnailUrl\":\"https:\/\/tecplan.com.es\/wp-content\/uploads\/2025\/09\/hAP-ac-4.jpg\",\"datePublished\":\"2025-09-26T19:58:25+00:00\",\"dateModified\":\"2025-10-06T21:46:26+00:00\",\"breadcrumb\":{\"@id\":\"https:\/\/tecplan.com.es\/product\/enrutador-hap-ac%c2%b3-lte6-kit\/#breadcrumb\"},\"inLanguage\":\"en-US\",\"potentialAction\":[{\"@type\":\"ReadAction\",\"target\":[\"https:\/\/tecplan.com.es\/product\/enrutador-hap-ac%c2%b3-lte6-kit\/\"]}]},{\"@type\":\"ImageObject\",\"inLanguage\":\"en-US\",\"@id\":\"https:\/\/tecplan.com.es\/product\/enrutador-hap-ac%c2%b3-lte6-kit\/#primaryimage\",\"url\":\"https:\/\/tecplan.com.es\/wp-content\/uploads\/2025\/09\/hAP-ac-4.jpg\",\"contentUrl\":\"https:\/\/tecplan.com.es\/wp-content\/uploads\/2025\/09\/hAP-ac-4.jpg\",\"width\":960,\"height\":960},{\"@type\":\"BreadcrumbList\",\"@id\":\"https:\/\/tecplan.com.es\/product\/enrutador-hap-ac%c2%b3-lte6-kit\/#breadcrumb\",\"itemListElement\":[{\"@type\":\"ListItem\",\"position\":1,\"name\":\"Home\",\"item\":\"https:\/\/tecplan.com.es\/\"},{\"@type\":\"ListItem\",\"position\":2,\"name\":\"Shop\",\"item\":\"https:\/\/tecplan.com.es\/shop\/\"},{\"@type\":\"ListItem\",\"position\":3,\"name\":\"Enrutador hAP ac\u00b3 LTE6 kit\"}]},{\"@type\":\"WebSite\",\"@id\":\"https:\/\/tecplan.com.es\/#website\",\"url\":\"https:\/\/tecplan.com.es\/\",\"name\":\"Tecplan\",\"description\":\"\",\"potentialAction\":[{\"@type\":\"SearchAction\",\"target\":{\"@type\":\"EntryPoint\",\"urlTemplate\":\"https:\/\/tecplan.com.es\/?s={search_term_string}\"},\"query-input\":{\"@type\":\"PropertyValueSpecification\",\"valueRequired\":true,\"valueName\":\"search_term_string\"}}],\"inLanguage\":\"en-US\"}]}<\/script>\n<!-- \/ Yoast SEO plugin. -->","yoast_head_json":{"title":"Enrutador hAP ac\u00b3 LTE6 kit - Tecplan","robots":{"index":"index","follow":"follow","max-snippet":"max-snippet:-1","max-image-preview":"max-image-preview:large","max-video-preview":"max-video-preview:-1"},"canonical":"https:\/\/tecplan.com.es\/en\/product\/enrutador-hap-ac\u00b3-lte6-kit\/","og_locale":"en_US","og_type":"article","og_title":"Enrutador hAP ac\u00b3 LTE6 kit - Tecplan","og_description":"Un enrutador wireless de doble banda con soporte para LTE y 5 puertos Ethernet Gigabit. La elecci\u00f3n correcta para la mayor\u00eda de hogares.","og_url":"https:\/\/tecplan.com.es\/en\/product\/enrutador-hap-ac\u00b3-lte6-kit\/","og_site_name":"Tecplan","article_modified_time":"2025-10-06T21:46:26+00:00","og_image":[{"width":960,"height":960,"url":"https:\/\/tecplan.com.es\/wp-content\/uploads\/2025\/09\/hAP-ac-4.jpg","type":"image\/jpeg"}],"twitter_card":"summary_large_image","twitter_misc":{"Est. reading time":"3 minutes"},"schema":{"@context":"https:\/\/schema.org","@graph":[{"@type":"WebPage","@id":"https:\/\/tecplan.com.es\/product\/enrutador-hap-ac%c2%b3-lte6-kit\/","url":"https:\/\/tecplan.com.es\/product\/enrutador-hap-ac%c2%b3-lte6-kit\/","name":"Enrutador hAP ac\u00b3 LTE6 kit - Tecplan","isPartOf":{"@id":"https:\/\/tecplan.com.es\/#website"},"primaryImageOfPage":{"@id":"https:\/\/tecplan.com.es\/product\/enrutador-hap-ac%c2%b3-lte6-kit\/#primaryimage"},"image":{"@id":"https:\/\/tecplan.com.es\/product\/enrutador-hap-ac%c2%b3-lte6-kit\/#primaryimage"},"thumbnailUrl":"https:\/\/tecplan.com.es\/wp-content\/uploads\/2025\/09\/hAP-ac-4.jpg","datePublished":"2025-09-26T19:58:25+00:00","dateModified":"2025-10-06T21:46:26+00:00","breadcrumb":{"@id":"https:\/\/tecplan.com.es\/product\/enrutador-hap-ac%c2%b3-lte6-kit\/#breadcrumb"},"inLanguage":"en-US","potentialAction":[{"@type":"ReadAction","target":["https:\/\/tecplan.com.es\/product\/enrutador-hap-ac%c2%b3-lte6-kit\/"]}]},{"@type":"ImageObject","inLanguage":"en-US","@id":"https:\/\/tecplan.com.es\/product\/enrutador-hap-ac%c2%b3-lte6-kit\/#primaryimage","url":"https:\/\/tecplan.com.es\/wp-content\/uploads\/2025\/09\/hAP-ac-4.jpg","contentUrl":"https:\/\/tecplan.com.es\/wp-content\/uploads\/2025\/09\/hAP-ac-4.jpg","width":960,"height":960},{"@type":"BreadcrumbList","@id":"https:\/\/tecplan.com.es\/product\/enrutador-hap-ac%c2%b3-lte6-kit\/#breadcrumb","itemListElement":[{"@type":"ListItem","position":1,"name":"Home","item":"https:\/\/tecplan.com.es\/"},{"@type":"ListItem","position":2,"name":"Shop","item":"https:\/\/tecplan.com.es\/shop\/"},{"@type":"ListItem","position":3,"name":"Enrutador hAP ac\u00b3 LTE6 kit"}]},{"@type":"WebSite","@id":"https:\/\/tecplan.com.es\/#website","url":"https:\/\/tecplan.com.es\/","name":"Tecplan","description":"","potentialAction":[{"@type":"SearchAction","target":{"@type":"EntryPoint","urlTemplate":"https:\/\/tecplan.com.es\/?s={search_term_string}"},"query-input":{"@type":"PropertyValueSpecification","valueRequired":true,"valueName":"search_term_string"}}],"inLanguage":"en-US"}]}},"_links":{"self":[{"href":"https:\/\/tecplan.com.es\/en\/wp-json\/wp\/v2\/product\/3502","targetHints":{"allow":["GET"]}}],"collection":[{"href":"https:\/\/tecplan.com.es\/en\/wp-json\/wp\/v2\/product"}],"about":[{"href":"https:\/\/tecplan.com.es\/en\/wp-json\/wp\/v2\/types\/product"}],"replies":[{"embeddable":true,"href":"https:\/\/tecplan.com.es\/en\/wp-json\/wp\/v2\/comments?post=3502"}],"version-history":[{"count":2,"href":"https:\/\/tecplan.com.es\/en\/wp-json\/wp\/v2\/product\/3502\/revisions"}],"predecessor-version":[{"id":3724,"href":"https:\/\/tecplan.com.es\/en\/wp-json\/wp\/v2\/product\/3502\/revisions\/3724"}],"wp:featuredmedia":[{"embeddable":true,"href":"https:\/\/tecplan.com.es\/en\/wp-json\/wp\/v2\/media\/3472"}],"wp:attachment":[{"href":"https:\/\/tecplan.com.es\/en\/wp-json\/wp\/v2\/media?parent=3502"}],"wp:term":[{"taxonomy":"product_brand","embeddable":true,"href":"https:\/\/tecplan.com.es\/en\/wp-json\/wp\/v2\/product_brand?post=3502"},{"taxonomy":"product_cat","embeddable":true,"href":"https:\/\/tecplan.com.es\/en\/wp-json\/wp\/v2\/product_cat?post=3502"},{"taxonomy":"product_tag","embeddable":true,"href":"https:\/\/tecplan.com.es\/en\/wp-json\/wp\/v2\/product_tag?post=3502"}],"curies":[{"name":"wp","href":"https:\/\/api.w.org\/{rel}","templated":true}]}}