{"id":3498,"date":"2025-09-26T19:58:24","date_gmt":"2025-09-26T19:58:24","guid":{"rendered":"https:\/\/tecplan.com.es\/product\/router-rb760igs-hex-s\/"},"modified":"2025-10-08T14:04:17","modified_gmt":"2025-10-08T14:04:17","slug":"router-rb760igs-hex-s","status":"publish","type":"product","link":"https:\/\/tecplan.com.es\/en\/product\/router-rb760igs-hex-s\/","title":{"rendered":"Router RB760iGS hEX S"},"content":{"rendered":"<p><strong>Router hEX S<\/strong><\/p>\n<p style=\"text-align: justify;\">EL hEX S es un router con cinco puertos Ethernet Gigabit, para lugares donde la conectividad inal\u00e1mbrica no es requerida. Comparado con el hEX, el hEX S tambi\u00e9n incluye un puerto SFP y salida PoE en su \u00faltimo puerto.<\/p>\n<p style=\"text-align: justify;\">Es asequible, peque\u00f1o y f\u00e1cil de usar, pero al mismo tiempo viene con un poderoso CPU de doble n\u00facleo de 880 MHz, y 256 MB de RAM, capacitado para todas las configuraciones avanzadas que RouterOS incluye. El dispositivo tiene un puerto USB 2.0, salida PoE en el puerto Ethternet #5, y un gabinete 1.25 Gbit\/s.<\/p>\n<p style=\"text-align: justify;\">El cifrado IPsec y el servidor Dude est\u00e1n incluidos, el puerto microSD provee una velocidad r\/w mejorada para almacenaje de informaci\u00f3n y el Dude.<\/p>\n<h3>Especificaciones del producto<\/h3>\n<table class=\"table product-table\">\n<thead>\n<tr>\n<th colspan=\"2\">DETAILS<\/th>\n<\/tr>\n<\/thead>\n<tbody>\n<tr>\n<td>Product code<\/td>\n<td>RB760iGS<\/td>\n<\/tr>\n<tr>\n<td>Architecture<\/td>\n<td>MMIPS<\/td>\n<\/tr>\n<tr>\n<td>CPU<\/td>\n<td>MT7621A<\/td>\n<\/tr>\n<tr>\n<td>CPU core count<\/td>\n<td>2<\/td>\n<\/tr>\n<tr>\n<td>CPU nominal frequency<\/td>\n<td>880 MHz<\/td>\n<\/tr>\n<tr>\n<td>CPU Threads count<\/td>\n<td>4<\/td>\n<\/tr>\n<tr>\n<td>Dimensions<\/td>\n<td>113 x 89 x 28 mm<\/td>\n<\/tr>\n<tr>\n<td>License level<\/td>\n<td>4<\/td>\n<\/tr>\n<tr>\n<td>Operating System<\/td>\n<td>RouterOS<\/td>\n<\/tr>\n<tr>\n<td>Size of RAM<\/td>\n<td>256 MB<\/td>\n<\/tr>\n<tr>\n<td>Storage size<\/td>\n<td>16 MB<\/td>\n<\/tr>\n<tr>\n<td>Storage type<\/td>\n<td>FLASH<\/td>\n<\/tr>\n<tr>\n<td>Tested ambient temperature<\/td>\n<td>-40\u00b0C .. 70\u00b0C<\/td>\n<\/tr>\n<\/tbody>\n<\/table>\n<div class=\"clearfix\"><\/div>\n<h1>Alimentaci\u00f3n<\/h1>\n<table class=\"table product-table\">\n<thead>\n<tr>\n<th colspan=\"2\">DETAILS<\/th>\n<\/tr>\n<\/thead>\n<tbody>\n<tr>\n<td>Max Power consumption<\/td>\n<td>11W<\/td>\n<\/tr>\n<tr>\n<td>PoE in<\/td>\n<td>802.3af\/at<\/td>\n<\/tr>\n<tr>\n<td>PoE out<\/td>\n<td>Passive PoE up to 57V<\/td>\n<\/tr>\n<tr>\n<td>PoE in input Voltage<\/td>\n<td>12-57 V<\/td>\n<\/tr>\n<tr>\n<td>Number of DC inputs<\/td>\n<td>2 (DC jack, PoE-IN)<\/td>\n<\/tr>\n<tr>\n<td>DC jack input Voltage<\/td>\n<td>12-57 V<\/td>\n<\/tr>\n<\/tbody>\n<\/table>\n<div class=\"clearfix\"><\/div>\n<h1>Ethernet<\/h1>\n<table class=\"table product-table\">\n<thead>\n<tr>\n<th colspan=\"2\">DETAILS<\/th>\n<\/tr>\n<\/thead>\n<tbody>\n<tr>\n<td>10\/100\/1000 Ethernet ports<\/td>\n<td>5<\/td>\n<\/tr>\n<\/tbody>\n<\/table>\n<div class=\"clearfix\"><\/div>\n<h1>Fibra<\/h1>\n<table class=\"table product-table\">\n<thead>\n<tr>\n<th colspan=\"2\">DETAILS<\/th>\n<\/tr>\n<\/thead>\n<tbody>\n<tr>\n<td>SFP ports<\/td>\n<td>1<\/td>\n<\/tr>\n<\/tbody>\n<\/table>\n<div class=\"clearfix\"><\/div>\n<h1>Perif\u00e9ricos<\/h1>\n<table class=\"table product-table\">\n<thead>\n<tr>\n<th colspan=\"2\">DETAILS<\/th>\n<\/tr>\n<\/thead>\n<tbody>\n<tr>\n<td>Number of USB ports<\/td>\n<td>1<\/td>\n<\/tr>\n<tr>\n<td>USB Power Reset<\/td>\n<td>Yes<\/td>\n<\/tr>\n<tr>\n<td>USB slot type<\/td>\n<td>USB type A<\/td>\n<\/tr>\n<tr>\n<td>Max USB current (A)<\/td>\n<td>1<\/td>\n<\/tr>\n<\/tbody>\n<\/table>\n<div class=\"clearfix\"><\/div>\n<h1>Others<\/h1>\n<table class=\"table product-table\">\n<thead>\n<tr>\n<th colspan=\"2\">DETAILS<\/th>\n<\/tr>\n<\/thead>\n<tbody>\n<tr>\n<td>PCB temperature monitor<\/td>\n<td>Yes<\/td>\n<\/tr>\n<tr>\n<td>Voltage Monitor<\/td>\n<td>Yes<\/td>\n<\/tr>\n<\/tbody>\n<\/table>","protected":false},"excerpt":{"rendered":"<p style=\"text-align: justify;\">.5 puertos Ethernet Gigabit, SFP, CPU de doble n\u00facleo de 880MHz, USB, microSD, RouterOS L4, soporte para cifrado de hardware IPsec, y el paquete de servidor The Dude.<\/p>","protected":false},"featured_media":3448,"comment_status":"open","ping_status":"closed","template":"","meta":{"site-sidebar-layout":"default","site-content-layout":"","ast-site-content-layout":"default","site-content-style":"default","site-sidebar-style":"default","ast-global-header-display":"","ast-banner-title-visibility":"","ast-main-header-display":"","ast-hfb-above-header-display":"","ast-hfb-below-header-display":"","ast-hfb-mobile-header-display":"","site-post-title":"","ast-breadcrumbs-content":"","ast-featured-img":"","footer-sml-layout":"","ast-disable-related-posts":"","theme-transparent-header-meta":"default","adv-header-id-meta":"","stick-header-meta":"","header-above-stick-meta":"","header-main-stick-meta":"","header-below-stick-meta":"","astra-migrate-meta-layouts":"set","ast-page-background-enabled":"default","ast-page-background-meta":{"desktop":{"background-color":"var(--ast-global-color-5)","background-image":"","background-repeat":"repeat","background-position":"center center","background-size":"auto","background-attachment":"scroll","background-type":"","background-media":"","overlay-type":"","overlay-color":"","overlay-opacity":"","overlay-gradient":""},"tablet":{"background-color":"","background-image":"","background-repeat":"repeat","background-position":"center center","background-size":"auto","background-attachment":"scroll","background-type":"","background-media":"","overlay-type":"","overlay-color":"","overlay-opacity":"","overlay-gradient":""},"mobile":{"background-color":"","background-image":"","background-repeat":"repeat","background-position":"center center","background-size":"auto","background-attachment":"scroll","background-type":"","background-media":"","overlay-type":"","overlay-color":"","overlay-opacity":"","overlay-gradient":""}},"ast-content-background-meta":{"desktop":{"background-color":"var(--ast-global-color-4)","background-image":"","background-repeat":"repeat","background-position":"center center","background-size":"auto","background-attachment":"scroll","background-type":"","background-media":"","overlay-type":"","overlay-color":"","overlay-opacity":"","overlay-gradient":""},"tablet":{"background-color":"var(--ast-global-color-4)","background-image":"","background-repeat":"repeat","background-position":"center center","background-size":"auto","background-attachment":"scroll","background-type":"","background-media":"","overlay-type":"","overlay-color":"","overlay-opacity":"","overlay-gradient":""},"mobile":{"background-color":"var(--ast-global-color-4)","background-image":"","background-repeat":"repeat","background-position":"center center","background-size":"auto","background-attachment":"scroll","background-type":"","background-media":"","overlay-type":"","overlay-color":"","overlay-opacity":"","overlay-gradient":""}}},"product_brand":[243],"product_cat":[125,96,129,126],"product_tag":[212],"class_list":{"0":"post-3498","1":"product","2":"type-product","3":"status-publish","4":"has-post-thumbnail","6":"product_brand-mikrotik","7":"product_cat-mikrotik","8":"product_cat-networking","9":"product_cat-router","10":"product_cat-sfp","11":"product_tag-mikrotik","12":"desktop-align-left","13":"tablet-align-left","14":"mobile-align-left","16":"first","17":"instock","18":"shipping-taxable","19":"product-type-simple"},"yoast_head":"<!-- This site is optimized with the Yoast SEO plugin v25.3 - https:\/\/yoast.com\/wordpress\/plugins\/seo\/ -->\n<title>Router RB760iGS hEX S - Tecplan<\/title>\n<meta name=\"robots\" content=\"index, follow, max-snippet:-1, max-image-preview:large, max-video-preview:-1\" \/>\n<link rel=\"canonical\" href=\"https:\/\/tecplan.com.es\/en\/product\/router-rb760igs-hex-s\/\" \/>\n<meta property=\"og:locale\" content=\"en_US\" \/>\n<meta property=\"og:type\" content=\"article\" \/>\n<meta property=\"og:title\" content=\"Router RB760iGS hEX S - Tecplan\" \/>\n<meta property=\"og:description\" content=\".5 puertos Ethernet Gigabit, SFP, CPU de doble n\u00facleo de 880MHz, USB, microSD, RouterOS L4, soporte para cifrado de hardware IPsec, y el paquete de servidor The Dude.\" \/>\n<meta property=\"og:url\" content=\"https:\/\/tecplan.com.es\/en\/product\/router-rb760igs-hex-s\/\" \/>\n<meta property=\"og:site_name\" content=\"Tecplan\" \/>\n<meta property=\"article:modified_time\" content=\"2025-10-08T14:04:17+00:00\" \/>\n<meta property=\"og:image\" content=\"https:\/\/tecplan.com.es\/wp-content\/uploads\/2025\/09\/hEX-S-1.webp\" \/>\n\t<meta property=\"og:image:width\" content=\"860\" \/>\n\t<meta property=\"og:image:height\" content=\"371\" \/>\n\t<meta property=\"og:image:type\" content=\"image\/webp\" \/>\n<meta name=\"twitter:card\" content=\"summary_large_image\" \/>\n<meta name=\"twitter:label1\" content=\"Est. reading time\" \/>\n\t<meta name=\"twitter:data1\" content=\"2 minutes\" \/>\n<script type=\"application\/ld+json\" class=\"yoast-schema-graph\">{\"@context\":\"https:\/\/schema.org\",\"@graph\":[{\"@type\":\"WebPage\",\"@id\":\"https:\/\/tecplan.com.es\/product\/router-rb760igs-hex-s\/\",\"url\":\"https:\/\/tecplan.com.es\/product\/router-rb760igs-hex-s\/\",\"name\":\"Router RB760iGS hEX S - Tecplan\",\"isPartOf\":{\"@id\":\"https:\/\/tecplan.com.es\/#website\"},\"primaryImageOfPage\":{\"@id\":\"https:\/\/tecplan.com.es\/product\/router-rb760igs-hex-s\/#primaryimage\"},\"image\":{\"@id\":\"https:\/\/tecplan.com.es\/product\/router-rb760igs-hex-s\/#primaryimage\"},\"thumbnailUrl\":\"https:\/\/tecplan.com.es\/wp-content\/uploads\/2025\/09\/hEX-S-1.webp\",\"datePublished\":\"2025-09-26T19:58:24+00:00\",\"dateModified\":\"2025-10-08T14:04:17+00:00\",\"breadcrumb\":{\"@id\":\"https:\/\/tecplan.com.es\/product\/router-rb760igs-hex-s\/#breadcrumb\"},\"inLanguage\":\"en-US\",\"potentialAction\":[{\"@type\":\"ReadAction\",\"target\":[\"https:\/\/tecplan.com.es\/product\/router-rb760igs-hex-s\/\"]}]},{\"@type\":\"ImageObject\",\"inLanguage\":\"en-US\",\"@id\":\"https:\/\/tecplan.com.es\/product\/router-rb760igs-hex-s\/#primaryimage\",\"url\":\"https:\/\/tecplan.com.es\/wp-content\/uploads\/2025\/09\/hEX-S-1.webp\",\"contentUrl\":\"https:\/\/tecplan.com.es\/wp-content\/uploads\/2025\/09\/hEX-S-1.webp\",\"width\":860,\"height\":371},{\"@type\":\"BreadcrumbList\",\"@id\":\"https:\/\/tecplan.com.es\/product\/router-rb760igs-hex-s\/#breadcrumb\",\"itemListElement\":[{\"@type\":\"ListItem\",\"position\":1,\"name\":\"Home\",\"item\":\"https:\/\/tecplan.com.es\/\"},{\"@type\":\"ListItem\",\"position\":2,\"name\":\"Shop\",\"item\":\"https:\/\/tecplan.com.es\/shop\/\"},{\"@type\":\"ListItem\",\"position\":3,\"name\":\"Router RB760iGS hEX S\"}]},{\"@type\":\"WebSite\",\"@id\":\"https:\/\/tecplan.com.es\/#website\",\"url\":\"https:\/\/tecplan.com.es\/\",\"name\":\"Tecplan\",\"description\":\"\",\"potentialAction\":[{\"@type\":\"SearchAction\",\"target\":{\"@type\":\"EntryPoint\",\"urlTemplate\":\"https:\/\/tecplan.com.es\/?s={search_term_string}\"},\"query-input\":{\"@type\":\"PropertyValueSpecification\",\"valueRequired\":true,\"valueName\":\"search_term_string\"}}],\"inLanguage\":\"en-US\"}]}<\/script>\n<!-- \/ Yoast SEO plugin. -->","yoast_head_json":{"title":"Router RB760iGS hEX S - Tecplan","robots":{"index":"index","follow":"follow","max-snippet":"max-snippet:-1","max-image-preview":"max-image-preview:large","max-video-preview":"max-video-preview:-1"},"canonical":"https:\/\/tecplan.com.es\/en\/product\/router-rb760igs-hex-s\/","og_locale":"en_US","og_type":"article","og_title":"Router RB760iGS hEX S - Tecplan","og_description":".5 puertos Ethernet Gigabit, SFP, CPU de doble n\u00facleo de 880MHz, USB, microSD, RouterOS L4, soporte para cifrado de hardware IPsec, y el paquete de servidor The Dude.","og_url":"https:\/\/tecplan.com.es\/en\/product\/router-rb760igs-hex-s\/","og_site_name":"Tecplan","article_modified_time":"2025-10-08T14:04:17+00:00","og_image":[{"width":860,"height":371,"url":"https:\/\/tecplan.com.es\/wp-content\/uploads\/2025\/09\/hEX-S-1.webp","type":"image\/webp"}],"twitter_card":"summary_large_image","twitter_misc":{"Est. reading time":"2 minutes"},"schema":{"@context":"https:\/\/schema.org","@graph":[{"@type":"WebPage","@id":"https:\/\/tecplan.com.es\/product\/router-rb760igs-hex-s\/","url":"https:\/\/tecplan.com.es\/product\/router-rb760igs-hex-s\/","name":"Router RB760iGS hEX S - Tecplan","isPartOf":{"@id":"https:\/\/tecplan.com.es\/#website"},"primaryImageOfPage":{"@id":"https:\/\/tecplan.com.es\/product\/router-rb760igs-hex-s\/#primaryimage"},"image":{"@id":"https:\/\/tecplan.com.es\/product\/router-rb760igs-hex-s\/#primaryimage"},"thumbnailUrl":"https:\/\/tecplan.com.es\/wp-content\/uploads\/2025\/09\/hEX-S-1.webp","datePublished":"2025-09-26T19:58:24+00:00","dateModified":"2025-10-08T14:04:17+00:00","breadcrumb":{"@id":"https:\/\/tecplan.com.es\/product\/router-rb760igs-hex-s\/#breadcrumb"},"inLanguage":"en-US","potentialAction":[{"@type":"ReadAction","target":["https:\/\/tecplan.com.es\/product\/router-rb760igs-hex-s\/"]}]},{"@type":"ImageObject","inLanguage":"en-US","@id":"https:\/\/tecplan.com.es\/product\/router-rb760igs-hex-s\/#primaryimage","url":"https:\/\/tecplan.com.es\/wp-content\/uploads\/2025\/09\/hEX-S-1.webp","contentUrl":"https:\/\/tecplan.com.es\/wp-content\/uploads\/2025\/09\/hEX-S-1.webp","width":860,"height":371},{"@type":"BreadcrumbList","@id":"https:\/\/tecplan.com.es\/product\/router-rb760igs-hex-s\/#breadcrumb","itemListElement":[{"@type":"ListItem","position":1,"name":"Home","item":"https:\/\/tecplan.com.es\/"},{"@type":"ListItem","position":2,"name":"Shop","item":"https:\/\/tecplan.com.es\/shop\/"},{"@type":"ListItem","position":3,"name":"Router RB760iGS hEX S"}]},{"@type":"WebSite","@id":"https:\/\/tecplan.com.es\/#website","url":"https:\/\/tecplan.com.es\/","name":"Tecplan","description":"","potentialAction":[{"@type":"SearchAction","target":{"@type":"EntryPoint","urlTemplate":"https:\/\/tecplan.com.es\/?s={search_term_string}"},"query-input":{"@type":"PropertyValueSpecification","valueRequired":true,"valueName":"search_term_string"}}],"inLanguage":"en-US"}]}},"_links":{"self":[{"href":"https:\/\/tecplan.com.es\/en\/wp-json\/wp\/v2\/product\/3498","targetHints":{"allow":["GET"]}}],"collection":[{"href":"https:\/\/tecplan.com.es\/en\/wp-json\/wp\/v2\/product"}],"about":[{"href":"https:\/\/tecplan.com.es\/en\/wp-json\/wp\/v2\/types\/product"}],"replies":[{"embeddable":true,"href":"https:\/\/tecplan.com.es\/en\/wp-json\/wp\/v2\/comments?post=3498"}],"version-history":[{"count":2,"href":"https:\/\/tecplan.com.es\/en\/wp-json\/wp\/v2\/product\/3498\/revisions"}],"predecessor-version":[{"id":3738,"href":"https:\/\/tecplan.com.es\/en\/wp-json\/wp\/v2\/product\/3498\/revisions\/3738"}],"wp:featuredmedia":[{"embeddable":true,"href":"https:\/\/tecplan.com.es\/en\/wp-json\/wp\/v2\/media\/3448"}],"wp:attachment":[{"href":"https:\/\/tecplan.com.es\/en\/wp-json\/wp\/v2\/media?parent=3498"}],"wp:term":[{"taxonomy":"product_brand","embeddable":true,"href":"https:\/\/tecplan.com.es\/en\/wp-json\/wp\/v2\/product_brand?post=3498"},{"taxonomy":"product_cat","embeddable":true,"href":"https:\/\/tecplan.com.es\/en\/wp-json\/wp\/v2\/product_cat?post=3498"},{"taxonomy":"product_tag","embeddable":true,"href":"https:\/\/tecplan.com.es\/en\/wp-json\/wp\/v2\/product_tag?post=3498"}],"curies":[{"name":"wp","href":"https:\/\/api.w.org\/{rel}","templated":true}]}}