{"id":3497,"date":"2025-09-26T19:58:24","date_gmt":"2025-09-26T19:58:24","guid":{"rendered":"https:\/\/tecplan.com.es\/product\/antena-networks-450-mbps-lbe-5ac-gen2-2\/"},"modified":"2025-10-06T22:33:32","modified_gmt":"2025-10-06T22:33:32","slug":"antena-networks-450-mbps-lbe-5ac-gen2-2","status":"publish","type":"product","link":"https:\/\/tecplan.com.es\/en\/product\/antena-networks-450-mbps-lbe-5ac-gen2-2\/","title":{"rendered":"Antena Networks 450 Mbps LBE-5AC-GEN2"},"content":{"rendered":"<div class=\"description_seoDescription__Ti3wA\">\n<h3 class=\"product_title entry-title\" style=\"text-align: justify;\">Antena Ubiquiti Networks Antena UBIQUITI 23 dBi 450 Mbps LBE-5AC-GEN2<\/h3>\n<ul>\n<li class=\"text_text__3oq-D\" style=\"text-align: justify;\">El LiteBeam\u00ae AC integra un radio Wi-Fi separado para una configuraci\u00f3n r\u00e1pida y f\u00e1cil usando un dispositivo m\u00f3vil.<\/li>\n<li class=\"text_text__3oq-D\" style=\"text-align: justify;\">Con una protecci\u00f3n mejorada contra los eventos ESD, el LiteBeam\u00ae AC ofrece un montaje m\u00e1s robusto con ajustes separados de azimut y elevaci\u00f3n.<\/li>\n<li class=\"text_text__3oq-D\" style=\"text-align: justify;\">airOS\u00ae8 ofrece funciones potentes, que incluyen compatibilidad con el protocolo airMAX\u00ae AC, an\u00e1lisis de RF en tiempo real y un dise\u00f1o completamente nuevo para una mejor usabilidad.<\/li>\n<li class=\"text_text__3oq-D\" style=\"text-align: justify;\">El LiteBeam\u00ae AC integra un radio Wi-Fi separado para una configuraci\u00f3n r\u00e1pida y f\u00e1cil usando un dispositivo m\u00f3vil.<\/li>\n<li class=\"text_text__3oq-D\" style=\"text-align: justify;\">Con una protecci\u00f3n mejorada contra los eventos ESD, el LiteBeam\u00ae AC ofrece un montaje m\u00e1s robusto con ajustes separados de azimut y elevaci\u00f3n.<\/li>\n<li class=\"text_text__3oq-D\" style=\"text-align: justify;\">airOS\u00ae8 ofrece funciones potentes, que incluyen compatibilidad con el protocolo airMAX\u00ae AC, an\u00e1lisis de RF en tiempo real y un dise\u00f1o completamente nuevo para una mejor usabilidad.<\/li>\n<\/ul>\n<\/div>\n<p><!--more--><\/p>\n<h5 style=\"text-align: justify;\"><span style=\"text-decoration: underline;\"><strong>DOWNLOADS<\/strong><\/span><\/h5>\n<ul style=\"text-align: justify;\">\n<li><a href=\"https:\/\/drive.google.com\/file\/d\/1PIfSIZXce002iDbCF64_4jMVJCsCEYqg\/view?usp=sharing\">\u2192 Technical specifications<\/a><\/li>\n<\/ul>","protected":false},"excerpt":{"rendered":"<ul>\n<li class=\"text_text__3oq-D\" style=\"text-align: justify;\">Tama\u00f1o compacto, peso ligero<\/li>\n<li class=\"text_text__3oq-D\" style=\"text-align: justify;\">Dise\u00f1o industrial revolucionario<\/li>\n<li class=\"text_text__3oq-D\" style=\"text-align: justify;\">Antena 2\u00d72 MIMO direccional de alta ganancia<\/li>\n<li class=\"text_text__3oq-D\" style=\"text-align: justify;\">Ahora con airOS \u00ae 8 y airView \u00ae<\/li>\n<li class=\"text_text__3oq-D\" style=\"text-align: justify;\">Gesti\u00f3n de radio Wi-Fi<\/li>\n<\/ul>\n<p><!--more--><\/p>\n<p><img decoding=\"async\" class=\"wp-image-3330 aligncenter\" src=\"https:\/\/tecplan.com.es\/wp-content\/uploads\/2025\/09\/Ubiquiti_Networks-300x200.png\" alt=\"\" width=\"140\" height=\"93\" srcset=\"https:\/\/tecplan.com.es\/wp-content\/uploads\/2025\/09\/Ubiquiti_Networks-300x200.png 300w, https:\/\/tecplan.com.es\/wp-content\/uploads\/2025\/09\/Ubiquiti_Networks-1024x683.png 1024w, https:\/\/tecplan.com.es\/wp-content\/uploads\/2025\/09\/Ubiquiti_Networks-768x512.png 768w, https:\/\/tecplan.com.es\/wp-content\/uploads\/2025\/09\/Ubiquiti_Networks-1536x1024.png 1536w, https:\/\/tecplan.com.es\/wp-content\/uploads\/2025\/09\/Ubiquiti_Networks-2048x1365.png 2048w, https:\/\/tecplan.com.es\/wp-content\/uploads\/2025\/09\/Ubiquiti_Networks-18x12.png 18w, https:\/\/tecplan.com.es\/wp-content\/uploads\/2025\/09\/Ubiquiti_Networks-600x400.png 600w\" sizes=\"(max-width: 140px) 100vw, 140px\" \/><\/p>","protected":false},"featured_media":3422,"comment_status":"open","ping_status":"closed","template":"","meta":{"site-sidebar-layout":"default","site-content-layout":"","ast-site-content-layout":"default","site-content-style":"default","site-sidebar-style":"default","ast-global-header-display":"","ast-banner-title-visibility":"","ast-main-header-display":"","ast-hfb-above-header-display":"","ast-hfb-below-header-display":"","ast-hfb-mobile-header-display":"","site-post-title":"","ast-breadcrumbs-content":"","ast-featured-img":"","footer-sml-layout":"","ast-disable-related-posts":"","theme-transparent-header-meta":"default","adv-header-id-meta":"","stick-header-meta":"","header-above-stick-meta":"","header-main-stick-meta":"","header-below-stick-meta":"","astra-migrate-meta-layouts":"set","ast-page-background-enabled":"default","ast-page-background-meta":{"desktop":{"background-color":"var(--ast-global-color-5)","background-image":"","background-repeat":"repeat","background-position":"center center","background-size":"auto","background-attachment":"scroll","background-type":"","background-media":"","overlay-type":"","overlay-color":"","overlay-opacity":"","overlay-gradient":""},"tablet":{"background-color":"","background-image":"","background-repeat":"repeat","background-position":"center center","background-size":"auto","background-attachment":"scroll","background-type":"","background-media":"","overlay-type":"","overlay-color":"","overlay-opacity":"","overlay-gradient":""},"mobile":{"background-color":"","background-image":"","background-repeat":"repeat","background-position":"center center","background-size":"auto","background-attachment":"scroll","background-type":"","background-media":"","overlay-type":"","overlay-color":"","overlay-opacity":"","overlay-gradient":""}},"ast-content-background-meta":{"desktop":{"background-color":"var(--ast-global-color-4)","background-image":"","background-repeat":"repeat","background-position":"center center","background-size":"auto","background-attachment":"scroll","background-type":"","background-media":"","overlay-type":"","overlay-color":"","overlay-opacity":"","overlay-gradient":""},"tablet":{"background-color":"var(--ast-global-color-4)","background-image":"","background-repeat":"repeat","background-position":"center center","background-size":"auto","background-attachment":"scroll","background-type":"","background-media":"","overlay-type":"","overlay-color":"","overlay-opacity":"","overlay-gradient":""},"mobile":{"background-color":"var(--ast-global-color-4)","background-image":"","background-repeat":"repeat","background-position":"center center","background-size":"auto","background-attachment":"scroll","background-type":"","background-media":"","overlay-type":"","overlay-color":"","overlay-opacity":"","overlay-gradient":""}}},"product_brand":[247],"product_cat":[114,96,111],"product_tag":[248],"class_list":{"0":"post-3497","1":"product","2":"type-product","3":"status-publish","4":"has-post-thumbnail","6":"product_brand-ubiquiti-networks","7":"product_cat-access-point","8":"product_cat-networking","9":"product_cat-ubiquiti","10":"product_tag-ubiquiti-networks","11":"desktop-align-left","12":"tablet-align-left","13":"mobile-align-left","15":"first","16":"instock","17":"shipping-taxable","18":"product-type-simple"},"yoast_head":"<!-- This site is optimized with the Yoast SEO plugin v25.3 - https:\/\/yoast.com\/wordpress\/plugins\/seo\/ -->\n<title>Antena Networks 450 Mbps LBE-5AC-GEN2 - Tecplan<\/title>\n<meta name=\"robots\" content=\"index, follow, max-snippet:-1, max-image-preview:large, max-video-preview:-1\" \/>\n<link rel=\"canonical\" href=\"https:\/\/tecplan.com.es\/en\/product\/antena-networks-450-mbps-lbe-5ac-gen2-2\/\" \/>\n<meta property=\"og:locale\" content=\"en_US\" \/>\n<meta property=\"og:type\" content=\"article\" \/>\n<meta property=\"og:title\" content=\"Antena Networks 450 Mbps LBE-5AC-GEN2 - Tecplan\" \/>\n<meta property=\"og:description\" content=\"Tama\u00f1o compacto, peso ligero  Dise\u00f1o industrial revolucionario  Antena 2\u00d72 MIMO direccional de alta ganancia  Ahora con airOS \u00ae 8 y airView \u00ae  Gesti\u00f3n de radio Wi-Fi\" \/>\n<meta property=\"og:url\" content=\"https:\/\/tecplan.com.es\/en\/product\/antena-networks-450-mbps-lbe-5ac-gen2-2\/\" \/>\n<meta property=\"og:site_name\" content=\"Tecplan\" \/>\n<meta property=\"article:modified_time\" content=\"2025-10-06T22:33:32+00:00\" \/>\n<meta property=\"og:image\" content=\"https:\/\/tecplan.com.es\/wp-content\/uploads\/2025\/09\/LBE-5AC-2.webp\" \/>\n\t<meta property=\"og:image:width\" content=\"960\" \/>\n\t<meta property=\"og:image:height\" content=\"960\" \/>\n\t<meta property=\"og:image:type\" content=\"image\/webp\" \/>\n<meta name=\"twitter:card\" content=\"summary_large_image\" \/>\n<meta name=\"twitter:label1\" content=\"Est. reading time\" \/>\n\t<meta name=\"twitter:data1\" content=\"1 minute\" \/>\n<script type=\"application\/ld+json\" class=\"yoast-schema-graph\">{\"@context\":\"https:\/\/schema.org\",\"@graph\":[{\"@type\":\"WebPage\",\"@id\":\"https:\/\/tecplan.com.es\/product\/antena-networks-450-mbps-lbe-5ac-gen2-2\/\",\"url\":\"https:\/\/tecplan.com.es\/product\/antena-networks-450-mbps-lbe-5ac-gen2-2\/\",\"name\":\"Antena Networks 450 Mbps LBE-5AC-GEN2 - Tecplan\",\"isPartOf\":{\"@id\":\"https:\/\/tecplan.com.es\/#website\"},\"primaryImageOfPage\":{\"@id\":\"https:\/\/tecplan.com.es\/product\/antena-networks-450-mbps-lbe-5ac-gen2-2\/#primaryimage\"},\"image\":{\"@id\":\"https:\/\/tecplan.com.es\/product\/antena-networks-450-mbps-lbe-5ac-gen2-2\/#primaryimage\"},\"thumbnailUrl\":\"https:\/\/tecplan.com.es\/wp-content\/uploads\/2025\/09\/LBE-5AC-2.webp\",\"datePublished\":\"2025-09-26T19:58:24+00:00\",\"dateModified\":\"2025-10-06T22:33:32+00:00\",\"breadcrumb\":{\"@id\":\"https:\/\/tecplan.com.es\/product\/antena-networks-450-mbps-lbe-5ac-gen2-2\/#breadcrumb\"},\"inLanguage\":\"en-US\",\"potentialAction\":[{\"@type\":\"ReadAction\",\"target\":[\"https:\/\/tecplan.com.es\/product\/antena-networks-450-mbps-lbe-5ac-gen2-2\/\"]}]},{\"@type\":\"ImageObject\",\"inLanguage\":\"en-US\",\"@id\":\"https:\/\/tecplan.com.es\/product\/antena-networks-450-mbps-lbe-5ac-gen2-2\/#primaryimage\",\"url\":\"https:\/\/tecplan.com.es\/wp-content\/uploads\/2025\/09\/LBE-5AC-2.webp\",\"contentUrl\":\"https:\/\/tecplan.com.es\/wp-content\/uploads\/2025\/09\/LBE-5AC-2.webp\",\"width\":960,\"height\":960},{\"@type\":\"BreadcrumbList\",\"@id\":\"https:\/\/tecplan.com.es\/product\/antena-networks-450-mbps-lbe-5ac-gen2-2\/#breadcrumb\",\"itemListElement\":[{\"@type\":\"ListItem\",\"position\":1,\"name\":\"Home\",\"item\":\"https:\/\/tecplan.com.es\/\"},{\"@type\":\"ListItem\",\"position\":2,\"name\":\"Shop\",\"item\":\"https:\/\/tecplan.com.es\/shop\/\"},{\"@type\":\"ListItem\",\"position\":3,\"name\":\"Antena Networks 450 Mbps LBE-5AC-GEN2\"}]},{\"@type\":\"WebSite\",\"@id\":\"https:\/\/tecplan.com.es\/#website\",\"url\":\"https:\/\/tecplan.com.es\/\",\"name\":\"Tecplan\",\"description\":\"\",\"potentialAction\":[{\"@type\":\"SearchAction\",\"target\":{\"@type\":\"EntryPoint\",\"urlTemplate\":\"https:\/\/tecplan.com.es\/?s={search_term_string}\"},\"query-input\":{\"@type\":\"PropertyValueSpecification\",\"valueRequired\":true,\"valueName\":\"search_term_string\"}}],\"inLanguage\":\"en-US\"}]}<\/script>\n<!-- \/ Yoast SEO plugin. -->","yoast_head_json":{"title":"Antena Networks 450 Mbps LBE-5AC-GEN2 - Tecplan","robots":{"index":"index","follow":"follow","max-snippet":"max-snippet:-1","max-image-preview":"max-image-preview:large","max-video-preview":"max-video-preview:-1"},"canonical":"https:\/\/tecplan.com.es\/en\/product\/antena-networks-450-mbps-lbe-5ac-gen2-2\/","og_locale":"en_US","og_type":"article","og_title":"Antena Networks 450 Mbps LBE-5AC-GEN2 - Tecplan","og_description":"Tama\u00f1o compacto, peso ligero  Dise\u00f1o industrial revolucionario  Antena 2\u00d72 MIMO direccional de alta ganancia  Ahora con airOS \u00ae 8 y airView \u00ae  Gesti\u00f3n de radio Wi-Fi","og_url":"https:\/\/tecplan.com.es\/en\/product\/antena-networks-450-mbps-lbe-5ac-gen2-2\/","og_site_name":"Tecplan","article_modified_time":"2025-10-06T22:33:32+00:00","og_image":[{"width":960,"height":960,"url":"https:\/\/tecplan.com.es\/wp-content\/uploads\/2025\/09\/LBE-5AC-2.webp","type":"image\/webp"}],"twitter_card":"summary_large_image","twitter_misc":{"Est. reading time":"1 minute"},"schema":{"@context":"https:\/\/schema.org","@graph":[{"@type":"WebPage","@id":"https:\/\/tecplan.com.es\/product\/antena-networks-450-mbps-lbe-5ac-gen2-2\/","url":"https:\/\/tecplan.com.es\/product\/antena-networks-450-mbps-lbe-5ac-gen2-2\/","name":"Antena Networks 450 Mbps LBE-5AC-GEN2 - Tecplan","isPartOf":{"@id":"https:\/\/tecplan.com.es\/#website"},"primaryImageOfPage":{"@id":"https:\/\/tecplan.com.es\/product\/antena-networks-450-mbps-lbe-5ac-gen2-2\/#primaryimage"},"image":{"@id":"https:\/\/tecplan.com.es\/product\/antena-networks-450-mbps-lbe-5ac-gen2-2\/#primaryimage"},"thumbnailUrl":"https:\/\/tecplan.com.es\/wp-content\/uploads\/2025\/09\/LBE-5AC-2.webp","datePublished":"2025-09-26T19:58:24+00:00","dateModified":"2025-10-06T22:33:32+00:00","breadcrumb":{"@id":"https:\/\/tecplan.com.es\/product\/antena-networks-450-mbps-lbe-5ac-gen2-2\/#breadcrumb"},"inLanguage":"en-US","potentialAction":[{"@type":"ReadAction","target":["https:\/\/tecplan.com.es\/product\/antena-networks-450-mbps-lbe-5ac-gen2-2\/"]}]},{"@type":"ImageObject","inLanguage":"en-US","@id":"https:\/\/tecplan.com.es\/product\/antena-networks-450-mbps-lbe-5ac-gen2-2\/#primaryimage","url":"https:\/\/tecplan.com.es\/wp-content\/uploads\/2025\/09\/LBE-5AC-2.webp","contentUrl":"https:\/\/tecplan.com.es\/wp-content\/uploads\/2025\/09\/LBE-5AC-2.webp","width":960,"height":960},{"@type":"BreadcrumbList","@id":"https:\/\/tecplan.com.es\/product\/antena-networks-450-mbps-lbe-5ac-gen2-2\/#breadcrumb","itemListElement":[{"@type":"ListItem","position":1,"name":"Home","item":"https:\/\/tecplan.com.es\/"},{"@type":"ListItem","position":2,"name":"Shop","item":"https:\/\/tecplan.com.es\/shop\/"},{"@type":"ListItem","position":3,"name":"Antena Networks 450 Mbps LBE-5AC-GEN2"}]},{"@type":"WebSite","@id":"https:\/\/tecplan.com.es\/#website","url":"https:\/\/tecplan.com.es\/","name":"Tecplan","description":"","potentialAction":[{"@type":"SearchAction","target":{"@type":"EntryPoint","urlTemplate":"https:\/\/tecplan.com.es\/?s={search_term_string}"},"query-input":{"@type":"PropertyValueSpecification","valueRequired":true,"valueName":"search_term_string"}}],"inLanguage":"en-US"}]}},"_links":{"self":[{"href":"https:\/\/tecplan.com.es\/en\/wp-json\/wp\/v2\/product\/3497","targetHints":{"allow":["GET"]}}],"collection":[{"href":"https:\/\/tecplan.com.es\/en\/wp-json\/wp\/v2\/product"}],"about":[{"href":"https:\/\/tecplan.com.es\/en\/wp-json\/wp\/v2\/types\/product"}],"replies":[{"embeddable":true,"href":"https:\/\/tecplan.com.es\/en\/wp-json\/wp\/v2\/comments?post=3497"}],"version-history":[{"count":3,"href":"https:\/\/tecplan.com.es\/en\/wp-json\/wp\/v2\/product\/3497\/revisions"}],"predecessor-version":[{"id":3732,"href":"https:\/\/tecplan.com.es\/en\/wp-json\/wp\/v2\/product\/3497\/revisions\/3732"}],"wp:featuredmedia":[{"embeddable":true,"href":"https:\/\/tecplan.com.es\/en\/wp-json\/wp\/v2\/media\/3422"}],"wp:attachment":[{"href":"https:\/\/tecplan.com.es\/en\/wp-json\/wp\/v2\/media?parent=3497"}],"wp:term":[{"taxonomy":"product_brand","embeddable":true,"href":"https:\/\/tecplan.com.es\/en\/wp-json\/wp\/v2\/product_brand?post=3497"},{"taxonomy":"product_cat","embeddable":true,"href":"https:\/\/tecplan.com.es\/en\/wp-json\/wp\/v2\/product_cat?post=3497"},{"taxonomy":"product_tag","embeddable":true,"href":"https:\/\/tecplan.com.es\/en\/wp-json\/wp\/v2\/product_tag?post=3497"}],"curies":[{"name":"wp","href":"https:\/\/api.w.org\/{rel}","templated":true}]}}