{"id":3495,"date":"2025-09-26T19:58:23","date_gmt":"2025-09-26T19:58:23","guid":{"rendered":"https:\/\/tecplan.com.es\/product\/router-rb2011uias-2hnd-in\/"},"modified":"2025-10-08T18:08:41","modified_gmt":"2025-10-08T18:08:41","slug":"router-rb2011uias-2hnd-in","status":"publish","type":"product","link":"https:\/\/tecplan.com.es\/en\/product\/router-rb2011uias-2hnd-in\/","title":{"rendered":"Router RB2011UiAS-2HnD-IN"},"content":{"rendered":"<p><strong>Router RB2011UiAS-2HnD-IN<\/strong><\/p>\n<p style=\"text-align: justify;\">La serie RB2011Ui es un dispositivo multipuerto de bajo costo. Dise\u00f1ado para uso en interiores, y disponible en diferentes cajas, con multitud de opciones.<\/p>\n<p style=\"text-align: justify;\">El RB2011 est\u00e1 dotado de RouterOS, un sistema operativo completamente destacado el cual ha estado continuamente en mejora desde hace quince a\u00f1os. Ruteo din\u00e1mico, hotspot, firewall, MPLS, VPN, servicio de calidad avanzado, balanceo de carga y vinculaci\u00f3n, configuraci\u00f3n y monitoreo en tiempo real, son solo algunos de los vastos distintivos de RouterOS.<\/p>\n<p style=\"text-align: justify;\">Router BOARD 2011UiAS-2HnD tiene la mayor\u00eda de las caracter\u00edsticas e interfaces de todos nuestros routers inal\u00e1mbricos. Est\u00e1 dotado del nuevo procesador de red Atheros 600MHz 74K MIPS, tiene una memoria RAM 128Mb, cinco puertos LAN, cinco puertos LAN Fast Ethernet y caja SFP (m\u00f3dulo SFP no incluido!). Tambi\u00e9n, cuenta con potentes AP inal\u00e1mbricos 802.11bgn de 1000mW dual chain 2.4Ghz, puerto serial RJ45, puerto micro USB, y una licencia RouterOS nivel 5, as\u00ed como una caja de sobremesa con fuente de alimentaci\u00f3n, dos antenas 4dBi Omni y un panel LCD.<\/p>\n<ul>\n<li style=\"text-align: justify;\">Testeado y recomendado para usar con m\u00f3dulos Mikrotik SFP: S-85DLC05D, S-31DLC20D y S-35\/53LC20D (no vienen incluidos)<\/li>\n<li style=\"text-align: justify;\">El RouterBOARD 2011UAS-2HnD-IN viene con un gabinete de escritorio, panel LCD y fuente de alimentaci\u00f3n.<\/li>\n<li style=\"text-align: justify;\">The RB2011Ui tambi\u00e9n tiene una salida para PoE pasivo en su \u00faltimo puerto. Eso quiere decir que usted puede alimentar otro dispositivo solo conect\u00e1ndolo mediante un cable Ethernet regular.<\/li>\n<\/ul>\n<h3 style=\"text-align: justify;\">Especificaciones del producto<\/h3>\n<table class=\"table product-table\">\n<thead>\n<tr>\n<th colspan=\"2\">DETAILS<\/th>\n<\/tr>\n<\/thead>\n<tbody>\n<tr>\n<td>Product code<\/td>\n<td>RB2011UiAS-IN<\/td>\n<\/tr>\n<tr>\n<td>10\/100 Ethernet ports<\/td>\n<td>5<\/td>\n<\/tr>\n<tr>\n<td>10\/100\/1000 Ethernet ports<\/td>\n<td>5<\/td>\n<\/tr>\n<tr>\n<td>CPU<\/td>\n<td>AR9344<\/td>\n<\/tr>\n<tr>\n<td>CPU core count<\/td>\n<td>1<\/td>\n<\/tr>\n<tr>\n<td>CPU nominal frequency<\/td>\n<td>600 MHz<\/td>\n<\/tr>\n<tr>\n<td>Dimensions<\/td>\n<td>214mm x 86mm for PCB<\/td>\n<\/tr>\n<tr>\n<td>License level<\/td>\n<td>5<\/td>\n<\/tr>\n<tr>\n<td>Number of USB ports<\/td>\n<td>1<\/td>\n<\/tr>\n<tr>\n<td>Operating System<\/td>\n<td>RouterOS<\/td>\n<\/tr>\n<tr>\n<td>PCB temperature monitor<\/td>\n<td>Yes<\/td>\n<\/tr>\n<tr>\n<td>PoE in<\/td>\n<td>Yes<\/td>\n<\/tr>\n<tr>\n<td>PoE out<\/td>\n<td>Yes<\/td>\n<\/tr>\n<tr>\n<td>Power Jack<\/td>\n<td>1<\/td>\n<\/tr>\n<tr>\n<td>SFP DDMI<\/td>\n<td>Yes<\/td>\n<\/tr>\n<tr>\n<td>SFP ports<\/td>\n<td>1<\/td>\n<\/tr>\n<tr>\n<td>Serial port<\/td>\n<td>RJ45<\/td>\n<\/tr>\n<tr>\n<td>Size of RAM<\/td>\n<td>128 MB<\/td>\n<\/tr>\n<tr>\n<td>Storage size<\/td>\n<td>128 MB<\/td>\n<\/tr>\n<tr>\n<td>Storage type<\/td>\n<td>NAND<\/td>\n<\/tr>\n<tr>\n<td>Supported input voltage<\/td>\n<td>8 V \u2013 30 V<\/td>\n<\/tr>\n<tr>\n<td>Tested ambient temperature<\/td>\n<td>-40C to 60C<\/td>\n<\/tr>\n<tr>\n<td>USB slot type<\/td>\n<td>microUSB type AB<\/td>\n<\/tr>\n<tr>\n<td>Voltage Monitor<\/td>\n<td>Yes<\/td>\n<\/tr>\n<\/tbody>\n<\/table>","protected":false},"excerpt":{"rendered":"<p style=\"text-align: justify;\">El Router RB2011Ui es un dispositivo multipuerto de bajo costo. Dise\u00f1ado para uso en interiores, y disponible en diferentes cajas, con multitud de opciones.<\/p>\n<ul>\n<li style=\"text-align: justify;\">2.4GHz AP,<\/li>\n<li style=\"text-align: justify;\">5x Ethernet,<\/li>\n<li style=\"text-align: justify;\">5x Gigabit Ethernet,<\/li>\n<li style=\"text-align: justify;\">SFP cage,<\/li>\n<li style=\"text-align: justify;\">USB,<\/li>\n<li style=\"text-align: justify;\">LCD,<\/li>\n<li style=\"text-align: justify;\">PoE output on Eth10,<\/li>\n<li style=\"text-align: justify;\">600MHz CPU,<\/li>\n<li style=\"text-align: justify;\">128MB RAM<\/li>\n<\/ul>\n<p><!--more--><\/p>\n<p><img decoding=\"async\" class=\"wp-image-2211 aligncenter\" src=\"https:\/\/tecplan.com.es\/wp-content\/uploads\/2025\/07\/2560px-MikroTik_logo-300x73.png\" alt=\"\" width=\"168\" height=\"41\" srcset=\"https:\/\/tecplan.com.es\/wp-content\/uploads\/2025\/07\/2560px-MikroTik_logo-300x73.png 300w, https:\/\/tecplan.com.es\/wp-content\/uploads\/2025\/07\/2560px-MikroTik_logo-1024x250.png 1024w, https:\/\/tecplan.com.es\/wp-content\/uploads\/2025\/07\/2560px-MikroTik_logo-768x187.png 768w, https:\/\/tecplan.com.es\/wp-content\/uploads\/2025\/07\/2560px-MikroTik_logo-1536x374.png 1536w, https:\/\/tecplan.com.es\/wp-content\/uploads\/2025\/07\/2560px-MikroTik_logo-2048x499.png 2048w, https:\/\/tecplan.com.es\/wp-content\/uploads\/2025\/07\/2560px-MikroTik_logo-18x4.png 18w, https:\/\/tecplan.com.es\/wp-content\/uploads\/2025\/07\/2560px-MikroTik_logo-600x146.png 600w\" sizes=\"(max-width: 168px) 100vw, 168px\" \/><\/p>","protected":false},"featured_media":3444,"comment_status":"open","ping_status":"closed","template":"","meta":{"site-sidebar-layout":"default","site-content-layout":"","ast-site-content-layout":"default","site-content-style":"default","site-sidebar-style":"default","ast-global-header-display":"","ast-banner-title-visibility":"","ast-main-header-display":"","ast-hfb-above-header-display":"","ast-hfb-below-header-display":"","ast-hfb-mobile-header-display":"","site-post-title":"","ast-breadcrumbs-content":"","ast-featured-img":"","footer-sml-layout":"","ast-disable-related-posts":"","theme-transparent-header-meta":"default","adv-header-id-meta":"","stick-header-meta":"","header-above-stick-meta":"","header-main-stick-meta":"","header-below-stick-meta":"","astra-migrate-meta-layouts":"set","ast-page-background-enabled":"default","ast-page-background-meta":{"desktop":{"background-color":"var(--ast-global-color-5)","background-image":"","background-repeat":"repeat","background-position":"center center","background-size":"auto","background-attachment":"scroll","background-type":"","background-media":"","overlay-type":"","overlay-color":"","overlay-opacity":"","overlay-gradient":""},"tablet":{"background-color":"","background-image":"","background-repeat":"repeat","background-position":"center center","background-size":"auto","background-attachment":"scroll","background-type":"","background-media":"","overlay-type":"","overlay-color":"","overlay-opacity":"","overlay-gradient":""},"mobile":{"background-color":"","background-image":"","background-repeat":"repeat","background-position":"center center","background-size":"auto","background-attachment":"scroll","background-type":"","background-media":"","overlay-type":"","overlay-color":"","overlay-opacity":"","overlay-gradient":""}},"ast-content-background-meta":{"desktop":{"background-color":"var(--ast-global-color-4)","background-image":"","background-repeat":"repeat","background-position":"center center","background-size":"auto","background-attachment":"scroll","background-type":"","background-media":"","overlay-type":"","overlay-color":"","overlay-opacity":"","overlay-gradient":""},"tablet":{"background-color":"var(--ast-global-color-4)","background-image":"","background-repeat":"repeat","background-position":"center center","background-size":"auto","background-attachment":"scroll","background-type":"","background-media":"","overlay-type":"","overlay-color":"","overlay-opacity":"","overlay-gradient":""},"mobile":{"background-color":"var(--ast-global-color-4)","background-image":"","background-repeat":"repeat","background-position":"center center","background-size":"auto","background-attachment":"scroll","background-type":"","background-media":"","overlay-type":"","overlay-color":"","overlay-opacity":"","overlay-gradient":""}}},"product_brand":[243],"product_cat":[125,96,129],"product_tag":[212],"class_list":{"0":"post-3495","1":"product","2":"type-product","3":"status-publish","4":"has-post-thumbnail","6":"product_brand-mikrotik","7":"product_cat-mikrotik","8":"product_cat-networking","9":"product_cat-router","10":"product_tag-mikrotik","11":"desktop-align-left","12":"tablet-align-left","13":"mobile-align-left","15":"first","16":"instock","17":"shipping-taxable","18":"product-type-simple"},"yoast_head":"<!-- This site is optimized with the Yoast SEO plugin v25.3 - https:\/\/yoast.com\/wordpress\/plugins\/seo\/ -->\n<title>Router RB2011UiAS-2HnD-IN - Tecplan<\/title>\n<meta name=\"robots\" content=\"index, follow, max-snippet:-1, max-image-preview:large, max-video-preview:-1\" \/>\n<link rel=\"canonical\" href=\"https:\/\/tecplan.com.es\/en\/product\/router-rb2011uias-2hnd-in\/\" \/>\n<meta property=\"og:locale\" content=\"en_US\" \/>\n<meta property=\"og:type\" content=\"article\" \/>\n<meta property=\"og:title\" content=\"Router RB2011UiAS-2HnD-IN - Tecplan\" \/>\n<meta property=\"og:description\" content=\"El Router RB2011Ui es un dispositivo multipuerto de bajo costo. Dise\u00f1ado para uso en interiores, y disponible en diferentes cajas, con multitud de opciones.    2.4GHz AP,  5x Ethernet,  5x Gigabit Ethernet,  SFP cage,  USB,  LCD,  PoE output on Eth10,  600MHz CPU,  128MB RAM\" \/>\n<meta property=\"og:url\" content=\"https:\/\/tecplan.com.es\/en\/product\/router-rb2011uias-2hnd-in\/\" \/>\n<meta property=\"og:site_name\" content=\"Tecplan\" \/>\n<meta property=\"article:modified_time\" content=\"2025-10-08T18:08:41+00:00\" \/>\n<meta property=\"og:image\" content=\"https:\/\/tecplan.com.es\/wp-content\/uploads\/2025\/09\/RB2011UiAS-2HnD-IN-2.webp\" \/>\n\t<meta property=\"og:image:width\" content=\"500\" \/>\n\t<meta property=\"og:image:height\" content=\"627\" \/>\n\t<meta property=\"og:image:type\" content=\"image\/webp\" \/>\n<meta name=\"twitter:card\" content=\"summary_large_image\" \/>\n<meta name=\"twitter:label1\" content=\"Est. reading time\" \/>\n\t<meta name=\"twitter:data1\" content=\"2 minutes\" \/>\n<script type=\"application\/ld+json\" class=\"yoast-schema-graph\">{\"@context\":\"https:\/\/schema.org\",\"@graph\":[{\"@type\":\"WebPage\",\"@id\":\"https:\/\/tecplan.com.es\/product\/router-rb2011uias-2hnd-in\/\",\"url\":\"https:\/\/tecplan.com.es\/product\/router-rb2011uias-2hnd-in\/\",\"name\":\"Router RB2011UiAS-2HnD-IN - Tecplan\",\"isPartOf\":{\"@id\":\"https:\/\/tecplan.com.es\/#website\"},\"primaryImageOfPage\":{\"@id\":\"https:\/\/tecplan.com.es\/product\/router-rb2011uias-2hnd-in\/#primaryimage\"},\"image\":{\"@id\":\"https:\/\/tecplan.com.es\/product\/router-rb2011uias-2hnd-in\/#primaryimage\"},\"thumbnailUrl\":\"https:\/\/tecplan.com.es\/wp-content\/uploads\/2025\/09\/RB2011UiAS-2HnD-IN-2.webp\",\"datePublished\":\"2025-09-26T19:58:23+00:00\",\"dateModified\":\"2025-10-08T18:08:41+00:00\",\"breadcrumb\":{\"@id\":\"https:\/\/tecplan.com.es\/product\/router-rb2011uias-2hnd-in\/#breadcrumb\"},\"inLanguage\":\"en-US\",\"potentialAction\":[{\"@type\":\"ReadAction\",\"target\":[\"https:\/\/tecplan.com.es\/product\/router-rb2011uias-2hnd-in\/\"]}]},{\"@type\":\"ImageObject\",\"inLanguage\":\"en-US\",\"@id\":\"https:\/\/tecplan.com.es\/product\/router-rb2011uias-2hnd-in\/#primaryimage\",\"url\":\"https:\/\/tecplan.com.es\/wp-content\/uploads\/2025\/09\/RB2011UiAS-2HnD-IN-2.webp\",\"contentUrl\":\"https:\/\/tecplan.com.es\/wp-content\/uploads\/2025\/09\/RB2011UiAS-2HnD-IN-2.webp\",\"width\":500,\"height\":627},{\"@type\":\"BreadcrumbList\",\"@id\":\"https:\/\/tecplan.com.es\/product\/router-rb2011uias-2hnd-in\/#breadcrumb\",\"itemListElement\":[{\"@type\":\"ListItem\",\"position\":1,\"name\":\"Home\",\"item\":\"https:\/\/tecplan.com.es\/\"},{\"@type\":\"ListItem\",\"position\":2,\"name\":\"Shop\",\"item\":\"https:\/\/tecplan.com.es\/shop\/\"},{\"@type\":\"ListItem\",\"position\":3,\"name\":\"Router RB2011UiAS-2HnD-IN\"}]},{\"@type\":\"WebSite\",\"@id\":\"https:\/\/tecplan.com.es\/#website\",\"url\":\"https:\/\/tecplan.com.es\/\",\"name\":\"Tecplan\",\"description\":\"\",\"potentialAction\":[{\"@type\":\"SearchAction\",\"target\":{\"@type\":\"EntryPoint\",\"urlTemplate\":\"https:\/\/tecplan.com.es\/?s={search_term_string}\"},\"query-input\":{\"@type\":\"PropertyValueSpecification\",\"valueRequired\":true,\"valueName\":\"search_term_string\"}}],\"inLanguage\":\"en-US\"}]}<\/script>\n<!-- \/ Yoast SEO plugin. -->","yoast_head_json":{"title":"Router RB2011UiAS-2HnD-IN - Tecplan","robots":{"index":"index","follow":"follow","max-snippet":"max-snippet:-1","max-image-preview":"max-image-preview:large","max-video-preview":"max-video-preview:-1"},"canonical":"https:\/\/tecplan.com.es\/en\/product\/router-rb2011uias-2hnd-in\/","og_locale":"en_US","og_type":"article","og_title":"Router RB2011UiAS-2HnD-IN - Tecplan","og_description":"El Router RB2011Ui es un dispositivo multipuerto de bajo costo. Dise\u00f1ado para uso en interiores, y disponible en diferentes cajas, con multitud de opciones.    2.4GHz AP,  5x Ethernet,  5x Gigabit Ethernet,  SFP cage,  USB,  LCD,  PoE output on Eth10,  600MHz CPU,  128MB RAM","og_url":"https:\/\/tecplan.com.es\/en\/product\/router-rb2011uias-2hnd-in\/","og_site_name":"Tecplan","article_modified_time":"2025-10-08T18:08:41+00:00","og_image":[{"width":500,"height":627,"url":"https:\/\/tecplan.com.es\/wp-content\/uploads\/2025\/09\/RB2011UiAS-2HnD-IN-2.webp","type":"image\/webp"}],"twitter_card":"summary_large_image","twitter_misc":{"Est. reading time":"2 minutes"},"schema":{"@context":"https:\/\/schema.org","@graph":[{"@type":"WebPage","@id":"https:\/\/tecplan.com.es\/product\/router-rb2011uias-2hnd-in\/","url":"https:\/\/tecplan.com.es\/product\/router-rb2011uias-2hnd-in\/","name":"Router RB2011UiAS-2HnD-IN - Tecplan","isPartOf":{"@id":"https:\/\/tecplan.com.es\/#website"},"primaryImageOfPage":{"@id":"https:\/\/tecplan.com.es\/product\/router-rb2011uias-2hnd-in\/#primaryimage"},"image":{"@id":"https:\/\/tecplan.com.es\/product\/router-rb2011uias-2hnd-in\/#primaryimage"},"thumbnailUrl":"https:\/\/tecplan.com.es\/wp-content\/uploads\/2025\/09\/RB2011UiAS-2HnD-IN-2.webp","datePublished":"2025-09-26T19:58:23+00:00","dateModified":"2025-10-08T18:08:41+00:00","breadcrumb":{"@id":"https:\/\/tecplan.com.es\/product\/router-rb2011uias-2hnd-in\/#breadcrumb"},"inLanguage":"en-US","potentialAction":[{"@type":"ReadAction","target":["https:\/\/tecplan.com.es\/product\/router-rb2011uias-2hnd-in\/"]}]},{"@type":"ImageObject","inLanguage":"en-US","@id":"https:\/\/tecplan.com.es\/product\/router-rb2011uias-2hnd-in\/#primaryimage","url":"https:\/\/tecplan.com.es\/wp-content\/uploads\/2025\/09\/RB2011UiAS-2HnD-IN-2.webp","contentUrl":"https:\/\/tecplan.com.es\/wp-content\/uploads\/2025\/09\/RB2011UiAS-2HnD-IN-2.webp","width":500,"height":627},{"@type":"BreadcrumbList","@id":"https:\/\/tecplan.com.es\/product\/router-rb2011uias-2hnd-in\/#breadcrumb","itemListElement":[{"@type":"ListItem","position":1,"name":"Home","item":"https:\/\/tecplan.com.es\/"},{"@type":"ListItem","position":2,"name":"Shop","item":"https:\/\/tecplan.com.es\/shop\/"},{"@type":"ListItem","position":3,"name":"Router RB2011UiAS-2HnD-IN"}]},{"@type":"WebSite","@id":"https:\/\/tecplan.com.es\/#website","url":"https:\/\/tecplan.com.es\/","name":"Tecplan","description":"","potentialAction":[{"@type":"SearchAction","target":{"@type":"EntryPoint","urlTemplate":"https:\/\/tecplan.com.es\/?s={search_term_string}"},"query-input":{"@type":"PropertyValueSpecification","valueRequired":true,"valueName":"search_term_string"}}],"inLanguage":"en-US"}]}},"_links":{"self":[{"href":"https:\/\/tecplan.com.es\/en\/wp-json\/wp\/v2\/product\/3495","targetHints":{"allow":["GET"]}}],"collection":[{"href":"https:\/\/tecplan.com.es\/en\/wp-json\/wp\/v2\/product"}],"about":[{"href":"https:\/\/tecplan.com.es\/en\/wp-json\/wp\/v2\/types\/product"}],"replies":[{"embeddable":true,"href":"https:\/\/tecplan.com.es\/en\/wp-json\/wp\/v2\/comments?post=3495"}],"version-history":[{"count":2,"href":"https:\/\/tecplan.com.es\/en\/wp-json\/wp\/v2\/product\/3495\/revisions"}],"predecessor-version":[{"id":3743,"href":"https:\/\/tecplan.com.es\/en\/wp-json\/wp\/v2\/product\/3495\/revisions\/3743"}],"wp:featuredmedia":[{"embeddable":true,"href":"https:\/\/tecplan.com.es\/en\/wp-json\/wp\/v2\/media\/3444"}],"wp:attachment":[{"href":"https:\/\/tecplan.com.es\/en\/wp-json\/wp\/v2\/media?parent=3495"}],"wp:term":[{"taxonomy":"product_brand","embeddable":true,"href":"https:\/\/tecplan.com.es\/en\/wp-json\/wp\/v2\/product_brand?post=3495"},{"taxonomy":"product_cat","embeddable":true,"href":"https:\/\/tecplan.com.es\/en\/wp-json\/wp\/v2\/product_cat?post=3495"},{"taxonomy":"product_tag","embeddable":true,"href":"https:\/\/tecplan.com.es\/en\/wp-json\/wp\/v2\/product_tag?post=3495"}],"curies":[{"name":"wp","href":"https:\/\/api.w.org\/{rel}","templated":true}]}}