{"id":3443,"date":"2025-09-26T03:22:29","date_gmt":"2025-09-26T03:22:29","guid":{"rendered":"https:\/\/tecplan.com.es\/product\/router-rb2011uias-rm\/"},"modified":"2026-01-02T20:10:23","modified_gmt":"2026-01-02T20:10:23","slug":"router-rb2011uias-rm","status":"publish","type":"product","link":"https:\/\/tecplan.com.es\/en\/product\/router-rb2011uias-rm\/","title":{"rendered":"Router RB2011UiAS-RM"},"content":{"rendered":"<p style=\"text-align: justify;\"><strong>Router RB2011UiAS-RM<\/strong><\/p>\n<p style=\"text-align: justify;\">El RB2011 es un dispositivo multi puerto de bajo costo. Dise\u00f1ado para uso en interiores, y disponible en diferentes presentaciones, con amplia variedad de opciones. El RB2011 est\u00e1 equipado con RouterOS, un sistema operativo completamente desarrollado el cual ha sido constantemente mejorado durante 15 a\u00f1os. Ruteador din\u00e1mico, hostpot, firewall, MPLS, VPN, servicio avanzado de calidad, cargado de balance y vinculaci\u00f3n, configuraci\u00f3n y monitoreo en tiempo real, son algunos de nuestras varias ventajas que incluye RouterOS.<\/p>\n<p style=\"text-align: justify;\">RouterBOARD 2011UiAS-RM, en comparaci\u00f3n con las series RB2011L, nosolo tiene cinco puertos LAN Gigabit y cinco puertos Fast Ethernet LAN, sino que, tambi\u00e9n tiene puertos seriales RJ45, puertos microUSB y m\u00e1s memoria RAM (128MB en lugar de 64MB). Tambi\u00e9n, tiene licencia RouterOS nivel 5 (en lugar de nivel 4), un fino touchscreen LCD para configuraci\u00f3n.<\/p>\n<p style=\"text-align: justify;\">Hay funci\u00f3n para salida PoE en su puerto #10 \u2013 es capaz de alimentar otros dispositivos PoE que maneje los mismos voltajes que esta unidad. M\u00e1xima capacidad de carga de 500mA. Testeado y recomendado para usar con los m\u00f3dulos SFP de Mikrotik: S-85DLC05D, S-31DLC20D y S-35\/53LC20D (no incluidos).<\/p>\n<p style=\"text-align: justify;\">","protected":false},"excerpt":{"rendered":"<p>El RB2011 es un dispositivo multi puerto de bajo costo. Dise\u00f1ado para uso en interiores, y disponible en diferentes presentaciones, con amplia variedad de opciones.<\/p>\n<p><img decoding=\"async\" class=\"wp-image-2211 aligncenter\" src=\"https:\/\/tecplan.com.es\/wp-content\/uploads\/2025\/07\/2560px-MikroTik_logo-300x73.png\" alt=\"\" width=\"168\" height=\"41\" srcset=\"https:\/\/tecplan.com.es\/wp-content\/uploads\/2025\/07\/2560px-MikroTik_logo-300x73.png 300w, https:\/\/tecplan.com.es\/wp-content\/uploads\/2025\/07\/2560px-MikroTik_logo-1024x250.png 1024w, https:\/\/tecplan.com.es\/wp-content\/uploads\/2025\/07\/2560px-MikroTik_logo-768x187.png 768w, https:\/\/tecplan.com.es\/wp-content\/uploads\/2025\/07\/2560px-MikroTik_logo-1536x374.png 1536w, https:\/\/tecplan.com.es\/wp-content\/uploads\/2025\/07\/2560px-MikroTik_logo-2048x499.png 2048w, https:\/\/tecplan.com.es\/wp-content\/uploads\/2025\/07\/2560px-MikroTik_logo-18x4.png 18w, https:\/\/tecplan.com.es\/wp-content\/uploads\/2025\/07\/2560px-MikroTik_logo-600x146.png 600w\" sizes=\"(max-width: 168px) 100vw, 168px\" \/><\/p>","protected":false},"featured_media":3432,"comment_status":"open","ping_status":"closed","template":"","meta":{"site-sidebar-layout":"default","site-content-layout":"","ast-site-content-layout":"default","site-content-style":"default","site-sidebar-style":"default","ast-global-header-display":"","ast-banner-title-visibility":"","ast-main-header-display":"","ast-hfb-above-header-display":"","ast-hfb-below-header-display":"","ast-hfb-mobile-header-display":"","site-post-title":"","ast-breadcrumbs-content":"","ast-featured-img":"","footer-sml-layout":"","ast-disable-related-posts":"","theme-transparent-header-meta":"default","adv-header-id-meta":"","stick-header-meta":"","header-above-stick-meta":"","header-main-stick-meta":"","header-below-stick-meta":"","astra-migrate-meta-layouts":"set","ast-page-background-enabled":"default","ast-page-background-meta":{"desktop":{"background-color":"var(--ast-global-color-5)","background-image":"","background-repeat":"repeat","background-position":"center center","background-size":"auto","background-attachment":"scroll","background-type":"","background-media":"","overlay-type":"","overlay-color":"","overlay-opacity":"","overlay-gradient":""},"tablet":{"background-color":"","background-image":"","background-repeat":"repeat","background-position":"center center","background-size":"auto","background-attachment":"scroll","background-type":"","background-media":"","overlay-type":"","overlay-color":"","overlay-opacity":"","overlay-gradient":""},"mobile":{"background-color":"","background-image":"","background-repeat":"repeat","background-position":"center center","background-size":"auto","background-attachment":"scroll","background-type":"","background-media":"","overlay-type":"","overlay-color":"","overlay-opacity":"","overlay-gradient":""}},"ast-content-background-meta":{"desktop":{"background-color":"var(--ast-global-color-4)","background-image":"","background-repeat":"repeat","background-position":"center center","background-size":"auto","background-attachment":"scroll","background-type":"","background-media":"","overlay-type":"","overlay-color":"","overlay-opacity":"","overlay-gradient":""},"tablet":{"background-color":"var(--ast-global-color-4)","background-image":"","background-repeat":"repeat","background-position":"center center","background-size":"auto","background-attachment":"scroll","background-type":"","background-media":"","overlay-type":"","overlay-color":"","overlay-opacity":"","overlay-gradient":""},"mobile":{"background-color":"var(--ast-global-color-4)","background-image":"","background-repeat":"repeat","background-position":"center center","background-size":"auto","background-attachment":"scroll","background-type":"","background-media":"","overlay-type":"","overlay-color":"","overlay-opacity":"","overlay-gradient":""}}},"product_brand":[243],"product_cat":[125,96,129],"product_tag":[212],"class_list":{"0":"post-3443","1":"product","2":"type-product","3":"status-publish","4":"has-post-thumbnail","6":"product_brand-mikrotik","7":"product_cat-mikrotik","8":"product_cat-networking","9":"product_cat-router","10":"product_tag-mikrotik","11":"desktop-align-left","12":"tablet-align-left","13":"mobile-align-left","15":"first","16":"instock","17":"shipping-taxable","18":"product-type-simple"},"yoast_head":"<!-- This site is optimized with the Yoast SEO plugin v25.3 - https:\/\/yoast.com\/wordpress\/plugins\/seo\/ -->\n<title>Router RB2011UiAS-RM - Tecplan<\/title>\n<meta name=\"robots\" content=\"index, follow, max-snippet:-1, max-image-preview:large, max-video-preview:-1\" \/>\n<link rel=\"canonical\" href=\"https:\/\/tecplan.com.es\/en\/product\/router-rb2011uias-rm\/\" \/>\n<meta property=\"og:locale\" content=\"en_US\" \/>\n<meta property=\"og:type\" content=\"article\" \/>\n<meta property=\"og:title\" content=\"Router RB2011UiAS-RM - Tecplan\" \/>\n<meta property=\"og:description\" content=\"El RB2011 es un dispositivo multi puerto de bajo costo. Dise\u00f1ado para uso en interiores, y disponible en diferentes presentaciones, con amplia variedad de opciones.\" \/>\n<meta property=\"og:url\" content=\"https:\/\/tecplan.com.es\/en\/product\/router-rb2011uias-rm\/\" \/>\n<meta property=\"og:site_name\" content=\"Tecplan\" \/>\n<meta property=\"article:modified_time\" content=\"2026-01-02T20:10:23+00:00\" \/>\n<meta property=\"og:image\" content=\"https:\/\/tecplan.com.es\/wp-content\/uploads\/2025\/09\/RB2011UiAS-RM.webp\" \/>\n\t<meta property=\"og:image:width\" content=\"500\" \/>\n\t<meta property=\"og:image:height\" content=\"627\" \/>\n\t<meta property=\"og:image:type\" content=\"image\/webp\" \/>\n<meta name=\"twitter:card\" content=\"summary_large_image\" \/>\n<meta name=\"twitter:label1\" content=\"Est. reading time\" \/>\n\t<meta name=\"twitter:data1\" content=\"2 minutes\" \/>\n<script type=\"application\/ld+json\" class=\"yoast-schema-graph\">{\"@context\":\"https:\/\/schema.org\",\"@graph\":[{\"@type\":\"WebPage\",\"@id\":\"https:\/\/tecplan.com.es\/product\/router-rb2011uias-rm\/\",\"url\":\"https:\/\/tecplan.com.es\/product\/router-rb2011uias-rm\/\",\"name\":\"Router RB2011UiAS-RM - Tecplan\",\"isPartOf\":{\"@id\":\"https:\/\/tecplan.com.es\/#website\"},\"primaryImageOfPage\":{\"@id\":\"https:\/\/tecplan.com.es\/product\/router-rb2011uias-rm\/#primaryimage\"},\"image\":{\"@id\":\"https:\/\/tecplan.com.es\/product\/router-rb2011uias-rm\/#primaryimage\"},\"thumbnailUrl\":\"https:\/\/tecplan.com.es\/wp-content\/uploads\/2025\/09\/RB2011UiAS-RM.webp\",\"datePublished\":\"2025-09-26T03:22:29+00:00\",\"dateModified\":\"2026-01-02T20:10:23+00:00\",\"breadcrumb\":{\"@id\":\"https:\/\/tecplan.com.es\/product\/router-rb2011uias-rm\/#breadcrumb\"},\"inLanguage\":\"en-US\",\"potentialAction\":[{\"@type\":\"ReadAction\",\"target\":[\"https:\/\/tecplan.com.es\/product\/router-rb2011uias-rm\/\"]}]},{\"@type\":\"ImageObject\",\"inLanguage\":\"en-US\",\"@id\":\"https:\/\/tecplan.com.es\/product\/router-rb2011uias-rm\/#primaryimage\",\"url\":\"https:\/\/tecplan.com.es\/wp-content\/uploads\/2025\/09\/RB2011UiAS-RM.webp\",\"contentUrl\":\"https:\/\/tecplan.com.es\/wp-content\/uploads\/2025\/09\/RB2011UiAS-RM.webp\",\"width\":500,\"height\":627},{\"@type\":\"BreadcrumbList\",\"@id\":\"https:\/\/tecplan.com.es\/product\/router-rb2011uias-rm\/#breadcrumb\",\"itemListElement\":[{\"@type\":\"ListItem\",\"position\":1,\"name\":\"Home\",\"item\":\"https:\/\/tecplan.com.es\/\"},{\"@type\":\"ListItem\",\"position\":2,\"name\":\"Shop\",\"item\":\"https:\/\/tecplan.com.es\/shop\/\"},{\"@type\":\"ListItem\",\"position\":3,\"name\":\"Router RB2011UiAS-RM\"}]},{\"@type\":\"WebSite\",\"@id\":\"https:\/\/tecplan.com.es\/#website\",\"url\":\"https:\/\/tecplan.com.es\/\",\"name\":\"Tecplan\",\"description\":\"\",\"potentialAction\":[{\"@type\":\"SearchAction\",\"target\":{\"@type\":\"EntryPoint\",\"urlTemplate\":\"https:\/\/tecplan.com.es\/?s={search_term_string}\"},\"query-input\":{\"@type\":\"PropertyValueSpecification\",\"valueRequired\":true,\"valueName\":\"search_term_string\"}}],\"inLanguage\":\"en-US\"}]}<\/script>\n<!-- \/ Yoast SEO plugin. -->","yoast_head_json":{"title":"Router RB2011UiAS-RM - Tecplan","robots":{"index":"index","follow":"follow","max-snippet":"max-snippet:-1","max-image-preview":"max-image-preview:large","max-video-preview":"max-video-preview:-1"},"canonical":"https:\/\/tecplan.com.es\/en\/product\/router-rb2011uias-rm\/","og_locale":"en_US","og_type":"article","og_title":"Router RB2011UiAS-RM - Tecplan","og_description":"El RB2011 es un dispositivo multi puerto de bajo costo. Dise\u00f1ado para uso en interiores, y disponible en diferentes presentaciones, con amplia variedad de opciones.","og_url":"https:\/\/tecplan.com.es\/en\/product\/router-rb2011uias-rm\/","og_site_name":"Tecplan","article_modified_time":"2026-01-02T20:10:23+00:00","og_image":[{"width":500,"height":627,"url":"https:\/\/tecplan.com.es\/wp-content\/uploads\/2025\/09\/RB2011UiAS-RM.webp","type":"image\/webp"}],"twitter_card":"summary_large_image","twitter_misc":{"Est. reading time":"2 minutes"},"schema":{"@context":"https:\/\/schema.org","@graph":[{"@type":"WebPage","@id":"https:\/\/tecplan.com.es\/product\/router-rb2011uias-rm\/","url":"https:\/\/tecplan.com.es\/product\/router-rb2011uias-rm\/","name":"Router RB2011UiAS-RM - Tecplan","isPartOf":{"@id":"https:\/\/tecplan.com.es\/#website"},"primaryImageOfPage":{"@id":"https:\/\/tecplan.com.es\/product\/router-rb2011uias-rm\/#primaryimage"},"image":{"@id":"https:\/\/tecplan.com.es\/product\/router-rb2011uias-rm\/#primaryimage"},"thumbnailUrl":"https:\/\/tecplan.com.es\/wp-content\/uploads\/2025\/09\/RB2011UiAS-RM.webp","datePublished":"2025-09-26T03:22:29+00:00","dateModified":"2026-01-02T20:10:23+00:00","breadcrumb":{"@id":"https:\/\/tecplan.com.es\/product\/router-rb2011uias-rm\/#breadcrumb"},"inLanguage":"en-US","potentialAction":[{"@type":"ReadAction","target":["https:\/\/tecplan.com.es\/product\/router-rb2011uias-rm\/"]}]},{"@type":"ImageObject","inLanguage":"en-US","@id":"https:\/\/tecplan.com.es\/product\/router-rb2011uias-rm\/#primaryimage","url":"https:\/\/tecplan.com.es\/wp-content\/uploads\/2025\/09\/RB2011UiAS-RM.webp","contentUrl":"https:\/\/tecplan.com.es\/wp-content\/uploads\/2025\/09\/RB2011UiAS-RM.webp","width":500,"height":627},{"@type":"BreadcrumbList","@id":"https:\/\/tecplan.com.es\/product\/router-rb2011uias-rm\/#breadcrumb","itemListElement":[{"@type":"ListItem","position":1,"name":"Home","item":"https:\/\/tecplan.com.es\/"},{"@type":"ListItem","position":2,"name":"Shop","item":"https:\/\/tecplan.com.es\/shop\/"},{"@type":"ListItem","position":3,"name":"Router RB2011UiAS-RM"}]},{"@type":"WebSite","@id":"https:\/\/tecplan.com.es\/#website","url":"https:\/\/tecplan.com.es\/","name":"Tecplan","description":"","potentialAction":[{"@type":"SearchAction","target":{"@type":"EntryPoint","urlTemplate":"https:\/\/tecplan.com.es\/?s={search_term_string}"},"query-input":{"@type":"PropertyValueSpecification","valueRequired":true,"valueName":"search_term_string"}}],"inLanguage":"en-US"}]}},"_links":{"self":[{"href":"https:\/\/tecplan.com.es\/en\/wp-json\/wp\/v2\/product\/3443","targetHints":{"allow":["GET"]}}],"collection":[{"href":"https:\/\/tecplan.com.es\/en\/wp-json\/wp\/v2\/product"}],"about":[{"href":"https:\/\/tecplan.com.es\/en\/wp-json\/wp\/v2\/types\/product"}],"replies":[{"embeddable":true,"href":"https:\/\/tecplan.com.es\/en\/wp-json\/wp\/v2\/comments?post=3443"}],"version-history":[{"count":3,"href":"https:\/\/tecplan.com.es\/en\/wp-json\/wp\/v2\/product\/3443\/revisions"}],"predecessor-version":[{"id":4872,"href":"https:\/\/tecplan.com.es\/en\/wp-json\/wp\/v2\/product\/3443\/revisions\/4872"}],"wp:featuredmedia":[{"embeddable":true,"href":"https:\/\/tecplan.com.es\/en\/wp-json\/wp\/v2\/media\/3432"}],"wp:attachment":[{"href":"https:\/\/tecplan.com.es\/en\/wp-json\/wp\/v2\/media?parent=3443"}],"wp:term":[{"taxonomy":"product_brand","embeddable":true,"href":"https:\/\/tecplan.com.es\/en\/wp-json\/wp\/v2\/product_brand?post=3443"},{"taxonomy":"product_cat","embeddable":true,"href":"https:\/\/tecplan.com.es\/en\/wp-json\/wp\/v2\/product_cat?post=3443"},{"taxonomy":"product_tag","embeddable":true,"href":"https:\/\/tecplan.com.es\/en\/wp-json\/wp\/v2\/product_tag?post=3443"}],"curies":[{"name":"wp","href":"https:\/\/api.w.org\/{rel}","templated":true}]}}