{"id":3440,"date":"2025-09-26T03:22:28","date_gmt":"2025-09-26T03:22:28","guid":{"rendered":"https:\/\/tecplan.com.es\/product\/router-ccr1036-8g-2s-2\/"},"modified":"2026-01-02T20:39:06","modified_gmt":"2026-01-02T20:39:06","slug":"router-ccr1036-8g-2s-2","status":"publish","type":"product","link":"https:\/\/tecplan.com.es\/en\/product\/router-ccr1036-8g-2s-2\/","title":{"rendered":"CCR1036-8G-2S Router"},"content":{"rendered":"<p><strong>CCR1036-8G-2S Router<\/strong><\/p>\n<p>Nuestro ruteador m\u00e1s veloz se ha vuelto a\u00fan mejor \u2013 el nuevo CCR1036-8G-2S tiene dos puertos SFP para soportar interfaces 10G. Utiliza el mismo CPU Tilera de 36 n\u00facleos que nuestros otros modelos CCR1036, y entrega el mismo rendimiento, pero ahora, los enlaces de diez Gigabit son posibles<\/p>\n<p>El dispositivo viene con un montaje para rack 1U, dos puertos SFP , ocho puertos Ethernet Gigabit, cable serial para consola y un puerto USB.<\/p>\n<p>El CCR1036-8G-2S tiene dos entradas SODIMM, por defecto est\u00e1 equipado con memoria RAM de 4GB, pero no tiene l\u00edmite de memoria en RouterOS (acepta y utiliza hasta 16 Gb m\u00e1s).<\/p>\n<p><strong>Especificaciones del producto<\/strong><\/p>\n<div class=\"woocommerce-tabs wc-tabs-wrapper\">\n<div id=\"tab-description\" class=\"woocommerce-Tabs-panel woocommerce-Tabs-panel--description panel entry-content wc-tab\" role=\"tabpanel\" aria-labelledby=\"tab-title-description\">\n<table class=\"table product-table\">\n<thead>\n<tr>\n<th colspan=\"2\">Details<\/th>\n<\/tr>\n<\/thead>\n<tbody>\n<tr>\n<td>Details<\/td>\n<td>CCR1036-8G-2S+<\/td>\n<\/tr>\n<tr>\n<td>Architecture<\/td>\n<td>TEJA<\/td>\n<\/tr>\n<tr>\n<td>UPC<\/td>\n<td>TLR4-03680<\/td>\n<\/tr>\n<tr>\n<td>CPU core count<\/td>\n<td>36<\/td>\n<\/tr>\n<tr>\n<td>CPU nominal frequency<\/td>\n<td>1,2 GHz<\/td>\n<\/tr>\n<tr>\n<td>Dimensions<\/td>\n<td>443x193x44mm<\/td>\n<\/tr>\n<tr>\n<td>Router operating system license<\/td>\n<td>6<\/td>\n<\/tr>\n<tr>\n<td>Operating system<\/td>\n<td><a href=\"https:\/\/help.mikrotik.com\/docs\/display\/ROS\/RouterOS\" target=\"_blank\" rel=\"noopener\">enrutador OS<\/a><\/td>\n<\/tr>\n<tr>\n<td>RAM size<\/td>\n<td>4 GB<\/td>\n<\/tr>\n<tr>\n<td>Storage size<\/td>\n<td>1 GB<\/td>\n<\/tr>\n<tr>\n<td>Tipo de almacenamiento<\/td>\n<td>NAND<\/td>\n<\/tr>\n<tr>\n<td>MTBF<\/td>\n<td>Aproximadamente 200\u2019000 horas a 25C<\/td>\n<\/tr>\n<tr>\n<td>Tested ambient temperature<\/td>\n<td>-20\u00b0C a 60\u00b0C<\/td>\n<\/tr>\n<tr>\n<td>Aceleraci\u00f3n de hardware IPsec<\/td>\n<td>S\u00ed<\/td>\n<\/tr>\n<\/tbody>\n<\/table>\n<\/div>\n<\/div>\n<section class=\"related products\">\n<h2><\/h2>\n<\/section>","protected":false},"excerpt":{"rendered":"<p>RCloud Core Router 1036-8G-2S , Tilera Tile-Gx36 CPU (36-cores, 1.2Ghz per core), 4GB RAM, 2xSFP cage, 8xGbit LAN, RouterOS L6,Equipo raqueable 1U,PSU, LCD panel.<\/p>\n<p><img decoding=\"async\" class=\"wp-image-2211 aligncenter\" src=\"https:\/\/tecplan.com.es\/wp-content\/uploads\/2025\/07\/2560px-MikroTik_logo-300x73.png\" alt=\"\" width=\"186\" height=\"67\" \/><\/p>","protected":false},"featured_media":3429,"comment_status":"open","ping_status":"closed","template":"","meta":{"site-sidebar-layout":"default","site-content-layout":"","ast-site-content-layout":"default","site-content-style":"default","site-sidebar-style":"default","ast-global-header-display":"","ast-banner-title-visibility":"","ast-main-header-display":"","ast-hfb-above-header-display":"","ast-hfb-below-header-display":"","ast-hfb-mobile-header-display":"","site-post-title":"","ast-breadcrumbs-content":"","ast-featured-img":"","footer-sml-layout":"","ast-disable-related-posts":"","theme-transparent-header-meta":"default","adv-header-id-meta":"","stick-header-meta":"","header-above-stick-meta":"","header-main-stick-meta":"","header-below-stick-meta":"","astra-migrate-meta-layouts":"set","ast-page-background-enabled":"default","ast-page-background-meta":{"desktop":{"background-color":"var(--ast-global-color-5)","background-image":"","background-repeat":"repeat","background-position":"center center","background-size":"auto","background-attachment":"scroll","background-type":"","background-media":"","overlay-type":"","overlay-color":"","overlay-opacity":"","overlay-gradient":""},"tablet":{"background-color":"","background-image":"","background-repeat":"repeat","background-position":"center center","background-size":"auto","background-attachment":"scroll","background-type":"","background-media":"","overlay-type":"","overlay-color":"","overlay-opacity":"","overlay-gradient":""},"mobile":{"background-color":"","background-image":"","background-repeat":"repeat","background-position":"center center","background-size":"auto","background-attachment":"scroll","background-type":"","background-media":"","overlay-type":"","overlay-color":"","overlay-opacity":"","overlay-gradient":""}},"ast-content-background-meta":{"desktop":{"background-color":"var(--ast-global-color-4)","background-image":"","background-repeat":"repeat","background-position":"center center","background-size":"auto","background-attachment":"scroll","background-type":"","background-media":"","overlay-type":"","overlay-color":"","overlay-opacity":"","overlay-gradient":""},"tablet":{"background-color":"var(--ast-global-color-4)","background-image":"","background-repeat":"repeat","background-position":"center center","background-size":"auto","background-attachment":"scroll","background-type":"","background-media":"","overlay-type":"","overlay-color":"","overlay-opacity":"","overlay-gradient":""},"mobile":{"background-color":"var(--ast-global-color-4)","background-image":"","background-repeat":"repeat","background-position":"center center","background-size":"auto","background-attachment":"scroll","background-type":"","background-media":"","overlay-type":"","overlay-color":"","overlay-opacity":"","overlay-gradient":""}}},"product_brand":[243],"product_cat":[125,96,129],"product_tag":[212],"class_list":{"0":"post-3440","1":"product","2":"type-product","3":"status-publish","4":"has-post-thumbnail","6":"product_brand-mikrotik","7":"product_cat-mikrotik","8":"product_cat-networking","9":"product_cat-router","10":"product_tag-mikrotik","11":"desktop-align-left","12":"tablet-align-left","13":"mobile-align-left","15":"first","16":"instock","17":"shipping-taxable","18":"product-type-simple"},"yoast_head":"<!-- This site is optimized with the Yoast SEO plugin v25.3 - https:\/\/yoast.com\/wordpress\/plugins\/seo\/ -->\n<title>Router CCR1036-8G-2S - Tecplan<\/title>\n<meta name=\"robots\" content=\"index, follow, max-snippet:-1, max-image-preview:large, max-video-preview:-1\" \/>\n<link rel=\"canonical\" href=\"https:\/\/tecplan.com.es\/en\/product\/router-ccr1036-8g-2s-2\/\" \/>\n<meta property=\"og:locale\" content=\"en_US\" \/>\n<meta property=\"og:type\" content=\"article\" \/>\n<meta property=\"og:title\" content=\"Router CCR1036-8G-2S - Tecplan\" \/>\n<meta property=\"og:description\" content=\"RCloud Core Router 1036-8G-2S , Tilera Tile-Gx36 CPU (36-cores, 1.2Ghz per core), 4GB RAM, 2xSFP cage, 8xGbit LAN, RouterOS L6,Equipo raqueable 1U,PSU, LCD panel.\" \/>\n<meta property=\"og:url\" content=\"https:\/\/tecplan.com.es\/en\/product\/router-ccr1036-8g-2s-2\/\" \/>\n<meta property=\"og:site_name\" content=\"Tecplan\" \/>\n<meta property=\"article:modified_time\" content=\"2026-01-02T20:39:06+00:00\" \/>\n<meta property=\"og:image\" content=\"https:\/\/tecplan.com.es\/wp-content\/uploads\/2025\/09\/CCR1036-8G-2S.webp\" \/>\n\t<meta property=\"og:image:width\" content=\"500\" \/>\n\t<meta property=\"og:image:height\" content=\"627\" \/>\n\t<meta property=\"og:image:type\" content=\"image\/webp\" \/>\n<meta name=\"twitter:card\" content=\"summary_large_image\" \/>\n<meta name=\"twitter:label1\" content=\"Est. reading time\" \/>\n\t<meta name=\"twitter:data1\" content=\"1 minute\" \/>\n<script type=\"application\/ld+json\" class=\"yoast-schema-graph\">{\"@context\":\"https:\/\/schema.org\",\"@graph\":[{\"@type\":\"WebPage\",\"@id\":\"https:\/\/tecplan.com.es\/product\/router-ccr1036-8g-2s-2\/\",\"url\":\"https:\/\/tecplan.com.es\/product\/router-ccr1036-8g-2s-2\/\",\"name\":\"Router CCR1036-8G-2S - Tecplan\",\"isPartOf\":{\"@id\":\"https:\/\/tecplan.com.es\/#website\"},\"primaryImageOfPage\":{\"@id\":\"https:\/\/tecplan.com.es\/product\/router-ccr1036-8g-2s-2\/#primaryimage\"},\"image\":{\"@id\":\"https:\/\/tecplan.com.es\/product\/router-ccr1036-8g-2s-2\/#primaryimage\"},\"thumbnailUrl\":\"https:\/\/tecplan.com.es\/wp-content\/uploads\/2025\/09\/CCR1036-8G-2S.webp\",\"datePublished\":\"2025-09-26T03:22:28+00:00\",\"dateModified\":\"2026-01-02T20:39:06+00:00\",\"breadcrumb\":{\"@id\":\"https:\/\/tecplan.com.es\/product\/router-ccr1036-8g-2s-2\/#breadcrumb\"},\"inLanguage\":\"en-US\",\"potentialAction\":[{\"@type\":\"ReadAction\",\"target\":[\"https:\/\/tecplan.com.es\/product\/router-ccr1036-8g-2s-2\/\"]}]},{\"@type\":\"ImageObject\",\"inLanguage\":\"en-US\",\"@id\":\"https:\/\/tecplan.com.es\/product\/router-ccr1036-8g-2s-2\/#primaryimage\",\"url\":\"https:\/\/tecplan.com.es\/wp-content\/uploads\/2025\/09\/CCR1036-8G-2S.webp\",\"contentUrl\":\"https:\/\/tecplan.com.es\/wp-content\/uploads\/2025\/09\/CCR1036-8G-2S.webp\",\"width\":500,\"height\":627},{\"@type\":\"BreadcrumbList\",\"@id\":\"https:\/\/tecplan.com.es\/product\/router-ccr1036-8g-2s-2\/#breadcrumb\",\"itemListElement\":[{\"@type\":\"ListItem\",\"position\":1,\"name\":\"Home\",\"item\":\"https:\/\/tecplan.com.es\/\"},{\"@type\":\"ListItem\",\"position\":2,\"name\":\"Shop\",\"item\":\"https:\/\/tecplan.com.es\/shop\/\"},{\"@type\":\"ListItem\",\"position\":3,\"name\":\"Router CCR1036-8G-2S\"}]},{\"@type\":\"WebSite\",\"@id\":\"https:\/\/tecplan.com.es\/#website\",\"url\":\"https:\/\/tecplan.com.es\/\",\"name\":\"Tecplan\",\"description\":\"\",\"potentialAction\":[{\"@type\":\"SearchAction\",\"target\":{\"@type\":\"EntryPoint\",\"urlTemplate\":\"https:\/\/tecplan.com.es\/?s={search_term_string}\"},\"query-input\":{\"@type\":\"PropertyValueSpecification\",\"valueRequired\":true,\"valueName\":\"search_term_string\"}}],\"inLanguage\":\"en-US\"}]}<\/script>\n<!-- \/ Yoast SEO plugin. -->","yoast_head_json":{"title":"Router CCR1036-8G-2S - Tecplan","robots":{"index":"index","follow":"follow","max-snippet":"max-snippet:-1","max-image-preview":"max-image-preview:large","max-video-preview":"max-video-preview:-1"},"canonical":"https:\/\/tecplan.com.es\/en\/product\/router-ccr1036-8g-2s-2\/","og_locale":"en_US","og_type":"article","og_title":"Router CCR1036-8G-2S - Tecplan","og_description":"RCloud Core Router 1036-8G-2S , Tilera Tile-Gx36 CPU (36-cores, 1.2Ghz per core), 4GB RAM, 2xSFP cage, 8xGbit LAN, RouterOS L6,Equipo raqueable 1U,PSU, LCD panel.","og_url":"https:\/\/tecplan.com.es\/en\/product\/router-ccr1036-8g-2s-2\/","og_site_name":"Tecplan","article_modified_time":"2026-01-02T20:39:06+00:00","og_image":[{"width":500,"height":627,"url":"https:\/\/tecplan.com.es\/wp-content\/uploads\/2025\/09\/CCR1036-8G-2S.webp","type":"image\/webp"}],"twitter_card":"summary_large_image","twitter_misc":{"Est. reading time":"1 minute"},"schema":{"@context":"https:\/\/schema.org","@graph":[{"@type":"WebPage","@id":"https:\/\/tecplan.com.es\/product\/router-ccr1036-8g-2s-2\/","url":"https:\/\/tecplan.com.es\/product\/router-ccr1036-8g-2s-2\/","name":"Router CCR1036-8G-2S - Tecplan","isPartOf":{"@id":"https:\/\/tecplan.com.es\/#website"},"primaryImageOfPage":{"@id":"https:\/\/tecplan.com.es\/product\/router-ccr1036-8g-2s-2\/#primaryimage"},"image":{"@id":"https:\/\/tecplan.com.es\/product\/router-ccr1036-8g-2s-2\/#primaryimage"},"thumbnailUrl":"https:\/\/tecplan.com.es\/wp-content\/uploads\/2025\/09\/CCR1036-8G-2S.webp","datePublished":"2025-09-26T03:22:28+00:00","dateModified":"2026-01-02T20:39:06+00:00","breadcrumb":{"@id":"https:\/\/tecplan.com.es\/product\/router-ccr1036-8g-2s-2\/#breadcrumb"},"inLanguage":"en-US","potentialAction":[{"@type":"ReadAction","target":["https:\/\/tecplan.com.es\/product\/router-ccr1036-8g-2s-2\/"]}]},{"@type":"ImageObject","inLanguage":"en-US","@id":"https:\/\/tecplan.com.es\/product\/router-ccr1036-8g-2s-2\/#primaryimage","url":"https:\/\/tecplan.com.es\/wp-content\/uploads\/2025\/09\/CCR1036-8G-2S.webp","contentUrl":"https:\/\/tecplan.com.es\/wp-content\/uploads\/2025\/09\/CCR1036-8G-2S.webp","width":500,"height":627},{"@type":"BreadcrumbList","@id":"https:\/\/tecplan.com.es\/product\/router-ccr1036-8g-2s-2\/#breadcrumb","itemListElement":[{"@type":"ListItem","position":1,"name":"Home","item":"https:\/\/tecplan.com.es\/"},{"@type":"ListItem","position":2,"name":"Shop","item":"https:\/\/tecplan.com.es\/shop\/"},{"@type":"ListItem","position":3,"name":"Router CCR1036-8G-2S"}]},{"@type":"WebSite","@id":"https:\/\/tecplan.com.es\/#website","url":"https:\/\/tecplan.com.es\/","name":"Tecplan","description":"","potentialAction":[{"@type":"SearchAction","target":{"@type":"EntryPoint","urlTemplate":"https:\/\/tecplan.com.es\/?s={search_term_string}"},"query-input":{"@type":"PropertyValueSpecification","valueRequired":true,"valueName":"search_term_string"}}],"inLanguage":"en-US"}]}},"_links":{"self":[{"href":"https:\/\/tecplan.com.es\/en\/wp-json\/wp\/v2\/product\/3440","targetHints":{"allow":["GET"]}}],"collection":[{"href":"https:\/\/tecplan.com.es\/en\/wp-json\/wp\/v2\/product"}],"about":[{"href":"https:\/\/tecplan.com.es\/en\/wp-json\/wp\/v2\/types\/product"}],"replies":[{"embeddable":true,"href":"https:\/\/tecplan.com.es\/en\/wp-json\/wp\/v2\/comments?post=3440"}],"version-history":[{"count":2,"href":"https:\/\/tecplan.com.es\/en\/wp-json\/wp\/v2\/product\/3440\/revisions"}],"predecessor-version":[{"id":4879,"href":"https:\/\/tecplan.com.es\/en\/wp-json\/wp\/v2\/product\/3440\/revisions\/4879"}],"wp:featuredmedia":[{"embeddable":true,"href":"https:\/\/tecplan.com.es\/en\/wp-json\/wp\/v2\/media\/3429"}],"wp:attachment":[{"href":"https:\/\/tecplan.com.es\/en\/wp-json\/wp\/v2\/media?parent=3440"}],"wp:term":[{"taxonomy":"product_brand","embeddable":true,"href":"https:\/\/tecplan.com.es\/en\/wp-json\/wp\/v2\/product_brand?post=3440"},{"taxonomy":"product_cat","embeddable":true,"href":"https:\/\/tecplan.com.es\/en\/wp-json\/wp\/v2\/product_cat?post=3440"},{"taxonomy":"product_tag","embeddable":true,"href":"https:\/\/tecplan.com.es\/en\/wp-json\/wp\/v2\/product_tag?post=3440"}],"curies":[{"name":"wp","href":"https:\/\/api.w.org\/{rel}","templated":true}]}}