{"id":3439,"date":"2025-09-26T03:22:28","date_gmt":"2025-09-26T03:22:28","guid":{"rendered":"https:\/\/tecplan.com.es\/product\/router-ccr1016-12s-1s-2\/"},"modified":"2026-01-02T20:25:51","modified_gmt":"2026-01-02T20:25:51","slug":"router-ccr1016-12s-1s-2","status":"publish","type":"product","link":"https:\/\/tecplan.com.es\/en\/product\/router-ccr1016-12s-1s-2\/","title":{"rendered":"Router CCR1016-12S-1S+"},"content":{"rendered":"<p style=\"text-align: justify;\"><strong>Router CCR1016-12S-1S<\/strong><\/p>\n<p style=\"text-align: justify;\">CCR1016 es un ruteador de grado industrial con un innovador CPU Tilera de 16 n\u00facleos. Si usted necesita muchos millones de paquetes por segundo \u2013 Cloud Core Router es su mejor opci\u00f3n.<\/p>\n<p style=\"text-align: justify;\">Este modelo tiene doce puertos SFP y un puerto SDP para conectividad 1oG. Est\u00e1 disponible en un gabinete para montaje en rack 1U y tambi\u00e9n tiene un cable serial para consola, una pantalla t\u00e1ctil LCD y un puerto USB.<\/p>\n<p style=\"text-align: justify;\">El CCR1016-12S-1S viene con fuentes de energ\u00eda redundantes y un m\u00f3dulo de cobre SFP RJ45 10\/100\/1000M .<\/p>\n<p style=\"text-align: justify;\"><strong>Especificaciones del producto<\/strong><\/p>\n<table class=\"table product-table\">\n<thead>\n<tr>\n<th colspan=\"2\">DETAILS<\/th>\n<\/tr>\n<\/thead>\n<tbody>\n<tr>\n<td>Product code<\/td>\n<td>CCR1016-12S-1S<\/td>\n<\/tr>\n<tr>\n<td>Architecture<\/td>\n<td>TILE<\/td>\n<\/tr>\n<tr>\n<td>CPU<\/td>\n<td>TLR4-01680CG-12CE-A3a<\/td>\n<\/tr>\n<tr>\n<td>CPU core count<\/td>\n<td>16<\/td>\n<\/tr>\n<tr>\n<td>CPU nominal frequency<\/td>\n<td>1.2 GHz<\/td>\n<\/tr>\n<tr>\n<td>CPU temperature monitor<\/td>\n<td>Yes<\/td>\n<\/tr>\n<tr>\n<td>Current Monitor<\/td>\n<td>Yes<\/td>\n<\/tr>\n<tr>\n<td>License level<\/td>\n<td>6<\/td>\n<\/tr>\n<tr>\n<td>Max Power consumption<\/td>\n<td>44W<\/td>\n<\/tr>\n<tr>\n<td>Number of USB ports<\/td>\n<td>1<\/td>\n<\/tr>\n<tr>\n<td>Operating System<\/td>\n<td>RouterOS v6<\/td>\n<\/tr>\n<tr>\n<td>Power Jack<\/td>\n<td>2<\/td>\n<\/tr>\n<tr>\n<td>SFP DDMI<\/td>\n<td>Yes<\/td>\n<\/tr>\n<tr>\n<td>SFP ports<\/td>\n<td>12<\/td>\n<\/tr>\n<tr>\n<td>SFP ports<\/td>\n<td>1<\/td>\n<\/tr>\n<tr>\n<td>Serial port<\/td>\n<td>RS232<\/td>\n<\/tr>\n<tr>\n<td>Size of RAM<\/td>\n<td>2 GB<\/td>\n<\/tr>\n<tr>\n<td>Storage size<\/td>\n<td>128 MB<\/td>\n<\/tr>\n<tr>\n<td>Storage type<\/td>\n<td>NAND<\/td>\n<\/tr>\n<tr>\n<td>Supported input voltage<\/td>\n<td>24 V \u2013 24 V<\/td>\n<\/tr>\n<tr>\n<td>Tested ambient temperature<\/td>\n<td>-20C .. 60C<\/td>\n<\/tr>\n<tr>\n<td>USB slot type<\/td>\n<td>microUSB type AB<\/td>\n<\/tr>\n<tr>\n<td>Voltage Monitor<\/td>\n<td>Yes<\/td>\n<\/tr>\n<\/tbody>\n<\/table>","protected":false},"excerpt":{"rendered":"<p>Cloud Core Router 1016-12S-1S , Tilera Tile-Gx16 CPU (16-cores, 1.2Ghz per core), 2GB RAM, 12xSFP cages, 1xSFP , RouterOS L6,Equipo raqueable 1U<\/p>\n<p><img decoding=\"async\" class=\"wp-image-2211 aligncenter\" src=\"https:\/\/tecplan.com.es\/wp-content\/uploads\/2025\/07\/2560px-MikroTik_logo-300x73.png\" alt=\"\" width=\"192\" height=\"26\" \/><\/p>","protected":false},"featured_media":3427,"comment_status":"open","ping_status":"closed","template":"","meta":{"site-sidebar-layout":"default","site-content-layout":"","ast-site-content-layout":"default","site-content-style":"default","site-sidebar-style":"default","ast-global-header-display":"","ast-banner-title-visibility":"","ast-main-header-display":"","ast-hfb-above-header-display":"","ast-hfb-below-header-display":"","ast-hfb-mobile-header-display":"","site-post-title":"","ast-breadcrumbs-content":"","ast-featured-img":"","footer-sml-layout":"","ast-disable-related-posts":"","theme-transparent-header-meta":"default","adv-header-id-meta":"","stick-header-meta":"","header-above-stick-meta":"","header-main-stick-meta":"","header-below-stick-meta":"","astra-migrate-meta-layouts":"set","ast-page-background-enabled":"default","ast-page-background-meta":{"desktop":{"background-color":"var(--ast-global-color-5)","background-image":"","background-repeat":"repeat","background-position":"center center","background-size":"auto","background-attachment":"scroll","background-type":"","background-media":"","overlay-type":"","overlay-color":"","overlay-opacity":"","overlay-gradient":""},"tablet":{"background-color":"","background-image":"","background-repeat":"repeat","background-position":"center center","background-size":"auto","background-attachment":"scroll","background-type":"","background-media":"","overlay-type":"","overlay-color":"","overlay-opacity":"","overlay-gradient":""},"mobile":{"background-color":"","background-image":"","background-repeat":"repeat","background-position":"center center","background-size":"auto","background-attachment":"scroll","background-type":"","background-media":"","overlay-type":"","overlay-color":"","overlay-opacity":"","overlay-gradient":""}},"ast-content-background-meta":{"desktop":{"background-color":"var(--ast-global-color-4)","background-image":"","background-repeat":"repeat","background-position":"center center","background-size":"auto","background-attachment":"scroll","background-type":"","background-media":"","overlay-type":"","overlay-color":"","overlay-opacity":"","overlay-gradient":""},"tablet":{"background-color":"var(--ast-global-color-4)","background-image":"","background-repeat":"repeat","background-position":"center center","background-size":"auto","background-attachment":"scroll","background-type":"","background-media":"","overlay-type":"","overlay-color":"","overlay-opacity":"","overlay-gradient":""},"mobile":{"background-color":"var(--ast-global-color-4)","background-image":"","background-repeat":"repeat","background-position":"center center","background-size":"auto","background-attachment":"scroll","background-type":"","background-media":"","overlay-type":"","overlay-color":"","overlay-opacity":"","overlay-gradient":""}}},"product_brand":[243],"product_cat":[125,96,129],"product_tag":[212],"class_list":{"0":"post-3439","1":"product","2":"type-product","3":"status-publish","4":"has-post-thumbnail","6":"product_brand-mikrotik","7":"product_cat-mikrotik","8":"product_cat-networking","9":"product_cat-router","10":"product_tag-mikrotik","11":"desktop-align-left","12":"tablet-align-left","13":"mobile-align-left","15":"first","16":"instock","17":"shipping-taxable","18":"product-type-simple"},"yoast_head":"<!-- This site is optimized with the Yoast SEO plugin v25.3 - https:\/\/yoast.com\/wordpress\/plugins\/seo\/ -->\n<title>Router CCR1016-12S-1S+ - Tecplan<\/title>\n<meta name=\"robots\" content=\"index, follow, max-snippet:-1, max-image-preview:large, max-video-preview:-1\" \/>\n<link rel=\"canonical\" href=\"https:\/\/tecplan.com.es\/en\/product\/router-ccr1016-12s-1s-2\/\" \/>\n<meta property=\"og:locale\" content=\"en_US\" \/>\n<meta property=\"og:type\" content=\"article\" \/>\n<meta property=\"og:title\" content=\"Router CCR1016-12S-1S+ - Tecplan\" \/>\n<meta property=\"og:description\" content=\"Cloud Core Router 1016-12S-1S , Tilera Tile-Gx16 CPU (16-cores, 1.2Ghz per core), 2GB RAM, 12xSFP cages, 1xSFP , RouterOS L6,Equipo raqueable 1U\" \/>\n<meta property=\"og:url\" content=\"https:\/\/tecplan.com.es\/en\/product\/router-ccr1016-12s-1s-2\/\" \/>\n<meta property=\"og:site_name\" content=\"Tecplan\" \/>\n<meta property=\"article:modified_time\" content=\"2026-01-02T20:25:51+00:00\" \/>\n<meta property=\"og:image\" content=\"https:\/\/tecplan.com.es\/wp-content\/uploads\/2025\/09\/InkedCCR1016-12S-1S-1_LI.jpg.webp\" \/>\n\t<meta property=\"og:image:width\" content=\"500\" \/>\n\t<meta property=\"og:image:height\" content=\"627\" \/>\n\t<meta property=\"og:image:type\" content=\"image\/webp\" \/>\n<meta name=\"twitter:card\" content=\"summary_large_image\" \/>\n<meta name=\"twitter:label1\" content=\"Est. reading time\" \/>\n\t<meta name=\"twitter:data1\" content=\"2 minutes\" \/>\n<script type=\"application\/ld+json\" class=\"yoast-schema-graph\">{\"@context\":\"https:\/\/schema.org\",\"@graph\":[{\"@type\":\"WebPage\",\"@id\":\"https:\/\/tecplan.com.es\/product\/router-ccr1016-12s-1s-2\/\",\"url\":\"https:\/\/tecplan.com.es\/product\/router-ccr1016-12s-1s-2\/\",\"name\":\"Router CCR1016-12S-1S+ - Tecplan\",\"isPartOf\":{\"@id\":\"https:\/\/tecplan.com.es\/#website\"},\"primaryImageOfPage\":{\"@id\":\"https:\/\/tecplan.com.es\/product\/router-ccr1016-12s-1s-2\/#primaryimage\"},\"image\":{\"@id\":\"https:\/\/tecplan.com.es\/product\/router-ccr1016-12s-1s-2\/#primaryimage\"},\"thumbnailUrl\":\"https:\/\/tecplan.com.es\/wp-content\/uploads\/2025\/09\/InkedCCR1016-12S-1S-1_LI.jpg.webp\",\"datePublished\":\"2025-09-26T03:22:28+00:00\",\"dateModified\":\"2026-01-02T20:25:51+00:00\",\"breadcrumb\":{\"@id\":\"https:\/\/tecplan.com.es\/product\/router-ccr1016-12s-1s-2\/#breadcrumb\"},\"inLanguage\":\"en-US\",\"potentialAction\":[{\"@type\":\"ReadAction\",\"target\":[\"https:\/\/tecplan.com.es\/product\/router-ccr1016-12s-1s-2\/\"]}]},{\"@type\":\"ImageObject\",\"inLanguage\":\"en-US\",\"@id\":\"https:\/\/tecplan.com.es\/product\/router-ccr1016-12s-1s-2\/#primaryimage\",\"url\":\"https:\/\/tecplan.com.es\/wp-content\/uploads\/2025\/09\/InkedCCR1016-12S-1S-1_LI.jpg.webp\",\"contentUrl\":\"https:\/\/tecplan.com.es\/wp-content\/uploads\/2025\/09\/InkedCCR1016-12S-1S-1_LI.jpg.webp\",\"width\":500,\"height\":627},{\"@type\":\"BreadcrumbList\",\"@id\":\"https:\/\/tecplan.com.es\/product\/router-ccr1016-12s-1s-2\/#breadcrumb\",\"itemListElement\":[{\"@type\":\"ListItem\",\"position\":1,\"name\":\"Home\",\"item\":\"https:\/\/tecplan.com.es\/\"},{\"@type\":\"ListItem\",\"position\":2,\"name\":\"Shop\",\"item\":\"https:\/\/tecplan.com.es\/shop\/\"},{\"@type\":\"ListItem\",\"position\":3,\"name\":\"Router CCR1016-12S-1S+\"}]},{\"@type\":\"WebSite\",\"@id\":\"https:\/\/tecplan.com.es\/#website\",\"url\":\"https:\/\/tecplan.com.es\/\",\"name\":\"Tecplan\",\"description\":\"\",\"potentialAction\":[{\"@type\":\"SearchAction\",\"target\":{\"@type\":\"EntryPoint\",\"urlTemplate\":\"https:\/\/tecplan.com.es\/?s={search_term_string}\"},\"query-input\":{\"@type\":\"PropertyValueSpecification\",\"valueRequired\":true,\"valueName\":\"search_term_string\"}}],\"inLanguage\":\"en-US\"}]}<\/script>\n<!-- \/ Yoast SEO plugin. -->","yoast_head_json":{"title":"Router CCR1016-12S-1S+ - Tecplan","robots":{"index":"index","follow":"follow","max-snippet":"max-snippet:-1","max-image-preview":"max-image-preview:large","max-video-preview":"max-video-preview:-1"},"canonical":"https:\/\/tecplan.com.es\/en\/product\/router-ccr1016-12s-1s-2\/","og_locale":"en_US","og_type":"article","og_title":"Router CCR1016-12S-1S+ - Tecplan","og_description":"Cloud Core Router 1016-12S-1S , Tilera Tile-Gx16 CPU (16-cores, 1.2Ghz per core), 2GB RAM, 12xSFP cages, 1xSFP , RouterOS L6,Equipo raqueable 1U","og_url":"https:\/\/tecplan.com.es\/en\/product\/router-ccr1016-12s-1s-2\/","og_site_name":"Tecplan","article_modified_time":"2026-01-02T20:25:51+00:00","og_image":[{"width":500,"height":627,"url":"https:\/\/tecplan.com.es\/wp-content\/uploads\/2025\/09\/InkedCCR1016-12S-1S-1_LI.jpg.webp","type":"image\/webp"}],"twitter_card":"summary_large_image","twitter_misc":{"Est. reading time":"2 minutes"},"schema":{"@context":"https:\/\/schema.org","@graph":[{"@type":"WebPage","@id":"https:\/\/tecplan.com.es\/product\/router-ccr1016-12s-1s-2\/","url":"https:\/\/tecplan.com.es\/product\/router-ccr1016-12s-1s-2\/","name":"Router CCR1016-12S-1S+ - Tecplan","isPartOf":{"@id":"https:\/\/tecplan.com.es\/#website"},"primaryImageOfPage":{"@id":"https:\/\/tecplan.com.es\/product\/router-ccr1016-12s-1s-2\/#primaryimage"},"image":{"@id":"https:\/\/tecplan.com.es\/product\/router-ccr1016-12s-1s-2\/#primaryimage"},"thumbnailUrl":"https:\/\/tecplan.com.es\/wp-content\/uploads\/2025\/09\/InkedCCR1016-12S-1S-1_LI.jpg.webp","datePublished":"2025-09-26T03:22:28+00:00","dateModified":"2026-01-02T20:25:51+00:00","breadcrumb":{"@id":"https:\/\/tecplan.com.es\/product\/router-ccr1016-12s-1s-2\/#breadcrumb"},"inLanguage":"en-US","potentialAction":[{"@type":"ReadAction","target":["https:\/\/tecplan.com.es\/product\/router-ccr1016-12s-1s-2\/"]}]},{"@type":"ImageObject","inLanguage":"en-US","@id":"https:\/\/tecplan.com.es\/product\/router-ccr1016-12s-1s-2\/#primaryimage","url":"https:\/\/tecplan.com.es\/wp-content\/uploads\/2025\/09\/InkedCCR1016-12S-1S-1_LI.jpg.webp","contentUrl":"https:\/\/tecplan.com.es\/wp-content\/uploads\/2025\/09\/InkedCCR1016-12S-1S-1_LI.jpg.webp","width":500,"height":627},{"@type":"BreadcrumbList","@id":"https:\/\/tecplan.com.es\/product\/router-ccr1016-12s-1s-2\/#breadcrumb","itemListElement":[{"@type":"ListItem","position":1,"name":"Home","item":"https:\/\/tecplan.com.es\/"},{"@type":"ListItem","position":2,"name":"Shop","item":"https:\/\/tecplan.com.es\/shop\/"},{"@type":"ListItem","position":3,"name":"Router CCR1016-12S-1S+"}]},{"@type":"WebSite","@id":"https:\/\/tecplan.com.es\/#website","url":"https:\/\/tecplan.com.es\/","name":"Tecplan","description":"","potentialAction":[{"@type":"SearchAction","target":{"@type":"EntryPoint","urlTemplate":"https:\/\/tecplan.com.es\/?s={search_term_string}"},"query-input":{"@type":"PropertyValueSpecification","valueRequired":true,"valueName":"search_term_string"}}],"inLanguage":"en-US"}]}},"_links":{"self":[{"href":"https:\/\/tecplan.com.es\/en\/wp-json\/wp\/v2\/product\/3439","targetHints":{"allow":["GET"]}}],"collection":[{"href":"https:\/\/tecplan.com.es\/en\/wp-json\/wp\/v2\/product"}],"about":[{"href":"https:\/\/tecplan.com.es\/en\/wp-json\/wp\/v2\/types\/product"}],"replies":[{"embeddable":true,"href":"https:\/\/tecplan.com.es\/en\/wp-json\/wp\/v2\/comments?post=3439"}],"version-history":[{"count":2,"href":"https:\/\/tecplan.com.es\/en\/wp-json\/wp\/v2\/product\/3439\/revisions"}],"predecessor-version":[{"id":4876,"href":"https:\/\/tecplan.com.es\/en\/wp-json\/wp\/v2\/product\/3439\/revisions\/4876"}],"wp:featuredmedia":[{"embeddable":true,"href":"https:\/\/tecplan.com.es\/en\/wp-json\/wp\/v2\/media\/3427"}],"wp:attachment":[{"href":"https:\/\/tecplan.com.es\/en\/wp-json\/wp\/v2\/media?parent=3439"}],"wp:term":[{"taxonomy":"product_brand","embeddable":true,"href":"https:\/\/tecplan.com.es\/en\/wp-json\/wp\/v2\/product_brand?post=3439"},{"taxonomy":"product_cat","embeddable":true,"href":"https:\/\/tecplan.com.es\/en\/wp-json\/wp\/v2\/product_cat?post=3439"},{"taxonomy":"product_tag","embeddable":true,"href":"https:\/\/tecplan.com.es\/en\/wp-json\/wp\/v2\/product_tag?post=3439"}],"curies":[{"name":"wp","href":"https:\/\/api.w.org\/{rel}","templated":true}]}}