{"id":3438,"date":"2025-09-26T03:22:28","date_gmt":"2025-09-26T03:22:28","guid":{"rendered":"https:\/\/tecplan.com.es\/product\/inyector-poe-ubiquiti-poe-24-12w-g-63hz-24v-12-watts-2\/"},"modified":"2026-01-02T20:15:07","modified_gmt":"2026-01-02T20:15:07","slug":"inyector-poe-ubiquiti-poe-24-12w-g-63hz-24v-12-watts-2","status":"publish","type":"product","link":"https:\/\/tecplan.com.es\/en\/product\/inyector-poe-ubiquiti-poe-24-12w-g-63hz-24v-12-watts-2\/","title":{"rendered":"Inyector PoE UBIQUITI POE-24-12W-G 63Hz 24V 12 Watts"},"content":{"rendered":"<p style=\"text-align: justify;\"><strong>RB3011UiAS-RM<\/strong><\/p>\n<p style=\"text-align: justify;\">El RB3011 es un nuevo dispositivo multi puerto, nuestro primer producto en ejecutar CPU ARM architecture para mejores desempe\u00f1os que antes. El RB3011 tiene diez puertos Gigabit divididos en dos grupos switch, m\u00f3dulo SFP y por primera vez USB 3.0 SuperSpeed de tama\u00f1o completo, para a\u00f1adir capacidad de almacenamiento o un m\u00f3dem 3G\/4G externo.<\/p>\n<p style=\"text-align: justify;\">El RB3011UiAS-RM viene con un gabinete para montaje en rack, pantalla t\u00e1ctil LCD, cable serial para consola y puerto para salida PoE en su \u00faltimo puerto Ethernet.<\/p>\n<p><strong>Especificaciones del producto<\/strong><\/p>\n<table class=\"table product-table\">\n<thead>\n<tr>\n<th colspan=\"2\">DETAILS<\/th>\n<\/tr>\n<\/thead>\n<tbody>\n<tr>\n<td>Product code<\/td>\n<td>RB3011UiAS-RM<\/td>\n<\/tr>\n<tr>\n<td>10\/100\/1000 Ethernet ports<\/td>\n<td>10<\/td>\n<\/tr>\n<tr>\n<td>CPU<\/td>\n<td>IPQ-8064-0-519FCBGA-TR-01-0<\/td>\n<\/tr>\n<tr>\n<td>CPU core count<\/td>\n<td>2<\/td>\n<\/tr>\n<tr>\n<td>CPU nominal frequency<\/td>\n<td>1.4 GHz<\/td>\n<\/tr>\n<tr>\n<td>Dimensions<\/td>\n<td>443x92x44mm<\/td>\n<\/tr>\n<tr>\n<td>License level<\/td>\n<td>5<\/td>\n<\/tr>\n<tr>\n<td>Max Power consumption<\/td>\n<td>10W<\/td>\n<\/tr>\n<tr>\n<td>Number of USB ports<\/td>\n<td>1<\/td>\n<\/tr>\n<tr>\n<td>Operating System<\/td>\n<td>RouterOS<\/td>\n<\/tr>\n<tr>\n<td>PCB temperature monitor<\/td>\n<td>Yes<\/td>\n<\/tr>\n<tr>\n<td>PoE in<\/td>\n<td>Yes<\/td>\n<\/tr>\n<tr>\n<td>PoE out<\/td>\n<td>Yes<\/td>\n<\/tr>\n<tr>\n<td>Power Jack<\/td>\n<td>1<\/td>\n<\/tr>\n<tr>\n<td>SFP ports<\/td>\n<td>1<\/td>\n<\/tr>\n<tr>\n<td>Serial port<\/td>\n<td>RJ45<\/td>\n<\/tr>\n<tr>\n<td>Size of RAM<\/td>\n<td>1 GB<\/td>\n<\/tr>\n<tr>\n<td>Storage size<\/td>\n<td>128 MB<\/td>\n<\/tr>\n<tr>\n<td>Storage type<\/td>\n<td>NAND<\/td>\n<\/tr>\n<tr>\n<td>Supported input voltage<\/td>\n<td>10 V \u2013 30 V<\/td>\n<\/tr>\n<tr>\n<td>Tested ambient temperature<\/td>\n<td>-30 70 C<\/td>\n<\/tr>\n<tr>\n<td>USB slot type<\/td>\n<td>USB 3.0 type A<\/td>\n<\/tr>\n<tr>\n<td>Voltage Monitor<\/td>\n<td>Yes<\/td>\n<\/tr>\n<\/tbody>\n<\/table>","protected":false},"excerpt":{"rendered":"<p style=\"text-align: justify;\">RB3011UiAS Dual core 1.4GHz ARM CPU, 1GB RAM, 10xGbit LAN, 1xSFP port, RouterOS L5, Equipo raqueable 1U, LCD panel.<\/p>","protected":false},"featured_media":3426,"comment_status":"open","ping_status":"closed","template":"","meta":{"site-sidebar-layout":"default","site-content-layout":"","ast-site-content-layout":"default","site-content-style":"default","site-sidebar-style":"default","ast-global-header-display":"","ast-banner-title-visibility":"","ast-main-header-display":"","ast-hfb-above-header-display":"","ast-hfb-below-header-display":"","ast-hfb-mobile-header-display":"","site-post-title":"","ast-breadcrumbs-content":"","ast-featured-img":"","footer-sml-layout":"","ast-disable-related-posts":"","theme-transparent-header-meta":"default","adv-header-id-meta":"","stick-header-meta":"","header-above-stick-meta":"","header-main-stick-meta":"","header-below-stick-meta":"","astra-migrate-meta-layouts":"set","ast-page-background-enabled":"default","ast-page-background-meta":{"desktop":{"background-color":"var(--ast-global-color-5)","background-image":"","background-repeat":"repeat","background-position":"center center","background-size":"auto","background-attachment":"scroll","background-type":"","background-media":"","overlay-type":"","overlay-color":"","overlay-opacity":"","overlay-gradient":""},"tablet":{"background-color":"","background-image":"","background-repeat":"repeat","background-position":"center center","background-size":"auto","background-attachment":"scroll","background-type":"","background-media":"","overlay-type":"","overlay-color":"","overlay-opacity":"","overlay-gradient":""},"mobile":{"background-color":"","background-image":"","background-repeat":"repeat","background-position":"center center","background-size":"auto","background-attachment":"scroll","background-type":"","background-media":"","overlay-type":"","overlay-color":"","overlay-opacity":"","overlay-gradient":""}},"ast-content-background-meta":{"desktop":{"background-color":"var(--ast-global-color-4)","background-image":"","background-repeat":"repeat","background-position":"center center","background-size":"auto","background-attachment":"scroll","background-type":"","background-media":"","overlay-type":"","overlay-color":"","overlay-opacity":"","overlay-gradient":""},"tablet":{"background-color":"var(--ast-global-color-4)","background-image":"","background-repeat":"repeat","background-position":"center center","background-size":"auto","background-attachment":"scroll","background-type":"","background-media":"","overlay-type":"","overlay-color":"","overlay-opacity":"","overlay-gradient":""},"mobile":{"background-color":"var(--ast-global-color-4)","background-image":"","background-repeat":"repeat","background-position":"center center","background-size":"auto","background-attachment":"scroll","background-type":"","background-media":"","overlay-type":"","overlay-color":"","overlay-opacity":"","overlay-gradient":""}}},"product_brand":[243],"product_cat":[125,96,129],"product_tag":[212],"class_list":{"0":"post-3438","1":"product","2":"type-product","3":"status-publish","4":"has-post-thumbnail","6":"product_brand-mikrotik","7":"product_cat-mikrotik","8":"product_cat-networking","9":"product_cat-router","10":"product_tag-mikrotik","11":"desktop-align-left","12":"tablet-align-left","13":"mobile-align-left","15":"first","16":"instock","17":"shipping-taxable","18":"product-type-simple"},"yoast_head":"<!-- This site is optimized with the Yoast SEO plugin v25.3 - https:\/\/yoast.com\/wordpress\/plugins\/seo\/ -->\n<title>Inyector PoE UBIQUITI POE-24-12W-G 63Hz 24V 12 Watts - Tecplan<\/title>\n<meta name=\"robots\" content=\"index, follow, max-snippet:-1, max-image-preview:large, max-video-preview:-1\" \/>\n<link rel=\"canonical\" href=\"https:\/\/tecplan.com.es\/en\/product\/inyector-poe-ubiquiti-poe-24-12w-g-63hz-24v-12-watts-2\/\" \/>\n<meta property=\"og:locale\" content=\"en_US\" \/>\n<meta property=\"og:type\" content=\"article\" \/>\n<meta property=\"og:title\" content=\"Inyector PoE UBIQUITI POE-24-12W-G 63Hz 24V 12 Watts - Tecplan\" \/>\n<meta property=\"og:description\" content=\"RB3011UiAS Dual core 1.4GHz ARM CPU, 1GB RAM, 10xGbit LAN, 1xSFP port, RouterOS L5, Equipo raqueable 1U, LCD panel.\" \/>\n<meta property=\"og:url\" content=\"https:\/\/tecplan.com.es\/en\/product\/inyector-poe-ubiquiti-poe-24-12w-g-63hz-24v-12-watts-2\/\" \/>\n<meta property=\"og:site_name\" content=\"Tecplan\" \/>\n<meta property=\"article:modified_time\" content=\"2026-01-02T20:15:07+00:00\" \/>\n<meta property=\"og:image\" content=\"https:\/\/tecplan.com.es\/wp-content\/uploads\/2025\/09\/InkedRB3011UiAS-RM-1_LI.jpg.webp\" \/>\n\t<meta property=\"og:image:width\" content=\"500\" \/>\n\t<meta property=\"og:image:height\" content=\"627\" \/>\n\t<meta property=\"og:image:type\" content=\"image\/webp\" \/>\n<meta name=\"twitter:card\" content=\"summary_large_image\" \/>\n<meta name=\"twitter:label1\" content=\"Est. reading time\" \/>\n\t<meta name=\"twitter:data1\" content=\"2 minutes\" \/>\n<script type=\"application\/ld+json\" class=\"yoast-schema-graph\">{\"@context\":\"https:\/\/schema.org\",\"@graph\":[{\"@type\":\"WebPage\",\"@id\":\"https:\/\/tecplan.com.es\/product\/inyector-poe-ubiquiti-poe-24-12w-g-63hz-24v-12-watts-2\/\",\"url\":\"https:\/\/tecplan.com.es\/product\/inyector-poe-ubiquiti-poe-24-12w-g-63hz-24v-12-watts-2\/\",\"name\":\"Inyector PoE UBIQUITI POE-24-12W-G 63Hz 24V 12 Watts - Tecplan\",\"isPartOf\":{\"@id\":\"https:\/\/tecplan.com.es\/#website\"},\"primaryImageOfPage\":{\"@id\":\"https:\/\/tecplan.com.es\/product\/inyector-poe-ubiquiti-poe-24-12w-g-63hz-24v-12-watts-2\/#primaryimage\"},\"image\":{\"@id\":\"https:\/\/tecplan.com.es\/product\/inyector-poe-ubiquiti-poe-24-12w-g-63hz-24v-12-watts-2\/#primaryimage\"},\"thumbnailUrl\":\"https:\/\/tecplan.com.es\/wp-content\/uploads\/2025\/09\/InkedRB3011UiAS-RM-1_LI.jpg.webp\",\"datePublished\":\"2025-09-26T03:22:28+00:00\",\"dateModified\":\"2026-01-02T20:15:07+00:00\",\"breadcrumb\":{\"@id\":\"https:\/\/tecplan.com.es\/product\/inyector-poe-ubiquiti-poe-24-12w-g-63hz-24v-12-watts-2\/#breadcrumb\"},\"inLanguage\":\"en-US\",\"potentialAction\":[{\"@type\":\"ReadAction\",\"target\":[\"https:\/\/tecplan.com.es\/product\/inyector-poe-ubiquiti-poe-24-12w-g-63hz-24v-12-watts-2\/\"]}]},{\"@type\":\"ImageObject\",\"inLanguage\":\"en-US\",\"@id\":\"https:\/\/tecplan.com.es\/product\/inyector-poe-ubiquiti-poe-24-12w-g-63hz-24v-12-watts-2\/#primaryimage\",\"url\":\"https:\/\/tecplan.com.es\/wp-content\/uploads\/2025\/09\/InkedRB3011UiAS-RM-1_LI.jpg.webp\",\"contentUrl\":\"https:\/\/tecplan.com.es\/wp-content\/uploads\/2025\/09\/InkedRB3011UiAS-RM-1_LI.jpg.webp\",\"width\":500,\"height\":627},{\"@type\":\"BreadcrumbList\",\"@id\":\"https:\/\/tecplan.com.es\/product\/inyector-poe-ubiquiti-poe-24-12w-g-63hz-24v-12-watts-2\/#breadcrumb\",\"itemListElement\":[{\"@type\":\"ListItem\",\"position\":1,\"name\":\"Home\",\"item\":\"https:\/\/tecplan.com.es\/\"},{\"@type\":\"ListItem\",\"position\":2,\"name\":\"Shop\",\"item\":\"https:\/\/tecplan.com.es\/shop\/\"},{\"@type\":\"ListItem\",\"position\":3,\"name\":\"Inyector PoE UBIQUITI POE-24-12W-G 63Hz 24V 12 Watts\"}]},{\"@type\":\"WebSite\",\"@id\":\"https:\/\/tecplan.com.es\/#website\",\"url\":\"https:\/\/tecplan.com.es\/\",\"name\":\"Tecplan\",\"description\":\"\",\"potentialAction\":[{\"@type\":\"SearchAction\",\"target\":{\"@type\":\"EntryPoint\",\"urlTemplate\":\"https:\/\/tecplan.com.es\/?s={search_term_string}\"},\"query-input\":{\"@type\":\"PropertyValueSpecification\",\"valueRequired\":true,\"valueName\":\"search_term_string\"}}],\"inLanguage\":\"en-US\"}]}<\/script>\n<!-- \/ Yoast SEO plugin. -->","yoast_head_json":{"title":"Inyector PoE UBIQUITI POE-24-12W-G 63Hz 24V 12 Watts - Tecplan","robots":{"index":"index","follow":"follow","max-snippet":"max-snippet:-1","max-image-preview":"max-image-preview:large","max-video-preview":"max-video-preview:-1"},"canonical":"https:\/\/tecplan.com.es\/en\/product\/inyector-poe-ubiquiti-poe-24-12w-g-63hz-24v-12-watts-2\/","og_locale":"en_US","og_type":"article","og_title":"Inyector PoE UBIQUITI POE-24-12W-G 63Hz 24V 12 Watts - Tecplan","og_description":"RB3011UiAS Dual core 1.4GHz ARM CPU, 1GB RAM, 10xGbit LAN, 1xSFP port, RouterOS L5, Equipo raqueable 1U, LCD panel.","og_url":"https:\/\/tecplan.com.es\/en\/product\/inyector-poe-ubiquiti-poe-24-12w-g-63hz-24v-12-watts-2\/","og_site_name":"Tecplan","article_modified_time":"2026-01-02T20:15:07+00:00","og_image":[{"width":500,"height":627,"url":"https:\/\/tecplan.com.es\/wp-content\/uploads\/2025\/09\/InkedRB3011UiAS-RM-1_LI.jpg.webp","type":"image\/webp"}],"twitter_card":"summary_large_image","twitter_misc":{"Est. reading time":"2 minutes"},"schema":{"@context":"https:\/\/schema.org","@graph":[{"@type":"WebPage","@id":"https:\/\/tecplan.com.es\/product\/inyector-poe-ubiquiti-poe-24-12w-g-63hz-24v-12-watts-2\/","url":"https:\/\/tecplan.com.es\/product\/inyector-poe-ubiquiti-poe-24-12w-g-63hz-24v-12-watts-2\/","name":"Inyector PoE UBIQUITI POE-24-12W-G 63Hz 24V 12 Watts - Tecplan","isPartOf":{"@id":"https:\/\/tecplan.com.es\/#website"},"primaryImageOfPage":{"@id":"https:\/\/tecplan.com.es\/product\/inyector-poe-ubiquiti-poe-24-12w-g-63hz-24v-12-watts-2\/#primaryimage"},"image":{"@id":"https:\/\/tecplan.com.es\/product\/inyector-poe-ubiquiti-poe-24-12w-g-63hz-24v-12-watts-2\/#primaryimage"},"thumbnailUrl":"https:\/\/tecplan.com.es\/wp-content\/uploads\/2025\/09\/InkedRB3011UiAS-RM-1_LI.jpg.webp","datePublished":"2025-09-26T03:22:28+00:00","dateModified":"2026-01-02T20:15:07+00:00","breadcrumb":{"@id":"https:\/\/tecplan.com.es\/product\/inyector-poe-ubiquiti-poe-24-12w-g-63hz-24v-12-watts-2\/#breadcrumb"},"inLanguage":"en-US","potentialAction":[{"@type":"ReadAction","target":["https:\/\/tecplan.com.es\/product\/inyector-poe-ubiquiti-poe-24-12w-g-63hz-24v-12-watts-2\/"]}]},{"@type":"ImageObject","inLanguage":"en-US","@id":"https:\/\/tecplan.com.es\/product\/inyector-poe-ubiquiti-poe-24-12w-g-63hz-24v-12-watts-2\/#primaryimage","url":"https:\/\/tecplan.com.es\/wp-content\/uploads\/2025\/09\/InkedRB3011UiAS-RM-1_LI.jpg.webp","contentUrl":"https:\/\/tecplan.com.es\/wp-content\/uploads\/2025\/09\/InkedRB3011UiAS-RM-1_LI.jpg.webp","width":500,"height":627},{"@type":"BreadcrumbList","@id":"https:\/\/tecplan.com.es\/product\/inyector-poe-ubiquiti-poe-24-12w-g-63hz-24v-12-watts-2\/#breadcrumb","itemListElement":[{"@type":"ListItem","position":1,"name":"Home","item":"https:\/\/tecplan.com.es\/"},{"@type":"ListItem","position":2,"name":"Shop","item":"https:\/\/tecplan.com.es\/shop\/"},{"@type":"ListItem","position":3,"name":"Inyector PoE UBIQUITI POE-24-12W-G 63Hz 24V 12 Watts"}]},{"@type":"WebSite","@id":"https:\/\/tecplan.com.es\/#website","url":"https:\/\/tecplan.com.es\/","name":"Tecplan","description":"","potentialAction":[{"@type":"SearchAction","target":{"@type":"EntryPoint","urlTemplate":"https:\/\/tecplan.com.es\/?s={search_term_string}"},"query-input":{"@type":"PropertyValueSpecification","valueRequired":true,"valueName":"search_term_string"}}],"inLanguage":"en-US"}]}},"_links":{"self":[{"href":"https:\/\/tecplan.com.es\/en\/wp-json\/wp\/v2\/product\/3438","targetHints":{"allow":["GET"]}}],"collection":[{"href":"https:\/\/tecplan.com.es\/en\/wp-json\/wp\/v2\/product"}],"about":[{"href":"https:\/\/tecplan.com.es\/en\/wp-json\/wp\/v2\/types\/product"}],"replies":[{"embeddable":true,"href":"https:\/\/tecplan.com.es\/en\/wp-json\/wp\/v2\/comments?post=3438"}],"version-history":[{"count":2,"href":"https:\/\/tecplan.com.es\/en\/wp-json\/wp\/v2\/product\/3438\/revisions"}],"predecessor-version":[{"id":4874,"href":"https:\/\/tecplan.com.es\/en\/wp-json\/wp\/v2\/product\/3438\/revisions\/4874"}],"wp:featuredmedia":[{"embeddable":true,"href":"https:\/\/tecplan.com.es\/en\/wp-json\/wp\/v2\/media\/3426"}],"wp:attachment":[{"href":"https:\/\/tecplan.com.es\/en\/wp-json\/wp\/v2\/media?parent=3438"}],"wp:term":[{"taxonomy":"product_brand","embeddable":true,"href":"https:\/\/tecplan.com.es\/en\/wp-json\/wp\/v2\/product_brand?post=3438"},{"taxonomy":"product_cat","embeddable":true,"href":"https:\/\/tecplan.com.es\/en\/wp-json\/wp\/v2\/product_cat?post=3438"},{"taxonomy":"product_tag","embeddable":true,"href":"https:\/\/tecplan.com.es\/en\/wp-json\/wp\/v2\/product_tag?post=3438"}],"curies":[{"name":"wp","href":"https:\/\/api.w.org\/{rel}","templated":true}]}}