{"id":3437,"date":"2025-09-26T03:22:28","date_gmt":"2025-09-26T03:22:28","guid":{"rendered":"https:\/\/tecplan.com.es\/product\/access-point-uap-ac-pro-unifi-ac1750\/"},"modified":"2026-01-02T20:24:48","modified_gmt":"2026-01-02T20:24:48","slug":"access-point-uap-ac-pro-unifi-ac1750","status":"publish","type":"product","link":"https:\/\/tecplan.com.es\/en\/product\/access-point-uap-ac-pro-unifi-ac1750\/","title":{"rendered":"Access Point UAP-AC-PRO UniFi AC1750"},"content":{"rendered":"<p style=\"text-align: justify;\"><strong>Access Point UBIQUITI UAP- AC- PRO UniFi AC1750 Dual Band 802.11ac 1750 Mbps<\/strong><\/p>\n<p style=\"text-align: justify;\">El software UniFi Controller v5 es un potente motor de software inal\u00e1mbrico empresarial ideal para implementaciones de clientes de alta densidad que requieren baja latencia y alto rendimiento. Con sus capacidades basadas en software, el plano de control virtual UniFi permite una escalabilidad ilimitada bajo un controlador centralizado. Acceda de forma remota al Controlador UniFi para actualizar los AP UniFi implementados mientras est\u00e1 en el campo.<\/p>\n<p style=\"text-align: justify;\">El Ubiquiti UAP-AC-PRO es un Punto de acceso Wi-Fi 5 de doble banda compatible con el est\u00e1ndar 802.11ac, que ofrece una velocidad de datos m\u00e1xima combinada de 1750 Mbps (450 Mbps en la banda de 2,4 GHz y 1300 Mbps en la banda de 5 GHz).<\/p>\n<p style=\"text-align: justify;\">Cuenta con tecnolog\u00eda MIMO 3&#215;3 en ambas bandas para mejorar el rendimiento y la confiabilidad. El dispositivo est\u00e1 dise\u00f1ado para uso tanto en interiores como en exteriores, con un rango de temperatura de funcionamiento de -10\u00b0C a 70\u00b0C y una tolerancia a la humedad del 5-95% sin condensaci\u00f3n.<\/p>\n<p style=\"text-align: justify;\">Se alimenta a trav\u00e9s de 48 V PoE (802,3 af\/802,3at), con un consumo m\u00e1ximo de energ\u00eda de 9 W.<br \/>\nEl punto de acceso incluye dos puertos Gigabit Ethernet y viene con un kit de montaje para instalaci\u00f3n en pared o techo.<br \/>\nAdmite funciones de administraci\u00f3n avanzadas a trav\u00e9s del software UniFi Controller, incluido an\u00e1lisis espectral, direcci\u00f3n de banda, equidad en el tiempo de emisi\u00f3n y funcionalidad de portal\/punto de acceso para invitados.<\/p>\n<p style=\"text-align: justify;\">El dispositivo est\u00e1 disponible en unidades individuales o paquetes incluidos, incluidas opciones con un servicio de controlador en la nube alojado.<\/p>","protected":false},"excerpt":{"rendered":"<p style=\"text-align: justify;\">Bandas de radio de 5 y 2.4 GHz. 1$Tecnolog\u00eda Wi-Fi 802.11ac. 2$Ganancia de la antena (max): 3 dBi.<\/p>\n<p><img decoding=\"async\" class=\"wp-image-3330 aligncenter\" src=\"https:\/\/tecplan.com.es\/wp-content\/uploads\/2025\/09\/Ubiquiti_Networks-300x200.png\" alt=\"\" width=\"133\" height=\"126\" \/><\/p>","protected":false},"featured_media":3423,"comment_status":"open","ping_status":"closed","template":"","meta":{"site-sidebar-layout":"default","site-content-layout":"","ast-site-content-layout":"default","site-content-style":"default","site-sidebar-style":"default","ast-global-header-display":"","ast-banner-title-visibility":"","ast-main-header-display":"","ast-hfb-above-header-display":"","ast-hfb-below-header-display":"","ast-hfb-mobile-header-display":"","site-post-title":"","ast-breadcrumbs-content":"","ast-featured-img":"","footer-sml-layout":"","ast-disable-related-posts":"","theme-transparent-header-meta":"default","adv-header-id-meta":"","stick-header-meta":"","header-above-stick-meta":"","header-main-stick-meta":"","header-below-stick-meta":"","astra-migrate-meta-layouts":"set","ast-page-background-enabled":"default","ast-page-background-meta":{"desktop":{"background-color":"var(--ast-global-color-5)","background-image":"","background-repeat":"repeat","background-position":"center center","background-size":"auto","background-attachment":"scroll","background-type":"","background-media":"","overlay-type":"","overlay-color":"","overlay-opacity":"","overlay-gradient":""},"tablet":{"background-color":"","background-image":"","background-repeat":"repeat","background-position":"center center","background-size":"auto","background-attachment":"scroll","background-type":"","background-media":"","overlay-type":"","overlay-color":"","overlay-opacity":"","overlay-gradient":""},"mobile":{"background-color":"","background-image":"","background-repeat":"repeat","background-position":"center center","background-size":"auto","background-attachment":"scroll","background-type":"","background-media":"","overlay-type":"","overlay-color":"","overlay-opacity":"","overlay-gradient":""}},"ast-content-background-meta":{"desktop":{"background-color":"var(--ast-global-color-4)","background-image":"","background-repeat":"repeat","background-position":"center center","background-size":"auto","background-attachment":"scroll","background-type":"","background-media":"","overlay-type":"","overlay-color":"","overlay-opacity":"","overlay-gradient":""},"tablet":{"background-color":"var(--ast-global-color-4)","background-image":"","background-repeat":"repeat","background-position":"center center","background-size":"auto","background-attachment":"scroll","background-type":"","background-media":"","overlay-type":"","overlay-color":"","overlay-opacity":"","overlay-gradient":""},"mobile":{"background-color":"var(--ast-global-color-4)","background-image":"","background-repeat":"repeat","background-position":"center center","background-size":"auto","background-attachment":"scroll","background-type":"","background-media":"","overlay-type":"","overlay-color":"","overlay-opacity":"","overlay-gradient":""}}},"product_brand":[247],"product_cat":[114,96,111],"product_tag":[248],"class_list":{"0":"post-3437","1":"product","2":"type-product","3":"status-publish","4":"has-post-thumbnail","6":"product_brand-ubiquiti-networks","7":"product_cat-access-point","8":"product_cat-networking","9":"product_cat-ubiquiti","10":"product_tag-ubiquiti-networks","11":"desktop-align-left","12":"tablet-align-left","13":"mobile-align-left","15":"first","16":"instock","17":"shipping-taxable","18":"product-type-simple"},"yoast_head":"<!-- This site is optimized with the Yoast SEO plugin v25.3 - https:\/\/yoast.com\/wordpress\/plugins\/seo\/ -->\n<title>Access Point UAP-AC-PRO UniFi AC1750 - Tecplan<\/title>\n<meta name=\"robots\" content=\"index, follow, max-snippet:-1, max-image-preview:large, max-video-preview:-1\" \/>\n<link rel=\"canonical\" href=\"https:\/\/tecplan.com.es\/en\/product\/access-point-uap-ac-pro-unifi-ac1750\/\" \/>\n<meta property=\"og:locale\" content=\"en_US\" \/>\n<meta property=\"og:type\" content=\"article\" \/>\n<meta property=\"og:title\" content=\"Access Point UAP-AC-PRO UniFi AC1750 - Tecplan\" \/>\n<meta property=\"og:description\" content=\"Bandas de radio de 5 y 2.4 GHz. 1$Tecnolog\u00eda Wi-Fi 802.11ac. 2$Ganancia de la antena (max): 3 dBi.\" \/>\n<meta property=\"og:url\" content=\"https:\/\/tecplan.com.es\/en\/product\/access-point-uap-ac-pro-unifi-ac1750\/\" \/>\n<meta property=\"og:site_name\" content=\"Tecplan\" \/>\n<meta property=\"article:modified_time\" content=\"2026-01-02T20:24:48+00:00\" \/>\n<meta property=\"og:image\" content=\"https:\/\/tecplan.com.es\/wp-content\/uploads\/2025\/09\/AC-PRO-UniFi-AC1750-3.webp\" \/>\n\t<meta property=\"og:image:width\" content=\"960\" \/>\n\t<meta property=\"og:image:height\" content=\"960\" \/>\n\t<meta property=\"og:image:type\" content=\"image\/webp\" \/>\n<meta name=\"twitter:card\" content=\"summary_large_image\" \/>\n<meta name=\"twitter:label1\" content=\"Est. reading time\" \/>\n\t<meta name=\"twitter:data1\" content=\"2 minutes\" \/>\n<script type=\"application\/ld+json\" class=\"yoast-schema-graph\">{\"@context\":\"https:\/\/schema.org\",\"@graph\":[{\"@type\":\"WebPage\",\"@id\":\"https:\/\/tecplan.com.es\/product\/access-point-uap-ac-pro-unifi-ac1750\/\",\"url\":\"https:\/\/tecplan.com.es\/product\/access-point-uap-ac-pro-unifi-ac1750\/\",\"name\":\"Access Point UAP-AC-PRO UniFi AC1750 - Tecplan\",\"isPartOf\":{\"@id\":\"https:\/\/tecplan.com.es\/#website\"},\"primaryImageOfPage\":{\"@id\":\"https:\/\/tecplan.com.es\/product\/access-point-uap-ac-pro-unifi-ac1750\/#primaryimage\"},\"image\":{\"@id\":\"https:\/\/tecplan.com.es\/product\/access-point-uap-ac-pro-unifi-ac1750\/#primaryimage\"},\"thumbnailUrl\":\"https:\/\/tecplan.com.es\/wp-content\/uploads\/2025\/09\/AC-PRO-UniFi-AC1750-3.webp\",\"datePublished\":\"2025-09-26T03:22:28+00:00\",\"dateModified\":\"2026-01-02T20:24:48+00:00\",\"breadcrumb\":{\"@id\":\"https:\/\/tecplan.com.es\/product\/access-point-uap-ac-pro-unifi-ac1750\/#breadcrumb\"},\"inLanguage\":\"en-US\",\"potentialAction\":[{\"@type\":\"ReadAction\",\"target\":[\"https:\/\/tecplan.com.es\/product\/access-point-uap-ac-pro-unifi-ac1750\/\"]}]},{\"@type\":\"ImageObject\",\"inLanguage\":\"en-US\",\"@id\":\"https:\/\/tecplan.com.es\/product\/access-point-uap-ac-pro-unifi-ac1750\/#primaryimage\",\"url\":\"https:\/\/tecplan.com.es\/wp-content\/uploads\/2025\/09\/AC-PRO-UniFi-AC1750-3.webp\",\"contentUrl\":\"https:\/\/tecplan.com.es\/wp-content\/uploads\/2025\/09\/AC-PRO-UniFi-AC1750-3.webp\",\"width\":960,\"height\":960},{\"@type\":\"BreadcrumbList\",\"@id\":\"https:\/\/tecplan.com.es\/product\/access-point-uap-ac-pro-unifi-ac1750\/#breadcrumb\",\"itemListElement\":[{\"@type\":\"ListItem\",\"position\":1,\"name\":\"Home\",\"item\":\"https:\/\/tecplan.com.es\/\"},{\"@type\":\"ListItem\",\"position\":2,\"name\":\"Shop\",\"item\":\"https:\/\/tecplan.com.es\/shop\/\"},{\"@type\":\"ListItem\",\"position\":3,\"name\":\"Access Point UAP-AC-PRO UniFi AC1750\"}]},{\"@type\":\"WebSite\",\"@id\":\"https:\/\/tecplan.com.es\/#website\",\"url\":\"https:\/\/tecplan.com.es\/\",\"name\":\"Tecplan\",\"description\":\"\",\"potentialAction\":[{\"@type\":\"SearchAction\",\"target\":{\"@type\":\"EntryPoint\",\"urlTemplate\":\"https:\/\/tecplan.com.es\/?s={search_term_string}\"},\"query-input\":{\"@type\":\"PropertyValueSpecification\",\"valueRequired\":true,\"valueName\":\"search_term_string\"}}],\"inLanguage\":\"en-US\"}]}<\/script>\n<!-- \/ Yoast SEO plugin. -->","yoast_head_json":{"title":"Access Point UAP-AC-PRO UniFi AC1750 - Tecplan","robots":{"index":"index","follow":"follow","max-snippet":"max-snippet:-1","max-image-preview":"max-image-preview:large","max-video-preview":"max-video-preview:-1"},"canonical":"https:\/\/tecplan.com.es\/en\/product\/access-point-uap-ac-pro-unifi-ac1750\/","og_locale":"en_US","og_type":"article","og_title":"Access Point UAP-AC-PRO UniFi AC1750 - Tecplan","og_description":"Bandas de radio de 5 y 2.4 GHz. 1$Tecnolog\u00eda Wi-Fi 802.11ac. 2$Ganancia de la antena (max): 3 dBi.","og_url":"https:\/\/tecplan.com.es\/en\/product\/access-point-uap-ac-pro-unifi-ac1750\/","og_site_name":"Tecplan","article_modified_time":"2026-01-02T20:24:48+00:00","og_image":[{"width":960,"height":960,"url":"https:\/\/tecplan.com.es\/wp-content\/uploads\/2025\/09\/AC-PRO-UniFi-AC1750-3.webp","type":"image\/webp"}],"twitter_card":"summary_large_image","twitter_misc":{"Est. reading time":"2 minutes"},"schema":{"@context":"https:\/\/schema.org","@graph":[{"@type":"WebPage","@id":"https:\/\/tecplan.com.es\/product\/access-point-uap-ac-pro-unifi-ac1750\/","url":"https:\/\/tecplan.com.es\/product\/access-point-uap-ac-pro-unifi-ac1750\/","name":"Access Point UAP-AC-PRO UniFi AC1750 - Tecplan","isPartOf":{"@id":"https:\/\/tecplan.com.es\/#website"},"primaryImageOfPage":{"@id":"https:\/\/tecplan.com.es\/product\/access-point-uap-ac-pro-unifi-ac1750\/#primaryimage"},"image":{"@id":"https:\/\/tecplan.com.es\/product\/access-point-uap-ac-pro-unifi-ac1750\/#primaryimage"},"thumbnailUrl":"https:\/\/tecplan.com.es\/wp-content\/uploads\/2025\/09\/AC-PRO-UniFi-AC1750-3.webp","datePublished":"2025-09-26T03:22:28+00:00","dateModified":"2026-01-02T20:24:48+00:00","breadcrumb":{"@id":"https:\/\/tecplan.com.es\/product\/access-point-uap-ac-pro-unifi-ac1750\/#breadcrumb"},"inLanguage":"en-US","potentialAction":[{"@type":"ReadAction","target":["https:\/\/tecplan.com.es\/product\/access-point-uap-ac-pro-unifi-ac1750\/"]}]},{"@type":"ImageObject","inLanguage":"en-US","@id":"https:\/\/tecplan.com.es\/product\/access-point-uap-ac-pro-unifi-ac1750\/#primaryimage","url":"https:\/\/tecplan.com.es\/wp-content\/uploads\/2025\/09\/AC-PRO-UniFi-AC1750-3.webp","contentUrl":"https:\/\/tecplan.com.es\/wp-content\/uploads\/2025\/09\/AC-PRO-UniFi-AC1750-3.webp","width":960,"height":960},{"@type":"BreadcrumbList","@id":"https:\/\/tecplan.com.es\/product\/access-point-uap-ac-pro-unifi-ac1750\/#breadcrumb","itemListElement":[{"@type":"ListItem","position":1,"name":"Home","item":"https:\/\/tecplan.com.es\/"},{"@type":"ListItem","position":2,"name":"Shop","item":"https:\/\/tecplan.com.es\/shop\/"},{"@type":"ListItem","position":3,"name":"Access Point UAP-AC-PRO UniFi AC1750"}]},{"@type":"WebSite","@id":"https:\/\/tecplan.com.es\/#website","url":"https:\/\/tecplan.com.es\/","name":"Tecplan","description":"","potentialAction":[{"@type":"SearchAction","target":{"@type":"EntryPoint","urlTemplate":"https:\/\/tecplan.com.es\/?s={search_term_string}"},"query-input":{"@type":"PropertyValueSpecification","valueRequired":true,"valueName":"search_term_string"}}],"inLanguage":"en-US"}]}},"_links":{"self":[{"href":"https:\/\/tecplan.com.es\/en\/wp-json\/wp\/v2\/product\/3437","targetHints":{"allow":["GET"]}}],"collection":[{"href":"https:\/\/tecplan.com.es\/en\/wp-json\/wp\/v2\/product"}],"about":[{"href":"https:\/\/tecplan.com.es\/en\/wp-json\/wp\/v2\/types\/product"}],"replies":[{"embeddable":true,"href":"https:\/\/tecplan.com.es\/en\/wp-json\/wp\/v2\/comments?post=3437"}],"version-history":[{"count":2,"href":"https:\/\/tecplan.com.es\/en\/wp-json\/wp\/v2\/product\/3437\/revisions"}],"predecessor-version":[{"id":4878,"href":"https:\/\/tecplan.com.es\/en\/wp-json\/wp\/v2\/product\/3437\/revisions\/4878"}],"wp:featuredmedia":[{"embeddable":true,"href":"https:\/\/tecplan.com.es\/en\/wp-json\/wp\/v2\/media\/3423"}],"wp:attachment":[{"href":"https:\/\/tecplan.com.es\/en\/wp-json\/wp\/v2\/media?parent=3437"}],"wp:term":[{"taxonomy":"product_brand","embeddable":true,"href":"https:\/\/tecplan.com.es\/en\/wp-json\/wp\/v2\/product_brand?post=3437"},{"taxonomy":"product_cat","embeddable":true,"href":"https:\/\/tecplan.com.es\/en\/wp-json\/wp\/v2\/product_cat?post=3437"},{"taxonomy":"product_tag","embeddable":true,"href":"https:\/\/tecplan.com.es\/en\/wp-json\/wp\/v2\/product_tag?post=3437"}],"curies":[{"name":"wp","href":"https:\/\/api.w.org\/{rel}","templated":true}]}}