{"id":3436,"date":"2025-09-26T03:22:26","date_gmt":"2025-09-26T03:22:26","guid":{"rendered":"https:\/\/tecplan.com.es\/product\/antena-networks-450-mbps-lbe-5ac-gen2\/"},"modified":"2026-01-02T20:54:35","modified_gmt":"2026-01-02T20:54:35","slug":"antena-networks-450-mbps-lbe-5ac-gen2","status":"publish","type":"product","link":"https:\/\/tecplan.com.es\/en\/product\/antena-networks-450-mbps-lbe-5ac-gen2\/","title":{"rendered":"Antena Networks 450 Mbps LBE-5AC-GEN2"},"content":{"rendered":"<p style=\"text-align: justify;\"><strong>Antena Ubiquiti Networks Antena UBIQUITI 23 dBi 450 Mbps LBE-5AC-GEN2<\/strong><\/p>\n<p style=\"text-align: justify;\">El LiteBeam\u00ae AC integra un radio Wi-Fi separado para una configuraci\u00f3n r\u00e1pida y f\u00e1cil usando un dispositivo m\u00f3vil. Con una protecci\u00f3n mejorada contra los eventos ESD, el LiteBeam\u00ae AC ofrece un montaje m\u00e1s robusto con ajustes separados de azimut y elevaci\u00f3n.<\/p>\n<p style=\"text-align: justify;\">airOS\u00ae8 ofrece funciones potentes, que incluyen compatibilidad con el protocolo airMAX\u00ae AC, an\u00e1lisis de RF en tiempo real y un dise\u00f1o completamente nuevo para una mejor usabilidad. El LiteBeam\u00ae AC integra un radio Wi-Fi separado para una configuraci\u00f3n r\u00e1pida y f\u00e1cil usando un dispositivo m\u00f3vil.<\/p>\n<p style=\"text-align: justify;\">Con una protecci\u00f3n mejorada contra los eventos ESD, el LiteBeam\u00ae AC ofrece un montaje m\u00e1s robusto con ajustes separados de azimut y elevaci\u00f3n. airOS\u00ae8 ofrece funciones potentes, que incluyen compatibilidad con el protocolo airMAX\u00ae AC, an\u00e1lisis de RF en tiempo real y un dise\u00f1o completamente nuevo para una mejor usabilidad.<\/p>","protected":false},"excerpt":{"rendered":"<p><strong>Especificaciones T\u00e9cnicas<\/strong><\/p>\n<ul>\n<li>Antena<\/li>\n<li>Tama\u00f1o compacto, peso ligero<\/li>\n<li>Dise\u00f1o industrial revolucionario<\/li>\n<li>Antena 2\u00d72 MIMO direccional de alta ganancia<\/li>\n<li>Ahora con airOS \u00ae 8 y airView \u00ae<\/li>\n<li>Gesti\u00f3n de radio Wi-Fi<\/li>\n<\/ul>\n<p><img decoding=\"async\" class=\"wp-image-3330 aligncenter\" src=\"https:\/\/tecplan.com.es\/wp-content\/uploads\/2025\/09\/Ubiquiti_Networks-300x200.png\" alt=\"\" width=\"185\" height=\"87\" \/><\/p>","protected":false},"featured_media":3422,"comment_status":"open","ping_status":"closed","template":"","meta":{"site-sidebar-layout":"default","site-content-layout":"","ast-site-content-layout":"default","site-content-style":"default","site-sidebar-style":"default","ast-global-header-display":"","ast-banner-title-visibility":"","ast-main-header-display":"","ast-hfb-above-header-display":"","ast-hfb-below-header-display":"","ast-hfb-mobile-header-display":"","site-post-title":"","ast-breadcrumbs-content":"","ast-featured-img":"","footer-sml-layout":"","ast-disable-related-posts":"","theme-transparent-header-meta":"default","adv-header-id-meta":"","stick-header-meta":"","header-above-stick-meta":"","header-main-stick-meta":"","header-below-stick-meta":"","astra-migrate-meta-layouts":"set","ast-page-background-enabled":"default","ast-page-background-meta":{"desktop":{"background-color":"var(--ast-global-color-5)","background-image":"","background-repeat":"repeat","background-position":"center center","background-size":"auto","background-attachment":"scroll","background-type":"","background-media":"","overlay-type":"","overlay-color":"","overlay-opacity":"","overlay-gradient":""},"tablet":{"background-color":"","background-image":"","background-repeat":"repeat","background-position":"center center","background-size":"auto","background-attachment":"scroll","background-type":"","background-media":"","overlay-type":"","overlay-color":"","overlay-opacity":"","overlay-gradient":""},"mobile":{"background-color":"","background-image":"","background-repeat":"repeat","background-position":"center center","background-size":"auto","background-attachment":"scroll","background-type":"","background-media":"","overlay-type":"","overlay-color":"","overlay-opacity":"","overlay-gradient":""}},"ast-content-background-meta":{"desktop":{"background-color":"var(--ast-global-color-4)","background-image":"","background-repeat":"repeat","background-position":"center center","background-size":"auto","background-attachment":"scroll","background-type":"","background-media":"","overlay-type":"","overlay-color":"","overlay-opacity":"","overlay-gradient":""},"tablet":{"background-color":"var(--ast-global-color-4)","background-image":"","background-repeat":"repeat","background-position":"center center","background-size":"auto","background-attachment":"scroll","background-type":"","background-media":"","overlay-type":"","overlay-color":"","overlay-opacity":"","overlay-gradient":""},"mobile":{"background-color":"var(--ast-global-color-4)","background-image":"","background-repeat":"repeat","background-position":"center center","background-size":"auto","background-attachment":"scroll","background-type":"","background-media":"","overlay-type":"","overlay-color":"","overlay-opacity":"","overlay-gradient":""}}},"product_brand":[247],"product_cat":[96,111],"product_tag":[248],"class_list":{"0":"post-3436","1":"product","2":"type-product","3":"status-publish","4":"has-post-thumbnail","6":"product_brand-ubiquiti-networks","7":"product_cat-networking","8":"product_cat-ubiquiti","9":"product_tag-ubiquiti-networks","10":"desktop-align-left","11":"tablet-align-left","12":"mobile-align-left","14":"first","15":"instock","16":"shipping-taxable","17":"product-type-simple"},"yoast_head":"<!-- This site is optimized with the Yoast SEO plugin v25.3 - https:\/\/yoast.com\/wordpress\/plugins\/seo\/ -->\n<title>Antena Networks 450 Mbps LBE-5AC-GEN2 - Tecplan<\/title>\n<meta name=\"robots\" content=\"index, follow, max-snippet:-1, max-image-preview:large, max-video-preview:-1\" \/>\n<link rel=\"canonical\" href=\"https:\/\/tecplan.com.es\/en\/product\/antena-networks-450-mbps-lbe-5ac-gen2\/\" \/>\n<meta property=\"og:locale\" content=\"en_US\" \/>\n<meta property=\"og:type\" content=\"article\" \/>\n<meta property=\"og:title\" content=\"Antena Networks 450 Mbps LBE-5AC-GEN2 - Tecplan\" \/>\n<meta property=\"og:description\" content=\"Especificaciones T\u00e9cnicas   Antena  Tama\u00f1o compacto, peso ligero  Dise\u00f1o industrial revolucionario  Antena 2\u00d72 MIMO direccional de alta ganancia  Ahora con airOS \u00ae 8 y airView \u00ae  Gesti\u00f3n de radio Wi-Fi\" \/>\n<meta property=\"og:url\" content=\"https:\/\/tecplan.com.es\/en\/product\/antena-networks-450-mbps-lbe-5ac-gen2\/\" \/>\n<meta property=\"og:site_name\" content=\"Tecplan\" \/>\n<meta property=\"article:modified_time\" content=\"2026-01-02T20:54:35+00:00\" \/>\n<meta property=\"og:image\" content=\"https:\/\/tecplan.com.es\/wp-content\/uploads\/2025\/09\/LBE-5AC-2.webp\" \/>\n\t<meta property=\"og:image:width\" content=\"960\" \/>\n\t<meta property=\"og:image:height\" content=\"960\" \/>\n\t<meta property=\"og:image:type\" content=\"image\/webp\" \/>\n<meta name=\"twitter:card\" content=\"summary_large_image\" \/>\n<meta name=\"twitter:label1\" content=\"Est. reading time\" \/>\n\t<meta name=\"twitter:data1\" content=\"1 minute\" \/>\n<script type=\"application\/ld+json\" class=\"yoast-schema-graph\">{\"@context\":\"https:\/\/schema.org\",\"@graph\":[{\"@type\":\"WebPage\",\"@id\":\"https:\/\/tecplan.com.es\/product\/antena-networks-450-mbps-lbe-5ac-gen2\/\",\"url\":\"https:\/\/tecplan.com.es\/product\/antena-networks-450-mbps-lbe-5ac-gen2\/\",\"name\":\"Antena Networks 450 Mbps LBE-5AC-GEN2 - Tecplan\",\"isPartOf\":{\"@id\":\"https:\/\/tecplan.com.es\/#website\"},\"primaryImageOfPage\":{\"@id\":\"https:\/\/tecplan.com.es\/product\/antena-networks-450-mbps-lbe-5ac-gen2\/#primaryimage\"},\"image\":{\"@id\":\"https:\/\/tecplan.com.es\/product\/antena-networks-450-mbps-lbe-5ac-gen2\/#primaryimage\"},\"thumbnailUrl\":\"https:\/\/tecplan.com.es\/wp-content\/uploads\/2025\/09\/LBE-5AC-2.webp\",\"datePublished\":\"2025-09-26T03:22:26+00:00\",\"dateModified\":\"2026-01-02T20:54:35+00:00\",\"breadcrumb\":{\"@id\":\"https:\/\/tecplan.com.es\/product\/antena-networks-450-mbps-lbe-5ac-gen2\/#breadcrumb\"},\"inLanguage\":\"en-US\",\"potentialAction\":[{\"@type\":\"ReadAction\",\"target\":[\"https:\/\/tecplan.com.es\/product\/antena-networks-450-mbps-lbe-5ac-gen2\/\"]}]},{\"@type\":\"ImageObject\",\"inLanguage\":\"en-US\",\"@id\":\"https:\/\/tecplan.com.es\/product\/antena-networks-450-mbps-lbe-5ac-gen2\/#primaryimage\",\"url\":\"https:\/\/tecplan.com.es\/wp-content\/uploads\/2025\/09\/LBE-5AC-2.webp\",\"contentUrl\":\"https:\/\/tecplan.com.es\/wp-content\/uploads\/2025\/09\/LBE-5AC-2.webp\",\"width\":960,\"height\":960},{\"@type\":\"BreadcrumbList\",\"@id\":\"https:\/\/tecplan.com.es\/product\/antena-networks-450-mbps-lbe-5ac-gen2\/#breadcrumb\",\"itemListElement\":[{\"@type\":\"ListItem\",\"position\":1,\"name\":\"Home\",\"item\":\"https:\/\/tecplan.com.es\/\"},{\"@type\":\"ListItem\",\"position\":2,\"name\":\"Shop\",\"item\":\"https:\/\/tecplan.com.es\/shop\/\"},{\"@type\":\"ListItem\",\"position\":3,\"name\":\"Antena Networks 450 Mbps LBE-5AC-GEN2\"}]},{\"@type\":\"WebSite\",\"@id\":\"https:\/\/tecplan.com.es\/#website\",\"url\":\"https:\/\/tecplan.com.es\/\",\"name\":\"Tecplan\",\"description\":\"\",\"potentialAction\":[{\"@type\":\"SearchAction\",\"target\":{\"@type\":\"EntryPoint\",\"urlTemplate\":\"https:\/\/tecplan.com.es\/?s={search_term_string}\"},\"query-input\":{\"@type\":\"PropertyValueSpecification\",\"valueRequired\":true,\"valueName\":\"search_term_string\"}}],\"inLanguage\":\"en-US\"}]}<\/script>\n<!-- \/ Yoast SEO plugin. -->","yoast_head_json":{"title":"Antena Networks 450 Mbps LBE-5AC-GEN2 - Tecplan","robots":{"index":"index","follow":"follow","max-snippet":"max-snippet:-1","max-image-preview":"max-image-preview:large","max-video-preview":"max-video-preview:-1"},"canonical":"https:\/\/tecplan.com.es\/en\/product\/antena-networks-450-mbps-lbe-5ac-gen2\/","og_locale":"en_US","og_type":"article","og_title":"Antena Networks 450 Mbps LBE-5AC-GEN2 - Tecplan","og_description":"Especificaciones T\u00e9cnicas   Antena  Tama\u00f1o compacto, peso ligero  Dise\u00f1o industrial revolucionario  Antena 2\u00d72 MIMO direccional de alta ganancia  Ahora con airOS \u00ae 8 y airView \u00ae  Gesti\u00f3n de radio Wi-Fi","og_url":"https:\/\/tecplan.com.es\/en\/product\/antena-networks-450-mbps-lbe-5ac-gen2\/","og_site_name":"Tecplan","article_modified_time":"2026-01-02T20:54:35+00:00","og_image":[{"width":960,"height":960,"url":"https:\/\/tecplan.com.es\/wp-content\/uploads\/2025\/09\/LBE-5AC-2.webp","type":"image\/webp"}],"twitter_card":"summary_large_image","twitter_misc":{"Est. reading time":"1 minute"},"schema":{"@context":"https:\/\/schema.org","@graph":[{"@type":"WebPage","@id":"https:\/\/tecplan.com.es\/product\/antena-networks-450-mbps-lbe-5ac-gen2\/","url":"https:\/\/tecplan.com.es\/product\/antena-networks-450-mbps-lbe-5ac-gen2\/","name":"Antena Networks 450 Mbps LBE-5AC-GEN2 - Tecplan","isPartOf":{"@id":"https:\/\/tecplan.com.es\/#website"},"primaryImageOfPage":{"@id":"https:\/\/tecplan.com.es\/product\/antena-networks-450-mbps-lbe-5ac-gen2\/#primaryimage"},"image":{"@id":"https:\/\/tecplan.com.es\/product\/antena-networks-450-mbps-lbe-5ac-gen2\/#primaryimage"},"thumbnailUrl":"https:\/\/tecplan.com.es\/wp-content\/uploads\/2025\/09\/LBE-5AC-2.webp","datePublished":"2025-09-26T03:22:26+00:00","dateModified":"2026-01-02T20:54:35+00:00","breadcrumb":{"@id":"https:\/\/tecplan.com.es\/product\/antena-networks-450-mbps-lbe-5ac-gen2\/#breadcrumb"},"inLanguage":"en-US","potentialAction":[{"@type":"ReadAction","target":["https:\/\/tecplan.com.es\/product\/antena-networks-450-mbps-lbe-5ac-gen2\/"]}]},{"@type":"ImageObject","inLanguage":"en-US","@id":"https:\/\/tecplan.com.es\/product\/antena-networks-450-mbps-lbe-5ac-gen2\/#primaryimage","url":"https:\/\/tecplan.com.es\/wp-content\/uploads\/2025\/09\/LBE-5AC-2.webp","contentUrl":"https:\/\/tecplan.com.es\/wp-content\/uploads\/2025\/09\/LBE-5AC-2.webp","width":960,"height":960},{"@type":"BreadcrumbList","@id":"https:\/\/tecplan.com.es\/product\/antena-networks-450-mbps-lbe-5ac-gen2\/#breadcrumb","itemListElement":[{"@type":"ListItem","position":1,"name":"Home","item":"https:\/\/tecplan.com.es\/"},{"@type":"ListItem","position":2,"name":"Shop","item":"https:\/\/tecplan.com.es\/shop\/"},{"@type":"ListItem","position":3,"name":"Antena Networks 450 Mbps LBE-5AC-GEN2"}]},{"@type":"WebSite","@id":"https:\/\/tecplan.com.es\/#website","url":"https:\/\/tecplan.com.es\/","name":"Tecplan","description":"","potentialAction":[{"@type":"SearchAction","target":{"@type":"EntryPoint","urlTemplate":"https:\/\/tecplan.com.es\/?s={search_term_string}"},"query-input":{"@type":"PropertyValueSpecification","valueRequired":true,"valueName":"search_term_string"}}],"inLanguage":"en-US"}]}},"_links":{"self":[{"href":"https:\/\/tecplan.com.es\/en\/wp-json\/wp\/v2\/product\/3436","targetHints":{"allow":["GET"]}}],"collection":[{"href":"https:\/\/tecplan.com.es\/en\/wp-json\/wp\/v2\/product"}],"about":[{"href":"https:\/\/tecplan.com.es\/en\/wp-json\/wp\/v2\/types\/product"}],"replies":[{"embeddable":true,"href":"https:\/\/tecplan.com.es\/en\/wp-json\/wp\/v2\/comments?post=3436"}],"version-history":[{"count":2,"href":"https:\/\/tecplan.com.es\/en\/wp-json\/wp\/v2\/product\/3436\/revisions"}],"predecessor-version":[{"id":4886,"href":"https:\/\/tecplan.com.es\/en\/wp-json\/wp\/v2\/product\/3436\/revisions\/4886"}],"wp:featuredmedia":[{"embeddable":true,"href":"https:\/\/tecplan.com.es\/en\/wp-json\/wp\/v2\/media\/3422"}],"wp:attachment":[{"href":"https:\/\/tecplan.com.es\/en\/wp-json\/wp\/v2\/media?parent=3436"}],"wp:term":[{"taxonomy":"product_brand","embeddable":true,"href":"https:\/\/tecplan.com.es\/en\/wp-json\/wp\/v2\/product_brand?post=3436"},{"taxonomy":"product_cat","embeddable":true,"href":"https:\/\/tecplan.com.es\/en\/wp-json\/wp\/v2\/product_cat?post=3436"},{"taxonomy":"product_tag","embeddable":true,"href":"https:\/\/tecplan.com.es\/en\/wp-json\/wp\/v2\/product_tag?post=3436"}],"curies":[{"name":"wp","href":"https:\/\/api.w.org\/{rel}","templated":true}]}}