{"id":3434,"date":"2025-09-26T03:22:26","date_gmt":"2025-09-26T03:22:26","guid":{"rendered":"https:\/\/tecplan.com.es\/product\/antena-cpe-ubiquiti-ns-5acl-5ghz\/"},"modified":"2026-01-02T20:45:58","modified_gmt":"2026-01-02T20:45:58","slug":"antena-cpe-ubiquiti-ns-5acl-5ghz","status":"publish","type":"product","link":"https:\/\/tecplan.com.es\/en\/product\/antena-cpe-ubiquiti-ns-5acl-5ghz\/","title":{"rendered":"Antena CPE UBIQUITI NS-5ACL  5Ghz"},"content":{"rendered":"<p style=\"text-align: justify;\">La NanoStation AC proporciona un puerto Ethernet secundario con PoE habilitado por software. Use este puerto para alimentar convenientemente un dispositivo externo, como una c\u00e1mara de SEGURIDAD POE, PARA UNA PERFECTA INTEGRACI\u00d3N DE VIDEO IP.<\/p>\n<p style=\"text-align: justify;\">La Ubiquiti NS-5ACL NanoStation 5GHz CPE es una unidad exterior compacta y de alto rendimiento dise\u00f1ada para conectividad inal\u00e1mbrica punto a punto (PtP) y punto a multipunto (PtMP), que opera en la banda de frecuencia de 5 GHz con tecnolog\u00eda 802.11ac para lograr un rendimiento TCP\/IP real de hasta 450 Mbps.<\/p>\n<p style=\"text-align: justify;\">Cuenta con una antena integrada de 13 dBi con un ancho de haz de 45\u00b0 tanto en el plano horizontal como en el vertical, lo que permite un alcance de hasta 10 km, aunque algunas fuentes citan un alcance potencial de hasta 15 km en condiciones \u00f3ptimas.<\/p>\n<p style=\"text-align: justify;\">El dispositivo utiliza el protocolo airMAX\u00ae AC de Ubiquiti basado en TDMA (acceso m\u00faltiple por divisi\u00f3n de tiempo) para reducir la latencia, mejorar la inmunidad al ruido y mejorar la escalabilidad y el rendimiento en comparaci\u00f3n con los protocolos Wi-Fi est\u00e1ndar.<\/p>\n<h5 style=\"text-align: justify;\"><span style=\"text-decoration: underline;\"><strong>DOWNLOADS<\/strong><\/span><\/h5>\n<ul style=\"text-align: justify;\">\n<li>\u2192\u00a0 <a href=\"https:\/\/drive.google.com\/file\/d\/1UPVxAhRbDeDhcpemdUzSoV25foTQvb5u\/view?usp=sharing\">Technical sheet<\/a><\/li>\n<\/ul>","protected":false},"excerpt":{"rendered":"<p style=\"text-align: justify;\"><strong>Antena CPE UBIQUITI NS-5ACL NanoStation 5Ghz 13dBi 802.11ac 15Km 450Mbps<\/strong><\/p>\n<ul>\n<li style=\"text-align: justify;\">Ganancia: 13 dBi. 1<\/li>\n<li style=\"text-align: justify;\">Interfaz de red: puerto Ethernet 10\/100\/1000 Mbps. 2<\/li>\n<li style=\"text-align: justify;\">Especificaciones del procesador: Atheros MIPS 74Kc, 560 MHz.<\/li>\n<\/ul>\n<p><img decoding=\"async\" class=\"wp-image-2370 aligncenter\" src=\"https:\/\/tecplan.com.es\/wp-content\/uploads\/2025\/07\/Ubiquiti_Networks-300x200.png\" alt=\"\" width=\"180\" height=\"144\" \/><\/p>\n<p>&nbsp;<\/p>","protected":false},"featured_media":3417,"comment_status":"open","ping_status":"closed","template":"","meta":{"site-sidebar-layout":"default","site-content-layout":"","ast-site-content-layout":"default","site-content-style":"default","site-sidebar-style":"default","ast-global-header-display":"","ast-banner-title-visibility":"","ast-main-header-display":"","ast-hfb-above-header-display":"","ast-hfb-below-header-display":"","ast-hfb-mobile-header-display":"","site-post-title":"","ast-breadcrumbs-content":"","ast-featured-img":"","footer-sml-layout":"","ast-disable-related-posts":"","theme-transparent-header-meta":"default","adv-header-id-meta":"","stick-header-meta":"","header-above-stick-meta":"","header-main-stick-meta":"","header-below-stick-meta":"","astra-migrate-meta-layouts":"set","ast-page-background-enabled":"default","ast-page-background-meta":{"desktop":{"background-color":"var(--ast-global-color-5)","background-image":"","background-repeat":"repeat","background-position":"center center","background-size":"auto","background-attachment":"scroll","background-type":"","background-media":"","overlay-type":"","overlay-color":"","overlay-opacity":"","overlay-gradient":""},"tablet":{"background-color":"","background-image":"","background-repeat":"repeat","background-position":"center center","background-size":"auto","background-attachment":"scroll","background-type":"","background-media":"","overlay-type":"","overlay-color":"","overlay-opacity":"","overlay-gradient":""},"mobile":{"background-color":"","background-image":"","background-repeat":"repeat","background-position":"center center","background-size":"auto","background-attachment":"scroll","background-type":"","background-media":"","overlay-type":"","overlay-color":"","overlay-opacity":"","overlay-gradient":""}},"ast-content-background-meta":{"desktop":{"background-color":"var(--ast-global-color-4)","background-image":"","background-repeat":"repeat","background-position":"center center","background-size":"auto","background-attachment":"scroll","background-type":"","background-media":"","overlay-type":"","overlay-color":"","overlay-opacity":"","overlay-gradient":""},"tablet":{"background-color":"var(--ast-global-color-4)","background-image":"","background-repeat":"repeat","background-position":"center center","background-size":"auto","background-attachment":"scroll","background-type":"","background-media":"","overlay-type":"","overlay-color":"","overlay-opacity":"","overlay-gradient":""},"mobile":{"background-color":"var(--ast-global-color-4)","background-image":"","background-repeat":"repeat","background-position":"center center","background-size":"auto","background-attachment":"scroll","background-type":"","background-media":"","overlay-type":"","overlay-color":"","overlay-opacity":"","overlay-gradient":""}}},"product_brand":[247],"product_cat":[127,125,96],"product_tag":[248],"class_list":{"0":"post-3434","1":"product","2":"type-product","3":"status-publish","4":"has-post-thumbnail","6":"product_brand-ubiquiti-networks","7":"product_cat-cpe","8":"product_cat-mikrotik","9":"product_cat-networking","10":"product_tag-ubiquiti-networks","11":"desktop-align-left","12":"tablet-align-left","13":"mobile-align-left","15":"first","16":"instock","17":"shipping-taxable","18":"product-type-simple"},"yoast_head":"<!-- This site is optimized with the Yoast SEO plugin v25.3 - https:\/\/yoast.com\/wordpress\/plugins\/seo\/ -->\n<title>Antena CPE UBIQUITI NS-5ACL 5Ghz - Tecplan<\/title>\n<meta name=\"robots\" content=\"index, follow, max-snippet:-1, max-image-preview:large, max-video-preview:-1\" \/>\n<link rel=\"canonical\" href=\"https:\/\/tecplan.com.es\/en\/product\/antena-cpe-ubiquiti-ns-5acl-5ghz\/\" \/>\n<meta property=\"og:locale\" content=\"en_US\" \/>\n<meta property=\"og:type\" content=\"article\" \/>\n<meta property=\"og:title\" content=\"Antena CPE UBIQUITI NS-5ACL 5Ghz - Tecplan\" \/>\n<meta property=\"og:description\" content=\"Antena CPE UBIQUITI NS-5ACL NanoStation 5Ghz 13dBi 802.11ac 15Km 450Mbps    Ganancia: 13 dBi. 1  Interfaz de red: puerto Ethernet 10\/100\/1000 Mbps. 2  Especificaciones del procesador: Atheros MIPS 74Kc, 560 MHz.    &nbsp;\" \/>\n<meta property=\"og:url\" content=\"https:\/\/tecplan.com.es\/en\/product\/antena-cpe-ubiquiti-ns-5acl-5ghz\/\" \/>\n<meta property=\"og:site_name\" content=\"Tecplan\" \/>\n<meta property=\"article:modified_time\" content=\"2026-01-02T20:45:58+00:00\" \/>\n<meta property=\"og:image\" content=\"https:\/\/tecplan.com.es\/wp-content\/uploads\/2025\/09\/NS-5ACL-3.webp\" \/>\n\t<meta property=\"og:image:width\" content=\"960\" \/>\n\t<meta property=\"og:image:height\" content=\"960\" \/>\n\t<meta property=\"og:image:type\" content=\"image\/webp\" \/>\n<meta name=\"twitter:card\" content=\"summary_large_image\" \/>\n<meta name=\"twitter:label1\" content=\"Est. reading time\" \/>\n\t<meta name=\"twitter:data1\" content=\"2 minutes\" \/>\n<script type=\"application\/ld+json\" class=\"yoast-schema-graph\">{\"@context\":\"https:\/\/schema.org\",\"@graph\":[{\"@type\":\"WebPage\",\"@id\":\"https:\/\/tecplan.com.es\/product\/antena-cpe-ubiquiti-ns-5acl-5ghz\/\",\"url\":\"https:\/\/tecplan.com.es\/product\/antena-cpe-ubiquiti-ns-5acl-5ghz\/\",\"name\":\"Antena CPE UBIQUITI NS-5ACL 5Ghz - Tecplan\",\"isPartOf\":{\"@id\":\"https:\/\/tecplan.com.es\/#website\"},\"primaryImageOfPage\":{\"@id\":\"https:\/\/tecplan.com.es\/product\/antena-cpe-ubiquiti-ns-5acl-5ghz\/#primaryimage\"},\"image\":{\"@id\":\"https:\/\/tecplan.com.es\/product\/antena-cpe-ubiquiti-ns-5acl-5ghz\/#primaryimage\"},\"thumbnailUrl\":\"https:\/\/tecplan.com.es\/wp-content\/uploads\/2025\/09\/NS-5ACL-3.webp\",\"datePublished\":\"2025-09-26T03:22:26+00:00\",\"dateModified\":\"2026-01-02T20:45:58+00:00\",\"breadcrumb\":{\"@id\":\"https:\/\/tecplan.com.es\/product\/antena-cpe-ubiquiti-ns-5acl-5ghz\/#breadcrumb\"},\"inLanguage\":\"en-US\",\"potentialAction\":[{\"@type\":\"ReadAction\",\"target\":[\"https:\/\/tecplan.com.es\/product\/antena-cpe-ubiquiti-ns-5acl-5ghz\/\"]}]},{\"@type\":\"ImageObject\",\"inLanguage\":\"en-US\",\"@id\":\"https:\/\/tecplan.com.es\/product\/antena-cpe-ubiquiti-ns-5acl-5ghz\/#primaryimage\",\"url\":\"https:\/\/tecplan.com.es\/wp-content\/uploads\/2025\/09\/NS-5ACL-3.webp\",\"contentUrl\":\"https:\/\/tecplan.com.es\/wp-content\/uploads\/2025\/09\/NS-5ACL-3.webp\",\"width\":960,\"height\":960},{\"@type\":\"BreadcrumbList\",\"@id\":\"https:\/\/tecplan.com.es\/product\/antena-cpe-ubiquiti-ns-5acl-5ghz\/#breadcrumb\",\"itemListElement\":[{\"@type\":\"ListItem\",\"position\":1,\"name\":\"Home\",\"item\":\"https:\/\/tecplan.com.es\/\"},{\"@type\":\"ListItem\",\"position\":2,\"name\":\"Shop\",\"item\":\"https:\/\/tecplan.com.es\/shop\/\"},{\"@type\":\"ListItem\",\"position\":3,\"name\":\"Antena CPE UBIQUITI NS-5ACL 5Ghz\"}]},{\"@type\":\"WebSite\",\"@id\":\"https:\/\/tecplan.com.es\/#website\",\"url\":\"https:\/\/tecplan.com.es\/\",\"name\":\"Tecplan\",\"description\":\"\",\"potentialAction\":[{\"@type\":\"SearchAction\",\"target\":{\"@type\":\"EntryPoint\",\"urlTemplate\":\"https:\/\/tecplan.com.es\/?s={search_term_string}\"},\"query-input\":{\"@type\":\"PropertyValueSpecification\",\"valueRequired\":true,\"valueName\":\"search_term_string\"}}],\"inLanguage\":\"en-US\"}]}<\/script>\n<!-- \/ Yoast SEO plugin. -->","yoast_head_json":{"title":"Antena CPE UBIQUITI NS-5ACL 5Ghz - Tecplan","robots":{"index":"index","follow":"follow","max-snippet":"max-snippet:-1","max-image-preview":"max-image-preview:large","max-video-preview":"max-video-preview:-1"},"canonical":"https:\/\/tecplan.com.es\/en\/product\/antena-cpe-ubiquiti-ns-5acl-5ghz\/","og_locale":"en_US","og_type":"article","og_title":"Antena CPE UBIQUITI NS-5ACL 5Ghz - Tecplan","og_description":"Antena CPE UBIQUITI NS-5ACL NanoStation 5Ghz 13dBi 802.11ac 15Km 450Mbps    Ganancia: 13 dBi. 1  Interfaz de red: puerto Ethernet 10\/100\/1000 Mbps. 2  Especificaciones del procesador: Atheros MIPS 74Kc, 560 MHz.    &nbsp;","og_url":"https:\/\/tecplan.com.es\/en\/product\/antena-cpe-ubiquiti-ns-5acl-5ghz\/","og_site_name":"Tecplan","article_modified_time":"2026-01-02T20:45:58+00:00","og_image":[{"width":960,"height":960,"url":"https:\/\/tecplan.com.es\/wp-content\/uploads\/2025\/09\/NS-5ACL-3.webp","type":"image\/webp"}],"twitter_card":"summary_large_image","twitter_misc":{"Est. reading time":"2 minutes"},"schema":{"@context":"https:\/\/schema.org","@graph":[{"@type":"WebPage","@id":"https:\/\/tecplan.com.es\/product\/antena-cpe-ubiquiti-ns-5acl-5ghz\/","url":"https:\/\/tecplan.com.es\/product\/antena-cpe-ubiquiti-ns-5acl-5ghz\/","name":"Antena CPE UBIQUITI NS-5ACL 5Ghz - Tecplan","isPartOf":{"@id":"https:\/\/tecplan.com.es\/#website"},"primaryImageOfPage":{"@id":"https:\/\/tecplan.com.es\/product\/antena-cpe-ubiquiti-ns-5acl-5ghz\/#primaryimage"},"image":{"@id":"https:\/\/tecplan.com.es\/product\/antena-cpe-ubiquiti-ns-5acl-5ghz\/#primaryimage"},"thumbnailUrl":"https:\/\/tecplan.com.es\/wp-content\/uploads\/2025\/09\/NS-5ACL-3.webp","datePublished":"2025-09-26T03:22:26+00:00","dateModified":"2026-01-02T20:45:58+00:00","breadcrumb":{"@id":"https:\/\/tecplan.com.es\/product\/antena-cpe-ubiquiti-ns-5acl-5ghz\/#breadcrumb"},"inLanguage":"en-US","potentialAction":[{"@type":"ReadAction","target":["https:\/\/tecplan.com.es\/product\/antena-cpe-ubiquiti-ns-5acl-5ghz\/"]}]},{"@type":"ImageObject","inLanguage":"en-US","@id":"https:\/\/tecplan.com.es\/product\/antena-cpe-ubiquiti-ns-5acl-5ghz\/#primaryimage","url":"https:\/\/tecplan.com.es\/wp-content\/uploads\/2025\/09\/NS-5ACL-3.webp","contentUrl":"https:\/\/tecplan.com.es\/wp-content\/uploads\/2025\/09\/NS-5ACL-3.webp","width":960,"height":960},{"@type":"BreadcrumbList","@id":"https:\/\/tecplan.com.es\/product\/antena-cpe-ubiquiti-ns-5acl-5ghz\/#breadcrumb","itemListElement":[{"@type":"ListItem","position":1,"name":"Home","item":"https:\/\/tecplan.com.es\/"},{"@type":"ListItem","position":2,"name":"Shop","item":"https:\/\/tecplan.com.es\/shop\/"},{"@type":"ListItem","position":3,"name":"Antena CPE UBIQUITI NS-5ACL 5Ghz"}]},{"@type":"WebSite","@id":"https:\/\/tecplan.com.es\/#website","url":"https:\/\/tecplan.com.es\/","name":"Tecplan","description":"","potentialAction":[{"@type":"SearchAction","target":{"@type":"EntryPoint","urlTemplate":"https:\/\/tecplan.com.es\/?s={search_term_string}"},"query-input":{"@type":"PropertyValueSpecification","valueRequired":true,"valueName":"search_term_string"}}],"inLanguage":"en-US"}]}},"_links":{"self":[{"href":"https:\/\/tecplan.com.es\/en\/wp-json\/wp\/v2\/product\/3434","targetHints":{"allow":["GET"]}}],"collection":[{"href":"https:\/\/tecplan.com.es\/en\/wp-json\/wp\/v2\/product"}],"about":[{"href":"https:\/\/tecplan.com.es\/en\/wp-json\/wp\/v2\/types\/product"}],"replies":[{"embeddable":true,"href":"https:\/\/tecplan.com.es\/en\/wp-json\/wp\/v2\/comments?post=3434"}],"version-history":[{"count":3,"href":"https:\/\/tecplan.com.es\/en\/wp-json\/wp\/v2\/product\/3434\/revisions"}],"predecessor-version":[{"id":4883,"href":"https:\/\/tecplan.com.es\/en\/wp-json\/wp\/v2\/product\/3434\/revisions\/4883"}],"wp:featuredmedia":[{"embeddable":true,"href":"https:\/\/tecplan.com.es\/en\/wp-json\/wp\/v2\/media\/3417"}],"wp:attachment":[{"href":"https:\/\/tecplan.com.es\/en\/wp-json\/wp\/v2\/media?parent=3434"}],"wp:term":[{"taxonomy":"product_brand","embeddable":true,"href":"https:\/\/tecplan.com.es\/en\/wp-json\/wp\/v2\/product_brand?post=3434"},{"taxonomy":"product_cat","embeddable":true,"href":"https:\/\/tecplan.com.es\/en\/wp-json\/wp\/v2\/product_cat?post=3434"},{"taxonomy":"product_tag","embeddable":true,"href":"https:\/\/tecplan.com.es\/en\/wp-json\/wp\/v2\/product_tag?post=3434"}],"curies":[{"name":"wp","href":"https:\/\/api.w.org\/{rel}","templated":true}]}}