{"id":3378,"date":"2025-09-22T22:54:31","date_gmt":"2025-09-22T22:54:31","guid":{"rendered":"https:\/\/tecplan.com.es\/product\/inyector-poe-ubiquiti-poe-24-12w-g-63hz-24v-12-watts\/"},"modified":"2025-12-01T21:59:19","modified_gmt":"2025-12-01T21:59:19","slug":"inyector-poe-ubiquiti-poe-24-12w-g-63hz-24v-12-watts","status":"publish","type":"product","link":"https:\/\/tecplan.com.es\/en\/product\/inyector-poe-ubiquiti-poe-24-12w-g-63hz-24v-12-watts\/","title":{"rendered":"Inyector PoE UBIQUITI POE-24-12W-G 63Hz 24V 12 Watts"},"content":{"rendered":"<p><strong>Antena CPE UBIQUITI NanoStation Loco M5 13dBi 5GHz 150Mbps<\/strong><\/p>\n<p>El inyector PoE Ubiquiti POE-24-12W-G proporciona una salida de 24 VDC a 0.5 A, lo que equivale a una potencia de 12 W. Est\u00e1 dise\u00f1ado para funcionar con voltajes de entrada de 90 a 260 VAC y una frecuencia de entrada de 47 a 63 Hz. Este dispositivo es un inyector pasivo que no sigue los est\u00e1ndares IEEE 802.3af o 802.3at, por lo que no realiza una negociaci\u00f3n de potencia con los dispositivos conectados; en su lugar, suministra una tensi\u00f3n est\u00e1tica de 24 V y 0.5 A.<\/p>\n<p>Cuenta con dos puertos RJ-45 Ethernet, uno de los cuales es un puerto Gigabit LAN. El dispositivo incluye protecci\u00f3n contra sobretensiones, descarga electrost\u00e1tica y corrientes de pulso pico, y est\u00e1 certificado seg\u00fan IEC 60950-1+A1, UL60950-1, EN55022, EN55024 y FCC Class B.<\/p>\n<p>Sus dimensiones son de 84 x 87 x 29,2 mm y pesa 99,4 g. El rango de temperatura operativa es de 0 a 40 \u00b0C, con una humedad relativa de funcionamiento entre el 35% y el 95%.<\/p>","protected":false},"excerpt":{"rendered":"<p style=\"text-align: justify;\"><strong>Altamente confiables.<\/strong><\/p>\n<ul>\n<li style=\"text-align: justify;\">Brindan protecci\u00f3n de toma de tierra y contra sobretensiones.<\/li>\n<li style=\"text-align: justify;\">Trabajan con airGateway para unir las conexiones airMAX a Wi-Fi<\/li>\n<\/ul>\n<p><img decoding=\"async\" class=\"wp-image-3330 aligncenter\" src=\"https:\/\/tecplan.com.es\/wp-content\/uploads\/2025\/09\/Ubiquiti_Networks-300x200.png\" alt=\"\" width=\"155\" height=\"98\" \/><\/p>","protected":false},"featured_media":3370,"comment_status":"open","ping_status":"closed","template":"","meta":{"site-sidebar-layout":"default","site-content-layout":"","ast-site-content-layout":"default","site-content-style":"default","site-sidebar-style":"default","ast-global-header-display":"","ast-banner-title-visibility":"","ast-main-header-display":"","ast-hfb-above-header-display":"","ast-hfb-below-header-display":"","ast-hfb-mobile-header-display":"","site-post-title":"","ast-breadcrumbs-content":"","ast-featured-img":"","footer-sml-layout":"","ast-disable-related-posts":"","theme-transparent-header-meta":"default","adv-header-id-meta":"","stick-header-meta":"","header-above-stick-meta":"","header-main-stick-meta":"","header-below-stick-meta":"","astra-migrate-meta-layouts":"set","ast-page-background-enabled":"default","ast-page-background-meta":{"desktop":{"background-color":"var(--ast-global-color-5)","background-image":"","background-repeat":"repeat","background-position":"center center","background-size":"auto","background-attachment":"scroll","background-type":"","background-media":"","overlay-type":"","overlay-color":"","overlay-opacity":"","overlay-gradient":""},"tablet":{"background-color":"","background-image":"","background-repeat":"repeat","background-position":"center center","background-size":"auto","background-attachment":"scroll","background-type":"","background-media":"","overlay-type":"","overlay-color":"","overlay-opacity":"","overlay-gradient":""},"mobile":{"background-color":"","background-image":"","background-repeat":"repeat","background-position":"center center","background-size":"auto","background-attachment":"scroll","background-type":"","background-media":"","overlay-type":"","overlay-color":"","overlay-opacity":"","overlay-gradient":""}},"ast-content-background-meta":{"desktop":{"background-color":"var(--ast-global-color-4)","background-image":"","background-repeat":"repeat","background-position":"center center","background-size":"auto","background-attachment":"scroll","background-type":"","background-media":"","overlay-type":"","overlay-color":"","overlay-opacity":"","overlay-gradient":""},"tablet":{"background-color":"var(--ast-global-color-4)","background-image":"","background-repeat":"repeat","background-position":"center center","background-size":"auto","background-attachment":"scroll","background-type":"","background-media":"","overlay-type":"","overlay-color":"","overlay-opacity":"","overlay-gradient":""},"mobile":{"background-color":"var(--ast-global-color-4)","background-image":"","background-repeat":"repeat","background-position":"center center","background-size":"auto","background-attachment":"scroll","background-type":"","background-media":"","overlay-type":"","overlay-color":"","overlay-opacity":"","overlay-gradient":""}}},"product_brand":[247],"product_cat":[96,159,111],"product_tag":[248],"class_list":{"0":"post-3378","1":"product","2":"type-product","3":"status-publish","4":"has-post-thumbnail","6":"product_brand-ubiquiti-networks","7":"product_cat-networking","8":"product_cat-otros-ubiquiti","9":"product_cat-ubiquiti","10":"product_tag-ubiquiti-networks","11":"desktop-align-left","12":"tablet-align-left","13":"mobile-align-left","15":"first","16":"instock","17":"shipping-taxable","18":"product-type-simple"},"yoast_head":"<!-- This site is optimized with the Yoast SEO plugin v25.3 - https:\/\/yoast.com\/wordpress\/plugins\/seo\/ -->\n<title>Inyector PoE UBIQUITI POE-24-12W-G 63Hz 24V 12 Watts - Tecplan<\/title>\n<meta name=\"robots\" content=\"index, follow, max-snippet:-1, max-image-preview:large, max-video-preview:-1\" \/>\n<link rel=\"canonical\" href=\"https:\/\/tecplan.com.es\/en\/product\/inyector-poe-ubiquiti-poe-24-12w-g-63hz-24v-12-watts\/\" \/>\n<meta property=\"og:locale\" content=\"en_US\" \/>\n<meta property=\"og:type\" content=\"article\" \/>\n<meta property=\"og:title\" content=\"Inyector PoE UBIQUITI POE-24-12W-G 63Hz 24V 12 Watts - Tecplan\" \/>\n<meta property=\"og:description\" content=\"Altamente confiables.    Brindan protecci\u00f3n de toma de tierra y contra sobretensiones.  Trabajan con airGateway para unir las conexiones airMAX a Wi-Fi\" \/>\n<meta property=\"og:url\" content=\"https:\/\/tecplan.com.es\/en\/product\/inyector-poe-ubiquiti-poe-24-12w-g-63hz-24v-12-watts\/\" \/>\n<meta property=\"og:site_name\" content=\"Tecplan\" \/>\n<meta property=\"article:modified_time\" content=\"2025-12-01T21:59:19+00:00\" \/>\n<meta property=\"og:image\" content=\"https:\/\/tecplan.com.es\/wp-content\/uploads\/2025\/09\/Inyector-PoE-1.webp\" \/>\n\t<meta property=\"og:image:width\" content=\"960\" \/>\n\t<meta property=\"og:image:height\" content=\"960\" \/>\n\t<meta property=\"og:image:type\" content=\"image\/webp\" \/>\n<meta name=\"twitter:card\" content=\"summary_large_image\" \/>\n<meta name=\"twitter:label1\" content=\"Est. reading time\" \/>\n\t<meta name=\"twitter:data1\" content=\"1 minute\" \/>\n<script type=\"application\/ld+json\" class=\"yoast-schema-graph\">{\"@context\":\"https:\/\/schema.org\",\"@graph\":[{\"@type\":\"WebPage\",\"@id\":\"https:\/\/tecplan.com.es\/product\/inyector-poe-ubiquiti-poe-24-12w-g-63hz-24v-12-watts\/\",\"url\":\"https:\/\/tecplan.com.es\/product\/inyector-poe-ubiquiti-poe-24-12w-g-63hz-24v-12-watts\/\",\"name\":\"Inyector PoE UBIQUITI POE-24-12W-G 63Hz 24V 12 Watts - Tecplan\",\"isPartOf\":{\"@id\":\"https:\/\/tecplan.com.es\/#website\"},\"primaryImageOfPage\":{\"@id\":\"https:\/\/tecplan.com.es\/product\/inyector-poe-ubiquiti-poe-24-12w-g-63hz-24v-12-watts\/#primaryimage\"},\"image\":{\"@id\":\"https:\/\/tecplan.com.es\/product\/inyector-poe-ubiquiti-poe-24-12w-g-63hz-24v-12-watts\/#primaryimage\"},\"thumbnailUrl\":\"https:\/\/tecplan.com.es\/wp-content\/uploads\/2025\/09\/Inyector-PoE-1.webp\",\"datePublished\":\"2025-09-22T22:54:31+00:00\",\"dateModified\":\"2025-12-01T21:59:19+00:00\",\"breadcrumb\":{\"@id\":\"https:\/\/tecplan.com.es\/product\/inyector-poe-ubiquiti-poe-24-12w-g-63hz-24v-12-watts\/#breadcrumb\"},\"inLanguage\":\"en-US\",\"potentialAction\":[{\"@type\":\"ReadAction\",\"target\":[\"https:\/\/tecplan.com.es\/product\/inyector-poe-ubiquiti-poe-24-12w-g-63hz-24v-12-watts\/\"]}]},{\"@type\":\"ImageObject\",\"inLanguage\":\"en-US\",\"@id\":\"https:\/\/tecplan.com.es\/product\/inyector-poe-ubiquiti-poe-24-12w-g-63hz-24v-12-watts\/#primaryimage\",\"url\":\"https:\/\/tecplan.com.es\/wp-content\/uploads\/2025\/09\/Inyector-PoE-1.webp\",\"contentUrl\":\"https:\/\/tecplan.com.es\/wp-content\/uploads\/2025\/09\/Inyector-PoE-1.webp\",\"width\":960,\"height\":960},{\"@type\":\"BreadcrumbList\",\"@id\":\"https:\/\/tecplan.com.es\/product\/inyector-poe-ubiquiti-poe-24-12w-g-63hz-24v-12-watts\/#breadcrumb\",\"itemListElement\":[{\"@type\":\"ListItem\",\"position\":1,\"name\":\"Home\",\"item\":\"https:\/\/tecplan.com.es\/\"},{\"@type\":\"ListItem\",\"position\":2,\"name\":\"Shop\",\"item\":\"https:\/\/tecplan.com.es\/shop\/\"},{\"@type\":\"ListItem\",\"position\":3,\"name\":\"Inyector PoE UBIQUITI POE-24-12W-G 63Hz 24V 12 Watts\"}]},{\"@type\":\"WebSite\",\"@id\":\"https:\/\/tecplan.com.es\/#website\",\"url\":\"https:\/\/tecplan.com.es\/\",\"name\":\"Tecplan\",\"description\":\"\",\"potentialAction\":[{\"@type\":\"SearchAction\",\"target\":{\"@type\":\"EntryPoint\",\"urlTemplate\":\"https:\/\/tecplan.com.es\/?s={search_term_string}\"},\"query-input\":{\"@type\":\"PropertyValueSpecification\",\"valueRequired\":true,\"valueName\":\"search_term_string\"}}],\"inLanguage\":\"en-US\"}]}<\/script>\n<!-- \/ Yoast SEO plugin. -->","yoast_head_json":{"title":"Inyector PoE UBIQUITI POE-24-12W-G 63Hz 24V 12 Watts - Tecplan","robots":{"index":"index","follow":"follow","max-snippet":"max-snippet:-1","max-image-preview":"max-image-preview:large","max-video-preview":"max-video-preview:-1"},"canonical":"https:\/\/tecplan.com.es\/en\/product\/inyector-poe-ubiquiti-poe-24-12w-g-63hz-24v-12-watts\/","og_locale":"en_US","og_type":"article","og_title":"Inyector PoE UBIQUITI POE-24-12W-G 63Hz 24V 12 Watts - Tecplan","og_description":"Altamente confiables.    Brindan protecci\u00f3n de toma de tierra y contra sobretensiones.  Trabajan con airGateway para unir las conexiones airMAX a Wi-Fi","og_url":"https:\/\/tecplan.com.es\/en\/product\/inyector-poe-ubiquiti-poe-24-12w-g-63hz-24v-12-watts\/","og_site_name":"Tecplan","article_modified_time":"2025-12-01T21:59:19+00:00","og_image":[{"width":960,"height":960,"url":"https:\/\/tecplan.com.es\/wp-content\/uploads\/2025\/09\/Inyector-PoE-1.webp","type":"image\/webp"}],"twitter_card":"summary_large_image","twitter_misc":{"Est. reading time":"1 minute"},"schema":{"@context":"https:\/\/schema.org","@graph":[{"@type":"WebPage","@id":"https:\/\/tecplan.com.es\/product\/inyector-poe-ubiquiti-poe-24-12w-g-63hz-24v-12-watts\/","url":"https:\/\/tecplan.com.es\/product\/inyector-poe-ubiquiti-poe-24-12w-g-63hz-24v-12-watts\/","name":"Inyector PoE UBIQUITI POE-24-12W-G 63Hz 24V 12 Watts - Tecplan","isPartOf":{"@id":"https:\/\/tecplan.com.es\/#website"},"primaryImageOfPage":{"@id":"https:\/\/tecplan.com.es\/product\/inyector-poe-ubiquiti-poe-24-12w-g-63hz-24v-12-watts\/#primaryimage"},"image":{"@id":"https:\/\/tecplan.com.es\/product\/inyector-poe-ubiquiti-poe-24-12w-g-63hz-24v-12-watts\/#primaryimage"},"thumbnailUrl":"https:\/\/tecplan.com.es\/wp-content\/uploads\/2025\/09\/Inyector-PoE-1.webp","datePublished":"2025-09-22T22:54:31+00:00","dateModified":"2025-12-01T21:59:19+00:00","breadcrumb":{"@id":"https:\/\/tecplan.com.es\/product\/inyector-poe-ubiquiti-poe-24-12w-g-63hz-24v-12-watts\/#breadcrumb"},"inLanguage":"en-US","potentialAction":[{"@type":"ReadAction","target":["https:\/\/tecplan.com.es\/product\/inyector-poe-ubiquiti-poe-24-12w-g-63hz-24v-12-watts\/"]}]},{"@type":"ImageObject","inLanguage":"en-US","@id":"https:\/\/tecplan.com.es\/product\/inyector-poe-ubiquiti-poe-24-12w-g-63hz-24v-12-watts\/#primaryimage","url":"https:\/\/tecplan.com.es\/wp-content\/uploads\/2025\/09\/Inyector-PoE-1.webp","contentUrl":"https:\/\/tecplan.com.es\/wp-content\/uploads\/2025\/09\/Inyector-PoE-1.webp","width":960,"height":960},{"@type":"BreadcrumbList","@id":"https:\/\/tecplan.com.es\/product\/inyector-poe-ubiquiti-poe-24-12w-g-63hz-24v-12-watts\/#breadcrumb","itemListElement":[{"@type":"ListItem","position":1,"name":"Home","item":"https:\/\/tecplan.com.es\/"},{"@type":"ListItem","position":2,"name":"Shop","item":"https:\/\/tecplan.com.es\/shop\/"},{"@type":"ListItem","position":3,"name":"Inyector PoE UBIQUITI POE-24-12W-G 63Hz 24V 12 Watts"}]},{"@type":"WebSite","@id":"https:\/\/tecplan.com.es\/#website","url":"https:\/\/tecplan.com.es\/","name":"Tecplan","description":"","potentialAction":[{"@type":"SearchAction","target":{"@type":"EntryPoint","urlTemplate":"https:\/\/tecplan.com.es\/?s={search_term_string}"},"query-input":{"@type":"PropertyValueSpecification","valueRequired":true,"valueName":"search_term_string"}}],"inLanguage":"en-US"}]}},"_links":{"self":[{"href":"https:\/\/tecplan.com.es\/en\/wp-json\/wp\/v2\/product\/3378","targetHints":{"allow":["GET"]}}],"collection":[{"href":"https:\/\/tecplan.com.es\/en\/wp-json\/wp\/v2\/product"}],"about":[{"href":"https:\/\/tecplan.com.es\/en\/wp-json\/wp\/v2\/types\/product"}],"replies":[{"embeddable":true,"href":"https:\/\/tecplan.com.es\/en\/wp-json\/wp\/v2\/comments?post=3378"}],"version-history":[{"count":1,"href":"https:\/\/tecplan.com.es\/en\/wp-json\/wp\/v2\/product\/3378\/revisions"}],"predecessor-version":[{"id":4652,"href":"https:\/\/tecplan.com.es\/en\/wp-json\/wp\/v2\/product\/3378\/revisions\/4652"}],"wp:featuredmedia":[{"embeddable":true,"href":"https:\/\/tecplan.com.es\/en\/wp-json\/wp\/v2\/media\/3370"}],"wp:attachment":[{"href":"https:\/\/tecplan.com.es\/en\/wp-json\/wp\/v2\/media?parent=3378"}],"wp:term":[{"taxonomy":"product_brand","embeddable":true,"href":"https:\/\/tecplan.com.es\/en\/wp-json\/wp\/v2\/product_brand?post=3378"},{"taxonomy":"product_cat","embeddable":true,"href":"https:\/\/tecplan.com.es\/en\/wp-json\/wp\/v2\/product_cat?post=3378"},{"taxonomy":"product_tag","embeddable":true,"href":"https:\/\/tecplan.com.es\/en\/wp-json\/wp\/v2\/product_tag?post=3378"}],"curies":[{"name":"wp","href":"https:\/\/api.w.org\/{rel}","templated":true}]}}