{"id":3376,"date":"2025-09-22T22:54:31","date_gmt":"2025-09-22T22:54:31","guid":{"rendered":"https:\/\/tecplan.com.es\/product\/access-point-networks-unifi-uap-ac-pro-e\/"},"modified":"2025-12-01T22:30:57","modified_gmt":"2025-12-01T22:30:57","slug":"access-point-networks-unifi-uap-ac-pro-e","status":"publish","type":"product","link":"https:\/\/tecplan.com.es\/en\/product\/access-point-networks-unifi-uap-ac-pro-e\/","title":{"rendered":"Access Point Networks UniFi UAP-AC-PRO-E"},"content":{"rendered":"<p style=\"text-align: justify;\"><strong>Access Point Ubiquiti Networks UniFi UAP-AC-PRO-E de doble banda Ubiquiti Networks UAP-AC-PRO<\/strong><\/p>\n<ul style=\"text-align: justify;\">\n<li>Funciona con la aplicaci\u00f3n UniFi Network<\/li>\n<li>Administre de forma centralizada m\u00faltiples redes desde una interfaz intuitiva<\/li>\n<li>Disfrute de informaci\u00f3n de dispositivos en tiempo real y opciones de configuraci\u00f3n profundas<\/li>\n<li>Actualice el firmware del dispositivo de forma remota<\/li>\n<li>Administre usuarios de red e invitados con facilidad<\/li>\n<li>Personalice el dise\u00f1o, la arquitectura y la privacidad de los puntos de acceso para invitados<\/li>\n<li>Configure dispositivos r\u00e1pidamente y admin\u00edstrelos sobre la marcha con una potente aplicaci\u00f3n m\u00f3vil<\/li>\n<li>N\u00famero de dispositivos conectados: 125+ dispositivos Wi-Fi.<\/li>\n<li>Modo de operaci\u00f3n: Acces Point y Repetidor Uplink (repetidor inal\u00e1mbrico de UAP UniFi cableado).<\/li>\n<\/ul>\n<p style=\"text-align: justify;\"><strong>Caracter\u00edsticas principales:<\/strong><\/p>\n<ul style=\"text-align: justify;\">\n<li>Est\u00e1ndar Wi-Fi 802.11a\/b\/g\/n\/ac<\/li>\n<li>Doble banda 5GHz y 2.4 GHz<\/li>\n<li>MIMO 3X3<\/li>\n<li>Hasta 1300 Mbps en 5GHz (802.11ac)<\/li>\n<li>Hasta 450 Mbps en 2.4GHz y 5 GHz (802.11n)<\/li>\n<\/ul>\n<p style=\"text-align: justify;\"><strong>General characteristics:<\/strong><\/p>\n<ul style=\"text-align: justify;\">\n<li>1 Puerto Gigabit 10\/100\/1000 Mbps.<\/li>\n<li>1 Puerto Gigabit secundario para datos.<\/li>\n<li>1 Puerto USB para alimentacion de salida.<\/li>\n<li>Tres antenas duales de 3 dBi<\/li>\n<li>Alimentaci\u00f3n de entrada: PoE pasivo 48V 0.5A, soporta alimentaci\u00f3n 802.3af\/at<\/li>\n<li>Potencia de salida: 160 mW por banda<\/li>\n<li>Consumo m\u00e1ximo de energ\u00eda: 9 W.<\/li>\n<li>Soporta hasta 8 SSID<\/li>\n<li>Dimensiones 196.7 x 196.7 x 35 mm<\/li>\n<li>Reemplazo de Inyector PoE: UPOEAF<\/li>\n<\/ul>\n<p style=\"text-align: justify;\">Se recomienda adquirir un dispositivo UniFi OS Console para administrar dispositivos de forma centralizada y\/o desde la nube, crear hotspot, enviar alertas criticas, etc: Modelo UCK-G2-PLUS \/ UDM \/ UDM-PRO \/ Montaje de techo incluido para cada UAP. Incluye alimentador PoE.<\/p>\n<p style=\"text-align: justify;\">","protected":false},"excerpt":{"rendered":"<p style=\"text-align: justify;\">Especificaciones T\u00e9cnicas Puertos LAN 2 x RJ-45 10\/100\/1000 Mbit\/s Puertos USB 1 Velocidad de transferencia de datos 1300 Mbit\/s Frecuencia de banda 2.4 GHz y 5 Ghz Rango m\u00e1ximo interiores 122m Consumo de energ\u00eda (max) 9 W Voltaje de entrada 48V Energ\u00eda sobre Ethernet (PoE) S\u00ed Dimensiones 19.7<\/p>\n<p><img decoding=\"async\" class=\"wp-image-3330 aligncenter\" src=\"https:\/\/tecplan.com.es\/wp-content\/uploads\/2025\/09\/Ubiquiti_Networks-300x200.png\" alt=\"\" width=\"194\" height=\"101\" \/><\/p>","protected":false},"featured_media":3361,"comment_status":"open","ping_status":"closed","template":"","meta":{"site-sidebar-layout":"default","site-content-layout":"","ast-site-content-layout":"default","site-content-style":"default","site-sidebar-style":"default","ast-global-header-display":"","ast-banner-title-visibility":"","ast-main-header-display":"","ast-hfb-above-header-display":"","ast-hfb-below-header-display":"","ast-hfb-mobile-header-display":"","site-post-title":"","ast-breadcrumbs-content":"","ast-featured-img":"","footer-sml-layout":"","ast-disable-related-posts":"","theme-transparent-header-meta":"default","adv-header-id-meta":"","stick-header-meta":"","header-above-stick-meta":"","header-main-stick-meta":"","header-below-stick-meta":"","astra-migrate-meta-layouts":"set","ast-page-background-enabled":"default","ast-page-background-meta":{"desktop":{"background-color":"var(--ast-global-color-5)","background-image":"","background-repeat":"repeat","background-position":"center center","background-size":"auto","background-attachment":"scroll","background-type":"","background-media":"","overlay-type":"","overlay-color":"","overlay-opacity":"","overlay-gradient":""},"tablet":{"background-color":"","background-image":"","background-repeat":"repeat","background-position":"center center","background-size":"auto","background-attachment":"scroll","background-type":"","background-media":"","overlay-type":"","overlay-color":"","overlay-opacity":"","overlay-gradient":""},"mobile":{"background-color":"","background-image":"","background-repeat":"repeat","background-position":"center center","background-size":"auto","background-attachment":"scroll","background-type":"","background-media":"","overlay-type":"","overlay-color":"","overlay-opacity":"","overlay-gradient":""}},"ast-content-background-meta":{"desktop":{"background-color":"var(--ast-global-color-4)","background-image":"","background-repeat":"repeat","background-position":"center center","background-size":"auto","background-attachment":"scroll","background-type":"","background-media":"","overlay-type":"","overlay-color":"","overlay-opacity":"","overlay-gradient":""},"tablet":{"background-color":"var(--ast-global-color-4)","background-image":"","background-repeat":"repeat","background-position":"center center","background-size":"auto","background-attachment":"scroll","background-type":"","background-media":"","overlay-type":"","overlay-color":"","overlay-opacity":"","overlay-gradient":""},"mobile":{"background-color":"var(--ast-global-color-4)","background-image":"","background-repeat":"repeat","background-position":"center center","background-size":"auto","background-attachment":"scroll","background-type":"","background-media":"","overlay-type":"","overlay-color":"","overlay-opacity":"","overlay-gradient":""}}},"product_brand":[247],"product_cat":[114,96,111],"product_tag":[248],"class_list":{"0":"post-3376","1":"product","2":"type-product","3":"status-publish","4":"has-post-thumbnail","6":"product_brand-ubiquiti-networks","7":"product_cat-access-point","8":"product_cat-networking","9":"product_cat-ubiquiti","10":"product_tag-ubiquiti-networks","11":"desktop-align-left","12":"tablet-align-left","13":"mobile-align-left","15":"first","16":"instock","17":"shipping-taxable","18":"product-type-simple"},"yoast_head":"<!-- This site is optimized with the Yoast SEO plugin v25.3 - https:\/\/yoast.com\/wordpress\/plugins\/seo\/ -->\n<title>Access Point Networks UniFi UAP-AC-PRO-E - Tecplan<\/title>\n<meta name=\"robots\" content=\"index, follow, max-snippet:-1, max-image-preview:large, max-video-preview:-1\" \/>\n<link rel=\"canonical\" href=\"https:\/\/tecplan.com.es\/en\/product\/access-point-networks-unifi-uap-ac-pro-e\/\" \/>\n<meta property=\"og:locale\" content=\"en_US\" \/>\n<meta property=\"og:type\" content=\"article\" \/>\n<meta property=\"og:title\" content=\"Access Point Networks UniFi UAP-AC-PRO-E - Tecplan\" \/>\n<meta property=\"og:description\" content=\"Especificaciones T\u00e9cnicas Puertos LAN 2 x RJ-45 10\/100\/1000 Mbit\/s Puertos USB 1 Velocidad de transferencia de datos 1300 Mbit\/s Frecuencia de banda 2.4 GHz y 5 Ghz Rango m\u00e1ximo interiores 122m Consumo de energ\u00eda (max) 9 W Voltaje de entrada 48V Energ\u00eda sobre Ethernet (PoE) S\u00ed Dimensiones 19.7\" \/>\n<meta property=\"og:url\" content=\"https:\/\/tecplan.com.es\/en\/product\/access-point-networks-unifi-uap-ac-pro-e\/\" \/>\n<meta property=\"og:site_name\" content=\"Tecplan\" \/>\n<meta property=\"article:modified_time\" content=\"2025-12-01T22:30:57+00:00\" \/>\n<meta property=\"og:image\" content=\"https:\/\/tecplan.com.es\/wp-content\/uploads\/2025\/09\/UniFi-UAP-AC-PRO-E-1.png\" \/>\n\t<meta property=\"og:image:width\" content=\"400\" \/>\n\t<meta property=\"og:image:height\" content=\"400\" \/>\n\t<meta property=\"og:image:type\" content=\"image\/png\" \/>\n<meta name=\"twitter:card\" content=\"summary_large_image\" \/>\n<meta name=\"twitter:label1\" content=\"Est. reading time\" \/>\n\t<meta name=\"twitter:data1\" content=\"2 minutes\" \/>\n<script type=\"application\/ld+json\" class=\"yoast-schema-graph\">{\"@context\":\"https:\/\/schema.org\",\"@graph\":[{\"@type\":\"WebPage\",\"@id\":\"https:\/\/tecplan.com.es\/product\/access-point-networks-unifi-uap-ac-pro-e\/\",\"url\":\"https:\/\/tecplan.com.es\/product\/access-point-networks-unifi-uap-ac-pro-e\/\",\"name\":\"Access Point Networks UniFi UAP-AC-PRO-E - Tecplan\",\"isPartOf\":{\"@id\":\"https:\/\/tecplan.com.es\/#website\"},\"primaryImageOfPage\":{\"@id\":\"https:\/\/tecplan.com.es\/product\/access-point-networks-unifi-uap-ac-pro-e\/#primaryimage\"},\"image\":{\"@id\":\"https:\/\/tecplan.com.es\/product\/access-point-networks-unifi-uap-ac-pro-e\/#primaryimage\"},\"thumbnailUrl\":\"https:\/\/tecplan.com.es\/wp-content\/uploads\/2025\/09\/UniFi-UAP-AC-PRO-E-1.png\",\"datePublished\":\"2025-09-22T22:54:31+00:00\",\"dateModified\":\"2025-12-01T22:30:57+00:00\",\"breadcrumb\":{\"@id\":\"https:\/\/tecplan.com.es\/product\/access-point-networks-unifi-uap-ac-pro-e\/#breadcrumb\"},\"inLanguage\":\"en-US\",\"potentialAction\":[{\"@type\":\"ReadAction\",\"target\":[\"https:\/\/tecplan.com.es\/product\/access-point-networks-unifi-uap-ac-pro-e\/\"]}]},{\"@type\":\"ImageObject\",\"inLanguage\":\"en-US\",\"@id\":\"https:\/\/tecplan.com.es\/product\/access-point-networks-unifi-uap-ac-pro-e\/#primaryimage\",\"url\":\"https:\/\/tecplan.com.es\/wp-content\/uploads\/2025\/09\/UniFi-UAP-AC-PRO-E-1.png\",\"contentUrl\":\"https:\/\/tecplan.com.es\/wp-content\/uploads\/2025\/09\/UniFi-UAP-AC-PRO-E-1.png\",\"width\":400,\"height\":400},{\"@type\":\"BreadcrumbList\",\"@id\":\"https:\/\/tecplan.com.es\/product\/access-point-networks-unifi-uap-ac-pro-e\/#breadcrumb\",\"itemListElement\":[{\"@type\":\"ListItem\",\"position\":1,\"name\":\"Home\",\"item\":\"https:\/\/tecplan.com.es\/\"},{\"@type\":\"ListItem\",\"position\":2,\"name\":\"Shop\",\"item\":\"https:\/\/tecplan.com.es\/shop\/\"},{\"@type\":\"ListItem\",\"position\":3,\"name\":\"Access Point Networks UniFi UAP-AC-PRO-E\"}]},{\"@type\":\"WebSite\",\"@id\":\"https:\/\/tecplan.com.es\/#website\",\"url\":\"https:\/\/tecplan.com.es\/\",\"name\":\"Tecplan\",\"description\":\"\",\"potentialAction\":[{\"@type\":\"SearchAction\",\"target\":{\"@type\":\"EntryPoint\",\"urlTemplate\":\"https:\/\/tecplan.com.es\/?s={search_term_string}\"},\"query-input\":{\"@type\":\"PropertyValueSpecification\",\"valueRequired\":true,\"valueName\":\"search_term_string\"}}],\"inLanguage\":\"en-US\"}]}<\/script>\n<!-- \/ Yoast SEO plugin. -->","yoast_head_json":{"title":"Access Point Networks UniFi UAP-AC-PRO-E - Tecplan","robots":{"index":"index","follow":"follow","max-snippet":"max-snippet:-1","max-image-preview":"max-image-preview:large","max-video-preview":"max-video-preview:-1"},"canonical":"https:\/\/tecplan.com.es\/en\/product\/access-point-networks-unifi-uap-ac-pro-e\/","og_locale":"en_US","og_type":"article","og_title":"Access Point Networks UniFi UAP-AC-PRO-E - Tecplan","og_description":"Especificaciones T\u00e9cnicas Puertos LAN 2 x RJ-45 10\/100\/1000 Mbit\/s Puertos USB 1 Velocidad de transferencia de datos 1300 Mbit\/s Frecuencia de banda 2.4 GHz y 5 Ghz Rango m\u00e1ximo interiores 122m Consumo de energ\u00eda (max) 9 W Voltaje de entrada 48V Energ\u00eda sobre Ethernet (PoE) S\u00ed Dimensiones 19.7","og_url":"https:\/\/tecplan.com.es\/en\/product\/access-point-networks-unifi-uap-ac-pro-e\/","og_site_name":"Tecplan","article_modified_time":"2025-12-01T22:30:57+00:00","og_image":[{"width":400,"height":400,"url":"https:\/\/tecplan.com.es\/wp-content\/uploads\/2025\/09\/UniFi-UAP-AC-PRO-E-1.png","type":"image\/png"}],"twitter_card":"summary_large_image","twitter_misc":{"Est. reading time":"2 minutes"},"schema":{"@context":"https:\/\/schema.org","@graph":[{"@type":"WebPage","@id":"https:\/\/tecplan.com.es\/product\/access-point-networks-unifi-uap-ac-pro-e\/","url":"https:\/\/tecplan.com.es\/product\/access-point-networks-unifi-uap-ac-pro-e\/","name":"Access Point Networks UniFi UAP-AC-PRO-E - Tecplan","isPartOf":{"@id":"https:\/\/tecplan.com.es\/#website"},"primaryImageOfPage":{"@id":"https:\/\/tecplan.com.es\/product\/access-point-networks-unifi-uap-ac-pro-e\/#primaryimage"},"image":{"@id":"https:\/\/tecplan.com.es\/product\/access-point-networks-unifi-uap-ac-pro-e\/#primaryimage"},"thumbnailUrl":"https:\/\/tecplan.com.es\/wp-content\/uploads\/2025\/09\/UniFi-UAP-AC-PRO-E-1.png","datePublished":"2025-09-22T22:54:31+00:00","dateModified":"2025-12-01T22:30:57+00:00","breadcrumb":{"@id":"https:\/\/tecplan.com.es\/product\/access-point-networks-unifi-uap-ac-pro-e\/#breadcrumb"},"inLanguage":"en-US","potentialAction":[{"@type":"ReadAction","target":["https:\/\/tecplan.com.es\/product\/access-point-networks-unifi-uap-ac-pro-e\/"]}]},{"@type":"ImageObject","inLanguage":"en-US","@id":"https:\/\/tecplan.com.es\/product\/access-point-networks-unifi-uap-ac-pro-e\/#primaryimage","url":"https:\/\/tecplan.com.es\/wp-content\/uploads\/2025\/09\/UniFi-UAP-AC-PRO-E-1.png","contentUrl":"https:\/\/tecplan.com.es\/wp-content\/uploads\/2025\/09\/UniFi-UAP-AC-PRO-E-1.png","width":400,"height":400},{"@type":"BreadcrumbList","@id":"https:\/\/tecplan.com.es\/product\/access-point-networks-unifi-uap-ac-pro-e\/#breadcrumb","itemListElement":[{"@type":"ListItem","position":1,"name":"Home","item":"https:\/\/tecplan.com.es\/"},{"@type":"ListItem","position":2,"name":"Shop","item":"https:\/\/tecplan.com.es\/shop\/"},{"@type":"ListItem","position":3,"name":"Access Point Networks UniFi UAP-AC-PRO-E"}]},{"@type":"WebSite","@id":"https:\/\/tecplan.com.es\/#website","url":"https:\/\/tecplan.com.es\/","name":"Tecplan","description":"","potentialAction":[{"@type":"SearchAction","target":{"@type":"EntryPoint","urlTemplate":"https:\/\/tecplan.com.es\/?s={search_term_string}"},"query-input":{"@type":"PropertyValueSpecification","valueRequired":true,"valueName":"search_term_string"}}],"inLanguage":"en-US"}]}},"_links":{"self":[{"href":"https:\/\/tecplan.com.es\/en\/wp-json\/wp\/v2\/product\/3376","targetHints":{"allow":["GET"]}}],"collection":[{"href":"https:\/\/tecplan.com.es\/en\/wp-json\/wp\/v2\/product"}],"about":[{"href":"https:\/\/tecplan.com.es\/en\/wp-json\/wp\/v2\/types\/product"}],"replies":[{"embeddable":true,"href":"https:\/\/tecplan.com.es\/en\/wp-json\/wp\/v2\/comments?post=3376"}],"version-history":[{"count":3,"href":"https:\/\/tecplan.com.es\/en\/wp-json\/wp\/v2\/product\/3376\/revisions"}],"predecessor-version":[{"id":4659,"href":"https:\/\/tecplan.com.es\/en\/wp-json\/wp\/v2\/product\/3376\/revisions\/4659"}],"wp:featuredmedia":[{"embeddable":true,"href":"https:\/\/tecplan.com.es\/en\/wp-json\/wp\/v2\/media\/3361"}],"wp:attachment":[{"href":"https:\/\/tecplan.com.es\/en\/wp-json\/wp\/v2\/media?parent=3376"}],"wp:term":[{"taxonomy":"product_brand","embeddable":true,"href":"https:\/\/tecplan.com.es\/en\/wp-json\/wp\/v2\/product_brand?post=3376"},{"taxonomy":"product_cat","embeddable":true,"href":"https:\/\/tecplan.com.es\/en\/wp-json\/wp\/v2\/product_cat?post=3376"},{"taxonomy":"product_tag","embeddable":true,"href":"https:\/\/tecplan.com.es\/en\/wp-json\/wp\/v2\/product_tag?post=3376"}],"curies":[{"name":"wp","href":"https:\/\/api.w.org\/{rel}","templated":true}]}}