{"id":3327,"date":"2025-09-19T22:17:06","date_gmt":"2025-09-19T22:17:06","guid":{"rendered":"https:\/\/tecplan.com.es\/product\/antena-parabolica-networks-rd-5g30-lw\/"},"modified":"2025-09-22T20:12:01","modified_gmt":"2025-09-22T20:12:01","slug":"antena-parabolica-networks-rd-5g30-lw","status":"publish","type":"product","link":"https:\/\/tecplan.com.es\/en\/product\/antena-parabolica-networks-rd-5g30-lw\/","title":{"rendered":"Antena parab\u00f3lica Networks RD-5G30-LW"},"content":{"rendered":"<p><strong>Ubiquiti Antena Parab\u00f3lica RocketDish 30dBi RD-5G30-LW<\/strong><\/p>\n<p style=\"text-align: justify;\">La nueva antena de Ubiquiti RD-5G30-LW representa un gran avance en la relaci\u00f3n precio\/rendimiento para la tecnolog\u00eda de antenas backhaul. Es por ello que la RD-5G30-LW es una Antena Parab\u00f3lica para enlaces punto a punto MiMo 2X2 con novedosas.<\/p>\n<p style=\"text-align: justify;\"><strong> Caracter\u00edsticas<\/strong><\/p>\n<ul>\n<li>30dBi de ganancia<\/li>\n<li>Rango de trabajo: 5,1 a 5,9GHz<\/li>\n<li>Ancho del haz 3dB<\/li>\n<li>Solo 7,4Kg de peso<\/li>\n<li class=\"col-xs-4 font-compact-12 font-bold no-margin no-padding text-muted-41\">Fabricante Ubiquiti<\/li>\n<li class=\"col-xs-4 font-compact-12 font-bold no-margin no-padding text-muted-41\">Gama de productos Ubiquiti RocketDish<\/li>\n<li class=\"col-xs-4 font-compact-12 font-bold no-margin no-padding text-muted-41\">Modelo\u00a0 RD-5G30-LW<\/li>\n<li class=\"col-xs-4 font-compact-12 font-bold no-margin no-padding text-muted-41\">Categor\u00eda de accesorio<\/li>\n<li class=\"col-xs-4 font-compact-12 font-bold no-margin no-padding text-muted-41\">Tipo de producto Antena<\/li>\n<li class=\"font-bold dotted-bottom no-margin\">Dimensiones y peso Altura 65 cm X Anchura 65 cm<\/li>\n<li class=\"col-xs-4 font-compact-12 font-bold no-margin no-padding text-muted-41\">Peso 7.4 kg<\/li>\n<li class=\"col-xs-4 font-compact-12 font-bold no-margin no-padding text-muted-41\">Profundidad 38.6 cm<\/li>\n<\/ul>\n<p><!--more--><\/p>\n<h5 style=\"text-align: justify;\"><span style=\"text-decoration: underline;\"><strong>DOWNLOADS<\/strong><\/span><\/h5>\n<ul style=\"text-align: justify;\">\n<li><a href=\"https:\/\/drive.google.com\/file\/d\/15fx8htUKyFGqx076gsGjXKR4pjbJJVcQ\/view?usp=sharing\">\u2192 Technical specifications<\/a><\/li>\n<\/ul>","protected":false},"excerpt":{"rendered":"<p><strong>Antena parab\u00f3lica Ubiquiti Networks RD-5G30-LW con 30 dBi de Ubiquiti Networks RD-5G30-LW<\/strong><\/p>\n<p style=\"text-align: justify;\">Especificaciones: Especificaciones Generales Marca: Ubiquiti Networks Modelo: RD-5G30-LW Especificaciones T\u00e9cnicas Potencia de Banda: 30 dBi Frecuencia de Operaci\u00f3n: 5.1 \u2013 5.9 GHz Polarizaci\u00f3n: Dual-Linear Tipo: Antena Caracter\u00edsticas F\u00edsicas Dimensiones: 650 x 650 x386 mm Peso: 7.4 kg<\/p>\n<p><!--more--><\/p>\n<p><img decoding=\"async\" class=\"wp-image-3330 aligncenter\" src=\"https:\/\/tecplan.com.es\/wp-content\/uploads\/2025\/09\/Ubiquiti_Networks-300x200.png\" alt=\"\" width=\"155\" height=\"103\" srcset=\"https:\/\/tecplan.com.es\/wp-content\/uploads\/2025\/09\/Ubiquiti_Networks-300x200.png 300w, https:\/\/tecplan.com.es\/wp-content\/uploads\/2025\/09\/Ubiquiti_Networks-1024x683.png 1024w, https:\/\/tecplan.com.es\/wp-content\/uploads\/2025\/09\/Ubiquiti_Networks-768x512.png 768w, https:\/\/tecplan.com.es\/wp-content\/uploads\/2025\/09\/Ubiquiti_Networks-1536x1024.png 1536w, https:\/\/tecplan.com.es\/wp-content\/uploads\/2025\/09\/Ubiquiti_Networks-2048x1365.png 2048w, https:\/\/tecplan.com.es\/wp-content\/uploads\/2025\/09\/Ubiquiti_Networks-18x12.png 18w, https:\/\/tecplan.com.es\/wp-content\/uploads\/2025\/09\/Ubiquiti_Networks-600x400.png 600w\" sizes=\"(max-width: 155px) 100vw, 155px\" \/><\/p>","protected":false},"featured_media":3315,"comment_status":"open","ping_status":"closed","template":"","meta":{"site-sidebar-layout":"default","site-content-layout":"","ast-site-content-layout":"default","site-content-style":"default","site-sidebar-style":"default","ast-global-header-display":"","ast-banner-title-visibility":"","ast-main-header-display":"","ast-hfb-above-header-display":"","ast-hfb-below-header-display":"","ast-hfb-mobile-header-display":"","site-post-title":"","ast-breadcrumbs-content":"","ast-featured-img":"","footer-sml-layout":"","ast-disable-related-posts":"","theme-transparent-header-meta":"default","adv-header-id-meta":"","stick-header-meta":"","header-above-stick-meta":"","header-main-stick-meta":"","header-below-stick-meta":"","astra-migrate-meta-layouts":"set","ast-page-background-enabled":"default","ast-page-background-meta":{"desktop":{"background-color":"var(--ast-global-color-5)","background-image":"","background-repeat":"repeat","background-position":"center center","background-size":"auto","background-attachment":"scroll","background-type":"","background-media":"","overlay-type":"","overlay-color":"","overlay-opacity":"","overlay-gradient":""},"tablet":{"background-color":"","background-image":"","background-repeat":"repeat","background-position":"center center","background-size":"auto","background-attachment":"scroll","background-type":"","background-media":"","overlay-type":"","overlay-color":"","overlay-opacity":"","overlay-gradient":""},"mobile":{"background-color":"","background-image":"","background-repeat":"repeat","background-position":"center center","background-size":"auto","background-attachment":"scroll","background-type":"","background-media":"","overlay-type":"","overlay-color":"","overlay-opacity":"","overlay-gradient":""}},"ast-content-background-meta":{"desktop":{"background-color":"var(--ast-global-color-4)","background-image":"","background-repeat":"repeat","background-position":"center center","background-size":"auto","background-attachment":"scroll","background-type":"","background-media":"","overlay-type":"","overlay-color":"","overlay-opacity":"","overlay-gradient":""},"tablet":{"background-color":"var(--ast-global-color-4)","background-image":"","background-repeat":"repeat","background-position":"center center","background-size":"auto","background-attachment":"scroll","background-type":"","background-media":"","overlay-type":"","overlay-color":"","overlay-opacity":"","overlay-gradient":""},"mobile":{"background-color":"var(--ast-global-color-4)","background-image":"","background-repeat":"repeat","background-position":"center center","background-size":"auto","background-attachment":"scroll","background-type":"","background-media":"","overlay-type":"","overlay-color":"","overlay-opacity":"","overlay-gradient":""}}},"product_brand":[247],"product_cat":[112,96,111],"product_tag":[216],"class_list":{"0":"post-3327","1":"product","2":"type-product","3":"status-publish","4":"has-post-thumbnail","6":"product_brand-ubiquiti-networks","7":"product_cat-enlace-punto-multi-punto","8":"product_cat-networking","9":"product_cat-ubiquiti","10":"product_tag-ubiquiti","11":"desktop-align-left","12":"tablet-align-left","13":"mobile-align-left","15":"first","16":"instock","17":"shipping-taxable","18":"product-type-simple"},"yoast_head":"<!-- This site is optimized with the Yoast SEO plugin v25.3 - https:\/\/yoast.com\/wordpress\/plugins\/seo\/ -->\n<title>Antena parab\u00f3lica Networks RD-5G30-LW - Tecplan<\/title>\n<meta name=\"robots\" content=\"index, follow, max-snippet:-1, max-image-preview:large, max-video-preview:-1\" \/>\n<link rel=\"canonical\" href=\"https:\/\/tecplan.com.es\/en\/product\/antena-parabolica-networks-rd-5g30-lw\/\" \/>\n<meta property=\"og:locale\" content=\"en_US\" \/>\n<meta property=\"og:type\" content=\"article\" \/>\n<meta property=\"og:title\" content=\"Antena parab\u00f3lica Networks RD-5G30-LW - Tecplan\" \/>\n<meta property=\"og:description\" content=\"Antena parab\u00f3lica Ubiquiti Networks RD-5G30-LW con 30 dBi de Ubiquiti Networks RD-5G30-LW Especificaciones: Especificaciones Generales Marca: Ubiquiti Networks Modelo: RD-5G30-LW Especificaciones T\u00e9cnicas Potencia de Banda: 30 dBi Frecuencia de Operaci\u00f3n: 5.1 \u2013 5.9 GHz Polarizaci\u00f3n: Dual-Linear Tipo: Antena Caracter\u00edsticas F\u00edsicas Dimensiones: 650 x 650 x386 mm Peso: 7.4 kg\" \/>\n<meta property=\"og:url\" content=\"https:\/\/tecplan.com.es\/en\/product\/antena-parabolica-networks-rd-5g30-lw\/\" \/>\n<meta property=\"og:site_name\" content=\"Tecplan\" \/>\n<meta property=\"article:modified_time\" content=\"2025-09-22T20:12:01+00:00\" \/>\n<meta property=\"og:image\" content=\"https:\/\/tecplan.com.es\/wp-content\/uploads\/2025\/09\/Networks-RD-5G30-LW-1.webp\" \/>\n\t<meta property=\"og:image:width\" content=\"960\" \/>\n\t<meta property=\"og:image:height\" content=\"960\" \/>\n\t<meta property=\"og:image:type\" content=\"image\/webp\" \/>\n<meta name=\"twitter:card\" content=\"summary_large_image\" \/>\n<meta name=\"twitter:label1\" content=\"Est. reading time\" \/>\n\t<meta name=\"twitter:data1\" content=\"1 minute\" \/>\n<script type=\"application\/ld+json\" class=\"yoast-schema-graph\">{\"@context\":\"https:\/\/schema.org\",\"@graph\":[{\"@type\":\"WebPage\",\"@id\":\"https:\/\/tecplan.com.es\/product\/antena-parabolica-networks-rd-5g30-lw\/\",\"url\":\"https:\/\/tecplan.com.es\/product\/antena-parabolica-networks-rd-5g30-lw\/\",\"name\":\"Antena parab\u00f3lica Networks RD-5G30-LW - Tecplan\",\"isPartOf\":{\"@id\":\"https:\/\/tecplan.com.es\/#website\"},\"primaryImageOfPage\":{\"@id\":\"https:\/\/tecplan.com.es\/product\/antena-parabolica-networks-rd-5g30-lw\/#primaryimage\"},\"image\":{\"@id\":\"https:\/\/tecplan.com.es\/product\/antena-parabolica-networks-rd-5g30-lw\/#primaryimage\"},\"thumbnailUrl\":\"https:\/\/tecplan.com.es\/wp-content\/uploads\/2025\/09\/Networks-RD-5G30-LW-1.webp\",\"datePublished\":\"2025-09-19T22:17:06+00:00\",\"dateModified\":\"2025-09-22T20:12:01+00:00\",\"breadcrumb\":{\"@id\":\"https:\/\/tecplan.com.es\/product\/antena-parabolica-networks-rd-5g30-lw\/#breadcrumb\"},\"inLanguage\":\"en-US\",\"potentialAction\":[{\"@type\":\"ReadAction\",\"target\":[\"https:\/\/tecplan.com.es\/product\/antena-parabolica-networks-rd-5g30-lw\/\"]}]},{\"@type\":\"ImageObject\",\"inLanguage\":\"en-US\",\"@id\":\"https:\/\/tecplan.com.es\/product\/antena-parabolica-networks-rd-5g30-lw\/#primaryimage\",\"url\":\"https:\/\/tecplan.com.es\/wp-content\/uploads\/2025\/09\/Networks-RD-5G30-LW-1.webp\",\"contentUrl\":\"https:\/\/tecplan.com.es\/wp-content\/uploads\/2025\/09\/Networks-RD-5G30-LW-1.webp\",\"width\":960,\"height\":960},{\"@type\":\"BreadcrumbList\",\"@id\":\"https:\/\/tecplan.com.es\/product\/antena-parabolica-networks-rd-5g30-lw\/#breadcrumb\",\"itemListElement\":[{\"@type\":\"ListItem\",\"position\":1,\"name\":\"Home\",\"item\":\"https:\/\/tecplan.com.es\/\"},{\"@type\":\"ListItem\",\"position\":2,\"name\":\"Shop\",\"item\":\"https:\/\/tecplan.com.es\/shop\/\"},{\"@type\":\"ListItem\",\"position\":3,\"name\":\"Antena parab\u00f3lica Networks RD-5G30-LW\"}]},{\"@type\":\"WebSite\",\"@id\":\"https:\/\/tecplan.com.es\/#website\",\"url\":\"https:\/\/tecplan.com.es\/\",\"name\":\"Tecplan\",\"description\":\"\",\"potentialAction\":[{\"@type\":\"SearchAction\",\"target\":{\"@type\":\"EntryPoint\",\"urlTemplate\":\"https:\/\/tecplan.com.es\/?s={search_term_string}\"},\"query-input\":{\"@type\":\"PropertyValueSpecification\",\"valueRequired\":true,\"valueName\":\"search_term_string\"}}],\"inLanguage\":\"en-US\"}]}<\/script>\n<!-- \/ Yoast SEO plugin. -->","yoast_head_json":{"title":"Antena parab\u00f3lica Networks RD-5G30-LW - Tecplan","robots":{"index":"index","follow":"follow","max-snippet":"max-snippet:-1","max-image-preview":"max-image-preview:large","max-video-preview":"max-video-preview:-1"},"canonical":"https:\/\/tecplan.com.es\/en\/product\/antena-parabolica-networks-rd-5g30-lw\/","og_locale":"en_US","og_type":"article","og_title":"Antena parab\u00f3lica Networks RD-5G30-LW - Tecplan","og_description":"Antena parab\u00f3lica Ubiquiti Networks RD-5G30-LW con 30 dBi de Ubiquiti Networks RD-5G30-LW Especificaciones: Especificaciones Generales Marca: Ubiquiti Networks Modelo: RD-5G30-LW Especificaciones T\u00e9cnicas Potencia de Banda: 30 dBi Frecuencia de Operaci\u00f3n: 5.1 \u2013 5.9 GHz Polarizaci\u00f3n: Dual-Linear Tipo: Antena Caracter\u00edsticas F\u00edsicas Dimensiones: 650 x 650 x386 mm Peso: 7.4 kg","og_url":"https:\/\/tecplan.com.es\/en\/product\/antena-parabolica-networks-rd-5g30-lw\/","og_site_name":"Tecplan","article_modified_time":"2025-09-22T20:12:01+00:00","og_image":[{"width":960,"height":960,"url":"https:\/\/tecplan.com.es\/wp-content\/uploads\/2025\/09\/Networks-RD-5G30-LW-1.webp","type":"image\/webp"}],"twitter_card":"summary_large_image","twitter_misc":{"Est. reading time":"1 minute"},"schema":{"@context":"https:\/\/schema.org","@graph":[{"@type":"WebPage","@id":"https:\/\/tecplan.com.es\/product\/antena-parabolica-networks-rd-5g30-lw\/","url":"https:\/\/tecplan.com.es\/product\/antena-parabolica-networks-rd-5g30-lw\/","name":"Antena parab\u00f3lica Networks RD-5G30-LW - Tecplan","isPartOf":{"@id":"https:\/\/tecplan.com.es\/#website"},"primaryImageOfPage":{"@id":"https:\/\/tecplan.com.es\/product\/antena-parabolica-networks-rd-5g30-lw\/#primaryimage"},"image":{"@id":"https:\/\/tecplan.com.es\/product\/antena-parabolica-networks-rd-5g30-lw\/#primaryimage"},"thumbnailUrl":"https:\/\/tecplan.com.es\/wp-content\/uploads\/2025\/09\/Networks-RD-5G30-LW-1.webp","datePublished":"2025-09-19T22:17:06+00:00","dateModified":"2025-09-22T20:12:01+00:00","breadcrumb":{"@id":"https:\/\/tecplan.com.es\/product\/antena-parabolica-networks-rd-5g30-lw\/#breadcrumb"},"inLanguage":"en-US","potentialAction":[{"@type":"ReadAction","target":["https:\/\/tecplan.com.es\/product\/antena-parabolica-networks-rd-5g30-lw\/"]}]},{"@type":"ImageObject","inLanguage":"en-US","@id":"https:\/\/tecplan.com.es\/product\/antena-parabolica-networks-rd-5g30-lw\/#primaryimage","url":"https:\/\/tecplan.com.es\/wp-content\/uploads\/2025\/09\/Networks-RD-5G30-LW-1.webp","contentUrl":"https:\/\/tecplan.com.es\/wp-content\/uploads\/2025\/09\/Networks-RD-5G30-LW-1.webp","width":960,"height":960},{"@type":"BreadcrumbList","@id":"https:\/\/tecplan.com.es\/product\/antena-parabolica-networks-rd-5g30-lw\/#breadcrumb","itemListElement":[{"@type":"ListItem","position":1,"name":"Home","item":"https:\/\/tecplan.com.es\/"},{"@type":"ListItem","position":2,"name":"Shop","item":"https:\/\/tecplan.com.es\/shop\/"},{"@type":"ListItem","position":3,"name":"Antena parab\u00f3lica Networks RD-5G30-LW"}]},{"@type":"WebSite","@id":"https:\/\/tecplan.com.es\/#website","url":"https:\/\/tecplan.com.es\/","name":"Tecplan","description":"","potentialAction":[{"@type":"SearchAction","target":{"@type":"EntryPoint","urlTemplate":"https:\/\/tecplan.com.es\/?s={search_term_string}"},"query-input":{"@type":"PropertyValueSpecification","valueRequired":true,"valueName":"search_term_string"}}],"inLanguage":"en-US"}]}},"_links":{"self":[{"href":"https:\/\/tecplan.com.es\/en\/wp-json\/wp\/v2\/product\/3327","targetHints":{"allow":["GET"]}}],"collection":[{"href":"https:\/\/tecplan.com.es\/en\/wp-json\/wp\/v2\/product"}],"about":[{"href":"https:\/\/tecplan.com.es\/en\/wp-json\/wp\/v2\/types\/product"}],"replies":[{"embeddable":true,"href":"https:\/\/tecplan.com.es\/en\/wp-json\/wp\/v2\/comments?post=3327"}],"version-history":[{"count":2,"href":"https:\/\/tecplan.com.es\/en\/wp-json\/wp\/v2\/product\/3327\/revisions"}],"predecessor-version":[{"id":3350,"href":"https:\/\/tecplan.com.es\/en\/wp-json\/wp\/v2\/product\/3327\/revisions\/3350"}],"wp:featuredmedia":[{"embeddable":true,"href":"https:\/\/tecplan.com.es\/en\/wp-json\/wp\/v2\/media\/3315"}],"wp:attachment":[{"href":"https:\/\/tecplan.com.es\/en\/wp-json\/wp\/v2\/media?parent=3327"}],"wp:term":[{"taxonomy":"product_brand","embeddable":true,"href":"https:\/\/tecplan.com.es\/en\/wp-json\/wp\/v2\/product_brand?post=3327"},{"taxonomy":"product_cat","embeddable":true,"href":"https:\/\/tecplan.com.es\/en\/wp-json\/wp\/v2\/product_cat?post=3327"},{"taxonomy":"product_tag","embeddable":true,"href":"https:\/\/tecplan.com.es\/en\/wp-json\/wp\/v2\/product_tag?post=3327"}],"curies":[{"name":"wp","href":"https:\/\/api.w.org\/{rel}","templated":true}]}}