{"id":3326,"date":"2025-09-19T22:17:06","date_gmt":"2025-09-19T22:17:06","guid":{"rendered":"https:\/\/tecplan.com.es\/product\/access-point-ubiquiti-networks-is-5ac\/"},"modified":"2025-09-22T20:21:27","modified_gmt":"2025-09-22T20:21:27","slug":"access-point-ubiquiti-networks-is-5ac","status":"publish","type":"product","link":"https:\/\/tecplan.com.es\/en\/product\/access-point-ubiquiti-networks-is-5ac\/","title":{"rendered":"Access point Ubiquiti Networks IS-5AC"},"content":{"rendered":"<p style=\"text-align: justify;\">Ubiquiti Networks IsoStation AC (IS-5AC) es un punto de acceso inal\u00e1mbrico de 5 GHz dise\u00f1ado para implementaciones punto a multipunto (PtMP), que ofrece una ganancia de 14 dBi con un ancho de haz de 45\u00b0 utilizando su antena de bocina predeterminada. Admite el est\u00e1ndar 802.11ac y proporciona velocidades de datos inal\u00e1mbricas de hasta 450 Mbps.<\/p>\n<p style=\"text-align: justify;\">El dispositivo cuenta con un \u00fanico puerto Gigabit Ethernet (GbE) RJ45 para redes, y se alimenta a trav\u00e9s de PoE pasivo utilizando adaptadores PoE gigabit de 24 V y 0,5 A, que est\u00e1n incluidos. El consumo m\u00e1ximo de energ\u00eda es de 8,5 W.<\/p>\n<p style=\"text-align: justify;\">El aire acondicionado de IsoStation es Dise\u00f1ado para uso en exteriores con un rango de temperatura de funcionamiento de -40 a 70\u00b0C (-40 a 158\u00b0F) y puede funcionar en niveles de humedad del 5 al 95 % sin condensaci\u00f3n. Tiene un \u00edndice de supervivencia al viento de 200 km\/h (125 mph) y una carga de viento de 36 N a 200 km\/h (8,09 lbf a 125 mph), lo que lo hace adecuado para entornos hostiles. Incluye un kit de montaje en poste para una f\u00e1cil instalaci\u00f3n. El dispositivo cumple con la NDAA y est\u00e1 certificado seg\u00fan los est\u00e1ndares FCC, IC y CE.<!--more--><\/p>\n<h5 style=\"text-align: justify;\"><span style=\"text-decoration: underline;\"><strong>DOWNLOADS<\/strong><\/span><\/h5>\n<ul style=\"text-align: justify;\">\n<li><a href=\"https:\/\/drive.google.com\/file\/d\/1D9ap9QDf8pY4wCSraGutqfJtwtzugwWM\/view?usp=sharing\">\u2192 Technical specifications<\/a><\/li>\n<\/ul>\n<p>&nbsp;<\/p>","protected":false},"excerpt":{"rendered":"<p><strong>Access point Ubiquiti Networks IsoStation AC 14 dBi de ganancia Ubiquiti Networks IS-5AC<\/strong><\/p>\n<p style=\"text-align: justify;\">Especificaciones T\u00e9cnicas Protocolos Ethernet , Fast Ethernet , Gigabit Ethernet , AirMax ac Velocidades de datos inal\u00e1mbrica 450 Mbps Banda de frecuencia 5 GHz Ganancia 14 dBi Adaptador de corriente PoE Factor de forma Externo Dimensiones 131 mm x 65 mm x 131 mm Peso 408.2 g<\/p>\n<p><!--more--><img decoding=\"async\" class=\"wp-image-3330 aligncenter\" src=\"https:\/\/tecplan.com.es\/wp-content\/uploads\/2025\/09\/Ubiquiti_Networks-300x200.png\" alt=\"\" width=\"179\" height=\"119\" srcset=\"https:\/\/tecplan.com.es\/wp-content\/uploads\/2025\/09\/Ubiquiti_Networks-300x200.png 300w, https:\/\/tecplan.com.es\/wp-content\/uploads\/2025\/09\/Ubiquiti_Networks-1024x683.png 1024w, https:\/\/tecplan.com.es\/wp-content\/uploads\/2025\/09\/Ubiquiti_Networks-768x512.png 768w, https:\/\/tecplan.com.es\/wp-content\/uploads\/2025\/09\/Ubiquiti_Networks-1536x1024.png 1536w, https:\/\/tecplan.com.es\/wp-content\/uploads\/2025\/09\/Ubiquiti_Networks-2048x1365.png 2048w, https:\/\/tecplan.com.es\/wp-content\/uploads\/2025\/09\/Ubiquiti_Networks-18x12.png 18w, https:\/\/tecplan.com.es\/wp-content\/uploads\/2025\/09\/Ubiquiti_Networks-600x400.png 600w\" sizes=\"(max-width: 179px) 100vw, 179px\" \/><\/p>","protected":false},"featured_media":3312,"comment_status":"open","ping_status":"closed","template":"","meta":{"site-sidebar-layout":"default","site-content-layout":"","ast-site-content-layout":"default","site-content-style":"default","site-sidebar-style":"default","ast-global-header-display":"","ast-banner-title-visibility":"","ast-main-header-display":"","ast-hfb-above-header-display":"","ast-hfb-below-header-display":"","ast-hfb-mobile-header-display":"","site-post-title":"","ast-breadcrumbs-content":"","ast-featured-img":"","footer-sml-layout":"","ast-disable-related-posts":"","theme-transparent-header-meta":"default","adv-header-id-meta":"","stick-header-meta":"","header-above-stick-meta":"","header-main-stick-meta":"","header-below-stick-meta":"","astra-migrate-meta-layouts":"set","ast-page-background-enabled":"default","ast-page-background-meta":{"desktop":{"background-color":"var(--ast-global-color-5)","background-image":"","background-repeat":"repeat","background-position":"center center","background-size":"auto","background-attachment":"scroll","background-type":"","background-media":"","overlay-type":"","overlay-color":"","overlay-opacity":"","overlay-gradient":""},"tablet":{"background-color":"","background-image":"","background-repeat":"repeat","background-position":"center center","background-size":"auto","background-attachment":"scroll","background-type":"","background-media":"","overlay-type":"","overlay-color":"","overlay-opacity":"","overlay-gradient":""},"mobile":{"background-color":"","background-image":"","background-repeat":"repeat","background-position":"center center","background-size":"auto","background-attachment":"scroll","background-type":"","background-media":"","overlay-type":"","overlay-color":"","overlay-opacity":"","overlay-gradient":""}},"ast-content-background-meta":{"desktop":{"background-color":"var(--ast-global-color-4)","background-image":"","background-repeat":"repeat","background-position":"center center","background-size":"auto","background-attachment":"scroll","background-type":"","background-media":"","overlay-type":"","overlay-color":"","overlay-opacity":"","overlay-gradient":""},"tablet":{"background-color":"var(--ast-global-color-4)","background-image":"","background-repeat":"repeat","background-position":"center center","background-size":"auto","background-attachment":"scroll","background-type":"","background-media":"","overlay-type":"","overlay-color":"","overlay-opacity":"","overlay-gradient":""},"mobile":{"background-color":"var(--ast-global-color-4)","background-image":"","background-repeat":"repeat","background-position":"center center","background-size":"auto","background-attachment":"scroll","background-type":"","background-media":"","overlay-type":"","overlay-color":"","overlay-opacity":"","overlay-gradient":""}}},"product_brand":[247],"product_cat":[114,96,111],"product_tag":[216],"class_list":{"0":"post-3326","1":"product","2":"type-product","3":"status-publish","4":"has-post-thumbnail","6":"product_brand-ubiquiti-networks","7":"product_cat-access-point","8":"product_cat-networking","9":"product_cat-ubiquiti","10":"product_tag-ubiquiti","11":"desktop-align-left","12":"tablet-align-left","13":"mobile-align-left","15":"first","16":"instock","17":"shipping-taxable","18":"product-type-simple"},"yoast_head":"<!-- This site is optimized with the Yoast SEO plugin v25.3 - https:\/\/yoast.com\/wordpress\/plugins\/seo\/ -->\n<title>Access point Ubiquiti Networks IS-5AC - Tecplan<\/title>\n<meta name=\"robots\" content=\"index, follow, max-snippet:-1, max-image-preview:large, max-video-preview:-1\" \/>\n<link rel=\"canonical\" href=\"https:\/\/tecplan.com.es\/en\/product\/access-point-ubiquiti-networks-is-5ac\/\" \/>\n<meta property=\"og:locale\" content=\"en_US\" \/>\n<meta property=\"og:type\" content=\"article\" \/>\n<meta property=\"og:title\" content=\"Access point Ubiquiti Networks IS-5AC - Tecplan\" \/>\n<meta property=\"og:description\" content=\"Access point Ubiquiti Networks IsoStation AC 14 dBi de ganancia Ubiquiti Networks IS-5AC Especificaciones T\u00e9cnicas Protocolos Ethernet , Fast Ethernet , Gigabit Ethernet , AirMax ac Velocidades de datos inal\u00e1mbrica 450 Mbps Banda de frecuencia 5 GHz Ganancia 14 dBi Adaptador de corriente PoE Factor de forma Externo Dimensiones 131 mm x 65 mm x 131 mm Peso 408.2 g\" \/>\n<meta property=\"og:url\" content=\"https:\/\/tecplan.com.es\/en\/product\/access-point-ubiquiti-networks-is-5ac\/\" \/>\n<meta property=\"og:site_name\" content=\"Tecplan\" \/>\n<meta property=\"article:modified_time\" content=\"2025-09-22T20:21:27+00:00\" \/>\n<meta property=\"og:image\" content=\"https:\/\/tecplan.com.es\/wp-content\/uploads\/2025\/09\/Networks-IS-5AC-2.webp\" \/>\n\t<meta property=\"og:image:width\" content=\"960\" \/>\n\t<meta property=\"og:image:height\" content=\"960\" \/>\n\t<meta property=\"og:image:type\" content=\"image\/webp\" \/>\n<meta name=\"twitter:card\" content=\"summary_large_image\" \/>\n<meta name=\"twitter:label1\" content=\"Est. reading time\" \/>\n\t<meta name=\"twitter:data1\" content=\"2 minutes\" \/>\n<script type=\"application\/ld+json\" class=\"yoast-schema-graph\">{\"@context\":\"https:\/\/schema.org\",\"@graph\":[{\"@type\":\"WebPage\",\"@id\":\"https:\/\/tecplan.com.es\/product\/access-point-ubiquiti-networks-is-5ac\/\",\"url\":\"https:\/\/tecplan.com.es\/product\/access-point-ubiquiti-networks-is-5ac\/\",\"name\":\"Access point Ubiquiti Networks IS-5AC - Tecplan\",\"isPartOf\":{\"@id\":\"https:\/\/tecplan.com.es\/#website\"},\"primaryImageOfPage\":{\"@id\":\"https:\/\/tecplan.com.es\/product\/access-point-ubiquiti-networks-is-5ac\/#primaryimage\"},\"image\":{\"@id\":\"https:\/\/tecplan.com.es\/product\/access-point-ubiquiti-networks-is-5ac\/#primaryimage\"},\"thumbnailUrl\":\"https:\/\/tecplan.com.es\/wp-content\/uploads\/2025\/09\/Networks-IS-5AC-2.webp\",\"datePublished\":\"2025-09-19T22:17:06+00:00\",\"dateModified\":\"2025-09-22T20:21:27+00:00\",\"breadcrumb\":{\"@id\":\"https:\/\/tecplan.com.es\/product\/access-point-ubiquiti-networks-is-5ac\/#breadcrumb\"},\"inLanguage\":\"en-US\",\"potentialAction\":[{\"@type\":\"ReadAction\",\"target\":[\"https:\/\/tecplan.com.es\/product\/access-point-ubiquiti-networks-is-5ac\/\"]}]},{\"@type\":\"ImageObject\",\"inLanguage\":\"en-US\",\"@id\":\"https:\/\/tecplan.com.es\/product\/access-point-ubiquiti-networks-is-5ac\/#primaryimage\",\"url\":\"https:\/\/tecplan.com.es\/wp-content\/uploads\/2025\/09\/Networks-IS-5AC-2.webp\",\"contentUrl\":\"https:\/\/tecplan.com.es\/wp-content\/uploads\/2025\/09\/Networks-IS-5AC-2.webp\",\"width\":960,\"height\":960},{\"@type\":\"BreadcrumbList\",\"@id\":\"https:\/\/tecplan.com.es\/product\/access-point-ubiquiti-networks-is-5ac\/#breadcrumb\",\"itemListElement\":[{\"@type\":\"ListItem\",\"position\":1,\"name\":\"Home\",\"item\":\"https:\/\/tecplan.com.es\/\"},{\"@type\":\"ListItem\",\"position\":2,\"name\":\"Shop\",\"item\":\"https:\/\/tecplan.com.es\/shop\/\"},{\"@type\":\"ListItem\",\"position\":3,\"name\":\"Access point Ubiquiti Networks IS-5AC\"}]},{\"@type\":\"WebSite\",\"@id\":\"https:\/\/tecplan.com.es\/#website\",\"url\":\"https:\/\/tecplan.com.es\/\",\"name\":\"Tecplan\",\"description\":\"\",\"potentialAction\":[{\"@type\":\"SearchAction\",\"target\":{\"@type\":\"EntryPoint\",\"urlTemplate\":\"https:\/\/tecplan.com.es\/?s={search_term_string}\"},\"query-input\":{\"@type\":\"PropertyValueSpecification\",\"valueRequired\":true,\"valueName\":\"search_term_string\"}}],\"inLanguage\":\"en-US\"}]}<\/script>\n<!-- \/ Yoast SEO plugin. -->","yoast_head_json":{"title":"Access point Ubiquiti Networks IS-5AC - Tecplan","robots":{"index":"index","follow":"follow","max-snippet":"max-snippet:-1","max-image-preview":"max-image-preview:large","max-video-preview":"max-video-preview:-1"},"canonical":"https:\/\/tecplan.com.es\/en\/product\/access-point-ubiquiti-networks-is-5ac\/","og_locale":"en_US","og_type":"article","og_title":"Access point Ubiquiti Networks IS-5AC - Tecplan","og_description":"Access point Ubiquiti Networks IsoStation AC 14 dBi de ganancia Ubiquiti Networks IS-5AC Especificaciones T\u00e9cnicas Protocolos Ethernet , Fast Ethernet , Gigabit Ethernet , AirMax ac Velocidades de datos inal\u00e1mbrica 450 Mbps Banda de frecuencia 5 GHz Ganancia 14 dBi Adaptador de corriente PoE Factor de forma Externo Dimensiones 131 mm x 65 mm x 131 mm Peso 408.2 g","og_url":"https:\/\/tecplan.com.es\/en\/product\/access-point-ubiquiti-networks-is-5ac\/","og_site_name":"Tecplan","article_modified_time":"2025-09-22T20:21:27+00:00","og_image":[{"width":960,"height":960,"url":"https:\/\/tecplan.com.es\/wp-content\/uploads\/2025\/09\/Networks-IS-5AC-2.webp","type":"image\/webp"}],"twitter_card":"summary_large_image","twitter_misc":{"Est. reading time":"2 minutes"},"schema":{"@context":"https:\/\/schema.org","@graph":[{"@type":"WebPage","@id":"https:\/\/tecplan.com.es\/product\/access-point-ubiquiti-networks-is-5ac\/","url":"https:\/\/tecplan.com.es\/product\/access-point-ubiquiti-networks-is-5ac\/","name":"Access point Ubiquiti Networks IS-5AC - Tecplan","isPartOf":{"@id":"https:\/\/tecplan.com.es\/#website"},"primaryImageOfPage":{"@id":"https:\/\/tecplan.com.es\/product\/access-point-ubiquiti-networks-is-5ac\/#primaryimage"},"image":{"@id":"https:\/\/tecplan.com.es\/product\/access-point-ubiquiti-networks-is-5ac\/#primaryimage"},"thumbnailUrl":"https:\/\/tecplan.com.es\/wp-content\/uploads\/2025\/09\/Networks-IS-5AC-2.webp","datePublished":"2025-09-19T22:17:06+00:00","dateModified":"2025-09-22T20:21:27+00:00","breadcrumb":{"@id":"https:\/\/tecplan.com.es\/product\/access-point-ubiquiti-networks-is-5ac\/#breadcrumb"},"inLanguage":"en-US","potentialAction":[{"@type":"ReadAction","target":["https:\/\/tecplan.com.es\/product\/access-point-ubiquiti-networks-is-5ac\/"]}]},{"@type":"ImageObject","inLanguage":"en-US","@id":"https:\/\/tecplan.com.es\/product\/access-point-ubiquiti-networks-is-5ac\/#primaryimage","url":"https:\/\/tecplan.com.es\/wp-content\/uploads\/2025\/09\/Networks-IS-5AC-2.webp","contentUrl":"https:\/\/tecplan.com.es\/wp-content\/uploads\/2025\/09\/Networks-IS-5AC-2.webp","width":960,"height":960},{"@type":"BreadcrumbList","@id":"https:\/\/tecplan.com.es\/product\/access-point-ubiquiti-networks-is-5ac\/#breadcrumb","itemListElement":[{"@type":"ListItem","position":1,"name":"Home","item":"https:\/\/tecplan.com.es\/"},{"@type":"ListItem","position":2,"name":"Shop","item":"https:\/\/tecplan.com.es\/shop\/"},{"@type":"ListItem","position":3,"name":"Access point Ubiquiti Networks IS-5AC"}]},{"@type":"WebSite","@id":"https:\/\/tecplan.com.es\/#website","url":"https:\/\/tecplan.com.es\/","name":"Tecplan","description":"","potentialAction":[{"@type":"SearchAction","target":{"@type":"EntryPoint","urlTemplate":"https:\/\/tecplan.com.es\/?s={search_term_string}"},"query-input":{"@type":"PropertyValueSpecification","valueRequired":true,"valueName":"search_term_string"}}],"inLanguage":"en-US"}]}},"_links":{"self":[{"href":"https:\/\/tecplan.com.es\/en\/wp-json\/wp\/v2\/product\/3326","targetHints":{"allow":["GET"]}}],"collection":[{"href":"https:\/\/tecplan.com.es\/en\/wp-json\/wp\/v2\/product"}],"about":[{"href":"https:\/\/tecplan.com.es\/en\/wp-json\/wp\/v2\/types\/product"}],"replies":[{"embeddable":true,"href":"https:\/\/tecplan.com.es\/en\/wp-json\/wp\/v2\/comments?post=3326"}],"version-history":[{"count":3,"href":"https:\/\/tecplan.com.es\/en\/wp-json\/wp\/v2\/product\/3326\/revisions"}],"predecessor-version":[{"id":3353,"href":"https:\/\/tecplan.com.es\/en\/wp-json\/wp\/v2\/product\/3326\/revisions\/3353"}],"wp:featuredmedia":[{"embeddable":true,"href":"https:\/\/tecplan.com.es\/en\/wp-json\/wp\/v2\/media\/3312"}],"wp:attachment":[{"href":"https:\/\/tecplan.com.es\/en\/wp-json\/wp\/v2\/media?parent=3326"}],"wp:term":[{"taxonomy":"product_brand","embeddable":true,"href":"https:\/\/tecplan.com.es\/en\/wp-json\/wp\/v2\/product_brand?post=3326"},{"taxonomy":"product_cat","embeddable":true,"href":"https:\/\/tecplan.com.es\/en\/wp-json\/wp\/v2\/product_cat?post=3326"},{"taxonomy":"product_tag","embeddable":true,"href":"https:\/\/tecplan.com.es\/en\/wp-json\/wp\/v2\/product_tag?post=3326"}],"curies":[{"name":"wp","href":"https:\/\/api.w.org\/{rel}","templated":true}]}}